{"id":8697,"date":"2020-05-17T07:54:26","date_gmt":"2020-05-17T07:54:26","guid":{"rendered":"https:\/\/penosil.com\/lt\/?post_type=product&#038;p=8697"},"modified":"2026-01-28T11:09:24","modified_gmt":"2026-01-28T11:09:24","slug":"expanding-tape-600-pa-besiplecianti-sandarinimo-juosta","status":"publish","type":"product","link":"https:\/\/penosil.com\/lt\/produktai\/expanding-tape-600-pa-besiplecianti-sandarinimo-juosta\/","title":{"rendered":"Expanding Tape 600 Pa"},"content":{"rendered":"<p>I\u0161 anksto suspausta, savaime besiple\u010dianti, elastinga poliuretanin\u0117 sandarinimo juosta, skirta \u012fvairi\u0173 jung\u010di\u0173 ir kompensacini\u0173 si\u016bli\u0173 sandarinimui. Juosta turi BG1 klasifikacij\u0105. Juosta yra sandari ir atspari sud\u0117tingoms oro s\u0105lygoms: apsaugo jungt\u012f nuo dulki\u0173, v\u0117jo ir lietaus, veikiant iki 600 Pa sl\u0117giui. Be to, ji yra nuolat elastinga ir impregnuota ugniai atsparia akrilo dispersija.<\/p>\n","protected":false},"excerpt":{"rendered":"savaime besiple\u010dianti sandarinimo juosta","protected":false},"author":5,"featured_media":15783,"template":"","meta":{"_acf_changed":false,"advgb_blocks_editor_width":"","advgb_blocks_columns_visual_guide":"","footnotes":""},"product_brand":[],"product_cat":[210,836,2369,1368,1695],"product_tag":[],"class_list":{"0":"post-8697","1":"product","2":"type-product","3":"status-publish","4":"has-post-thumbnail","6":"product_cat-naudojimo-sritys","7":"product_cat-bendroji-statyba","8":"product_cat-besipleciancios-juostos","9":"product_cat-produktu-grupes","10":"product_cat-juostos-ir-membranos","12":"first","13":"instock","14":"taxable","15":"shipping-taxable","16":"purchasable","17":"product-type-variable"},"acf":[],"yoast_head":"<!-- This site is optimized with the Yoast SEO plugin v27.2 - https:\/\/yoast.com\/product\/yoast-seo-wordpress\/ -->\n<title>PENOSIL Expanding Tape 600 Pa savaime besiple\u010dianti sandarinimo juosta<\/title>\n<meta name=\"description\" content=\"Savaime besiple\u010dianti, elastinga sandarinimo juosta, skirta i\u0161orini\u0173 fasad\u0173 jung\u010di\u0173 ir lang\u0173 r\u0117m\u0173 jung\u010di\u0173 apsaugai nuo v\u0117jo, lietaus ir dulki\u0173. Daugiau!\" \/>\n<meta name=\"robots\" content=\"index, follow, max-snippet:-1, max-image-preview:large, max-video-preview:-1\" \/>\n<link rel=\"canonical\" href=\"https:\/\/penosil.com\/lt\/produktai\/expanding-tape-600-pa-besiplecianti-sandarinimo-juosta\/\" \/>\n<meta property=\"og:locale\" content=\"lt_LT\" \/>\n<meta property=\"og:type\" content=\"article\" \/>\n<meta property=\"og:title\" content=\"PENOSIL Expanding Tape 600 Pa savaime besiple\u010dianti sandarinimo juosta\" \/>\n<meta property=\"og:description\" content=\"Savaime besiple\u010dianti, elastinga sandarinimo juosta, skirta i\u0161orini\u0173 fasad\u0173 jung\u010di\u0173 ir lang\u0173 r\u0117m\u0173 jung\u010di\u0173 apsaugai nuo v\u0117jo, lietaus ir dulki\u0173. Daugiau!\" \/>\n<meta property=\"og:url\" content=\"https:\/\/penosil.com\/lt\/produktai\/expanding-tape-600-pa-besiplecianti-sandarinimo-juosta\/\" \/>\n<meta property=\"og:site_name\" content=\"Penosil Lithuania\" \/>\n<meta property=\"article:modified_time\" content=\"2026-01-28T11:09:24+00:00\" \/>\n<meta property=\"og:image\" content=\"https:\/\/penosil.com\/lt\/wp-content\/uploads\/sites\/13\/2025\/08\/6004_Expanding-Tape-600Pa_EE_LV_LT_RU.png\" \/>\n\t<meta property=\"og:image:width\" content=\"824\" \/>\n\t<meta property=\"og:image:height\" content=\"1080\" \/>\n\t<meta property=\"og:image:type\" content=\"image\/png\" \/>\n<meta name=\"twitter:card\" content=\"summary_large_image\" \/>\n<script type=\"application\/ld+json\" class=\"yoast-schema-graph\">{\"@context\":\"https:\/\/schema.org\",\"@graph\":[{\"@type\":\"WebPage\",\"@id\":\"https:\/\/penosil.com\/lt\/produktai\/expanding-tape-600-pa-besiplecianti-sandarinimo-juosta\/\",\"url\":\"https:\/\/penosil.com\/lt\/produktai\/expanding-tape-600-pa-besiplecianti-sandarinimo-juosta\/\",\"name\":\"PENOSIL Expanding Tape 600 Pa savaime besiple\u010dianti sandarinimo juosta\",\"isPartOf\":{\"@id\":\"https:\/\/penosil.com\/lt\/#website\"},\"primaryImageOfPage\":{\"@id\":\"https:\/\/penosil.com\/lt\/produktai\/expanding-tape-600-pa-besiplecianti-sandarinimo-juosta\/#primaryimage\"},\"image\":{\"@id\":\"https:\/\/penosil.com\/lt\/produktai\/expanding-tape-600-pa-besiplecianti-sandarinimo-juosta\/#primaryimage\"},\"thumbnailUrl\":\"https:\/\/penosil.com\/lt\/wp-content\/uploads\/sites\/13\/2025\/08\/6004_Expanding-Tape-600Pa_EE_LV_LT_RU.png\",\"datePublished\":\"2020-05-17T07:54:26+00:00\",\"dateModified\":\"2026-01-28T11:09:24+00:00\",\"description\":\"Savaime besiple\u010dianti, elastinga sandarinimo juosta, skirta i\u0161orini\u0173 fasad\u0173 jung\u010di\u0173 ir lang\u0173 r\u0117m\u0173 jung\u010di\u0173 apsaugai nuo v\u0117jo, lietaus ir dulki\u0173. Daugiau!\",\"breadcrumb\":{\"@id\":\"https:\/\/penosil.com\/lt\/produktai\/expanding-tape-600-pa-besiplecianti-sandarinimo-juosta\/#breadcrumb\"},\"inLanguage\":\"lt-LT\",\"potentialAction\":[{\"@type\":\"ReadAction\",\"target\":[\"https:\/\/penosil.com\/lt\/produktai\/expanding-tape-600-pa-besiplecianti-sandarinimo-juosta\/\"]}]},{\"@type\":\"ImageObject\",\"inLanguage\":\"lt-LT\",\"@id\":\"https:\/\/penosil.com\/lt\/produktai\/expanding-tape-600-pa-besiplecianti-sandarinimo-juosta\/#primaryimage\",\"url\":\"https:\/\/penosil.com\/lt\/wp-content\/uploads\/sites\/13\/2025\/08\/6004_Expanding-Tape-600Pa_EE_LV_LT_RU.png\",\"contentUrl\":\"https:\/\/penosil.com\/lt\/wp-content\/uploads\/sites\/13\/2025\/08\/6004_Expanding-Tape-600Pa_EE_LV_LT_RU.png\",\"width\":824,\"height\":1080,\"caption\":\"PENOSIL Expanding Tape 600 Pa savaime besiple\u010dianti sandarinimo juosta\"},{\"@type\":\"BreadcrumbList\",\"@id\":\"https:\/\/penosil.com\/lt\/produktai\/expanding-tape-600-pa-besiplecianti-sandarinimo-juosta\/#breadcrumb\",\"itemListElement\":[{\"@type\":\"ListItem\",\"position\":1,\"name\":\"Home\",\"item\":\"https:\/\/penosil.com\/lt\/\"},{\"@type\":\"ListItem\",\"position\":2,\"name\":\"Produktai\",\"item\":\"https:\/\/penosil.com\/lt\/produktai\/\"},{\"@type\":\"ListItem\",\"position\":3,\"name\":\"Expanding Tape 600 Pa\"}]},{\"@type\":\"WebSite\",\"@id\":\"https:\/\/penosil.com\/lt\/#website\",\"url\":\"https:\/\/penosil.com\/lt\/\",\"name\":\"Penosil Lithuania\",\"description\":\"\",\"potentialAction\":[{\"@type\":\"SearchAction\",\"target\":{\"@type\":\"EntryPoint\",\"urlTemplate\":\"https:\/\/penosil.com\/lt\/?s={search_term_string}\"},\"query-input\":{\"@type\":\"PropertyValueSpecification\",\"valueRequired\":true,\"valueName\":\"search_term_string\"}}],\"inLanguage\":\"lt-LT\"}]}<\/script>\n<!-- \/ Yoast SEO plugin. -->","yoast_head_json":{"title":"PENOSIL Expanding Tape 600 Pa savaime besiple\u010dianti sandarinimo juosta","description":"Savaime besiple\u010dianti, elastinga sandarinimo juosta, skirta i\u0161orini\u0173 fasad\u0173 jung\u010di\u0173 ir lang\u0173 r\u0117m\u0173 jung\u010di\u0173 apsaugai nuo v\u0117jo, lietaus ir dulki\u0173. Daugiau!","robots":{"index":"index","follow":"follow","max-snippet":"max-snippet:-1","max-image-preview":"max-image-preview:large","max-video-preview":"max-video-preview:-1"},"canonical":"https:\/\/penosil.com\/lt\/produktai\/expanding-tape-600-pa-besiplecianti-sandarinimo-juosta\/","og_locale":"lt_LT","og_type":"article","og_title":"PENOSIL Expanding Tape 600 Pa savaime besiple\u010dianti sandarinimo juosta","og_description":"Savaime besiple\u010dianti, elastinga sandarinimo juosta, skirta i\u0161orini\u0173 fasad\u0173 jung\u010di\u0173 ir lang\u0173 r\u0117m\u0173 jung\u010di\u0173 apsaugai nuo v\u0117jo, lietaus ir dulki\u0173. Daugiau!","og_url":"https:\/\/penosil.com\/lt\/produktai\/expanding-tape-600-pa-besiplecianti-sandarinimo-juosta\/","og_site_name":"Penosil Lithuania","article_modified_time":"2026-01-28T11:09:24+00:00","og_image":[{"width":824,"height":1080,"url":"https:\/\/penosil.com\/lt\/wp-content\/uploads\/sites\/13\/2025\/08\/6004_Expanding-Tape-600Pa_EE_LV_LT_RU.png","type":"image\/png"}],"twitter_card":"summary_large_image","schema":{"@context":"https:\/\/schema.org","@graph":[{"@type":"WebPage","@id":"https:\/\/penosil.com\/lt\/produktai\/expanding-tape-600-pa-besiplecianti-sandarinimo-juosta\/","url":"https:\/\/penosil.com\/lt\/produktai\/expanding-tape-600-pa-besiplecianti-sandarinimo-juosta\/","name":"PENOSIL Expanding Tape 600 Pa savaime besiple\u010dianti sandarinimo juosta","isPartOf":{"@id":"https:\/\/penosil.com\/lt\/#website"},"primaryImageOfPage":{"@id":"https:\/\/penosil.com\/lt\/produktai\/expanding-tape-600-pa-besiplecianti-sandarinimo-juosta\/#primaryimage"},"image":{"@id":"https:\/\/penosil.com\/lt\/produktai\/expanding-tape-600-pa-besiplecianti-sandarinimo-juosta\/#primaryimage"},"thumbnailUrl":"https:\/\/penosil.com\/lt\/wp-content\/uploads\/sites\/13\/2025\/08\/6004_Expanding-Tape-600Pa_EE_LV_LT_RU.png","datePublished":"2020-05-17T07:54:26+00:00","dateModified":"2026-01-28T11:09:24+00:00","description":"Savaime besiple\u010dianti, elastinga sandarinimo juosta, skirta i\u0161orini\u0173 fasad\u0173 jung\u010di\u0173 ir lang\u0173 r\u0117m\u0173 jung\u010di\u0173 apsaugai nuo v\u0117jo, lietaus ir dulki\u0173. Daugiau!","breadcrumb":{"@id":"https:\/\/penosil.com\/lt\/produktai\/expanding-tape-600-pa-besiplecianti-sandarinimo-juosta\/#breadcrumb"},"inLanguage":"lt-LT","potentialAction":[{"@type":"ReadAction","target":["https:\/\/penosil.com\/lt\/produktai\/expanding-tape-600-pa-besiplecianti-sandarinimo-juosta\/"]}]},{"@type":"ImageObject","inLanguage":"lt-LT","@id":"https:\/\/penosil.com\/lt\/produktai\/expanding-tape-600-pa-besiplecianti-sandarinimo-juosta\/#primaryimage","url":"https:\/\/penosil.com\/lt\/wp-content\/uploads\/sites\/13\/2025\/08\/6004_Expanding-Tape-600Pa_EE_LV_LT_RU.png","contentUrl":"https:\/\/penosil.com\/lt\/wp-content\/uploads\/sites\/13\/2025\/08\/6004_Expanding-Tape-600Pa_EE_LV_LT_RU.png","width":824,"height":1080,"caption":"PENOSIL Expanding Tape 600 Pa savaime besiple\u010dianti sandarinimo juosta"},{"@type":"BreadcrumbList","@id":"https:\/\/penosil.com\/lt\/produktai\/expanding-tape-600-pa-besiplecianti-sandarinimo-juosta\/#breadcrumb","itemListElement":[{"@type":"ListItem","position":1,"name":"Home","item":"https:\/\/penosil.com\/lt\/"},{"@type":"ListItem","position":2,"name":"Produktai","item":"https:\/\/penosil.com\/lt\/produktai\/"},{"@type":"ListItem","position":3,"name":"Expanding Tape 600 Pa"}]},{"@type":"WebSite","@id":"https:\/\/penosil.com\/lt\/#website","url":"https:\/\/penosil.com\/lt\/","name":"Penosil Lithuania","description":"","potentialAction":[{"@type":"SearchAction","target":{"@type":"EntryPoint","urlTemplate":"https:\/\/penosil.com\/lt\/?s={search_term_string}"},"query-input":{"@type":"PropertyValueSpecification","valueRequired":true,"valueName":"search_term_string"}}],"inLanguage":"lt-LT"}]}},"featured_img":"https:\/\/penosil.com\/lt\/wp-content\/uploads\/sites\/13\/2025\/08\/6004_Expanding-Tape-600Pa_EE_LV_LT_RU.png","coauthors":[],"author_meta":{"author_link":"https:\/\/penosil.com\/lt\/author\/asta\/","display_name":"Asta Salkauskiene"},"relative_dates":{"created":"Posted 6 metai ago","modified":"Updated 2 m\u0117nesiai ago"},"absolute_dates":{"created":"Posted on 2020 17 gegu\u017e\u0117s","modified":"Updated on 2026 28 sausio"},"absolute_dates_time":{"created":"Posted on 2020 17 gegu\u017e\u0117s 7:54","modified":"Updated on 2026 28 sausio 11:09"},"featured_img_caption":"","tax_additional":{"product_brand":{"linked":[],"unlinked":[],"slug":"product_brand","name":"Preki\u0173 \u017eenklai"},"product_type":{"linked":["<a href=\"https:\/\/penosil.com\/lt\/?taxonomy=product_type&#038;term=variable\" class=\"advgb-post-tax-term\">variable<\/a>"],"unlinked":["<span class=\"advgb-post-tax-term\">variable<\/span>"],"slug":"product_type","name":"Produkto tipas"},"product_visibility":{"linked":[],"unlinked":[],"slug":"product_visibility","name":"Produkto matomumas"},"product_cat":{"linked":["<a href=\"https:\/\/penosil.com\/lt\/produkto-kategorija\/naudojimo-sritys\/\" class=\"advgb-post-tax-term\">Naudojimo sritys<\/a>","<a href=\"https:\/\/penosil.com\/lt\/produkto-kategorija\/naudojimo-sritys\/bendroji-statyba\/\" class=\"advgb-post-tax-term\">Bendroji statyba<\/a>","<a href=\"https:\/\/penosil.com\/lt\/produkto-kategorija\/produktu-grupes\/juostos-ir-membranos\/besipleciancios-juostos\/\" class=\"advgb-post-tax-term\">Besiple\u010dian\u010dios juostos<\/a>","<a href=\"https:\/\/penosil.com\/lt\/produkto-kategorija\/produktu-grupes\/\" class=\"advgb-post-tax-term\">Produkt\u0173 grup\u0117s<\/a>","<a href=\"https:\/\/penosil.com\/lt\/produkto-kategorija\/produktu-grupes\/juostos-ir-membranos\/\" class=\"advgb-post-tax-term\">Juostos ir membranos<\/a>"],"unlinked":["<span class=\"advgb-post-tax-term\">Naudojimo sritys<\/span>","<span class=\"advgb-post-tax-term\">Bendroji statyba<\/span>","<span class=\"advgb-post-tax-term\">Besiple\u010dian\u010dios juostos<\/span>","<span class=\"advgb-post-tax-term\">Produkt\u0173 grup\u0117s<\/span>","<span class=\"advgb-post-tax-term\">Juostos ir membranos<\/span>"],"slug":"product_cat","name":"Produkto kategorijos"},"product_tag":{"linked":[],"unlinked":[],"slug":"product_tag","name":"Produkto \u017eyma"},"product_shipping_class":{"linked":[],"unlinked":[],"slug":"product_shipping_class","name":"Produkto pristatymo klas\u0117s"},"pos_product_visibility":{"linked":[],"unlinked":[],"slug":"pos_product_visibility","name":"POS Product visibility"},"pa_color":{"linked":["<a href=\"https:\/\/penosil.com\/lt\/en\/?taxonomy=pa_color&#038;term=juoda\" class=\"advgb-post-tax-term\">Juoda<\/a>"],"unlinked":["<span class=\"advgb-post-tax-term\">Juoda<\/span>"],"slug":"pa_color","name":"Product Color"},"pa_package":{"linked":["<a href=\"https:\/\/penosil.com\/lt\/?taxonomy=pa_package&#038;term=10-3-7mm-8m-ritin-pro\" class=\"advgb-post-tax-term\">10\/3-7mm, 8m\/ritin. PRO<\/a>","<a href=\"https:\/\/penosil.com\/lt\/?taxonomy=pa_package&#038;term=10-3-7-mm-8m-ritinelyje\" class=\"advgb-post-tax-term\">10\/3-7 mm, 8m\/ritin\u0117lyje<\/a>","<a href=\"https:\/\/penosil.com\/lt\/?taxonomy=pa_package&#038;term=15-3-7mm-8m-ritin-pro\" class=\"advgb-post-tax-term\">15\/3-7mm, 8m\/ritin. PRO<\/a>","<a href=\"https:\/\/penosil.com\/lt\/?taxonomy=pa_package&#038;term=15-7-12mm-43m-ritin-pro\" class=\"advgb-post-tax-term\">15\/7-12mm, 4,3m\/ritin. PRO<\/a>"],"unlinked":["<span class=\"advgb-post-tax-term\">10\/3-7mm, 8m\/ritin. PRO<\/span>","<span class=\"advgb-post-tax-term\">10\/3-7 mm, 8m\/ritin\u0117lyje<\/span>","<span class=\"advgb-post-tax-term\">15\/3-7mm, 8m\/ritin. PRO<\/span>","<span class=\"advgb-post-tax-term\">15\/7-12mm, 4,3m\/ritin. PRO<\/span>"],"slug":"pa_package","name":"Product Package"},"pa_plotis":{"linked":[],"unlinked":[],"slug":"pa_plotis","name":"Product Plotis"},"pa_skersmuo":{"linked":[],"unlinked":[],"slug":"pa_skersmuo","name":"Product Skersmuo"},"translation_priority":{"linked":["<a href=\"https:\/\/penosil.com\/lt\/?taxonomy=translation_priority&#038;term=optional-lt\" class=\"advgb-post-tax-term\">Optional<\/a>"],"unlinked":["<span class=\"advgb-post-tax-term\">Optional<\/span>"],"slug":"translation_priority","name":"Translation Priorities"}},"series_order":"","_links":{"self":[{"href":"https:\/\/penosil.com\/lt\/wp-json\/wp\/v2\/product\/8697","targetHints":{"allow":["GET"]}}],"collection":[{"href":"https:\/\/penosil.com\/lt\/wp-json\/wp\/v2\/product"}],"about":[{"href":"https:\/\/penosil.com\/lt\/wp-json\/wp\/v2\/types\/product"}],"version-history":[{"count":12,"href":"https:\/\/penosil.com\/lt\/wp-json\/wp\/v2\/product\/8697\/revisions"}],"predecessor-version":[{"id":13683,"href":"https:\/\/penosil.com\/lt\/wp-json\/wp\/v2\/product\/8697\/revisions\/13683"}],"wp:featuredmedia":[{"embeddable":true,"href":"https:\/\/penosil.com\/lt\/wp-json\/wp\/v2\/media\/15783"}],"wp:attachment":[{"href":"https:\/\/penosil.com\/lt\/wp-json\/wp\/v2\/media?parent=8697"}],"wp:term":[{"taxonomy":"product_brand","embeddable":true,"href":"https:\/\/penosil.com\/lt\/wp-json\/wp\/v2\/product_brand?post=8697"},{"taxonomy":"product_cat","embeddable":true,"href":"https:\/\/penosil.com\/lt\/wp-json\/wp\/v2\/product_cat?post=8697"},{"taxonomy":"product_tag","embeddable":true,"href":"https:\/\/penosil.com\/lt\/wp-json\/wp\/v2\/product_tag?post=8697"}],"curies":[{"name":"wp","href":"https:\/\/api.w.org\/{rel}","templated":true}]}}