{"id":14531,"date":"2020-04-17T08:00:32","date_gmt":"2020-04-17T08:00:32","guid":{"rendered":"https:\/\/penosil.com\/lv\/?post_type=product&#038;p=14531"},"modified":"2026-03-14T01:03:47","modified_gmt":"2026-03-14T01:03:47","slug":"speedfix-clear-909","status":"publish","type":"product","link":"https:\/\/penosil.com\/lv\/gl_ru\/produkt\/speedfix-clear-909\/","title":{"rendered":"SpeedFix Clear 909"},"content":{"rendered":"<p>PENOSIL SpeedFix Clear 909 &#8211; \u041f\u0440\u043e\u0437\u0440\u0430\u0447\u043d\u044b\u0439 \u043c\u043e\u043d\u0442\u0430\u0436\u043d\u044b\u0439 \u043a\u043b\u0435\u0439 \u043d\u0430 \u043e\u0441\u043d\u043e\u0432\u0435 \u0440\u0430\u0441\u0442\u0432\u043e\u0440\u0438\u0442\u0435\u043b\u044f \u0434\u043b\u044f \u043d\u0435\u0432\u0438\u0434\u0438\u043c\u043e\u0433\u043e \u0441\u0446\u0435\u043f\u043b\u0435\u043d\u0438\u044f \u0438 \u0433\u0435\u0440\u043c\u0435\u0442\u0438\u0437\u0430\u0446\u0438\u0438, \u043a\u043e\u0442\u043e\u0440\u044b\u0439 \u043c\u043e\u0436\u0435\u0442 \u0438\u0441\u043f\u043e\u043b\u044c\u0437\u043e\u0432\u0430\u0442\u044c\u0441\u044f \u0432 \u0440\u0430\u0437\u043d\u044b\u0445 \u0446\u0435\u043b\u044f\u0445 \u0432 \u0441\u0442\u0440\u043e\u0438\u0442\u0435\u043b\u044c\u043d\u044b\u0445 \u043f\u0440\u043e\u0435\u043a\u0442\u0430\u0445.<\/p>\n","protected":false},"excerpt":{"rendered":"\u043f\u0440\u043e\u0437\u0440\u0430\u0447\u043d\u044b\u0439 \u043a\u043b\u0435\u0439 \u0441 \u0431\u044b\u0441\u0442\u0440\u043e\u0439 \u0438 \u043f\u0440\u043e\u0447\u043d\u043e\u0439 \u0430\u0434\u0433\u0435\u0437\u0438\u0435\u0439","protected":false},"author":3,"featured_media":28457,"template":"","meta":{"_acf_changed":false,"advgb_blocks_editor_width":"","advgb_blocks_columns_visual_guide":"","footnotes":""},"product_brand":[],"product_cat":[354],"product_tag":[],"class_list":{"0":"post-14531","1":"product","2":"type-product","3":"status-publish","4":"has-post-thumbnail","6":"product_cat-skleyvaniye","8":"first","9":"outofstock","10":"taxable","11":"shipping-taxable","12":"purchasable","13":"product-type-simple"},"acf":[],"yoast_head":"<!-- This site is optimized with the Yoast SEO plugin v27.2 - https:\/\/yoast.com\/product\/yoast-seo-wordpress\/ -->\n<title>\u041a\u043b\u0435\u0439 PENOSIL SpeedFix Clear 909 \u043d\u0435\u0432\u0438\u0434\u0438\u043c\u043e\u0435 \u0441\u043e\u0435\u0434\u0438\u043d\u0435\u043d\u0438\u0435<\/title>\n<meta name=\"description\" content=\"\u041a\u043b\u0435\u0439 \u0434\u043b\u044f \u043d\u0435\u0432\u0438\u0434\u0438\u043c\u043e\u0433\u043e \u043f\u0440\u043e\u0447\u043d\u043e\u0433\u043e \u0441\u043e\u0435\u0434\u0438\u043d\u0435\u043d\u0438\u044f \u0432 \u0441\u0442\u0440\u043e\u0438\u0442\u0435\u043b\u044c\u043d\u044b\u0445 \u043f\u0440\u043e\u0435\u043a\u0442\u0430\u0445 PENOSIL SpeedFix Clear 909. \u0421\u0442\u043e\u0439\u043a\u0438\u0439 \u043a \u043f\u043e\u0433\u043e\u0434\u043d\u044b\u043c \u0432\u043e\u0437\u0434\u0435\u0439\u0441\u0442\u0432\u0438\u044f\u043c.\" \/>\n<meta name=\"robots\" content=\"index, follow, max-snippet:-1, max-image-preview:large, max-video-preview:-1\" \/>\n<link rel=\"canonical\" href=\"https:\/\/penosil.com\/lv\/gl_ru\/produkt\/speedfix-clear-909\/\" \/>\n<meta property=\"og:locale\" content=\"en_US\" \/>\n<meta property=\"og:type\" content=\"article\" \/>\n<meta property=\"og:title\" content=\"\u041a\u043b\u0435\u0439 PENOSIL SpeedFix Clear 909 \u043d\u0435\u0432\u0438\u0434\u0438\u043c\u043e\u0435 \u0441\u043e\u0435\u0434\u0438\u043d\u0435\u043d\u0438\u0435\" \/>\n<meta property=\"og:description\" content=\"\u041a\u043b\u0435\u0439 \u0434\u043b\u044f \u043d\u0435\u0432\u0438\u0434\u0438\u043c\u043e\u0433\u043e \u043f\u0440\u043e\u0447\u043d\u043e\u0433\u043e \u0441\u043e\u0435\u0434\u0438\u043d\u0435\u043d\u0438\u044f \u0432 \u0441\u0442\u0440\u043e\u0438\u0442\u0435\u043b\u044c\u043d\u044b\u0445 \u043f\u0440\u043e\u0435\u043a\u0442\u0430\u0445 PENOSIL SpeedFix Clear 909. \u0421\u0442\u043e\u0439\u043a\u0438\u0439 \u043a \u043f\u043e\u0433\u043e\u0434\u043d\u044b\u043c \u0432\u043e\u0437\u0434\u0435\u0439\u0441\u0442\u0432\u0438\u044f\u043c.\" \/>\n<meta property=\"og:url\" content=\"https:\/\/penosil.com\/lv\/gl_ru\/produkt\/speedfix-clear-909\/\" \/>\n<meta property=\"og:site_name\" content=\"Penosil Latvia\" \/>\n<meta property=\"article:modified_time\" content=\"2026-03-14T01:03:47+00:00\" \/>\n<meta property=\"og:image\" content=\"https:\/\/penosil.com\/lv\/wp-content\/uploads\/sites\/31\/2022\/08\/909_SpeedFix_Clear_909_LT_LV.png\" \/>\n\t<meta property=\"og:image:width\" content=\"870\" \/>\n\t<meta property=\"og:image:height\" content=\"2430\" \/>\n\t<meta property=\"og:image:type\" content=\"image\/png\" \/>\n<meta name=\"twitter:card\" content=\"summary_large_image\" \/>\n<meta name=\"twitter:label1\" content=\"Est. reading time\" \/>\n\t<meta name=\"twitter:data1\" content=\"4 minutes\" \/>\n<script type=\"application\/ld+json\" class=\"yoast-schema-graph\">{\"@context\":\"https:\/\/schema.org\",\"@graph\":[{\"@type\":\"WebPage\",\"@id\":\"https:\/\/penosil.com\/lv\/gl_ru\/produkt\/speedfix-clear-909\/\",\"url\":\"https:\/\/penosil.com\/lv\/gl_ru\/produkt\/speedfix-clear-909\/\",\"name\":\"\u041a\u043b\u0435\u0439 PENOSIL SpeedFix Clear 909 \u043d\u0435\u0432\u0438\u0434\u0438\u043c\u043e\u0435 \u0441\u043e\u0435\u0434\u0438\u043d\u0435\u043d\u0438\u0435\",\"isPartOf\":{\"@id\":\"https:\/\/penosil.com\/lv\/#website\"},\"primaryImageOfPage\":{\"@id\":\"https:\/\/penosil.com\/lv\/gl_ru\/produkt\/speedfix-clear-909\/#primaryimage\"},\"image\":{\"@id\":\"https:\/\/penosil.com\/lv\/gl_ru\/produkt\/speedfix-clear-909\/#primaryimage\"},\"thumbnailUrl\":\"https:\/\/penosil.com\/lv\/wp-content\/uploads\/sites\/31\/2022\/08\/909_SpeedFix_Clear_909_LT_LV.png\",\"datePublished\":\"2020-04-17T08:00:32+00:00\",\"dateModified\":\"2026-03-14T01:03:47+00:00\",\"description\":\"\u041a\u043b\u0435\u0439 \u0434\u043b\u044f \u043d\u0435\u0432\u0438\u0434\u0438\u043c\u043e\u0433\u043e \u043f\u0440\u043e\u0447\u043d\u043e\u0433\u043e \u0441\u043e\u0435\u0434\u0438\u043d\u0435\u043d\u0438\u044f \u0432 \u0441\u0442\u0440\u043e\u0438\u0442\u0435\u043b\u044c\u043d\u044b\u0445 \u043f\u0440\u043e\u0435\u043a\u0442\u0430\u0445 PENOSIL SpeedFix Clear 909. \u0421\u0442\u043e\u0439\u043a\u0438\u0439 \u043a \u043f\u043e\u0433\u043e\u0434\u043d\u044b\u043c \u0432\u043e\u0437\u0434\u0435\u0439\u0441\u0442\u0432\u0438\u044f\u043c.\",\"breadcrumb\":{\"@id\":\"https:\/\/penosil.com\/lv\/gl_ru\/produkt\/speedfix-clear-909\/#breadcrumb\"},\"inLanguage\":\"gl-RU\",\"potentialAction\":[{\"@type\":\"ReadAction\",\"target\":[\"https:\/\/penosil.com\/lv\/gl_ru\/produkt\/speedfix-clear-909\/\"]}]},{\"@type\":\"ImageObject\",\"inLanguage\":\"gl-RU\",\"@id\":\"https:\/\/penosil.com\/lv\/gl_ru\/produkt\/speedfix-clear-909\/#primaryimage\",\"url\":\"https:\/\/penosil.com\/lv\/wp-content\/uploads\/sites\/31\/2022\/08\/909_SpeedFix_Clear_909_LT_LV.png\",\"contentUrl\":\"https:\/\/penosil.com\/lv\/wp-content\/uploads\/sites\/31\/2022\/08\/909_SpeedFix_Clear_909_LT_LV.png\",\"width\":870,\"height\":2430,\"caption\":\"SpeedFix Clear 909 caursp\u012bd\u012bga l\u012bme\"},{\"@type\":\"BreadcrumbList\",\"@id\":\"https:\/\/penosil.com\/lv\/gl_ru\/produkt\/speedfix-clear-909\/#breadcrumb\",\"itemListElement\":[{\"@type\":\"ListItem\",\"position\":1,\"name\":\"\u0414\u043e\u043c\u0430\u0448\u043d\u044f\u044f \u0441\u0442\u0440\u0430\u043d\u0438\u0446\u0430\",\"item\":\"https:\/\/penosil.com\/lv\/gl_ru\/\"},{\"@type\":\"ListItem\",\"position\":2,\"name\":\"\u041f\u0440\u043e\u0434\u0443\u043a\u0446\u0438\u044f\",\"item\":\"https:\/\/penosil.com\/lv\/gl_ru\/produktsiya\/\"},{\"@type\":\"ListItem\",\"position\":3,\"name\":\"SpeedFix Clear 909\"}]},{\"@type\":\"WebSite\",\"@id\":\"https:\/\/penosil.com\/lv\/#website\",\"url\":\"https:\/\/penosil.com\/lv\/\",\"name\":\"Penosil Latvia\",\"description\":\"\",\"potentialAction\":[{\"@type\":\"SearchAction\",\"target\":{\"@type\":\"EntryPoint\",\"urlTemplate\":\"https:\/\/penosil.com\/lv\/?s={search_term_string}\"},\"query-input\":{\"@type\":\"PropertyValueSpecification\",\"valueRequired\":true,\"valueName\":\"search_term_string\"}}],\"inLanguage\":\"gl-RU\"}]}<\/script>\n<!-- \/ Yoast SEO plugin. -->","yoast_head_json":{"title":"\u041a\u043b\u0435\u0439 PENOSIL SpeedFix Clear 909 \u043d\u0435\u0432\u0438\u0434\u0438\u043c\u043e\u0435 \u0441\u043e\u0435\u0434\u0438\u043d\u0435\u043d\u0438\u0435","description":"\u041a\u043b\u0435\u0439 \u0434\u043b\u044f \u043d\u0435\u0432\u0438\u0434\u0438\u043c\u043e\u0433\u043e \u043f\u0440\u043e\u0447\u043d\u043e\u0433\u043e \u0441\u043e\u0435\u0434\u0438\u043d\u0435\u043d\u0438\u044f \u0432 \u0441\u0442\u0440\u043e\u0438\u0442\u0435\u043b\u044c\u043d\u044b\u0445 \u043f\u0440\u043e\u0435\u043a\u0442\u0430\u0445 PENOSIL SpeedFix Clear 909. \u0421\u0442\u043e\u0439\u043a\u0438\u0439 \u043a \u043f\u043e\u0433\u043e\u0434\u043d\u044b\u043c \u0432\u043e\u0437\u0434\u0435\u0439\u0441\u0442\u0432\u0438\u044f\u043c.","robots":{"index":"index","follow":"follow","max-snippet":"max-snippet:-1","max-image-preview":"max-image-preview:large","max-video-preview":"max-video-preview:-1"},"canonical":"https:\/\/penosil.com\/lv\/gl_ru\/produkt\/speedfix-clear-909\/","og_locale":"en_US","og_type":"article","og_title":"\u041a\u043b\u0435\u0439 PENOSIL SpeedFix Clear 909 \u043d\u0435\u0432\u0438\u0434\u0438\u043c\u043e\u0435 \u0441\u043e\u0435\u0434\u0438\u043d\u0435\u043d\u0438\u0435","og_description":"\u041a\u043b\u0435\u0439 \u0434\u043b\u044f \u043d\u0435\u0432\u0438\u0434\u0438\u043c\u043e\u0433\u043e \u043f\u0440\u043e\u0447\u043d\u043e\u0433\u043e \u0441\u043e\u0435\u0434\u0438\u043d\u0435\u043d\u0438\u044f \u0432 \u0441\u0442\u0440\u043e\u0438\u0442\u0435\u043b\u044c\u043d\u044b\u0445 \u043f\u0440\u043e\u0435\u043a\u0442\u0430\u0445 PENOSIL SpeedFix Clear 909. \u0421\u0442\u043e\u0439\u043a\u0438\u0439 \u043a \u043f\u043e\u0433\u043e\u0434\u043d\u044b\u043c \u0432\u043e\u0437\u0434\u0435\u0439\u0441\u0442\u0432\u0438\u044f\u043c.","og_url":"https:\/\/penosil.com\/lv\/gl_ru\/produkt\/speedfix-clear-909\/","og_site_name":"Penosil Latvia","article_modified_time":"2026-03-14T01:03:47+00:00","og_image":[{"width":870,"height":2430,"url":"https:\/\/penosil.com\/lv\/wp-content\/uploads\/sites\/31\/2022\/08\/909_SpeedFix_Clear_909_LT_LV.png","type":"image\/png"}],"twitter_card":"summary_large_image","twitter_misc":{"Est. reading time":"4 minutes"},"schema":{"@context":"https:\/\/schema.org","@graph":[{"@type":"WebPage","@id":"https:\/\/penosil.com\/lv\/gl_ru\/produkt\/speedfix-clear-909\/","url":"https:\/\/penosil.com\/lv\/gl_ru\/produkt\/speedfix-clear-909\/","name":"\u041a\u043b\u0435\u0439 PENOSIL SpeedFix Clear 909 \u043d\u0435\u0432\u0438\u0434\u0438\u043c\u043e\u0435 \u0441\u043e\u0435\u0434\u0438\u043d\u0435\u043d\u0438\u0435","isPartOf":{"@id":"https:\/\/penosil.com\/lv\/#website"},"primaryImageOfPage":{"@id":"https:\/\/penosil.com\/lv\/gl_ru\/produkt\/speedfix-clear-909\/#primaryimage"},"image":{"@id":"https:\/\/penosil.com\/lv\/gl_ru\/produkt\/speedfix-clear-909\/#primaryimage"},"thumbnailUrl":"https:\/\/penosil.com\/lv\/wp-content\/uploads\/sites\/31\/2022\/08\/909_SpeedFix_Clear_909_LT_LV.png","datePublished":"2020-04-17T08:00:32+00:00","dateModified":"2026-03-14T01:03:47+00:00","description":"\u041a\u043b\u0435\u0439 \u0434\u043b\u044f \u043d\u0435\u0432\u0438\u0434\u0438\u043c\u043e\u0433\u043e \u043f\u0440\u043e\u0447\u043d\u043e\u0433\u043e \u0441\u043e\u0435\u0434\u0438\u043d\u0435\u043d\u0438\u044f \u0432 \u0441\u0442\u0440\u043e\u0438\u0442\u0435\u043b\u044c\u043d\u044b\u0445 \u043f\u0440\u043e\u0435\u043a\u0442\u0430\u0445 PENOSIL SpeedFix Clear 909. \u0421\u0442\u043e\u0439\u043a\u0438\u0439 \u043a \u043f\u043e\u0433\u043e\u0434\u043d\u044b\u043c \u0432\u043e\u0437\u0434\u0435\u0439\u0441\u0442\u0432\u0438\u044f\u043c.","breadcrumb":{"@id":"https:\/\/penosil.com\/lv\/gl_ru\/produkt\/speedfix-clear-909\/#breadcrumb"},"inLanguage":"gl-RU","potentialAction":[{"@type":"ReadAction","target":["https:\/\/penosil.com\/lv\/gl_ru\/produkt\/speedfix-clear-909\/"]}]},{"@type":"ImageObject","inLanguage":"gl-RU","@id":"https:\/\/penosil.com\/lv\/gl_ru\/produkt\/speedfix-clear-909\/#primaryimage","url":"https:\/\/penosil.com\/lv\/wp-content\/uploads\/sites\/31\/2022\/08\/909_SpeedFix_Clear_909_LT_LV.png","contentUrl":"https:\/\/penosil.com\/lv\/wp-content\/uploads\/sites\/31\/2022\/08\/909_SpeedFix_Clear_909_LT_LV.png","width":870,"height":2430,"caption":"SpeedFix Clear 909 caursp\u012bd\u012bga l\u012bme"},{"@type":"BreadcrumbList","@id":"https:\/\/penosil.com\/lv\/gl_ru\/produkt\/speedfix-clear-909\/#breadcrumb","itemListElement":[{"@type":"ListItem","position":1,"name":"\u0414\u043e\u043c\u0430\u0448\u043d\u044f\u044f \u0441\u0442\u0440\u0430\u043d\u0438\u0446\u0430","item":"https:\/\/penosil.com\/lv\/gl_ru\/"},{"@type":"ListItem","position":2,"name":"\u041f\u0440\u043e\u0434\u0443\u043a\u0446\u0438\u044f","item":"https:\/\/penosil.com\/lv\/gl_ru\/produktsiya\/"},{"@type":"ListItem","position":3,"name":"SpeedFix Clear 909"}]},{"@type":"WebSite","@id":"https:\/\/penosil.com\/lv\/#website","url":"https:\/\/penosil.com\/lv\/","name":"Penosil Latvia","description":"","potentialAction":[{"@type":"SearchAction","target":{"@type":"EntryPoint","urlTemplate":"https:\/\/penosil.com\/lv\/?s={search_term_string}"},"query-input":{"@type":"PropertyValueSpecification","valueRequired":true,"valueName":"search_term_string"}}],"inLanguage":"gl-RU"}]}},"featured_img":"https:\/\/penosil.com\/lv\/wp-content\/uploads\/sites\/31\/2022\/08\/909_SpeedFix_Clear_909_LT_LV.png","coauthors":[],"author_meta":{"author_link":"https:\/\/penosil.com\/lv\/gl_ru\/author\/","display_name":""},"relative_dates":{"created":"Posted 6 years ago","modified":"Updated 1 month ago"},"absolute_dates":{"created":"Posted on April 17, 2020","modified":"Updated on March 14, 2026"},"absolute_dates_time":{"created":"Posted on April 17, 2020 8:00 am","modified":"Updated on March 14, 2026 1:03 am"},"featured_img_caption":"","tax_additional":{"product_brand":{"linked":[],"unlinked":[],"slug":"product_brand","name":"Brands"},"product_type":{"linked":["<a href=\"https:\/\/penosil.com\/lv\/gl_ru\/?taxonomy=product_type&#038;term=simple\" class=\"advgb-post-tax-term\">simple<\/a>"],"unlinked":["<span class=\"advgb-post-tax-term\">simple<\/span>"],"slug":"product_type","name":"Product type"},"product_visibility":{"linked":["<a href=\"https:\/\/penosil.com\/lv\/en\/?taxonomy=product_visibility&#038;term=outofstock\" class=\"advgb-post-tax-term\">outofstock<\/a>"],"unlinked":["<span class=\"advgb-post-tax-term\">outofstock<\/span>"],"slug":"product_visibility","name":"Product visibility"},"product_cat":{"linked":["<a href=\"https:\/\/penosil.com\/lv\/gl_ru\/produktsiya\/oblasti-primeneniya\/skleyvaniye\/\" class=\"advgb-post-tax-term\">\u0421\u043a\u043b\u0435\u0438\u0432\u0430\u043d\u0438\u0435<\/a>"],"unlinked":["<span class=\"advgb-post-tax-term\">\u0421\u043a\u043b\u0435\u0438\u0432\u0430\u043d\u0438\u0435<\/span>"],"slug":"product_cat","name":"Product categories"},"product_tag":{"linked":[],"unlinked":[],"slug":"product_tag","name":"Product tags"},"product_shipping_class":{"linked":[],"unlinked":[],"slug":"product_shipping_class","name":"Product shipping classes"},"pos_product_visibility":{"linked":[],"unlinked":[],"slug":"pos_product_visibility","name":"POS Product visibility"},"pa_color":{"linked":["<a href=\"https:\/\/penosil.com\/lv\/gl_ru\/?taxonomy=pa_color&#038;term=prozrachnyy\" class=\"advgb-post-tax-term\">\u041f\u0440\u043e\u0437\u0440\u0430\u0447\u043d\u044b\u0439<\/a>"],"unlinked":["<span class=\"advgb-post-tax-term\">\u041f\u0440\u043e\u0437\u0440\u0430\u0447\u043d\u044b\u0439<\/span>"],"slug":"pa_color","name":"Product Colour"},"pa_diameter":{"linked":[],"unlinked":[],"slug":"pa_diameter","name":"Product Diameter"},"pa_package":{"linked":["<a href=\"https:\/\/penosil.com\/lv\/gl_ru\/?taxonomy=pa_package&#038;term=290-ml-gl_ru\" class=\"advgb-post-tax-term\">290 ml<\/a>"],"unlinked":["<span class=\"advgb-post-tax-term\">290 ml<\/span>"],"slug":"pa_package","name":"Product Package"},"pa_roll":{"linked":[],"unlinked":[],"slug":"pa_roll","name":"Product Roll"},"pa_widths":{"linked":[],"unlinked":[],"slug":"pa_widths","name":"Product Widths"},"translation_priority":{"linked":["<a href=\"https:\/\/penosil.com\/lv\/gl_ru\/?taxonomy=translation_priority&#038;term=optional-gl_ru\" class=\"advgb-post-tax-term\">Optional<\/a>"],"unlinked":["<span class=\"advgb-post-tax-term\">Optional<\/span>"],"slug":"translation_priority","name":"Translation Priorities"}},"series_order":"","_links":{"self":[{"href":"https:\/\/penosil.com\/lv\/gl_ru\/wp-json\/wp\/v2\/product\/14531","targetHints":{"allow":["GET"]}}],"collection":[{"href":"https:\/\/penosil.com\/lv\/gl_ru\/wp-json\/wp\/v2\/product"}],"about":[{"href":"https:\/\/penosil.com\/lv\/gl_ru\/wp-json\/wp\/v2\/types\/product"}],"version-history":[{"count":4,"href":"https:\/\/penosil.com\/lv\/gl_ru\/wp-json\/wp\/v2\/product\/14531\/revisions"}],"predecessor-version":[{"id":33242,"href":"https:\/\/penosil.com\/lv\/gl_ru\/wp-json\/wp\/v2\/product\/14531\/revisions\/33242"}],"wp:featuredmedia":[{"embeddable":true,"href":"https:\/\/penosil.com\/lv\/gl_ru\/wp-json\/wp\/v2\/media\/28457"}],"wp:attachment":[{"href":"https:\/\/penosil.com\/lv\/gl_ru\/wp-json\/wp\/v2\/media?parent=14531"}],"wp:term":[{"taxonomy":"product_brand","embeddable":true,"href":"https:\/\/penosil.com\/lv\/gl_ru\/wp-json\/wp\/v2\/product_brand?post=14531"},{"taxonomy":"product_cat","embeddable":true,"href":"https:\/\/penosil.com\/lv\/gl_ru\/wp-json\/wp\/v2\/product_cat?post=14531"},{"taxonomy":"product_tag","embeddable":true,"href":"https:\/\/penosil.com\/lv\/gl_ru\/wp-json\/wp\/v2\/product_tag?post=14531"}],"curies":[{"name":"wp","href":"https:\/\/api.w.org\/{rel}","templated":true}]}}