{"id":15212,"date":"2020-04-19T04:02:46","date_gmt":"2020-04-19T04:02:46","guid":{"rendered":"https:\/\/penosil.com\/lv\/?post_type=product&#038;p=15212"},"modified":"2026-04-12T00:06:14","modified_gmt":"2026-04-12T00:06:14","slug":"window-door-elastic-straw-foam","status":"publish","type":"product","link":"https:\/\/penosil.com\/lv\/gl_ru\/produkt\/window-door-elastic-straw-foam\/","title":{"rendered":"Window &amp; Door Elastic straw foam"},"content":{"rendered":"<p>\u041b\u0435\u0433\u043a\u043e \u0441\u0436\u0438\u043c\u0430\u0435\u043c\u0430\u044f \u044d\u043b\u0430\u0441\u0442\u0438\u0447\u043d\u0430\u044f \u0438\u0437\u043e\u043b\u044f\u0446\u0438\u043e\u043d\u043d\u0430\u044f \u043f\u0435\u043d\u0430 \u0434\u043b\u044f \u043c\u043e\u043d\u0442\u0430\u0436\u0430 \u0438 \u0433\u0435\u0440\u043c\u0435\u0442\u0438\u0437\u0430\u0446\u0438\u0438 \u043e\u043a\u043e\u043d \u0438 \u0434\u0432\u0435\u0440\u0435\u0439. \u041f\u043e\u0434\u0445\u043e\u0434\u0438\u0442 \u0434\u043b\u044f \u0447\u0443\u0432\u0441\u0442\u0432\u0438\u0442\u0435\u043b\u044c\u043d\u044b\u0445 \u043a \u0434\u0430\u0432\u043b\u0435\u043d\u0438\u044e \u0438 \u043f\u043e\u0434\u0432\u0438\u0436\u043d\u044b\u0445 \u0441\u0442\u044b\u043a\u043e\u0432.<\/p>\n","protected":false},"excerpt":{"rendered":"\u041f\u0435\u043d\u0430 \u0441 \u0442\u0440\u0443\u0431\u043e\u0447\u043a\u043e\u0439 \u0434\u043b\u044f \u043e\u043a\u043e\u043d \u0438 \u0434\u0432\u0435\u0440\u0435\u0439","protected":false},"author":3,"featured_media":27807,"template":"","meta":{"_acf_changed":false,"advgb_blocks_editor_width":"","advgb_blocks_columns_visual_guide":"","footnotes":""},"product_brand":[],"product_cat":[1054,1493,1562,2515,2513],"product_tag":[],"class_list":{"0":"post-15212","1":"product","2":"type-product","3":"status-publish","4":"has-post-thumbnail","6":"product_cat-novyye-produkty","7":"product_cat-montazhnyye-peny","8":"product_cat-trubochnyye-peny","9":"product_cat-dla-okon-i-dverej","10":"product_cat-easypro-gl_ru","12":"first","13":"instock","14":"taxable","15":"shipping-taxable","16":"purchasable","17":"product-type-simple"},"acf":[],"yoast_head":"<!-- This site is optimized with the Yoast SEO plugin v27.2 - https:\/\/yoast.com\/product\/yoast-seo-wordpress\/ -->\n<title>PENOSIL Window &amp; Door Elastic Easy PRO \u041f\u0423 \u043f\u0435\u043d\u0430 \u0441 \u0442\u0440\u0443\u0431\u043e\u0447\u043a\u043e\u0439<\/title>\n<meta name=\"description\" content=\"\u042d\u043b\u0430\u0441\u0442\u0438\u0447\u043d\u0430\u044f \u043f\u0435\u043d\u0430 Penosil Window &amp; Door Elastic foam \u0434\u043b\u044f \u043e\u043a\u043e\u043d \u0438 \u0434\u0432\u0435\u0440\u0435\u0439 \u043e\u0431\u043b\u0430\u0434\u0430\u0435\u0442 \u0432\u044b\u0441\u043e\u043a\u043e\u044d\u0444\u0444\u0435\u043a\u0442\u0438\u0432\u043d\u044b\u043c\u0438 \u0437\u0432\u0443\u043a\u043e- \u0438 \u0442\u0435\u043f\u043b\u043e\u0438\u0437\u043e\u043b\u044f\u0446\u0438\u043e\u043d\u043d\u044b\u043c\u0438 \u0441\u0432\u043e\u0439\u0441\u0442\u0432\u0430\u043c\u0438.\" \/>\n<meta name=\"robots\" content=\"index, follow, max-snippet:-1, max-image-preview:large, max-video-preview:-1\" \/>\n<link rel=\"canonical\" href=\"https:\/\/penosil.com\/lv\/gl_ru\/produkt\/window-door-elastic-straw-foam\/\" \/>\n<meta property=\"og:locale\" content=\"en_US\" \/>\n<meta property=\"og:type\" content=\"article\" \/>\n<meta property=\"og:title\" content=\"PENOSIL Window &amp; Door Elastic Easy PRO \u041f\u0423 \u043f\u0435\u043d\u0430 \u0441 \u0442\u0440\u0443\u0431\u043e\u0447\u043a\u043e\u0439\" \/>\n<meta property=\"og:description\" content=\"\u042d\u043b\u0430\u0441\u0442\u0438\u0447\u043d\u0430\u044f \u043f\u0435\u043d\u0430 Penosil Window &amp; Door Elastic foam \u0434\u043b\u044f \u043e\u043a\u043e\u043d \u0438 \u0434\u0432\u0435\u0440\u0435\u0439 \u043e\u0431\u043b\u0430\u0434\u0430\u0435\u0442 \u0432\u044b\u0441\u043e\u043a\u043e\u044d\u0444\u0444\u0435\u043a\u0442\u0438\u0432\u043d\u044b\u043c\u0438 \u0437\u0432\u0443\u043a\u043e- \u0438 \u0442\u0435\u043f\u043b\u043e\u0438\u0437\u043e\u043b\u044f\u0446\u0438\u043e\u043d\u043d\u044b\u043c\u0438 \u0441\u0432\u043e\u0439\u0441\u0442\u0432\u0430\u043c\u0438.\" \/>\n<meta property=\"og:url\" content=\"https:\/\/penosil.com\/lv\/gl_ru\/produkt\/window-door-elastic-straw-foam\/\" \/>\n<meta property=\"og:site_name\" content=\"Penosil Latvia\" \/>\n<meta property=\"article:modified_time\" content=\"2026-04-12T00:06:14+00:00\" \/>\n<meta property=\"og:image\" content=\"https:\/\/penosil.com\/lv\/wp-content\/uploads\/sites\/31\/2020\/05\/Penosil_Window_Door_750ml_LV.jpg\" \/>\n\t<meta property=\"og:image:width\" content=\"396\" \/>\n\t<meta property=\"og:image:height\" content=\"1080\" \/>\n\t<meta property=\"og:image:type\" content=\"image\/jpeg\" \/>\n<meta name=\"twitter:card\" content=\"summary_large_image\" \/>\n<meta name=\"twitter:label1\" content=\"Est. reading time\" \/>\n\t<meta name=\"twitter:data1\" content=\"4 minutes\" \/>\n<script type=\"application\/ld+json\" class=\"yoast-schema-graph\">{\"@context\":\"https:\/\/schema.org\",\"@graph\":[{\"@type\":\"WebPage\",\"@id\":\"https:\/\/penosil.com\/lv\/gl_ru\/produkt\/window-door-elastic-straw-foam\/\",\"url\":\"https:\/\/penosil.com\/lv\/gl_ru\/produkt\/window-door-elastic-straw-foam\/\",\"name\":\"PENOSIL Window & Door Elastic Easy PRO \u041f\u0423 \u043f\u0435\u043d\u0430 \u0441 \u0442\u0440\u0443\u0431\u043e\u0447\u043a\u043e\u0439\",\"isPartOf\":{\"@id\":\"https:\/\/penosil.com\/lv\/#website\"},\"primaryImageOfPage\":{\"@id\":\"https:\/\/penosil.com\/lv\/gl_ru\/produkt\/window-door-elastic-straw-foam\/#primaryimage\"},\"image\":{\"@id\":\"https:\/\/penosil.com\/lv\/gl_ru\/produkt\/window-door-elastic-straw-foam\/#primaryimage\"},\"thumbnailUrl\":\"https:\/\/penosil.com\/lv\/wp-content\/uploads\/sites\/31\/2020\/05\/Penosil_Window_Door_750ml_LV.jpg\",\"datePublished\":\"2020-04-19T04:02:46+00:00\",\"dateModified\":\"2026-04-12T00:06:14+00:00\",\"description\":\"\u042d\u043b\u0430\u0441\u0442\u0438\u0447\u043d\u0430\u044f \u043f\u0435\u043d\u0430 Penosil Window & Door Elastic foam \u0434\u043b\u044f \u043e\u043a\u043e\u043d \u0438 \u0434\u0432\u0435\u0440\u0435\u0439 \u043e\u0431\u043b\u0430\u0434\u0430\u0435\u0442 \u0432\u044b\u0441\u043e\u043a\u043e\u044d\u0444\u0444\u0435\u043a\u0442\u0438\u0432\u043d\u044b\u043c\u0438 \u0437\u0432\u0443\u043a\u043e- \u0438 \u0442\u0435\u043f\u043b\u043e\u0438\u0437\u043e\u043b\u044f\u0446\u0438\u043e\u043d\u043d\u044b\u043c\u0438 \u0441\u0432\u043e\u0439\u0441\u0442\u0432\u0430\u043c\u0438.\",\"breadcrumb\":{\"@id\":\"https:\/\/penosil.com\/lv\/gl_ru\/produkt\/window-door-elastic-straw-foam\/#breadcrumb\"},\"inLanguage\":\"gl-RU\",\"potentialAction\":[{\"@type\":\"ReadAction\",\"target\":[\"https:\/\/penosil.com\/lv\/gl_ru\/produkt\/window-door-elastic-straw-foam\/\"]}]},{\"@type\":\"ImageObject\",\"inLanguage\":\"gl-RU\",\"@id\":\"https:\/\/penosil.com\/lv\/gl_ru\/produkt\/window-door-elastic-straw-foam\/#primaryimage\",\"url\":\"https:\/\/penosil.com\/lv\/wp-content\/uploads\/sites\/31\/2020\/05\/Penosil_Window_Door_750ml_LV.jpg\",\"contentUrl\":\"https:\/\/penosil.com\/lv\/wp-content\/uploads\/sites\/31\/2020\/05\/Penosil_Window_Door_750ml_LV.jpg\",\"width\":396,\"height\":1080,\"caption\":\"PENOSIL Window & Door Elastic Elast\u012bg\u0101s logu un durvju mont\u0101\u017eas putas ar salmi\u0146aplikatoru\"},{\"@type\":\"BreadcrumbList\",\"@id\":\"https:\/\/penosil.com\/lv\/gl_ru\/produkt\/window-door-elastic-straw-foam\/#breadcrumb\",\"itemListElement\":[{\"@type\":\"ListItem\",\"position\":1,\"name\":\"\u0414\u043e\u043c\u0430\u0448\u043d\u044f\u044f \u0441\u0442\u0440\u0430\u043d\u0438\u0446\u0430\",\"item\":\"https:\/\/penosil.com\/lv\/gl_ru\/\"},{\"@type\":\"ListItem\",\"position\":2,\"name\":\"\u041f\u0440\u043e\u0434\u0443\u043a\u0446\u0438\u044f\",\"item\":\"https:\/\/penosil.com\/lv\/gl_ru\/produktsiya\/\"},{\"@type\":\"ListItem\",\"position\":3,\"name\":\"Window &amp; Door Elastic straw foam\"}]},{\"@type\":\"WebSite\",\"@id\":\"https:\/\/penosil.com\/lv\/#website\",\"url\":\"https:\/\/penosil.com\/lv\/\",\"name\":\"Penosil Latvia\",\"description\":\"\",\"potentialAction\":[{\"@type\":\"SearchAction\",\"target\":{\"@type\":\"EntryPoint\",\"urlTemplate\":\"https:\/\/penosil.com\/lv\/?s={search_term_string}\"},\"query-input\":{\"@type\":\"PropertyValueSpecification\",\"valueRequired\":true,\"valueName\":\"search_term_string\"}}],\"inLanguage\":\"gl-RU\"}]}<\/script>\n<!-- \/ Yoast SEO plugin. -->","yoast_head_json":{"title":"PENOSIL Window & Door Elastic Easy PRO \u041f\u0423 \u043f\u0435\u043d\u0430 \u0441 \u0442\u0440\u0443\u0431\u043e\u0447\u043a\u043e\u0439","description":"\u042d\u043b\u0430\u0441\u0442\u0438\u0447\u043d\u0430\u044f \u043f\u0435\u043d\u0430 Penosil Window & Door Elastic foam \u0434\u043b\u044f \u043e\u043a\u043e\u043d \u0438 \u0434\u0432\u0435\u0440\u0435\u0439 \u043e\u0431\u043b\u0430\u0434\u0430\u0435\u0442 \u0432\u044b\u0441\u043e\u043a\u043e\u044d\u0444\u0444\u0435\u043a\u0442\u0438\u0432\u043d\u044b\u043c\u0438 \u0437\u0432\u0443\u043a\u043e- \u0438 \u0442\u0435\u043f\u043b\u043e\u0438\u0437\u043e\u043b\u044f\u0446\u0438\u043e\u043d\u043d\u044b\u043c\u0438 \u0441\u0432\u043e\u0439\u0441\u0442\u0432\u0430\u043c\u0438.","robots":{"index":"index","follow":"follow","max-snippet":"max-snippet:-1","max-image-preview":"max-image-preview:large","max-video-preview":"max-video-preview:-1"},"canonical":"https:\/\/penosil.com\/lv\/gl_ru\/produkt\/window-door-elastic-straw-foam\/","og_locale":"en_US","og_type":"article","og_title":"PENOSIL Window & Door Elastic Easy PRO \u041f\u0423 \u043f\u0435\u043d\u0430 \u0441 \u0442\u0440\u0443\u0431\u043e\u0447\u043a\u043e\u0439","og_description":"\u042d\u043b\u0430\u0441\u0442\u0438\u0447\u043d\u0430\u044f \u043f\u0435\u043d\u0430 Penosil Window & Door Elastic foam \u0434\u043b\u044f \u043e\u043a\u043e\u043d \u0438 \u0434\u0432\u0435\u0440\u0435\u0439 \u043e\u0431\u043b\u0430\u0434\u0430\u0435\u0442 \u0432\u044b\u0441\u043e\u043a\u043e\u044d\u0444\u0444\u0435\u043a\u0442\u0438\u0432\u043d\u044b\u043c\u0438 \u0437\u0432\u0443\u043a\u043e- \u0438 \u0442\u0435\u043f\u043b\u043e\u0438\u0437\u043e\u043b\u044f\u0446\u0438\u043e\u043d\u043d\u044b\u043c\u0438 \u0441\u0432\u043e\u0439\u0441\u0442\u0432\u0430\u043c\u0438.","og_url":"https:\/\/penosil.com\/lv\/gl_ru\/produkt\/window-door-elastic-straw-foam\/","og_site_name":"Penosil Latvia","article_modified_time":"2026-04-12T00:06:14+00:00","og_image":[{"width":396,"height":1080,"url":"https:\/\/penosil.com\/lv\/wp-content\/uploads\/sites\/31\/2020\/05\/Penosil_Window_Door_750ml_LV.jpg","type":"image\/jpeg"}],"twitter_card":"summary_large_image","twitter_misc":{"Est. reading time":"4 minutes"},"schema":{"@context":"https:\/\/schema.org","@graph":[{"@type":"WebPage","@id":"https:\/\/penosil.com\/lv\/gl_ru\/produkt\/window-door-elastic-straw-foam\/","url":"https:\/\/penosil.com\/lv\/gl_ru\/produkt\/window-door-elastic-straw-foam\/","name":"PENOSIL Window & Door Elastic Easy PRO \u041f\u0423 \u043f\u0435\u043d\u0430 \u0441 \u0442\u0440\u0443\u0431\u043e\u0447\u043a\u043e\u0439","isPartOf":{"@id":"https:\/\/penosil.com\/lv\/#website"},"primaryImageOfPage":{"@id":"https:\/\/penosil.com\/lv\/gl_ru\/produkt\/window-door-elastic-straw-foam\/#primaryimage"},"image":{"@id":"https:\/\/penosil.com\/lv\/gl_ru\/produkt\/window-door-elastic-straw-foam\/#primaryimage"},"thumbnailUrl":"https:\/\/penosil.com\/lv\/wp-content\/uploads\/sites\/31\/2020\/05\/Penosil_Window_Door_750ml_LV.jpg","datePublished":"2020-04-19T04:02:46+00:00","dateModified":"2026-04-12T00:06:14+00:00","description":"\u042d\u043b\u0430\u0441\u0442\u0438\u0447\u043d\u0430\u044f \u043f\u0435\u043d\u0430 Penosil Window & Door Elastic foam \u0434\u043b\u044f \u043e\u043a\u043e\u043d \u0438 \u0434\u0432\u0435\u0440\u0435\u0439 \u043e\u0431\u043b\u0430\u0434\u0430\u0435\u0442 \u0432\u044b\u0441\u043e\u043a\u043e\u044d\u0444\u0444\u0435\u043a\u0442\u0438\u0432\u043d\u044b\u043c\u0438 \u0437\u0432\u0443\u043a\u043e- \u0438 \u0442\u0435\u043f\u043b\u043e\u0438\u0437\u043e\u043b\u044f\u0446\u0438\u043e\u043d\u043d\u044b\u043c\u0438 \u0441\u0432\u043e\u0439\u0441\u0442\u0432\u0430\u043c\u0438.","breadcrumb":{"@id":"https:\/\/penosil.com\/lv\/gl_ru\/produkt\/window-door-elastic-straw-foam\/#breadcrumb"},"inLanguage":"gl-RU","potentialAction":[{"@type":"ReadAction","target":["https:\/\/penosil.com\/lv\/gl_ru\/produkt\/window-door-elastic-straw-foam\/"]}]},{"@type":"ImageObject","inLanguage":"gl-RU","@id":"https:\/\/penosil.com\/lv\/gl_ru\/produkt\/window-door-elastic-straw-foam\/#primaryimage","url":"https:\/\/penosil.com\/lv\/wp-content\/uploads\/sites\/31\/2020\/05\/Penosil_Window_Door_750ml_LV.jpg","contentUrl":"https:\/\/penosil.com\/lv\/wp-content\/uploads\/sites\/31\/2020\/05\/Penosil_Window_Door_750ml_LV.jpg","width":396,"height":1080,"caption":"PENOSIL Window & Door Elastic Elast\u012bg\u0101s logu un durvju mont\u0101\u017eas putas ar salmi\u0146aplikatoru"},{"@type":"BreadcrumbList","@id":"https:\/\/penosil.com\/lv\/gl_ru\/produkt\/window-door-elastic-straw-foam\/#breadcrumb","itemListElement":[{"@type":"ListItem","position":1,"name":"\u0414\u043e\u043c\u0430\u0448\u043d\u044f\u044f \u0441\u0442\u0440\u0430\u043d\u0438\u0446\u0430","item":"https:\/\/penosil.com\/lv\/gl_ru\/"},{"@type":"ListItem","position":2,"name":"\u041f\u0440\u043e\u0434\u0443\u043a\u0446\u0438\u044f","item":"https:\/\/penosil.com\/lv\/gl_ru\/produktsiya\/"},{"@type":"ListItem","position":3,"name":"Window &amp; Door Elastic straw foam"}]},{"@type":"WebSite","@id":"https:\/\/penosil.com\/lv\/#website","url":"https:\/\/penosil.com\/lv\/","name":"Penosil Latvia","description":"","potentialAction":[{"@type":"SearchAction","target":{"@type":"EntryPoint","urlTemplate":"https:\/\/penosil.com\/lv\/?s={search_term_string}"},"query-input":{"@type":"PropertyValueSpecification","valueRequired":true,"valueName":"search_term_string"}}],"inLanguage":"gl-RU"}]}},"featured_img":"https:\/\/penosil.com\/lv\/wp-content\/uploads\/sites\/31\/2020\/05\/Penosil_Window_Door_750ml_LV.jpg","coauthors":[],"author_meta":{"author_link":"https:\/\/penosil.com\/lv\/gl_ru\/author\/","display_name":""},"relative_dates":{"created":"Posted 6 years ago","modified":"Updated 4 days ago"},"absolute_dates":{"created":"Posted on April 19, 2020","modified":"Updated on April 12, 2026"},"absolute_dates_time":{"created":"Posted on April 19, 2020 4:02 am","modified":"Updated on April 12, 2026 12:06 am"},"featured_img_caption":"","tax_additional":{"product_brand":{"linked":[],"unlinked":[],"slug":"product_brand","name":"Brands"},"product_type":{"linked":["<a href=\"https:\/\/penosil.com\/lv\/gl_ru\/?taxonomy=product_type&#038;term=simple\" class=\"advgb-post-tax-term\">simple<\/a>"],"unlinked":["<span class=\"advgb-post-tax-term\">simple<\/span>"],"slug":"product_type","name":"Product type"},"product_visibility":{"linked":[],"unlinked":[],"slug":"product_visibility","name":"Product visibility"},"product_cat":{"linked":["<a href=\"https:\/\/penosil.com\/lv\/gl_ru\/produktsiya\/gruppa-tovarov\/novyye-produkty\/\" class=\"advgb-post-tax-term\">\u041d\u043e\u0432\u044b\u0435 \u043f\u0440\u043e\u0434\u0443\u043a\u0442\u044b<\/a>","<a href=\"https:\/\/penosil.com\/lv\/gl_ru\/produktsiya\/gruppa-tovarov\/montazhnyye-peny\/\" class=\"advgb-post-tax-term\">\u041c\u043e\u043d\u0442\u0430\u0436\u043d\u044b\u0435 \u043f\u0435\u043d\u044b<\/a>","<a href=\"https:\/\/penosil.com\/lv\/gl_ru\/produktsiya\/gruppa-tovarov\/montazhnyye-peny\/trubochnyye-peny\/\" class=\"advgb-post-tax-term\">\u0422\u0440\u0443\u0431\u043e\u0447\u043d\u044b\u0435 \u043f\u0435\u043d\u044b<\/a>","<a href=\"https:\/\/penosil.com\/lv\/gl_ru\/produktsiya\/easypro-gl_ru\/dla-okon-i-dverej\/\" class=\"advgb-post-tax-term\">\u0414\u043b\u044f \u043e\u043a\u043e\u043d \u0438 \u0434\u0432\u0435\u0440\u0435\u0439<\/a>","<a href=\"https:\/\/penosil.com\/lv\/gl_ru\/produktsiya\/easypro-gl_ru\/\" class=\"advgb-post-tax-term\">EasyPro<\/a>"],"unlinked":["<span class=\"advgb-post-tax-term\">\u041d\u043e\u0432\u044b\u0435 \u043f\u0440\u043e\u0434\u0443\u043a\u0442\u044b<\/span>","<span class=\"advgb-post-tax-term\">\u041c\u043e\u043d\u0442\u0430\u0436\u043d\u044b\u0435 \u043f\u0435\u043d\u044b<\/span>","<span class=\"advgb-post-tax-term\">\u0422\u0440\u0443\u0431\u043e\u0447\u043d\u044b\u0435 \u043f\u0435\u043d\u044b<\/span>","<span class=\"advgb-post-tax-term\">\u0414\u043b\u044f \u043e\u043a\u043e\u043d \u0438 \u0434\u0432\u0435\u0440\u0435\u0439<\/span>","<span class=\"advgb-post-tax-term\">EasyPro<\/span>"],"slug":"product_cat","name":"Product categories"},"product_tag":{"linked":[],"unlinked":[],"slug":"product_tag","name":"Product tags"},"product_shipping_class":{"linked":[],"unlinked":[],"slug":"product_shipping_class","name":"Product shipping classes"},"pos_product_visibility":{"linked":[],"unlinked":[],"slug":"pos_product_visibility","name":"POS Product visibility"},"pa_color":{"linked":["<a href=\"https:\/\/penosil.com\/lv\/gl_ru\/?taxonomy=pa_color&#038;term=%d1%81%d0%b2%d0%b5%d1%82%d0%bb%d0%be-%d0%b7%d0%b5%d0%bb%d0%b5%d0%bd%d1%8b%d0%b9\" class=\"advgb-post-tax-term\">\u0421\u0432\u0435\u0442\u043b\u043e-\u0437\u0435\u043b\u0435\u043d\u044b\u0439<\/a>"],"unlinked":["<span class=\"advgb-post-tax-term\">\u0421\u0432\u0435\u0442\u043b\u043e-\u0437\u0435\u043b\u0435\u043d\u044b\u0439<\/span>"],"slug":"pa_color","name":"Product Colour"},"pa_diameter":{"linked":[],"unlinked":[],"slug":"pa_diameter","name":"Product Diameter"},"pa_package":{"linked":["<a href=\"https:\/\/penosil.com\/lv\/gl_ru\/?taxonomy=pa_package&#038;term=1000-ml-gl_ru\" class=\"advgb-post-tax-term\">1000 ml<\/a>"],"unlinked":["<span class=\"advgb-post-tax-term\">1000 ml<\/span>"],"slug":"pa_package","name":"Product Package"},"pa_roll":{"linked":[],"unlinked":[],"slug":"pa_roll","name":"Product Roll"},"pa_widths":{"linked":[],"unlinked":[],"slug":"pa_widths","name":"Product Widths"},"translation_priority":{"linked":["<a href=\"https:\/\/penosil.com\/lv\/gl_ru\/?taxonomy=translation_priority&#038;term=optional-gl_ru\" class=\"advgb-post-tax-term\">Optional<\/a>"],"unlinked":["<span class=\"advgb-post-tax-term\">Optional<\/span>"],"slug":"translation_priority","name":"Translation Priorities"}},"series_order":"","_links":{"self":[{"href":"https:\/\/penosil.com\/lv\/gl_ru\/wp-json\/wp\/v2\/product\/15212","targetHints":{"allow":["GET"]}}],"collection":[{"href":"https:\/\/penosil.com\/lv\/gl_ru\/wp-json\/wp\/v2\/product"}],"about":[{"href":"https:\/\/penosil.com\/lv\/gl_ru\/wp-json\/wp\/v2\/types\/product"}],"version-history":[{"count":6,"href":"https:\/\/penosil.com\/lv\/gl_ru\/wp-json\/wp\/v2\/product\/15212\/revisions"}],"predecessor-version":[{"id":33412,"href":"https:\/\/penosil.com\/lv\/gl_ru\/wp-json\/wp\/v2\/product\/15212\/revisions\/33412"}],"wp:featuredmedia":[{"embeddable":true,"href":"https:\/\/penosil.com\/lv\/gl_ru\/wp-json\/wp\/v2\/media\/27807"}],"wp:attachment":[{"href":"https:\/\/penosil.com\/lv\/gl_ru\/wp-json\/wp\/v2\/media?parent=15212"}],"wp:term":[{"taxonomy":"product_brand","embeddable":true,"href":"https:\/\/penosil.com\/lv\/gl_ru\/wp-json\/wp\/v2\/product_brand?post=15212"},{"taxonomy":"product_cat","embeddable":true,"href":"https:\/\/penosil.com\/lv\/gl_ru\/wp-json\/wp\/v2\/product_cat?post=15212"},{"taxonomy":"product_tag","embeddable":true,"href":"https:\/\/penosil.com\/lv\/gl_ru\/wp-json\/wp\/v2\/product_tag?post=15212"}],"curies":[{"name":"wp","href":"https:\/\/api.w.org\/{rel}","templated":true}]}}