{"id":24851,"date":"2020-07-08T10:12:02","date_gmt":"2020-07-08T10:12:02","guid":{"rendered":"https:\/\/penosil.com\/lv\/?post_type=product&#038;p=24851"},"modified":"2026-04-01T09:57:02","modified_gmt":"2026-04-01T09:57:02","slug":"premium-sealing-tape-internal","status":"publish","type":"product","link":"https:\/\/penosil.com\/lv\/gl_ru\/produkt\/premium-sealing-tape-internal\/","title":{"rendered":"Window Tape Internal 420"},"content":{"rendered":"<p>PENOSIL Window Tape Internal 420 &#8211; \u041f\u0430\u0440\u043e\u0438\u0437\u043e\u043b\u044f\u0446\u0438\u043e\u043d\u043d\u0430\u044f \u043b\u0435\u043d\u0442\u0430 \u0434\u043b\u044f \u0437\u0430\u0449\u0438\u0442\u044b \u043e\u043a\u043e\u043d\u043d\u044b\u0445 \u0438 \u0434\u0432\u0435\u0440\u043d\u044b\u0445 \u0448\u0432\u043e\u0432 \u0438\u0437\u043d\u0443\u0442\u0440\u0438. \u041e\u0431\u0435\u0441\u043f\u0435\u0447\u0438\u0432\u0430\u0435\u0442 \u0433\u0435\u0440\u043c\u0435\u0442\u0438\u0447\u043d\u043e\u0441\u0442\u044c, \u0437\u0430\u0449\u0438\u0449\u0430\u0435\u0442 \u043e\u043a\u043e\u043d\u043d\u044b\u0435 \u0438 \u0434\u0432\u0435\u0440\u043d\u044b\u0435 \u0448\u0432\u044b \u0438 \u043f\u0440\u0435\u0434\u043e\u0442\u0432\u0440\u0430\u0449\u0430\u0435\u0442 \u043f\u043e\u043f\u0430\u0434\u0430\u043d\u0438\u0435 \u0432\u043b\u0430\u0433\u0438 \u0432 \u0441\u0442\u0440\u043e\u0438\u0442\u0435\u043b\u044c\u043d\u044b\u0439 \u043f\u0435\u043d\u043e\u043f\u043b\u0430\u0441\u0442 \u0438 \u043a\u043e\u043d\u0441\u0442\u0440\u0443\u043a\u0446\u0438\u0438 \u0441\u0442\u0435\u043d.<\/p>\n","protected":false},"excerpt":{"rendered":"\u0412\u043d\u0443\u0442\u0440\u0435\u043d\u043d\u044f\u044f \u043f\u0430\u0440\u043e\u0438\u0437\u043e\u043b\u044f\u0446\u0438\u043e\u043d\u043d\u0430\u044f \u043b\u0435\u043d\u0442\u0430","protected":false},"author":1,"featured_media":32325,"template":"","meta":{"_acf_changed":false,"advgb_blocks_editor_width":"","advgb_blocks_columns_visual_guide":"","footnotes":""},"product_brand":[],"product_cat":[1286],"product_tag":[],"class_list":{"0":"post-24851","1":"product","2":"type-product","3":"status-publish","4":"has-post-thumbnail","6":"product_cat-okna-i-dveri","8":"first","9":"instock","10":"taxable","11":"shipping-taxable","12":"purchasable","13":"product-type-variable","14":"has-default-attributes"},"acf":[],"yoast_head":"<!-- This site is optimized with the Yoast SEO plugin v27.2 - https:\/\/yoast.com\/product\/yoast-seo-wordpress\/ -->\n<title>\u041f\u0430\u0440\u043e\u0438\u0437\u043e\u043b\u044f\u0446\u0438\u043e\u043d\u043d\u0430\u044f \u043b\u0435\u043d\u0442\u0430 PENOSIL Window Tape Internal 420<\/title>\n<meta name=\"description\" content=\"PENOSIL Window Tape Internal 420 \u0434\u043b\u044f \u0437\u0430\u0449\u0438\u0442\u044b \u043e\u043a\u043e\u043d\u043d\u044b\u0445 \u0438 \u0434\u0432\u0435\u0440\u043d\u044b\u0445 \u0448\u0432\u043e\u0432 \u0438\u0437\u043d\u0443\u0442\u0440\u0438. \u041e\u0431\u0435\u0441\u043f\u0435\u0447\u0438\u0432\u0430\u0435\u0442 \u0433\u0435\u0440\u043c\u0435\u0442\u0438\u0447\u043d\u043e\u0441\u0442\u044c \u0438 \u0437\u0430\u0449\u0438\u0449\u0430\u0435\u0442 \u0448\u0432\u044b. \u041f\u043e\u0434\u0440\u043e\u0431\u043d\u0435\u0435.\" \/>\n<meta name=\"robots\" content=\"index, follow, max-snippet:-1, max-image-preview:large, max-video-preview:-1\" \/>\n<link rel=\"canonical\" href=\"https:\/\/penosil.com\/lv\/gl_ru\/produkt\/premium-sealing-tape-internal\/\" \/>\n<meta property=\"og:locale\" content=\"en_US\" \/>\n<meta property=\"og:type\" content=\"article\" \/>\n<meta property=\"og:title\" content=\"\u041f\u0430\u0440\u043e\u0438\u0437\u043e\u043b\u044f\u0446\u0438\u043e\u043d\u043d\u0430\u044f \u043b\u0435\u043d\u0442\u0430 PENOSIL Window Tape Internal 420\" \/>\n<meta property=\"og:description\" content=\"PENOSIL Window Tape Internal 420 \u0434\u043b\u044f \u0437\u0430\u0449\u0438\u0442\u044b \u043e\u043a\u043e\u043d\u043d\u044b\u0445 \u0438 \u0434\u0432\u0435\u0440\u043d\u044b\u0445 \u0448\u0432\u043e\u0432 \u0438\u0437\u043d\u0443\u0442\u0440\u0438. \u041e\u0431\u0435\u0441\u043f\u0435\u0447\u0438\u0432\u0430\u0435\u0442 \u0433\u0435\u0440\u043c\u0435\u0442\u0438\u0447\u043d\u043e\u0441\u0442\u044c \u0438 \u0437\u0430\u0449\u0438\u0449\u0430\u0435\u0442 \u0448\u0432\u044b. \u041f\u043e\u0434\u0440\u043e\u0431\u043d\u0435\u0435.\" \/>\n<meta property=\"og:url\" content=\"https:\/\/penosil.com\/lv\/gl_ru\/produkt\/premium-sealing-tape-internal\/\" \/>\n<meta property=\"og:site_name\" content=\"Penosil Latvia\" \/>\n<meta property=\"article:modified_time\" content=\"2026-04-01T09:57:02+00:00\" \/>\n<meta property=\"og:image\" content=\"https:\/\/penosil.com\/lv\/wp-content\/uploads\/sites\/31\/2020\/07\/420_Window_Tape_Internal_420_LT_LV_RO_RU.png\" \/>\n\t<meta property=\"og:image:width\" content=\"800\" \/>\n\t<meta property=\"og:image:height\" content=\"428\" \/>\n\t<meta property=\"og:image:type\" content=\"image\/png\" \/>\n<meta name=\"twitter:card\" content=\"summary_large_image\" \/>\n<meta name=\"twitter:label1\" content=\"Est. reading time\" \/>\n\t<meta name=\"twitter:data1\" content=\"3 minutes\" \/>\n<script type=\"application\/ld+json\" class=\"yoast-schema-graph\">{\"@context\":\"https:\/\/schema.org\",\"@graph\":[{\"@type\":\"WebPage\",\"@id\":\"https:\/\/penosil.com\/lv\/gl_ru\/produkt\/premium-sealing-tape-internal\/\",\"url\":\"https:\/\/penosil.com\/lv\/gl_ru\/produkt\/premium-sealing-tape-internal\/\",\"name\":\"\u041f\u0430\u0440\u043e\u0438\u0437\u043e\u043b\u044f\u0446\u0438\u043e\u043d\u043d\u0430\u044f \u043b\u0435\u043d\u0442\u0430 PENOSIL Window Tape Internal 420\",\"isPartOf\":{\"@id\":\"https:\/\/penosil.com\/lv\/#website\"},\"primaryImageOfPage\":{\"@id\":\"https:\/\/penosil.com\/lv\/gl_ru\/produkt\/premium-sealing-tape-internal\/#primaryimage\"},\"image\":{\"@id\":\"https:\/\/penosil.com\/lv\/gl_ru\/produkt\/premium-sealing-tape-internal\/#primaryimage\"},\"thumbnailUrl\":\"https:\/\/penosil.com\/lv\/wp-content\/uploads\/sites\/31\/2025\/06\/420_Window_Tape_Internal_420_LT_LV_RO_RU.png\",\"datePublished\":\"2020-07-08T10:12:02+00:00\",\"dateModified\":\"2026-04-01T09:57:02+00:00\",\"description\":\"PENOSIL Window Tape Internal 420 \u0434\u043b\u044f \u0437\u0430\u0449\u0438\u0442\u044b \u043e\u043a\u043e\u043d\u043d\u044b\u0445 \u0438 \u0434\u0432\u0435\u0440\u043d\u044b\u0445 \u0448\u0432\u043e\u0432 \u0438\u0437\u043d\u0443\u0442\u0440\u0438. \u041e\u0431\u0435\u0441\u043f\u0435\u0447\u0438\u0432\u0430\u0435\u0442 \u0433\u0435\u0440\u043c\u0435\u0442\u0438\u0447\u043d\u043e\u0441\u0442\u044c \u0438 \u0437\u0430\u0449\u0438\u0449\u0430\u0435\u0442 \u0448\u0432\u044b. \u041f\u043e\u0434\u0440\u043e\u0431\u043d\u0435\u0435.\",\"breadcrumb\":{\"@id\":\"https:\/\/penosil.com\/lv\/gl_ru\/produkt\/premium-sealing-tape-internal\/#breadcrumb\"},\"inLanguage\":\"gl-RU\",\"potentialAction\":[{\"@type\":\"ReadAction\",\"target\":[\"https:\/\/penosil.com\/lv\/gl_ru\/produkt\/premium-sealing-tape-internal\/\"]}]},{\"@type\":\"ImageObject\",\"inLanguage\":\"gl-RU\",\"@id\":\"https:\/\/penosil.com\/lv\/gl_ru\/produkt\/premium-sealing-tape-internal\/#primaryimage\",\"url\":\"https:\/\/penosil.com\/lv\/wp-content\/uploads\/sites\/31\/2025\/06\/420_Window_Tape_Internal_420_LT_LV_RO_RU.png\",\"contentUrl\":\"https:\/\/penosil.com\/lv\/wp-content\/uploads\/sites\/31\/2025\/06\/420_Window_Tape_Internal_420_LT_LV_RO_RU.png\",\"width\":800,\"height\":428,\"caption\":\"Window Tape Internal 420 Iek\u0161\u0113j\u0101 tvaiku izol\u0101cijas lente kast\u0113\"},{\"@type\":\"BreadcrumbList\",\"@id\":\"https:\/\/penosil.com\/lv\/gl_ru\/produkt\/premium-sealing-tape-internal\/#breadcrumb\",\"itemListElement\":[{\"@type\":\"ListItem\",\"position\":1,\"name\":\"\u0414\u043e\u043c\u0430\u0448\u043d\u044f\u044f \u0441\u0442\u0440\u0430\u043d\u0438\u0446\u0430\",\"item\":\"https:\/\/penosil.com\/lv\/gl_ru\/\"},{\"@type\":\"ListItem\",\"position\":2,\"name\":\"\u041f\u0440\u043e\u0434\u0443\u043a\u0446\u0438\u044f\",\"item\":\"https:\/\/penosil.com\/lv\/gl_ru\/produktsiya\/\"},{\"@type\":\"ListItem\",\"position\":3,\"name\":\"Window Tape Internal 420\"}]},{\"@type\":\"WebSite\",\"@id\":\"https:\/\/penosil.com\/lv\/#website\",\"url\":\"https:\/\/penosil.com\/lv\/\",\"name\":\"Penosil Latvia\",\"description\":\"\",\"potentialAction\":[{\"@type\":\"SearchAction\",\"target\":{\"@type\":\"EntryPoint\",\"urlTemplate\":\"https:\/\/penosil.com\/lv\/?s={search_term_string}\"},\"query-input\":{\"@type\":\"PropertyValueSpecification\",\"valueRequired\":true,\"valueName\":\"search_term_string\"}}],\"inLanguage\":\"gl-RU\"}]}<\/script>\n<!-- \/ Yoast SEO plugin. -->","yoast_head_json":{"title":"\u041f\u0430\u0440\u043e\u0438\u0437\u043e\u043b\u044f\u0446\u0438\u043e\u043d\u043d\u0430\u044f \u043b\u0435\u043d\u0442\u0430 PENOSIL Window Tape Internal 420","description":"PENOSIL Window Tape Internal 420 \u0434\u043b\u044f \u0437\u0430\u0449\u0438\u0442\u044b \u043e\u043a\u043e\u043d\u043d\u044b\u0445 \u0438 \u0434\u0432\u0435\u0440\u043d\u044b\u0445 \u0448\u0432\u043e\u0432 \u0438\u0437\u043d\u0443\u0442\u0440\u0438. \u041e\u0431\u0435\u0441\u043f\u0435\u0447\u0438\u0432\u0430\u0435\u0442 \u0433\u0435\u0440\u043c\u0435\u0442\u0438\u0447\u043d\u043e\u0441\u0442\u044c \u0438 \u0437\u0430\u0449\u0438\u0449\u0430\u0435\u0442 \u0448\u0432\u044b. \u041f\u043e\u0434\u0440\u043e\u0431\u043d\u0435\u0435.","robots":{"index":"index","follow":"follow","max-snippet":"max-snippet:-1","max-image-preview":"max-image-preview:large","max-video-preview":"max-video-preview:-1"},"canonical":"https:\/\/penosil.com\/lv\/gl_ru\/produkt\/premium-sealing-tape-internal\/","og_locale":"en_US","og_type":"article","og_title":"\u041f\u0430\u0440\u043e\u0438\u0437\u043e\u043b\u044f\u0446\u0438\u043e\u043d\u043d\u0430\u044f \u043b\u0435\u043d\u0442\u0430 PENOSIL Window Tape Internal 420","og_description":"PENOSIL Window Tape Internal 420 \u0434\u043b\u044f \u0437\u0430\u0449\u0438\u0442\u044b \u043e\u043a\u043e\u043d\u043d\u044b\u0445 \u0438 \u0434\u0432\u0435\u0440\u043d\u044b\u0445 \u0448\u0432\u043e\u0432 \u0438\u0437\u043d\u0443\u0442\u0440\u0438. \u041e\u0431\u0435\u0441\u043f\u0435\u0447\u0438\u0432\u0430\u0435\u0442 \u0433\u0435\u0440\u043c\u0435\u0442\u0438\u0447\u043d\u043e\u0441\u0442\u044c \u0438 \u0437\u0430\u0449\u0438\u0449\u0430\u0435\u0442 \u0448\u0432\u044b. \u041f\u043e\u0434\u0440\u043e\u0431\u043d\u0435\u0435.","og_url":"https:\/\/penosil.com\/lv\/gl_ru\/produkt\/premium-sealing-tape-internal\/","og_site_name":"Penosil Latvia","article_modified_time":"2026-04-01T09:57:02+00:00","og_image":[{"width":800,"height":428,"url":"https:\/\/penosil.com\/lv\/wp-content\/uploads\/sites\/31\/2020\/07\/420_Window_Tape_Internal_420_LT_LV_RO_RU.png","type":"image\/png"}],"twitter_card":"summary_large_image","twitter_misc":{"Est. reading time":"3 minutes"},"schema":{"@context":"https:\/\/schema.org","@graph":[{"@type":"WebPage","@id":"https:\/\/penosil.com\/lv\/gl_ru\/produkt\/premium-sealing-tape-internal\/","url":"https:\/\/penosil.com\/lv\/gl_ru\/produkt\/premium-sealing-tape-internal\/","name":"\u041f\u0430\u0440\u043e\u0438\u0437\u043e\u043b\u044f\u0446\u0438\u043e\u043d\u043d\u0430\u044f \u043b\u0435\u043d\u0442\u0430 PENOSIL Window Tape Internal 420","isPartOf":{"@id":"https:\/\/penosil.com\/lv\/#website"},"primaryImageOfPage":{"@id":"https:\/\/penosil.com\/lv\/gl_ru\/produkt\/premium-sealing-tape-internal\/#primaryimage"},"image":{"@id":"https:\/\/penosil.com\/lv\/gl_ru\/produkt\/premium-sealing-tape-internal\/#primaryimage"},"thumbnailUrl":"https:\/\/penosil.com\/lv\/wp-content\/uploads\/sites\/31\/2025\/06\/420_Window_Tape_Internal_420_LT_LV_RO_RU.png","datePublished":"2020-07-08T10:12:02+00:00","dateModified":"2026-04-01T09:57:02+00:00","description":"PENOSIL Window Tape Internal 420 \u0434\u043b\u044f \u0437\u0430\u0449\u0438\u0442\u044b \u043e\u043a\u043e\u043d\u043d\u044b\u0445 \u0438 \u0434\u0432\u0435\u0440\u043d\u044b\u0445 \u0448\u0432\u043e\u0432 \u0438\u0437\u043d\u0443\u0442\u0440\u0438. \u041e\u0431\u0435\u0441\u043f\u0435\u0447\u0438\u0432\u0430\u0435\u0442 \u0433\u0435\u0440\u043c\u0435\u0442\u0438\u0447\u043d\u043e\u0441\u0442\u044c \u0438 \u0437\u0430\u0449\u0438\u0449\u0430\u0435\u0442 \u0448\u0432\u044b. \u041f\u043e\u0434\u0440\u043e\u0431\u043d\u0435\u0435.","breadcrumb":{"@id":"https:\/\/penosil.com\/lv\/gl_ru\/produkt\/premium-sealing-tape-internal\/#breadcrumb"},"inLanguage":"gl-RU","potentialAction":[{"@type":"ReadAction","target":["https:\/\/penosil.com\/lv\/gl_ru\/produkt\/premium-sealing-tape-internal\/"]}]},{"@type":"ImageObject","inLanguage":"gl-RU","@id":"https:\/\/penosil.com\/lv\/gl_ru\/produkt\/premium-sealing-tape-internal\/#primaryimage","url":"https:\/\/penosil.com\/lv\/wp-content\/uploads\/sites\/31\/2025\/06\/420_Window_Tape_Internal_420_LT_LV_RO_RU.png","contentUrl":"https:\/\/penosil.com\/lv\/wp-content\/uploads\/sites\/31\/2025\/06\/420_Window_Tape_Internal_420_LT_LV_RO_RU.png","width":800,"height":428,"caption":"Window Tape Internal 420 Iek\u0161\u0113j\u0101 tvaiku izol\u0101cijas lente kast\u0113"},{"@type":"BreadcrumbList","@id":"https:\/\/penosil.com\/lv\/gl_ru\/produkt\/premium-sealing-tape-internal\/#breadcrumb","itemListElement":[{"@type":"ListItem","position":1,"name":"\u0414\u043e\u043c\u0430\u0448\u043d\u044f\u044f \u0441\u0442\u0440\u0430\u043d\u0438\u0446\u0430","item":"https:\/\/penosil.com\/lv\/gl_ru\/"},{"@type":"ListItem","position":2,"name":"\u041f\u0440\u043e\u0434\u0443\u043a\u0446\u0438\u044f","item":"https:\/\/penosil.com\/lv\/gl_ru\/produktsiya\/"},{"@type":"ListItem","position":3,"name":"Window Tape Internal 420"}]},{"@type":"WebSite","@id":"https:\/\/penosil.com\/lv\/#website","url":"https:\/\/penosil.com\/lv\/","name":"Penosil Latvia","description":"","potentialAction":[{"@type":"SearchAction","target":{"@type":"EntryPoint","urlTemplate":"https:\/\/penosil.com\/lv\/?s={search_term_string}"},"query-input":{"@type":"PropertyValueSpecification","valueRequired":true,"valueName":"search_term_string"}}],"inLanguage":"gl-RU"}]}},"featured_img":"https:\/\/penosil.com\/lv\/wp-content\/uploads\/sites\/31\/2025\/06\/420_Window_Tape_Internal_420_LT_LV_RO_RU.png","coauthors":[],"author_meta":{"author_link":"https:\/\/penosil.com\/lv\/gl_ru\/author\/reaktiiv-pe\/","display_name":"reaktiiv-pe"},"relative_dates":{"created":"Posted 6 years ago","modified":"Updated 2 weeks ago"},"absolute_dates":{"created":"Posted on July 8, 2020","modified":"Updated on April 1, 2026"},"absolute_dates_time":{"created":"Posted on July 8, 2020 10:12 am","modified":"Updated on April 1, 2026 9:57 am"},"featured_img_caption":"","tax_additional":{"product_brand":{"linked":[],"unlinked":[],"slug":"product_brand","name":"Brands"},"product_type":{"linked":["<a href=\"https:\/\/penosil.com\/lv\/gl_ru\/?taxonomy=product_type&#038;term=variable\" class=\"advgb-post-tax-term\">variable<\/a>"],"unlinked":["<span class=\"advgb-post-tax-term\">variable<\/span>"],"slug":"product_type","name":"Product type"},"product_visibility":{"linked":[],"unlinked":[],"slug":"product_visibility","name":"Product visibility"},"product_cat":{"linked":["<a href=\"https:\/\/penosil.com\/lv\/gl_ru\/produktsiya\/oblasti-primeneniya\/okna-i-dveri\/\" class=\"advgb-post-tax-term\">\u041e\u043a\u043d\u0430 \u0438 \u0434\u0432\u0435\u0440\u0438<\/a>"],"unlinked":["<span class=\"advgb-post-tax-term\">\u041e\u043a\u043d\u0430 \u0438 \u0434\u0432\u0435\u0440\u0438<\/span>"],"slug":"product_cat","name":"Product categories"},"product_tag":{"linked":[],"unlinked":[],"slug":"product_tag","name":"Product tags"},"product_shipping_class":{"linked":[],"unlinked":[],"slug":"product_shipping_class","name":"Product shipping classes"},"pos_product_visibility":{"linked":[],"unlinked":[],"slug":"pos_product_visibility","name":"POS Product visibility"},"pa_color":{"linked":["<a href=\"https:\/\/penosil.com\/lv\/gl_ru\/?taxonomy=pa_color&#038;term=%d0%b6%d0%b5%d0%bb%d1%82%d1%8b%d0%b9\" class=\"advgb-post-tax-term\">\u0416\u0435\u043b\u0442\u044b\u0439<\/a>"],"unlinked":["<span class=\"advgb-post-tax-term\">\u0416\u0435\u043b\u0442\u044b\u0439<\/span>"],"slug":"pa_color","name":"Product Colour"},"pa_diameter":{"linked":[],"unlinked":[],"slug":"pa_diameter","name":"Product Diameter"},"pa_package":{"linked":["<a href=\"https:\/\/penosil.com\/lv\/gl_ru\/?taxonomy=pa_package&#038;term=70-mm-gl_ru\" class=\"advgb-post-tax-term\">70 mm<\/a>","<a href=\"https:\/\/penosil.com\/lv\/gl_ru\/?taxonomy=pa_package&#038;term=100-mm-gl_ru\" class=\"advgb-post-tax-term\">100 mm<\/a>","<a href=\"https:\/\/penosil.com\/lv\/gl_ru\/?taxonomy=pa_package&#038;term=150-mm-gl_ru\" class=\"advgb-post-tax-term\">150 mm<\/a>"],"unlinked":["<span class=\"advgb-post-tax-term\">70 mm<\/span>","<span class=\"advgb-post-tax-term\">100 mm<\/span>","<span class=\"advgb-post-tax-term\">150 mm<\/span>"],"slug":"pa_package","name":"Product Package"},"pa_roll":{"linked":[],"unlinked":[],"slug":"pa_roll","name":"Product Roll"},"pa_widths":{"linked":[],"unlinked":[],"slug":"pa_widths","name":"Product Widths"},"translation_priority":{"linked":["<a href=\"https:\/\/penosil.com\/lv\/gl_ru\/?taxonomy=translation_priority&#038;term=optional-gl_ru\" class=\"advgb-post-tax-term\">Optional<\/a>"],"unlinked":["<span class=\"advgb-post-tax-term\">Optional<\/span>"],"slug":"translation_priority","name":"Translation Priorities"}},"series_order":"","_links":{"self":[{"href":"https:\/\/penosil.com\/lv\/gl_ru\/wp-json\/wp\/v2\/product\/24851","targetHints":{"allow":["GET"]}}],"collection":[{"href":"https:\/\/penosil.com\/lv\/gl_ru\/wp-json\/wp\/v2\/product"}],"about":[{"href":"https:\/\/penosil.com\/lv\/gl_ru\/wp-json\/wp\/v2\/types\/product"}],"version-history":[{"count":4,"href":"https:\/\/penosil.com\/lv\/gl_ru\/wp-json\/wp\/v2\/product\/24851\/revisions"}],"predecessor-version":[{"id":33254,"href":"https:\/\/penosil.com\/lv\/gl_ru\/wp-json\/wp\/v2\/product\/24851\/revisions\/33254"}],"wp:featuredmedia":[{"embeddable":true,"href":"https:\/\/penosil.com\/lv\/gl_ru\/wp-json\/wp\/v2\/media\/32325"}],"wp:attachment":[{"href":"https:\/\/penosil.com\/lv\/gl_ru\/wp-json\/wp\/v2\/media?parent=24851"}],"wp:term":[{"taxonomy":"product_brand","embeddable":true,"href":"https:\/\/penosil.com\/lv\/gl_ru\/wp-json\/wp\/v2\/product_brand?post=24851"},{"taxonomy":"product_cat","embeddable":true,"href":"https:\/\/penosil.com\/lv\/gl_ru\/wp-json\/wp\/v2\/product_cat?post=24851"},{"taxonomy":"product_tag","embeddable":true,"href":"https:\/\/penosil.com\/lv\/gl_ru\/wp-json\/wp\/v2\/product_tag?post=24851"}],"curies":[{"name":"wp","href":"https:\/\/api.w.org\/{rel}","templated":true}]}}