{"id":24888,"date":"2020-07-08T11:42:30","date_gmt":"2020-07-08T11:42:30","guid":{"rendered":"https:\/\/penosil.com\/lv\/?post_type=product&#038;p=24888"},"modified":"2026-04-12T00:06:11","modified_gmt":"2026-04-12T00:06:11","slug":"easypro-all-purpose","status":"publish","type":"product","link":"https:\/\/penosil.com\/lv\/gl_ru\/produkt\/easypro-all-purpose\/","title":{"rendered":"EasyPRO All Purpose"},"content":{"rendered":"<p>\u041f\u0435\u043d\u0430-\u0433\u0435\u0440\u043c\u0435\u0442\u0438\u043a \u0441 \u0443\u043d\u0438\u043a\u0430\u043b\u044c\u043d\u044b\u043c \u0430\u043f\u043f\u043b\u0438\u043a\u0430\u0442\u043e\u0440\u043e\u043c \u0434\u043b\u044f \u0433\u0435\u0440\u043c\u0435\u0442\u0438\u0437\u0430\u0446\u0438\u0438 \u0432\u0441\u0435\u0445 \u0442\u0438\u043f\u043e\u0432 \u0448\u0432\u043e\u0432.<\/p>\n","protected":false},"excerpt":{"rendered":"\u041f\u043e\u043b\u0438\u0443\u0440\u0435\u0442\u0430\u043d\u043e\u0432\u0430\u044f \u043f\u0435\u043d\u0430 \u0441 \u0443\u043d\u0438\u043a\u0430\u043b\u044c\u043d\u044b\u043c \u0430\u043f\u043f\u043b\u0438\u043a\u0430\u0442\u043e\u0440\u043e\u043c","protected":false},"author":1,"featured_media":18334,"template":"","meta":{"_acf_changed":false,"advgb_blocks_editor_width":"","advgb_blocks_columns_visual_guide":"","footnotes":""},"product_brand":[],"product_cat":[1533,2514,1493,2513],"product_tag":[],"class_list":{"0":"post-24888","1":"product","2":"type-product","3":"status-publish","4":"has-post-thumbnail","6":"product_cat-pistoletnyye-peny","7":"product_cat-dla-mnogocelevogo-primenenija","8":"product_cat-montazhnyye-peny","9":"product_cat-easypro-gl_ru","11":"first","12":"instock","13":"taxable","14":"shipping-taxable","15":"purchasable","16":"product-type-simple"},"acf":[],"yoast_head":"<!-- This site is optimized with the Yoast SEO plugin v27.2 - https:\/\/yoast.com\/product\/yoast-seo-wordpress\/ -->\n<title>\u041f\u0435\u043d\u0430-\u0433\u0435\u0440\u043c\u0435\u0442\u0438\u043a PENOSIL EasyPRO All Purpose - EasyPRO<\/title>\n<meta name=\"description\" content=\"\u041f\u0435\u043d\u0430-\u0433\u0435\u0440\u043c\u0435\u0442\u0438\u043a PENOSIL EasyPRO All Purpose \u0441 \u0443\u043d\u0438\u043a\u0430\u043b\u044c\u043d\u044b\u043c \u0430\u043f\u043f\u043b\u0438\u043a\u0430\u0442\u043e\u0440\u043e\u043c \u0434\u0430\u0435\u0442 \u0432 2 \u0440\u0430\u0437\u0430 \u0431\u043e\u043b\u044c\u0448\u0438\u0439 \u0432\u044b\u0445\u043e\u0434 \u0438 \u0432 1,5 \u0440\u0430\u0437\u0430 \u043b\u0443\u0447\u0448\u0443\u044e \u0437\u0432\u0443\u043a\u043e- \u0438 \u0442\u0435\u043f\u043b\u043e\u0438\u0437\u043e\u043b\u044f\u0446\u0438\u044e.\" \/>\n<meta name=\"robots\" content=\"index, follow, max-snippet:-1, max-image-preview:large, max-video-preview:-1\" \/>\n<link rel=\"canonical\" href=\"https:\/\/penosil.com\/lv\/gl_ru\/produkt\/easypro-all-purpose\/\" \/>\n<meta property=\"og:locale\" content=\"en_US\" \/>\n<meta property=\"og:type\" content=\"article\" \/>\n<meta property=\"og:title\" content=\"\u041f\u0435\u043d\u0430-\u0433\u0435\u0440\u043c\u0435\u0442\u0438\u043a PENOSIL EasyPRO All Purpose - EasyPRO\" \/>\n<meta property=\"og:description\" content=\"\u041f\u0435\u043d\u0430-\u0433\u0435\u0440\u043c\u0435\u0442\u0438\u043a PENOSIL EasyPRO All Purpose \u0441 \u0443\u043d\u0438\u043a\u0430\u043b\u044c\u043d\u044b\u043c \u0430\u043f\u043f\u043b\u0438\u043a\u0430\u0442\u043e\u0440\u043e\u043c \u0434\u0430\u0435\u0442 \u0432 2 \u0440\u0430\u0437\u0430 \u0431\u043e\u043b\u044c\u0448\u0438\u0439 \u0432\u044b\u0445\u043e\u0434 \u0438 \u0432 1,5 \u0440\u0430\u0437\u0430 \u043b\u0443\u0447\u0448\u0443\u044e \u0437\u0432\u0443\u043a\u043e- \u0438 \u0442\u0435\u043f\u043b\u043e\u0438\u0437\u043e\u043b\u044f\u0446\u0438\u044e.\" \/>\n<meta property=\"og:url\" content=\"https:\/\/penosil.com\/lv\/gl_ru\/produkt\/easypro-all-purpose\/\" \/>\n<meta property=\"og:site_name\" content=\"Penosil Latvia\" \/>\n<meta property=\"article:modified_time\" content=\"2026-04-12T00:06:11+00:00\" \/>\n<meta property=\"og:image\" content=\"https:\/\/penosil.com\/lv\/wp-content\/uploads\/sites\/31\/2020\/05\/MKR_2792_PENOSIL_EasyPRO_All_Purpose_Foam_Sealant_750ml_LV_RU.jpg\" \/>\n\t<meta property=\"og:image:width\" content=\"1025\" \/>\n\t<meta property=\"og:image:height\" content=\"2560\" \/>\n\t<meta property=\"og:image:type\" content=\"image\/jpeg\" \/>\n<meta name=\"twitter:card\" content=\"summary_large_image\" \/>\n<meta name=\"twitter:label1\" content=\"Est. reading time\" \/>\n\t<meta name=\"twitter:data1\" content=\"5 minutes\" \/>\n<script type=\"application\/ld+json\" class=\"yoast-schema-graph\">{\"@context\":\"https:\/\/schema.org\",\"@graph\":[{\"@type\":\"WebPage\",\"@id\":\"https:\/\/penosil.com\/lv\/gl_ru\/produkt\/easypro-all-purpose\/\",\"url\":\"https:\/\/penosil.com\/lv\/gl_ru\/produkt\/easypro-all-purpose\/\",\"name\":\"\u041f\u0435\u043d\u0430-\u0433\u0435\u0440\u043c\u0435\u0442\u0438\u043a PENOSIL EasyPRO All Purpose - EasyPRO\",\"isPartOf\":{\"@id\":\"https:\/\/penosil.com\/lv\/#website\"},\"primaryImageOfPage\":{\"@id\":\"https:\/\/penosil.com\/lv\/gl_ru\/produkt\/easypro-all-purpose\/#primaryimage\"},\"image\":{\"@id\":\"https:\/\/penosil.com\/lv\/gl_ru\/produkt\/easypro-all-purpose\/#primaryimage\"},\"thumbnailUrl\":\"https:\/\/penosil.com\/lv\/wp-content\/uploads\/sites\/31\/2020\/05\/MKR_2792_PENOSIL_EasyPRO_All_Purpose_Foam_Sealant_750ml_LV_RU.jpg\",\"datePublished\":\"2020-07-08T11:42:30+00:00\",\"dateModified\":\"2026-04-12T00:06:11+00:00\",\"description\":\"\u041f\u0435\u043d\u0430-\u0433\u0435\u0440\u043c\u0435\u0442\u0438\u043a PENOSIL EasyPRO All Purpose \u0441 \u0443\u043d\u0438\u043a\u0430\u043b\u044c\u043d\u044b\u043c \u0430\u043f\u043f\u043b\u0438\u043a\u0430\u0442\u043e\u0440\u043e\u043c \u0434\u0430\u0435\u0442 \u0432 2 \u0440\u0430\u0437\u0430 \u0431\u043e\u043b\u044c\u0448\u0438\u0439 \u0432\u044b\u0445\u043e\u0434 \u0438 \u0432 1,5 \u0440\u0430\u0437\u0430 \u043b\u0443\u0447\u0448\u0443\u044e \u0437\u0432\u0443\u043a\u043e- \u0438 \u0442\u0435\u043f\u043b\u043e\u0438\u0437\u043e\u043b\u044f\u0446\u0438\u044e.\",\"breadcrumb\":{\"@id\":\"https:\/\/penosil.com\/lv\/gl_ru\/produkt\/easypro-all-purpose\/#breadcrumb\"},\"inLanguage\":\"gl-RU\",\"potentialAction\":[{\"@type\":\"ReadAction\",\"target\":[\"https:\/\/penosil.com\/lv\/gl_ru\/produkt\/easypro-all-purpose\/\"]}]},{\"@type\":\"ImageObject\",\"inLanguage\":\"gl-RU\",\"@id\":\"https:\/\/penosil.com\/lv\/gl_ru\/produkt\/easypro-all-purpose\/#primaryimage\",\"url\":\"https:\/\/penosil.com\/lv\/wp-content\/uploads\/sites\/31\/2020\/05\/MKR_2792_PENOSIL_EasyPRO_All_Purpose_Foam_Sealant_750ml_LV_RU.jpg\",\"contentUrl\":\"https:\/\/penosil.com\/lv\/wp-content\/uploads\/sites\/31\/2020\/05\/MKR_2792_PENOSIL_EasyPRO_All_Purpose_Foam_Sealant_750ml_LV_RU.jpg\",\"width\":1025,\"height\":2560,\"caption\":\"PENOSIL EasyPRO All Purpose putu herm\u0113ti\u0137is ar unik\u0101lu EasyGun aplikatoru\"},{\"@type\":\"BreadcrumbList\",\"@id\":\"https:\/\/penosil.com\/lv\/gl_ru\/produkt\/easypro-all-purpose\/#breadcrumb\",\"itemListElement\":[{\"@type\":\"ListItem\",\"position\":1,\"name\":\"\u0414\u043e\u043c\u0430\u0448\u043d\u044f\u044f \u0441\u0442\u0440\u0430\u043d\u0438\u0446\u0430\",\"item\":\"https:\/\/penosil.com\/lv\/gl_ru\/\"},{\"@type\":\"ListItem\",\"position\":2,\"name\":\"\u041f\u0440\u043e\u0434\u0443\u043a\u0446\u0438\u044f\",\"item\":\"https:\/\/penosil.com\/lv\/gl_ru\/produktsiya\/\"},{\"@type\":\"ListItem\",\"position\":3,\"name\":\"EasyPRO All Purpose\"}]},{\"@type\":\"WebSite\",\"@id\":\"https:\/\/penosil.com\/lv\/#website\",\"url\":\"https:\/\/penosil.com\/lv\/\",\"name\":\"Penosil Latvia\",\"description\":\"\",\"potentialAction\":[{\"@type\":\"SearchAction\",\"target\":{\"@type\":\"EntryPoint\",\"urlTemplate\":\"https:\/\/penosil.com\/lv\/?s={search_term_string}\"},\"query-input\":{\"@type\":\"PropertyValueSpecification\",\"valueRequired\":true,\"valueName\":\"search_term_string\"}}],\"inLanguage\":\"gl-RU\"}]}<\/script>\n<!-- \/ Yoast SEO plugin. -->","yoast_head_json":{"title":"\u041f\u0435\u043d\u0430-\u0433\u0435\u0440\u043c\u0435\u0442\u0438\u043a PENOSIL EasyPRO All Purpose - EasyPRO","description":"\u041f\u0435\u043d\u0430-\u0433\u0435\u0440\u043c\u0435\u0442\u0438\u043a PENOSIL EasyPRO All Purpose \u0441 \u0443\u043d\u0438\u043a\u0430\u043b\u044c\u043d\u044b\u043c \u0430\u043f\u043f\u043b\u0438\u043a\u0430\u0442\u043e\u0440\u043e\u043c \u0434\u0430\u0435\u0442 \u0432 2 \u0440\u0430\u0437\u0430 \u0431\u043e\u043b\u044c\u0448\u0438\u0439 \u0432\u044b\u0445\u043e\u0434 \u0438 \u0432 1,5 \u0440\u0430\u0437\u0430 \u043b\u0443\u0447\u0448\u0443\u044e \u0437\u0432\u0443\u043a\u043e- \u0438 \u0442\u0435\u043f\u043b\u043e\u0438\u0437\u043e\u043b\u044f\u0446\u0438\u044e.","robots":{"index":"index","follow":"follow","max-snippet":"max-snippet:-1","max-image-preview":"max-image-preview:large","max-video-preview":"max-video-preview:-1"},"canonical":"https:\/\/penosil.com\/lv\/gl_ru\/produkt\/easypro-all-purpose\/","og_locale":"en_US","og_type":"article","og_title":"\u041f\u0435\u043d\u0430-\u0433\u0435\u0440\u043c\u0435\u0442\u0438\u043a PENOSIL EasyPRO All Purpose - EasyPRO","og_description":"\u041f\u0435\u043d\u0430-\u0433\u0435\u0440\u043c\u0435\u0442\u0438\u043a PENOSIL EasyPRO All Purpose \u0441 \u0443\u043d\u0438\u043a\u0430\u043b\u044c\u043d\u044b\u043c \u0430\u043f\u043f\u043b\u0438\u043a\u0430\u0442\u043e\u0440\u043e\u043c \u0434\u0430\u0435\u0442 \u0432 2 \u0440\u0430\u0437\u0430 \u0431\u043e\u043b\u044c\u0448\u0438\u0439 \u0432\u044b\u0445\u043e\u0434 \u0438 \u0432 1,5 \u0440\u0430\u0437\u0430 \u043b\u0443\u0447\u0448\u0443\u044e \u0437\u0432\u0443\u043a\u043e- \u0438 \u0442\u0435\u043f\u043b\u043e\u0438\u0437\u043e\u043b\u044f\u0446\u0438\u044e.","og_url":"https:\/\/penosil.com\/lv\/gl_ru\/produkt\/easypro-all-purpose\/","og_site_name":"Penosil Latvia","article_modified_time":"2026-04-12T00:06:11+00:00","og_image":[{"width":1025,"height":2560,"url":"https:\/\/penosil.com\/lv\/wp-content\/uploads\/sites\/31\/2020\/05\/MKR_2792_PENOSIL_EasyPRO_All_Purpose_Foam_Sealant_750ml_LV_RU.jpg","type":"image\/jpeg"}],"twitter_card":"summary_large_image","twitter_misc":{"Est. reading time":"5 minutes"},"schema":{"@context":"https:\/\/schema.org","@graph":[{"@type":"WebPage","@id":"https:\/\/penosil.com\/lv\/gl_ru\/produkt\/easypro-all-purpose\/","url":"https:\/\/penosil.com\/lv\/gl_ru\/produkt\/easypro-all-purpose\/","name":"\u041f\u0435\u043d\u0430-\u0433\u0435\u0440\u043c\u0435\u0442\u0438\u043a PENOSIL EasyPRO All Purpose - EasyPRO","isPartOf":{"@id":"https:\/\/penosil.com\/lv\/#website"},"primaryImageOfPage":{"@id":"https:\/\/penosil.com\/lv\/gl_ru\/produkt\/easypro-all-purpose\/#primaryimage"},"image":{"@id":"https:\/\/penosil.com\/lv\/gl_ru\/produkt\/easypro-all-purpose\/#primaryimage"},"thumbnailUrl":"https:\/\/penosil.com\/lv\/wp-content\/uploads\/sites\/31\/2020\/05\/MKR_2792_PENOSIL_EasyPRO_All_Purpose_Foam_Sealant_750ml_LV_RU.jpg","datePublished":"2020-07-08T11:42:30+00:00","dateModified":"2026-04-12T00:06:11+00:00","description":"\u041f\u0435\u043d\u0430-\u0433\u0435\u0440\u043c\u0435\u0442\u0438\u043a PENOSIL EasyPRO All Purpose \u0441 \u0443\u043d\u0438\u043a\u0430\u043b\u044c\u043d\u044b\u043c \u0430\u043f\u043f\u043b\u0438\u043a\u0430\u0442\u043e\u0440\u043e\u043c \u0434\u0430\u0435\u0442 \u0432 2 \u0440\u0430\u0437\u0430 \u0431\u043e\u043b\u044c\u0448\u0438\u0439 \u0432\u044b\u0445\u043e\u0434 \u0438 \u0432 1,5 \u0440\u0430\u0437\u0430 \u043b\u0443\u0447\u0448\u0443\u044e \u0437\u0432\u0443\u043a\u043e- \u0438 \u0442\u0435\u043f\u043b\u043e\u0438\u0437\u043e\u043b\u044f\u0446\u0438\u044e.","breadcrumb":{"@id":"https:\/\/penosil.com\/lv\/gl_ru\/produkt\/easypro-all-purpose\/#breadcrumb"},"inLanguage":"gl-RU","potentialAction":[{"@type":"ReadAction","target":["https:\/\/penosil.com\/lv\/gl_ru\/produkt\/easypro-all-purpose\/"]}]},{"@type":"ImageObject","inLanguage":"gl-RU","@id":"https:\/\/penosil.com\/lv\/gl_ru\/produkt\/easypro-all-purpose\/#primaryimage","url":"https:\/\/penosil.com\/lv\/wp-content\/uploads\/sites\/31\/2020\/05\/MKR_2792_PENOSIL_EasyPRO_All_Purpose_Foam_Sealant_750ml_LV_RU.jpg","contentUrl":"https:\/\/penosil.com\/lv\/wp-content\/uploads\/sites\/31\/2020\/05\/MKR_2792_PENOSIL_EasyPRO_All_Purpose_Foam_Sealant_750ml_LV_RU.jpg","width":1025,"height":2560,"caption":"PENOSIL EasyPRO All Purpose putu herm\u0113ti\u0137is ar unik\u0101lu EasyGun aplikatoru"},{"@type":"BreadcrumbList","@id":"https:\/\/penosil.com\/lv\/gl_ru\/produkt\/easypro-all-purpose\/#breadcrumb","itemListElement":[{"@type":"ListItem","position":1,"name":"\u0414\u043e\u043c\u0430\u0448\u043d\u044f\u044f \u0441\u0442\u0440\u0430\u043d\u0438\u0446\u0430","item":"https:\/\/penosil.com\/lv\/gl_ru\/"},{"@type":"ListItem","position":2,"name":"\u041f\u0440\u043e\u0434\u0443\u043a\u0446\u0438\u044f","item":"https:\/\/penosil.com\/lv\/gl_ru\/produktsiya\/"},{"@type":"ListItem","position":3,"name":"EasyPRO All Purpose"}]},{"@type":"WebSite","@id":"https:\/\/penosil.com\/lv\/#website","url":"https:\/\/penosil.com\/lv\/","name":"Penosil Latvia","description":"","potentialAction":[{"@type":"SearchAction","target":{"@type":"EntryPoint","urlTemplate":"https:\/\/penosil.com\/lv\/?s={search_term_string}"},"query-input":{"@type":"PropertyValueSpecification","valueRequired":true,"valueName":"search_term_string"}}],"inLanguage":"gl-RU"}]}},"featured_img":"https:\/\/penosil.com\/lv\/wp-content\/uploads\/sites\/31\/2020\/05\/MKR_2792_PENOSIL_EasyPRO_All_Purpose_Foam_Sealant_750ml_LV_RU.jpg","coauthors":[],"author_meta":{"author_link":"https:\/\/penosil.com\/lv\/gl_ru\/author\/reaktiiv-pe\/","display_name":"reaktiiv-pe"},"relative_dates":{"created":"Posted 6 years ago","modified":"Updated 4 days ago"},"absolute_dates":{"created":"Posted on July 8, 2020","modified":"Updated on April 12, 2026"},"absolute_dates_time":{"created":"Posted on July 8, 2020 11:42 am","modified":"Updated on April 12, 2026 12:06 am"},"featured_img_caption":"","tax_additional":{"product_brand":{"linked":[],"unlinked":[],"slug":"product_brand","name":"Brands"},"product_type":{"linked":["<a href=\"https:\/\/penosil.com\/lv\/gl_ru\/?taxonomy=product_type&#038;term=simple\" class=\"advgb-post-tax-term\">simple<\/a>"],"unlinked":["<span class=\"advgb-post-tax-term\">simple<\/span>"],"slug":"product_type","name":"Product type"},"product_visibility":{"linked":[],"unlinked":[],"slug":"product_visibility","name":"Product visibility"},"product_cat":{"linked":["<a href=\"https:\/\/penosil.com\/lv\/gl_ru\/produktsiya\/gruppa-tovarov\/montazhnyye-peny\/pistoletnyye-peny\/\" class=\"advgb-post-tax-term\">\u041f\u0438\u0441\u0442\u043e\u043b\u0435\u0442\u043d\u044b\u0435 \u043f\u0435\u043d\u044b<\/a>","<a href=\"https:\/\/penosil.com\/lv\/gl_ru\/produktsiya\/easypro-gl_ru\/dla-mnogocelevogo-primenenija\/\" class=\"advgb-post-tax-term\">\u0414\u043b\u044f \u043c\u043d\u043e\u0433\u043e\u0446\u0435\u043b\u0435\u0432\u043e\u0433\u043e \u043f\u0440\u0438\u043c\u0435\u043d\u0435\u043d\u0438\u044f<\/a>","<a href=\"https:\/\/penosil.com\/lv\/gl_ru\/produktsiya\/gruppa-tovarov\/montazhnyye-peny\/\" class=\"advgb-post-tax-term\">\u041c\u043e\u043d\u0442\u0430\u0436\u043d\u044b\u0435 \u043f\u0435\u043d\u044b<\/a>","<a href=\"https:\/\/penosil.com\/lv\/gl_ru\/produktsiya\/easypro-gl_ru\/\" class=\"advgb-post-tax-term\">EasyPro<\/a>"],"unlinked":["<span class=\"advgb-post-tax-term\">\u041f\u0438\u0441\u0442\u043e\u043b\u0435\u0442\u043d\u044b\u0435 \u043f\u0435\u043d\u044b<\/span>","<span class=\"advgb-post-tax-term\">\u0414\u043b\u044f \u043c\u043d\u043e\u0433\u043e\u0446\u0435\u043b\u0435\u0432\u043e\u0433\u043e \u043f\u0440\u0438\u043c\u0435\u043d\u0435\u043d\u0438\u044f<\/span>","<span class=\"advgb-post-tax-term\">\u041c\u043e\u043d\u0442\u0430\u0436\u043d\u044b\u0435 \u043f\u0435\u043d\u044b<\/span>","<span class=\"advgb-post-tax-term\">EasyPro<\/span>"],"slug":"product_cat","name":"Product categories"},"product_tag":{"linked":[],"unlinked":[],"slug":"product_tag","name":"Product tags"},"product_shipping_class":{"linked":[],"unlinked":[],"slug":"product_shipping_class","name":"Product shipping classes"},"pos_product_visibility":{"linked":[],"unlinked":[],"slug":"pos_product_visibility","name":"POS Product visibility"},"pa_color":{"linked":["<a href=\"https:\/\/penosil.com\/lv\/gl_ru\/?taxonomy=pa_color&#038;term=svetlo-zheltyy\" class=\"advgb-post-tax-term\">\u0421\u0432\u0435\u0442\u043b\u043e-\u0436\u0435\u043b\u0442\u044b\u0439<\/a>"],"unlinked":["<span class=\"advgb-post-tax-term\">\u0421\u0432\u0435\u0442\u043b\u043e-\u0436\u0435\u043b\u0442\u044b\u0439<\/span>"],"slug":"pa_color","name":"Product Colour"},"pa_diameter":{"linked":[],"unlinked":[],"slug":"pa_diameter","name":"Product Diameter"},"pa_package":{"linked":[],"unlinked":[],"slug":"pa_package","name":"Product Package"},"pa_roll":{"linked":[],"unlinked":[],"slug":"pa_roll","name":"Product Roll"},"pa_widths":{"linked":[],"unlinked":[],"slug":"pa_widths","name":"Product Widths"},"translation_priority":{"linked":["<a href=\"https:\/\/penosil.com\/lv\/gl_ru\/?taxonomy=translation_priority&#038;term=optional-gl_ru\" class=\"advgb-post-tax-term\">Optional<\/a>"],"unlinked":["<span class=\"advgb-post-tax-term\">Optional<\/span>"],"slug":"translation_priority","name":"Translation Priorities"}},"series_order":"","_links":{"self":[{"href":"https:\/\/penosil.com\/lv\/gl_ru\/wp-json\/wp\/v2\/product\/24888","targetHints":{"allow":["GET"]}}],"collection":[{"href":"https:\/\/penosil.com\/lv\/gl_ru\/wp-json\/wp\/v2\/product"}],"about":[{"href":"https:\/\/penosil.com\/lv\/gl_ru\/wp-json\/wp\/v2\/types\/product"}],"version-history":[{"count":4,"href":"https:\/\/penosil.com\/lv\/gl_ru\/wp-json\/wp\/v2\/product\/24888\/revisions"}],"predecessor-version":[{"id":33402,"href":"https:\/\/penosil.com\/lv\/gl_ru\/wp-json\/wp\/v2\/product\/24888\/revisions\/33402"}],"wp:featuredmedia":[{"embeddable":true,"href":"https:\/\/penosil.com\/lv\/gl_ru\/wp-json\/wp\/v2\/media\/18334"}],"wp:attachment":[{"href":"https:\/\/penosil.com\/lv\/gl_ru\/wp-json\/wp\/v2\/media?parent=24888"}],"wp:term":[{"taxonomy":"product_brand","embeddable":true,"href":"https:\/\/penosil.com\/lv\/gl_ru\/wp-json\/wp\/v2\/product_brand?post=24888"},{"taxonomy":"product_cat","embeddable":true,"href":"https:\/\/penosil.com\/lv\/gl_ru\/wp-json\/wp\/v2\/product_cat?post=24888"},{"taxonomy":"product_tag","embeddable":true,"href":"https:\/\/penosil.com\/lv\/gl_ru\/wp-json\/wp\/v2\/product_tag?post=24888"}],"curies":[{"name":"wp","href":"https:\/\/api.w.org\/{rel}","templated":true}]}}