{"id":24971,"date":"2020-07-09T06:42:41","date_gmt":"2020-07-09T06:42:41","guid":{"rendered":"https:\/\/penosil.com\/lv\/?post_type=product&#038;p=24971"},"modified":"2026-04-12T00:06:13","modified_gmt":"2026-04-12T00:06:13","slug":"roof-and-facade-elastic","status":"publish","type":"product","link":"https:\/\/penosil.com\/lv\/gl_ru\/produkt\/roof-and-facade-elastic\/","title":{"rendered":"Roof&amp;Facade Elastic"},"content":{"rendered":"<p>\u0413\u0438\u0431\u0440\u0438\u0434\u043d\u044b\u0439 \u0433\u0435\u0440\u043c\u0435\u0442\u0438\u043a \u0434\u043b\u044f \u043d\u0430\u0440\u0443\u0436\u043d\u043e\u0433\u043e \u0440\u0435\u043c\u043e\u043d\u0442\u0430 \u0438 \u0440\u0435\u043d\u043e\u0432\u0430\u0446\u0438\u0438.<\/p>\n","protected":false},"excerpt":{"rendered":"\u041a\u0440\u043e\u0432\u0435\u043b\u044c\u043d\u044b\u0439 \u0438 \u0444\u0430\u0441\u0430\u0434\u043d\u044b\u0439 \u0433\u0435\u0440\u043c\u0435\u0442\u0438\u043a","protected":false},"author":1,"featured_media":16704,"template":"","meta":{"_acf_changed":false,"advgb_blocks_editor_width":"","advgb_blocks_columns_visual_guide":"","footnotes":""},"product_brand":[],"product_cat":[2513,2516,1603,1667],"product_tag":[],"class_list":{"0":"post-24971","1":"product","2":"type-product","3":"status-publish","4":"has-post-thumbnail","6":"product_cat-easypro-gl_ru","7":"product_cat-dla-krovli-i-fasada","8":"product_cat-germetiki-i-mastiki","9":"product_cat-gibridniye-germetiki","11":"first","12":"instock","13":"taxable","14":"shipping-taxable","15":"purchasable","16":"product-type-variable","17":"has-default-attributes"},"acf":[],"yoast_head":"<!-- This site is optimized with the Yoast SEO plugin v27.2 - https:\/\/yoast.com\/product\/yoast-seo-wordpress\/ -->\n<title>\u0413\u0438\u0431\u0440\u0438\u0434\u043d\u044b\u0439 \u0433\u0435\u0440\u043c\u0435\u0442\u0438\u043a PENOSIL Roof &amp; Facade Elastic - EasyPRO<\/title>\n<meta name=\"description\" content=\"\u0413\u0435\u0440\u043c\u0435\u0442\u0438\u043a Penosil Roof &amp; Facade Elastic \u0431\u044b\u0441\u0442\u0440\u043e \u043e\u0442\u0432\u0435\u0440\u0436\u0434\u0430\u0435\u0442\u0441\u044f \u0438 \u043f\u0440\u0438\u043a\u043b\u0435\u0438\u0432\u0430\u0435\u0442\u0441\u044f \u043a \u043f\u043e\u0432\u0435\u0440\u0445\u043d\u043e\u0441\u0442\u0438 \u0432\u0441\u0435\u0433\u043e \u0437\u0430 2 \u0447\u0430\u0441\u0430, \u0437\u0430\u0449\u0438\u0442\u0430 \u043e\u0442 \u0430\u0442\u043c\u043e\u0441\u0444\u0435\u0440\u043d\u044b\u0445 \u0432\u043e\u0437\u0434\u0435\u0439\u0441\u0442\u0432\u0438\u0439.\" \/>\n<meta name=\"robots\" content=\"index, follow, max-snippet:-1, max-image-preview:large, max-video-preview:-1\" \/>\n<link rel=\"canonical\" href=\"https:\/\/penosil.com\/lv\/gl_ru\/produkt\/roof-and-facade-elastic\/\" \/>\n<meta property=\"og:locale\" content=\"en_US\" \/>\n<meta property=\"og:type\" content=\"article\" \/>\n<meta property=\"og:title\" content=\"\u0413\u0438\u0431\u0440\u0438\u0434\u043d\u044b\u0439 \u0433\u0435\u0440\u043c\u0435\u0442\u0438\u043a PENOSIL Roof &amp; Facade Elastic - EasyPRO\" \/>\n<meta property=\"og:description\" content=\"\u0413\u0435\u0440\u043c\u0435\u0442\u0438\u043a Penosil Roof &amp; Facade Elastic \u0431\u044b\u0441\u0442\u0440\u043e \u043e\u0442\u0432\u0435\u0440\u0436\u0434\u0430\u0435\u0442\u0441\u044f \u0438 \u043f\u0440\u0438\u043a\u043b\u0435\u0438\u0432\u0430\u0435\u0442\u0441\u044f \u043a \u043f\u043e\u0432\u0435\u0440\u0445\u043d\u043e\u0441\u0442\u0438 \u0432\u0441\u0435\u0433\u043e \u0437\u0430 2 \u0447\u0430\u0441\u0430, \u0437\u0430\u0449\u0438\u0442\u0430 \u043e\u0442 \u0430\u0442\u043c\u043e\u0441\u0444\u0435\u0440\u043d\u044b\u0445 \u0432\u043e\u0437\u0434\u0435\u0439\u0441\u0442\u0432\u0438\u0439.\" \/>\n<meta property=\"og:url\" content=\"https:\/\/penosil.com\/lv\/gl_ru\/produkt\/roof-and-facade-elastic\/\" \/>\n<meta property=\"og:site_name\" content=\"Penosil Latvia\" \/>\n<meta property=\"article:modified_time\" content=\"2026-04-12T00:06:13+00:00\" \/>\n<meta property=\"og:image\" content=\"https:\/\/penosil.com\/lv\/wp-content\/uploads\/sites\/31\/2020\/05\/PENOSIL_Roof_Facade_Elastic_Sealant_290ml_colour_LV_RU_spatula-1.jpg\" \/>\n\t<meta property=\"og:image:width\" content=\"767\" \/>\n\t<meta property=\"og:image:height\" content=\"2102\" \/>\n\t<meta property=\"og:image:type\" content=\"image\/jpeg\" \/>\n<meta name=\"twitter:card\" content=\"summary_large_image\" \/>\n<meta name=\"twitter:label1\" content=\"Est. reading time\" \/>\n\t<meta name=\"twitter:data1\" content=\"3 minutes\" \/>\n<script type=\"application\/ld+json\" class=\"yoast-schema-graph\">{\"@context\":\"https:\/\/schema.org\",\"@graph\":[{\"@type\":\"WebPage\",\"@id\":\"https:\/\/penosil.com\/lv\/gl_ru\/produkt\/roof-and-facade-elastic\/\",\"url\":\"https:\/\/penosil.com\/lv\/gl_ru\/produkt\/roof-and-facade-elastic\/\",\"name\":\"\u0413\u0438\u0431\u0440\u0438\u0434\u043d\u044b\u0439 \u0433\u0435\u0440\u043c\u0435\u0442\u0438\u043a PENOSIL Roof & Facade Elastic - EasyPRO\",\"isPartOf\":{\"@id\":\"https:\/\/penosil.com\/lv\/#website\"},\"primaryImageOfPage\":{\"@id\":\"https:\/\/penosil.com\/lv\/gl_ru\/produkt\/roof-and-facade-elastic\/#primaryimage\"},\"image\":{\"@id\":\"https:\/\/penosil.com\/lv\/gl_ru\/produkt\/roof-and-facade-elastic\/#primaryimage\"},\"thumbnailUrl\":\"https:\/\/penosil.com\/lv\/wp-content\/uploads\/sites\/31\/2020\/05\/PENOSIL_Roof_Facade_Elastic_Sealant_290ml_colour_LV_RU_spatula-1.jpg\",\"datePublished\":\"2020-07-09T06:42:41+00:00\",\"dateModified\":\"2026-04-12T00:06:13+00:00\",\"description\":\"\u0413\u0435\u0440\u043c\u0435\u0442\u0438\u043a Penosil Roof & Facade Elastic \u0431\u044b\u0441\u0442\u0440\u043e \u043e\u0442\u0432\u0435\u0440\u0436\u0434\u0430\u0435\u0442\u0441\u044f \u0438 \u043f\u0440\u0438\u043a\u043b\u0435\u0438\u0432\u0430\u0435\u0442\u0441\u044f \u043a \u043f\u043e\u0432\u0435\u0440\u0445\u043d\u043e\u0441\u0442\u0438 \u0432\u0441\u0435\u0433\u043e \u0437\u0430 2 \u0447\u0430\u0441\u0430, \u0437\u0430\u0449\u0438\u0442\u0430 \u043e\u0442 \u0430\u0442\u043c\u043e\u0441\u0444\u0435\u0440\u043d\u044b\u0445 \u0432\u043e\u0437\u0434\u0435\u0439\u0441\u0442\u0432\u0438\u0439.\",\"breadcrumb\":{\"@id\":\"https:\/\/penosil.com\/lv\/gl_ru\/produkt\/roof-and-facade-elastic\/#breadcrumb\"},\"inLanguage\":\"gl-RU\",\"potentialAction\":[{\"@type\":\"ReadAction\",\"target\":[\"https:\/\/penosil.com\/lv\/gl_ru\/produkt\/roof-and-facade-elastic\/\"]}]},{\"@type\":\"ImageObject\",\"inLanguage\":\"gl-RU\",\"@id\":\"https:\/\/penosil.com\/lv\/gl_ru\/produkt\/roof-and-facade-elastic\/#primaryimage\",\"url\":\"https:\/\/penosil.com\/lv\/wp-content\/uploads\/sites\/31\/2020\/05\/PENOSIL_Roof_Facade_Elastic_Sealant_290ml_colour_LV_RU_spatula-1.jpg\",\"contentUrl\":\"https:\/\/penosil.com\/lv\/wp-content\/uploads\/sites\/31\/2020\/05\/PENOSIL_Roof_Facade_Elastic_Sealant_290ml_colour_LV_RU_spatula-1.jpg\",\"width\":767,\"height\":2102,\"caption\":\"PENOSIL Roof & Facade Elastic hibr\u012bda herm\u0113ti\u0137is\"},{\"@type\":\"BreadcrumbList\",\"@id\":\"https:\/\/penosil.com\/lv\/gl_ru\/produkt\/roof-and-facade-elastic\/#breadcrumb\",\"itemListElement\":[{\"@type\":\"ListItem\",\"position\":1,\"name\":\"\u0414\u043e\u043c\u0430\u0448\u043d\u044f\u044f \u0441\u0442\u0440\u0430\u043d\u0438\u0446\u0430\",\"item\":\"https:\/\/penosil.com\/lv\/gl_ru\/\"},{\"@type\":\"ListItem\",\"position\":2,\"name\":\"\u041f\u0440\u043e\u0434\u0443\u043a\u0446\u0438\u044f\",\"item\":\"https:\/\/penosil.com\/lv\/gl_ru\/produktsiya\/\"},{\"@type\":\"ListItem\",\"position\":3,\"name\":\"Roof&amp;Facade Elastic\"}]},{\"@type\":\"WebSite\",\"@id\":\"https:\/\/penosil.com\/lv\/#website\",\"url\":\"https:\/\/penosil.com\/lv\/\",\"name\":\"Penosil Latvia\",\"description\":\"\",\"potentialAction\":[{\"@type\":\"SearchAction\",\"target\":{\"@type\":\"EntryPoint\",\"urlTemplate\":\"https:\/\/penosil.com\/lv\/?s={search_term_string}\"},\"query-input\":{\"@type\":\"PropertyValueSpecification\",\"valueRequired\":true,\"valueName\":\"search_term_string\"}}],\"inLanguage\":\"gl-RU\"}]}<\/script>\n<!-- \/ Yoast SEO plugin. -->","yoast_head_json":{"title":"\u0413\u0438\u0431\u0440\u0438\u0434\u043d\u044b\u0439 \u0433\u0435\u0440\u043c\u0435\u0442\u0438\u043a PENOSIL Roof & Facade Elastic - EasyPRO","description":"\u0413\u0435\u0440\u043c\u0435\u0442\u0438\u043a Penosil Roof & Facade Elastic \u0431\u044b\u0441\u0442\u0440\u043e \u043e\u0442\u0432\u0435\u0440\u0436\u0434\u0430\u0435\u0442\u0441\u044f \u0438 \u043f\u0440\u0438\u043a\u043b\u0435\u0438\u0432\u0430\u0435\u0442\u0441\u044f \u043a \u043f\u043e\u0432\u0435\u0440\u0445\u043d\u043e\u0441\u0442\u0438 \u0432\u0441\u0435\u0433\u043e \u0437\u0430 2 \u0447\u0430\u0441\u0430, \u0437\u0430\u0449\u0438\u0442\u0430 \u043e\u0442 \u0430\u0442\u043c\u043e\u0441\u0444\u0435\u0440\u043d\u044b\u0445 \u0432\u043e\u0437\u0434\u0435\u0439\u0441\u0442\u0432\u0438\u0439.","robots":{"index":"index","follow":"follow","max-snippet":"max-snippet:-1","max-image-preview":"max-image-preview:large","max-video-preview":"max-video-preview:-1"},"canonical":"https:\/\/penosil.com\/lv\/gl_ru\/produkt\/roof-and-facade-elastic\/","og_locale":"en_US","og_type":"article","og_title":"\u0413\u0438\u0431\u0440\u0438\u0434\u043d\u044b\u0439 \u0433\u0435\u0440\u043c\u0435\u0442\u0438\u043a PENOSIL Roof & Facade Elastic - EasyPRO","og_description":"\u0413\u0435\u0440\u043c\u0435\u0442\u0438\u043a Penosil Roof & Facade Elastic \u0431\u044b\u0441\u0442\u0440\u043e \u043e\u0442\u0432\u0435\u0440\u0436\u0434\u0430\u0435\u0442\u0441\u044f \u0438 \u043f\u0440\u0438\u043a\u043b\u0435\u0438\u0432\u0430\u0435\u0442\u0441\u044f \u043a \u043f\u043e\u0432\u0435\u0440\u0445\u043d\u043e\u0441\u0442\u0438 \u0432\u0441\u0435\u0433\u043e \u0437\u0430 2 \u0447\u0430\u0441\u0430, \u0437\u0430\u0449\u0438\u0442\u0430 \u043e\u0442 \u0430\u0442\u043c\u043e\u0441\u0444\u0435\u0440\u043d\u044b\u0445 \u0432\u043e\u0437\u0434\u0435\u0439\u0441\u0442\u0432\u0438\u0439.","og_url":"https:\/\/penosil.com\/lv\/gl_ru\/produkt\/roof-and-facade-elastic\/","og_site_name":"Penosil Latvia","article_modified_time":"2026-04-12T00:06:13+00:00","og_image":[{"width":767,"height":2102,"url":"https:\/\/penosil.com\/lv\/wp-content\/uploads\/sites\/31\/2020\/05\/PENOSIL_Roof_Facade_Elastic_Sealant_290ml_colour_LV_RU_spatula-1.jpg","type":"image\/jpeg"}],"twitter_card":"summary_large_image","twitter_misc":{"Est. reading time":"3 minutes"},"schema":{"@context":"https:\/\/schema.org","@graph":[{"@type":"WebPage","@id":"https:\/\/penosil.com\/lv\/gl_ru\/produkt\/roof-and-facade-elastic\/","url":"https:\/\/penosil.com\/lv\/gl_ru\/produkt\/roof-and-facade-elastic\/","name":"\u0413\u0438\u0431\u0440\u0438\u0434\u043d\u044b\u0439 \u0433\u0435\u0440\u043c\u0435\u0442\u0438\u043a PENOSIL Roof & Facade Elastic - EasyPRO","isPartOf":{"@id":"https:\/\/penosil.com\/lv\/#website"},"primaryImageOfPage":{"@id":"https:\/\/penosil.com\/lv\/gl_ru\/produkt\/roof-and-facade-elastic\/#primaryimage"},"image":{"@id":"https:\/\/penosil.com\/lv\/gl_ru\/produkt\/roof-and-facade-elastic\/#primaryimage"},"thumbnailUrl":"https:\/\/penosil.com\/lv\/wp-content\/uploads\/sites\/31\/2020\/05\/PENOSIL_Roof_Facade_Elastic_Sealant_290ml_colour_LV_RU_spatula-1.jpg","datePublished":"2020-07-09T06:42:41+00:00","dateModified":"2026-04-12T00:06:13+00:00","description":"\u0413\u0435\u0440\u043c\u0435\u0442\u0438\u043a Penosil Roof & Facade Elastic \u0431\u044b\u0441\u0442\u0440\u043e \u043e\u0442\u0432\u0435\u0440\u0436\u0434\u0430\u0435\u0442\u0441\u044f \u0438 \u043f\u0440\u0438\u043a\u043b\u0435\u0438\u0432\u0430\u0435\u0442\u0441\u044f \u043a \u043f\u043e\u0432\u0435\u0440\u0445\u043d\u043e\u0441\u0442\u0438 \u0432\u0441\u0435\u0433\u043e \u0437\u0430 2 \u0447\u0430\u0441\u0430, \u0437\u0430\u0449\u0438\u0442\u0430 \u043e\u0442 \u0430\u0442\u043c\u043e\u0441\u0444\u0435\u0440\u043d\u044b\u0445 \u0432\u043e\u0437\u0434\u0435\u0439\u0441\u0442\u0432\u0438\u0439.","breadcrumb":{"@id":"https:\/\/penosil.com\/lv\/gl_ru\/produkt\/roof-and-facade-elastic\/#breadcrumb"},"inLanguage":"gl-RU","potentialAction":[{"@type":"ReadAction","target":["https:\/\/penosil.com\/lv\/gl_ru\/produkt\/roof-and-facade-elastic\/"]}]},{"@type":"ImageObject","inLanguage":"gl-RU","@id":"https:\/\/penosil.com\/lv\/gl_ru\/produkt\/roof-and-facade-elastic\/#primaryimage","url":"https:\/\/penosil.com\/lv\/wp-content\/uploads\/sites\/31\/2020\/05\/PENOSIL_Roof_Facade_Elastic_Sealant_290ml_colour_LV_RU_spatula-1.jpg","contentUrl":"https:\/\/penosil.com\/lv\/wp-content\/uploads\/sites\/31\/2020\/05\/PENOSIL_Roof_Facade_Elastic_Sealant_290ml_colour_LV_RU_spatula-1.jpg","width":767,"height":2102,"caption":"PENOSIL Roof & Facade Elastic hibr\u012bda herm\u0113ti\u0137is"},{"@type":"BreadcrumbList","@id":"https:\/\/penosil.com\/lv\/gl_ru\/produkt\/roof-and-facade-elastic\/#breadcrumb","itemListElement":[{"@type":"ListItem","position":1,"name":"\u0414\u043e\u043c\u0430\u0448\u043d\u044f\u044f \u0441\u0442\u0440\u0430\u043d\u0438\u0446\u0430","item":"https:\/\/penosil.com\/lv\/gl_ru\/"},{"@type":"ListItem","position":2,"name":"\u041f\u0440\u043e\u0434\u0443\u043a\u0446\u0438\u044f","item":"https:\/\/penosil.com\/lv\/gl_ru\/produktsiya\/"},{"@type":"ListItem","position":3,"name":"Roof&amp;Facade Elastic"}]},{"@type":"WebSite","@id":"https:\/\/penosil.com\/lv\/#website","url":"https:\/\/penosil.com\/lv\/","name":"Penosil Latvia","description":"","potentialAction":[{"@type":"SearchAction","target":{"@type":"EntryPoint","urlTemplate":"https:\/\/penosil.com\/lv\/?s={search_term_string}"},"query-input":{"@type":"PropertyValueSpecification","valueRequired":true,"valueName":"search_term_string"}}],"inLanguage":"gl-RU"}]}},"featured_img":"https:\/\/penosil.com\/lv\/wp-content\/uploads\/sites\/31\/2020\/05\/PENOSIL_Roof_Facade_Elastic_Sealant_290ml_colour_LV_RU_spatula-1.jpg","coauthors":[],"author_meta":{"author_link":"https:\/\/penosil.com\/lv\/gl_ru\/author\/reaktiiv-pe\/","display_name":"reaktiiv-pe"},"relative_dates":{"created":"Posted 6 years ago","modified":"Updated 4 days ago"},"absolute_dates":{"created":"Posted on July 9, 2020","modified":"Updated on April 12, 2026"},"absolute_dates_time":{"created":"Posted on July 9, 2020 6:42 am","modified":"Updated on April 12, 2026 12:06 am"},"featured_img_caption":"","tax_additional":{"product_brand":{"linked":[],"unlinked":[],"slug":"product_brand","name":"Brands"},"product_type":{"linked":["<a href=\"https:\/\/penosil.com\/lv\/gl_ru\/?taxonomy=product_type&#038;term=variable\" class=\"advgb-post-tax-term\">variable<\/a>"],"unlinked":["<span class=\"advgb-post-tax-term\">variable<\/span>"],"slug":"product_type","name":"Product type"},"product_visibility":{"linked":[],"unlinked":[],"slug":"product_visibility","name":"Product visibility"},"product_cat":{"linked":["<a href=\"https:\/\/penosil.com\/lv\/gl_ru\/produktsiya\/easypro-gl_ru\/\" class=\"advgb-post-tax-term\">EasyPro<\/a>","<a href=\"https:\/\/penosil.com\/lv\/gl_ru\/produktsiya\/easypro-gl_ru\/dla-krovli-i-fasada\/\" class=\"advgb-post-tax-term\">\u0414\u043b\u044f \u043a\u0440\u043e\u0432\u043b\u0438 \u0438 \u0444\u0430\u0441\u0430\u0434\u0430<\/a>","<a href=\"https:\/\/penosil.com\/lv\/gl_ru\/produktsiya\/gruppa-tovarov\/germetiki-i-mastiki\/\" class=\"advgb-post-tax-term\">\u0413\u0435\u0440\u043c\u0435\u0442\u0438\u043a\u0438 \u0438 \u043c\u0430\u0441\u0442\u0438\u043a\u0438<\/a>","<a href=\"https:\/\/penosil.com\/lv\/gl_ru\/produktsiya\/gruppa-tovarov\/germetiki-i-mastiki\/gibridniye-germetiki\/\" class=\"advgb-post-tax-term\">\u0413\u0438\u0431\u0440\u0438\u0434\u043d\u044b\u0435 \u0433\u0435\u0440\u043c\u0435\u0442\u0438\u043a\u0438<\/a>"],"unlinked":["<span class=\"advgb-post-tax-term\">EasyPro<\/span>","<span class=\"advgb-post-tax-term\">\u0414\u043b\u044f \u043a\u0440\u043e\u0432\u043b\u0438 \u0438 \u0444\u0430\u0441\u0430\u0434\u0430<\/span>","<span class=\"advgb-post-tax-term\">\u0413\u0435\u0440\u043c\u0435\u0442\u0438\u043a\u0438 \u0438 \u043c\u0430\u0441\u0442\u0438\u043a\u0438<\/span>","<span class=\"advgb-post-tax-term\">\u0413\u0438\u0431\u0440\u0438\u0434\u043d\u044b\u0435 \u0433\u0435\u0440\u043c\u0435\u0442\u0438\u043a\u0438<\/span>"],"slug":"product_cat","name":"Product categories"},"product_tag":{"linked":[],"unlinked":[],"slug":"product_tag","name":"Product tags"},"product_shipping_class":{"linked":[],"unlinked":[],"slug":"product_shipping_class","name":"Product shipping classes"},"pos_product_visibility":{"linked":[],"unlinked":[],"slug":"pos_product_visibility","name":"POS Product visibility"},"pa_color":{"linked":["<a href=\"https:\/\/penosil.com\/lv\/gl_ru\/?taxonomy=pa_color&#038;term=chernyy\" class=\"advgb-post-tax-term\">\u0447\u0435\u0440\u043d\u044b\u0439<\/a>","<a href=\"https:\/\/penosil.com\/lv\/gl_ru\/?taxonomy=pa_color&#038;term=seryy\" class=\"advgb-post-tax-term\">\u0421\u0435\u0440\u044b\u0439<\/a>","<a href=\"https:\/\/penosil.com\/lv\/gl_ru\/?taxonomy=pa_color&#038;term=korichnevyy\" class=\"advgb-post-tax-term\">K\u043e\u0440\u0438\u0447\u043d\u0435\u0432\u044b\u0439<\/a>"],"unlinked":["<span class=\"advgb-post-tax-term\">\u0447\u0435\u0440\u043d\u044b\u0439<\/span>","<span class=\"advgb-post-tax-term\">\u0421\u0435\u0440\u044b\u0439<\/span>","<span class=\"advgb-post-tax-term\">K\u043e\u0440\u0438\u0447\u043d\u0435\u0432\u044b\u0439<\/span>"],"slug":"pa_color","name":"Product Colour"},"pa_diameter":{"linked":[],"unlinked":[],"slug":"pa_diameter","name":"Product Diameter"},"pa_package":{"linked":["<a href=\"https:\/\/penosil.com\/lv\/gl_ru\/?taxonomy=pa_package&#038;term=290-ml-gl_ru\" class=\"advgb-post-tax-term\">290 ml<\/a>"],"unlinked":["<span class=\"advgb-post-tax-term\">290 ml<\/span>"],"slug":"pa_package","name":"Product Package"},"pa_roll":{"linked":[],"unlinked":[],"slug":"pa_roll","name":"Product Roll"},"pa_widths":{"linked":[],"unlinked":[],"slug":"pa_widths","name":"Product Widths"},"translation_priority":{"linked":["<a href=\"https:\/\/penosil.com\/lv\/gl_ru\/?taxonomy=translation_priority&#038;term=optional-gl_ru\" class=\"advgb-post-tax-term\">Optional<\/a>"],"unlinked":["<span class=\"advgb-post-tax-term\">Optional<\/span>"],"slug":"translation_priority","name":"Translation Priorities"}},"series_order":"","_links":{"self":[{"href":"https:\/\/penosil.com\/lv\/gl_ru\/wp-json\/wp\/v2\/product\/24971","targetHints":{"allow":["GET"]}}],"collection":[{"href":"https:\/\/penosil.com\/lv\/gl_ru\/wp-json\/wp\/v2\/product"}],"about":[{"href":"https:\/\/penosil.com\/lv\/gl_ru\/wp-json\/wp\/v2\/types\/product"}],"version-history":[{"count":5,"href":"https:\/\/penosil.com\/lv\/gl_ru\/wp-json\/wp\/v2\/product\/24971\/revisions"}],"predecessor-version":[{"id":33408,"href":"https:\/\/penosil.com\/lv\/gl_ru\/wp-json\/wp\/v2\/product\/24971\/revisions\/33408"}],"wp:featuredmedia":[{"embeddable":true,"href":"https:\/\/penosil.com\/lv\/gl_ru\/wp-json\/wp\/v2\/media\/16704"}],"wp:attachment":[{"href":"https:\/\/penosil.com\/lv\/gl_ru\/wp-json\/wp\/v2\/media?parent=24971"}],"wp:term":[{"taxonomy":"product_brand","embeddable":true,"href":"https:\/\/penosil.com\/lv\/gl_ru\/wp-json\/wp\/v2\/product_brand?post=24971"},{"taxonomy":"product_cat","embeddable":true,"href":"https:\/\/penosil.com\/lv\/gl_ru\/wp-json\/wp\/v2\/product_cat?post=24971"},{"taxonomy":"product_tag","embeddable":true,"href":"https:\/\/penosil.com\/lv\/gl_ru\/wp-json\/wp\/v2\/product_tag?post=24971"}],"curies":[{"name":"wp","href":"https:\/\/api.w.org\/{rel}","templated":true}]}}