{"id":28750,"date":"2023-01-16T11:47:41","date_gmt":"2023-01-16T11:47:41","guid":{"rendered":"https:\/\/penosil.com\/lv\/?page_id=28750"},"modified":"2026-03-17T09:05:04","modified_gmt":"2026-03-17T09:05:04","slug":"penosil-lv-e-veikala-piegades-noteikumi","status":"publish","type":"page","link":"https:\/\/penosil.com\/lv\/penosil-lv-e-veikala-piegades-noteikumi\/","title":{"rendered":"Penosil.lv e-veikala pieg\u0101des noteikumi"},"content":{"rendered":"\n<p>Pre\u010du pieg\u0101de iesp\u0113jama tikai Latvijas teritorij\u0101. Pieg\u0101des iesp\u0113jas:<\/p>\n\n\n\n<p><strong>PAS\u016aT\u012aJUMA PA\u0160SAV\u0100K\u0160ANA<\/strong>: Wolf Group Latvia biroj\u0101, Katlakalna iel\u0101 1b, 1. st\u0101v\u0101 (darba dien\u0101s no 9:00 l\u012bdz 17:00) &#8211; <strong>bezmaksas<\/strong>.<br><strong>KURJERA PAKALPOJUMS:<\/strong><br><strong>&#8211; R\u012bg\u0101 &#8211; 3.00 EUR<\/strong><br><strong>&#8211; Re\u0123ionos \u2013 5.00-7.50 EUR<\/strong> (prec\u012bza pieg\u0101des summa tiks apr\u0113\u0137in\u0101ta p\u0113c adreses ievad\u012b\u0161anas)<\/p>\n\n\n\n<ul class=\"wp-block-list has-black-color has-text-color\">\n<li>Pieg\u0101des maksas lielums ir atkar\u012bgs no pieg\u0101des veida, kuru izv\u0113l\u0113jies pirc\u0113js, veicot pas\u016bt\u012bjumu, pieg\u0101des pakalpojumu sniedz\u0113ja, pre\u010du skaita, to apjoma un pieg\u0101des vietas, utt.<\/li>\n\n\n\n<li>Pieg\u0101des maksas lielums tiek nor\u0101d\u012bts pirc\u0113jam tie\u0161saistes veikal\u0101 pirms pas\u016bt\u012bjuma apstiprin\u0101\u0161anas.<\/li>\n\n\n\n<li>Pas\u016bt\u012bjumu pieg\u0101de un izsnieg\u0161ana tiek nodro\u0161in\u0101ta darba dien\u0101s. Pre\u010du pieg\u0101de netiek nodro\u0161in\u0101ta br\u012bvdien\u0101s un sv\u0113tku dien\u0101s.<\/li>\n\n\n\n<li>Parasti preces tiek pieg\u0101d\u0101tas tr\u012bs l\u012bdz piecu dienu laik\u0101 no pas\u016bt\u012bjuma veik\u0161anas br\u012b\u017ea un v\u0113l\u0101kais 30 dienu laik\u0101 no l\u012bguma nosl\u0113g\u0161anas br\u012b\u017ea.<\/li>\n\n\n\n<li>Pieg\u0101des tiek nodro\u0161in\u0101tas uz nor\u0101d\u012bto adresi darba dien\u0101s no 8.00. l\u012bdz 18.00. Sa\u0146\u0113m\u0113jam ir j\u0101b\u016bt pieejamam \u0161aj\u0101 laik\u0101 nor\u0101d\u012btaj\u0101 adres\u0113.<\/li>\n\n\n\n<li>S\u012bk\u0101ki P\u0101rdo\u0161anas un pieg\u0101des noteikumi <a href=\"https:\/\/penosil.com\/lv\/penosil-tiessaistes-veikala-pardosanas-noteikumi\/\" target=\"_blank\" rel=\"noreferrer noopener\"><strong>pieejami \u0161eit.<\/strong><\/a><\/li>\n<\/ul>\n\n\n\n<p>Viena pas\u016bt\u012bjuma ietvaros iesp\u0113jams izmantot tikai vienu atlai\u017eu kodu (atlaides nesumm\u0113jas). Izp\u0101rdo\u0161anas prec\u0113m un prec\u0113m ar \u012bpa\u0161u\/pazemin\u0101tu cenu atlai\u017eu kodi netiek piem\u0113roti.<\/p>\n\n\n\n<p><\/p>\n","protected":false},"excerpt":{"rendered":"Pre\u010du pieg\u0101de iesp\u0113jama tikai Latvijas teritorij\u0101. Pieg\u0101des iesp\u0113jas: PAS\u016aT\u012aJUMA PA\u0160SAV\u0100K\u0160ANA: Wolf Group Latvia biroj\u0101, Katlakalna iel\u0101 1b, 1. st\u0101v\u0101 (darba dien\u0101s no 9:00 l\u012bdz 17:00) &#8211; bezmaksas.KURJERA PAKALPOJUMS:&#8211; R\u012bg\u0101 &#8211; 3.00 EUR&#8211; Re\u0123ionos \u2013 5.00-7.50 EUR (prec\u012bza pieg\u0101des summa tiks apr\u0113\u0137in\u0101ta p\u0113c adreses ievad\u012b\u0161anas) Viena pas\u016bt\u012bjuma ietvaros iesp\u0113jams izmantot tikai vienu atlai\u017eu kodu (atlaides nesumm\u0113jas). [&hellip;]","protected":false},"author":18,"featured_media":0,"parent":0,"menu_order":0,"comment_status":"closed","ping_status":"closed","template":"","meta":{"_acf_changed":false,"advgb_blocks_editor_width":"","advgb_blocks_columns_visual_guide":"","footnotes":""},"class_list":["post-28750","page","type-page","status-publish","hentry"],"acf":[],"yoast_head":"<!-- This site is optimized with the Yoast SEO plugin v27.2 - https:\/\/yoast.com\/product\/yoast-seo-wordpress\/ -->\n<title>Penosil.lv e-veikala pieg\u0101des noteikumi - Penosil Latvia<\/title>\n<meta name=\"description\" content=\"Pre\u010du pieg\u0101de iesp\u0113jama tikai Latvijas teritorij\u0101. Iesp\u0113jama pa\u0161sav\u0101k\u0161ana vai pieg\u0101de ar kurjeru. Uzzini vair\u0101k!\" \/>\n<meta name=\"robots\" content=\"index, follow, max-snippet:-1, max-image-preview:large, max-video-preview:-1\" \/>\n<link rel=\"canonical\" href=\"https:\/\/penosil.com\/lv\/penosil-lv-e-veikala-piegades-noteikumi\/\" \/>\n<meta property=\"og:locale\" content=\"lv_LV\" \/>\n<meta property=\"og:type\" content=\"article\" \/>\n<meta property=\"og:title\" content=\"Penosil.lv e-veikala pieg\u0101des noteikumi - Penosil Latvia\" \/>\n<meta property=\"og:description\" content=\"Pre\u010du pieg\u0101de iesp\u0113jama tikai Latvijas teritorij\u0101. Iesp\u0113jama pa\u0161sav\u0101k\u0161ana vai pieg\u0101de ar kurjeru. Uzzini vair\u0101k!\" \/>\n<meta property=\"og:url\" content=\"https:\/\/penosil.com\/lv\/penosil-lv-e-veikala-piegades-noteikumi\/\" \/>\n<meta property=\"og:site_name\" content=\"Penosil Latvia\" \/>\n<meta property=\"article:modified_time\" content=\"2026-03-17T09:05:04+00:00\" \/>\n<meta name=\"twitter:card\" content=\"summary_large_image\" \/>\n<meta name=\"twitter:label1\" content=\"Est. reading time\" \/>\n\t<meta name=\"twitter:data1\" content=\"1 minute\" \/>\n<script type=\"application\/ld+json\" class=\"yoast-schema-graph\">{\"@context\":\"https:\/\/schema.org\",\"@graph\":[{\"@type\":\"WebPage\",\"@id\":\"https:\/\/penosil.com\/lv\/penosil-lv-e-veikala-piegades-noteikumi\/\",\"url\":\"https:\/\/penosil.com\/lv\/penosil-lv-e-veikala-piegades-noteikumi\/\",\"name\":\"Penosil.lv e-veikala pieg\u0101des noteikumi - Penosil Latvia\",\"isPartOf\":{\"@id\":\"https:\/\/penosil.com\/lv\/#website\"},\"datePublished\":\"2023-01-16T11:47:41+00:00\",\"dateModified\":\"2026-03-17T09:05:04+00:00\",\"description\":\"Pre\u010du pieg\u0101de iesp\u0113jama tikai Latvijas teritorij\u0101. Iesp\u0113jama pa\u0161sav\u0101k\u0161ana vai pieg\u0101de ar kurjeru. Uzzini vair\u0101k!\",\"breadcrumb\":{\"@id\":\"https:\/\/penosil.com\/lv\/penosil-lv-e-veikala-piegades-noteikumi\/#breadcrumb\"},\"inLanguage\":\"lv-LV\",\"potentialAction\":[{\"@type\":\"ReadAction\",\"target\":[\"https:\/\/penosil.com\/lv\/penosil-lv-e-veikala-piegades-noteikumi\/\"]}]},{\"@type\":\"BreadcrumbList\",\"@id\":\"https:\/\/penosil.com\/lv\/penosil-lv-e-veikala-piegades-noteikumi\/#breadcrumb\",\"itemListElement\":[{\"@type\":\"ListItem\",\"position\":1,\"name\":\"S\u0101kums\",\"item\":\"https:\/\/penosil.com\/lv\/\"},{\"@type\":\"ListItem\",\"position\":2,\"name\":\"Penosil.lv e-veikala pieg\u0101des noteikumi\"}]},{\"@type\":\"WebSite\",\"@id\":\"https:\/\/penosil.com\/lv\/#website\",\"url\":\"https:\/\/penosil.com\/lv\/\",\"name\":\"Penosil Latvia\",\"description\":\"\",\"potentialAction\":[{\"@type\":\"SearchAction\",\"target\":{\"@type\":\"EntryPoint\",\"urlTemplate\":\"https:\/\/penosil.com\/lv\/?s={search_term_string}\"},\"query-input\":{\"@type\":\"PropertyValueSpecification\",\"valueRequired\":true,\"valueName\":\"search_term_string\"}}],\"inLanguage\":\"lv-LV\"}]}<\/script>\n<!-- \/ Yoast SEO plugin. -->","yoast_head_json":{"title":"Penosil.lv e-veikala pieg\u0101des noteikumi - Penosil Latvia","description":"Pre\u010du pieg\u0101de iesp\u0113jama tikai Latvijas teritorij\u0101. Iesp\u0113jama pa\u0161sav\u0101k\u0161ana vai pieg\u0101de ar kurjeru. Uzzini vair\u0101k!","robots":{"index":"index","follow":"follow","max-snippet":"max-snippet:-1","max-image-preview":"max-image-preview:large","max-video-preview":"max-video-preview:-1"},"canonical":"https:\/\/penosil.com\/lv\/penosil-lv-e-veikala-piegades-noteikumi\/","og_locale":"lv_LV","og_type":"article","og_title":"Penosil.lv e-veikala pieg\u0101des noteikumi - Penosil Latvia","og_description":"Pre\u010du pieg\u0101de iesp\u0113jama tikai Latvijas teritorij\u0101. Iesp\u0113jama pa\u0161sav\u0101k\u0161ana vai pieg\u0101de ar kurjeru. Uzzini vair\u0101k!","og_url":"https:\/\/penosil.com\/lv\/penosil-lv-e-veikala-piegades-noteikumi\/","og_site_name":"Penosil Latvia","article_modified_time":"2026-03-17T09:05:04+00:00","twitter_card":"summary_large_image","twitter_misc":{"Est. reading time":"1 minute"},"schema":{"@context":"https:\/\/schema.org","@graph":[{"@type":"WebPage","@id":"https:\/\/penosil.com\/lv\/penosil-lv-e-veikala-piegades-noteikumi\/","url":"https:\/\/penosil.com\/lv\/penosil-lv-e-veikala-piegades-noteikumi\/","name":"Penosil.lv e-veikala pieg\u0101des noteikumi - Penosil Latvia","isPartOf":{"@id":"https:\/\/penosil.com\/lv\/#website"},"datePublished":"2023-01-16T11:47:41+00:00","dateModified":"2026-03-17T09:05:04+00:00","description":"Pre\u010du pieg\u0101de iesp\u0113jama tikai Latvijas teritorij\u0101. Iesp\u0113jama pa\u0161sav\u0101k\u0161ana vai pieg\u0101de ar kurjeru. Uzzini vair\u0101k!","breadcrumb":{"@id":"https:\/\/penosil.com\/lv\/penosil-lv-e-veikala-piegades-noteikumi\/#breadcrumb"},"inLanguage":"lv-LV","potentialAction":[{"@type":"ReadAction","target":["https:\/\/penosil.com\/lv\/penosil-lv-e-veikala-piegades-noteikumi\/"]}]},{"@type":"BreadcrumbList","@id":"https:\/\/penosil.com\/lv\/penosil-lv-e-veikala-piegades-noteikumi\/#breadcrumb","itemListElement":[{"@type":"ListItem","position":1,"name":"S\u0101kums","item":"https:\/\/penosil.com\/lv\/"},{"@type":"ListItem","position":2,"name":"Penosil.lv e-veikala pieg\u0101des noteikumi"}]},{"@type":"WebSite","@id":"https:\/\/penosil.com\/lv\/#website","url":"https:\/\/penosil.com\/lv\/","name":"Penosil Latvia","description":"","potentialAction":[{"@type":"SearchAction","target":{"@type":"EntryPoint","urlTemplate":"https:\/\/penosil.com\/lv\/?s={search_term_string}"},"query-input":{"@type":"PropertyValueSpecification","valueRequired":true,"valueName":"search_term_string"}}],"inLanguage":"lv-LV"}]}},"coauthors":[],"author_meta":{"author_link":"https:\/\/penosil.com\/lv\/author\/olgakucmasova\/","display_name":"olgakucmasova"},"relative_dates":{"created":"Posted 3 years ago","modified":"Updated 1 month ago"},"absolute_dates":{"created":"Posted on January 16, 2023","modified":"Updated on March 17, 2026"},"absolute_dates_time":{"created":"Posted on January 16, 2023 11:47 am","modified":"Updated on March 17, 2026 9:05 am"},"featured_img_caption":"","featured_img":false,"series_order":"","_links":{"self":[{"href":"https:\/\/penosil.com\/lv\/wp-json\/wp\/v2\/pages\/28750","targetHints":{"allow":["GET"]}}],"collection":[{"href":"https:\/\/penosil.com\/lv\/wp-json\/wp\/v2\/pages"}],"about":[{"href":"https:\/\/penosil.com\/lv\/wp-json\/wp\/v2\/types\/page"}],"author":[{"embeddable":true,"href":"https:\/\/penosil.com\/lv\/wp-json\/wp\/v2\/users\/18"}],"replies":[{"embeddable":true,"href":"https:\/\/penosil.com\/lv\/wp-json\/wp\/v2\/comments?post=28750"}],"version-history":[{"count":16,"href":"https:\/\/penosil.com\/lv\/wp-json\/wp\/v2\/pages\/28750\/revisions"}],"predecessor-version":[{"id":33291,"href":"https:\/\/penosil.com\/lv\/wp-json\/wp\/v2\/pages\/28750\/revisions\/33291"}],"wp:attachment":[{"href":"https:\/\/penosil.com\/lv\/wp-json\/wp\/v2\/media?parent=28750"}],"curies":[{"name":"wp","href":"https:\/\/api.w.org\/{rel}","templated":true}]}}