{"id":29163,"date":"2023-08-29T12:23:27","date_gmt":"2023-08-29T12:23:27","guid":{"rendered":"https:\/\/penosil.com\/lv\/?page_id=29163"},"modified":"2026-01-19T09:46:53","modified_gmt":"2026-01-19T09:46:53","slug":"penosil-risinajumi","status":"publish","type":"page","link":"https:\/\/penosil.com\/lv\/penosil-risinajumi\/","title":{"rendered":"Penosil risin\u0101jumi"},"content":{"rendered":"<section id=\"pnsl-solutions-selection-block_cbbed98c77c8a4661248bd58ffaf42ee\" class=\"pnsl-solutions-selection-block\" aria-labelledby=\"solutions-heading\">\n   \n    <section class=\"pnsl-breadcrumbs\">\n        <div class=\"container\">\n            <div class=\"d-flex flex-wrap align-items-center\">\n                                                            <a href=\"https:\/\/penosil.com\/lv\">S\u0101kums<\/a>\n                    \n                                            <div class=\"arrow\"><\/div>\n                                                                                <span>Penosil risin\u0101jumi<\/span>\n                    \n                                                <\/div>\n        <\/div>\n    <\/section>\n\n   <div class=\"container\">\n      <h1 id=\"solutions-heading\" class=\"visually-hidden\">Penosil Solutions<\/h1>\n\n      <ul class=\"row solutions-list\" role=\"list\">\n                                 <li class=\"col col-12 col-lg-6\">\n               <article class=\"solution d-flex flex-column align-items-center text-center\">\n                                       <h2>PRO celtnieki<\/h2>\n                  \n                                       <a href=\"https:\/\/penosil.com\/lv\/risinajumi\/\"\n                        class=\"image-wrap\"\n                        aria-hidden=\"true\"\n                        tabindex=\"-1\"\n                        >\n                        <img decoding=\"async\" src=\"https:\/\/penosil.com\/lv\/wp-content\/uploads\/sites\/31\/2024\/07\/Pro-Builders-solutions-Penosil.png\"\n                           width=\"965\"\n                           height=\"510\"\n                           alt=\"PRO-celtnieki-Penosil\"\n                           loading=\"lazy\">\n                     <\/a>\n                  \n                                       <div class=\"text-wrap\">\n                        <p>Katram produktam ir svar\u012bga un specifiska loma, lai pan\u0101ktu pareizu un energoefekt\u012bvu risin\u0101jumu.<\/p>\n                     <\/div>\n                  \n                                                            <a class=\"btn rbtn\"\n                        href=\"https:\/\/penosil.com\/lv\/risinajumi\/\"\n                        aria-label=\"View PRO celtnieki solutions\"\n                        >\n                        Risin\u0101jumi                     <\/a>\n                                 <\/article>\n            <\/li>\n                                 <li class=\"col col-12 col-lg-6\">\n               <article class=\"solution d-flex flex-column align-items-center text-center\">\n                                       <h2>Industri\u0101l\u0101 b\u016bvniec\u012bba<\/h2>\n                  \n                                       <a href=\"https:\/\/penosil.com\/lv\/industrialie-risinajumi\/\"\n                        class=\"image-wrap\"\n                        aria-hidden=\"true\"\n                        tabindex=\"-1\"\n                        >\n                        <img decoding=\"async\" src=\"https:\/\/penosil.com\/lv\/wp-content\/uploads\/sites\/31\/2024\/07\/Industrial-solutions-Penosil.png\"\n                           width=\"965\"\n                           height=\"510\"\n                           alt=\"Industri\u0101l\u0101-b\u016bvniec\u012bba-Pensoil\"\n                           loading=\"lazy\">\n                     <\/a>\n                  \n                                       <div class=\"text-wrap\">\n                        <p>Katram produktam ir svar\u012bga un specifiska loma, lai pan\u0101ktu pareizu un energoefekt\u012bvu risin\u0101jumu.<\/p>\n                     <\/div>\n                  \n                                                            <a class=\"btn rbtn\"\n                        href=\"https:\/\/penosil.com\/lv\/industrialie-risinajumi\/\"\n                        aria-label=\"View Industri\u0101l\u0101 b\u016bvniec\u012bba solutions\"\n                        >\n                        Industri\u0101lie risin\u0101jumi                     <\/a>\n                                 <\/article>\n            <\/li>\n               <\/ul>\n   <\/div>\n<\/section>","protected":false},"excerpt":{"rendered":"","protected":false},"author":105,"featured_media":0,"parent":0,"menu_order":0,"comment_status":"closed","ping_status":"closed","template":"page-templates\/template-no-title.php","meta":{"_acf_changed":false,"advgb_blocks_editor_width":"","advgb_blocks_columns_visual_guide":"","footnotes":""},"class_list":["post-29163","page","type-page","status-publish","hentry"],"acf":[],"yoast_head":"<!-- This site is optimized with the Yoast SEO plugin v27.2 - https:\/\/yoast.com\/product\/yoast-seo-wordpress\/ -->\n<title>Penosil risin\u0101jumi - Penosil Latvia<\/title>\n<meta name=\"description\" content=\"Katram produktam ir svar\u012bga un specifiska loma, lai pan\u0101ktu pareizu un energoefekt\u012bvu risin\u0101jumu. Uzzin\u0101t vair\u0101k!\" \/>\n<meta name=\"robots\" content=\"index, follow, max-snippet:-1, max-image-preview:large, max-video-preview:-1\" \/>\n<link rel=\"canonical\" href=\"https:\/\/penosil.com\/lv\/penosil-risinajumi\/\" \/>\n<meta property=\"og:locale\" content=\"lv_LV\" \/>\n<meta property=\"og:type\" content=\"article\" \/>\n<meta property=\"og:title\" content=\"Penosil risin\u0101jumi - Penosil Latvia\" \/>\n<meta property=\"og:description\" content=\"Katram produktam ir svar\u012bga un specifiska loma, lai pan\u0101ktu pareizu un energoefekt\u012bvu risin\u0101jumu. Uzzin\u0101t vair\u0101k!\" \/>\n<meta property=\"og:url\" content=\"https:\/\/penosil.com\/lv\/penosil-risinajumi\/\" \/>\n<meta property=\"og:site_name\" content=\"Penosil Latvia\" \/>\n<meta property=\"article:modified_time\" content=\"2026-01-19T09:46:53+00:00\" \/>\n<meta name=\"twitter:card\" content=\"summary_large_image\" \/>\n<meta name=\"twitter:label1\" content=\"Est. reading time\" \/>\n\t<meta name=\"twitter:data1\" content=\"1 minute\" \/>\n<script type=\"application\/ld+json\" class=\"yoast-schema-graph\">{\"@context\":\"https:\/\/schema.org\",\"@graph\":[{\"@type\":\"WebPage\",\"@id\":\"https:\/\/penosil.com\/lv\/penosil-risinajumi\/\",\"url\":\"https:\/\/penosil.com\/lv\/penosil-risinajumi\/\",\"name\":\"Penosil risin\u0101jumi - Penosil Latvia\",\"isPartOf\":{\"@id\":\"https:\/\/penosil.com\/lv\/#website\"},\"datePublished\":\"2023-08-29T12:23:27+00:00\",\"dateModified\":\"2026-01-19T09:46:53+00:00\",\"description\":\"Katram produktam ir svar\u012bga un specifiska loma, lai pan\u0101ktu pareizu un energoefekt\u012bvu risin\u0101jumu. Uzzin\u0101t vair\u0101k!\",\"breadcrumb\":{\"@id\":\"https:\/\/penosil.com\/lv\/penosil-risinajumi\/#breadcrumb\"},\"inLanguage\":\"lv-LV\",\"potentialAction\":[{\"@type\":\"ReadAction\",\"target\":[\"https:\/\/penosil.com\/lv\/penosil-risinajumi\/\"]}]},{\"@type\":\"BreadcrumbList\",\"@id\":\"https:\/\/penosil.com\/lv\/penosil-risinajumi\/#breadcrumb\",\"itemListElement\":[{\"@type\":\"ListItem\",\"position\":1,\"name\":\"S\u0101kums\",\"item\":\"https:\/\/penosil.com\/lv\/\"},{\"@type\":\"ListItem\",\"position\":2,\"name\":\"Penosil risin\u0101jumi\"}]},{\"@type\":\"WebSite\",\"@id\":\"https:\/\/penosil.com\/lv\/#website\",\"url\":\"https:\/\/penosil.com\/lv\/\",\"name\":\"Penosil Latvia\",\"description\":\"\",\"potentialAction\":[{\"@type\":\"SearchAction\",\"target\":{\"@type\":\"EntryPoint\",\"urlTemplate\":\"https:\/\/penosil.com\/lv\/?s={search_term_string}\"},\"query-input\":{\"@type\":\"PropertyValueSpecification\",\"valueRequired\":true,\"valueName\":\"search_term_string\"}}],\"inLanguage\":\"lv-LV\"}]}<\/script>\n<!-- \/ Yoast SEO plugin. -->","yoast_head_json":{"title":"Penosil risin\u0101jumi - Penosil Latvia","description":"Katram produktam ir svar\u012bga un specifiska loma, lai pan\u0101ktu pareizu un energoefekt\u012bvu risin\u0101jumu. Uzzin\u0101t vair\u0101k!","robots":{"index":"index","follow":"follow","max-snippet":"max-snippet:-1","max-image-preview":"max-image-preview:large","max-video-preview":"max-video-preview:-1"},"canonical":"https:\/\/penosil.com\/lv\/penosil-risinajumi\/","og_locale":"lv_LV","og_type":"article","og_title":"Penosil risin\u0101jumi - Penosil Latvia","og_description":"Katram produktam ir svar\u012bga un specifiska loma, lai pan\u0101ktu pareizu un energoefekt\u012bvu risin\u0101jumu. Uzzin\u0101t vair\u0101k!","og_url":"https:\/\/penosil.com\/lv\/penosil-risinajumi\/","og_site_name":"Penosil Latvia","article_modified_time":"2026-01-19T09:46:53+00:00","twitter_card":"summary_large_image","twitter_misc":{"Est. reading time":"1 minute"},"schema":{"@context":"https:\/\/schema.org","@graph":[{"@type":"WebPage","@id":"https:\/\/penosil.com\/lv\/penosil-risinajumi\/","url":"https:\/\/penosil.com\/lv\/penosil-risinajumi\/","name":"Penosil risin\u0101jumi - Penosil Latvia","isPartOf":{"@id":"https:\/\/penosil.com\/lv\/#website"},"datePublished":"2023-08-29T12:23:27+00:00","dateModified":"2026-01-19T09:46:53+00:00","description":"Katram produktam ir svar\u012bga un specifiska loma, lai pan\u0101ktu pareizu un energoefekt\u012bvu risin\u0101jumu. Uzzin\u0101t vair\u0101k!","breadcrumb":{"@id":"https:\/\/penosil.com\/lv\/penosil-risinajumi\/#breadcrumb"},"inLanguage":"lv-LV","potentialAction":[{"@type":"ReadAction","target":["https:\/\/penosil.com\/lv\/penosil-risinajumi\/"]}]},{"@type":"BreadcrumbList","@id":"https:\/\/penosil.com\/lv\/penosil-risinajumi\/#breadcrumb","itemListElement":[{"@type":"ListItem","position":1,"name":"S\u0101kums","item":"https:\/\/penosil.com\/lv\/"},{"@type":"ListItem","position":2,"name":"Penosil risin\u0101jumi"}]},{"@type":"WebSite","@id":"https:\/\/penosil.com\/lv\/#website","url":"https:\/\/penosil.com\/lv\/","name":"Penosil Latvia","description":"","potentialAction":[{"@type":"SearchAction","target":{"@type":"EntryPoint","urlTemplate":"https:\/\/penosil.com\/lv\/?s={search_term_string}"},"query-input":{"@type":"PropertyValueSpecification","valueRequired":true,"valueName":"search_term_string"}}],"inLanguage":"lv-LV"}]}},"coauthors":[],"author_meta":{"author_link":"https:\/\/penosil.com\/lv\/author\/kevinreaktiiv\/","display_name":"kevinreaktiiv"},"relative_dates":{"created":"Posted 3 years ago","modified":"Updated 3 months ago"},"absolute_dates":{"created":"Posted on August 29, 2023","modified":"Updated on January 19, 2026"},"absolute_dates_time":{"created":"Posted on August 29, 2023 12:23 pm","modified":"Updated on January 19, 2026 9:46 am"},"featured_img_caption":"","featured_img":false,"series_order":"","_links":{"self":[{"href":"https:\/\/penosil.com\/lv\/wp-json\/wp\/v2\/pages\/29163","targetHints":{"allow":["GET"]}}],"collection":[{"href":"https:\/\/penosil.com\/lv\/wp-json\/wp\/v2\/pages"}],"about":[{"href":"https:\/\/penosil.com\/lv\/wp-json\/wp\/v2\/types\/page"}],"author":[{"embeddable":true,"href":"https:\/\/penosil.com\/lv\/wp-json\/wp\/v2\/users\/105"}],"replies":[{"embeddable":true,"href":"https:\/\/penosil.com\/lv\/wp-json\/wp\/v2\/comments?post=29163"}],"version-history":[{"count":13,"href":"https:\/\/penosil.com\/lv\/wp-json\/wp\/v2\/pages\/29163\/revisions"}],"predecessor-version":[{"id":32843,"href":"https:\/\/penosil.com\/lv\/wp-json\/wp\/v2\/pages\/29163\/revisions\/32843"}],"wp:attachment":[{"href":"https:\/\/penosil.com\/lv\/wp-json\/wp\/v2\/media?parent=29163"}],"curies":[{"name":"wp","href":"https:\/\/api.w.org\/{rel}","templated":true}]}}