{"id":29191,"date":"2023-09-11T10:11:08","date_gmt":"2023-09-11T10:11:08","guid":{"rendered":"https:\/\/penosil.com\/lv\/?page_id=29191"},"modified":"2023-09-13T07:11:52","modified_gmt":"2023-09-13T07:11:52","slug":"calculators-for-airvapour-membrane-660","status":"publish","type":"page","link":"https:\/\/penosil.com\/lv\/zinibu-centrs\/calculators\/calculators-for-airvapour-membrane-660\/","title":{"rendered":"Air&amp;Vapour Membrane 660 tvaiku barjeras mastikas pat\u0113ri\u0146a kalkulators"},"content":{"rendered":"<div id=\"pnsl-calculator-block_6c7082770d0ddc22131593e60761b13c\" class=\"pnsl-calculator-block membrane-660-calculator\">\n   <div class=\"total-product mb64\">\n               <h3 class=\"mb24\">Air&amp;Vapour Membrane 660 pat\u0113ri\u0146a kalkulators<\/h3>\n      \n      <div class=\"calculator-part\">\n         <div class=\"calculator-part-title\">\n            <h4 class=\"\">\u0160uves izm\u0113ri<\/h4>\n                     <\/div>\n\n         <div class=\"calculator-part-inputs d-flex align-items-center flex-wrap\">\n\n            <div class=\"calculator-input mr32\">\n               <label for=\"joint-width\" class=\"input-label\">Platums<\/label>\n               <div class=\"input-field\">\n                  <input type=\"number\" name=\"membrane-total-joint-width\">\n                  <span class=\"unit\">cm<\/span>\n               <\/div>\n            <\/div>\n\n            <div class=\"calculator-input mr32\">\n               <label for=\"joint-length\" class=\"input-label\">Garums<\/label>\n               <div class=\"input-field\">\n                  <input type=\"number\" name=\"membrane-total-joint-length\">\n                  <span class=\"unit\">m<\/span>\n               <\/div>\n            <\/div>\n         <\/div>\n      <\/div>\n\n      <div class=\"calculator-output\">\n         <div class=\"output-block output-full d-flex flex-wrap\">\n            <div class=\"output-title w100\">\n               <span>Nepiecie\u0161amie Kg<\/span>\n            <\/div>\n            <div class=\"output-result w100\" id=\"membrane-total-nr-balloons\">\n               0\n            <\/div>\n         <\/div>\n      <\/div>\n   <\/div>\n   \n   <div class=\"total-coverage\">\n               <h3 class=\"mb24\">Air&amp;Vapour Membrane 660 max line\u0101r\u0101s \u0161uves, atkar\u012bb\u0101 no iepakojuma apjoma<\/h3>\n      \n      <div class=\"calculator-part\">\n         <div class=\"calculator-part-title\">\n            <h4 class=\"\">\u0160uves izm\u0113rs \/ Iepakojums apjoms<\/h4>\n                     <\/div>\n\n         <div class=\"calculator-part-inputs d-flex align-items-center flex-wrap\">\n\n            <div class=\"calculator-input mr32\">\n               <label for=\"joint-width\" class=\"input-label\">\u0160uves platums<\/label>\n               <div class=\"input-field\">\n                  <input type=\"number\" name=\"membrane-coverage-joint-width\">\n                  <span class=\"unit\">cm<\/span>\n               <\/div>\n            <\/div>\n\n            <div class=\"calculator-input mr32\">\n               <label for=\"package-size\" class=\"input-label\">Iepakojuma apjoms<\/label>\n               <div class=\"input-field pnsl-select-box\">\n                  <select name=\"membrane-coverage-package-size\" class=\"package-size\" id=\"package-size\">\n                     <option value=\"1\">1kg<\/option>\n                     <option value=\"5\">5kg<\/option>\n                  <\/select>\n               <\/div>\n            <\/div>\n         <\/div>\n      <\/div>\n\n      <div class=\"calculator-output\">\n         <div class=\"output-block output-full d-flex flex-wrap\">\n            <div class=\"output-title w100\">\n               <span>P\u0101rkl\u0101juma garums m<\/span>\n            <\/div>\n            <div class=\"output-result w100\" id=\"membrane-coverage-nr-balloons\">\n               0\n            <\/div>\n         <\/div>\n      <\/div>\n   <\/div>\n<\/div>","protected":false},"excerpt":{"rendered":"","protected":false},"author":105,"featured_media":0,"parent":3498,"menu_order":0,"comment_status":"closed","ping_status":"closed","template":"page-templates\/template-calculators.php","meta":{"_acf_changed":false,"advgb_blocks_editor_width":"","advgb_blocks_columns_visual_guide":"","footnotes":""},"class_list":["post-29191","page","type-page","status-publish","hentry"],"acf":[],"yoast_head":"<!-- This site is optimized with the Yoast SEO plugin v27.4 - https:\/\/yoast.com\/product\/yoast-seo-wordpress\/ -->\n<title>Air&amp;Vapour Membrane 660 tvaiku barjeras mastikas pat\u0113ri\u0146a kalkulators - Penosil Latvia<\/title>\n<meta name=\"robots\" content=\"index, follow, max-snippet:-1, max-image-preview:large, max-video-preview:-1\" \/>\n<link rel=\"canonical\" href=\"https:\/\/penosil.com\/lv\/zinibu-centrs\/calculators\/calculators-for-airvapour-membrane-660\/\" \/>\n<meta property=\"og:locale\" content=\"lv_LV\" \/>\n<meta property=\"og:type\" content=\"article\" \/>\n<meta property=\"og:title\" content=\"Air&amp;Vapour Membrane 660 tvaiku barjeras mastikas pat\u0113ri\u0146a kalkulators - Penosil Latvia\" \/>\n<meta property=\"og:url\" content=\"https:\/\/penosil.com\/lv\/zinibu-centrs\/calculators\/calculators-for-airvapour-membrane-660\/\" \/>\n<meta property=\"og:site_name\" content=\"Penosil Latvia\" \/>\n<meta property=\"article:modified_time\" content=\"2023-09-13T07:11:52+00:00\" \/>\n<meta name=\"twitter:card\" content=\"summary_large_image\" \/>\n<script type=\"application\/ld+json\" class=\"yoast-schema-graph\">{\"@context\":\"https:\\\/\\\/schema.org\",\"@graph\":[{\"@type\":\"WebPage\",\"@id\":\"https:\\\/\\\/penosil.com\\\/lv\\\/zinibu-centrs\\\/calculators\\\/calculators-for-airvapour-membrane-660\\\/\",\"url\":\"https:\\\/\\\/penosil.com\\\/lv\\\/zinibu-centrs\\\/calculators\\\/calculators-for-airvapour-membrane-660\\\/\",\"name\":\"Air&amp;Vapour Membrane 660 tvaiku barjeras mastikas pat\u0113ri\u0146a kalkulators - Penosil Latvia\",\"isPartOf\":{\"@id\":\"https:\\\/\\\/penosil.com\\\/lv\\\/#website\"},\"datePublished\":\"2023-09-11T10:11:08+00:00\",\"dateModified\":\"2023-09-13T07:11:52+00:00\",\"breadcrumb\":{\"@id\":\"https:\\\/\\\/penosil.com\\\/lv\\\/zinibu-centrs\\\/calculators\\\/calculators-for-airvapour-membrane-660\\\/#breadcrumb\"},\"inLanguage\":\"lv-LV\",\"potentialAction\":[{\"@type\":\"ReadAction\",\"target\":[\"https:\\\/\\\/penosil.com\\\/lv\\\/zinibu-centrs\\\/calculators\\\/calculators-for-airvapour-membrane-660\\\/\"]}]},{\"@type\":\"BreadcrumbList\",\"@id\":\"https:\\\/\\\/penosil.com\\\/lv\\\/zinibu-centrs\\\/calculators\\\/calculators-for-airvapour-membrane-660\\\/#breadcrumb\",\"itemListElement\":[{\"@type\":\"ListItem\",\"position\":1,\"name\":\"S\u0101kums\",\"item\":\"https:\\\/\\\/penosil.com\\\/lv\\\/\"},{\"@type\":\"ListItem\",\"position\":2,\"name\":\"Zin\u012bbu centrs\",\"item\":\"https:\\\/\\\/penosil.com\\\/lv\\\/zinibu-centrs\\\/\"},{\"@type\":\"ListItem\",\"position\":3,\"name\":\"Kalkulatori\",\"item\":\"https:\\\/\\\/penosil.com\\\/lv\\\/zinibu-centrs\\\/calculators\\\/\"},{\"@type\":\"ListItem\",\"position\":4,\"name\":\"Air&amp;Vapour Membrane 660 tvaiku barjeras mastikas pat\u0113ri\u0146a kalkulators\"}]},{\"@type\":\"WebSite\",\"@id\":\"https:\\\/\\\/penosil.com\\\/lv\\\/#website\",\"url\":\"https:\\\/\\\/penosil.com\\\/lv\\\/\",\"name\":\"Penosil Latvia\",\"description\":\"\",\"potentialAction\":[{\"@type\":\"SearchAction\",\"target\":{\"@type\":\"EntryPoint\",\"urlTemplate\":\"https:\\\/\\\/penosil.com\\\/lv\\\/?s={search_term_string}\"},\"query-input\":{\"@type\":\"PropertyValueSpecification\",\"valueRequired\":true,\"valueName\":\"search_term_string\"}}],\"inLanguage\":\"lv-LV\"}]}<\/script>\n<!-- \/ Yoast SEO plugin. -->","yoast_head_json":{"title":"Air&amp;Vapour Membrane 660 tvaiku barjeras mastikas pat\u0113ri\u0146a kalkulators - Penosil Latvia","robots":{"index":"index","follow":"follow","max-snippet":"max-snippet:-1","max-image-preview":"max-image-preview:large","max-video-preview":"max-video-preview:-1"},"canonical":"https:\/\/penosil.com\/lv\/zinibu-centrs\/calculators\/calculators-for-airvapour-membrane-660\/","og_locale":"lv_LV","og_type":"article","og_title":"Air&amp;Vapour Membrane 660 tvaiku barjeras mastikas pat\u0113ri\u0146a kalkulators - Penosil Latvia","og_url":"https:\/\/penosil.com\/lv\/zinibu-centrs\/calculators\/calculators-for-airvapour-membrane-660\/","og_site_name":"Penosil Latvia","article_modified_time":"2023-09-13T07:11:52+00:00","twitter_card":"summary_large_image","schema":{"@context":"https:\/\/schema.org","@graph":[{"@type":"WebPage","@id":"https:\/\/penosil.com\/lv\/zinibu-centrs\/calculators\/calculators-for-airvapour-membrane-660\/","url":"https:\/\/penosil.com\/lv\/zinibu-centrs\/calculators\/calculators-for-airvapour-membrane-660\/","name":"Air&amp;Vapour Membrane 660 tvaiku barjeras mastikas pat\u0113ri\u0146a kalkulators - Penosil Latvia","isPartOf":{"@id":"https:\/\/penosil.com\/lv\/#website"},"datePublished":"2023-09-11T10:11:08+00:00","dateModified":"2023-09-13T07:11:52+00:00","breadcrumb":{"@id":"https:\/\/penosil.com\/lv\/zinibu-centrs\/calculators\/calculators-for-airvapour-membrane-660\/#breadcrumb"},"inLanguage":"lv-LV","potentialAction":[{"@type":"ReadAction","target":["https:\/\/penosil.com\/lv\/zinibu-centrs\/calculators\/calculators-for-airvapour-membrane-660\/"]}]},{"@type":"BreadcrumbList","@id":"https:\/\/penosil.com\/lv\/zinibu-centrs\/calculators\/calculators-for-airvapour-membrane-660\/#breadcrumb","itemListElement":[{"@type":"ListItem","position":1,"name":"S\u0101kums","item":"https:\/\/penosil.com\/lv\/"},{"@type":"ListItem","position":2,"name":"Zin\u012bbu centrs","item":"https:\/\/penosil.com\/lv\/zinibu-centrs\/"},{"@type":"ListItem","position":3,"name":"Kalkulatori","item":"https:\/\/penosil.com\/lv\/zinibu-centrs\/calculators\/"},{"@type":"ListItem","position":4,"name":"Air&amp;Vapour Membrane 660 tvaiku barjeras mastikas pat\u0113ri\u0146a kalkulators"}]},{"@type":"WebSite","@id":"https:\/\/penosil.com\/lv\/#website","url":"https:\/\/penosil.com\/lv\/","name":"Penosil Latvia","description":"","potentialAction":[{"@type":"SearchAction","target":{"@type":"EntryPoint","urlTemplate":"https:\/\/penosil.com\/lv\/?s={search_term_string}"},"query-input":{"@type":"PropertyValueSpecification","valueRequired":true,"valueName":"search_term_string"}}],"inLanguage":"lv-LV"}]}},"coauthors":[],"author_meta":{"author_link":"https:\/\/penosil.com\/lv\/author\/kevinreaktiiv\/","display_name":"kevinreaktiiv"},"relative_dates":{"created":"Posted 3 years ago","modified":"Updated 3 years ago"},"absolute_dates":{"created":"Posted on September 11, 2023","modified":"Updated on September 13, 2023"},"absolute_dates_time":{"created":"Posted on September 11, 2023 10:11 am","modified":"Updated on September 13, 2023 7:11 am"},"featured_img_caption":"","featured_img":false,"series_order":"","_links":{"self":[{"href":"https:\/\/penosil.com\/lv\/wp-json\/wp\/v2\/pages\/29191","targetHints":{"allow":["GET"]}}],"collection":[{"href":"https:\/\/penosil.com\/lv\/wp-json\/wp\/v2\/pages"}],"about":[{"href":"https:\/\/penosil.com\/lv\/wp-json\/wp\/v2\/types\/page"}],"author":[{"embeddable":true,"href":"https:\/\/penosil.com\/lv\/wp-json\/wp\/v2\/users\/105"}],"replies":[{"embeddable":true,"href":"https:\/\/penosil.com\/lv\/wp-json\/wp\/v2\/comments?post=29191"}],"version-history":[{"count":5,"href":"https:\/\/penosil.com\/lv\/wp-json\/wp\/v2\/pages\/29191\/revisions"}],"predecessor-version":[{"id":29200,"href":"https:\/\/penosil.com\/lv\/wp-json\/wp\/v2\/pages\/29191\/revisions\/29200"}],"up":[{"embeddable":true,"href":"https:\/\/penosil.com\/lv\/wp-json\/wp\/v2\/pages\/3498"}],"wp:attachment":[{"href":"https:\/\/penosil.com\/lv\/wp-json\/wp\/v2\/media?parent=29191"}],"curies":[{"name":"wp","href":"https:\/\/api.w.org\/{rel}","templated":true}]}}