{"id":30053,"date":"2024-07-01T12:50:59","date_gmt":"2024-07-01T12:50:59","guid":{"rendered":"https:\/\/penosil.com\/lv\/?page_id=30053"},"modified":"2025-08-11T11:32:46","modified_gmt":"2025-08-11T11:32:46","slug":"neredzami-bet-visapkart","status":"publish","type":"page","link":"https:\/\/penosil.com\/lv\/ilgtspejiba\/neredzami-bet-visapkart\/","title":{"rendered":"Neredzami, bet visapk\u0101rt"},"content":{"rendered":"<section class=\"pnsl-thin-banner-block\" style=\"background-color: #007F5F; color: #FFFFFF\" aria-label=\"Neredzami, bet visapk\u0101rt\">\n   <div class=\"container d-flex flex-column flex-lg-row align-items-lg-center justify-content-between\">\n      <div class=\"text-wrap\">\n                     <h1>Neredzami, bet visapk\u0101rt<\/h1>\n         \n                     <p>M\u016bsu produkti bie\u017ei vien ir neredzami, kad \u0113ka ir gatava, ta\u010du tie ir<strong> b\u016btiska b\u016bvniec\u012bbas procesa sast\u0101vda\u013ca.<\/strong><\/p>\n               <\/div>\n\n               <div id=\"lottie-block_999b506a17c95cd522103c8c1031eb20\" class=\"lottie-animation\" data-path=\"https:\/\/penosil.com\/lv\/wp-content\/themes\/penosil-store\/assets\/lottie\/invisible.json\" data-speed=\"0.75\" role=\"img\" aria-label=\"Decorative animation\"><\/div>\n         <\/div>\n<\/section>\n\n<section class=\"pnsl-energy-efficiency-block d-flex flex-column\">\n   <div class=\"container\">\n               <div class=\"above-lines-text w100\">\n            <p>\u0112kas ir viens no liel\u0101kajiem ener\u0123ijas pat\u0113r\u0113t\u0101jiem. T\u0101s rada vair\u0101k nek\u0101<strong> 40 % <\/strong>no glob\u0101l\u0101 ener\u0123ijas pat\u0113ri\u0146a un<strong> 33 % <\/strong>no glob\u0101laj\u0101m CO<sub>2 <\/sub>emisij\u0101m.<\/p>\n         <\/div>\n      \n               <div class=\"lines-text w100\">\n            <p>M\u016bsu produkti<strong> akt\u012bvi pal\u012bdz c\u012bn\u012bties pret klimata p\u0101rmai\u0146\u0101m, <\/strong>uzlabojot \u0113kas energoefektivit\u0101ti un t\u0101d\u0113j\u0101di samazinot t\u0101s CO<sub>2 <\/sub>emisijas.<\/p>\n         <\/div>\n      \n               <h2>K\u0101 m\u0113s uzlabojam energoefektivit\u0101ti?<\/h2>\n         <\/div>\n\n         <div class=\"container accordion-container\">\n         <div class=\"accordion\" role=\"region\" aria-label=\"Energy efficiency topics\">\n                                          <div class=\"item\">\n                  <button type=\"button\" \n                     class=\"title-wrap d-flex align-items-center\" \n                     aria-expanded=\"false\"\n                     aria-controls=\"accordion-panel-0\"\n                     id=\"accordion-header-0\">\n                     <div class=\"number d-flex align-items-center justify-content-center\" aria-hidden=\"true\"><span>1<\/span><\/div>\n                     <div class=\"title d-flex align-items-center\">Siltumizol\u0113jot konstrukcijas<\/div>\n                  <\/button>\n                  <div class=\"content\" \n                     id=\"accordion-panel-0\" \n                     role=\"region\" \n                     aria-labelledby=\"accordion-header-0\"\n                     hidden>\n                     <ul>\n<li style=\"list-style-type: none;\">\n<ul>\n<li style=\"list-style-type: none;\">\n<ul>\n<li>M\u016bsu PU putas hermetiz\u0113 spraugas, plaisas un termoizol\u0113 savienojumus, t\u0101d\u0113j\u0101di nov\u0113r\u0161ot ener\u0123ijas zudumus \u0113k\u0101s un samazinot to CO<sub>2 <\/sub>emisijas.<\/li>\n<li>Penosil PU putas to dz\u012bves cikla laik\u0101 ietaupa vair\u0101k nek\u0101 <strong>70 reizes<\/strong> ener\u0123ijas, nek\u0101 bija nepiecie\u0161ams to ra\u017eo\u0161anas proces\u0101.<\/li>\n<li><strong>1 kg PU putu dz\u012bves cikla laik\u0101 ietaupa 1000 kg <\/strong><strong>CO<sub>2<\/sub><\/strong><strong>.<\/strong> Sal\u012bdzin\u0101jumam &#8211; koks 100 gadu dz\u012bves laik\u0101 var absorb\u0113t aptuveni 1000 kg CO<sub>2<\/sub>.<\/li>\n<li>PU putas ir lielisks izol\u0101cijas materi\u0101ls, jo ar t\u0101m var piek\u013c\u016bt gr\u016bti pieejam\u0101m viet\u0101m, un t\u0101m ir zem\u0101ka siltumvad\u012btsp\u0113ja nek\u0101 miner\u0101lvatei.<\/li>\n<li>Pareizi uzkl\u0101tas PU putas darbojas ar\u012b k\u0101 ska\u0146as izol\u0101cija un samazina kondens\u0101cijas un pel\u0113juma risku.<\/li>\n<\/ul>\n<\/li>\n<\/ul>\n<\/li>\n<\/ul>\n<p><iframe loading=\"lazy\" title=\"YouTube video player\" src=\"https:\/\/www.youtube.com\/embed\/XhIxl3afnL0?si=cNGBg1rM9ch2dUGp\" width=\"560\" height=\"315\" frameborder=\"0\" allowfullscreen=\"allowfullscreen\"><\/iframe><\/p>\n\n                     \n                                       <\/div>\n               <\/div>\n                                          <div class=\"item\">\n                  <button type=\"button\" \n                     class=\"title-wrap d-flex align-items-center\" \n                     aria-expanded=\"false\"\n                     aria-controls=\"accordion-panel-1\"\n                     id=\"accordion-header-1\">\n                     <div class=\"number d-flex align-items-center justify-content-center\" aria-hidden=\"true\"><span>2<\/span><\/div>\n                     <div class=\"title d-flex align-items-center\">Uzlabojot konstrukciju herm\u0113tiskumu<\/div>\n                  <\/button>\n                  <div class=\"content\" \n                     id=\"accordion-panel-1\" \n                     role=\"region\" \n                     aria-labelledby=\"accordion-header-1\"\n                     hidden>\n                     <ul>\n<li>\u0112ku herm\u0113tiskums pal\u012bdz nov\u0113rst gaisa nopl\u016bdes, mitruma probl\u0113mas un kondens\u0101ciju, palielina ugunsdro\u0161\u012bbu un samazina trok\u0161\u0146a probl\u0113mas.<\/li>\n<li>Gaisa nopl\u016bdes veido aptuveni<strong> 25-40 %<\/strong> no siltuma zudumiem aukst\u0101 klimat\u0101 un<strong> 10-15 % <\/strong>no siltuma ieguvumiem karst\u0101 klimat\u0101.<\/li>\n<li>Pat maz\u0101k\u0101 neaizsl\u0113gt\u0101 plaisa konstrukcij\u0101 var b\u016btiski ietekm\u0113t \u0113kas energoefektivit\u0101ti.<\/li>\n<li>Piem\u0113ram, 1 mm plata neherm\u0113tiska sprauga \u0101rsien\u0101 ziemas laik\u0101 var <strong>palielin\u0101t sienas siltuma zudumus par aptuveni 4,8 reiz\u0113m <\/strong>\u00a0sal\u012bdzinot ar herm\u0113tisku spraugu.<\/li>\n<li>Lai uzlabotu \u0113kas herm\u0113tiskumu, ir \u013coti svar\u012bgi izmantot herm\u0113ti\u0137us, lai aiztais\u012btu pat maz\u0101ko plaisu konstrukcij\u0101.<\/li>\n<\/ul>\n<p><a href=\"https:\/\/youtube.com\/shorts\/3tEsH_wVjwk?feature=shared\">Skat\u012bt video \u0160EIT<\/a><\/p>\n<p><strong>Tipiskas gaisa nopl\u016bdes vietas ir:<\/strong><\/p>\n\n                                             <div class=\"airtightness\" role=\"figure\" aria-label=\"Building airtightness diagram\">\n                           <div class=\"image-wrap\">\n                                                               <img loading=\"lazy\" decoding=\"async\" class=\"d-none d-lg-block\" src=\"https:\/\/penosil.com\/lv\/wp-content\/uploads\/sites\/31\/2024\/07\/Group-437.svg\" width=\"255\" height=\"154\" alt=\"\">\n                              \n                                                               <img loading=\"lazy\" decoding=\"async\" class=\"d-lg-none\" src=\"https:\/\/penosil.com\/lv\/wp-content\/uploads\/sites\/31\/2024\/07\/Group-437-1.svg\" width=\"317\" height=\"410\" alt=\"\">\n                              \n                              <div class=\"texts-wrap\" role=\"list\" aria-label=\"Heat loss breakdown\">\n                                                                     <p class=\"doors\" role=\"listitem\">Durvis <strong>10%<\/strong><\/p>\n                                 \n                                                                     <p class=\"windows\" role=\"listitem\">Logi <strong>15%<\/strong><\/p>\n                                 \n                                                                     <p class=\"roof\" role=\"listitem\">Jumta konstrukcija <strong>25%<\/strong><\/p>\n                                 \n                                                                     <p class=\"penetration\" role=\"listitem\">Atv\u0113rumi \u0113kas norobe\u017eojo\u0161aj\u0101s konstrukcij\u0101s <strong>15%<\/strong><\/p>\n                                 \n                                                                     <p class=\"building\" role=\"listitem\">\u0112kas norobe\u017eojo\u0161\u0101 konstrukcija <strong>35%<\/strong><\/p>\n                                                               <\/div>\n                           <\/div>\n\n                        <\/div>\n                     \n                                       <\/div>\n               <\/div>\n                                          <div class=\"item\">\n                  <button type=\"button\" \n                     class=\"title-wrap d-flex align-items-center\" \n                     aria-expanded=\"false\"\n                     aria-controls=\"accordion-panel-2\"\n                     id=\"accordion-header-2\">\n                     <div class=\"number d-flex align-items-center justify-content-center\" aria-hidden=\"true\"><span>3<\/span><\/div>\n                     <div class=\"title d-flex align-items-center\">Samazinot termisko tiltu ietekmi b\u016bv\u0113<\/div>\n                  <\/button>\n                  <div class=\"content\" \n                     id=\"accordion-panel-2\" \n                     role=\"region\" \n                     aria-labelledby=\"accordion-header-2\"\n                     hidden>\n                     <ul>\n<li>Nepareizi uzst\u0101d\u012bti logi un durvis var rad\u012bt lielus siltuma zudumus \u0113k\u0101.<\/li>\n<li>Penosil pied\u0101v\u0101 da\u017e\u0101dus energoefekt\u012bvus b\u016bvniec\u012bbas<strong> <u><a href=\"https:\/\/penosil.com\/lv\/risinajumi\/\">risin\u0101jumus logu mont\u0101\u017eai un fas\u0101\u017eu bl\u012bv\u0113\u0161anai<\/a>. <\/u><\/strong><\/li>\n<li>Ja tos izmanto kop\u0101 un pareiz\u0101 sec\u012bb\u0101, Penosil <a href=\"https:\/\/penosil.com\/lv\/risinajumi-veidi\/window-solutions-lv\/\"><strong><u>energoefekt\u012bva logu mont\u0101\u017eas risin\u0101juma<\/u><\/strong><\/a>produkti pal\u012bdz l\u012bdz minimumam samazin\u0101t konstrukcijas siltuma tilti\u0146us un t\u0101s CO<sub>2 <\/sub>emisijas.<\/li>\n<\/ul>\n\n                     \n                                             <div class=\"text-before-icon\">\n                           <p class=\"open-sus-modal open-thermal-bridges-modal\">Kas ir termiskie tilti?<\/p>\n                           <button type=\"button\" \n                              class=\"open-sus-modal open-thermal-bridges-modal\"\n                              aria-label=\"Open thermal bridges information\">\n                              <img loading=\"lazy\" decoding=\"async\" src=\"https:\/\/penosil.com\/lv\/wp-content\/themes\/penosil-store\/images\/icons\/sus-info.svg\" width=\"52\" height=\"63\" alt=\"\" aria-hidden=\"true\">\n                           <\/button>\n                        <\/div>\n                                       <\/div>\n               <\/div>\n                     <\/div>\n      <\/div>\n   \n         <div class=\"sustainability-modal thermal-bridges-modal\" role=\"dialog\" aria-modal=\"true\" aria-labelledby=\"modal-title-thermal-bridges-modal\" hidden>\n\t<div class=\"modal_wrapper\">\n\t\t<div class=\"modal_content\">\n\t\t\t<button type=\"button\" class=\"close_modal\" aria-label=\"Close\"><\/button>\n\n\t\t\t<div class=\"content_wrapper\">\n\t\t\t\t<div class=\"modal_main w100 d-flex flex-column flex-lg-row\">\n\t\t\t\t\t<div class=\"text_wrapper\">\n\t\t\t\t\t\t\t\t\t\t\t<h2 id=\"modal-title-thermal-bridges-modal\">Kas ir termiskie tilti?<\/h2>\n\t\t\t\t\t\n\t\t\t\t\t\t\t\t\t\t\t<p><span style=\"color: #000000;\">Termiskie tilti ir<strong> <u>\u0113kas konstrukcijas da\u013cas<\/u>, kur\u0101s siltuma caurlaid\u012bba lok\u0101li ir <u>iev\u0113rojami augst\u0101ka<\/u> <\/strong>nek\u0101 p\u0101r\u0113j\u0101 konstrukcij\u0101.<\/span><\/p>\n<p><span style=\"color: #000000;\"><strong><u>Termiskie tilti \u0113k\u0101s ir \u0161\u0101di:<\/u><\/strong><\/span><\/p>\n<ul>\n<li><span style=\"color: #000000;\">\u0101rsienu st\u016bros un logu\/durvju r\u0101mjos<\/span><\/li>\n<li><span style=\"color: #000000;\">\u0101r\u0113jo sienu un gr\u012bdu, sienu un jumtu savienojuma \u0161uv\u0113s<\/span><\/li>\n<\/ul>\n\t\t\t\t\t\t\t\t\t\t<\/div>\n\n\t\t\t\t\t\t\t\t\t\t<div class=\"image_wrapper\">\n\t\t\t\t\t\t<img loading=\"lazy\" decoding=\"async\" src=\"https:\/\/penosil.com\/lv\/wp-content\/uploads\/sites\/31\/2024\/07\/Heat-scanning-in-new-flat-2-scaled-1.jpg\" width=\"2560\" height=\"1918\" alt=\"\">\n\t\t\t\t\t<\/div>\n\t\t\t\t\t\t\t\t\t<\/div>\n\t\t\t<\/div>\n\t\t<\/div>\n\t<\/div>\n<\/div>   <\/section>\n\n<section class=\"pnsl-icon-hovers-block\" aria-label=\"Interactive Icon Navigation\">\n   <div class=\"container\">\n               <h2>P\u0101riet uz n\u0101kamo ilgtsp\u0113j\u012bbas t\u0113mu:<\/h2>\n         <\/div>\n\n         <div class=\"container icons-container\">\n         <ul class=\"icons d-flex align-items-center justify-content-center justify-content-lg-between flex-wrap\" role=\"list\">\n                                          <li class=\"icon\">\n                  <a href=\"https:\/\/penosil.com\/lv\/ilgtspejiba\/ilgizturiba\/\"\n                     class=\"icon-link d-flex align-items-center justify-content-center\"\n                     style=\"--bg-color: #b7e4c7; --text-color: #ffffff\"\n                     >\n                     <span class=\"icon-image\" aria-hidden=\"true\">\n                        <img loading=\"lazy\" decoding=\"async\" src=\"https:\/\/penosil.com\/lv\/wp-content\/uploads\/sites\/31\/2024\/07\/Icons.svg\" width=\"68\" height=\"67\" alt=\"\">\n                     <\/span>\n                     <span class=\"icon-label\">Ilgiztur\u012bba<\/span>\n                  <\/a>\n               <\/li>\n                                          <li class=\"icon\">\n                  <a href=\"https:\/\/penosil.com\/lv\/ilgtspejiba\/ilgtspejigas-sastavdalas\/\"\n                     class=\"icon-link d-flex align-items-center justify-content-center\"\n                     style=\"--bg-color: #52b788; --text-color: #fff\"\n                     >\n                     <span class=\"icon-image\" aria-hidden=\"true\">\n                        <img loading=\"lazy\" decoding=\"async\" src=\"https:\/\/penosil.com\/lv\/wp-content\/uploads\/sites\/31\/2024\/07\/Group-409.svg\" width=\"72\" height=\"75\" alt=\"\">\n                     <\/span>\n                     <span class=\"icon-label\">Ilgtsp\u0113j\u012bgas sast\u0101vda\u013cas<\/span>\n                  <\/a>\n               <\/li>\n                                          <li class=\"icon\">\n                  <a href=\"https:\/\/penosil.com\/lv\/ilgtspejiba\/atjaunojama-energija\/\"\n                     class=\"icon-link d-flex align-items-center justify-content-center\"\n                     style=\"--bg-color: #40916c; --text-color: #fff\"\n                     >\n                     <span class=\"icon-image\" aria-hidden=\"true\">\n                        <img loading=\"lazy\" decoding=\"async\" src=\"https:\/\/penosil.com\/lv\/wp-content\/uploads\/sites\/31\/2024\/07\/48x48_Icons.svg\" width=\"76\" height=\"73\" alt=\"\">\n                     <\/span>\n                     <span class=\"icon-label\">Atjaunojam\u0101 ener\u0123ija<\/span>\n                  <\/a>\n               <\/li>\n                                          <li class=\"icon\">\n                  <a href=\"https:\/\/penosil.com\/lv\/ilgtspejiba\/inovacijas\/\"\n                     class=\"icon-link d-flex align-items-center justify-content-center\"\n                     style=\"--bg-color: #1b4332; --text-color: #fff\"\n                     >\n                     <span class=\"icon-image\" aria-hidden=\"true\">\n                        <img loading=\"lazy\" decoding=\"async\" src=\"https:\/\/penosil.com\/lv\/wp-content\/uploads\/sites\/31\/2024\/07\/Group-410.svg\" width=\"88\" height=\"94\" alt=\"\">\n                     <\/span>\n                     <span class=\"icon-label\">Inov\u0101cijas<\/span>\n                  <\/a>\n               <\/li>\n                                          <li class=\"icon\">\n                  <a href=\"https:\/\/penosil.com\/lv\/ilgtspejiba\/drosaka-dzivojama-vide\/\"\n                     class=\"icon-link d-flex align-items-center justify-content-center\"\n                     style=\"--bg-color: #426a5a; --text-color: #fff\"\n                     >\n                     <span class=\"icon-image\" aria-hidden=\"true\">\n                        <img loading=\"lazy\" decoding=\"async\" src=\"https:\/\/penosil.com\/lv\/wp-content\/uploads\/sites\/31\/2024\/07\/Group-416.svg\" width=\"79\" height=\"90\" alt=\"\">\n                     <\/span>\n                     <span class=\"icon-label\">Dro\u0161\u0101ka dz\u012bvojam\u0101 vide<\/span>\n                  <\/a>\n               <\/li>\n                                          <li class=\"icon\">\n                  <a href=\"https:\/\/penosil.com\/lv\/ilgtspejiba\/atkritumu-apsaimniekosana\/\"\n                     class=\"icon-link d-flex align-items-center justify-content-center\"\n                     style=\"--bg-color: #25a18e; --text-color: #fff\"\n                     >\n                     <span class=\"icon-image\" aria-hidden=\"true\">\n                        <img loading=\"lazy\" decoding=\"async\" src=\"https:\/\/penosil.com\/lv\/wp-content\/uploads\/sites\/31\/2024\/07\/Group-415.svg\" width=\"82\" height=\"75\" alt=\"\">\n                     <\/span>\n                     <span class=\"icon-label\">Atkritumu apsaimnieko\u0161ana<\/span>\n                  <\/a>\n               <\/li>\n                     <\/ul>\n      <\/div>\n   <\/section>","protected":false},"excerpt":{"rendered":"","protected":false},"author":105,"featured_media":0,"parent":30036,"menu_order":0,"comment_status":"closed","ping_status":"closed","template":"page-templates\/template-no-title.php","meta":{"_acf_changed":false,"advgb_blocks_editor_width":"","advgb_blocks_columns_visual_guide":"","footnotes":""},"class_list":["post-30053","page","type-page","status-publish","hentry"],"acf":[],"yoast_head":"<!-- This site is optimized with the Yoast SEO plugin v27.2 - https:\/\/yoast.com\/product\/yoast-seo-wordpress\/ -->\n<title>Neredzami, bet visapk\u0101rt - Penosil Latvia<\/title>\n<meta name=\"description\" content=\"M\u016bsu produkti bie\u017ei vien ir neredzami, kad \u0113ka ir gatava, ta\u010du tie ir b\u016btiska b\u016bvniec\u012bbas procesa sast\u0101vda\u013ca. Uzzin\u0101t vair\u0101k!\" \/>\n<meta name=\"robots\" content=\"index, follow, max-snippet:-1, max-image-preview:large, max-video-preview:-1\" \/>\n<link rel=\"canonical\" href=\"https:\/\/penosil.com\/lv\/ilgtspejiba\/neredzami-bet-visapkart\/\" \/>\n<meta property=\"og:locale\" content=\"lv_LV\" \/>\n<meta property=\"og:type\" content=\"article\" \/>\n<meta property=\"og:title\" content=\"Neredzami, bet visapk\u0101rt - Penosil Latvia\" \/>\n<meta property=\"og:description\" content=\"M\u016bsu produkti bie\u017ei vien ir neredzami, kad \u0113ka ir gatava, ta\u010du tie ir b\u016btiska b\u016bvniec\u012bbas procesa sast\u0101vda\u013ca. Uzzin\u0101t vair\u0101k!\" \/>\n<meta property=\"og:url\" content=\"https:\/\/penosil.com\/lv\/ilgtspejiba\/neredzami-bet-visapkart\/\" \/>\n<meta property=\"og:site_name\" content=\"Penosil Latvia\" \/>\n<meta property=\"article:modified_time\" content=\"2025-08-11T11:32:46+00:00\" \/>\n<meta name=\"twitter:card\" content=\"summary_large_image\" \/>\n<meta name=\"twitter:label1\" content=\"Est. reading time\" \/>\n\t<meta name=\"twitter:data1\" content=\"4 minutes\" \/>\n<script type=\"application\/ld+json\" class=\"yoast-schema-graph\">{\"@context\":\"https:\/\/schema.org\",\"@graph\":[{\"@type\":\"WebPage\",\"@id\":\"https:\/\/penosil.com\/lv\/ilgtspejiba\/neredzami-bet-visapkart\/\",\"url\":\"https:\/\/penosil.com\/lv\/ilgtspejiba\/neredzami-bet-visapkart\/\",\"name\":\"Neredzami, bet visapk\u0101rt - Penosil Latvia\",\"isPartOf\":{\"@id\":\"https:\/\/penosil.com\/lv\/#website\"},\"datePublished\":\"2024-07-01T12:50:59+00:00\",\"dateModified\":\"2025-08-11T11:32:46+00:00\",\"description\":\"M\u016bsu produkti bie\u017ei vien ir neredzami, kad \u0113ka ir gatava, ta\u010du tie ir b\u016btiska b\u016bvniec\u012bbas procesa sast\u0101vda\u013ca. Uzzin\u0101t vair\u0101k!\",\"breadcrumb\":{\"@id\":\"https:\/\/penosil.com\/lv\/ilgtspejiba\/neredzami-bet-visapkart\/#breadcrumb\"},\"inLanguage\":\"lv-LV\",\"potentialAction\":[{\"@type\":\"ReadAction\",\"target\":[\"https:\/\/penosil.com\/lv\/ilgtspejiba\/neredzami-bet-visapkart\/\"]}]},{\"@type\":\"BreadcrumbList\",\"@id\":\"https:\/\/penosil.com\/lv\/ilgtspejiba\/neredzami-bet-visapkart\/#breadcrumb\",\"itemListElement\":[{\"@type\":\"ListItem\",\"position\":1,\"name\":\"S\u0101kums\",\"item\":\"https:\/\/penosil.com\/lv\/\"},{\"@type\":\"ListItem\",\"position\":2,\"name\":\"Ilgtsp\u0113j\u012bba\",\"item\":\"https:\/\/penosil.com\/lv\/ilgtspejiba\/\"},{\"@type\":\"ListItem\",\"position\":3,\"name\":\"Neredzami, bet visapk\u0101rt\"}]},{\"@type\":\"WebSite\",\"@id\":\"https:\/\/penosil.com\/lv\/#website\",\"url\":\"https:\/\/penosil.com\/lv\/\",\"name\":\"Penosil Latvia\",\"description\":\"\",\"potentialAction\":[{\"@type\":\"SearchAction\",\"target\":{\"@type\":\"EntryPoint\",\"urlTemplate\":\"https:\/\/penosil.com\/lv\/?s={search_term_string}\"},\"query-input\":{\"@type\":\"PropertyValueSpecification\",\"valueRequired\":true,\"valueName\":\"search_term_string\"}}],\"inLanguage\":\"lv-LV\"}]}<\/script>\n<!-- \/ Yoast SEO plugin. -->","yoast_head_json":{"title":"Neredzami, bet visapk\u0101rt - Penosil Latvia","description":"M\u016bsu produkti bie\u017ei vien ir neredzami, kad \u0113ka ir gatava, ta\u010du tie ir b\u016btiska b\u016bvniec\u012bbas procesa sast\u0101vda\u013ca. Uzzin\u0101t vair\u0101k!","robots":{"index":"index","follow":"follow","max-snippet":"max-snippet:-1","max-image-preview":"max-image-preview:large","max-video-preview":"max-video-preview:-1"},"canonical":"https:\/\/penosil.com\/lv\/ilgtspejiba\/neredzami-bet-visapkart\/","og_locale":"lv_LV","og_type":"article","og_title":"Neredzami, bet visapk\u0101rt - Penosil Latvia","og_description":"M\u016bsu produkti bie\u017ei vien ir neredzami, kad \u0113ka ir gatava, ta\u010du tie ir b\u016btiska b\u016bvniec\u012bbas procesa sast\u0101vda\u013ca. Uzzin\u0101t vair\u0101k!","og_url":"https:\/\/penosil.com\/lv\/ilgtspejiba\/neredzami-bet-visapkart\/","og_site_name":"Penosil Latvia","article_modified_time":"2025-08-11T11:32:46+00:00","twitter_card":"summary_large_image","twitter_misc":{"Est. reading time":"4 minutes"},"schema":{"@context":"https:\/\/schema.org","@graph":[{"@type":"WebPage","@id":"https:\/\/penosil.com\/lv\/ilgtspejiba\/neredzami-bet-visapkart\/","url":"https:\/\/penosil.com\/lv\/ilgtspejiba\/neredzami-bet-visapkart\/","name":"Neredzami, bet visapk\u0101rt - Penosil Latvia","isPartOf":{"@id":"https:\/\/penosil.com\/lv\/#website"},"datePublished":"2024-07-01T12:50:59+00:00","dateModified":"2025-08-11T11:32:46+00:00","description":"M\u016bsu produkti bie\u017ei vien ir neredzami, kad \u0113ka ir gatava, ta\u010du tie ir b\u016btiska b\u016bvniec\u012bbas procesa sast\u0101vda\u013ca. Uzzin\u0101t vair\u0101k!","breadcrumb":{"@id":"https:\/\/penosil.com\/lv\/ilgtspejiba\/neredzami-bet-visapkart\/#breadcrumb"},"inLanguage":"lv-LV","potentialAction":[{"@type":"ReadAction","target":["https:\/\/penosil.com\/lv\/ilgtspejiba\/neredzami-bet-visapkart\/"]}]},{"@type":"BreadcrumbList","@id":"https:\/\/penosil.com\/lv\/ilgtspejiba\/neredzami-bet-visapkart\/#breadcrumb","itemListElement":[{"@type":"ListItem","position":1,"name":"S\u0101kums","item":"https:\/\/penosil.com\/lv\/"},{"@type":"ListItem","position":2,"name":"Ilgtsp\u0113j\u012bba","item":"https:\/\/penosil.com\/lv\/ilgtspejiba\/"},{"@type":"ListItem","position":3,"name":"Neredzami, bet visapk\u0101rt"}]},{"@type":"WebSite","@id":"https:\/\/penosil.com\/lv\/#website","url":"https:\/\/penosil.com\/lv\/","name":"Penosil Latvia","description":"","potentialAction":[{"@type":"SearchAction","target":{"@type":"EntryPoint","urlTemplate":"https:\/\/penosil.com\/lv\/?s={search_term_string}"},"query-input":{"@type":"PropertyValueSpecification","valueRequired":true,"valueName":"search_term_string"}}],"inLanguage":"lv-LV"}]}},"coauthors":[],"author_meta":{"author_link":"https:\/\/penosil.com\/lv\/author\/kevinreaktiiv\/","display_name":"kevinreaktiiv"},"relative_dates":{"created":"Posted 2 years ago","modified":"Updated 8 months ago"},"absolute_dates":{"created":"Posted on July 1, 2024","modified":"Updated on August 11, 2025"},"absolute_dates_time":{"created":"Posted on July 1, 2024 12:50 pm","modified":"Updated on August 11, 2025 11:32 am"},"featured_img_caption":"","featured_img":false,"series_order":"","_links":{"self":[{"href":"https:\/\/penosil.com\/lv\/wp-json\/wp\/v2\/pages\/30053","targetHints":{"allow":["GET"]}}],"collection":[{"href":"https:\/\/penosil.com\/lv\/wp-json\/wp\/v2\/pages"}],"about":[{"href":"https:\/\/penosil.com\/lv\/wp-json\/wp\/v2\/types\/page"}],"author":[{"embeddable":true,"href":"https:\/\/penosil.com\/lv\/wp-json\/wp\/v2\/users\/105"}],"replies":[{"embeddable":true,"href":"https:\/\/penosil.com\/lv\/wp-json\/wp\/v2\/comments?post=30053"}],"version-history":[{"count":24,"href":"https:\/\/penosil.com\/lv\/wp-json\/wp\/v2\/pages\/30053\/revisions"}],"predecessor-version":[{"id":32610,"href":"https:\/\/penosil.com\/lv\/wp-json\/wp\/v2\/pages\/30053\/revisions\/32610"}],"up":[{"embeddable":true,"href":"https:\/\/penosil.com\/lv\/wp-json\/wp\/v2\/pages\/30036"}],"wp:attachment":[{"href":"https:\/\/penosil.com\/lv\/wp-json\/wp\/v2\/media?parent=30053"}],"curies":[{"name":"wp","href":"https:\/\/api.w.org\/{rel}","templated":true}]}}