{"id":30062,"date":"2024-07-01T12:58:37","date_gmt":"2024-07-01T12:58:37","guid":{"rendered":"https:\/\/penosil.com\/lv\/?page_id=30062"},"modified":"2024-07-08T10:12:44","modified_gmt":"2024-07-08T10:12:44","slug":"ilgizturiba","status":"publish","type":"page","link":"https:\/\/penosil.com\/lv\/ilgtspejiba\/ilgizturiba\/","title":{"rendered":"Ilgiztur\u012bba"},"content":{"rendered":"<section class=\"pnsl-thin-banner-block\" style=\"background-color: #b7e4c7; color: #007f5f\" aria-label=\"Ilgiztur\u012bba\">\n   <div class=\"container d-flex flex-column flex-lg-row align-items-lg-center justify-content-between\">\n      <div class=\"text-wrap\">\n                     <h1>Ilgiztur\u012bba<\/h1>\n         \n                     <p>M\u016bsu izstr\u0101d\u0101jumu<strong> ilgiztur\u012bba un kvalit\u0101te <\/strong>ir viena no m\u016bsu galvenaj\u0101m priorit\u0101t\u0113m.<\/p>\n               <\/div>\n\n               <div id=\"lottie-block_a85ad468a4a01ff7763bb5d03930b481\" class=\"lottie-animation\" data-path=\"https:\/\/penosil.com\/lv\/wp-content\/themes\/penosil-store\/assets\/lottie\/durability.json\" data-speed=\"0.75\" role=\"img\" aria-label=\"Decorative animation\"><\/div>\n         <\/div>\n<\/section>\n\n<section class=\"pnsl-durability-block d-flex flex-column\" aria-label=\"Product Durability Information\">\n   <div class=\"container angles-container\">\n      <div class=\"angles d-flex flex-column flex-lg-row align-items-center align-items-lg-stretch\">\n                     <div class=\"red d-flex align-items-center justify-content-center\" role=\"complementary\" aria-label=\"Key Durability Highlight\">\n               <p>Kas padara <strong>Penosil produktus<\/strong> ilgiztur\u012bgus?<\/p>\n            <\/div>\n         \n                     <div class=\"gray d-flex align-items-center justify-content-center\" role=\"complementary\" aria-label=\"Durability Details\">\n               <div class=\"gray-text\">\n                  <ul>\n<li>M\u0113s past\u0101v\u012bgi str\u0101d\u0101jam pie t\u0101, lai optimiz\u0113tu l\u012bdzsvaru starp<strong> produkta kalpo\u0161anas laiku <\/strong>un t\u0101<strong> ietekmi uz vidi. <\/strong><\/li>\n<li>Piem\u0113ram, produktam ar liel\u0101ku ietekmi uz vidi var b\u016bt<strong> ilg\u0101ks kalpo\u0161anas laiks <\/strong>un t\u0101d\u0113j\u0101di tas var b\u016bt ilgtsp\u0113j\u012bg\u0101ks.<\/li>\n<\/ul>\n               <\/div>\n            <\/div>\n               <\/div>\n   <\/div>\n\n         <div class=\"container text-container\">\n         <div class=\"regular-text\" role=\"region\" aria-label=\"Additional Durability Information\">\n            <h3><strong><span style=\"color: #e30000;\">PU putas<\/span><\/strong><\/h3>\n<p>Ja PU putas tiek<strong> pareizi uzkl\u0101tas atbilsto\u0161os apst\u0101k\u013cos, <\/strong>t\u0101s var saglab\u0101t savas izol\u0101cijas \u012bpa\u0161\u012bbas daudzus gadus.<\/p>\n<p>Galvenais drauds PU putu ilgm\u016b\u017e\u012bbai ir<strong> UV stari.<\/strong> Lai garant\u0113tu PU putu ilgm\u016b\u017e\u012bbu, m\u0113s vienm\u0113r<span style=\"text-decoration: underline;\"> <strong>iesak\u0101m p\u0101rkl\u0101t saciet\u0113ju\u0161\u0101s PU putas <\/strong><\/span>ar necaursp\u012bd\u012bgu materi\u0101lu, piem\u0113ram, kr\u0101su, apmetumu utt. Atst\u0101jot putas atkl\u0101t\u0101 viet\u0101, UV stari var saboj\u0101t putu strukt\u016bru, k\u0101 rezult\u0101t\u0101 t\u0101s zaud\u0113 izol\u0101cijas \u012bpa\u0161\u012bbas.<\/p>\n<h3><strong><span style=\"color: #e30000;\">Herm\u0113ti\u0137i<\/span><\/strong><\/h3>\n<p>T\u0101pat k\u0101 PU putu strukt\u016bru ietekm\u0113 UV stari, herm\u0113ti\u0137i ir jut\u012bgi pret<strong> augstu mitruma l\u012bmeni.<\/strong> Neraugoties uz to, ka m\u016bsu produktu kl\u0101st\u0101 ir herm\u0113ti\u0137i ar pievienotiem fungic\u012bdiem, pat visefekt\u012bv\u0101kajos pret pel\u0113jumu iztur\u012bgajos herm\u0113ti\u0137os slikti v\u0113din\u0101m\u0101s telp\u0101s laika gait\u0101 var att\u012bst\u012bties pel\u0113jums.<\/p>\n<p><strong>Lai nodro\u0161in\u0101tu, ka j\u016bsu herm\u0113tiz\u0113t\u0101s virsmas kalpo<\/strong> ilgu laiku, ir svar\u012bgi:<\/p>\n<ul>\n<li>j\u0101izv\u0113las pareizais herm\u0113ti\u0137a veids (iztur\u012bgs pret pel\u0113jumu, elast\u012bgs, kr\u0101sojams u. c.),<\/li>\n<li>prec\u012bzi j\u0101iev\u0113ro lieto\u0161anas instrukcija,<\/li>\n<li>l\u012bdz minimumam j\u0101samazina potenci\u0101li kait\u012bgus apst\u0101k\u013cus, piem\u0113ram, ventil\u0101cijas tr\u016bkumu un past\u0101v\u012bgi augstu gaisa mitrumu.<\/li>\n<\/ul>\n         <\/div>\n      <\/div>\n   \n         <div class=\"container text-container\">\n         <div class=\"text-between-lines\" role=\"region\" aria-label=\"Highlighted Durability Statement\">\n            <p>Pareizi izol\u0113t\u0101m un herm\u0113tiski nosl\u0113gt\u0101m konstrukcij\u0101m daudzus gadus ir<strong> zem\u0101kas renov\u0101cijas, apkures un dzes\u0113\u0161anas izmaksas.<\/strong><\/p>\n         <\/div>\n      <\/div>\n   <\/section>\n\n<section class=\"pnsl-icon-hovers-block\" aria-label=\"Interactive Icon Navigation\">\n   <div class=\"container\">\n               <h2>P\u0101riet uz n\u0101kamo ilgtsp\u0113j\u012bbas t\u0113mu:<\/h2>\n         <\/div>\n\n         <div class=\"container icons-container\">\n         <ul class=\"icons d-flex align-items-center justify-content-center justify-content-lg-between flex-wrap\" role=\"list\">\n                                          <li class=\"icon\">\n                  <a href=\"https:\/\/penosil.com\/lv\/ilgtspejiba\/ilgtspejigas-sastavdalas\/\"\n                     class=\"icon-link d-flex align-items-center justify-content-center\"\n                     style=\"--bg-color: #52b788; --text-color: #fff\"\n                     >\n                     <span class=\"icon-image\" aria-hidden=\"true\">\n                        <img loading=\"lazy\" decoding=\"async\" src=\"https:\/\/penosil.com\/lv\/wp-content\/uploads\/sites\/31\/2024\/07\/Group-409.svg\" width=\"72\" height=\"75\" alt=\"\">\n                     <\/span>\n                     <span class=\"icon-label\">Ilgtsp\u0113j\u012bgas sast\u0101vda\u013cas<\/span>\n                  <\/a>\n               <\/li>\n                                          <li class=\"icon\">\n                  <a href=\"https:\/\/penosil.com\/lv\/ilgtspejiba\/atjaunojama-energija\/\"\n                     class=\"icon-link d-flex align-items-center justify-content-center\"\n                     style=\"--bg-color: #40916c; --text-color: #fff\"\n                     >\n                     <span class=\"icon-image\" aria-hidden=\"true\">\n                        <img loading=\"lazy\" decoding=\"async\" src=\"https:\/\/penosil.com\/lv\/wp-content\/uploads\/sites\/31\/2024\/07\/48x48_Icons.svg\" width=\"76\" height=\"73\" alt=\"\">\n                     <\/span>\n                     <span class=\"icon-label\">Atjaunojam\u0101 ener\u0123ija<\/span>\n                  <\/a>\n               <\/li>\n                                          <li class=\"icon\">\n                  <a href=\"https:\/\/penosil.com\/lv\/ilgtspejiba\/inovacijas\/\"\n                     class=\"icon-link d-flex align-items-center justify-content-center\"\n                     style=\"--bg-color: #1b4332; --text-color: #fff\"\n                     >\n                     <span class=\"icon-image\" aria-hidden=\"true\">\n                        <img loading=\"lazy\" decoding=\"async\" src=\"https:\/\/penosil.com\/lv\/wp-content\/uploads\/sites\/31\/2024\/07\/Group-410.svg\" width=\"88\" height=\"94\" alt=\"\">\n                     <\/span>\n                     <span class=\"icon-label\">Inov\u0101cijas<\/span>\n                  <\/a>\n               <\/li>\n                                          <li class=\"icon\">\n                  <a href=\"https:\/\/penosil.com\/lv\/ilgtspejiba\/drosaka-dzivojama-vide\/\"\n                     class=\"icon-link d-flex align-items-center justify-content-center\"\n                     style=\"--bg-color: #426a5a; --text-color: #fff\"\n                     >\n                     <span class=\"icon-image\" aria-hidden=\"true\">\n                        <img loading=\"lazy\" decoding=\"async\" src=\"https:\/\/penosil.com\/lv\/wp-content\/uploads\/sites\/31\/2024\/07\/Group-416.svg\" width=\"79\" height=\"90\" alt=\"\">\n                     <\/span>\n                     <span class=\"icon-label\">Dro\u0161\u0101ka dz\u012bvojam\u0101 vide<\/span>\n                  <\/a>\n               <\/li>\n                                          <li class=\"icon\">\n                  <a href=\"https:\/\/penosil.com\/lv\/ilgtspejiba\/atkritumu-apsaimniekosana\/\"\n                     class=\"icon-link d-flex align-items-center justify-content-center\"\n                     style=\"--bg-color: #25a18e; --text-color: #fff\"\n                     >\n                     <span class=\"icon-image\" aria-hidden=\"true\">\n                        <img loading=\"lazy\" decoding=\"async\" src=\"https:\/\/penosil.com\/lv\/wp-content\/uploads\/sites\/31\/2024\/07\/Group-415.svg\" width=\"82\" height=\"75\" alt=\"\">\n                     <\/span>\n                     <span class=\"icon-label\">Atkritumu apsaimnieko\u0161ana<\/span>\n                  <\/a>\n               <\/li>\n                                          <li class=\"icon\">\n                  <a href=\"https:\/\/penosil.com\/lv\/ilgtspejiba\/neredzami-bet-visapkart\/\"\n                     class=\"icon-link d-flex align-items-center justify-content-center\"\n                     style=\"--bg-color: #007F5F; --text-color: #fff\"\n                     >\n                     <span class=\"icon-image\" aria-hidden=\"true\">\n                        <img loading=\"lazy\" decoding=\"async\" src=\"https:\/\/penosil.com\/lv\/wp-content\/uploads\/sites\/31\/2024\/07\/Group-393.svg\" width=\"87\" height=\"79\" alt=\"\">\n                     <\/span>\n                     <span class=\"icon-label\">Neredzami, bet visapk\u0101rt<\/span>\n                  <\/a>\n               <\/li>\n                     <\/ul>\n      <\/div>\n   <\/section>","protected":false},"excerpt":{"rendered":"","protected":false},"author":105,"featured_media":0,"parent":30036,"menu_order":0,"comment_status":"closed","ping_status":"closed","template":"page-templates\/template-no-title.php","meta":{"_acf_changed":false,"advgb_blocks_editor_width":"","advgb_blocks_columns_visual_guide":"","footnotes":""},"class_list":["post-30062","page","type-page","status-publish","hentry"],"acf":[],"yoast_head":"<!-- This site is optimized with the Yoast SEO plugin v27.2 - https:\/\/yoast.com\/product\/yoast-seo-wordpress\/ -->\n<title>Ilgiztur\u012bba - Penosil Latvia<\/title>\n<meta name=\"description\" content=\"M\u016bsu izstr\u0101d\u0101jumu ilgiztur\u012bba un kvalit\u0101te ir viena no m\u016bsu galvenaj\u0101m priorit\u0101t\u0113m. Kas padara Penosil produktus ilgiztur\u012bgus?Uzzin\u0101t vair\u0101k!\" \/>\n<meta name=\"robots\" content=\"index, follow, max-snippet:-1, max-image-preview:large, max-video-preview:-1\" \/>\n<link rel=\"canonical\" href=\"https:\/\/penosil.com\/lv\/ilgtspejiba\/ilgizturiba\/\" \/>\n<meta property=\"og:locale\" content=\"lv_LV\" \/>\n<meta property=\"og:type\" content=\"article\" \/>\n<meta property=\"og:title\" content=\"Ilgiztur\u012bba - Penosil Latvia\" \/>\n<meta property=\"og:description\" content=\"M\u016bsu izstr\u0101d\u0101jumu ilgiztur\u012bba un kvalit\u0101te ir viena no m\u016bsu galvenaj\u0101m priorit\u0101t\u0113m. Kas padara Penosil produktus ilgiztur\u012bgus?Uzzin\u0101t vair\u0101k!\" \/>\n<meta property=\"og:url\" content=\"https:\/\/penosil.com\/lv\/ilgtspejiba\/ilgizturiba\/\" \/>\n<meta property=\"og:site_name\" content=\"Penosil Latvia\" \/>\n<meta property=\"article:modified_time\" content=\"2024-07-08T10:12:44+00:00\" \/>\n<meta name=\"twitter:card\" content=\"summary_large_image\" \/>\n<script type=\"application\/ld+json\" class=\"yoast-schema-graph\">{\"@context\":\"https:\/\/schema.org\",\"@graph\":[{\"@type\":\"WebPage\",\"@id\":\"https:\/\/penosil.com\/lv\/ilgtspejiba\/ilgizturiba\/\",\"url\":\"https:\/\/penosil.com\/lv\/ilgtspejiba\/ilgizturiba\/\",\"name\":\"Ilgiztur\u012bba - Penosil Latvia\",\"isPartOf\":{\"@id\":\"https:\/\/penosil.com\/lv\/#website\"},\"datePublished\":\"2024-07-01T12:58:37+00:00\",\"dateModified\":\"2024-07-08T10:12:44+00:00\",\"description\":\"M\u016bsu izstr\u0101d\u0101jumu ilgiztur\u012bba un kvalit\u0101te ir viena no m\u016bsu galvenaj\u0101m priorit\u0101t\u0113m. Kas padara Penosil produktus ilgiztur\u012bgus?Uzzin\u0101t vair\u0101k!\",\"breadcrumb\":{\"@id\":\"https:\/\/penosil.com\/lv\/ilgtspejiba\/ilgizturiba\/#breadcrumb\"},\"inLanguage\":\"lv-LV\",\"potentialAction\":[{\"@type\":\"ReadAction\",\"target\":[\"https:\/\/penosil.com\/lv\/ilgtspejiba\/ilgizturiba\/\"]}]},{\"@type\":\"BreadcrumbList\",\"@id\":\"https:\/\/penosil.com\/lv\/ilgtspejiba\/ilgizturiba\/#breadcrumb\",\"itemListElement\":[{\"@type\":\"ListItem\",\"position\":1,\"name\":\"S\u0101kums\",\"item\":\"https:\/\/penosil.com\/lv\/\"},{\"@type\":\"ListItem\",\"position\":2,\"name\":\"Ilgtsp\u0113j\u012bba\",\"item\":\"https:\/\/penosil.com\/lv\/ilgtspejiba\/\"},{\"@type\":\"ListItem\",\"position\":3,\"name\":\"Ilgiztur\u012bba\"}]},{\"@type\":\"WebSite\",\"@id\":\"https:\/\/penosil.com\/lv\/#website\",\"url\":\"https:\/\/penosil.com\/lv\/\",\"name\":\"Penosil Latvia\",\"description\":\"\",\"potentialAction\":[{\"@type\":\"SearchAction\",\"target\":{\"@type\":\"EntryPoint\",\"urlTemplate\":\"https:\/\/penosil.com\/lv\/?s={search_term_string}\"},\"query-input\":{\"@type\":\"PropertyValueSpecification\",\"valueRequired\":true,\"valueName\":\"search_term_string\"}}],\"inLanguage\":\"lv-LV\"}]}<\/script>\n<!-- \/ Yoast SEO plugin. -->","yoast_head_json":{"title":"Ilgiztur\u012bba - Penosil Latvia","description":"M\u016bsu izstr\u0101d\u0101jumu ilgiztur\u012bba un kvalit\u0101te ir viena no m\u016bsu galvenaj\u0101m priorit\u0101t\u0113m. Kas padara Penosil produktus ilgiztur\u012bgus?Uzzin\u0101t vair\u0101k!","robots":{"index":"index","follow":"follow","max-snippet":"max-snippet:-1","max-image-preview":"max-image-preview:large","max-video-preview":"max-video-preview:-1"},"canonical":"https:\/\/penosil.com\/lv\/ilgtspejiba\/ilgizturiba\/","og_locale":"lv_LV","og_type":"article","og_title":"Ilgiztur\u012bba - Penosil Latvia","og_description":"M\u016bsu izstr\u0101d\u0101jumu ilgiztur\u012bba un kvalit\u0101te ir viena no m\u016bsu galvenaj\u0101m priorit\u0101t\u0113m. Kas padara Penosil produktus ilgiztur\u012bgus?Uzzin\u0101t vair\u0101k!","og_url":"https:\/\/penosil.com\/lv\/ilgtspejiba\/ilgizturiba\/","og_site_name":"Penosil Latvia","article_modified_time":"2024-07-08T10:12:44+00:00","twitter_card":"summary_large_image","schema":{"@context":"https:\/\/schema.org","@graph":[{"@type":"WebPage","@id":"https:\/\/penosil.com\/lv\/ilgtspejiba\/ilgizturiba\/","url":"https:\/\/penosil.com\/lv\/ilgtspejiba\/ilgizturiba\/","name":"Ilgiztur\u012bba - Penosil Latvia","isPartOf":{"@id":"https:\/\/penosil.com\/lv\/#website"},"datePublished":"2024-07-01T12:58:37+00:00","dateModified":"2024-07-08T10:12:44+00:00","description":"M\u016bsu izstr\u0101d\u0101jumu ilgiztur\u012bba un kvalit\u0101te ir viena no m\u016bsu galvenaj\u0101m priorit\u0101t\u0113m. Kas padara Penosil produktus ilgiztur\u012bgus?Uzzin\u0101t vair\u0101k!","breadcrumb":{"@id":"https:\/\/penosil.com\/lv\/ilgtspejiba\/ilgizturiba\/#breadcrumb"},"inLanguage":"lv-LV","potentialAction":[{"@type":"ReadAction","target":["https:\/\/penosil.com\/lv\/ilgtspejiba\/ilgizturiba\/"]}]},{"@type":"BreadcrumbList","@id":"https:\/\/penosil.com\/lv\/ilgtspejiba\/ilgizturiba\/#breadcrumb","itemListElement":[{"@type":"ListItem","position":1,"name":"S\u0101kums","item":"https:\/\/penosil.com\/lv\/"},{"@type":"ListItem","position":2,"name":"Ilgtsp\u0113j\u012bba","item":"https:\/\/penosil.com\/lv\/ilgtspejiba\/"},{"@type":"ListItem","position":3,"name":"Ilgiztur\u012bba"}]},{"@type":"WebSite","@id":"https:\/\/penosil.com\/lv\/#website","url":"https:\/\/penosil.com\/lv\/","name":"Penosil Latvia","description":"","potentialAction":[{"@type":"SearchAction","target":{"@type":"EntryPoint","urlTemplate":"https:\/\/penosil.com\/lv\/?s={search_term_string}"},"query-input":{"@type":"PropertyValueSpecification","valueRequired":true,"valueName":"search_term_string"}}],"inLanguage":"lv-LV"}]}},"coauthors":[],"author_meta":{"author_link":"https:\/\/penosil.com\/lv\/author\/kevinreaktiiv\/","display_name":"kevinreaktiiv"},"relative_dates":{"created":"Posted 2 years ago","modified":"Updated 2 years ago"},"absolute_dates":{"created":"Posted on July 1, 2024","modified":"Updated on July 8, 2024"},"absolute_dates_time":{"created":"Posted on July 1, 2024 12:58 pm","modified":"Updated on July 8, 2024 10:12 am"},"featured_img_caption":"","featured_img":false,"series_order":"","_links":{"self":[{"href":"https:\/\/penosil.com\/lv\/wp-json\/wp\/v2\/pages\/30062","targetHints":{"allow":["GET"]}}],"collection":[{"href":"https:\/\/penosil.com\/lv\/wp-json\/wp\/v2\/pages"}],"about":[{"href":"https:\/\/penosil.com\/lv\/wp-json\/wp\/v2\/types\/page"}],"author":[{"embeddable":true,"href":"https:\/\/penosil.com\/lv\/wp-json\/wp\/v2\/users\/105"}],"replies":[{"embeddable":true,"href":"https:\/\/penosil.com\/lv\/wp-json\/wp\/v2\/comments?post=30062"}],"version-history":[{"count":12,"href":"https:\/\/penosil.com\/lv\/wp-json\/wp\/v2\/pages\/30062\/revisions"}],"predecessor-version":[{"id":30284,"href":"https:\/\/penosil.com\/lv\/wp-json\/wp\/v2\/pages\/30062\/revisions\/30284"}],"up":[{"embeddable":true,"href":"https:\/\/penosil.com\/lv\/wp-json\/wp\/v2\/pages\/30036"}],"wp:attachment":[{"href":"https:\/\/penosil.com\/lv\/wp-json\/wp\/v2\/media?parent=30062"}],"curies":[{"name":"wp","href":"https:\/\/api.w.org\/{rel}","templated":true}]}}