{"id":30069,"date":"2024-07-01T13:00:48","date_gmt":"2024-07-01T13:00:48","guid":{"rendered":"https:\/\/penosil.com\/lv\/?page_id=30069"},"modified":"2025-08-11T11:34:40","modified_gmt":"2025-08-11T11:34:40","slug":"atjaunojama-energija","status":"publish","type":"page","link":"https:\/\/penosil.com\/lv\/ilgtspejiba\/atjaunojama-energija\/","title":{"rendered":"Atjaunojam\u0101 ener\u0123ija"},"content":{"rendered":"<section class=\"pnsl-thin-banner-block\" style=\"background-color: #40916c; color: #ffffff\" aria-label=\"Atjaunojam\u0101 ener\u0123ija\">\n   <div class=\"container d-flex flex-column flex-lg-row align-items-lg-center justify-content-between\">\n      <div class=\"text-wrap\">\n                     <h1>Atjaunojam\u0101 ener\u0123ija<\/h1>\n         \n                     <p>M\u016bsu m\u0113r\u0137is ir l\u012bdz<strong> 2030. <\/strong>gadam p\u0101riet uz <strong>100 % <\/strong>za\u013co ener\u0123iju.<\/p>\n               <\/div>\n\n               <div id=\"lottie-block_c1a0797930958ed0bc0c207d5643ee43\" class=\"lottie-animation\" data-path=\"https:\/\/penosil.com\/lv\/wp-content\/themes\/penosil-store\/assets\/lottie\/renewable.json\" data-speed=\"0.75\" role=\"img\" aria-label=\"Decorative animation\"><\/div>\n         <\/div>\n<\/section>\n\n<section class=\"pnsl-renewable-energy-block d-flex flex-column\" aria-label=\"Renewable Energy Information\">\n         <div class=\"text-container container\">\n         <div class=\"lines-text d-flex flex-column flex-lg-row align-items-center\" role=\"region\" aria-label=\"Key Energy Message\">\n                           <img loading=\"lazy\" decoding=\"async\" src=\"https:\/\/penosil.com\/lv\/wp-content\/uploads\/sites\/31\/2024\/07\/GreenElectricity_green-1.svg\" width=\"80\" height=\"80\" alt=\"\" role=\"img\">\n            \n            <p>Pa\u0161laik Penosil ra\u017eo\u0161an\u0101 tiek izmantota<strong> 100 % <\/strong>atjaunojam\u0101 elektroener\u0123ija.<\/p>\n         <\/div>\n      <\/div>\n   \n   <div class=\"container angles-container\">\n      <div class=\"angles d-flex flex-column flex-lg-row align-items-center align-items-lg-stretch\">\n         <div class=\"red d-flex align-items-center justify-content-center\" role=\"complementary\" aria-label=\"Wind Energy Animation\">\n            <div id=\"lottie-block_df42df3e980d173c3aa3c6cb3f7fde5d\"\n               class=\"lottie-animation\"\n               data-path=\"https:\/\/penosil.com\/lv\/wp-content\/themes\/penosil-store\/assets\/lottie\/windturbine.json\"\n               data-speed=\"0.75\"\n               role=\"img\"\n               aria-label=\"Animated wind turbine illustration\"><\/div>\n         <\/div>\n\n                     <div class=\"gray d-flex align-items-center justify-content-center\" role=\"complementary\" aria-label=\"Renewable Energy Details\">\n               <div class=\"gray-text\">\n                  <ul>\n<li>Elektroener\u0123ija veido<strong> 70-75 % <\/strong>no m\u016bsu ener\u0123ijas pat\u0113ri\u0146a.<\/li>\n<li>M\u016bsu r\u016bpn\u012bc\u0101s un birojos Tallin\u0101 un Barselon\u0101 m\u0113s izmantojam<strong> 100 % za\u013co elektroener\u0123iju, kas <\/strong>ieg\u016bta no<strong> saules un v\u0113ja ener\u0123ijas.<\/strong><\/li>\n<\/ul>\n               <\/div>\n            <\/div>\n               <\/div>\n   <\/div>\n\n         <div class=\"text-container container\">\n         <div class=\"last-text\" role=\"region\" aria-label=\"Additional Energy Information\">\n            <ul>\n<li>T\u0101 k\u0101 elektroener\u0123ija veido liel\u0101ko da\u013cu no m\u016bsu ener\u0123ijas pat\u0113ri\u0146a, no 2018. l\u012bdz 2019. gadam m\u0113s nomain\u012bj\u0101m visu apgaismojumu uz LED spuldz\u0113m, kas savuk\u0101rt samazin\u0101ja m\u016bsu elektroener\u0123ijas pat\u0113ri\u0146u par<strong> 18 %.<\/strong><\/li>\n<li>G\u0101ze veido aptuveni<strong> 25-30 % <\/strong>no m\u016bsu ener\u0123ijas pat\u0113ri\u0146a. M\u016bsu m\u0113r\u0137is ir<strong> l\u012bdz 2030. gadam p\u0101riet uz za\u013co g\u0101zi.<\/strong><\/li>\n<li>M\u0113s ar\u012b sp\u0113r\u0101m noz\u012bm\u012bgu soli energoefektivit\u0101tes virzien\u0101, kad pirms aptuveni pieciem gadiem moderniz\u0113j\u0101m apkures sist\u0113mas sav\u0101s Tallinas ra\u017eotn\u0113s, k\u0101 rezult\u0101t\u0101<strong> m\u016bsu CO<sub>2<\/sub> emisijas samazin\u0101j\u0101s<\/strong> par iev\u0113rojamiem<strong> 40 %<\/strong>.<\/li>\n<\/ul>\n<p><iframe loading=\"lazy\" title=\"YouTube video player\" src=\"https:\/\/www.youtube.com\/embed\/dY_F4mQhGL4?si=noBm0V5Tb_1kTWjV\" width=\"560\" height=\"315\" frameborder=\"0\" allowfullscreen=\"allowfullscreen\"><\/iframe><\/p>\n         <\/div>\n      <\/div>\n   <\/section>\n\n<section class=\"pnsl-icon-hovers-block\" aria-label=\"Interactive Icon Navigation\">\n   <div class=\"container\">\n               <h2>P\u0101riet uz n\u0101kamo ilgtsp\u0113j\u012bbas t\u0113mu:<\/h2>\n         <\/div>\n\n         <div class=\"container icons-container\">\n         <ul class=\"icons d-flex align-items-center justify-content-center justify-content-lg-between flex-wrap\" role=\"list\">\n                                          <li class=\"icon\">\n                  <a href=\"https:\/\/penosil.com\/lv\/ilgtspejiba\/ilgizturiba\/\"\n                     class=\"icon-link d-flex align-items-center justify-content-center\"\n                     style=\"--bg-color: #b7e4c7; --text-color: #ffffff\"\n                     >\n                     <span class=\"icon-image\" aria-hidden=\"true\">\n                        <img loading=\"lazy\" decoding=\"async\" src=\"https:\/\/penosil.com\/lv\/wp-content\/uploads\/sites\/31\/2024\/07\/Icons.svg\" width=\"68\" height=\"67\" alt=\"\">\n                     <\/span>\n                     <span class=\"icon-label\">Ilgiztur\u012bba<\/span>\n                  <\/a>\n               <\/li>\n                                          <li class=\"icon\">\n                  <a href=\"https:\/\/penosil.com\/lv\/ilgtspejiba\/ilgtspejigas-sastavdalas\/\"\n                     class=\"icon-link d-flex align-items-center justify-content-center\"\n                     style=\"--bg-color: #52b788; --text-color: #fff\"\n                     >\n                     <span class=\"icon-image\" aria-hidden=\"true\">\n                        <img loading=\"lazy\" decoding=\"async\" src=\"https:\/\/penosil.com\/lv\/wp-content\/uploads\/sites\/31\/2024\/07\/Group-409.svg\" width=\"72\" height=\"75\" alt=\"\">\n                     <\/span>\n                     <span class=\"icon-label\">Ilgtsp\u0113j\u012bgas sast\u0101vda\u013cas<\/span>\n                  <\/a>\n               <\/li>\n                                          <li class=\"icon\">\n                  <a href=\"https:\/\/penosil.com\/lv\/ilgtspejiba\/inovacijas\/\"\n                     class=\"icon-link d-flex align-items-center justify-content-center\"\n                     style=\"--bg-color: #1b4332; --text-color: #fff\"\n                     >\n                     <span class=\"icon-image\" aria-hidden=\"true\">\n                        <img loading=\"lazy\" decoding=\"async\" src=\"https:\/\/penosil.com\/lv\/wp-content\/uploads\/sites\/31\/2024\/07\/Group-410.svg\" width=\"88\" height=\"94\" alt=\"\">\n                     <\/span>\n                     <span class=\"icon-label\">Inov\u0101cijas<\/span>\n                  <\/a>\n               <\/li>\n                                          <li class=\"icon\">\n                  <a href=\"https:\/\/penosil.com\/lv\/ilgtspejiba\/drosaka-dzivojama-vide\/\"\n                     class=\"icon-link d-flex align-items-center justify-content-center\"\n                     style=\"--bg-color: #426a5a; --text-color: #fff\"\n                     >\n                     <span class=\"icon-image\" aria-hidden=\"true\">\n                        <img loading=\"lazy\" decoding=\"async\" src=\"https:\/\/penosil.com\/lv\/wp-content\/uploads\/sites\/31\/2024\/07\/Group-416.svg\" width=\"79\" height=\"90\" alt=\"\">\n                     <\/span>\n                     <span class=\"icon-label\">Dro\u0161\u0101ka dz\u012bvojam\u0101 vide<\/span>\n                  <\/a>\n               <\/li>\n                                          <li class=\"icon\">\n                  <a href=\"https:\/\/penosil.com\/lv\/ilgtspejiba\/atkritumu-apsaimniekosana\/\"\n                     class=\"icon-link d-flex align-items-center justify-content-center\"\n                     style=\"--bg-color: #25a18e; --text-color: #fff\"\n                     >\n                     <span class=\"icon-image\" aria-hidden=\"true\">\n                        <img loading=\"lazy\" decoding=\"async\" src=\"https:\/\/penosil.com\/lv\/wp-content\/uploads\/sites\/31\/2024\/07\/Group-415.svg\" width=\"82\" height=\"75\" alt=\"\">\n                     <\/span>\n                     <span class=\"icon-label\">Atkritumu apsaimnieko\u0161ana<\/span>\n                  <\/a>\n               <\/li>\n                                          <li class=\"icon\">\n                  <a href=\"https:\/\/penosil.com\/lv\/ilgtspejiba\/neredzami-bet-visapkart\/\"\n                     class=\"icon-link d-flex align-items-center justify-content-center\"\n                     style=\"--bg-color: #007F5F; --text-color: #fff\"\n                     >\n                     <span class=\"icon-image\" aria-hidden=\"true\">\n                        <img loading=\"lazy\" decoding=\"async\" src=\"https:\/\/penosil.com\/lv\/wp-content\/uploads\/sites\/31\/2024\/07\/Group-393.svg\" width=\"87\" height=\"79\" alt=\"\">\n                     <\/span>\n                     <span class=\"icon-label\">Neredzami, bet visapk\u0101rt<\/span>\n                  <\/a>\n               <\/li>\n                     <\/ul>\n      <\/div>\n   <\/section>","protected":false},"excerpt":{"rendered":"","protected":false},"author":105,"featured_media":0,"parent":30036,"menu_order":0,"comment_status":"closed","ping_status":"closed","template":"page-templates\/template-no-title.php","meta":{"_acf_changed":false,"advgb_blocks_editor_width":"","advgb_blocks_columns_visual_guide":"","footnotes":""},"class_list":["post-30069","page","type-page","status-publish","hentry"],"acf":[],"yoast_head":"<!-- This site is optimized with the Yoast SEO plugin v27.2 - https:\/\/yoast.com\/product\/yoast-seo-wordpress\/ -->\n<title>Atjaunojam\u0101 ener\u0123ija - Penosil Latvia<\/title>\n<meta name=\"description\" content=\"M\u016bsu r\u016bpn\u012bc\u0101s un birojos Tallin\u0101 un Barselon\u0101 m\u0113s izmantojam 100 % za\u013co elektroener\u0123iju, kas ieg\u016bta no saules un v\u0113ja ener\u0123ijas.\" \/>\n<meta name=\"robots\" content=\"index, follow, max-snippet:-1, max-image-preview:large, max-video-preview:-1\" \/>\n<link rel=\"canonical\" href=\"https:\/\/penosil.com\/lv\/ilgtspejiba\/atjaunojama-energija\/\" \/>\n<meta property=\"og:locale\" content=\"lv_LV\" \/>\n<meta property=\"og:type\" content=\"article\" \/>\n<meta property=\"og:title\" content=\"Atjaunojam\u0101 ener\u0123ija - Penosil Latvia\" \/>\n<meta property=\"og:description\" content=\"M\u016bsu r\u016bpn\u012bc\u0101s un birojos Tallin\u0101 un Barselon\u0101 m\u0113s izmantojam 100 % za\u013co elektroener\u0123iju, kas ieg\u016bta no saules un v\u0113ja ener\u0123ijas.\" \/>\n<meta property=\"og:url\" content=\"https:\/\/penosil.com\/lv\/ilgtspejiba\/atjaunojama-energija\/\" \/>\n<meta property=\"og:site_name\" content=\"Penosil Latvia\" \/>\n<meta property=\"article:modified_time\" content=\"2025-08-11T11:34:40+00:00\" \/>\n<meta name=\"twitter:card\" content=\"summary_large_image\" \/>\n<meta name=\"twitter:label1\" content=\"Est. reading time\" \/>\n\t<meta name=\"twitter:data1\" content=\"3 minutes\" \/>\n<script type=\"application\/ld+json\" class=\"yoast-schema-graph\">{\"@context\":\"https:\/\/schema.org\",\"@graph\":[{\"@type\":\"WebPage\",\"@id\":\"https:\/\/penosil.com\/lv\/ilgtspejiba\/atjaunojama-energija\/\",\"url\":\"https:\/\/penosil.com\/lv\/ilgtspejiba\/atjaunojama-energija\/\",\"name\":\"Atjaunojam\u0101 ener\u0123ija - Penosil Latvia\",\"isPartOf\":{\"@id\":\"https:\/\/penosil.com\/lv\/#website\"},\"datePublished\":\"2024-07-01T13:00:48+00:00\",\"dateModified\":\"2025-08-11T11:34:40+00:00\",\"description\":\"M\u016bsu r\u016bpn\u012bc\u0101s un birojos Tallin\u0101 un Barselon\u0101 m\u0113s izmantojam 100 % za\u013co elektroener\u0123iju, kas ieg\u016bta no saules un v\u0113ja ener\u0123ijas.\",\"breadcrumb\":{\"@id\":\"https:\/\/penosil.com\/lv\/ilgtspejiba\/atjaunojama-energija\/#breadcrumb\"},\"inLanguage\":\"lv-LV\",\"potentialAction\":[{\"@type\":\"ReadAction\",\"target\":[\"https:\/\/penosil.com\/lv\/ilgtspejiba\/atjaunojama-energija\/\"]}]},{\"@type\":\"BreadcrumbList\",\"@id\":\"https:\/\/penosil.com\/lv\/ilgtspejiba\/atjaunojama-energija\/#breadcrumb\",\"itemListElement\":[{\"@type\":\"ListItem\",\"position\":1,\"name\":\"S\u0101kums\",\"item\":\"https:\/\/penosil.com\/lv\/\"},{\"@type\":\"ListItem\",\"position\":2,\"name\":\"Ilgtsp\u0113j\u012bba\",\"item\":\"https:\/\/penosil.com\/lv\/ilgtspejiba\/\"},{\"@type\":\"ListItem\",\"position\":3,\"name\":\"Atjaunojam\u0101 ener\u0123ija\"}]},{\"@type\":\"WebSite\",\"@id\":\"https:\/\/penosil.com\/lv\/#website\",\"url\":\"https:\/\/penosil.com\/lv\/\",\"name\":\"Penosil Latvia\",\"description\":\"\",\"potentialAction\":[{\"@type\":\"SearchAction\",\"target\":{\"@type\":\"EntryPoint\",\"urlTemplate\":\"https:\/\/penosil.com\/lv\/?s={search_term_string}\"},\"query-input\":{\"@type\":\"PropertyValueSpecification\",\"valueRequired\":true,\"valueName\":\"search_term_string\"}}],\"inLanguage\":\"lv-LV\"}]}<\/script>\n<!-- \/ Yoast SEO plugin. -->","yoast_head_json":{"title":"Atjaunojam\u0101 ener\u0123ija - Penosil Latvia","description":"M\u016bsu r\u016bpn\u012bc\u0101s un birojos Tallin\u0101 un Barselon\u0101 m\u0113s izmantojam 100 % za\u013co elektroener\u0123iju, kas ieg\u016bta no saules un v\u0113ja ener\u0123ijas.","robots":{"index":"index","follow":"follow","max-snippet":"max-snippet:-1","max-image-preview":"max-image-preview:large","max-video-preview":"max-video-preview:-1"},"canonical":"https:\/\/penosil.com\/lv\/ilgtspejiba\/atjaunojama-energija\/","og_locale":"lv_LV","og_type":"article","og_title":"Atjaunojam\u0101 ener\u0123ija - Penosil Latvia","og_description":"M\u016bsu r\u016bpn\u012bc\u0101s un birojos Tallin\u0101 un Barselon\u0101 m\u0113s izmantojam 100 % za\u013co elektroener\u0123iju, kas ieg\u016bta no saules un v\u0113ja ener\u0123ijas.","og_url":"https:\/\/penosil.com\/lv\/ilgtspejiba\/atjaunojama-energija\/","og_site_name":"Penosil Latvia","article_modified_time":"2025-08-11T11:34:40+00:00","twitter_card":"summary_large_image","twitter_misc":{"Est. reading time":"3 minutes"},"schema":{"@context":"https:\/\/schema.org","@graph":[{"@type":"WebPage","@id":"https:\/\/penosil.com\/lv\/ilgtspejiba\/atjaunojama-energija\/","url":"https:\/\/penosil.com\/lv\/ilgtspejiba\/atjaunojama-energija\/","name":"Atjaunojam\u0101 ener\u0123ija - Penosil Latvia","isPartOf":{"@id":"https:\/\/penosil.com\/lv\/#website"},"datePublished":"2024-07-01T13:00:48+00:00","dateModified":"2025-08-11T11:34:40+00:00","description":"M\u016bsu r\u016bpn\u012bc\u0101s un birojos Tallin\u0101 un Barselon\u0101 m\u0113s izmantojam 100 % za\u013co elektroener\u0123iju, kas ieg\u016bta no saules un v\u0113ja ener\u0123ijas.","breadcrumb":{"@id":"https:\/\/penosil.com\/lv\/ilgtspejiba\/atjaunojama-energija\/#breadcrumb"},"inLanguage":"lv-LV","potentialAction":[{"@type":"ReadAction","target":["https:\/\/penosil.com\/lv\/ilgtspejiba\/atjaunojama-energija\/"]}]},{"@type":"BreadcrumbList","@id":"https:\/\/penosil.com\/lv\/ilgtspejiba\/atjaunojama-energija\/#breadcrumb","itemListElement":[{"@type":"ListItem","position":1,"name":"S\u0101kums","item":"https:\/\/penosil.com\/lv\/"},{"@type":"ListItem","position":2,"name":"Ilgtsp\u0113j\u012bba","item":"https:\/\/penosil.com\/lv\/ilgtspejiba\/"},{"@type":"ListItem","position":3,"name":"Atjaunojam\u0101 ener\u0123ija"}]},{"@type":"WebSite","@id":"https:\/\/penosil.com\/lv\/#website","url":"https:\/\/penosil.com\/lv\/","name":"Penosil Latvia","description":"","potentialAction":[{"@type":"SearchAction","target":{"@type":"EntryPoint","urlTemplate":"https:\/\/penosil.com\/lv\/?s={search_term_string}"},"query-input":{"@type":"PropertyValueSpecification","valueRequired":true,"valueName":"search_term_string"}}],"inLanguage":"lv-LV"}]}},"coauthors":[],"author_meta":{"author_link":"https:\/\/penosil.com\/lv\/author\/kevinreaktiiv\/","display_name":"kevinreaktiiv"},"relative_dates":{"created":"Posted 2 years ago","modified":"Updated 8 months ago"},"absolute_dates":{"created":"Posted on July 1, 2024","modified":"Updated on August 11, 2025"},"absolute_dates_time":{"created":"Posted on July 1, 2024 1:00 pm","modified":"Updated on August 11, 2025 11:34 am"},"featured_img_caption":"","featured_img":false,"series_order":"","_links":{"self":[{"href":"https:\/\/penosil.com\/lv\/wp-json\/wp\/v2\/pages\/30069","targetHints":{"allow":["GET"]}}],"collection":[{"href":"https:\/\/penosil.com\/lv\/wp-json\/wp\/v2\/pages"}],"about":[{"href":"https:\/\/penosil.com\/lv\/wp-json\/wp\/v2\/types\/page"}],"author":[{"embeddable":true,"href":"https:\/\/penosil.com\/lv\/wp-json\/wp\/v2\/users\/105"}],"replies":[{"embeddable":true,"href":"https:\/\/penosil.com\/lv\/wp-json\/wp\/v2\/comments?post=30069"}],"version-history":[{"count":13,"href":"https:\/\/penosil.com\/lv\/wp-json\/wp\/v2\/pages\/30069\/revisions"}],"predecessor-version":[{"id":32611,"href":"https:\/\/penosil.com\/lv\/wp-json\/wp\/v2\/pages\/30069\/revisions\/32611"}],"up":[{"embeddable":true,"href":"https:\/\/penosil.com\/lv\/wp-json\/wp\/v2\/pages\/30036"}],"wp:attachment":[{"href":"https:\/\/penosil.com\/lv\/wp-json\/wp\/v2\/media?parent=30069"}],"curies":[{"name":"wp","href":"https:\/\/api.w.org\/{rel}","templated":true}]}}