{"id":30093,"date":"2024-07-01T13:05:47","date_gmt":"2024-07-01T13:05:47","guid":{"rendered":"https:\/\/penosil.com\/lv\/?page_id=30093"},"modified":"2025-07-10T11:01:47","modified_gmt":"2025-07-10T11:01:47","slug":"drosaka-dzivojama-vide","status":"publish","type":"page","link":"https:\/\/penosil.com\/lv\/ilgtspejiba\/drosaka-dzivojama-vide\/","title":{"rendered":"Dro\u0161\u0101ka dz\u012bvojam\u0101 vide"},"content":{"rendered":"<section class=\"pnsl-thin-banner-block\" style=\"background-color: #426a5a; color: #ffffff\" aria-label=\"Dro\u0161\u0101ka dz\u012bvojam\u0101 vide\">\n   <div class=\"container d-flex flex-column flex-lg-row align-items-lg-center justify-content-between\">\n      <div class=\"text-wrap\">\n                     <h1>Dro\u0161\u0101ka dz\u012bvojam\u0101 vide<\/h1>\n         \n                     <p>M\u0113s v\u0113lamies, lai varat baud\u012bt<strong> lab\u0101ku <\/strong>un<strong> dro\u0161\u0101ku dz\u012bvojamo vidi.<\/strong><\/p>\n               <\/div>\n\n               <div id=\"lottie-block_a17dad046db53ca86b6d97d89fd685d9\" class=\"lottie-animation\" data-path=\"https:\/\/penosil.com\/lv\/wp-content\/themes\/penosil-store\/assets\/lottie\/safer.json\" data-speed=\"0.75\" role=\"img\" aria-label=\"Decorative animation\"><\/div>\n         <\/div>\n<\/section>\n\n<main class=\"pnsl-safer-living-environment-block\" aria-label=\"Safer Living Environment Information\">\n         <section class=\"container text-container d-flex flex-column align-items-start\" aria-labelledby=\"safer-living-intro\">\n         <div class=\"upper-text text-wrap\">\n            <div id=\"safer-living-intro\">\n               <p>T\u0101p\u0113c m\u0113s:<\/p>\n            <\/div>\n\n                           <ul>\n                                                            <li>\n                        <p>Past\u0101v\u012bgi uzlabojam m\u016bsu eso\u0161\u0101s formulas.<\/p>\n                     \n                                             <\/li>\n                                                            <li>\n                        <p>Izstr\u0101d\u0101jam jaunus produktus ar<strong> zemu GOS saturu un dro\u0161\u0101k\u0101m izejviel\u0101m<\/strong>.<\/p>\n                     \n                                                \n                                                         <button type=\"button\" class=\"tooltip sus-tooltip\" data-tooltip-content=\"#tooltip-safer\" aria-expanded=\"false\" aria-describedby=\"tooltip-safer\" aria-label=\"Show more information\">\n                                 <img loading=\"lazy\" decoding=\"async\" src=\"https:\/\/penosil.com\/lv\/wp-content\/themes\/penosil-store\/images\/icons\/sus-info.svg\" width=\"52\" height=\"63\" alt=\"\" aria-hidden=\"true\">\n                              <\/button>\n\n                              <div class=\"safer-tooltip-content tooltip-content\" role=\"tooltip\" id=\"tooltip-safer\" aria-hidden=\"true\">\n                                 <h3><strong>Kas ir zems GOS saturs?<\/strong><\/h3>\n<ul>\n<li>Gaisto\u0161ie organiskie savienojumi (GOS) ir<strong> \u0137\u012bmiskas vielas, <\/strong>ko izdala b\u016bvmateri\u0101li un m\u0113beles un kas <strong>viegli iztvaiko un izplat\u0101s. <\/strong><\/li>\n<li>Liela GOS savienojumu koncentr\u0101cija ietekm\u0113 iek\u0161telpu gaisa kvalit\u0101ti un var izrais\u012bt kairin\u0101jumu un vesel\u012bbas probl\u0113mas.<\/li>\n<\/ul>\n<p><strong>Uz izstr\u0101d\u0101jumu eti\u0137et\u0113m mekl\u0113jiet \u0161\u0101dus sertifik\u0101tus<\/strong>: EC1plus, French A plus, M1<\/p>\n<p><img loading=\"lazy\" decoding=\"async\" class=\"\" src=\"https:\/\/penosil.com\/lv\/wp-content\/uploads\/sites\/31\/2025\/07\/EC1_Plus_mark.png\" width=\"75\" height=\"75\" \/>\u00a0 \u00a0 <img loading=\"lazy\" decoding=\"async\" class=\"\" src=\"https:\/\/penosil.com\/lv\/wp-content\/uploads\/sites\/31\/2025\/07\/M1-logo_RGB_english_black.png\" width=\"75\" height=\"75\" \/>\u00a0 \u00a0 <img loading=\"lazy\" decoding=\"async\" class=\"\" src=\"https:\/\/penosil.com\/lv\/wp-content\/uploads\/sites\/31\/2025\/07\/A-French.png\" width=\"92\" height=\"75\" \/><\/p>\n                              <\/div>\n                                                                        <\/li>\n                                 <\/ul>\n                     <\/div>\n      <\/section>\n   \n   <section class=\"container angles-container\" aria-label=\"Process steps\">\n      <div class=\"angles row flex-column flex-lg-row flex-lg-nowrap\" role=\"list\">\n                                 <div class=\"angle col d-flex align-items-center justify-content-center\" role=\"listitem\" aria-label=\"Step 1\">\n               <div class=\"angle-text\"><p>2020. gad\u0101<strong> 14 % <\/strong>Penosil produktu bija EC1+ sertifik\u0101ti.<\/p>\n<\/div>\n            <\/div>\n                                 <div class=\"angle col d-flex align-items-center justify-content-center\" role=\"listitem\" aria-label=\"Step 2\">\n               <div class=\"angle-text\"><p>2023. gad\u0101 <strong>52 % <\/strong>Penosil produktu bija EC1+ sertifik\u0101ti.<\/p>\n<\/div>\n            <\/div>\n                                 <div class=\"angle col d-flex align-items-center justify-content-center\" role=\"listitem\" aria-label=\"Step 3\">\n               <div class=\"angle-text\"><p>Tuv\u0101kajos gados vair\u0101k nek\u0101<strong> 70 % <\/strong>Penosil produktu paredz\u0113ts ieg\u016bt zemu GOS sertifik\u0101tu.<\/p>\n<\/div>\n            <\/div>\n               <\/div>\n   <\/section>\n\n   <section class=\"container text-container\" aria-label=\"Additional information\">\n               <div class=\"above-lines-text text-wrap\">\n            <p>P\u0113d\u0113jo piecu gadu laik\u0101 m\u0113s esam izstr\u0101d\u0101ju\u0161i daudzus herm\u0113ti\u0137us, l\u012bmes un pildvielas<strong> bez \u0161\u0137\u012bdin\u0101t\u0101jiem un uz \u016bdens b\u0101zes.<\/strong> Turkl\u0101t daudzi no m\u016bsu oks\u012bmu silikoniem ir pieejami<strong> bez MEKO.<\/strong><\/p>\n         <\/div>\n      \n               <div class=\"lines-text w-100 d-flex flex-column flex-lg-row justify-content-between\" role=\"list\" aria-label=\"Key benefits\">\n                                          <div class=\"item d-flex flex-column flex-md-row align-items-center\" role=\"listitem\">\n                                       <div class=\"item-icon\">\n                        <img loading=\"lazy\" decoding=\"async\" src=\"https:\/\/penosil.com\/lv\/wp-content\/uploads\/sites\/31\/2024\/07\/Group-414.svg\" width=\"110\" height=\"106\" alt=\"\">\n                     <\/div>\n                  \n                                       <div class=\"item-text\">\n                        <p>Mekl\u0113jiet nulles MEKO<br \/>\nsertifik\u0101tu uz produkta eti\u0137etes.<\/p>\n                     <\/div>\n                                 <\/div>\n                                          <div class=\"item d-flex flex-column flex-md-row align-items-center\" role=\"listitem\">\n                                       <div class=\"item-icon\">\n                        <img loading=\"lazy\" decoding=\"async\" src=\"https:\/\/penosil.com\/lv\/wp-content\/uploads\/sites\/31\/2024\/07\/Layer_1-2.svg\" width=\"108\" height=\"108\" alt=\"\">\n                     <\/div>\n                  \n                                       <div class=\"item-text\">\n                        <p>Mekl\u0113jiet dro\u0161as izv\u0113les z\u012bmogu uz<br \/>\nm\u016bsu PU put\u0101m ar zemu vai bez MDI saturu.<\/p>\n                     <\/div>\n                                 <\/div>\n                     <\/div>\n      \n               <div class=\"text-before-icon text-wrap\">\n            <p>Arvien vair\u0101k m\u016bsu PU putu ir ar \u013coti zemu diizocian\u0101ta monom\u0113ra saturu (&lt;0,1 %) vai ar\u012b t\u0101s ir <strong>piln\u012bb\u0101 bez MDI.<\/strong><\/p>\n\n                           <button type=\"button\" class=\"tooltip sus-tooltip\" data-tooltip-content=\"#tooltip-safer-bottom\" aria-expanded=\"false\" aria-describedby=\"tooltip-safer-bottom\" aria-label=\"Show more information\">\n                  <img loading=\"lazy\" decoding=\"async\" src=\"https:\/\/penosil.com\/lv\/wp-content\/themes\/penosil-store\/images\/icons\/sus-info.svg\" width=\"52\" height=\"63\" alt=\"\" aria-hidden=\"true\">\n               <\/button>\n\n               <div class=\"safer-tooltip-content tooltip-content\" role=\"tooltip\" id=\"tooltip-safer-bottom\" aria-hidden=\"true\">\n                  <h4><strong>Kas ir MDI?<\/strong><\/h4>\n<p>Metil\u0113ndifenildiizocian\u0101ts (MDI) ir <strong>\u0137\u012bmisko vielu veids, <\/strong>ko izmanto PU materi\u0101lu ra\u017eo\u0161an\u0101.<\/p>\n<p><strong>Putu lieto\u0161anas laik\u0101<\/strong> MDI saturs put\u0101s var izrais\u012bt \u0101das un r\u012bkles kairin\u0101jumu.<\/p>\n               <\/div>\n                     <\/div>\n      \n               <div class=\"under-lines-text text-wrap\">\n            <p>PU putas ar zemu MDI saturu un bez MDI pied\u0101v\u0101<strong> dro\u0161\u0101ku alternat\u012bvu <\/strong>parastaj\u0101m PU put\u0101m, samazinot kait\u012bgo \u0137\u012bmisko vielu iedarb\u012bbas risku, uzlabojot darba dro\u0161\u012bbu, samazinot ietekmi uz vidi un nodro\u0161inot atbilst\u012bbu normat\u012bvajiem aktiem.<\/p>\n<p>M\u016bsu<strong> jaun\u0101 PU putu r\u016bpn\u012bca Sp\u0101nij\u0101 <\/strong>b\u016bs vado\u0161\u0101 ra\u017eotne Eirop\u0101, kas ra\u017eo PU putas ar zemu MDI un bez MDI. M\u0113s esam pirmais Eiropas ra\u017eot\u0101js, kas saviem klientiem pied\u0101v\u0101 pilnu zema MDI un bez MDI satura PU putu produktu komplektu.<\/p>\n<p>Pa\u0161laik Penosil produktu kl\u0101st\u0101 ir \u0161\u0101das<strong> putas ar zemu un bez MDI saturu<u>:<\/u><\/strong><\/p>\n<ul>\n<li>Izsmidzin\u0101m\u0101s putas<\/li>\n<li>Pisto\u013cputas<\/li>\n<li>Putas ar salmi\u0146aplikatoru<\/li>\n<\/ul>\n<p>Dr\u012bzum\u0101 m\u0113s papildin\u0101sim savu pied\u0101v\u0101jumu ar put\u0101m ar zemu MDI saturu, iek\u013caujot B2 pisto\u013cputas, B2 izsmidzin\u0101m\u0101s putas un l\u012bm\u0113jo\u0161\u0101s putas.<\/p>\n         <\/div>\n         <\/section>\n<\/main>\n\n<section class=\"pnsl-icon-hovers-block\" aria-label=\"Interactive Icon Navigation\">\n   <div class=\"container\">\n               <h2>P\u0101riet uz n\u0101kamo ilgtsp\u0113j\u012bbas t\u0113mu:<\/h2>\n         <\/div>\n\n         <div class=\"container icons-container\">\n         <ul class=\"icons d-flex align-items-center justify-content-center justify-content-lg-between flex-wrap\" role=\"list\">\n                                          <li class=\"icon\">\n                  <a href=\"https:\/\/penosil.com\/lv\/ilgtspejiba\/ilgizturiba\/\"\n                     class=\"icon-link d-flex align-items-center justify-content-center\"\n                     style=\"--bg-color: #b7e4c7; --text-color: #ffffff\"\n                     >\n                     <span class=\"icon-image\" aria-hidden=\"true\">\n                        <img loading=\"lazy\" decoding=\"async\" src=\"https:\/\/penosil.com\/lv\/wp-content\/uploads\/sites\/31\/2024\/07\/Icons.svg\" width=\"68\" height=\"67\" alt=\"\">\n                     <\/span>\n                     <span class=\"icon-label\">Ilgiztur\u012bba<\/span>\n                  <\/a>\n               <\/li>\n                                          <li class=\"icon\">\n                  <a href=\"https:\/\/penosil.com\/lv\/ilgtspejiba\/ilgtspejigas-sastavdalas\/\"\n                     class=\"icon-link d-flex align-items-center justify-content-center\"\n                     style=\"--bg-color: #52b788; --text-color: #fff\"\n                     >\n                     <span class=\"icon-image\" aria-hidden=\"true\">\n                        <img loading=\"lazy\" decoding=\"async\" src=\"https:\/\/penosil.com\/lv\/wp-content\/uploads\/sites\/31\/2024\/07\/Group-409.svg\" width=\"72\" height=\"75\" alt=\"\">\n                     <\/span>\n                     <span class=\"icon-label\">Ilgtsp\u0113j\u012bgas sast\u0101vda\u013cas<\/span>\n                  <\/a>\n               <\/li>\n                                          <li class=\"icon\">\n                  <a href=\"https:\/\/penosil.com\/lv\/ilgtspejiba\/atjaunojama-energija\/\"\n                     class=\"icon-link d-flex align-items-center justify-content-center\"\n                     style=\"--bg-color: #40916c; --text-color: #fff\"\n                     >\n                     <span class=\"icon-image\" aria-hidden=\"true\">\n                        <img loading=\"lazy\" decoding=\"async\" src=\"https:\/\/penosil.com\/lv\/wp-content\/uploads\/sites\/31\/2024\/07\/48x48_Icons.svg\" width=\"76\" height=\"73\" alt=\"\">\n                     <\/span>\n                     <span class=\"icon-label\">Atjaunojam\u0101 ener\u0123ija<\/span>\n                  <\/a>\n               <\/li>\n                                          <li class=\"icon\">\n                  <a href=\"https:\/\/penosil.com\/lv\/ilgtspejiba\/inovacijas\/\"\n                     class=\"icon-link d-flex align-items-center justify-content-center\"\n                     style=\"--bg-color: #1b4332; --text-color: #fff\"\n                     >\n                     <span class=\"icon-image\" aria-hidden=\"true\">\n                        <img loading=\"lazy\" decoding=\"async\" src=\"https:\/\/penosil.com\/lv\/wp-content\/uploads\/sites\/31\/2024\/07\/Group-410.svg\" width=\"88\" height=\"94\" alt=\"\">\n                     <\/span>\n                     <span class=\"icon-label\">Inov\u0101cijas<\/span>\n                  <\/a>\n               <\/li>\n                                          <li class=\"icon\">\n                  <a href=\"https:\/\/penosil.com\/lv\/ilgtspejiba\/atkritumu-apsaimniekosana\/\"\n                     class=\"icon-link d-flex align-items-center justify-content-center\"\n                     style=\"--bg-color: #25a18e; --text-color: #fff\"\n                     >\n                     <span class=\"icon-image\" aria-hidden=\"true\">\n                        <img loading=\"lazy\" decoding=\"async\" src=\"https:\/\/penosil.com\/lv\/wp-content\/uploads\/sites\/31\/2024\/07\/Group-415.svg\" width=\"82\" height=\"75\" alt=\"\">\n                     <\/span>\n                     <span class=\"icon-label\">Atkritumu apsaimnieko\u0161ana<\/span>\n                  <\/a>\n               <\/li>\n                                          <li class=\"icon\">\n                  <a href=\"https:\/\/penosil.com\/lv\/ilgtspejiba\/neredzami-bet-visapkart\/\"\n                     class=\"icon-link d-flex align-items-center justify-content-center\"\n                     style=\"--bg-color: #007F5F; --text-color: #fff\"\n                     >\n                     <span class=\"icon-image\" aria-hidden=\"true\">\n                        <img loading=\"lazy\" decoding=\"async\" src=\"https:\/\/penosil.com\/lv\/wp-content\/uploads\/sites\/31\/2024\/07\/Group-393.svg\" width=\"87\" height=\"79\" alt=\"\">\n                     <\/span>\n                     <span class=\"icon-label\">Neredzami, bet visapk\u0101rt<\/span>\n                  <\/a>\n               <\/li>\n                     <\/ul>\n      <\/div>\n   <\/section>","protected":false},"excerpt":{"rendered":"","protected":false},"author":105,"featured_media":0,"parent":30036,"menu_order":0,"comment_status":"closed","ping_status":"closed","template":"page-templates\/template-no-title.php","meta":{"_acf_changed":false,"advgb_blocks_editor_width":"","advgb_blocks_columns_visual_guide":"","footnotes":""},"class_list":["post-30093","page","type-page","status-publish","hentry"],"acf":[],"yoast_head":"<!-- This site is optimized with the Yoast SEO plugin v27.2 - https:\/\/yoast.com\/product\/yoast-seo-wordpress\/ -->\n<title>Dro\u0161\u0101ka dz\u012bvojam\u0101 vide - Penosil Latvia<\/title>\n<meta name=\"description\" content=\"M\u0113s v\u0113lamies, lai varat baud\u012bt lab\u0101ku un dro\u0161\u0101ku dz\u012bvojamo vidi. Past\u0101v\u012bgi uzlabojam m\u016bsu eso\u0161\u0101s formulas.Uzzin\u0101t vair\u0101k!\" \/>\n<meta name=\"robots\" content=\"index, follow, max-snippet:-1, max-image-preview:large, max-video-preview:-1\" \/>\n<link rel=\"canonical\" href=\"https:\/\/penosil.com\/lv\/ilgtspejiba\/drosaka-dzivojama-vide\/\" \/>\n<meta property=\"og:locale\" content=\"lv_LV\" \/>\n<meta property=\"og:type\" content=\"article\" \/>\n<meta property=\"og:title\" content=\"Dro\u0161\u0101ka dz\u012bvojam\u0101 vide - Penosil Latvia\" \/>\n<meta property=\"og:description\" content=\"M\u0113s v\u0113lamies, lai varat baud\u012bt lab\u0101ku un dro\u0161\u0101ku dz\u012bvojamo vidi. Past\u0101v\u012bgi uzlabojam m\u016bsu eso\u0161\u0101s formulas.Uzzin\u0101t vair\u0101k!\" \/>\n<meta property=\"og:url\" content=\"https:\/\/penosil.com\/lv\/ilgtspejiba\/drosaka-dzivojama-vide\/\" \/>\n<meta property=\"og:site_name\" content=\"Penosil Latvia\" \/>\n<meta property=\"article:modified_time\" content=\"2025-07-10T11:01:47+00:00\" \/>\n<meta name=\"twitter:card\" content=\"summary_large_image\" \/>\n<meta name=\"twitter:label1\" content=\"Est. reading time\" \/>\n\t<meta name=\"twitter:data1\" content=\"4 minutes\" \/>\n<script type=\"application\/ld+json\" class=\"yoast-schema-graph\">{\"@context\":\"https:\/\/schema.org\",\"@graph\":[{\"@type\":\"WebPage\",\"@id\":\"https:\/\/penosil.com\/lv\/ilgtspejiba\/drosaka-dzivojama-vide\/\",\"url\":\"https:\/\/penosil.com\/lv\/ilgtspejiba\/drosaka-dzivojama-vide\/\",\"name\":\"Dro\u0161\u0101ka dz\u012bvojam\u0101 vide - Penosil Latvia\",\"isPartOf\":{\"@id\":\"https:\/\/penosil.com\/lv\/#website\"},\"datePublished\":\"2024-07-01T13:05:47+00:00\",\"dateModified\":\"2025-07-10T11:01:47+00:00\",\"description\":\"M\u0113s v\u0113lamies, lai varat baud\u012bt lab\u0101ku un dro\u0161\u0101ku dz\u012bvojamo vidi. Past\u0101v\u012bgi uzlabojam m\u016bsu eso\u0161\u0101s formulas.Uzzin\u0101t vair\u0101k!\",\"breadcrumb\":{\"@id\":\"https:\/\/penosil.com\/lv\/ilgtspejiba\/drosaka-dzivojama-vide\/#breadcrumb\"},\"inLanguage\":\"lv-LV\",\"potentialAction\":[{\"@type\":\"ReadAction\",\"target\":[\"https:\/\/penosil.com\/lv\/ilgtspejiba\/drosaka-dzivojama-vide\/\"]}]},{\"@type\":\"BreadcrumbList\",\"@id\":\"https:\/\/penosil.com\/lv\/ilgtspejiba\/drosaka-dzivojama-vide\/#breadcrumb\",\"itemListElement\":[{\"@type\":\"ListItem\",\"position\":1,\"name\":\"S\u0101kums\",\"item\":\"https:\/\/penosil.com\/lv\/\"},{\"@type\":\"ListItem\",\"position\":2,\"name\":\"Ilgtsp\u0113j\u012bba\",\"item\":\"https:\/\/penosil.com\/lv\/ilgtspejiba\/\"},{\"@type\":\"ListItem\",\"position\":3,\"name\":\"Dro\u0161\u0101ka dz\u012bvojam\u0101 vide\"}]},{\"@type\":\"WebSite\",\"@id\":\"https:\/\/penosil.com\/lv\/#website\",\"url\":\"https:\/\/penosil.com\/lv\/\",\"name\":\"Penosil Latvia\",\"description\":\"\",\"potentialAction\":[{\"@type\":\"SearchAction\",\"target\":{\"@type\":\"EntryPoint\",\"urlTemplate\":\"https:\/\/penosil.com\/lv\/?s={search_term_string}\"},\"query-input\":{\"@type\":\"PropertyValueSpecification\",\"valueRequired\":true,\"valueName\":\"search_term_string\"}}],\"inLanguage\":\"lv-LV\"}]}<\/script>\n<!-- \/ Yoast SEO plugin. -->","yoast_head_json":{"title":"Dro\u0161\u0101ka dz\u012bvojam\u0101 vide - Penosil Latvia","description":"M\u0113s v\u0113lamies, lai varat baud\u012bt lab\u0101ku un dro\u0161\u0101ku dz\u012bvojamo vidi. Past\u0101v\u012bgi uzlabojam m\u016bsu eso\u0161\u0101s formulas.Uzzin\u0101t vair\u0101k!","robots":{"index":"index","follow":"follow","max-snippet":"max-snippet:-1","max-image-preview":"max-image-preview:large","max-video-preview":"max-video-preview:-1"},"canonical":"https:\/\/penosil.com\/lv\/ilgtspejiba\/drosaka-dzivojama-vide\/","og_locale":"lv_LV","og_type":"article","og_title":"Dro\u0161\u0101ka dz\u012bvojam\u0101 vide - Penosil Latvia","og_description":"M\u0113s v\u0113lamies, lai varat baud\u012bt lab\u0101ku un dro\u0161\u0101ku dz\u012bvojamo vidi. Past\u0101v\u012bgi uzlabojam m\u016bsu eso\u0161\u0101s formulas.Uzzin\u0101t vair\u0101k!","og_url":"https:\/\/penosil.com\/lv\/ilgtspejiba\/drosaka-dzivojama-vide\/","og_site_name":"Penosil Latvia","article_modified_time":"2025-07-10T11:01:47+00:00","twitter_card":"summary_large_image","twitter_misc":{"Est. reading time":"4 minutes"},"schema":{"@context":"https:\/\/schema.org","@graph":[{"@type":"WebPage","@id":"https:\/\/penosil.com\/lv\/ilgtspejiba\/drosaka-dzivojama-vide\/","url":"https:\/\/penosil.com\/lv\/ilgtspejiba\/drosaka-dzivojama-vide\/","name":"Dro\u0161\u0101ka dz\u012bvojam\u0101 vide - Penosil Latvia","isPartOf":{"@id":"https:\/\/penosil.com\/lv\/#website"},"datePublished":"2024-07-01T13:05:47+00:00","dateModified":"2025-07-10T11:01:47+00:00","description":"M\u0113s v\u0113lamies, lai varat baud\u012bt lab\u0101ku un dro\u0161\u0101ku dz\u012bvojamo vidi. Past\u0101v\u012bgi uzlabojam m\u016bsu eso\u0161\u0101s formulas.Uzzin\u0101t vair\u0101k!","breadcrumb":{"@id":"https:\/\/penosil.com\/lv\/ilgtspejiba\/drosaka-dzivojama-vide\/#breadcrumb"},"inLanguage":"lv-LV","potentialAction":[{"@type":"ReadAction","target":["https:\/\/penosil.com\/lv\/ilgtspejiba\/drosaka-dzivojama-vide\/"]}]},{"@type":"BreadcrumbList","@id":"https:\/\/penosil.com\/lv\/ilgtspejiba\/drosaka-dzivojama-vide\/#breadcrumb","itemListElement":[{"@type":"ListItem","position":1,"name":"S\u0101kums","item":"https:\/\/penosil.com\/lv\/"},{"@type":"ListItem","position":2,"name":"Ilgtsp\u0113j\u012bba","item":"https:\/\/penosil.com\/lv\/ilgtspejiba\/"},{"@type":"ListItem","position":3,"name":"Dro\u0161\u0101ka dz\u012bvojam\u0101 vide"}]},{"@type":"WebSite","@id":"https:\/\/penosil.com\/lv\/#website","url":"https:\/\/penosil.com\/lv\/","name":"Penosil Latvia","description":"","potentialAction":[{"@type":"SearchAction","target":{"@type":"EntryPoint","urlTemplate":"https:\/\/penosil.com\/lv\/?s={search_term_string}"},"query-input":{"@type":"PropertyValueSpecification","valueRequired":true,"valueName":"search_term_string"}}],"inLanguage":"lv-LV"}]}},"coauthors":[],"author_meta":{"author_link":"https:\/\/penosil.com\/lv\/author\/kevinreaktiiv\/","display_name":"kevinreaktiiv"},"relative_dates":{"created":"Posted 2 years ago","modified":"Updated 9 months ago"},"absolute_dates":{"created":"Posted on July 1, 2024","modified":"Updated on July 10, 2025"},"absolute_dates_time":{"created":"Posted on July 1, 2024 1:05 pm","modified":"Updated on July 10, 2025 11:01 am"},"featured_img_caption":"","featured_img":false,"series_order":"","_links":{"self":[{"href":"https:\/\/penosil.com\/lv\/wp-json\/wp\/v2\/pages\/30093","targetHints":{"allow":["GET"]}}],"collection":[{"href":"https:\/\/penosil.com\/lv\/wp-json\/wp\/v2\/pages"}],"about":[{"href":"https:\/\/penosil.com\/lv\/wp-json\/wp\/v2\/types\/page"}],"author":[{"embeddable":true,"href":"https:\/\/penosil.com\/lv\/wp-json\/wp\/v2\/users\/105"}],"replies":[{"embeddable":true,"href":"https:\/\/penosil.com\/lv\/wp-json\/wp\/v2\/comments?post=30093"}],"version-history":[{"count":14,"href":"https:\/\/penosil.com\/lv\/wp-json\/wp\/v2\/pages\/30093\/revisions"}],"predecessor-version":[{"id":32467,"href":"https:\/\/penosil.com\/lv\/wp-json\/wp\/v2\/pages\/30093\/revisions\/32467"}],"up":[{"embeddable":true,"href":"https:\/\/penosil.com\/lv\/wp-json\/wp\/v2\/pages\/30036"}],"wp:attachment":[{"href":"https:\/\/penosil.com\/lv\/wp-json\/wp\/v2\/media?parent=30093"}],"curies":[{"name":"wp","href":"https:\/\/api.w.org\/{rel}","templated":true}]}}