{"id":30100,"date":"2024-07-01T13:08:05","date_gmt":"2024-07-01T13:08:05","guid":{"rendered":"https:\/\/penosil.com\/lv\/?page_id=30100"},"modified":"2025-08-11T11:36:11","modified_gmt":"2025-08-11T11:36:11","slug":"atkritumu-apsaimniekosana","status":"publish","type":"page","link":"https:\/\/penosil.com\/lv\/ilgtspejiba\/atkritumu-apsaimniekosana\/","title":{"rendered":"Atkritumu apsaimnieko\u0161ana"},"content":{"rendered":"<section class=\"pnsl-thin-banner-block\" style=\"background-color: #25a18e; color: #ffffff\" aria-label=\"Atkritumu apsaimnieko\u0161ana\">\n   <div class=\"container d-flex flex-column flex-lg-row align-items-lg-center justify-content-between\">\n      <div class=\"text-wrap\">\n                     <h1>Atkritumu apsaimnieko\u0161ana<\/h1>\n         \n                     <p>M\u016bsu m\u0113r\u0137is ir l\u012bdz <strong>2030<u>.<\/u><\/strong> gadam samazin\u0101t, atk\u0101rtoti izmantot un p\u0101rstr\u0101d\u0101t l\u012bdz <strong>50 % <\/strong>m\u016bsu atkritumu.<\/p>\n               <\/div>\n\n               <div id=\"lottie-block_ea0bb873c5fa897d27852fc0cc634d7e\" class=\"lottie-animation\" data-path=\"https:\/\/penosil.com\/lv\/wp-content\/themes\/penosil-store\/assets\/lottie\/waste.json\" data-speed=\"0.75\" role=\"img\" aria-label=\"Decorative animation\"><\/div>\n         <\/div>\n<\/section>\n\n<section class=\"pnsl-waste-management-block d-flex flex-column\" aria-label=\"Waste Management Information\">\n         <div class=\"container accordion-container\">\n         <div class=\"accordion\" role=\"region\" aria-label=\"Waste management topics\">\n                                          <div class=\"item active\">\n                  <button type=\"button\" \n                     class=\"title-wrap d-flex align-items-center\" \n                     aria-expanded=\"true\"\n                     aria-controls=\"waste-panel-0\"\n                     id=\"waste-header-0\">\n                     <span class=\"number d-flex align-items-center justify-content-center\" aria-hidden=\"true\"><span>1<\/span><\/span>\n                     <span class=\"title d-flex align-items-center\">Samazin\u0101\u0161ana<\/span>\n                  <\/button>\n                  <div class=\"content\" \n                     id=\"waste-panel-0\" \n                     role=\"region\" \n                     aria-labelledby=\"waste-header-0\"\n                     >\n                     <ul>\n<li>M\u0113s past\u0101v\u012bgi samazin\u0101m savu produktu ietekmi uz vidi, aizst\u0101jot b\u012bstam\u0101s \u0137\u012bmisk\u0101s vielas ar neb\u012bstam\u0101m. T\u0101d\u0113j\u0101di m\u0113s <strong>samazin\u0101m savu b\u012bstamo atkritumu daudzumu.<\/strong><\/li>\n<li>Viens no veidiem, k\u0101 samazin\u0101t iepakojuma atkritumu daudzumu, ir <strong>iepakojuma tilpuma palielin\u0101\u0161ana.<\/strong> Daudziem Penosil produktiem ir vair\u0101ki iepakojuma veidi.<\/li>\n<\/ul>\n\n                                             <div class=\"animation-wrap d-flex flex-column flex-lg-row align-items-center\" role=\"figure\" aria-label=\"Waste management process diagram\">\n                           <div class=\"image\">\n                              <img loading=\"lazy\" decoding=\"async\" src=\"https:\/\/penosil.com\/lv\/wp-content\/uploads\/sites\/31\/2024\/07\/Padrun_Foolium_video-1.png\" width=\"110\" height=\"165\" alt=\"\">\n                           <\/div>\n\n                           <div class=\"gray-arrow d-flex align-items-center\" aria-hidden=\"true\">\n                              <div class=\"text\">\n                                 <ul>\n<li>Papildu 300 ml k\u0101rtrid\u017eiem daudzus herm\u0113ti\u0137us m\u0113s ra\u017eojam ar\u012b <strong>600 ml folijas iepakojumos.<\/strong><\/li>\n<li>600 ml folijas iepakojums \u013cauj ietaup\u012bt <strong>75 %<\/strong> iepakojuma atkritumu, sal\u012bdzinot ar k\u0101rtrid\u017eiem.<\/li>\n<\/ul>\n                              <\/div>\n                           <\/div>\n                        <\/div>\n                        \n                                                   <div class=\"visually-hidden\">\n                              <ul>\n<li>Papildu 300 ml k\u0101rtrid\u017eiem daudzus herm\u0113ti\u0137us m\u0113s ra\u017eojam ar\u012b <strong>600 ml folijas iepakojumos.<\/strong><\/li>\n<li>600 ml folijas iepakojums \u013cauj ietaup\u012bt <strong>75 %<\/strong> iepakojuma atkritumu, sal\u012bdzinot ar k\u0101rtrid\u017eiem.<\/li>\n<\/ul>\n                           <\/div>\n                                             \n                                             <ul>\n<li>Cementa produkti ir iev\u0113rojams CO<sub>2<\/sub>\u00a0ra\u017eot\u0101js. Penosil produkta kl\u0101st\u0101 esam iek\u013c\u0101vu\u0161i vair\u0101kas<strong> l\u012bm\u0113jo\u0161\u0101s putas, kuras var izmantot cementa b\u0101zes produktu viet\u0101.<\/strong><\/li>\n<\/ul>\n<p><iframe loading=\"lazy\" title=\"YouTube video player\" src=\"https:\/\/www.youtube.com\/embed\/Jm62rASs4uc?si=NPDE47CTiviguknI\" width=\"560\" height=\"315\" frameborder=\"0\" allowfullscreen=\"allowfullscreen\"><\/iframe><\/p>\n                     \n                                             <div class=\"border-red\" role=\"complementary\" aria-label=\"Important information\">\n                           <p>A <strong>1L can of foam adhesive<\/strong> equals <strong>25kg of cement<\/strong>, which reduces the transportation carbon footprint.<\/p>\n                        <\/div>\n                                       <\/div>\n               <\/div>\n                                          <div class=\"item\">\n                  <button type=\"button\" \n                     class=\"title-wrap d-flex align-items-center\" \n                     aria-expanded=\"false\"\n                     aria-controls=\"waste-panel-1\"\n                     id=\"waste-header-1\">\n                     <span class=\"number d-flex align-items-center justify-content-center\" aria-hidden=\"true\"><span>2<\/span><\/span>\n                     <span class=\"title d-flex align-items-center\">P\u0101rstr\u0101de<\/span>\n                  <\/button>\n                  <div class=\"content\" \n                     id=\"waste-panel-1\" \n                     role=\"region\" \n                     aria-labelledby=\"waste-header-1\"\n                     hidden>\n                     <p>M\u0113s nodro\u0161in\u0101m p\u0101rstr\u0101di visiem m\u016bu ra\u017eo\u0161anas atkritumiem. Liel\u0101ko da\u013cu m\u016bsu atkritumu p\u0101rstr\u0101d\u0101 m\u016bsu \u0101r\u0113jie partneri sav\u0101s ra\u017eotn\u0113s. Tom\u0113r m\u0113s <strong>past\u0101v\u012bgi<u>i<\/u>zstr\u0101d\u0101jam ar\u012b jaunas metodes, lai p\u0101rstr\u0101d\u0101tu vair\u0101k atkritumu pa\u0161u r\u016bpn\u012bc\u0101s.<\/strong><\/p>\n<ul>\n<li>M\u0113s nep\u0101rtraukti optimiz\u0113jam m\u016bsu herm\u0113ti\u0137u ra\u017eo\u0161anas procesus. Piem\u0113ram, esam<strong> samazin\u0101ju\u0161i izejvielu atlikumu daudzumu<\/strong>, atk\u0101rtoti izmantojot tos citu produktu formul\u0101s.<\/li>\n<li>T\u0101pat m\u0113s akt\u012bvi mekl\u0113jam veidus, k\u0101 atk\u0101rtoti izmantot saciet\u0113ju\u0161\u0101 silikona un hibr\u012bda atkritumus. Piem\u0113ram, sadarb\u012bb\u0101 ar universit\u0101t\u0113m m\u0113s p\u0113t\u0101m veidus, k\u0101 izmantot<strong> saciet\u0113ju\u0161\u0101 silikona un hibr\u012bda atkritumus <\/strong>k\u0101 izejvielas citiem pielietojumiem, piem\u0113ram, ce\u013cu b\u016bv\u0113, asfalta vai betona ra\u017eo\u0161an\u0101.<\/li>\n<\/ul>\n\n                     \n                     \n                                       <\/div>\n               <\/div>\n                                          <div class=\"item\">\n                  <button type=\"button\" \n                     class=\"title-wrap d-flex align-items-center\" \n                     aria-expanded=\"false\"\n                     aria-controls=\"waste-panel-2\"\n                     id=\"waste-header-2\">\n                     <span class=\"number d-flex align-items-center justify-content-center\" aria-hidden=\"true\"><span>3<\/span><\/span>\n                     <span class=\"title d-flex align-items-center\">Atk\u0101rtota izmanto\u0161ana<\/span>\n                  <\/button>\n                  <div class=\"content\" \n                     id=\"waste-panel-2\" \n                     role=\"region\" \n                     aria-labelledby=\"waste-header-2\"\n                     hidden>\n                     <p>Kop\u0161 2021. gada m\u0113s esam izmantoju\u0161i<strong> 100% m\u016bsu iek\u0161\u0113j\u0101s plastmasas ra\u017eo\u0161anas atlikumu<u>,<\/u> <\/strong>lai ra\u017eotu Penosil instrumentus un plastmasas komponentus.<\/p>\n<ul>\n<li>Piem\u0113ram, <strong>Penosil patent\u0113t\u0101 l\u0101psti\u0146a <\/strong>tiek ra\u017eota, izmantojot m\u016bsu plastmasas atkritumus.<\/li>\n<\/ul>\n<p><img loading=\"lazy\" decoding=\"async\" class=\"\" src=\"https:\/\/penosil.com\/lv\/wp-content\/uploads\/sites\/31\/2025\/07\/Spatula-B.png\" width=\"58\" height=\"50\" \/><\/p>\n<ul>\n<li>Pa\u0161laik m\u0113s ar\u012b test\u0113jam PCR plastmasas izmanto\u0161anu m\u016bsu putu adapteru un salmi\u0146aplikatoru ra\u017eo\u0161an\u0101.<\/li>\n<\/ul>\n\n                     \n                     \n                                       <\/div>\n               <\/div>\n                     <\/div>\n      <\/div>\n   <\/section>\n\n<section class=\"pnsl-icon-hovers-block\" aria-label=\"Interactive Icon Navigation\">\n   <div class=\"container\">\n               <h2>P\u0101riet uz n\u0101kamo ilgtsp\u0113j\u012bbas t\u0113mu:<\/h2>\n         <\/div>\n\n         <div class=\"container icons-container\">\n         <ul class=\"icons d-flex align-items-center justify-content-center justify-content-lg-between flex-wrap\" role=\"list\">\n                                          <li class=\"icon\">\n                  <a href=\"https:\/\/penosil.com\/lv\/ilgtspejiba\/ilgizturiba\/\"\n                     class=\"icon-link d-flex align-items-center justify-content-center\"\n                     style=\"--bg-color: #b7e4c7; --text-color: #ffffff\"\n                     >\n                     <span class=\"icon-image\" aria-hidden=\"true\">\n                        <img loading=\"lazy\" decoding=\"async\" src=\"https:\/\/penosil.com\/lv\/wp-content\/uploads\/sites\/31\/2024\/07\/Icons.svg\" width=\"68\" height=\"67\" alt=\"\">\n                     <\/span>\n                     <span class=\"icon-label\">Ilgiztur\u012bba<\/span>\n                  <\/a>\n               <\/li>\n                                          <li class=\"icon\">\n                  <a href=\"https:\/\/penosil.com\/lv\/ilgtspejiba\/ilgtspejigas-sastavdalas\/\"\n                     class=\"icon-link d-flex align-items-center justify-content-center\"\n                     style=\"--bg-color: #52b788; --text-color: #fff\"\n                     >\n                     <span class=\"icon-image\" aria-hidden=\"true\">\n                        <img loading=\"lazy\" decoding=\"async\" src=\"https:\/\/penosil.com\/lv\/wp-content\/uploads\/sites\/31\/2024\/07\/Group-409.svg\" width=\"72\" height=\"75\" alt=\"\">\n                     <\/span>\n                     <span class=\"icon-label\">Ilgtsp\u0113j\u012bgas sast\u0101vda\u013cas<\/span>\n                  <\/a>\n               <\/li>\n                                          <li class=\"icon\">\n                  <a href=\"https:\/\/penosil.com\/lv\/ilgtspejiba\/atjaunojama-energija\/\"\n                     class=\"icon-link d-flex align-items-center justify-content-center\"\n                     style=\"--bg-color: #40916c; --text-color: #fff\"\n                     >\n                     <span class=\"icon-image\" aria-hidden=\"true\">\n                        <img loading=\"lazy\" decoding=\"async\" src=\"https:\/\/penosil.com\/lv\/wp-content\/uploads\/sites\/31\/2024\/07\/48x48_Icons.svg\" width=\"76\" height=\"73\" alt=\"\">\n                     <\/span>\n                     <span class=\"icon-label\">Atjaunojam\u0101 ener\u0123ija<\/span>\n                  <\/a>\n               <\/li>\n                                          <li class=\"icon\">\n                  <a href=\"https:\/\/penosil.com\/lv\/ilgtspejiba\/inovacijas\/\"\n                     class=\"icon-link d-flex align-items-center justify-content-center\"\n                     style=\"--bg-color: #1b4332; --text-color: #fff\"\n                     >\n                     <span class=\"icon-image\" aria-hidden=\"true\">\n                        <img loading=\"lazy\" decoding=\"async\" src=\"https:\/\/penosil.com\/lv\/wp-content\/uploads\/sites\/31\/2024\/07\/Group-410.svg\" width=\"88\" height=\"94\" alt=\"\">\n                     <\/span>\n                     <span class=\"icon-label\">Inov\u0101cijas<\/span>\n                  <\/a>\n               <\/li>\n                                          <li class=\"icon\">\n                  <a href=\"https:\/\/penosil.com\/lv\/ilgtspejiba\/drosaka-dzivojama-vide\/\"\n                     class=\"icon-link d-flex align-items-center justify-content-center\"\n                     style=\"--bg-color: #426a5a; --text-color: #fff\"\n                     >\n                     <span class=\"icon-image\" aria-hidden=\"true\">\n                        <img loading=\"lazy\" decoding=\"async\" src=\"https:\/\/penosil.com\/lv\/wp-content\/uploads\/sites\/31\/2024\/07\/Group-416.svg\" width=\"79\" height=\"90\" alt=\"\">\n                     <\/span>\n                     <span class=\"icon-label\">Dro\u0161\u0101ka dz\u012bvojam\u0101 vide<\/span>\n                  <\/a>\n               <\/li>\n                                          <li class=\"icon\">\n                  <a href=\"https:\/\/penosil.com\/lv\/ilgtspejiba\/neredzami-bet-visapkart\/\"\n                     class=\"icon-link d-flex align-items-center justify-content-center\"\n                     style=\"--bg-color: #007F5F; --text-color: #fff\"\n                     >\n                     <span class=\"icon-image\" aria-hidden=\"true\">\n                        <img loading=\"lazy\" decoding=\"async\" src=\"https:\/\/penosil.com\/lv\/wp-content\/uploads\/sites\/31\/2024\/07\/Group-393.svg\" width=\"87\" height=\"79\" alt=\"\">\n                     <\/span>\n                     <span class=\"icon-label\">Neredzami, bet visapk\u0101rt<\/span>\n                  <\/a>\n               <\/li>\n                     <\/ul>\n      <\/div>\n   <\/section>","protected":false},"excerpt":{"rendered":"","protected":false},"author":105,"featured_media":0,"parent":30036,"menu_order":0,"comment_status":"closed","ping_status":"closed","template":"page-templates\/template-no-title.php","meta":{"_acf_changed":false,"advgb_blocks_editor_width":"","advgb_blocks_columns_visual_guide":"","footnotes":""},"class_list":["post-30100","page","type-page","status-publish","hentry"],"acf":[],"yoast_head":"<!-- This site is optimized with the Yoast SEO plugin v27.2 - https:\/\/yoast.com\/product\/yoast-seo-wordpress\/ -->\n<title>Atkritumu apsaimnieko\u0161ana - Penosil Latvia<\/title>\n<meta name=\"robots\" content=\"index, follow, max-snippet:-1, max-image-preview:large, max-video-preview:-1\" \/>\n<link rel=\"canonical\" href=\"https:\/\/penosil.com\/lv\/ilgtspejiba\/atkritumu-apsaimniekosana\/\" \/>\n<meta property=\"og:locale\" content=\"lv_LV\" \/>\n<meta property=\"og:type\" content=\"article\" \/>\n<meta property=\"og:title\" content=\"Atkritumu apsaimnieko\u0161ana - Penosil Latvia\" \/>\n<meta property=\"og:url\" content=\"https:\/\/penosil.com\/lv\/ilgtspejiba\/atkritumu-apsaimniekosana\/\" \/>\n<meta property=\"og:site_name\" content=\"Penosil Latvia\" \/>\n<meta property=\"article:modified_time\" content=\"2025-08-11T11:36:11+00:00\" \/>\n<meta name=\"twitter:card\" content=\"summary_large_image\" \/>\n<meta name=\"twitter:label1\" content=\"Est. reading time\" \/>\n\t<meta name=\"twitter:data1\" content=\"4 minutes\" \/>\n<script type=\"application\/ld+json\" class=\"yoast-schema-graph\">{\"@context\":\"https:\/\/schema.org\",\"@graph\":[{\"@type\":\"WebPage\",\"@id\":\"https:\/\/penosil.com\/lv\/ilgtspejiba\/atkritumu-apsaimniekosana\/\",\"url\":\"https:\/\/penosil.com\/lv\/ilgtspejiba\/atkritumu-apsaimniekosana\/\",\"name\":\"Atkritumu apsaimnieko\u0161ana - Penosil Latvia\",\"isPartOf\":{\"@id\":\"https:\/\/penosil.com\/lv\/#website\"},\"datePublished\":\"2024-07-01T13:08:05+00:00\",\"dateModified\":\"2025-08-11T11:36:11+00:00\",\"breadcrumb\":{\"@id\":\"https:\/\/penosil.com\/lv\/ilgtspejiba\/atkritumu-apsaimniekosana\/#breadcrumb\"},\"inLanguage\":\"lv-LV\",\"potentialAction\":[{\"@type\":\"ReadAction\",\"target\":[\"https:\/\/penosil.com\/lv\/ilgtspejiba\/atkritumu-apsaimniekosana\/\"]}]},{\"@type\":\"BreadcrumbList\",\"@id\":\"https:\/\/penosil.com\/lv\/ilgtspejiba\/atkritumu-apsaimniekosana\/#breadcrumb\",\"itemListElement\":[{\"@type\":\"ListItem\",\"position\":1,\"name\":\"S\u0101kums\",\"item\":\"https:\/\/penosil.com\/lv\/\"},{\"@type\":\"ListItem\",\"position\":2,\"name\":\"Ilgtsp\u0113j\u012bba\",\"item\":\"https:\/\/penosil.com\/lv\/ilgtspejiba\/\"},{\"@type\":\"ListItem\",\"position\":3,\"name\":\"Atkritumu apsaimnieko\u0161ana\"}]},{\"@type\":\"WebSite\",\"@id\":\"https:\/\/penosil.com\/lv\/#website\",\"url\":\"https:\/\/penosil.com\/lv\/\",\"name\":\"Penosil Latvia\",\"description\":\"\",\"potentialAction\":[{\"@type\":\"SearchAction\",\"target\":{\"@type\":\"EntryPoint\",\"urlTemplate\":\"https:\/\/penosil.com\/lv\/?s={search_term_string}\"},\"query-input\":{\"@type\":\"PropertyValueSpecification\",\"valueRequired\":true,\"valueName\":\"search_term_string\"}}],\"inLanguage\":\"lv-LV\"}]}<\/script>\n<!-- \/ Yoast SEO plugin. -->","yoast_head_json":{"title":"Atkritumu apsaimnieko\u0161ana - Penosil Latvia","robots":{"index":"index","follow":"follow","max-snippet":"max-snippet:-1","max-image-preview":"max-image-preview:large","max-video-preview":"max-video-preview:-1"},"canonical":"https:\/\/penosil.com\/lv\/ilgtspejiba\/atkritumu-apsaimniekosana\/","og_locale":"lv_LV","og_type":"article","og_title":"Atkritumu apsaimnieko\u0161ana - Penosil Latvia","og_url":"https:\/\/penosil.com\/lv\/ilgtspejiba\/atkritumu-apsaimniekosana\/","og_site_name":"Penosil Latvia","article_modified_time":"2025-08-11T11:36:11+00:00","twitter_card":"summary_large_image","twitter_misc":{"Est. reading time":"4 minutes"},"schema":{"@context":"https:\/\/schema.org","@graph":[{"@type":"WebPage","@id":"https:\/\/penosil.com\/lv\/ilgtspejiba\/atkritumu-apsaimniekosana\/","url":"https:\/\/penosil.com\/lv\/ilgtspejiba\/atkritumu-apsaimniekosana\/","name":"Atkritumu apsaimnieko\u0161ana - Penosil Latvia","isPartOf":{"@id":"https:\/\/penosil.com\/lv\/#website"},"datePublished":"2024-07-01T13:08:05+00:00","dateModified":"2025-08-11T11:36:11+00:00","breadcrumb":{"@id":"https:\/\/penosil.com\/lv\/ilgtspejiba\/atkritumu-apsaimniekosana\/#breadcrumb"},"inLanguage":"lv-LV","potentialAction":[{"@type":"ReadAction","target":["https:\/\/penosil.com\/lv\/ilgtspejiba\/atkritumu-apsaimniekosana\/"]}]},{"@type":"BreadcrumbList","@id":"https:\/\/penosil.com\/lv\/ilgtspejiba\/atkritumu-apsaimniekosana\/#breadcrumb","itemListElement":[{"@type":"ListItem","position":1,"name":"S\u0101kums","item":"https:\/\/penosil.com\/lv\/"},{"@type":"ListItem","position":2,"name":"Ilgtsp\u0113j\u012bba","item":"https:\/\/penosil.com\/lv\/ilgtspejiba\/"},{"@type":"ListItem","position":3,"name":"Atkritumu apsaimnieko\u0161ana"}]},{"@type":"WebSite","@id":"https:\/\/penosil.com\/lv\/#website","url":"https:\/\/penosil.com\/lv\/","name":"Penosil Latvia","description":"","potentialAction":[{"@type":"SearchAction","target":{"@type":"EntryPoint","urlTemplate":"https:\/\/penosil.com\/lv\/?s={search_term_string}"},"query-input":{"@type":"PropertyValueSpecification","valueRequired":true,"valueName":"search_term_string"}}],"inLanguage":"lv-LV"}]}},"coauthors":[],"author_meta":{"author_link":"https:\/\/penosil.com\/lv\/author\/kevinreaktiiv\/","display_name":"kevinreaktiiv"},"relative_dates":{"created":"Posted 2 years ago","modified":"Updated 8 months ago"},"absolute_dates":{"created":"Posted on July 1, 2024","modified":"Updated on August 11, 2025"},"absolute_dates_time":{"created":"Posted on July 1, 2024 1:08 pm","modified":"Updated on August 11, 2025 11:36 am"},"featured_img_caption":"","featured_img":false,"series_order":"","_links":{"self":[{"href":"https:\/\/penosil.com\/lv\/wp-json\/wp\/v2\/pages\/30100","targetHints":{"allow":["GET"]}}],"collection":[{"href":"https:\/\/penosil.com\/lv\/wp-json\/wp\/v2\/pages"}],"about":[{"href":"https:\/\/penosil.com\/lv\/wp-json\/wp\/v2\/types\/page"}],"author":[{"embeddable":true,"href":"https:\/\/penosil.com\/lv\/wp-json\/wp\/v2\/users\/105"}],"replies":[{"embeddable":true,"href":"https:\/\/penosil.com\/lv\/wp-json\/wp\/v2\/comments?post=30100"}],"version-history":[{"count":13,"href":"https:\/\/penosil.com\/lv\/wp-json\/wp\/v2\/pages\/30100\/revisions"}],"predecessor-version":[{"id":32612,"href":"https:\/\/penosil.com\/lv\/wp-json\/wp\/v2\/pages\/30100\/revisions\/32612"}],"up":[{"embeddable":true,"href":"https:\/\/penosil.com\/lv\/wp-json\/wp\/v2\/pages\/30036"}],"wp:attachment":[{"href":"https:\/\/penosil.com\/lv\/wp-json\/wp\/v2\/media?parent=30100"}],"curies":[{"name":"wp","href":"https:\/\/api.w.org\/{rel}","templated":true}]}}