{"id":3078,"date":"2019-07-24T13:17:32","date_gmt":"2019-07-24T13:17:32","guid":{"rendered":"https:\/\/penosil.com\/lv\/contacts\/"},"modified":"2025-07-09T07:28:00","modified_gmt":"2025-07-09T07:28:00","slug":"kontakti","status":"publish","type":"page","link":"https:\/\/penosil.com\/lv\/kontakti\/","title":{"rendered":"Kontakti"},"content":{"rendered":"\n<p><\/p>\n\n\n\n<p><\/p>\n","protected":false},"excerpt":{"rendered":"","protected":false},"author":1,"featured_media":0,"parent":0,"menu_order":0,"comment_status":"closed","ping_status":"closed","template":"page-templates\/template-contacts.php","meta":{"_acf_changed":false,"advgb_blocks_editor_width":"","advgb_blocks_columns_visual_guide":"","footnotes":""},"class_list":["post-3078","page","type-page","status-publish","hentry"],"acf":[],"yoast_head":"<!-- This site is optimized with the Yoast SEO plugin v27.4 - https:\/\/yoast.com\/product\/yoast-seo-wordpress\/ -->\n<title>Kontakti - Penosil Latvia - Sazinieties ar mums!<\/title>\n<meta name=\"description\" content=\"Jums ir k\u0101ds jaut\u0101jums vai v\u0113laties sazin\u0101ties ar PENOSIL Latvia p\u0101rst\u0101vjiem? Sazinieties ar PENOSIL komandu sada\u013c\u0101 Kontakti.\" \/>\n<meta name=\"robots\" content=\"index, follow, max-snippet:-1, max-image-preview:large, max-video-preview:-1\" \/>\n<link rel=\"canonical\" href=\"https:\/\/penosil.com\/lv\/kontakti\/\" \/>\n<meta property=\"og:locale\" content=\"lv_LV\" \/>\n<meta property=\"og:type\" content=\"article\" \/>\n<meta property=\"og:title\" content=\"Kontakti - Penosil Latvia - Sazinieties ar mums!\" \/>\n<meta property=\"og:description\" content=\"Jums ir k\u0101ds jaut\u0101jums vai v\u0113laties sazin\u0101ties ar PENOSIL Latvia p\u0101rst\u0101vjiem? Sazinieties ar PENOSIL komandu sada\u013c\u0101 Kontakti.\" \/>\n<meta property=\"og:url\" content=\"https:\/\/penosil.com\/lv\/kontakti\/\" \/>\n<meta property=\"og:site_name\" content=\"Penosil Latvia\" \/>\n<meta property=\"article:modified_time\" content=\"2025-07-09T07:28:00+00:00\" \/>\n<meta name=\"twitter:card\" content=\"summary_large_image\" \/>\n<meta name=\"twitter:label1\" content=\"Est. reading time\" \/>\n\t<meta name=\"twitter:data1\" content=\"1 minute\" \/>\n<script type=\"application\/ld+json\" class=\"yoast-schema-graph\">{\"@context\":\"https:\\\/\\\/schema.org\",\"@graph\":[{\"@type\":\"WebPage\",\"@id\":\"https:\\\/\\\/penosil.com\\\/lv\\\/kontakti\\\/\",\"url\":\"https:\\\/\\\/penosil.com\\\/lv\\\/kontakti\\\/\",\"name\":\"Kontakti - Penosil Latvia - Sazinieties ar mums!\",\"isPartOf\":{\"@id\":\"https:\\\/\\\/penosil.com\\\/lv\\\/#website\"},\"datePublished\":\"2019-07-24T13:17:32+00:00\",\"dateModified\":\"2025-07-09T07:28:00+00:00\",\"description\":\"Jums ir k\u0101ds jaut\u0101jums vai v\u0113laties sazin\u0101ties ar PENOSIL Latvia p\u0101rst\u0101vjiem? Sazinieties ar PENOSIL komandu sada\u013c\u0101 Kontakti.\",\"breadcrumb\":{\"@id\":\"https:\\\/\\\/penosil.com\\\/lv\\\/kontakti\\\/#breadcrumb\"},\"inLanguage\":\"lv-LV\",\"potentialAction\":[{\"@type\":\"ReadAction\",\"target\":[\"https:\\\/\\\/penosil.com\\\/lv\\\/kontakti\\\/\"]}]},{\"@type\":\"BreadcrumbList\",\"@id\":\"https:\\\/\\\/penosil.com\\\/lv\\\/kontakti\\\/#breadcrumb\",\"itemListElement\":[{\"@type\":\"ListItem\",\"position\":1,\"name\":\"S\u0101kums\",\"item\":\"https:\\\/\\\/penosil.com\\\/lv\\\/\"},{\"@type\":\"ListItem\",\"position\":2,\"name\":\"Kontakti\"}]},{\"@type\":\"WebSite\",\"@id\":\"https:\\\/\\\/penosil.com\\\/lv\\\/#website\",\"url\":\"https:\\\/\\\/penosil.com\\\/lv\\\/\",\"name\":\"Penosil Latvia\",\"description\":\"\",\"potentialAction\":[{\"@type\":\"SearchAction\",\"target\":{\"@type\":\"EntryPoint\",\"urlTemplate\":\"https:\\\/\\\/penosil.com\\\/lv\\\/?s={search_term_string}\"},\"query-input\":{\"@type\":\"PropertyValueSpecification\",\"valueRequired\":true,\"valueName\":\"search_term_string\"}}],\"inLanguage\":\"lv-LV\"}]}<\/script>\n<!-- \/ Yoast SEO plugin. -->","yoast_head_json":{"title":"Kontakti - Penosil Latvia - Sazinieties ar mums!","description":"Jums ir k\u0101ds jaut\u0101jums vai v\u0113laties sazin\u0101ties ar PENOSIL Latvia p\u0101rst\u0101vjiem? Sazinieties ar PENOSIL komandu sada\u013c\u0101 Kontakti.","robots":{"index":"index","follow":"follow","max-snippet":"max-snippet:-1","max-image-preview":"max-image-preview:large","max-video-preview":"max-video-preview:-1"},"canonical":"https:\/\/penosil.com\/lv\/kontakti\/","og_locale":"lv_LV","og_type":"article","og_title":"Kontakti - Penosil Latvia - Sazinieties ar mums!","og_description":"Jums ir k\u0101ds jaut\u0101jums vai v\u0113laties sazin\u0101ties ar PENOSIL Latvia p\u0101rst\u0101vjiem? Sazinieties ar PENOSIL komandu sada\u013c\u0101 Kontakti.","og_url":"https:\/\/penosil.com\/lv\/kontakti\/","og_site_name":"Penosil Latvia","article_modified_time":"2025-07-09T07:28:00+00:00","twitter_card":"summary_large_image","twitter_misc":{"Est. reading time":"1 minute"},"schema":{"@context":"https:\/\/schema.org","@graph":[{"@type":"WebPage","@id":"https:\/\/penosil.com\/lv\/kontakti\/","url":"https:\/\/penosil.com\/lv\/kontakti\/","name":"Kontakti - Penosil Latvia - Sazinieties ar mums!","isPartOf":{"@id":"https:\/\/penosil.com\/lv\/#website"},"datePublished":"2019-07-24T13:17:32+00:00","dateModified":"2025-07-09T07:28:00+00:00","description":"Jums ir k\u0101ds jaut\u0101jums vai v\u0113laties sazin\u0101ties ar PENOSIL Latvia p\u0101rst\u0101vjiem? Sazinieties ar PENOSIL komandu sada\u013c\u0101 Kontakti.","breadcrumb":{"@id":"https:\/\/penosil.com\/lv\/kontakti\/#breadcrumb"},"inLanguage":"lv-LV","potentialAction":[{"@type":"ReadAction","target":["https:\/\/penosil.com\/lv\/kontakti\/"]}]},{"@type":"BreadcrumbList","@id":"https:\/\/penosil.com\/lv\/kontakti\/#breadcrumb","itemListElement":[{"@type":"ListItem","position":1,"name":"S\u0101kums","item":"https:\/\/penosil.com\/lv\/"},{"@type":"ListItem","position":2,"name":"Kontakti"}]},{"@type":"WebSite","@id":"https:\/\/penosil.com\/lv\/#website","url":"https:\/\/penosil.com\/lv\/","name":"Penosil Latvia","description":"","potentialAction":[{"@type":"SearchAction","target":{"@type":"EntryPoint","urlTemplate":"https:\/\/penosil.com\/lv\/?s={search_term_string}"},"query-input":{"@type":"PropertyValueSpecification","valueRequired":true,"valueName":"search_term_string"}}],"inLanguage":"lv-LV"}]}},"coauthors":[],"author_meta":{"author_link":"https:\/\/penosil.com\/lv\/author\/reaktiiv-pe\/","display_name":"reaktiiv-pe"},"relative_dates":{"created":"Posted 7 years ago","modified":"Updated 10 months ago"},"absolute_dates":{"created":"Posted on July 24, 2019","modified":"Updated on July 9, 2025"},"absolute_dates_time":{"created":"Posted on July 24, 2019 1:17 pm","modified":"Updated on July 9, 2025 7:28 am"},"featured_img_caption":"","featured_img":false,"series_order":"","_links":{"self":[{"href":"https:\/\/penosil.com\/lv\/wp-json\/wp\/v2\/pages\/3078","targetHints":{"allow":["GET"]}}],"collection":[{"href":"https:\/\/penosil.com\/lv\/wp-json\/wp\/v2\/pages"}],"about":[{"href":"https:\/\/penosil.com\/lv\/wp-json\/wp\/v2\/types\/page"}],"author":[{"embeddable":true,"href":"https:\/\/penosil.com\/lv\/wp-json\/wp\/v2\/users\/1"}],"replies":[{"embeddable":true,"href":"https:\/\/penosil.com\/lv\/wp-json\/wp\/v2\/comments?post=3078"}],"version-history":[{"count":23,"href":"https:\/\/penosil.com\/lv\/wp-json\/wp\/v2\/pages\/3078\/revisions"}],"predecessor-version":[{"id":32453,"href":"https:\/\/penosil.com\/lv\/wp-json\/wp\/v2\/pages\/3078\/revisions\/32453"}],"wp:attachment":[{"href":"https:\/\/penosil.com\/lv\/wp-json\/wp\/v2\/media?parent=3078"}],"curies":[{"name":"wp","href":"https:\/\/api.w.org\/{rel}","templated":true}]}}