{"id":3241,"date":"2019-07-24T13:17:19","date_gmt":"2019-07-24T13:17:19","guid":{"rendered":"https:\/\/penosil.com\/lv\/about-us\/"},"modified":"2026-02-20T14:02:31","modified_gmt":"2026-02-20T14:02:31","slug":"par-mums","status":"publish","type":"page","link":"https:\/\/penosil.com\/lv\/par-mums\/","title":{"rendered":"Par mums"},"content":{"rendered":"\n<div class=\"wp-block-columns has-2-columns is-layout-flex wp-container-core-columns-is-layout-9d6595d7 wp-block-columns-is-layout-flex\">\n<div class=\"wp-block-column is-layout-flow wp-block-column-is-layout-flow\">\n<p>Eiropas zieme\u013cos, kur dzimis PENOSIL, gada liel\u0101ko da\u013cu valda aukstums. Ciltis, kas non\u0101ca \u0161eit pirms t\u016bksto\u0161iem gadu, ledusaukstos apst\u0101k\u013cus uzskat\u012bja par izaicin\u0101jumu, kuru t\u0101s ne tikai pie\u0146\u0113ma, bet ar\u012b sp\u0113ja rast tajos prieku un iedvesmu.<\/p>\n\n\n\n<p>Laika gait\u0101 s\u0101kotn\u0113jie primit\u012bvie patv\u0113rumi p\u0101rtapa par ar s\u016bn\u0101m izkl\u0101t\u0101m gu\u013cb\u016bv\u0113m, tika izstr\u0101d\u0101ti arvien sare\u017e\u0123\u012bt\u0101ki un att\u012bst\u012bt\u0101ki risin\u0101jumi, kas pal\u012bdz\u0113ja uztur\u0113t siltumu ziem\u0101 un atvair\u012bt vasaras svelmi. Ir tikai lo\u0123iski, ka PENOSIL rad\u0101s tie\u0161i \u0161\u0101dos apst\u0101k\u013cos<\/p>\n\n\n\n<p>PENOSIL inovat\u012bvie mais\u012bjumi un viegli lietojamie produkti ir izstr\u0101d\u0101ti, lai efekt\u012bvi darbotos jebkur\u0101 klimata zon\u0101 un kontinent\u0101. M\u0113s esam novatori sav\u0101 jom\u0101, vienm\u0113r gatavi st\u0101ties pret\u012b jauniem izaicin\u0101jumiem.<\/p>\n\n\n\n<p><\/p>\n\n\n\n<p><\/p>\n<\/div>\n\n\n\n<div class=\"wp-block-column is-layout-flow wp-block-column-is-layout-flow\">\n<p>Energoefektivit\u0101te un za\u013c\u0101 dom\u0101\u0161ana ir k\u013cuvu\u0161as par m\u016bsu dz\u012bves neat\u0146emam\u0101m da\u013c\u0101m. PENOSIL produkti ir viens mazs un efekt\u012bvs solis cilv\u0113kam, kas tos izmanto, bet viens milz\u012bgs, ener\u0123iju taupo\u0161s l\u0113ciens cilv\u0113cei. M\u016bsu produktiem uzticas ne tikai glob\u0101la m\u0113roga b\u016bvniec\u012bbas un renov\u0101cijas projektu izstr\u0101d\u0101t\u0101ji, bet ar\u012b priv\u0101tm\u0101ju \u012bpa\u0161nieki. M\u016bsu produktu kl\u0101sts ir pirm\u0101 izv\u0113le vair\u0101k nek\u0101 40 valst\u012bs, kur\u0101s ir stingras pras\u012bbas celtniekiem un izmantotajiem b\u016bvmateri\u0101liem.<\/p>\n\n\n\n<p>Dabas likumi ir pal\u012bdz\u0113ju\u0161i mums piel\u0101goties n\u0101kotnei un k\u013c\u016bt par to, kas m\u0113s esam \u0161odien.<\/p>\n\n\n\n<p><a href=\"https:\/\/penosil.com\/lv\/wp-content\/uploads\/sites\/31\/2026\/02\/Penosil_Story_LAT_A4_landscape.pdf\" target=\"_blank\" rel=\"noreferrer noopener\">Uzzini vair\u0101k par Penosil st\u0101stu \u0161eit.<\/a><\/p>\n<\/div>\n<\/div>\n","protected":false},"excerpt":{"rendered":"Eiropas zieme\u013cos, kur dzimis PENOSIL, gada liel\u0101ko da\u013cu valda aukstums. Ciltis, kas non\u0101ca \u0161eit pirms t\u016bksto\u0161iem gadu, ledusaukstos apst\u0101k\u013cus uzskat\u012bja par izaicin\u0101jumu, kuru t\u0101s ne tikai pie\u0146\u0113ma, bet ar\u012b sp\u0113ja rast tajos prieku un iedvesmu. Laika gait\u0101 s\u0101kotn\u0113jie primit\u012bvie patv\u0113rumi p\u0101rtapa par ar s\u016bn\u0101m izkl\u0101t\u0101m gu\u013cb\u016bv\u0113m, tika izstr\u0101d\u0101ti arvien sare\u017e\u0123\u012bt\u0101ki un att\u012bst\u012bt\u0101ki risin\u0101jumi, kas pal\u012bdz\u0113ja [&hellip;]","protected":false},"author":1,"featured_media":0,"parent":0,"menu_order":0,"comment_status":"closed","ping_status":"closed","template":"page-templates\/template-aboutus.php","meta":{"_acf_changed":false,"advgb_blocks_editor_width":"","advgb_blocks_columns_visual_guide":"","footnotes":""},"class_list":["post-3241","page","type-page","status-publish","hentry"],"acf":[],"yoast_head":"<!-- This site is optimized with the Yoast SEO plugin v27.4 - https:\/\/yoast.com\/product\/yoast-seo-wordpress\/ -->\n<title>Penosil Latvia - vair\u0101k par Penosil z\u012bmolu un produktiem<\/title>\n<meta name=\"description\" content=\"Penosil produktu kl\u0101stu veido instrumenti, b\u016bv\u0137\u012bmijas produkti un celtniec\u012bbas materi\u0101li profesion\u0101\u013ciem un lieto\u0161anai m\u0101jas apst\u0101k\u013cos.\" \/>\n<meta name=\"robots\" content=\"index, follow, max-snippet:-1, max-image-preview:large, max-video-preview:-1\" \/>\n<link rel=\"canonical\" href=\"https:\/\/penosil.com\/lv\/par-mums\/\" \/>\n<meta property=\"og:locale\" content=\"lv_LV\" \/>\n<meta property=\"og:type\" content=\"article\" \/>\n<meta property=\"og:title\" content=\"Penosil Latvia - vair\u0101k par Penosil z\u012bmolu un produktiem\" \/>\n<meta property=\"og:description\" content=\"Penosil produktu kl\u0101stu veido instrumenti, b\u016bv\u0137\u012bmijas produkti un celtniec\u012bbas materi\u0101li profesion\u0101\u013ciem un lieto\u0161anai m\u0101jas apst\u0101k\u013cos.\" \/>\n<meta property=\"og:url\" content=\"https:\/\/penosil.com\/lv\/par-mums\/\" \/>\n<meta property=\"og:site_name\" content=\"Penosil Latvia\" \/>\n<meta property=\"article:modified_time\" content=\"2026-02-20T14:02:31+00:00\" \/>\n<meta name=\"twitter:card\" content=\"summary_large_image\" \/>\n<meta name=\"twitter:label1\" content=\"Est. reading time\" \/>\n\t<meta name=\"twitter:data1\" content=\"3 minutes\" \/>\n<script type=\"application\/ld+json\" class=\"yoast-schema-graph\">{\"@context\":\"https:\\\/\\\/schema.org\",\"@graph\":[{\"@type\":\"WebPage\",\"@id\":\"https:\\\/\\\/penosil.com\\\/lv\\\/par-mums\\\/\",\"url\":\"https:\\\/\\\/penosil.com\\\/lv\\\/par-mums\\\/\",\"name\":\"Penosil Latvia - vair\u0101k par Penosil z\u012bmolu un produktiem\",\"isPartOf\":{\"@id\":\"https:\\\/\\\/penosil.com\\\/lv\\\/#website\"},\"datePublished\":\"2019-07-24T13:17:19+00:00\",\"dateModified\":\"2026-02-20T14:02:31+00:00\",\"description\":\"Penosil produktu kl\u0101stu veido instrumenti, b\u016bv\u0137\u012bmijas produkti un celtniec\u012bbas materi\u0101li profesion\u0101\u013ciem un lieto\u0161anai m\u0101jas apst\u0101k\u013cos.\",\"breadcrumb\":{\"@id\":\"https:\\\/\\\/penosil.com\\\/lv\\\/par-mums\\\/#breadcrumb\"},\"inLanguage\":\"lv-LV\",\"potentialAction\":[{\"@type\":\"ReadAction\",\"target\":[\"https:\\\/\\\/penosil.com\\\/lv\\\/par-mums\\\/\"]}]},{\"@type\":\"BreadcrumbList\",\"@id\":\"https:\\\/\\\/penosil.com\\\/lv\\\/par-mums\\\/#breadcrumb\",\"itemListElement\":[{\"@type\":\"ListItem\",\"position\":1,\"name\":\"S\u0101kums\",\"item\":\"https:\\\/\\\/penosil.com\\\/lv\\\/\"},{\"@type\":\"ListItem\",\"position\":2,\"name\":\"Par mums\"}]},{\"@type\":\"WebSite\",\"@id\":\"https:\\\/\\\/penosil.com\\\/lv\\\/#website\",\"url\":\"https:\\\/\\\/penosil.com\\\/lv\\\/\",\"name\":\"Penosil Latvia\",\"description\":\"\",\"potentialAction\":[{\"@type\":\"SearchAction\",\"target\":{\"@type\":\"EntryPoint\",\"urlTemplate\":\"https:\\\/\\\/penosil.com\\\/lv\\\/?s={search_term_string}\"},\"query-input\":{\"@type\":\"PropertyValueSpecification\",\"valueRequired\":true,\"valueName\":\"search_term_string\"}}],\"inLanguage\":\"lv-LV\"}]}<\/script>\n<!-- \/ Yoast SEO plugin. -->","yoast_head_json":{"title":"Penosil Latvia - vair\u0101k par Penosil z\u012bmolu un produktiem","description":"Penosil produktu kl\u0101stu veido instrumenti, b\u016bv\u0137\u012bmijas produkti un celtniec\u012bbas materi\u0101li profesion\u0101\u013ciem un lieto\u0161anai m\u0101jas apst\u0101k\u013cos.","robots":{"index":"index","follow":"follow","max-snippet":"max-snippet:-1","max-image-preview":"max-image-preview:large","max-video-preview":"max-video-preview:-1"},"canonical":"https:\/\/penosil.com\/lv\/par-mums\/","og_locale":"lv_LV","og_type":"article","og_title":"Penosil Latvia - vair\u0101k par Penosil z\u012bmolu un produktiem","og_description":"Penosil produktu kl\u0101stu veido instrumenti, b\u016bv\u0137\u012bmijas produkti un celtniec\u012bbas materi\u0101li profesion\u0101\u013ciem un lieto\u0161anai m\u0101jas apst\u0101k\u013cos.","og_url":"https:\/\/penosil.com\/lv\/par-mums\/","og_site_name":"Penosil Latvia","article_modified_time":"2026-02-20T14:02:31+00:00","twitter_card":"summary_large_image","twitter_misc":{"Est. reading time":"3 minutes"},"schema":{"@context":"https:\/\/schema.org","@graph":[{"@type":"WebPage","@id":"https:\/\/penosil.com\/lv\/par-mums\/","url":"https:\/\/penosil.com\/lv\/par-mums\/","name":"Penosil Latvia - vair\u0101k par Penosil z\u012bmolu un produktiem","isPartOf":{"@id":"https:\/\/penosil.com\/lv\/#website"},"datePublished":"2019-07-24T13:17:19+00:00","dateModified":"2026-02-20T14:02:31+00:00","description":"Penosil produktu kl\u0101stu veido instrumenti, b\u016bv\u0137\u012bmijas produkti un celtniec\u012bbas materi\u0101li profesion\u0101\u013ciem un lieto\u0161anai m\u0101jas apst\u0101k\u013cos.","breadcrumb":{"@id":"https:\/\/penosil.com\/lv\/par-mums\/#breadcrumb"},"inLanguage":"lv-LV","potentialAction":[{"@type":"ReadAction","target":["https:\/\/penosil.com\/lv\/par-mums\/"]}]},{"@type":"BreadcrumbList","@id":"https:\/\/penosil.com\/lv\/par-mums\/#breadcrumb","itemListElement":[{"@type":"ListItem","position":1,"name":"S\u0101kums","item":"https:\/\/penosil.com\/lv\/"},{"@type":"ListItem","position":2,"name":"Par mums"}]},{"@type":"WebSite","@id":"https:\/\/penosil.com\/lv\/#website","url":"https:\/\/penosil.com\/lv\/","name":"Penosil Latvia","description":"","potentialAction":[{"@type":"SearchAction","target":{"@type":"EntryPoint","urlTemplate":"https:\/\/penosil.com\/lv\/?s={search_term_string}"},"query-input":{"@type":"PropertyValueSpecification","valueRequired":true,"valueName":"search_term_string"}}],"inLanguage":"lv-LV"}]}},"coauthors":[],"author_meta":{"author_link":"https:\/\/penosil.com\/lv\/author\/reaktiiv-pe\/","display_name":"reaktiiv-pe"},"relative_dates":{"created":"Posted 7 years ago","modified":"Updated 2 months ago"},"absolute_dates":{"created":"Posted on July 24, 2019","modified":"Updated on February 20, 2026"},"absolute_dates_time":{"created":"Posted on July 24, 2019 1:17 pm","modified":"Updated on February 20, 2026 2:02 pm"},"featured_img_caption":"","featured_img":false,"series_order":"","_links":{"self":[{"href":"https:\/\/penosil.com\/lv\/wp-json\/wp\/v2\/pages\/3241","targetHints":{"allow":["GET"]}}],"collection":[{"href":"https:\/\/penosil.com\/lv\/wp-json\/wp\/v2\/pages"}],"about":[{"href":"https:\/\/penosil.com\/lv\/wp-json\/wp\/v2\/types\/page"}],"author":[{"embeddable":true,"href":"https:\/\/penosil.com\/lv\/wp-json\/wp\/v2\/users\/1"}],"replies":[{"embeddable":true,"href":"https:\/\/penosil.com\/lv\/wp-json\/wp\/v2\/comments?post=3241"}],"version-history":[{"count":29,"href":"https:\/\/penosil.com\/lv\/wp-json\/wp\/v2\/pages\/3241\/revisions"}],"predecessor-version":[{"id":32968,"href":"https:\/\/penosil.com\/lv\/wp-json\/wp\/v2\/pages\/3241\/revisions\/32968"}],"wp:attachment":[{"href":"https:\/\/penosil.com\/lv\/wp-json\/wp\/v2\/media?parent=3241"}],"curies":[{"name":"wp","href":"https:\/\/api.w.org\/{rel}","templated":true}]}}