{"id":3435,"date":"2019-10-25T12:32:22","date_gmt":"2019-10-25T12:32:22","guid":{"rendered":"https:\/\/penosil.com\/lv\/product-know-how\/"},"modified":"2025-04-09T13:26:45","modified_gmt":"2025-04-09T13:26:45","slug":"product-know-how","status":"publish","type":"page","link":"https:\/\/penosil.com\/lv\/zinibu-centrs\/product-know-how\/","title":{"rendered":"Inform\u0101cija par produktiem"},"content":{"rendered":"\n<p>Penosil ekspertu zin\u0101\u0161anu bibliot\u0113k\u0101 pieejama inform\u0101cija par produktiem, k\u0101 ar\u012b pal\u012bgmateri\u0101li par Penosil produktu izmanto\u0161anu vissare\u017e\u0123\u012bt\u0101kaj\u0101s b\u016bvkonstrukcij\u0101s.<\/p>\n","protected":false},"excerpt":{"rendered":"Penosil ekspertu zin\u0101\u0161anu bibliot\u0113k\u0101 pieejama inform\u0101cija par produktiem, k\u0101 ar\u012b pal\u012bgmateri\u0101li par Penosil produktu izmanto\u0161anu vissare\u017e\u0123\u012bt\u0101kaj\u0101s b\u016bvkonstrukcij\u0101s.","protected":false},"author":1,"featured_media":0,"parent":3827,"menu_order":0,"comment_status":"closed","ping_status":"closed","template":"page-templates\/template-product-know-how.php","meta":{"_acf_changed":false,"advgb_blocks_editor_width":"","advgb_blocks_columns_visual_guide":"","footnotes":""},"class_list":["post-3435","page","type-page","status-publish","hentry"],"acf":[],"yoast_head":"<!-- This site is optimized with the Yoast SEO plugin v27.2 - https:\/\/yoast.com\/product\/yoast-seo-wordpress\/ -->\n<title>Inform\u0101cija par produktiem - Penosil Latvia - Uzziniet vair\u0101k!<\/title>\n<meta name=\"description\" content=\"Penosil ekspertu zin\u0101\u0161anu bibliot\u0113k\u0101 pieejama inform\u0101cija par produktiem, k\u0101 ar\u012b pal\u012bgmateri\u0101li par Penosil produktu izmanto\u0161anu.\" \/>\n<meta name=\"robots\" content=\"index, follow, max-snippet:-1, max-image-preview:large, max-video-preview:-1\" \/>\n<link rel=\"canonical\" href=\"https:\/\/penosil.com\/lv\/zinibu-centrs\/product-know-how\/\" \/>\n<meta property=\"og:locale\" content=\"lv_LV\" \/>\n<meta property=\"og:type\" content=\"article\" \/>\n<meta property=\"og:title\" content=\"Inform\u0101cija par produktiem - Penosil Latvia - Uzziniet vair\u0101k!\" \/>\n<meta property=\"og:description\" content=\"Penosil ekspertu zin\u0101\u0161anu bibliot\u0113k\u0101 pieejama inform\u0101cija par produktiem, k\u0101 ar\u012b pal\u012bgmateri\u0101li par Penosil produktu izmanto\u0161anu.\" \/>\n<meta property=\"og:url\" content=\"https:\/\/penosil.com\/lv\/zinibu-centrs\/product-know-how\/\" \/>\n<meta property=\"og:site_name\" content=\"Penosil Latvia\" \/>\n<meta property=\"article:modified_time\" content=\"2025-04-09T13:26:45+00:00\" \/>\n<meta name=\"twitter:card\" content=\"summary_large_image\" \/>\n<meta name=\"twitter:label1\" content=\"Est. reading time\" \/>\n\t<meta name=\"twitter:data1\" content=\"1 minute\" \/>\n<script type=\"application\/ld+json\" class=\"yoast-schema-graph\">{\"@context\":\"https:\/\/schema.org\",\"@graph\":[{\"@type\":\"WebPage\",\"@id\":\"https:\/\/penosil.com\/lv\/zinibu-centrs\/product-know-how\/\",\"url\":\"https:\/\/penosil.com\/lv\/zinibu-centrs\/product-know-how\/\",\"name\":\"Inform\u0101cija par produktiem - Penosil Latvia - Uzziniet vair\u0101k!\",\"isPartOf\":{\"@id\":\"https:\/\/penosil.com\/lv\/#website\"},\"datePublished\":\"2019-10-25T12:32:22+00:00\",\"dateModified\":\"2025-04-09T13:26:45+00:00\",\"description\":\"Penosil ekspertu zin\u0101\u0161anu bibliot\u0113k\u0101 pieejama inform\u0101cija par produktiem, k\u0101 ar\u012b pal\u012bgmateri\u0101li par Penosil produktu izmanto\u0161anu.\",\"breadcrumb\":{\"@id\":\"https:\/\/penosil.com\/lv\/zinibu-centrs\/product-know-how\/#breadcrumb\"},\"inLanguage\":\"lv-LV\",\"potentialAction\":[{\"@type\":\"ReadAction\",\"target\":[\"https:\/\/penosil.com\/lv\/zinibu-centrs\/product-know-how\/\"]}]},{\"@type\":\"BreadcrumbList\",\"@id\":\"https:\/\/penosil.com\/lv\/zinibu-centrs\/product-know-how\/#breadcrumb\",\"itemListElement\":[{\"@type\":\"ListItem\",\"position\":1,\"name\":\"S\u0101kums\",\"item\":\"https:\/\/penosil.com\/lv\/\"},{\"@type\":\"ListItem\",\"position\":2,\"name\":\"Zin\u012bbu centrs\",\"item\":\"https:\/\/penosil.com\/lv\/zinibu-centrs\/\"},{\"@type\":\"ListItem\",\"position\":3,\"name\":\"Inform\u0101cija par produktiem\"}]},{\"@type\":\"WebSite\",\"@id\":\"https:\/\/penosil.com\/lv\/#website\",\"url\":\"https:\/\/penosil.com\/lv\/\",\"name\":\"Penosil Latvia\",\"description\":\"\",\"potentialAction\":[{\"@type\":\"SearchAction\",\"target\":{\"@type\":\"EntryPoint\",\"urlTemplate\":\"https:\/\/penosil.com\/lv\/?s={search_term_string}\"},\"query-input\":{\"@type\":\"PropertyValueSpecification\",\"valueRequired\":true,\"valueName\":\"search_term_string\"}}],\"inLanguage\":\"lv-LV\"}]}<\/script>\n<!-- \/ Yoast SEO plugin. -->","yoast_head_json":{"title":"Inform\u0101cija par produktiem - Penosil Latvia - Uzziniet vair\u0101k!","description":"Penosil ekspertu zin\u0101\u0161anu bibliot\u0113k\u0101 pieejama inform\u0101cija par produktiem, k\u0101 ar\u012b pal\u012bgmateri\u0101li par Penosil produktu izmanto\u0161anu.","robots":{"index":"index","follow":"follow","max-snippet":"max-snippet:-1","max-image-preview":"max-image-preview:large","max-video-preview":"max-video-preview:-1"},"canonical":"https:\/\/penosil.com\/lv\/zinibu-centrs\/product-know-how\/","og_locale":"lv_LV","og_type":"article","og_title":"Inform\u0101cija par produktiem - Penosil Latvia - Uzziniet vair\u0101k!","og_description":"Penosil ekspertu zin\u0101\u0161anu bibliot\u0113k\u0101 pieejama inform\u0101cija par produktiem, k\u0101 ar\u012b pal\u012bgmateri\u0101li par Penosil produktu izmanto\u0161anu.","og_url":"https:\/\/penosil.com\/lv\/zinibu-centrs\/product-know-how\/","og_site_name":"Penosil Latvia","article_modified_time":"2025-04-09T13:26:45+00:00","twitter_card":"summary_large_image","twitter_misc":{"Est. reading time":"1 minute"},"schema":{"@context":"https:\/\/schema.org","@graph":[{"@type":"WebPage","@id":"https:\/\/penosil.com\/lv\/zinibu-centrs\/product-know-how\/","url":"https:\/\/penosil.com\/lv\/zinibu-centrs\/product-know-how\/","name":"Inform\u0101cija par produktiem - Penosil Latvia - Uzziniet vair\u0101k!","isPartOf":{"@id":"https:\/\/penosil.com\/lv\/#website"},"datePublished":"2019-10-25T12:32:22+00:00","dateModified":"2025-04-09T13:26:45+00:00","description":"Penosil ekspertu zin\u0101\u0161anu bibliot\u0113k\u0101 pieejama inform\u0101cija par produktiem, k\u0101 ar\u012b pal\u012bgmateri\u0101li par Penosil produktu izmanto\u0161anu.","breadcrumb":{"@id":"https:\/\/penosil.com\/lv\/zinibu-centrs\/product-know-how\/#breadcrumb"},"inLanguage":"lv-LV","potentialAction":[{"@type":"ReadAction","target":["https:\/\/penosil.com\/lv\/zinibu-centrs\/product-know-how\/"]}]},{"@type":"BreadcrumbList","@id":"https:\/\/penosil.com\/lv\/zinibu-centrs\/product-know-how\/#breadcrumb","itemListElement":[{"@type":"ListItem","position":1,"name":"S\u0101kums","item":"https:\/\/penosil.com\/lv\/"},{"@type":"ListItem","position":2,"name":"Zin\u012bbu centrs","item":"https:\/\/penosil.com\/lv\/zinibu-centrs\/"},{"@type":"ListItem","position":3,"name":"Inform\u0101cija par produktiem"}]},{"@type":"WebSite","@id":"https:\/\/penosil.com\/lv\/#website","url":"https:\/\/penosil.com\/lv\/","name":"Penosil Latvia","description":"","potentialAction":[{"@type":"SearchAction","target":{"@type":"EntryPoint","urlTemplate":"https:\/\/penosil.com\/lv\/?s={search_term_string}"},"query-input":{"@type":"PropertyValueSpecification","valueRequired":true,"valueName":"search_term_string"}}],"inLanguage":"lv-LV"}]}},"coauthors":[],"author_meta":{"author_link":"https:\/\/penosil.com\/lv\/author\/reaktiiv-pe\/","display_name":"reaktiiv-pe"},"relative_dates":{"created":"Posted 6 years ago","modified":"Updated 1 year ago"},"absolute_dates":{"created":"Posted on October 25, 2019","modified":"Updated on April 9, 2025"},"absolute_dates_time":{"created":"Posted on October 25, 2019 12:32 pm","modified":"Updated on April 9, 2025 1:26 pm"},"featured_img_caption":"","featured_img":false,"series_order":"","_links":{"self":[{"href":"https:\/\/penosil.com\/lv\/wp-json\/wp\/v2\/pages\/3435","targetHints":{"allow":["GET"]}}],"collection":[{"href":"https:\/\/penosil.com\/lv\/wp-json\/wp\/v2\/pages"}],"about":[{"href":"https:\/\/penosil.com\/lv\/wp-json\/wp\/v2\/types\/page"}],"author":[{"embeddable":true,"href":"https:\/\/penosil.com\/lv\/wp-json\/wp\/v2\/users\/1"}],"replies":[{"embeddable":true,"href":"https:\/\/penosil.com\/lv\/wp-json\/wp\/v2\/comments?post=3435"}],"version-history":[{"count":29,"href":"https:\/\/penosil.com\/lv\/wp-json\/wp\/v2\/pages\/3435\/revisions"}],"predecessor-version":[{"id":31696,"href":"https:\/\/penosil.com\/lv\/wp-json\/wp\/v2\/pages\/3435\/revisions\/31696"}],"up":[{"embeddable":true,"href":"https:\/\/penosil.com\/lv\/wp-json\/wp\/v2\/pages\/3827"}],"wp:attachment":[{"href":"https:\/\/penosil.com\/lv\/wp-json\/wp\/v2\/media?parent=3435"}],"curies":[{"name":"wp","href":"https:\/\/api.w.org\/{rel}","templated":true}]}}