{"id":3457,"date":"2019-10-16T20:16:46","date_gmt":"2019-10-16T20:16:46","guid":{"rendered":"https:\/\/penosil.com\/lv\/news\/"},"modified":"2021-02-26T12:54:45","modified_gmt":"2021-02-26T12:54:45","slug":"jaunumi","status":"publish","type":"page","link":"https:\/\/penosil.com\/lv\/jaunumi\/","title":{"rendered":"Jaunumi"},"content":{"rendered":"\n<p>Jaunumi un aktu\u0101l\u0101 inform\u0101cija par PENOSIL produktiem, produktu apm\u0101c\u012bb\u0101m un b\u016bvniec\u012bbas izst\u0101d\u0113m, k\u0101 ar\u012b uz\u0146\u0113muma, grupas un nozares zi\u0146as.<\/p>\n","protected":false},"excerpt":{"rendered":"Jaunumi un aktu\u0101l\u0101 inform\u0101cija par PENOSIL produktiem, produktu apm\u0101c\u012bb\u0101m un b\u016bvniec\u012bbas izst\u0101d\u0113m, k\u0101 ar\u012b uz\u0146\u0113muma, grupas un nozares zi\u0146as.","protected":false},"author":1,"featured_media":0,"parent":0,"menu_order":0,"comment_status":"closed","ping_status":"closed","template":"page-templates\/template-news.php","meta":{"_acf_changed":false,"advgb_blocks_editor_width":"","advgb_blocks_columns_visual_guide":"","footnotes":""},"class_list":["post-3457","page","type-page","status-publish","hentry"],"acf":[],"yoast_head":"<!-- This site is optimized with the Yoast SEO plugin v27.2 - https:\/\/yoast.com\/product\/yoast-seo-wordpress\/ -->\n<title>Jaunumi un aktu\u0101l\u0101 inform\u0101cija par produktiem - Penosil Latvia<\/title>\n<meta name=\"description\" content=\"Jaunumi un aktu\u0101l\u0101 inform\u0101cija par PENOSIL produktiem, produktu apm\u0101c\u012bb\u0101m un b\u016bvniec\u012bbas izst\u0101d\u0113m, k\u0101 ar\u012b uz\u0146\u0113muma zi\u0146as.\" \/>\n<meta name=\"robots\" content=\"index, follow, max-snippet:-1, max-image-preview:large, max-video-preview:-1\" \/>\n<link rel=\"canonical\" href=\"https:\/\/penosil.com\/lv\/jaunumi\/\" \/>\n<meta property=\"og:locale\" content=\"lv_LV\" \/>\n<meta property=\"og:type\" content=\"article\" \/>\n<meta property=\"og:title\" content=\"Jaunumi un aktu\u0101l\u0101 inform\u0101cija par produktiem - Penosil Latvia\" \/>\n<meta property=\"og:description\" content=\"Jaunumi un aktu\u0101l\u0101 inform\u0101cija par PENOSIL produktiem, produktu apm\u0101c\u012bb\u0101m un b\u016bvniec\u012bbas izst\u0101d\u0113m, k\u0101 ar\u012b uz\u0146\u0113muma zi\u0146as.\" \/>\n<meta property=\"og:url\" content=\"https:\/\/penosil.com\/lv\/jaunumi\/\" \/>\n<meta property=\"og:site_name\" content=\"Penosil Latvia\" \/>\n<meta property=\"article:modified_time\" content=\"2021-02-26T12:54:45+00:00\" \/>\n<meta name=\"twitter:card\" content=\"summary_large_image\" \/>\n<script type=\"application\/ld+json\" class=\"yoast-schema-graph\">{\"@context\":\"https:\/\/schema.org\",\"@graph\":[{\"@type\":\"WebPage\",\"@id\":\"https:\/\/penosil.com\/lv\/jaunumi\/\",\"url\":\"https:\/\/penosil.com\/lv\/jaunumi\/\",\"name\":\"Jaunumi un aktu\u0101l\u0101 inform\u0101cija par produktiem - Penosil Latvia\",\"isPartOf\":{\"@id\":\"https:\/\/penosil.com\/lv\/#website\"},\"datePublished\":\"2019-10-16T20:16:46+00:00\",\"dateModified\":\"2021-02-26T12:54:45+00:00\",\"description\":\"Jaunumi un aktu\u0101l\u0101 inform\u0101cija par PENOSIL produktiem, produktu apm\u0101c\u012bb\u0101m un b\u016bvniec\u012bbas izst\u0101d\u0113m, k\u0101 ar\u012b uz\u0146\u0113muma zi\u0146as.\",\"breadcrumb\":{\"@id\":\"https:\/\/penosil.com\/lv\/jaunumi\/#breadcrumb\"},\"inLanguage\":\"lv-LV\",\"potentialAction\":[{\"@type\":\"ReadAction\",\"target\":[\"https:\/\/penosil.com\/lv\/jaunumi\/\"]}]},{\"@type\":\"BreadcrumbList\",\"@id\":\"https:\/\/penosil.com\/lv\/jaunumi\/#breadcrumb\",\"itemListElement\":[{\"@type\":\"ListItem\",\"position\":1,\"name\":\"S\u0101kums\",\"item\":\"https:\/\/penosil.com\/lv\/\"},{\"@type\":\"ListItem\",\"position\":2,\"name\":\"Jaunumi\"}]},{\"@type\":\"WebSite\",\"@id\":\"https:\/\/penosil.com\/lv\/#website\",\"url\":\"https:\/\/penosil.com\/lv\/\",\"name\":\"Penosil Latvia\",\"description\":\"\",\"potentialAction\":[{\"@type\":\"SearchAction\",\"target\":{\"@type\":\"EntryPoint\",\"urlTemplate\":\"https:\/\/penosil.com\/lv\/?s={search_term_string}\"},\"query-input\":{\"@type\":\"PropertyValueSpecification\",\"valueRequired\":true,\"valueName\":\"search_term_string\"}}],\"inLanguage\":\"lv-LV\"}]}<\/script>\n<!-- \/ Yoast SEO plugin. -->","yoast_head_json":{"title":"Jaunumi un aktu\u0101l\u0101 inform\u0101cija par produktiem - Penosil Latvia","description":"Jaunumi un aktu\u0101l\u0101 inform\u0101cija par PENOSIL produktiem, produktu apm\u0101c\u012bb\u0101m un b\u016bvniec\u012bbas izst\u0101d\u0113m, k\u0101 ar\u012b uz\u0146\u0113muma zi\u0146as.","robots":{"index":"index","follow":"follow","max-snippet":"max-snippet:-1","max-image-preview":"max-image-preview:large","max-video-preview":"max-video-preview:-1"},"canonical":"https:\/\/penosil.com\/lv\/jaunumi\/","og_locale":"lv_LV","og_type":"article","og_title":"Jaunumi un aktu\u0101l\u0101 inform\u0101cija par produktiem - Penosil Latvia","og_description":"Jaunumi un aktu\u0101l\u0101 inform\u0101cija par PENOSIL produktiem, produktu apm\u0101c\u012bb\u0101m un b\u016bvniec\u012bbas izst\u0101d\u0113m, k\u0101 ar\u012b uz\u0146\u0113muma zi\u0146as.","og_url":"https:\/\/penosil.com\/lv\/jaunumi\/","og_site_name":"Penosil Latvia","article_modified_time":"2021-02-26T12:54:45+00:00","twitter_card":"summary_large_image","schema":{"@context":"https:\/\/schema.org","@graph":[{"@type":"WebPage","@id":"https:\/\/penosil.com\/lv\/jaunumi\/","url":"https:\/\/penosil.com\/lv\/jaunumi\/","name":"Jaunumi un aktu\u0101l\u0101 inform\u0101cija par produktiem - Penosil Latvia","isPartOf":{"@id":"https:\/\/penosil.com\/lv\/#website"},"datePublished":"2019-10-16T20:16:46+00:00","dateModified":"2021-02-26T12:54:45+00:00","description":"Jaunumi un aktu\u0101l\u0101 inform\u0101cija par PENOSIL produktiem, produktu apm\u0101c\u012bb\u0101m un b\u016bvniec\u012bbas izst\u0101d\u0113m, k\u0101 ar\u012b uz\u0146\u0113muma zi\u0146as.","breadcrumb":{"@id":"https:\/\/penosil.com\/lv\/jaunumi\/#breadcrumb"},"inLanguage":"lv-LV","potentialAction":[{"@type":"ReadAction","target":["https:\/\/penosil.com\/lv\/jaunumi\/"]}]},{"@type":"BreadcrumbList","@id":"https:\/\/penosil.com\/lv\/jaunumi\/#breadcrumb","itemListElement":[{"@type":"ListItem","position":1,"name":"S\u0101kums","item":"https:\/\/penosil.com\/lv\/"},{"@type":"ListItem","position":2,"name":"Jaunumi"}]},{"@type":"WebSite","@id":"https:\/\/penosil.com\/lv\/#website","url":"https:\/\/penosil.com\/lv\/","name":"Penosil Latvia","description":"","potentialAction":[{"@type":"SearchAction","target":{"@type":"EntryPoint","urlTemplate":"https:\/\/penosil.com\/lv\/?s={search_term_string}"},"query-input":{"@type":"PropertyValueSpecification","valueRequired":true,"valueName":"search_term_string"}}],"inLanguage":"lv-LV"}]}},"coauthors":[],"author_meta":{"author_link":"https:\/\/penosil.com\/lv\/author\/reaktiiv-pe\/","display_name":"reaktiiv-pe"},"relative_dates":{"created":"Posted 7 years ago","modified":"Updated 5 years ago"},"absolute_dates":{"created":"Posted on October 16, 2019","modified":"Updated on February 26, 2021"},"absolute_dates_time":{"created":"Posted on October 16, 2019 8:16 pm","modified":"Updated on February 26, 2021 12:54 pm"},"featured_img_caption":"","featured_img":false,"series_order":"","_links":{"self":[{"href":"https:\/\/penosil.com\/lv\/wp-json\/wp\/v2\/pages\/3457","targetHints":{"allow":["GET"]}}],"collection":[{"href":"https:\/\/penosil.com\/lv\/wp-json\/wp\/v2\/pages"}],"about":[{"href":"https:\/\/penosil.com\/lv\/wp-json\/wp\/v2\/types\/page"}],"author":[{"embeddable":true,"href":"https:\/\/penosil.com\/lv\/wp-json\/wp\/v2\/users\/1"}],"replies":[{"embeddable":true,"href":"https:\/\/penosil.com\/lv\/wp-json\/wp\/v2\/comments?post=3457"}],"version-history":[{"count":3,"href":"https:\/\/penosil.com\/lv\/wp-json\/wp\/v2\/pages\/3457\/revisions"}],"predecessor-version":[{"id":27549,"href":"https:\/\/penosil.com\/lv\/wp-json\/wp\/v2\/pages\/3457\/revisions\/27549"}],"wp:attachment":[{"href":"https:\/\/penosil.com\/lv\/wp-json\/wp\/v2\/media?parent=3457"}],"curies":[{"name":"wp","href":"https:\/\/api.w.org\/{rel}","templated":true}]}}