{"id":3470,"date":"2019-08-01T13:07:04","date_gmt":"2019-08-01T13:07:04","guid":{"rendered":"https:\/\/penosil.com\/lv\/calculate-the-amount-of-polyurethane-adhesive\/"},"modified":"2020-10-20T06:51:51","modified_gmt":"2020-10-20T06:51:51","slug":"calculate-the-amount-of-polyurethane-adhesive","status":"publish","type":"page","link":"https:\/\/penosil.com\/lv\/zinibu-centrs\/calculators\/calculate-the-amount-of-polyurethane-adhesive\/","title":{"rendered":"L\u012bm\u0113jo\u0161o putu pat\u0113ri\u0146a kalkulators"},"content":{"rendered":"<div id=\"pnsl-calculator-block_5d43e7b6fda80\" class=\"pnsl-calculator-block polyurethane-adhesive-amount-calculator\">\n   <div class=\"calculator-part\">\n\n      <div class=\"calculator-part-title\">\n         <h4 class=\"mb12\">Pl\u0101ksnes un virsmas izm\u0113ri<\/h4>\n                     <p>Kalkulators \u0146em v\u0113r\u0101 maksim\u0101lo pamatnes pielaidi 8 mm.<\/p>\n               <\/div>\n\n      <div class=\"calculator-part-inputs d-flex align-items-center flex-wrap\">\n\n         <div class=\"calculator-input mr32\">\n            <label for=\"board-length\" class=\"input-label\">Pl\u0101ksnes garums<\/label>\n            <div class=\"input-field\">\n               <input type=\"number\" name=\"poly-adhesive-amount-board-length\">\n               <span class=\"unit\">mm<\/span>\n            <\/div>\n         <\/div>\n\n         <div class=\"calculator-input mr32\">\n            <label for=\"board-width\" class=\"input-label\">Pl\u0101ksnes platums<\/label>\n            <div class=\"input-field\">\n               <input type=\"number\" name=\"poly-adhesive-amount-board-width\">\n               <span class=\"unit\">mm<\/span>\n            <\/div>\n         <\/div>\n\n         <div class=\"calculator-input\">\n            <label for=\"surface-area\" class=\"input-label\">Virsmas laukums<\/label>\n            <div class=\"input-field\">\n               <input type=\"number\" name=\"poly-adhesive-amount-surface-area\" value=\"1\">\n               <span class=\"unit\">m<sup>2<\/sup><\/span>\n            <\/div>\n         <\/div>\n\n      <\/div>\n   <\/div>\n\n   <div class=\"calculator-output\">\n      <div class=\"output-block output-full d-flex flex-wrap\">\n         <div class=\"output-title w100\">\n            <span>Baloni<\/span>\n         <\/div>\n         <div class=\"output-result w100\" id=\"poly-adhesive-amount-nr-balloons\">\n            0\n         <\/div>\n      <\/div>\n   <\/div>\n<\/div>","protected":false},"excerpt":{"rendered":"","protected":false},"author":1,"featured_media":0,"parent":3498,"menu_order":2,"comment_status":"closed","ping_status":"closed","template":"page-templates\/template-calculators.php","meta":{"_acf_changed":false,"advgb_blocks_editor_width":"","advgb_blocks_columns_visual_guide":"","footnotes":""},"class_list":["post-3470","page","type-page","status-publish","hentry"],"acf":[],"yoast_head":"<!-- This site is optimized with the Yoast SEO plugin v27.4 - https:\/\/yoast.com\/product\/yoast-seo-wordpress\/ -->\n<title>L\u012bm\u0113jo\u0161o putu pat\u0113ri\u0146a kalkulators - Penosil Latvia<\/title>\n<meta name=\"robots\" content=\"index, follow, max-snippet:-1, max-image-preview:large, max-video-preview:-1\" \/>\n<link rel=\"canonical\" href=\"https:\/\/penosil.com\/lv\/zinibu-centrs\/calculators\/calculate-the-amount-of-polyurethane-adhesive\/\" \/>\n<meta property=\"og:locale\" content=\"lv_LV\" \/>\n<meta property=\"og:type\" content=\"article\" \/>\n<meta property=\"og:title\" content=\"L\u012bm\u0113jo\u0161o putu pat\u0113ri\u0146a kalkulators - Penosil Latvia\" \/>\n<meta property=\"og:url\" content=\"https:\/\/penosil.com\/lv\/zinibu-centrs\/calculators\/calculate-the-amount-of-polyurethane-adhesive\/\" \/>\n<meta property=\"og:site_name\" content=\"Penosil Latvia\" \/>\n<meta property=\"article:modified_time\" content=\"2020-10-20T06:51:51+00:00\" \/>\n<meta name=\"twitter:card\" content=\"summary_large_image\" \/>\n<script type=\"application\/ld+json\" class=\"yoast-schema-graph\">{\"@context\":\"https:\\\/\\\/schema.org\",\"@graph\":[{\"@type\":\"WebPage\",\"@id\":\"https:\\\/\\\/penosil.com\\\/lv\\\/zinibu-centrs\\\/calculators\\\/calculate-the-amount-of-polyurethane-adhesive\\\/\",\"url\":\"https:\\\/\\\/penosil.com\\\/lv\\\/zinibu-centrs\\\/calculators\\\/calculate-the-amount-of-polyurethane-adhesive\\\/\",\"name\":\"L\u012bm\u0113jo\u0161o putu pat\u0113ri\u0146a kalkulators - Penosil Latvia\",\"isPartOf\":{\"@id\":\"https:\\\/\\\/penosil.com\\\/lv\\\/#website\"},\"datePublished\":\"2019-08-01T13:07:04+00:00\",\"dateModified\":\"2020-10-20T06:51:51+00:00\",\"breadcrumb\":{\"@id\":\"https:\\\/\\\/penosil.com\\\/lv\\\/zinibu-centrs\\\/calculators\\\/calculate-the-amount-of-polyurethane-adhesive\\\/#breadcrumb\"},\"inLanguage\":\"lv-LV\",\"potentialAction\":[{\"@type\":\"ReadAction\",\"target\":[\"https:\\\/\\\/penosil.com\\\/lv\\\/zinibu-centrs\\\/calculators\\\/calculate-the-amount-of-polyurethane-adhesive\\\/\"]}]},{\"@type\":\"BreadcrumbList\",\"@id\":\"https:\\\/\\\/penosil.com\\\/lv\\\/zinibu-centrs\\\/calculators\\\/calculate-the-amount-of-polyurethane-adhesive\\\/#breadcrumb\",\"itemListElement\":[{\"@type\":\"ListItem\",\"position\":1,\"name\":\"S\u0101kums\",\"item\":\"https:\\\/\\\/penosil.com\\\/lv\\\/\"},{\"@type\":\"ListItem\",\"position\":2,\"name\":\"Zin\u012bbu centrs\",\"item\":\"https:\\\/\\\/penosil.com\\\/lv\\\/zinibu-centrs\\\/\"},{\"@type\":\"ListItem\",\"position\":3,\"name\":\"Kalkulatori\",\"item\":\"https:\\\/\\\/penosil.com\\\/lv\\\/zinibu-centrs\\\/calculators\\\/\"},{\"@type\":\"ListItem\",\"position\":4,\"name\":\"L\u012bm\u0113jo\u0161o putu pat\u0113ri\u0146a kalkulators\"}]},{\"@type\":\"WebSite\",\"@id\":\"https:\\\/\\\/penosil.com\\\/lv\\\/#website\",\"url\":\"https:\\\/\\\/penosil.com\\\/lv\\\/\",\"name\":\"Penosil Latvia\",\"description\":\"\",\"potentialAction\":[{\"@type\":\"SearchAction\",\"target\":{\"@type\":\"EntryPoint\",\"urlTemplate\":\"https:\\\/\\\/penosil.com\\\/lv\\\/?s={search_term_string}\"},\"query-input\":{\"@type\":\"PropertyValueSpecification\",\"valueRequired\":true,\"valueName\":\"search_term_string\"}}],\"inLanguage\":\"lv-LV\"}]}<\/script>\n<!-- \/ Yoast SEO plugin. -->","yoast_head_json":{"title":"L\u012bm\u0113jo\u0161o putu pat\u0113ri\u0146a kalkulators - Penosil Latvia","robots":{"index":"index","follow":"follow","max-snippet":"max-snippet:-1","max-image-preview":"max-image-preview:large","max-video-preview":"max-video-preview:-1"},"canonical":"https:\/\/penosil.com\/lv\/zinibu-centrs\/calculators\/calculate-the-amount-of-polyurethane-adhesive\/","og_locale":"lv_LV","og_type":"article","og_title":"L\u012bm\u0113jo\u0161o putu pat\u0113ri\u0146a kalkulators - Penosil Latvia","og_url":"https:\/\/penosil.com\/lv\/zinibu-centrs\/calculators\/calculate-the-amount-of-polyurethane-adhesive\/","og_site_name":"Penosil Latvia","article_modified_time":"2020-10-20T06:51:51+00:00","twitter_card":"summary_large_image","schema":{"@context":"https:\/\/schema.org","@graph":[{"@type":"WebPage","@id":"https:\/\/penosil.com\/lv\/zinibu-centrs\/calculators\/calculate-the-amount-of-polyurethane-adhesive\/","url":"https:\/\/penosil.com\/lv\/zinibu-centrs\/calculators\/calculate-the-amount-of-polyurethane-adhesive\/","name":"L\u012bm\u0113jo\u0161o putu pat\u0113ri\u0146a kalkulators - Penosil Latvia","isPartOf":{"@id":"https:\/\/penosil.com\/lv\/#website"},"datePublished":"2019-08-01T13:07:04+00:00","dateModified":"2020-10-20T06:51:51+00:00","breadcrumb":{"@id":"https:\/\/penosil.com\/lv\/zinibu-centrs\/calculators\/calculate-the-amount-of-polyurethane-adhesive\/#breadcrumb"},"inLanguage":"lv-LV","potentialAction":[{"@type":"ReadAction","target":["https:\/\/penosil.com\/lv\/zinibu-centrs\/calculators\/calculate-the-amount-of-polyurethane-adhesive\/"]}]},{"@type":"BreadcrumbList","@id":"https:\/\/penosil.com\/lv\/zinibu-centrs\/calculators\/calculate-the-amount-of-polyurethane-adhesive\/#breadcrumb","itemListElement":[{"@type":"ListItem","position":1,"name":"S\u0101kums","item":"https:\/\/penosil.com\/lv\/"},{"@type":"ListItem","position":2,"name":"Zin\u012bbu centrs","item":"https:\/\/penosil.com\/lv\/zinibu-centrs\/"},{"@type":"ListItem","position":3,"name":"Kalkulatori","item":"https:\/\/penosil.com\/lv\/zinibu-centrs\/calculators\/"},{"@type":"ListItem","position":4,"name":"L\u012bm\u0113jo\u0161o putu pat\u0113ri\u0146a kalkulators"}]},{"@type":"WebSite","@id":"https:\/\/penosil.com\/lv\/#website","url":"https:\/\/penosil.com\/lv\/","name":"Penosil Latvia","description":"","potentialAction":[{"@type":"SearchAction","target":{"@type":"EntryPoint","urlTemplate":"https:\/\/penosil.com\/lv\/?s={search_term_string}"},"query-input":{"@type":"PropertyValueSpecification","valueRequired":true,"valueName":"search_term_string"}}],"inLanguage":"lv-LV"}]}},"coauthors":[],"author_meta":{"author_link":"https:\/\/penosil.com\/lv\/author\/reaktiiv-pe\/","display_name":"reaktiiv-pe"},"relative_dates":{"created":"Posted 7 years ago","modified":"Updated 6 years ago"},"absolute_dates":{"created":"Posted on August 1, 2019","modified":"Updated on October 20, 2020"},"absolute_dates_time":{"created":"Posted on August 1, 2019 1:07 pm","modified":"Updated on October 20, 2020 6:51 am"},"featured_img_caption":"","featured_img":false,"series_order":"","_links":{"self":[{"href":"https:\/\/penosil.com\/lv\/wp-json\/wp\/v2\/pages\/3470","targetHints":{"allow":["GET"]}}],"collection":[{"href":"https:\/\/penosil.com\/lv\/wp-json\/wp\/v2\/pages"}],"about":[{"href":"https:\/\/penosil.com\/lv\/wp-json\/wp\/v2\/types\/page"}],"author":[{"embeddable":true,"href":"https:\/\/penosil.com\/lv\/wp-json\/wp\/v2\/users\/1"}],"replies":[{"embeddable":true,"href":"https:\/\/penosil.com\/lv\/wp-json\/wp\/v2\/comments?post=3470"}],"version-history":[{"count":4,"href":"https:\/\/penosil.com\/lv\/wp-json\/wp\/v2\/pages\/3470\/revisions"}],"predecessor-version":[{"id":27457,"href":"https:\/\/penosil.com\/lv\/wp-json\/wp\/v2\/pages\/3470\/revisions\/27457"}],"up":[{"embeddable":true,"href":"https:\/\/penosil.com\/lv\/wp-json\/wp\/v2\/pages\/3498"}],"wp:attachment":[{"href":"https:\/\/penosil.com\/lv\/wp-json\/wp\/v2\/media?parent=3470"}],"curies":[{"name":"wp","href":"https:\/\/api.w.org\/{rel}","templated":true}]}}