{"id":3488,"date":"2019-08-01T13:04:38","date_gmt":"2019-08-01T13:04:38","guid":{"rendered":"https:\/\/penosil.com\/lv\/stone-adhesive-consumption-calculator\/"},"modified":"2021-03-23T13:55:36","modified_gmt":"2021-03-23T13:55:36","slug":"stone-adhesive-consumption-calculator","status":"publish","type":"page","link":"https:\/\/penosil.com\/lv\/zinibu-centrs\/calculators\/stone-adhesive-consumption-calculator\/","title":{"rendered":"Akmens l\u012bmes pat\u0113ri\u0146a kalkulators"},"content":{"rendered":"<div id=\"pnsl-calculator-block_5d42ef2d5760b\" class=\"pnsl-calculator-block stone-adhesive-calculator\">\n   <div class=\"calculator-part\">\n      <div class=\"calculator-part-title\">\n         <h4>\u0136ie\u0123e\u013cu izm\u0113ri<\/h4>\n      <\/div>\n\n      <div class=\"calculator-part-inputs d-flex align-items-center flex-wrap\">\n\n         <div class=\"calculator-input\">\n            <label for=\"brick-thickness\" class=\"input-label\">Biezums<\/label>\n            <div class=\"input-field\">\n               <input type=\"number\" name=\"stone-consumption-brick-thickness\">\n               <span class=\"unit\">mm<\/span>\n            <\/div>\n         <\/div>\n\n         <div class=\"calculator-separator\">x<\/div>\n\n         <div class=\"calculator-input\">\n            <label for=\"brick-length\" class=\"input-label\">Garums<\/label>\n            <div class=\"input-field\">\n               <input type=\"number\" name=\"stone-consumption-brick-length\">\n               <span class=\"unit\">mm<\/span>\n            <\/div>\n         <\/div>\n\n         <div class=\"calculator-separator\">x<\/div>\n\n         <div class=\"calculator-input\">\n            <label for=\"brick-height\" class=\"input-label\">Augstums<\/label>\n            <div class=\"input-field\">\n               <input type=\"number\" name=\"stone-consumption-brick-height\">\n               <span class=\"unit\">mm<\/span>\n            <\/div>\n         <\/div>\n      <\/div>\n   <\/div>\n\n   <div class=\"calculator-part\">\n      <div class=\"calculator-part-title\">\n         <h4>Sienas izm\u0113ri<\/h4>\n      <\/div>\n\n      <div class=\"calculator-part-inputs d-flex align-items-center flex-wrap\">\n\n         <div class=\"calculator-input\">\n            <label for=\"wall-height\" class=\"input-label\">Augstums<\/label>\n            <div class=\"input-field\">\n               <input type=\"number\" name=\"stone-consumption-wall-height\" onchange=\"this.value = this.value.replace(\/,\/g, '.')\">\n               <span class=\"unit\">m<\/span>\n            <\/div>\n         <\/div>\n\n         <div class=\"calculator-separator\">x<\/div>\n\n         <div class=\"calculator-input\">\n            <label for=\"wall-width\" class=\"input-label\">Platums<\/label>\n            <div class=\"input-field\">\n               <input type=\"number\" name=\"stone-consumption-wall-width\" onchange=\"this.value = this.value.replace(\/,\/g, '.')\">\n               <span class=\"unit\">m<\/span>\n            <\/div>\n         <\/div>\n\n      <\/div>\n   <\/div>\n\n   <div class=\"calculator-output\">\n      <div class=\"output-block output-side d-flex flex-wrap\">\n         <div class=\"output-title w100\">\n            <span>Bloku skaits<\/span>\n         <\/div>\n         <div class=\"output-result w100\" id=\"stone-consumption-nr-blocks\">\n            0\n         <\/div>\n      <\/div>\n\n      <div class=\"output-block output-side d-flex flex-wrap\">\n         <div class=\"output-title w100\">\n            <span>Baloni<\/span>\n         <\/div>\n         <div class=\"output-result w100\" id=\"stone-consumption-nr-cans\">\n            0\n         <\/div>\n      <\/div>\n   <\/div>\n<\/div>","protected":false},"excerpt":{"rendered":"","protected":false},"author":1,"featured_media":0,"parent":3498,"menu_order":0,"comment_status":"closed","ping_status":"closed","template":"page-templates\/template-calculators.php","meta":{"_acf_changed":false,"advgb_blocks_editor_width":"","advgb_blocks_columns_visual_guide":"","footnotes":""},"class_list":["post-3488","page","type-page","status-publish","hentry"],"acf":[],"yoast_head":"<!-- This site is optimized with the Yoast SEO plugin v27.4 - https:\/\/yoast.com\/product\/yoast-seo-wordpress\/ -->\n<title>Akmens l\u012bmes pat\u0113ri\u0146a kalkulators - Penosil Latvia<\/title>\n<meta name=\"description\" content=\"Akmens l\u012bmes pat\u0113ri\u0146a kalkulators - apr\u0113\u0137iniet, cik daudz putu l\u012bmes jums b\u016bs nepiecie\u0161ams. Dom\u0101jiet za\u013ci un s\u0101ciet r\u0113\u0137in\u0101t!\" \/>\n<meta name=\"robots\" content=\"index, follow, max-snippet:-1, max-image-preview:large, max-video-preview:-1\" \/>\n<link rel=\"canonical\" href=\"https:\/\/penosil.com\/lv\/zinibu-centrs\/calculators\/stone-adhesive-consumption-calculator\/\" \/>\n<meta property=\"og:locale\" content=\"lv_LV\" \/>\n<meta property=\"og:type\" content=\"article\" \/>\n<meta property=\"og:title\" content=\"Akmens l\u012bmes pat\u0113ri\u0146a kalkulators - Penosil Latvia\" \/>\n<meta property=\"og:description\" content=\"Akmens l\u012bmes pat\u0113ri\u0146a kalkulators - apr\u0113\u0137iniet, cik daudz putu l\u012bmes jums b\u016bs nepiecie\u0161ams. Dom\u0101jiet za\u013ci un s\u0101ciet r\u0113\u0137in\u0101t!\" \/>\n<meta property=\"og:url\" content=\"https:\/\/penosil.com\/lv\/zinibu-centrs\/calculators\/stone-adhesive-consumption-calculator\/\" \/>\n<meta property=\"og:site_name\" content=\"Penosil Latvia\" \/>\n<meta property=\"article:modified_time\" content=\"2021-03-23T13:55:36+00:00\" \/>\n<meta name=\"twitter:card\" content=\"summary_large_image\" \/>\n<script type=\"application\/ld+json\" class=\"yoast-schema-graph\">{\"@context\":\"https:\\\/\\\/schema.org\",\"@graph\":[{\"@type\":\"WebPage\",\"@id\":\"https:\\\/\\\/penosil.com\\\/lv\\\/zinibu-centrs\\\/calculators\\\/stone-adhesive-consumption-calculator\\\/\",\"url\":\"https:\\\/\\\/penosil.com\\\/lv\\\/zinibu-centrs\\\/calculators\\\/stone-adhesive-consumption-calculator\\\/\",\"name\":\"Akmens l\u012bmes pat\u0113ri\u0146a kalkulators - Penosil Latvia\",\"isPartOf\":{\"@id\":\"https:\\\/\\\/penosil.com\\\/lv\\\/#website\"},\"datePublished\":\"2019-08-01T13:04:38+00:00\",\"dateModified\":\"2021-03-23T13:55:36+00:00\",\"description\":\"Akmens l\u012bmes pat\u0113ri\u0146a kalkulators - apr\u0113\u0137iniet, cik daudz putu l\u012bmes jums b\u016bs nepiecie\u0161ams. Dom\u0101jiet za\u013ci un s\u0101ciet r\u0113\u0137in\u0101t!\",\"breadcrumb\":{\"@id\":\"https:\\\/\\\/penosil.com\\\/lv\\\/zinibu-centrs\\\/calculators\\\/stone-adhesive-consumption-calculator\\\/#breadcrumb\"},\"inLanguage\":\"lv-LV\",\"potentialAction\":[{\"@type\":\"ReadAction\",\"target\":[\"https:\\\/\\\/penosil.com\\\/lv\\\/zinibu-centrs\\\/calculators\\\/stone-adhesive-consumption-calculator\\\/\"]}]},{\"@type\":\"BreadcrumbList\",\"@id\":\"https:\\\/\\\/penosil.com\\\/lv\\\/zinibu-centrs\\\/calculators\\\/stone-adhesive-consumption-calculator\\\/#breadcrumb\",\"itemListElement\":[{\"@type\":\"ListItem\",\"position\":1,\"name\":\"S\u0101kums\",\"item\":\"https:\\\/\\\/penosil.com\\\/lv\\\/\"},{\"@type\":\"ListItem\",\"position\":2,\"name\":\"Zin\u012bbu centrs\",\"item\":\"https:\\\/\\\/penosil.com\\\/lv\\\/zinibu-centrs\\\/\"},{\"@type\":\"ListItem\",\"position\":3,\"name\":\"Kalkulatori\",\"item\":\"https:\\\/\\\/penosil.com\\\/lv\\\/zinibu-centrs\\\/calculators\\\/\"},{\"@type\":\"ListItem\",\"position\":4,\"name\":\"Akmens l\u012bmes pat\u0113ri\u0146a kalkulators\"}]},{\"@type\":\"WebSite\",\"@id\":\"https:\\\/\\\/penosil.com\\\/lv\\\/#website\",\"url\":\"https:\\\/\\\/penosil.com\\\/lv\\\/\",\"name\":\"Penosil Latvia\",\"description\":\"\",\"potentialAction\":[{\"@type\":\"SearchAction\",\"target\":{\"@type\":\"EntryPoint\",\"urlTemplate\":\"https:\\\/\\\/penosil.com\\\/lv\\\/?s={search_term_string}\"},\"query-input\":{\"@type\":\"PropertyValueSpecification\",\"valueRequired\":true,\"valueName\":\"search_term_string\"}}],\"inLanguage\":\"lv-LV\"}]}<\/script>\n<!-- \/ Yoast SEO plugin. -->","yoast_head_json":{"title":"Akmens l\u012bmes pat\u0113ri\u0146a kalkulators - Penosil Latvia","description":"Akmens l\u012bmes pat\u0113ri\u0146a kalkulators - apr\u0113\u0137iniet, cik daudz putu l\u012bmes jums b\u016bs nepiecie\u0161ams. Dom\u0101jiet za\u013ci un s\u0101ciet r\u0113\u0137in\u0101t!","robots":{"index":"index","follow":"follow","max-snippet":"max-snippet:-1","max-image-preview":"max-image-preview:large","max-video-preview":"max-video-preview:-1"},"canonical":"https:\/\/penosil.com\/lv\/zinibu-centrs\/calculators\/stone-adhesive-consumption-calculator\/","og_locale":"lv_LV","og_type":"article","og_title":"Akmens l\u012bmes pat\u0113ri\u0146a kalkulators - Penosil Latvia","og_description":"Akmens l\u012bmes pat\u0113ri\u0146a kalkulators - apr\u0113\u0137iniet, cik daudz putu l\u012bmes jums b\u016bs nepiecie\u0161ams. Dom\u0101jiet za\u013ci un s\u0101ciet r\u0113\u0137in\u0101t!","og_url":"https:\/\/penosil.com\/lv\/zinibu-centrs\/calculators\/stone-adhesive-consumption-calculator\/","og_site_name":"Penosil Latvia","article_modified_time":"2021-03-23T13:55:36+00:00","twitter_card":"summary_large_image","schema":{"@context":"https:\/\/schema.org","@graph":[{"@type":"WebPage","@id":"https:\/\/penosil.com\/lv\/zinibu-centrs\/calculators\/stone-adhesive-consumption-calculator\/","url":"https:\/\/penosil.com\/lv\/zinibu-centrs\/calculators\/stone-adhesive-consumption-calculator\/","name":"Akmens l\u012bmes pat\u0113ri\u0146a kalkulators - Penosil Latvia","isPartOf":{"@id":"https:\/\/penosil.com\/lv\/#website"},"datePublished":"2019-08-01T13:04:38+00:00","dateModified":"2021-03-23T13:55:36+00:00","description":"Akmens l\u012bmes pat\u0113ri\u0146a kalkulators - apr\u0113\u0137iniet, cik daudz putu l\u012bmes jums b\u016bs nepiecie\u0161ams. Dom\u0101jiet za\u013ci un s\u0101ciet r\u0113\u0137in\u0101t!","breadcrumb":{"@id":"https:\/\/penosil.com\/lv\/zinibu-centrs\/calculators\/stone-adhesive-consumption-calculator\/#breadcrumb"},"inLanguage":"lv-LV","potentialAction":[{"@type":"ReadAction","target":["https:\/\/penosil.com\/lv\/zinibu-centrs\/calculators\/stone-adhesive-consumption-calculator\/"]}]},{"@type":"BreadcrumbList","@id":"https:\/\/penosil.com\/lv\/zinibu-centrs\/calculators\/stone-adhesive-consumption-calculator\/#breadcrumb","itemListElement":[{"@type":"ListItem","position":1,"name":"S\u0101kums","item":"https:\/\/penosil.com\/lv\/"},{"@type":"ListItem","position":2,"name":"Zin\u012bbu centrs","item":"https:\/\/penosil.com\/lv\/zinibu-centrs\/"},{"@type":"ListItem","position":3,"name":"Kalkulatori","item":"https:\/\/penosil.com\/lv\/zinibu-centrs\/calculators\/"},{"@type":"ListItem","position":4,"name":"Akmens l\u012bmes pat\u0113ri\u0146a kalkulators"}]},{"@type":"WebSite","@id":"https:\/\/penosil.com\/lv\/#website","url":"https:\/\/penosil.com\/lv\/","name":"Penosil Latvia","description":"","potentialAction":[{"@type":"SearchAction","target":{"@type":"EntryPoint","urlTemplate":"https:\/\/penosil.com\/lv\/?s={search_term_string}"},"query-input":{"@type":"PropertyValueSpecification","valueRequired":true,"valueName":"search_term_string"}}],"inLanguage":"lv-LV"}]}},"coauthors":[],"author_meta":{"author_link":"https:\/\/penosil.com\/lv\/author\/reaktiiv-pe\/","display_name":"reaktiiv-pe"},"relative_dates":{"created":"Posted 7 years ago","modified":"Updated 5 years ago"},"absolute_dates":{"created":"Posted on August 1, 2019","modified":"Updated on March 23, 2021"},"absolute_dates_time":{"created":"Posted on August 1, 2019 1:04 pm","modified":"Updated on March 23, 2021 1:55 pm"},"featured_img_caption":"","featured_img":false,"series_order":"","_links":{"self":[{"href":"https:\/\/penosil.com\/lv\/wp-json\/wp\/v2\/pages\/3488","targetHints":{"allow":["GET"]}}],"collection":[{"href":"https:\/\/penosil.com\/lv\/wp-json\/wp\/v2\/pages"}],"about":[{"href":"https:\/\/penosil.com\/lv\/wp-json\/wp\/v2\/types\/page"}],"author":[{"embeddable":true,"href":"https:\/\/penosil.com\/lv\/wp-json\/wp\/v2\/users\/1"}],"replies":[{"embeddable":true,"href":"https:\/\/penosil.com\/lv\/wp-json\/wp\/v2\/comments?post=3488"}],"version-history":[{"count":2,"href":"https:\/\/penosil.com\/lv\/wp-json\/wp\/v2\/pages\/3488\/revisions"}],"predecessor-version":[{"id":9970,"href":"https:\/\/penosil.com\/lv\/wp-json\/wp\/v2\/pages\/3488\/revisions\/9970"}],"up":[{"embeddable":true,"href":"https:\/\/penosil.com\/lv\/wp-json\/wp\/v2\/pages\/3498"}],"wp:attachment":[{"href":"https:\/\/penosil.com\/lv\/wp-json\/wp\/v2\/media?parent=3488"}],"curies":[{"name":"wp","href":"https:\/\/api.w.org\/{rel}","templated":true}]}}