{"id":3509,"date":"2019-07-25T08:21:57","date_gmt":"2019-07-25T08:21:57","guid":{"rendered":"https:\/\/penosil.com\/lv\/homepage\/"},"modified":"2026-04-20T06:17:26","modified_gmt":"2026-04-20T06:17:26","slug":"sakums","status":"publish","type":"page","link":"https:\/\/penosil.com\/lv\/","title":{"rendered":"S\u0101kums"},"content":{"rendered":"","protected":false},"excerpt":{"rendered":"","protected":false},"author":1,"featured_media":0,"parent":0,"menu_order":0,"comment_status":"closed","ping_status":"closed","template":"","meta":{"_acf_changed":false,"advgb_blocks_editor_width":"","advgb_blocks_columns_visual_guide":"","footnotes":""},"class_list":["post-3509","page","type-page","status-publish","hentry"],"acf":[],"yoast_head":"<!-- This site is optimized with the Yoast SEO plugin v27.4 - https:\/\/yoast.com\/product\/yoast-seo-wordpress\/ -->\n<title>PENOSIL mont\u0101\u017eas putas, herm\u0113ti\u0137i, l\u012bmes un cita b\u016bv\u0137\u012bmija.<\/title>\n<meta name=\"description\" content=\"Ieg\u016bstiet nepiecie\u0161amo inform\u0101ciju par PENOSIL produktiem un to lieto\u0161anu, k\u0101 ar\u012b uz\u0146\u0113muma, grupas un nozares jaunumiem.\" \/>\n<meta name=\"robots\" content=\"index, follow, max-snippet:-1, max-image-preview:large, max-video-preview:-1\" \/>\n<link rel=\"canonical\" href=\"https:\/\/penosil.com\/lv\/\" \/>\n<meta property=\"og:locale\" content=\"lv_LV\" \/>\n<meta property=\"og:type\" content=\"article\" \/>\n<meta property=\"og:title\" content=\"PENOSIL mont\u0101\u017eas putas, herm\u0113ti\u0137i, l\u012bmes un cita b\u016bv\u0137\u012bmija.\" \/>\n<meta property=\"og:description\" content=\"Ieg\u016bstiet nepiecie\u0161amo inform\u0101ciju par PENOSIL produktiem un to lieto\u0161anu, k\u0101 ar\u012b uz\u0146\u0113muma, grupas un nozares jaunumiem.\" \/>\n<meta property=\"og:url\" content=\"https:\/\/penosil.com\/lv\/\" \/>\n<meta property=\"og:site_name\" content=\"Penosil Latvia\" \/>\n<meta property=\"article:modified_time\" content=\"2026-04-20T06:17:26+00:00\" \/>\n<meta name=\"twitter:card\" content=\"summary_large_image\" \/>\n<meta name=\"twitter:label1\" content=\"Est. reading time\" \/>\n\t<meta name=\"twitter:data1\" content=\"3 minutes\" \/>\n<script type=\"application\/ld+json\" class=\"yoast-schema-graph\">{\"@context\":\"https:\\\/\\\/schema.org\",\"@graph\":[{\"@type\":\"WebPage\",\"@id\":\"https:\\\/\\\/penosil.com\\\/lv\\\/\",\"url\":\"https:\\\/\\\/penosil.com\\\/lv\\\/\",\"name\":\"PENOSIL mont\u0101\u017eas putas, herm\u0113ti\u0137i, l\u012bmes un cita b\u016bv\u0137\u012bmija.\",\"isPartOf\":{\"@id\":\"https:\\\/\\\/penosil.com\\\/lv\\\/#website\"},\"datePublished\":\"2019-07-25T08:21:57+00:00\",\"dateModified\":\"2026-04-20T06:17:26+00:00\",\"description\":\"Ieg\u016bstiet nepiecie\u0161amo inform\u0101ciju par PENOSIL produktiem un to lieto\u0161anu, k\u0101 ar\u012b uz\u0146\u0113muma, grupas un nozares jaunumiem.\",\"breadcrumb\":{\"@id\":\"https:\\\/\\\/penosil.com\\\/lv\\\/#breadcrumb\"},\"inLanguage\":\"lv-LV\",\"potentialAction\":[{\"@type\":\"ReadAction\",\"target\":[\"https:\\\/\\\/penosil.com\\\/lv\\\/\"]}]},{\"@type\":\"BreadcrumbList\",\"@id\":\"https:\\\/\\\/penosil.com\\\/lv\\\/#breadcrumb\",\"itemListElement\":[{\"@type\":\"ListItem\",\"position\":1,\"name\":\"S\u0101kums\",\"item\":\"https:\\\/\\\/penosil.com\\\/lv\\\/\"},{\"@type\":\"ListItem\",\"position\":2,\"name\":\"S\u0101kums\"}]},{\"@type\":\"WebSite\",\"@id\":\"https:\\\/\\\/penosil.com\\\/lv\\\/#website\",\"url\":\"https:\\\/\\\/penosil.com\\\/lv\\\/\",\"name\":\"Penosil Latvia\",\"description\":\"\",\"potentialAction\":[{\"@type\":\"SearchAction\",\"target\":{\"@type\":\"EntryPoint\",\"urlTemplate\":\"https:\\\/\\\/penosil.com\\\/lv\\\/?s={search_term_string}\"},\"query-input\":{\"@type\":\"PropertyValueSpecification\",\"valueRequired\":true,\"valueName\":\"search_term_string\"}}],\"inLanguage\":\"lv-LV\"}]}<\/script>\n<!-- \/ Yoast SEO plugin. -->","yoast_head_json":{"title":"PENOSIL mont\u0101\u017eas putas, herm\u0113ti\u0137i, l\u012bmes un cita b\u016bv\u0137\u012bmija.","description":"Ieg\u016bstiet nepiecie\u0161amo inform\u0101ciju par PENOSIL produktiem un to lieto\u0161anu, k\u0101 ar\u012b uz\u0146\u0113muma, grupas un nozares jaunumiem.","robots":{"index":"index","follow":"follow","max-snippet":"max-snippet:-1","max-image-preview":"max-image-preview:large","max-video-preview":"max-video-preview:-1"},"canonical":"https:\/\/penosil.com\/lv\/","og_locale":"lv_LV","og_type":"article","og_title":"PENOSIL mont\u0101\u017eas putas, herm\u0113ti\u0137i, l\u012bmes un cita b\u016bv\u0137\u012bmija.","og_description":"Ieg\u016bstiet nepiecie\u0161amo inform\u0101ciju par PENOSIL produktiem un to lieto\u0161anu, k\u0101 ar\u012b uz\u0146\u0113muma, grupas un nozares jaunumiem.","og_url":"https:\/\/penosil.com\/lv\/","og_site_name":"Penosil Latvia","article_modified_time":"2026-04-20T06:17:26+00:00","twitter_card":"summary_large_image","twitter_misc":{"Est. reading time":"3 minutes"},"schema":{"@context":"https:\/\/schema.org","@graph":[{"@type":"WebPage","@id":"https:\/\/penosil.com\/lv\/","url":"https:\/\/penosil.com\/lv\/","name":"PENOSIL mont\u0101\u017eas putas, herm\u0113ti\u0137i, l\u012bmes un cita b\u016bv\u0137\u012bmija.","isPartOf":{"@id":"https:\/\/penosil.com\/lv\/#website"},"datePublished":"2019-07-25T08:21:57+00:00","dateModified":"2026-04-20T06:17:26+00:00","description":"Ieg\u016bstiet nepiecie\u0161amo inform\u0101ciju par PENOSIL produktiem un to lieto\u0161anu, k\u0101 ar\u012b uz\u0146\u0113muma, grupas un nozares jaunumiem.","breadcrumb":{"@id":"https:\/\/penosil.com\/lv\/#breadcrumb"},"inLanguage":"lv-LV","potentialAction":[{"@type":"ReadAction","target":["https:\/\/penosil.com\/lv\/"]}]},{"@type":"BreadcrumbList","@id":"https:\/\/penosil.com\/lv\/#breadcrumb","itemListElement":[{"@type":"ListItem","position":1,"name":"S\u0101kums","item":"https:\/\/penosil.com\/lv\/"},{"@type":"ListItem","position":2,"name":"S\u0101kums"}]},{"@type":"WebSite","@id":"https:\/\/penosil.com\/lv\/#website","url":"https:\/\/penosil.com\/lv\/","name":"Penosil Latvia","description":"","potentialAction":[{"@type":"SearchAction","target":{"@type":"EntryPoint","urlTemplate":"https:\/\/penosil.com\/lv\/?s={search_term_string}"},"query-input":{"@type":"PropertyValueSpecification","valueRequired":true,"valueName":"search_term_string"}}],"inLanguage":"lv-LV"}]}},"coauthors":[],"author_meta":{"author_link":"https:\/\/penosil.com\/lv\/author\/reaktiiv-pe\/","display_name":"reaktiiv-pe"},"relative_dates":{"created":"Posted 7 years ago","modified":"Updated 1 day ago"},"absolute_dates":{"created":"Posted on July 25, 2019","modified":"Updated on April 20, 2026"},"absolute_dates_time":{"created":"Posted on July 25, 2019 8:21 am","modified":"Updated on April 20, 2026 6:17 am"},"featured_img_caption":"","featured_img":false,"series_order":"","_links":{"self":[{"href":"https:\/\/penosil.com\/lv\/wp-json\/wp\/v2\/pages\/3509","targetHints":{"allow":["GET"]}}],"collection":[{"href":"https:\/\/penosil.com\/lv\/wp-json\/wp\/v2\/pages"}],"about":[{"href":"https:\/\/penosil.com\/lv\/wp-json\/wp\/v2\/types\/page"}],"author":[{"embeddable":true,"href":"https:\/\/penosil.com\/lv\/wp-json\/wp\/v2\/users\/1"}],"replies":[{"embeddable":true,"href":"https:\/\/penosil.com\/lv\/wp-json\/wp\/v2\/comments?post=3509"}],"version-history":[{"count":151,"href":"https:\/\/penosil.com\/lv\/wp-json\/wp\/v2\/pages\/3509\/revisions"}],"predecessor-version":[{"id":33428,"href":"https:\/\/penosil.com\/lv\/wp-json\/wp\/v2\/pages\/3509\/revisions\/33428"}],"wp:attachment":[{"href":"https:\/\/penosil.com\/lv\/wp-json\/wp\/v2\/media?parent=3509"}],"curies":[{"name":"wp","href":"https:\/\/api.w.org\/{rel}","templated":true}]}}