{"id":3563,"date":"2019-07-24T13:16:52","date_gmt":"2019-07-24T13:16:52","guid":{"rendered":"https:\/\/penosil.com\/lv\/solutions\/"},"modified":"2021-05-19T07:07:33","modified_gmt":"2021-05-19T07:07:33","slug":"risinajumi","status":"publish","type":"page","link":"https:\/\/penosil.com\/lv\/risinajumi\/","title":{"rendered":"Risin\u0101jumi"},"content":{"rendered":"\n<p><\/p>\n\n\n\n<p><\/p>\n","protected":false},"excerpt":{"rendered":"","protected":false},"author":1,"featured_media":0,"parent":0,"menu_order":0,"comment_status":"closed","ping_status":"closed","template":"page-templates\/template-solutions.php","meta":{"_acf_changed":false,"advgb_blocks_editor_width":"","advgb_blocks_columns_visual_guide":"","footnotes":""},"class_list":["post-3563","page","type-page","status-publish","hentry"],"acf":[],"yoast_head":"<!-- This site is optimized with the Yoast SEO plugin v27.2 - https:\/\/yoast.com\/product\/yoast-seo-wordpress\/ -->\n<title>Energoefekt\u012bvi un ilgtsp\u0113j\u012bgi Risin\u0101jumi - Penosil Latvia<\/title>\n<meta name=\"description\" content=\"Risin\u0101jumi - atkl\u0101jiet energoefekt\u012bvus, videi draudz\u012bgus un dro\u0161us \u0113ku celtniec\u012bbas risin\u0101jumus ar PENOSIL produktiem. WE SAVE ENERGY.\" \/>\n<meta name=\"robots\" content=\"index, follow, max-snippet:-1, max-image-preview:large, max-video-preview:-1\" \/>\n<link rel=\"canonical\" href=\"https:\/\/penosil.com\/lv\/risinajumi\/\" \/>\n<meta property=\"og:locale\" content=\"lv_LV\" \/>\n<meta property=\"og:type\" content=\"article\" \/>\n<meta property=\"og:title\" content=\"Energoefekt\u012bvi un ilgtsp\u0113j\u012bgi Risin\u0101jumi - Penosil Latvia\" \/>\n<meta property=\"og:description\" content=\"Risin\u0101jumi - atkl\u0101jiet energoefekt\u012bvus, videi draudz\u012bgus un dro\u0161us \u0113ku celtniec\u012bbas risin\u0101jumus ar PENOSIL produktiem. WE SAVE ENERGY.\" \/>\n<meta property=\"og:url\" content=\"https:\/\/penosil.com\/lv\/risinajumi\/\" \/>\n<meta property=\"og:site_name\" content=\"Penosil Latvia\" \/>\n<meta property=\"article:modified_time\" content=\"2021-05-19T07:07:33+00:00\" \/>\n<meta name=\"twitter:card\" content=\"summary_large_image\" \/>\n<script type=\"application\/ld+json\" class=\"yoast-schema-graph\">{\"@context\":\"https:\/\/schema.org\",\"@graph\":[{\"@type\":\"WebPage\",\"@id\":\"https:\/\/penosil.com\/lv\/risinajumi\/\",\"url\":\"https:\/\/penosil.com\/lv\/risinajumi\/\",\"name\":\"Energoefekt\u012bvi un ilgtsp\u0113j\u012bgi Risin\u0101jumi - Penosil Latvia\",\"isPartOf\":{\"@id\":\"https:\/\/penosil.com\/lv\/#website\"},\"datePublished\":\"2019-07-24T13:16:52+00:00\",\"dateModified\":\"2021-05-19T07:07:33+00:00\",\"description\":\"Risin\u0101jumi - atkl\u0101jiet energoefekt\u012bvus, videi draudz\u012bgus un dro\u0161us \u0113ku celtniec\u012bbas risin\u0101jumus ar PENOSIL produktiem. WE SAVE ENERGY.\",\"breadcrumb\":{\"@id\":\"https:\/\/penosil.com\/lv\/risinajumi\/#breadcrumb\"},\"inLanguage\":\"lv-LV\",\"potentialAction\":[{\"@type\":\"ReadAction\",\"target\":[\"https:\/\/penosil.com\/lv\/risinajumi\/\"]}]},{\"@type\":\"BreadcrumbList\",\"@id\":\"https:\/\/penosil.com\/lv\/risinajumi\/#breadcrumb\",\"itemListElement\":[{\"@type\":\"ListItem\",\"position\":1,\"name\":\"S\u0101kums\",\"item\":\"https:\/\/penosil.com\/lv\/\"},{\"@type\":\"ListItem\",\"position\":2,\"name\":\"Risin\u0101jumi\"}]},{\"@type\":\"WebSite\",\"@id\":\"https:\/\/penosil.com\/lv\/#website\",\"url\":\"https:\/\/penosil.com\/lv\/\",\"name\":\"Penosil Latvia\",\"description\":\"\",\"potentialAction\":[{\"@type\":\"SearchAction\",\"target\":{\"@type\":\"EntryPoint\",\"urlTemplate\":\"https:\/\/penosil.com\/lv\/?s={search_term_string}\"},\"query-input\":{\"@type\":\"PropertyValueSpecification\",\"valueRequired\":true,\"valueName\":\"search_term_string\"}}],\"inLanguage\":\"lv-LV\"}]}<\/script>\n<!-- \/ Yoast SEO plugin. -->","yoast_head_json":{"title":"Energoefekt\u012bvi un ilgtsp\u0113j\u012bgi Risin\u0101jumi - Penosil Latvia","description":"Risin\u0101jumi - atkl\u0101jiet energoefekt\u012bvus, videi draudz\u012bgus un dro\u0161us \u0113ku celtniec\u012bbas risin\u0101jumus ar PENOSIL produktiem. WE SAVE ENERGY.","robots":{"index":"index","follow":"follow","max-snippet":"max-snippet:-1","max-image-preview":"max-image-preview:large","max-video-preview":"max-video-preview:-1"},"canonical":"https:\/\/penosil.com\/lv\/risinajumi\/","og_locale":"lv_LV","og_type":"article","og_title":"Energoefekt\u012bvi un ilgtsp\u0113j\u012bgi Risin\u0101jumi - Penosil Latvia","og_description":"Risin\u0101jumi - atkl\u0101jiet energoefekt\u012bvus, videi draudz\u012bgus un dro\u0161us \u0113ku celtniec\u012bbas risin\u0101jumus ar PENOSIL produktiem. WE SAVE ENERGY.","og_url":"https:\/\/penosil.com\/lv\/risinajumi\/","og_site_name":"Penosil Latvia","article_modified_time":"2021-05-19T07:07:33+00:00","twitter_card":"summary_large_image","schema":{"@context":"https:\/\/schema.org","@graph":[{"@type":"WebPage","@id":"https:\/\/penosil.com\/lv\/risinajumi\/","url":"https:\/\/penosil.com\/lv\/risinajumi\/","name":"Energoefekt\u012bvi un ilgtsp\u0113j\u012bgi Risin\u0101jumi - Penosil Latvia","isPartOf":{"@id":"https:\/\/penosil.com\/lv\/#website"},"datePublished":"2019-07-24T13:16:52+00:00","dateModified":"2021-05-19T07:07:33+00:00","description":"Risin\u0101jumi - atkl\u0101jiet energoefekt\u012bvus, videi draudz\u012bgus un dro\u0161us \u0113ku celtniec\u012bbas risin\u0101jumus ar PENOSIL produktiem. WE SAVE ENERGY.","breadcrumb":{"@id":"https:\/\/penosil.com\/lv\/risinajumi\/#breadcrumb"},"inLanguage":"lv-LV","potentialAction":[{"@type":"ReadAction","target":["https:\/\/penosil.com\/lv\/risinajumi\/"]}]},{"@type":"BreadcrumbList","@id":"https:\/\/penosil.com\/lv\/risinajumi\/#breadcrumb","itemListElement":[{"@type":"ListItem","position":1,"name":"S\u0101kums","item":"https:\/\/penosil.com\/lv\/"},{"@type":"ListItem","position":2,"name":"Risin\u0101jumi"}]},{"@type":"WebSite","@id":"https:\/\/penosil.com\/lv\/#website","url":"https:\/\/penosil.com\/lv\/","name":"Penosil Latvia","description":"","potentialAction":[{"@type":"SearchAction","target":{"@type":"EntryPoint","urlTemplate":"https:\/\/penosil.com\/lv\/?s={search_term_string}"},"query-input":{"@type":"PropertyValueSpecification","valueRequired":true,"valueName":"search_term_string"}}],"inLanguage":"lv-LV"}]}},"coauthors":[],"author_meta":{"author_link":"https:\/\/penosil.com\/lv\/author\/reaktiiv-pe\/","display_name":"reaktiiv-pe"},"relative_dates":{"created":"Posted 7 years ago","modified":"Updated 5 years ago"},"absolute_dates":{"created":"Posted on July 24, 2019","modified":"Updated on May 19, 2021"},"absolute_dates_time":{"created":"Posted on July 24, 2019 1:16 pm","modified":"Updated on May 19, 2021 7:07 am"},"featured_img_caption":"","featured_img":false,"series_order":"","_links":{"self":[{"href":"https:\/\/penosil.com\/lv\/wp-json\/wp\/v2\/pages\/3563","targetHints":{"allow":["GET"]}}],"collection":[{"href":"https:\/\/penosil.com\/lv\/wp-json\/wp\/v2\/pages"}],"about":[{"href":"https:\/\/penosil.com\/lv\/wp-json\/wp\/v2\/types\/page"}],"author":[{"embeddable":true,"href":"https:\/\/penosil.com\/lv\/wp-json\/wp\/v2\/users\/1"}],"replies":[{"embeddable":true,"href":"https:\/\/penosil.com\/lv\/wp-json\/wp\/v2\/comments?post=3563"}],"version-history":[{"count":2,"href":"https:\/\/penosil.com\/lv\/wp-json\/wp\/v2\/pages\/3563\/revisions"}],"predecessor-version":[{"id":8055,"href":"https:\/\/penosil.com\/lv\/wp-json\/wp\/v2\/pages\/3563\/revisions\/8055"}],"wp:attachment":[{"href":"https:\/\/penosil.com\/lv\/wp-json\/wp\/v2\/media?parent=3563"}],"curies":[{"name":"wp","href":"https:\/\/api.w.org\/{rel}","templated":true}]}}