{"id":3827,"date":"2019-07-24T13:17:09","date_gmt":"2019-07-24T13:17:09","guid":{"rendered":"https:\/\/penosil.com\/lv\/knowledge-centre\/"},"modified":"2021-08-12T12:53:22","modified_gmt":"2021-08-12T12:53:22","slug":"zinibu-centrs","status":"publish","type":"page","link":"https:\/\/penosil.com\/lv\/zinibu-centrs\/","title":{"rendered":"Zin\u012bbu centrs"},"content":{"rendered":"\n<div class=\"wp-block-columns has-3-columns is-layout-flex wp-container-core-columns-is-layout-9d6595d7 wp-block-columns-is-layout-flex\">\n<div class=\"wp-block-column is-layout-flow wp-block-column-is-layout-flow\"><article id=\"pnsl-contact-block_5d42bf27d19f9\" class=\"pnsl-information-block\" role=\"article\" aria-labelledby=\"pnsl-contact-block_5d42bf27d19f9-title\">\n         <div class=\"pnsl-list-item d-flex align-items-center justify-content-between flex-column\">\n         <div class=\"lst-item-cnt\">\n            <!-- Single comprehensive link wrapping all content for better accessibility -->\n            <a href=\"https:\/\/penosil.com\/lv\/video\/\"\n               class=\"information-block-link\"\n                              aria-label=\"View Video\"\n               >\n\n                                                   <div class=\"lst-item-image d-flex align-items-end justify-content-center\">\n                     <img decoding=\"async\" src=\"https:\/\/penosil.com\/lv\/wp-content\/uploads\/sites\/31\/2019\/08\/videos-1.svg\"\n                        alt=\"Image for Video\"\n                        role=\"presentation\" \/>\n                  <\/div>\n               \n               <div class=\"information-block-header\">\n                  <h2 id=\"pnsl-contact-block_5d42bf27d19f9-title\">Video<\/h2>\n               <\/div>\n                                 <div class=\"information-block-content\"><p>Skatiet video pam\u0101c\u012bbas b\u016bv\u0137\u012bmijas produktu da\u017e\u0101dam pielietojumam.<\/p>\n<\/div>\n                              \n               <!-- Button styled element inside the parent link - maintains accessibility and styling -->\n               <div class=\"lst-item-btn\">\n                  <span class=\"btn rbtn\">\n                     Skat\u012bt video                  <\/span>\n               <\/div>\n               \n                           <\/a>\n         <\/div>\n      <\/div>\n   <\/article><\/div>\n\n\n\n<div class=\"wp-block-column is-layout-flow wp-block-column-is-layout-flow\"><article id=\"pnsl-contact-block_5d42c1e2c4f72\" class=\"pnsl-information-block\" role=\"article\" aria-labelledby=\"pnsl-contact-block_5d42c1e2c4f72-title\">\n         <div class=\"pnsl-list-item d-flex align-items-center justify-content-between flex-column\">\n         <div class=\"lst-item-cnt\">\n            <!-- Single comprehensive link wrapping all content for better accessibility -->\n            <a href=\"https:\/\/penosil.com\/lv\/zinibu-centrs\/dokumentacija\/\"\n               class=\"information-block-link\"\n                              aria-label=\"View Tehnisk\u0101 dokument\u0101cija\"\n               >\n\n                                                   <div class=\"lst-item-image d-flex align-items-end justify-content-center\">\n                     <img decoding=\"async\" src=\"https:\/\/penosil.com\/lv\/wp-content\/uploads\/sites\/31\/2019\/08\/manuals-1.svg\"\n                        alt=\"Image for Tehnisk\u0101 dokument\u0101cija\"\n                        role=\"presentation\" \/>\n                  <\/div>\n               \n               <div class=\"information-block-header\">\n                  <h2 id=\"pnsl-contact-block_5d42c1e2c4f72-title\">Tehnisk\u0101 dokument\u0101cija<\/h2>\n               <\/div>\n                                 <div class=\"information-block-content\"><p>Lejupiel\u0101d\u0113jiet produktu tehnisko datu lapas, dro\u0161\u012bbas datu lapas, ekspluat\u0101cijas \u012bpa\u0161\u012bbu deklar\u0101cijas un sertifik\u0101tus. <\/p>\n<\/div>\n                              \n               <!-- Button styled element inside the parent link - maintains accessibility and styling -->\n               <div class=\"lst-item-btn\">\n                  <span class=\"btn rbtn\">\n                     Skat\u012bt dokumentus                  <\/span>\n               <\/div>\n               \n                           <\/a>\n         <\/div>\n      <\/div>\n   <\/article>\n\n\n<p><\/p>\n<\/div>\n\n\n\n<div class=\"wp-block-column is-layout-flow wp-block-column-is-layout-flow\"><article id=\"pnsl-contact-block_5da9b3cea1ffa\" class=\"pnsl-information-block\" role=\"article\" aria-labelledby=\"pnsl-contact-block_5da9b3cea1ffa-title\">\n         <div class=\"pnsl-list-item d-flex align-items-center justify-content-between flex-column\">\n         <div class=\"lst-item-cnt\">\n            <!-- Single comprehensive link wrapping all content for better accessibility -->\n            <a href=\"https:\/\/penosil.com\/lv\/zinibu-centrs\/product-know-how\/\"\n               class=\"information-block-link\"\n                              aria-label=\"View Produktu rokasgr\u0101matas\"\n               >\n\n                                                   <div class=\"lst-item-image d-flex align-items-end justify-content-center\">\n                     <img decoding=\"async\" src=\"https:\/\/penosil.com\/lv\/wp-content\/uploads\/sites\/31\/2019\/10\/pruoddcu_manual.svg\"\n                        alt=\"Image for Produktu rokasgr\u0101matas\"\n                        role=\"presentation\" \/>\n                  <\/div>\n               \n               <div class=\"information-block-header\">\n                  <h2 id=\"pnsl-contact-block_5da9b3cea1ffa-title\">Produktu rokasgr\u0101matas<\/h2>\n               <\/div>\n                                 <div class=\"information-block-content\"><p>Penosil ekspertu zin\u0101\u0161anu bibliot\u0113ka un pal\u012bgmateri\u0101li Penosil produktu lieto\u0161anai sare\u017e\u0123\u012bt\u0101ku konstrukciju mont\u0101\u017e\u0101. <\/p>\n<p>.<\/p>\n<\/div>\n                              \n               <!-- Button styled element inside the parent link - maintains accessibility and styling -->\n               <div class=\"lst-item-btn\">\n                  <span class=\"btn rbtn\">\n                     Skat\u012bt rokasgr\u0101matas                  <\/span>\n               <\/div>\n               \n                           <\/a>\n         <\/div>\n      <\/div>\n   <\/article><\/div>\n<\/div>\n\n\n\n<div class=\"wp-block-columns has-3-columns is-layout-flex wp-container-core-columns-is-layout-9d6595d7 wp-block-columns-is-layout-flex\">\n<div class=\"wp-block-column is-layout-flow wp-block-column-is-layout-flow\"><article id=\"pnsl-contact-block_5da9b583a2002\" class=\"pnsl-information-block\" role=\"article\" aria-labelledby=\"pnsl-contact-block_5da9b583a2002-title\">\n         <div class=\"pnsl-list-item d-flex align-items-center justify-content-between flex-column\">\n         <div class=\"lst-item-cnt\">\n            <!-- Single comprehensive link wrapping all content for better accessibility -->\n            <a href=\"https:\/\/penosil.com\/lv\/zinibu-centrs\/calculators\/\"\n               class=\"information-block-link\"\n                              aria-label=\"View Kalkulatori\"\n               >\n\n                                                   <div class=\"lst-item-image d-flex align-items-end justify-content-center\">\n                     <img decoding=\"async\" src=\"https:\/\/penosil.com\/lv\/wp-content\/uploads\/sites\/31\/2019\/08\/calculator.svg\"\n                        alt=\"Image for Kalkulatori\"\n                        role=\"presentation\" \/>\n                  <\/div>\n               \n               <div class=\"information-block-header\">\n                  <h2 id=\"pnsl-contact-block_5da9b583a2002-title\">Kalkulatori<\/h2>\n               <\/div>\n                                 <div class=\"information-block-content\"><p>Dom\u0101jiet za\u013ci, izmantojiet m\u016bsu pied\u0101v\u0101tos r\u012bkus materi\u0101lu pat\u0113ri\u0146a apr\u0113\u0137in\u0101\u0161anai un izvairieties no materi\u0101lu p\u0101rt\u0113r\u0113\u0161anas un atlikumiem. <\/p>\n<\/div>\n                              \n               <!-- Button styled element inside the parent link - maintains accessibility and styling -->\n               <div class=\"lst-item-btn\">\n                  <span class=\"btn rbtn\">\n                     Skat\u012bt kalkulatorus                  <\/span>\n               <\/div>\n               \n                           <\/a>\n         <\/div>\n      <\/div>\n   <\/article><\/div>\n\n\n\n<div class=\"wp-block-column is-layout-flow wp-block-column-is-layout-flow\"><article id=\"pnsl-contact-block_5da9b51ea1ffe\" class=\"pnsl-information-block\" role=\"article\" aria-labelledby=\"pnsl-contact-block_5da9b51ea1ffe-title\">\n         <div class=\"pnsl-list-item d-flex align-items-center justify-content-between flex-column\">\n         <div class=\"lst-item-cnt\">\n            <!-- Single comprehensive link wrapping all content for better accessibility -->\n            <a href=\"https:\/\/penosil.com\/lv\/zinibu-centrs\/raksti\/\"\n               class=\"information-block-link\"\n                              aria-label=\"View Izgl\u012btojo\u0161i raksti\"\n               >\n\n                                                   <div class=\"lst-item-image d-flex align-items-end justify-content-center\">\n                     <img decoding=\"async\" src=\"https:\/\/penosil.com\/lv\/wp-content\/uploads\/sites\/31\/2019\/10\/artiklid.svg\"\n                        alt=\"Image for Izgl\u012btojo\u0161i raksti\"\n                        role=\"presentation\" \/>\n                  <\/div>\n               \n               <div class=\"information-block-header\">\n                  <h2 id=\"pnsl-contact-block_5da9b51ea1ffe-title\">Izgl\u012btojo\u0161i raksti<\/h2>\n               <\/div>\n                                 <div class=\"information-block-content\"><p>Ieg\u016bstiet aizraujo\u0161u inform\u0101ciju par energoefekt\u012bvu un videi draudz\u012bgu b\u016bvniec\u012bbu, k\u0101 ar\u012b par b\u016bv\u0137\u012bmijas un b\u016bvmateri\u0101lu nozares att\u012bst\u012bbu.<\/p>\n<\/div>\n                              \n               <!-- Button styled element inside the parent link - maintains accessibility and styling -->\n               <div class=\"lst-item-btn\">\n                  <span class=\"btn rbtn\">\n                     Skat\u012bt rakstus                  <\/span>\n               <\/div>\n               \n                           <\/a>\n         <\/div>\n      <\/div>\n   <\/article><\/div>\n\n\n\n<div class=\"wp-block-column is-layout-flow wp-block-column-is-layout-flow\"><article id=\"pnsl-contact-block_5da9b52da1fff\" class=\"pnsl-information-block\" role=\"article\" aria-labelledby=\"pnsl-contact-block_5da9b52da1fff-title\">\n         <div class=\"pnsl-list-item d-flex align-items-center justify-content-between flex-column\">\n         <div class=\"lst-item-cnt\">\n            <!-- Single comprehensive link wrapping all content for better accessibility -->\n            <a href=\"https:\/\/penosil.com\/lv\/zinibu-centrs\/architectural-drawings\/\"\n               class=\"information-block-link\"\n                              aria-label=\"View Ras\u0113jumi arhitektiem\"\n               >\n\n                                                   <div class=\"lst-item-image d-flex align-items-end justify-content-center\">\n                     <img decoding=\"async\" src=\"https:\/\/penosil.com\/lv\/wp-content\/uploads\/sites\/31\/2019\/10\/joonis-e1571403880736.png\"\n                        alt=\"Image for Ras\u0113jumi arhitektiem\"\n                        role=\"presentation\" \/>\n                  <\/div>\n               \n               <div class=\"information-block-header\">\n                  <h2 id=\"pnsl-contact-block_5da9b52da1fff-title\">Ras\u0113jumi arhitektiem<\/h2>\n               <\/div>\n                                 <div class=\"information-block-content\"><p>Tehniskie ras\u0113jumi da\u017e\u0101diem \u0113ku tipiem PDF un DWG form\u0101t\u0101.<\/p>\n<\/div>\n                              \n               <!-- Button styled element inside the parent link - maintains accessibility and styling -->\n               <div class=\"lst-item-btn\">\n                  <span class=\"btn rbtn\">\n                     Skat\u012bt ras\u0113jumus                  <\/span>\n               <\/div>\n               \n                           <\/a>\n         <\/div>\n      <\/div>\n   <\/article><\/div>\n<\/div>\n\n\n\n<div class=\"wp-block-columns is-layout-flex wp-container-core-columns-is-layout-9d6595d7 wp-block-columns-is-layout-flex\">\n<div class=\"wp-block-column is-layout-flow wp-block-column-is-layout-flow\"><article id=\"pnsl-contact-block_611518b21e54e\" class=\"pnsl-information-block\" role=\"article\" aria-labelledby=\"pnsl-contact-block_611518b21e54e-title\">\n         <div class=\"pnsl-list-item d-flex align-items-center justify-content-between flex-column\">\n         <div class=\"lst-item-cnt\">\n            <!-- Single comprehensive link wrapping all content for better accessibility -->\n            <a href=\"https:\/\/penosil.com\/lv\/zinibu-centrs\/buj\/\"\n               class=\"information-block-link\"\n                              aria-label=\"View Bie\u017e\u0101k uzdotie jaut\u0101jumi\"\n               >\n\n                                                   <div class=\"lst-item-image d-flex align-items-end justify-content-center\">\n                     <img decoding=\"async\" src=\"https:\/\/penosil.com\/lv\/wp-content\/uploads\/sites\/31\/2021\/08\/faq.svg\"\n                        alt=\"BUJ\"\n                        role=\"presentation\" \/>\n                  <\/div>\n               \n               <div class=\"information-block-header\">\n                  <h2 id=\"pnsl-contact-block_611518b21e54e-title\">Bie\u017e\u0101k uzdotie jaut\u0101jumi<\/h2>\n               <\/div>\n                                 <div class=\"information-block-content\"><p>Ieskatieties Bie\u017e\u0101k uzdotajos jaut\u0101jumos, kur iesp\u0113jams atrast ekspertu padomus un atbildes uz jaut\u0101jumiem, kas saist\u012bti ar PENOSIL produktiem.<\/p>\n<\/div>\n                              \n               <!-- Button styled element inside the parent link - maintains accessibility and styling -->\n               <div class=\"lst-item-btn\">\n                  <span class=\"btn rbtn\">\n                     Skat\u012bt BUJ                  <\/span>\n               <\/div>\n               \n                           <\/a>\n         <\/div>\n      <\/div>\n   <\/article><\/div>\n\n\n\n<div class=\"wp-block-column is-layout-flow wp-block-column-is-layout-flow\"><\/div>\n\n\n\n<div class=\"wp-block-column is-layout-flow wp-block-column-is-layout-flow\"><\/div>\n<\/div>\n\n\n\n<p><\/p>\n","protected":false},"excerpt":{"rendered":"","protected":false},"author":1,"featured_media":0,"parent":0,"menu_order":0,"comment_status":"closed","ping_status":"closed","template":"page-templates\/template-knowledge.php","meta":{"_acf_changed":false,"advgb_blocks_editor_width":"","advgb_blocks_columns_visual_guide":"","footnotes":""},"class_list":["post-3827","page","type-page","status-publish","hentry"],"acf":[],"yoast_head":"<!-- This site is optimized with the Yoast SEO plugin v27.2 - https:\/\/yoast.com\/product\/yoast-seo-wordpress\/ -->\n<title>Zin\u012bbu centrs - Penosil Latvia - viss par un ap m\u016bsu produktiem<\/title>\n<meta name=\"description\" content=\"Penosil Zin\u012bbu centrs - vieta, kur atrad\u012bsiet video un inform\u0101ciju par produktiem, dokumentus, kalkulatorus, rakstus, arhitekt\u016bras ras\u0113jumus.\" \/>\n<meta name=\"robots\" content=\"index, follow, max-snippet:-1, max-image-preview:large, max-video-preview:-1\" \/>\n<link rel=\"canonical\" href=\"https:\/\/penosil.com\/lv\/zinibu-centrs\/\" \/>\n<meta property=\"og:locale\" content=\"lv_LV\" \/>\n<meta property=\"og:type\" content=\"article\" \/>\n<meta property=\"og:title\" content=\"Zin\u012bbu centrs - Penosil Latvia - viss par un ap m\u016bsu produktiem\" \/>\n<meta property=\"og:description\" content=\"Penosil Zin\u012bbu centrs - vieta, kur atrad\u012bsiet video un inform\u0101ciju par produktiem, dokumentus, kalkulatorus, rakstus, arhitekt\u016bras ras\u0113jumus.\" \/>\n<meta property=\"og:url\" content=\"https:\/\/penosil.com\/lv\/zinibu-centrs\/\" \/>\n<meta property=\"og:site_name\" content=\"Penosil Latvia\" \/>\n<meta property=\"article:modified_time\" content=\"2021-08-12T12:53:22+00:00\" \/>\n<meta name=\"twitter:card\" content=\"summary_large_image\" \/>\n<script type=\"application\/ld+json\" class=\"yoast-schema-graph\">{\"@context\":\"https:\/\/schema.org\",\"@graph\":[{\"@type\":\"WebPage\",\"@id\":\"https:\/\/penosil.com\/lv\/zinibu-centrs\/\",\"url\":\"https:\/\/penosil.com\/lv\/zinibu-centrs\/\",\"name\":\"Zin\u012bbu centrs - Penosil Latvia - viss par un ap m\u016bsu produktiem\",\"isPartOf\":{\"@id\":\"https:\/\/penosil.com\/lv\/#website\"},\"datePublished\":\"2019-07-24T13:17:09+00:00\",\"dateModified\":\"2021-08-12T12:53:22+00:00\",\"description\":\"Penosil Zin\u012bbu centrs - vieta, kur atrad\u012bsiet video un inform\u0101ciju par produktiem, dokumentus, kalkulatorus, rakstus, arhitekt\u016bras ras\u0113jumus.\",\"breadcrumb\":{\"@id\":\"https:\/\/penosil.com\/lv\/zinibu-centrs\/#breadcrumb\"},\"inLanguage\":\"lv-LV\",\"potentialAction\":[{\"@type\":\"ReadAction\",\"target\":[\"https:\/\/penosil.com\/lv\/zinibu-centrs\/\"]}]},{\"@type\":\"BreadcrumbList\",\"@id\":\"https:\/\/penosil.com\/lv\/zinibu-centrs\/#breadcrumb\",\"itemListElement\":[{\"@type\":\"ListItem\",\"position\":1,\"name\":\"S\u0101kums\",\"item\":\"https:\/\/penosil.com\/lv\/\"},{\"@type\":\"ListItem\",\"position\":2,\"name\":\"Zin\u012bbu centrs\"}]},{\"@type\":\"WebSite\",\"@id\":\"https:\/\/penosil.com\/lv\/#website\",\"url\":\"https:\/\/penosil.com\/lv\/\",\"name\":\"Penosil Latvia\",\"description\":\"\",\"potentialAction\":[{\"@type\":\"SearchAction\",\"target\":{\"@type\":\"EntryPoint\",\"urlTemplate\":\"https:\/\/penosil.com\/lv\/?s={search_term_string}\"},\"query-input\":{\"@type\":\"PropertyValueSpecification\",\"valueRequired\":true,\"valueName\":\"search_term_string\"}}],\"inLanguage\":\"lv-LV\"}]}<\/script>\n<!-- \/ Yoast SEO plugin. -->","yoast_head_json":{"title":"Zin\u012bbu centrs - Penosil Latvia - viss par un ap m\u016bsu produktiem","description":"Penosil Zin\u012bbu centrs - vieta, kur atrad\u012bsiet video un inform\u0101ciju par produktiem, dokumentus, kalkulatorus, rakstus, arhitekt\u016bras ras\u0113jumus.","robots":{"index":"index","follow":"follow","max-snippet":"max-snippet:-1","max-image-preview":"max-image-preview:large","max-video-preview":"max-video-preview:-1"},"canonical":"https:\/\/penosil.com\/lv\/zinibu-centrs\/","og_locale":"lv_LV","og_type":"article","og_title":"Zin\u012bbu centrs - Penosil Latvia - viss par un ap m\u016bsu produktiem","og_description":"Penosil Zin\u012bbu centrs - vieta, kur atrad\u012bsiet video un inform\u0101ciju par produktiem, dokumentus, kalkulatorus, rakstus, arhitekt\u016bras ras\u0113jumus.","og_url":"https:\/\/penosil.com\/lv\/zinibu-centrs\/","og_site_name":"Penosil Latvia","article_modified_time":"2021-08-12T12:53:22+00:00","twitter_card":"summary_large_image","schema":{"@context":"https:\/\/schema.org","@graph":[{"@type":"WebPage","@id":"https:\/\/penosil.com\/lv\/zinibu-centrs\/","url":"https:\/\/penosil.com\/lv\/zinibu-centrs\/","name":"Zin\u012bbu centrs - Penosil Latvia - viss par un ap m\u016bsu produktiem","isPartOf":{"@id":"https:\/\/penosil.com\/lv\/#website"},"datePublished":"2019-07-24T13:17:09+00:00","dateModified":"2021-08-12T12:53:22+00:00","description":"Penosil Zin\u012bbu centrs - vieta, kur atrad\u012bsiet video un inform\u0101ciju par produktiem, dokumentus, kalkulatorus, rakstus, arhitekt\u016bras ras\u0113jumus.","breadcrumb":{"@id":"https:\/\/penosil.com\/lv\/zinibu-centrs\/#breadcrumb"},"inLanguage":"lv-LV","potentialAction":[{"@type":"ReadAction","target":["https:\/\/penosil.com\/lv\/zinibu-centrs\/"]}]},{"@type":"BreadcrumbList","@id":"https:\/\/penosil.com\/lv\/zinibu-centrs\/#breadcrumb","itemListElement":[{"@type":"ListItem","position":1,"name":"S\u0101kums","item":"https:\/\/penosil.com\/lv\/"},{"@type":"ListItem","position":2,"name":"Zin\u012bbu centrs"}]},{"@type":"WebSite","@id":"https:\/\/penosil.com\/lv\/#website","url":"https:\/\/penosil.com\/lv\/","name":"Penosil Latvia","description":"","potentialAction":[{"@type":"SearchAction","target":{"@type":"EntryPoint","urlTemplate":"https:\/\/penosil.com\/lv\/?s={search_term_string}"},"query-input":{"@type":"PropertyValueSpecification","valueRequired":true,"valueName":"search_term_string"}}],"inLanguage":"lv-LV"}]}},"coauthors":[],"author_meta":{"author_link":"https:\/\/penosil.com\/lv\/author\/reaktiiv-pe\/","display_name":"reaktiiv-pe"},"relative_dates":{"created":"Posted 7 years ago","modified":"Updated 5 years ago"},"absolute_dates":{"created":"Posted on July 24, 2019","modified":"Updated on August 12, 2021"},"absolute_dates_time":{"created":"Posted on July 24, 2019 1:17 pm","modified":"Updated on August 12, 2021 12:53 pm"},"featured_img_caption":"","featured_img":false,"series_order":"","_links":{"self":[{"href":"https:\/\/penosil.com\/lv\/wp-json\/wp\/v2\/pages\/3827","targetHints":{"allow":["GET"]}}],"collection":[{"href":"https:\/\/penosil.com\/lv\/wp-json\/wp\/v2\/pages"}],"about":[{"href":"https:\/\/penosil.com\/lv\/wp-json\/wp\/v2\/types\/page"}],"author":[{"embeddable":true,"href":"https:\/\/penosil.com\/lv\/wp-json\/wp\/v2\/users\/1"}],"replies":[{"embeddable":true,"href":"https:\/\/penosil.com\/lv\/wp-json\/wp\/v2\/comments?post=3827"}],"version-history":[{"count":17,"href":"https:\/\/penosil.com\/lv\/wp-json\/wp\/v2\/pages\/3827\/revisions"}],"predecessor-version":[{"id":27754,"href":"https:\/\/penosil.com\/lv\/wp-json\/wp\/v2\/pages\/3827\/revisions\/27754"}],"wp:attachment":[{"href":"https:\/\/penosil.com\/lv\/wp-json\/wp\/v2\/media?parent=3827"}],"curies":[{"name":"wp","href":"https:\/\/api.w.org\/{rel}","templated":true}]}}