{"id":12198,"date":"2020-03-30T09:41:43","date_gmt":"2020-03-30T09:41:43","guid":{"rendered":"https:\/\/penosil.com\/lv\/?post_type=product&#038;p=12198"},"modified":"2026-04-01T09:57:00","modified_gmt":"2026-04-01T09:57:00","slug":"styrofix-615","status":"publish","type":"product","link":"https:\/\/penosil.com\/lv\/produkt\/styrofix-615\/","title":{"rendered":"StyroFix 615"},"content":{"rendered":"<p>PENOSIL StyroFix 615 akrila l\u012bme bez smar\u017eas polistirola dekoru un poliuret\u0101na elementu l\u012bm\u0113\u0161anai.<\/p>\n","protected":false},"excerpt":{"rendered":"L\u012bme polistirola l\u012bm\u0113\u0161anai","protected":false},"author":4,"featured_media":28908,"template":"","meta":{"_acf_changed":false,"advgb_blocks_editor_width":"","advgb_blocks_columns_visual_guide":"","footnotes":""},"product_brand":[],"product_cat":[2607,218,216],"product_tag":[],"class_list":{"0":"post-12198","1":"product","2":"type-product","3":"status-publish","4":"has-post-thumbnail","6":"product_cat-akrila-limes","7":"product_cat-limes","8":"product_cat-limesana","10":"first","11":"instock","12":"taxable","13":"shipping-taxable","14":"purchasable","15":"product-type-simple"},"acf":[],"yoast_head":"<!-- This site is optimized with the Yoast SEO plugin v27.2 - https:\/\/yoast.com\/product\/yoast-seo-wordpress\/ -->\n<title>Penosil StyroFix 615 L\u012bme polistirola l\u012bm\u0113\u0161anai<\/title>\n<meta name=\"description\" content=\"Penosil StyroFix 615 l\u012bme ir l\u012bme polistirola l\u012bm\u0113\u0161anai - sa\u0137ere ar liel\u0101ko da\u013cu celtniec\u012bbas materi\u0101lu - PU-put\u0101m, koku, \u0123ip\u0161kartonu u.c.\" \/>\n<meta name=\"robots\" content=\"index, follow, max-snippet:-1, max-image-preview:large, max-video-preview:-1\" \/>\n<link rel=\"canonical\" href=\"https:\/\/penosil.com\/lv\/produkt\/styrofix-615\/\" \/>\n<meta property=\"og:locale\" content=\"lv_LV\" \/>\n<meta property=\"og:type\" content=\"article\" \/>\n<meta property=\"og:title\" content=\"Penosil StyroFix 615 L\u012bme polistirola l\u012bm\u0113\u0161anai\" \/>\n<meta property=\"og:description\" content=\"Penosil StyroFix 615 l\u012bme ir l\u012bme polistirola l\u012bm\u0113\u0161anai - sa\u0137ere ar liel\u0101ko da\u013cu celtniec\u012bbas materi\u0101lu - PU-put\u0101m, koku, \u0123ip\u0161kartonu u.c.\" \/>\n<meta property=\"og:url\" content=\"https:\/\/penosil.com\/lv\/produkt\/styrofix-615\/\" \/>\n<meta property=\"og:site_name\" content=\"Penosil Latvia\" \/>\n<meta property=\"article:modified_time\" content=\"2026-04-01T09:57:00+00:00\" \/>\n<meta property=\"og:image\" content=\"https:\/\/penosil.com\/lv\/wp-content\/uploads\/sites\/31\/2020\/03\/615_StyroFix_615_LT_LV.png\" \/>\n\t<meta property=\"og:image:width\" content=\"387\" \/>\n\t<meta property=\"og:image:height\" content=\"1080\" \/>\n\t<meta property=\"og:image:type\" content=\"image\/png\" \/>\n<meta name=\"twitter:card\" content=\"summary_large_image\" \/>\n<meta name=\"twitter:label1\" content=\"Est. reading time\" \/>\n\t<meta name=\"twitter:data1\" content=\"3 minutes\" \/>\n<script type=\"application\/ld+json\" class=\"yoast-schema-graph\">{\"@context\":\"https:\/\/schema.org\",\"@graph\":[{\"@type\":\"WebPage\",\"@id\":\"https:\/\/penosil.com\/lv\/produkt\/styrofix-615\/\",\"url\":\"https:\/\/penosil.com\/lv\/produkt\/styrofix-615\/\",\"name\":\"Penosil StyroFix 615 L\u012bme polistirola l\u012bm\u0113\u0161anai\",\"isPartOf\":{\"@id\":\"https:\/\/penosil.com\/lv\/#website\"},\"primaryImageOfPage\":{\"@id\":\"https:\/\/penosil.com\/lv\/produkt\/styrofix-615\/#primaryimage\"},\"image\":{\"@id\":\"https:\/\/penosil.com\/lv\/produkt\/styrofix-615\/#primaryimage\"},\"thumbnailUrl\":\"https:\/\/penosil.com\/lv\/wp-content\/uploads\/sites\/31\/2020\/03\/615_StyroFix_615_LT_LV.png\",\"datePublished\":\"2020-03-30T09:41:43+00:00\",\"dateModified\":\"2026-04-01T09:57:00+00:00\",\"description\":\"Penosil StyroFix 615 l\u012bme ir l\u012bme polistirola l\u012bm\u0113\u0161anai - sa\u0137ere ar liel\u0101ko da\u013cu celtniec\u012bbas materi\u0101lu - PU-put\u0101m, koku, \u0123ip\u0161kartonu u.c.\",\"breadcrumb\":{\"@id\":\"https:\/\/penosil.com\/lv\/produkt\/styrofix-615\/#breadcrumb\"},\"inLanguage\":\"lv-LV\",\"potentialAction\":[{\"@type\":\"ReadAction\",\"target\":[\"https:\/\/penosil.com\/lv\/produkt\/styrofix-615\/\"]}]},{\"@type\":\"ImageObject\",\"inLanguage\":\"lv-LV\",\"@id\":\"https:\/\/penosil.com\/lv\/produkt\/styrofix-615\/#primaryimage\",\"url\":\"https:\/\/penosil.com\/lv\/wp-content\/uploads\/sites\/31\/2020\/03\/615_StyroFix_615_LT_LV.png\",\"contentUrl\":\"https:\/\/penosil.com\/lv\/wp-content\/uploads\/sites\/31\/2020\/03\/615_StyroFix_615_LT_LV.png\",\"width\":387,\"height\":1080,\"caption\":\"Penosil StyroFix 615\"},{\"@type\":\"BreadcrumbList\",\"@id\":\"https:\/\/penosil.com\/lv\/produkt\/styrofix-615\/#breadcrumb\",\"itemListElement\":[{\"@type\":\"ListItem\",\"position\":1,\"name\":\"S\u0101kums\",\"item\":\"https:\/\/penosil.com\/lv\/\"},{\"@type\":\"ListItem\",\"position\":2,\"name\":\"Produkti\",\"item\":\"https:\/\/penosil.com\/lv\/produkti\/\"},{\"@type\":\"ListItem\",\"position\":3,\"name\":\"StyroFix 615\"}]},{\"@type\":\"WebSite\",\"@id\":\"https:\/\/penosil.com\/lv\/#website\",\"url\":\"https:\/\/penosil.com\/lv\/\",\"name\":\"Penosil Latvia\",\"description\":\"\",\"potentialAction\":[{\"@type\":\"SearchAction\",\"target\":{\"@type\":\"EntryPoint\",\"urlTemplate\":\"https:\/\/penosil.com\/lv\/?s={search_term_string}\"},\"query-input\":{\"@type\":\"PropertyValueSpecification\",\"valueRequired\":true,\"valueName\":\"search_term_string\"}}],\"inLanguage\":\"lv-LV\"}]}<\/script>\n<!-- \/ Yoast SEO plugin. -->","yoast_head_json":{"title":"Penosil StyroFix 615 L\u012bme polistirola l\u012bm\u0113\u0161anai","description":"Penosil StyroFix 615 l\u012bme ir l\u012bme polistirola l\u012bm\u0113\u0161anai - sa\u0137ere ar liel\u0101ko da\u013cu celtniec\u012bbas materi\u0101lu - PU-put\u0101m, koku, \u0123ip\u0161kartonu u.c.","robots":{"index":"index","follow":"follow","max-snippet":"max-snippet:-1","max-image-preview":"max-image-preview:large","max-video-preview":"max-video-preview:-1"},"canonical":"https:\/\/penosil.com\/lv\/produkt\/styrofix-615\/","og_locale":"lv_LV","og_type":"article","og_title":"Penosil StyroFix 615 L\u012bme polistirola l\u012bm\u0113\u0161anai","og_description":"Penosil StyroFix 615 l\u012bme ir l\u012bme polistirola l\u012bm\u0113\u0161anai - sa\u0137ere ar liel\u0101ko da\u013cu celtniec\u012bbas materi\u0101lu - PU-put\u0101m, koku, \u0123ip\u0161kartonu u.c.","og_url":"https:\/\/penosil.com\/lv\/produkt\/styrofix-615\/","og_site_name":"Penosil Latvia","article_modified_time":"2026-04-01T09:57:00+00:00","og_image":[{"width":387,"height":1080,"url":"https:\/\/penosil.com\/lv\/wp-content\/uploads\/sites\/31\/2020\/03\/615_StyroFix_615_LT_LV.png","type":"image\/png"}],"twitter_card":"summary_large_image","twitter_misc":{"Est. reading time":"3 minutes"},"schema":{"@context":"https:\/\/schema.org","@graph":[{"@type":"WebPage","@id":"https:\/\/penosil.com\/lv\/produkt\/styrofix-615\/","url":"https:\/\/penosil.com\/lv\/produkt\/styrofix-615\/","name":"Penosil StyroFix 615 L\u012bme polistirola l\u012bm\u0113\u0161anai","isPartOf":{"@id":"https:\/\/penosil.com\/lv\/#website"},"primaryImageOfPage":{"@id":"https:\/\/penosil.com\/lv\/produkt\/styrofix-615\/#primaryimage"},"image":{"@id":"https:\/\/penosil.com\/lv\/produkt\/styrofix-615\/#primaryimage"},"thumbnailUrl":"https:\/\/penosil.com\/lv\/wp-content\/uploads\/sites\/31\/2020\/03\/615_StyroFix_615_LT_LV.png","datePublished":"2020-03-30T09:41:43+00:00","dateModified":"2026-04-01T09:57:00+00:00","description":"Penosil StyroFix 615 l\u012bme ir l\u012bme polistirola l\u012bm\u0113\u0161anai - sa\u0137ere ar liel\u0101ko da\u013cu celtniec\u012bbas materi\u0101lu - PU-put\u0101m, koku, \u0123ip\u0161kartonu u.c.","breadcrumb":{"@id":"https:\/\/penosil.com\/lv\/produkt\/styrofix-615\/#breadcrumb"},"inLanguage":"lv-LV","potentialAction":[{"@type":"ReadAction","target":["https:\/\/penosil.com\/lv\/produkt\/styrofix-615\/"]}]},{"@type":"ImageObject","inLanguage":"lv-LV","@id":"https:\/\/penosil.com\/lv\/produkt\/styrofix-615\/#primaryimage","url":"https:\/\/penosil.com\/lv\/wp-content\/uploads\/sites\/31\/2020\/03\/615_StyroFix_615_LT_LV.png","contentUrl":"https:\/\/penosil.com\/lv\/wp-content\/uploads\/sites\/31\/2020\/03\/615_StyroFix_615_LT_LV.png","width":387,"height":1080,"caption":"Penosil StyroFix 615"},{"@type":"BreadcrumbList","@id":"https:\/\/penosil.com\/lv\/produkt\/styrofix-615\/#breadcrumb","itemListElement":[{"@type":"ListItem","position":1,"name":"S\u0101kums","item":"https:\/\/penosil.com\/lv\/"},{"@type":"ListItem","position":2,"name":"Produkti","item":"https:\/\/penosil.com\/lv\/produkti\/"},{"@type":"ListItem","position":3,"name":"StyroFix 615"}]},{"@type":"WebSite","@id":"https:\/\/penosil.com\/lv\/#website","url":"https:\/\/penosil.com\/lv\/","name":"Penosil Latvia","description":"","potentialAction":[{"@type":"SearchAction","target":{"@type":"EntryPoint","urlTemplate":"https:\/\/penosil.com\/lv\/?s={search_term_string}"},"query-input":{"@type":"PropertyValueSpecification","valueRequired":true,"valueName":"search_term_string"}}],"inLanguage":"lv-LV"}]}},"featured_img":"https:\/\/penosil.com\/lv\/wp-content\/uploads\/sites\/31\/2020\/03\/615_StyroFix_615_LT_LV.png","coauthors":[],"author_meta":{"author_link":"https:\/\/penosil.com\/lv\/author\/olga\/","display_name":"Olga Ku\u010dmasova"},"relative_dates":{"created":"Posted 6 years ago","modified":"Updated 2 weeks ago"},"absolute_dates":{"created":"Posted on March 30, 2020","modified":"Updated on April 1, 2026"},"absolute_dates_time":{"created":"Posted on March 30, 2020 9:41 am","modified":"Updated on April 1, 2026 9:57 am"},"featured_img_caption":"","tax_additional":{"product_brand":{"linked":[],"unlinked":[],"slug":"product_brand","name":"Brands"},"product_type":{"linked":["<a href=\"https:\/\/penosil.com\/lv\/?taxonomy=product_type&#038;term=simple\" class=\"advgb-post-tax-term\">simple<\/a>"],"unlinked":["<span class=\"advgb-post-tax-term\">simple<\/span>"],"slug":"product_type","name":"Product type"},"product_visibility":{"linked":[],"unlinked":[],"slug":"product_visibility","name":"Product visibility"},"product_cat":{"linked":["<a href=\"https:\/\/penosil.com\/lv\/produkti\/produktu-grupas\/limes\/akrila-limes\/\" class=\"advgb-post-tax-term\">Akrila l\u012bmes<\/a>","<a href=\"https:\/\/penosil.com\/lv\/produkti\/produktu-grupas\/limes\/\" class=\"advgb-post-tax-term\">L\u012bmes<\/a>","<a href=\"https:\/\/penosil.com\/lv\/produkti\/pielietojums\/limesana\/\" class=\"advgb-post-tax-term\">L\u012bm\u0113\u0161ana<\/a>"],"unlinked":["<span class=\"advgb-post-tax-term\">Akrila l\u012bmes<\/span>","<span class=\"advgb-post-tax-term\">L\u012bmes<\/span>","<span class=\"advgb-post-tax-term\">L\u012bm\u0113\u0161ana<\/span>"],"slug":"product_cat","name":"Product categories"},"product_tag":{"linked":[],"unlinked":[],"slug":"product_tag","name":"Product tags"},"product_shipping_class":{"linked":[],"unlinked":[],"slug":"product_shipping_class","name":"Product shipping classes"},"pos_product_visibility":{"linked":[],"unlinked":[],"slug":"pos_product_visibility","name":"POS Product visibility"},"pa_color":{"linked":["<a href=\"https:\/\/penosil.com\/lv\/?taxonomy=pa_color&#038;term=white-lv-2\" class=\"advgb-post-tax-term\">Balts<\/a>"],"unlinked":["<span class=\"advgb-post-tax-term\">Balts<\/span>"],"slug":"pa_color","name":"Product Colour"},"pa_diameter":{"linked":[],"unlinked":[],"slug":"pa_diameter","name":"Product Diameter"},"pa_package":{"linked":["<a href=\"https:\/\/penosil.com\/lv\/?taxonomy=pa_package&#038;term=280-ml-lv-2\" class=\"advgb-post-tax-term\">280 ml<\/a>"],"unlinked":["<span class=\"advgb-post-tax-term\">280 ml<\/span>"],"slug":"pa_package","name":"Product Package"},"pa_roll":{"linked":[],"unlinked":[],"slug":"pa_roll","name":"Product Roll"},"pa_widths":{"linked":[],"unlinked":[],"slug":"pa_widths","name":"Product Widths"},"translation_priority":{"linked":["<a href=\"https:\/\/penosil.com\/lv\/?taxonomy=translation_priority&#038;term=optional-lv\" class=\"advgb-post-tax-term\">Optional<\/a>"],"unlinked":["<span class=\"advgb-post-tax-term\">Optional<\/span>"],"slug":"translation_priority","name":"Translation Priorities"}},"series_order":"","_links":{"self":[{"href":"https:\/\/penosil.com\/lv\/wp-json\/wp\/v2\/product\/12198","targetHints":{"allow":["GET"]}}],"collection":[{"href":"https:\/\/penosil.com\/lv\/wp-json\/wp\/v2\/product"}],"about":[{"href":"https:\/\/penosil.com\/lv\/wp-json\/wp\/v2\/types\/product"}],"version-history":[{"count":6,"href":"https:\/\/penosil.com\/lv\/wp-json\/wp\/v2\/product\/12198\/revisions"}],"predecessor-version":[{"id":33064,"href":"https:\/\/penosil.com\/lv\/wp-json\/wp\/v2\/product\/12198\/revisions\/33064"}],"wp:featuredmedia":[{"embeddable":true,"href":"https:\/\/penosil.com\/lv\/wp-json\/wp\/v2\/media\/28908"}],"wp:attachment":[{"href":"https:\/\/penosil.com\/lv\/wp-json\/wp\/v2\/media?parent=12198"}],"wp:term":[{"taxonomy":"product_brand","embeddable":true,"href":"https:\/\/penosil.com\/lv\/wp-json\/wp\/v2\/product_brand?post=12198"},{"taxonomy":"product_cat","embeddable":true,"href":"https:\/\/penosil.com\/lv\/wp-json\/wp\/v2\/product_cat?post=12198"},{"taxonomy":"product_tag","embeddable":true,"href":"https:\/\/penosil.com\/lv\/wp-json\/wp\/v2\/product_tag?post=12198"}],"curies":[{"name":"wp","href":"https:\/\/api.w.org\/{rel}","templated":true}]}}