{"id":12252,"date":"2020-03-30T11:07:55","date_gmt":"2020-03-30T11:07:55","guid":{"rendered":"https:\/\/penosil.com\/lv\/?post_type=product&#038;p=12252"},"modified":"2026-04-01T09:57:00","modified_gmt":"2026-04-01T09:57:00","slug":"membranefix-629","status":"publish","type":"product","link":"https:\/\/penosil.com\/lv\/produkt\/membranefix-629\/","title":{"rendered":"MembraneFix 629"},"content":{"rendered":"<p>PENOSIL MembraneFix 629 vienkomponenta akrila l\u012bme da\u017e\u0101du membr\u0101nu un pl\u0113vju l\u012bm\u0113\u0161anai. Saglab\u0101 past\u0101v\u012bgu elast\u012bbu un nodro\u0161ina piln\u012bb\u0101 herm\u0113tisku savienojumu ar daudz\u0101m virsm\u0101m, piem\u0113ram, betonu, \u0137ie\u0123e\u013ciem, PE, PA, apmetumu, koku, met\u0101lu utt.<\/p>\n","protected":false},"excerpt":{"rendered":"akrila l\u012bme membr\u0101n\u0101m","protected":false},"author":4,"featured_media":28810,"template":"","meta":{"_acf_changed":false,"advgb_blocks_editor_width":"","advgb_blocks_columns_visual_guide":"","footnotes":""},"product_brand":[],"product_cat":[2607,218,216],"product_tag":[],"class_list":{"0":"post-12252","1":"product","2":"type-product","3":"status-publish","4":"has-post-thumbnail","6":"product_cat-akrila-limes","7":"product_cat-limes","8":"product_cat-limesana","10":"first","11":"instock","12":"taxable","13":"shipping-taxable","14":"purchasable","15":"product-type-simple"},"acf":[],"yoast_head":"<!-- This site is optimized with the Yoast SEO plugin v27.2 - https:\/\/yoast.com\/product\/yoast-seo-wordpress\/ -->\n<title>Penosil MembraneFix 629 akrila l\u012bme membr\u0101n\u0101m<\/title>\n<meta name=\"description\" content=\"Penosil MembraneFix 629 akrila l\u012bme vis\u0101m tvaiku barjeras membr\u0101n\u0101m. Sa\u0137ere ar liel\u0101ko da\u013cu celtniec\u012bbas materi\u0101lu. P\u0113rc \u0161eit!\" \/>\n<meta name=\"robots\" content=\"index, follow, max-snippet:-1, max-image-preview:large, max-video-preview:-1\" \/>\n<link rel=\"canonical\" href=\"https:\/\/penosil.com\/lv\/produkt\/membranefix-629\/\" \/>\n<meta property=\"og:locale\" content=\"lv_LV\" \/>\n<meta property=\"og:type\" content=\"article\" \/>\n<meta property=\"og:title\" content=\"Penosil MembraneFix 629 akrila l\u012bme membr\u0101n\u0101m\" \/>\n<meta property=\"og:description\" content=\"Penosil MembraneFix 629 akrila l\u012bme vis\u0101m tvaiku barjeras membr\u0101n\u0101m. Sa\u0137ere ar liel\u0101ko da\u013cu celtniec\u012bbas materi\u0101lu. P\u0113rc \u0161eit!\" \/>\n<meta property=\"og:url\" content=\"https:\/\/penosil.com\/lv\/produkt\/membranefix-629\/\" \/>\n<meta property=\"og:site_name\" content=\"Penosil Latvia\" \/>\n<meta property=\"article:modified_time\" content=\"2026-04-01T09:57:00+00:00\" \/>\n<meta property=\"og:image\" content=\"https:\/\/penosil.com\/lv\/wp-content\/uploads\/sites\/31\/2020\/03\/629_MembraneFix_629_LT_LV.png\" \/>\n\t<meta property=\"og:image:width\" content=\"387\" \/>\n\t<meta property=\"og:image:height\" content=\"1080\" \/>\n\t<meta property=\"og:image:type\" content=\"image\/png\" \/>\n<meta name=\"twitter:card\" content=\"summary_large_image\" \/>\n<meta name=\"twitter:label1\" content=\"Est. reading time\" \/>\n\t<meta name=\"twitter:data1\" content=\"4 minutes\" \/>\n<script type=\"application\/ld+json\" class=\"yoast-schema-graph\">{\"@context\":\"https:\/\/schema.org\",\"@graph\":[{\"@type\":\"WebPage\",\"@id\":\"https:\/\/penosil.com\/lv\/produkt\/membranefix-629\/\",\"url\":\"https:\/\/penosil.com\/lv\/produkt\/membranefix-629\/\",\"name\":\"Penosil MembraneFix 629 akrila l\u012bme membr\u0101n\u0101m\",\"isPartOf\":{\"@id\":\"https:\/\/penosil.com\/lv\/#website\"},\"primaryImageOfPage\":{\"@id\":\"https:\/\/penosil.com\/lv\/produkt\/membranefix-629\/#primaryimage\"},\"image\":{\"@id\":\"https:\/\/penosil.com\/lv\/produkt\/membranefix-629\/#primaryimage\"},\"thumbnailUrl\":\"https:\/\/penosil.com\/lv\/wp-content\/uploads\/sites\/31\/2020\/03\/629_MembraneFix_629_LT_LV.png\",\"datePublished\":\"2020-03-30T11:07:55+00:00\",\"dateModified\":\"2026-04-01T09:57:00+00:00\",\"description\":\"Penosil MembraneFix 629 akrila l\u012bme vis\u0101m tvaiku barjeras membr\u0101n\u0101m. Sa\u0137ere ar liel\u0101ko da\u013cu celtniec\u012bbas materi\u0101lu. P\u0113rc \u0161eit!\",\"breadcrumb\":{\"@id\":\"https:\/\/penosil.com\/lv\/produkt\/membranefix-629\/#breadcrumb\"},\"inLanguage\":\"lv-LV\",\"potentialAction\":[{\"@type\":\"ReadAction\",\"target\":[\"https:\/\/penosil.com\/lv\/produkt\/membranefix-629\/\"]}]},{\"@type\":\"ImageObject\",\"inLanguage\":\"lv-LV\",\"@id\":\"https:\/\/penosil.com\/lv\/produkt\/membranefix-629\/#primaryimage\",\"url\":\"https:\/\/penosil.com\/lv\/wp-content\/uploads\/sites\/31\/2020\/03\/629_MembraneFix_629_LT_LV.png\",\"contentUrl\":\"https:\/\/penosil.com\/lv\/wp-content\/uploads\/sites\/31\/2020\/03\/629_MembraneFix_629_LT_LV.png\",\"width\":387,\"height\":1080,\"caption\":\"PENOSIL MembraneFix 629\"},{\"@type\":\"BreadcrumbList\",\"@id\":\"https:\/\/penosil.com\/lv\/produkt\/membranefix-629\/#breadcrumb\",\"itemListElement\":[{\"@type\":\"ListItem\",\"position\":1,\"name\":\"S\u0101kums\",\"item\":\"https:\/\/penosil.com\/lv\/\"},{\"@type\":\"ListItem\",\"position\":2,\"name\":\"Produkti\",\"item\":\"https:\/\/penosil.com\/lv\/produkti\/\"},{\"@type\":\"ListItem\",\"position\":3,\"name\":\"MembraneFix 629\"}]},{\"@type\":\"WebSite\",\"@id\":\"https:\/\/penosil.com\/lv\/#website\",\"url\":\"https:\/\/penosil.com\/lv\/\",\"name\":\"Penosil Latvia\",\"description\":\"\",\"potentialAction\":[{\"@type\":\"SearchAction\",\"target\":{\"@type\":\"EntryPoint\",\"urlTemplate\":\"https:\/\/penosil.com\/lv\/?s={search_term_string}\"},\"query-input\":{\"@type\":\"PropertyValueSpecification\",\"valueRequired\":true,\"valueName\":\"search_term_string\"}}],\"inLanguage\":\"lv-LV\"}]}<\/script>\n<!-- \/ Yoast SEO plugin. -->","yoast_head_json":{"title":"Penosil MembraneFix 629 akrila l\u012bme membr\u0101n\u0101m","description":"Penosil MembraneFix 629 akrila l\u012bme vis\u0101m tvaiku barjeras membr\u0101n\u0101m. Sa\u0137ere ar liel\u0101ko da\u013cu celtniec\u012bbas materi\u0101lu. P\u0113rc \u0161eit!","robots":{"index":"index","follow":"follow","max-snippet":"max-snippet:-1","max-image-preview":"max-image-preview:large","max-video-preview":"max-video-preview:-1"},"canonical":"https:\/\/penosil.com\/lv\/produkt\/membranefix-629\/","og_locale":"lv_LV","og_type":"article","og_title":"Penosil MembraneFix 629 akrila l\u012bme membr\u0101n\u0101m","og_description":"Penosil MembraneFix 629 akrila l\u012bme vis\u0101m tvaiku barjeras membr\u0101n\u0101m. Sa\u0137ere ar liel\u0101ko da\u013cu celtniec\u012bbas materi\u0101lu. P\u0113rc \u0161eit!","og_url":"https:\/\/penosil.com\/lv\/produkt\/membranefix-629\/","og_site_name":"Penosil Latvia","article_modified_time":"2026-04-01T09:57:00+00:00","og_image":[{"width":387,"height":1080,"url":"https:\/\/penosil.com\/lv\/wp-content\/uploads\/sites\/31\/2020\/03\/629_MembraneFix_629_LT_LV.png","type":"image\/png"}],"twitter_card":"summary_large_image","twitter_misc":{"Est. reading time":"4 minutes"},"schema":{"@context":"https:\/\/schema.org","@graph":[{"@type":"WebPage","@id":"https:\/\/penosil.com\/lv\/produkt\/membranefix-629\/","url":"https:\/\/penosil.com\/lv\/produkt\/membranefix-629\/","name":"Penosil MembraneFix 629 akrila l\u012bme membr\u0101n\u0101m","isPartOf":{"@id":"https:\/\/penosil.com\/lv\/#website"},"primaryImageOfPage":{"@id":"https:\/\/penosil.com\/lv\/produkt\/membranefix-629\/#primaryimage"},"image":{"@id":"https:\/\/penosil.com\/lv\/produkt\/membranefix-629\/#primaryimage"},"thumbnailUrl":"https:\/\/penosil.com\/lv\/wp-content\/uploads\/sites\/31\/2020\/03\/629_MembraneFix_629_LT_LV.png","datePublished":"2020-03-30T11:07:55+00:00","dateModified":"2026-04-01T09:57:00+00:00","description":"Penosil MembraneFix 629 akrila l\u012bme vis\u0101m tvaiku barjeras membr\u0101n\u0101m. Sa\u0137ere ar liel\u0101ko da\u013cu celtniec\u012bbas materi\u0101lu. P\u0113rc \u0161eit!","breadcrumb":{"@id":"https:\/\/penosil.com\/lv\/produkt\/membranefix-629\/#breadcrumb"},"inLanguage":"lv-LV","potentialAction":[{"@type":"ReadAction","target":["https:\/\/penosil.com\/lv\/produkt\/membranefix-629\/"]}]},{"@type":"ImageObject","inLanguage":"lv-LV","@id":"https:\/\/penosil.com\/lv\/produkt\/membranefix-629\/#primaryimage","url":"https:\/\/penosil.com\/lv\/wp-content\/uploads\/sites\/31\/2020\/03\/629_MembraneFix_629_LT_LV.png","contentUrl":"https:\/\/penosil.com\/lv\/wp-content\/uploads\/sites\/31\/2020\/03\/629_MembraneFix_629_LT_LV.png","width":387,"height":1080,"caption":"PENOSIL MembraneFix 629"},{"@type":"BreadcrumbList","@id":"https:\/\/penosil.com\/lv\/produkt\/membranefix-629\/#breadcrumb","itemListElement":[{"@type":"ListItem","position":1,"name":"S\u0101kums","item":"https:\/\/penosil.com\/lv\/"},{"@type":"ListItem","position":2,"name":"Produkti","item":"https:\/\/penosil.com\/lv\/produkti\/"},{"@type":"ListItem","position":3,"name":"MembraneFix 629"}]},{"@type":"WebSite","@id":"https:\/\/penosil.com\/lv\/#website","url":"https:\/\/penosil.com\/lv\/","name":"Penosil Latvia","description":"","potentialAction":[{"@type":"SearchAction","target":{"@type":"EntryPoint","urlTemplate":"https:\/\/penosil.com\/lv\/?s={search_term_string}"},"query-input":{"@type":"PropertyValueSpecification","valueRequired":true,"valueName":"search_term_string"}}],"inLanguage":"lv-LV"}]}},"featured_img":"https:\/\/penosil.com\/lv\/wp-content\/uploads\/sites\/31\/2020\/03\/629_MembraneFix_629_LT_LV.png","coauthors":[],"author_meta":{"author_link":"https:\/\/penosil.com\/lv\/author\/olga\/","display_name":"Olga Ku\u010dmasova"},"relative_dates":{"created":"Posted 6 years ago","modified":"Updated 2 weeks ago"},"absolute_dates":{"created":"Posted on March 30, 2020","modified":"Updated on April 1, 2026"},"absolute_dates_time":{"created":"Posted on March 30, 2020 11:07 am","modified":"Updated on April 1, 2026 9:57 am"},"featured_img_caption":"","tax_additional":{"product_brand":{"linked":[],"unlinked":[],"slug":"product_brand","name":"Brands"},"product_type":{"linked":["<a href=\"https:\/\/penosil.com\/lv\/?taxonomy=product_type&#038;term=simple\" class=\"advgb-post-tax-term\">simple<\/a>"],"unlinked":["<span class=\"advgb-post-tax-term\">simple<\/span>"],"slug":"product_type","name":"Product type"},"product_visibility":{"linked":[],"unlinked":[],"slug":"product_visibility","name":"Product visibility"},"product_cat":{"linked":["<a href=\"https:\/\/penosil.com\/lv\/produkti\/produktu-grupas\/limes\/akrila-limes\/\" class=\"advgb-post-tax-term\">Akrila l\u012bmes<\/a>","<a href=\"https:\/\/penosil.com\/lv\/produkti\/produktu-grupas\/limes\/\" class=\"advgb-post-tax-term\">L\u012bmes<\/a>","<a href=\"https:\/\/penosil.com\/lv\/produkti\/pielietojums\/limesana\/\" class=\"advgb-post-tax-term\">L\u012bm\u0113\u0161ana<\/a>"],"unlinked":["<span class=\"advgb-post-tax-term\">Akrila l\u012bmes<\/span>","<span class=\"advgb-post-tax-term\">L\u012bmes<\/span>","<span class=\"advgb-post-tax-term\">L\u012bm\u0113\u0161ana<\/span>"],"slug":"product_cat","name":"Product categories"},"product_tag":{"linked":[],"unlinked":[],"slug":"product_tag","name":"Product tags"},"product_shipping_class":{"linked":[],"unlinked":[],"slug":"product_shipping_class","name":"Product shipping classes"},"pos_product_visibility":{"linked":[],"unlinked":[],"slug":"pos_product_visibility","name":"POS Product visibility"},"pa_color":{"linked":["<a href=\"https:\/\/penosil.com\/lv\/?taxonomy=pa_color&#038;term=blue-lv-2\" class=\"advgb-post-tax-term\">Zils<\/a>"],"unlinked":["<span class=\"advgb-post-tax-term\">Zils<\/span>"],"slug":"pa_color","name":"Product Colour"},"pa_diameter":{"linked":[],"unlinked":[],"slug":"pa_diameter","name":"Product Diameter"},"pa_package":{"linked":["<a href=\"https:\/\/penosil.com\/lv\/?taxonomy=pa_package&#038;term=290-ml-lv-2\" class=\"advgb-post-tax-term\">290 ml<\/a>"],"unlinked":["<span class=\"advgb-post-tax-term\">290 ml<\/span>"],"slug":"pa_package","name":"Product Package"},"pa_roll":{"linked":[],"unlinked":[],"slug":"pa_roll","name":"Product Roll"},"pa_widths":{"linked":[],"unlinked":[],"slug":"pa_widths","name":"Product Widths"},"translation_priority":{"linked":["<a href=\"https:\/\/penosil.com\/lv\/?taxonomy=translation_priority&#038;term=optional-lv\" class=\"advgb-post-tax-term\">Optional<\/a>"],"unlinked":["<span class=\"advgb-post-tax-term\">Optional<\/span>"],"slug":"translation_priority","name":"Translation Priorities"}},"series_order":"","_links":{"self":[{"href":"https:\/\/penosil.com\/lv\/wp-json\/wp\/v2\/product\/12252","targetHints":{"allow":["GET"]}}],"collection":[{"href":"https:\/\/penosil.com\/lv\/wp-json\/wp\/v2\/product"}],"about":[{"href":"https:\/\/penosil.com\/lv\/wp-json\/wp\/v2\/types\/product"}],"version-history":[{"count":5,"href":"https:\/\/penosil.com\/lv\/wp-json\/wp\/v2\/product\/12252\/revisions"}],"predecessor-version":[{"id":32951,"href":"https:\/\/penosil.com\/lv\/wp-json\/wp\/v2\/product\/12252\/revisions\/32951"}],"wp:featuredmedia":[{"embeddable":true,"href":"https:\/\/penosil.com\/lv\/wp-json\/wp\/v2\/media\/28810"}],"wp:attachment":[{"href":"https:\/\/penosil.com\/lv\/wp-json\/wp\/v2\/media?parent=12252"}],"wp:term":[{"taxonomy":"product_brand","embeddable":true,"href":"https:\/\/penosil.com\/lv\/wp-json\/wp\/v2\/product_brand?post=12252"},{"taxonomy":"product_cat","embeddable":true,"href":"https:\/\/penosil.com\/lv\/wp-json\/wp\/v2\/product_cat?post=12252"},{"taxonomy":"product_tag","embeddable":true,"href":"https:\/\/penosil.com\/lv\/wp-json\/wp\/v2\/product_tag?post=12252"}],"curies":[{"name":"wp","href":"https:\/\/api.w.org\/{rel}","templated":true}]}}