{"id":13402,"date":"2020-04-07T11:32:47","date_gmt":"2020-04-07T11:32:47","guid":{"rendered":"https:\/\/penosil.com\/lv\/?post_type=product&#038;p=13402"},"modified":"2026-05-07T07:26:38","modified_gmt":"2026-05-07T07:26:38","slug":"gaps-cracks-acrylic-sealant","status":"publish","type":"product","link":"https:\/\/penosil.com\/lv\/produkt\/gaps-cracks-acrylic-sealant\/","title":{"rendered":"Gaps &#038; Cracks Acrylic Sealant"},"content":{"rendered":"<p>Kr\u0101sojams akrila herm\u0113ti\u0137is spraugu un plaisu aizpild\u012b\u0161anai pirms kr\u0101so\u0161anas.<\/p>\n","protected":false},"excerpt":{"rendered":"Kr\u0101sojams spraugu un plaisu aizpild\u012bt\u0101js","protected":false},"author":4,"featured_media":13427,"template":"","meta":{"_acf_changed":false,"advgb_blocks_editor_width":"","advgb_blocks_columns_visual_guide":"","footnotes":""},"product_brand":[],"product_cat":[2506,2511],"product_tag":[],"class_list":{"0":"post-13402","1":"product","2":"type-product","3":"status-publish","4":"has-post-thumbnail","6":"product_cat-easypro","7":"product_cat-apdare-un-aizpildisana","9":"first","10":"instock","11":"taxable","12":"shipping-taxable","13":"purchasable","14":"product-type-simple"},"acf":[],"yoast_head":"<!-- This site is optimized with the Yoast SEO plugin v27.4 - https:\/\/yoast.com\/product\/yoast-seo-wordpress\/ -->\n<title>Kr\u0101sojams akrila herm\u0113ti\u0137is Gaps &amp; Cracks Acrylic Sealant<\/title>\n<meta name=\"description\" content=\"PENOSIL Gaps &amp; Cracks Acrylic Sealant kr\u0101sojams akrila herm\u0113ti\u0137is plaisu aizpild\u012b\u0161anai pirms kr\u0101so\u0161anas. Piem\u0113rots virsm\u0101m ar m\u0113renu kust\u012bbu.\" \/>\n<meta name=\"robots\" content=\"index, follow, max-snippet:-1, max-image-preview:large, max-video-preview:-1\" \/>\n<link rel=\"canonical\" href=\"https:\/\/penosil.com\/lv\/produkt\/gaps-cracks-acrylic-sealant\/\" \/>\n<meta property=\"og:locale\" content=\"lv_LV\" \/>\n<meta property=\"og:type\" content=\"article\" \/>\n<meta property=\"og:title\" content=\"Kr\u0101sojams akrila herm\u0113ti\u0137is Gaps &amp; Cracks Acrylic Sealant\" \/>\n<meta property=\"og:description\" content=\"PENOSIL Gaps &amp; Cracks Acrylic Sealant kr\u0101sojams akrila herm\u0113ti\u0137is plaisu aizpild\u012b\u0161anai pirms kr\u0101so\u0161anas. Piem\u0113rots virsm\u0101m ar m\u0113renu kust\u012bbu.\" \/>\n<meta property=\"og:url\" content=\"https:\/\/penosil.com\/lv\/produkt\/gaps-cracks-acrylic-sealant\/\" \/>\n<meta property=\"og:site_name\" content=\"Penosil Latvia\" \/>\n<meta property=\"article:modified_time\" content=\"2026-05-07T07:26:38+00:00\" \/>\n<meta property=\"og:image\" content=\"https:\/\/penosil.com\/lv\/wp-content\/uploads\/sites\/31\/2020\/04\/PENOSIL_Gaps_Cracks_Acrylic_Sealant_310ml_LV_RU_spatula-2.jpg\" \/>\n\t<meta property=\"og:image:width\" content=\"767\" \/>\n\t<meta property=\"og:image:height\" content=\"2102\" \/>\n\t<meta property=\"og:image:type\" content=\"image\/jpeg\" \/>\n<meta name=\"twitter:card\" content=\"summary_large_image\" \/>\n<meta name=\"twitter:label1\" content=\"Est. reading time\" \/>\n\t<meta name=\"twitter:data1\" content=\"3 minutes\" \/>\n<script type=\"application\/ld+json\" class=\"yoast-schema-graph\">{\"@context\":\"https:\\\/\\\/schema.org\",\"@graph\":[{\"@type\":\"WebPage\",\"@id\":\"https:\\\/\\\/penosil.com\\\/lv\\\/produkt\\\/gaps-cracks-acrylic-sealant\\\/\",\"url\":\"https:\\\/\\\/penosil.com\\\/lv\\\/produkt\\\/gaps-cracks-acrylic-sealant\\\/\",\"name\":\"Kr\u0101sojams akrila herm\u0113ti\u0137is Gaps & Cracks Acrylic Sealant\",\"isPartOf\":{\"@id\":\"https:\\\/\\\/penosil.com\\\/lv\\\/#website\"},\"primaryImageOfPage\":{\"@id\":\"https:\\\/\\\/penosil.com\\\/lv\\\/produkt\\\/gaps-cracks-acrylic-sealant\\\/#primaryimage\"},\"image\":{\"@id\":\"https:\\\/\\\/penosil.com\\\/lv\\\/produkt\\\/gaps-cracks-acrylic-sealant\\\/#primaryimage\"},\"thumbnailUrl\":\"https:\\\/\\\/penosil.com\\\/lv\\\/wp-content\\\/uploads\\\/sites\\\/31\\\/2020\\\/04\\\/PENOSIL_Gaps_Cracks_Acrylic_Sealant_310ml_LV_RU_spatula-2.jpg\",\"datePublished\":\"2020-04-07T11:32:47+00:00\",\"dateModified\":\"2026-05-07T07:26:38+00:00\",\"description\":\"PENOSIL Gaps & Cracks Acrylic Sealant kr\u0101sojams akrila herm\u0113ti\u0137is plaisu aizpild\u012b\u0161anai pirms kr\u0101so\u0161anas. Piem\u0113rots virsm\u0101m ar m\u0113renu kust\u012bbu.\",\"breadcrumb\":{\"@id\":\"https:\\\/\\\/penosil.com\\\/lv\\\/produkt\\\/gaps-cracks-acrylic-sealant\\\/#breadcrumb\"},\"inLanguage\":\"lv-LV\",\"potentialAction\":[{\"@type\":\"ReadAction\",\"target\":[\"https:\\\/\\\/penosil.com\\\/lv\\\/produkt\\\/gaps-cracks-acrylic-sealant\\\/\"]}]},{\"@type\":\"ImageObject\",\"inLanguage\":\"lv-LV\",\"@id\":\"https:\\\/\\\/penosil.com\\\/lv\\\/produkt\\\/gaps-cracks-acrylic-sealant\\\/#primaryimage\",\"url\":\"https:\\\/\\\/penosil.com\\\/lv\\\/wp-content\\\/uploads\\\/sites\\\/31\\\/2020\\\/04\\\/PENOSIL_Gaps_Cracks_Acrylic_Sealant_310ml_LV_RU_spatula-2.jpg\",\"contentUrl\":\"https:\\\/\\\/penosil.com\\\/lv\\\/wp-content\\\/uploads\\\/sites\\\/31\\\/2020\\\/04\\\/PENOSIL_Gaps_Cracks_Acrylic_Sealant_310ml_LV_RU_spatula-2.jpg\",\"width\":767,\"height\":2102,\"caption\":\"PENOSIL Gaps & Cracks Acrylic herm\u0113ti\u0137is\"},{\"@type\":\"BreadcrumbList\",\"@id\":\"https:\\\/\\\/penosil.com\\\/lv\\\/produkt\\\/gaps-cracks-acrylic-sealant\\\/#breadcrumb\",\"itemListElement\":[{\"@type\":\"ListItem\",\"position\":1,\"name\":\"S\u0101kums\",\"item\":\"https:\\\/\\\/penosil.com\\\/lv\\\/\"},{\"@type\":\"ListItem\",\"position\":2,\"name\":\"Produkti\",\"item\":\"https:\\\/\\\/penosil.com\\\/lv\\\/produkti\\\/\"},{\"@type\":\"ListItem\",\"position\":3,\"name\":\"Gaps &#038; Cracks Acrylic Sealant\"}]},{\"@type\":\"WebSite\",\"@id\":\"https:\\\/\\\/penosil.com\\\/lv\\\/#website\",\"url\":\"https:\\\/\\\/penosil.com\\\/lv\\\/\",\"name\":\"Penosil Latvia\",\"description\":\"\",\"potentialAction\":[{\"@type\":\"SearchAction\",\"target\":{\"@type\":\"EntryPoint\",\"urlTemplate\":\"https:\\\/\\\/penosil.com\\\/lv\\\/?s={search_term_string}\"},\"query-input\":{\"@type\":\"PropertyValueSpecification\",\"valueRequired\":true,\"valueName\":\"search_term_string\"}}],\"inLanguage\":\"lv-LV\"}]}<\/script>\n<!-- \/ Yoast SEO plugin. -->","yoast_head_json":{"title":"Kr\u0101sojams akrila herm\u0113ti\u0137is Gaps & Cracks Acrylic Sealant","description":"PENOSIL Gaps & Cracks Acrylic Sealant kr\u0101sojams akrila herm\u0113ti\u0137is plaisu aizpild\u012b\u0161anai pirms kr\u0101so\u0161anas. Piem\u0113rots virsm\u0101m ar m\u0113renu kust\u012bbu.","robots":{"index":"index","follow":"follow","max-snippet":"max-snippet:-1","max-image-preview":"max-image-preview:large","max-video-preview":"max-video-preview:-1"},"canonical":"https:\/\/penosil.com\/lv\/produkt\/gaps-cracks-acrylic-sealant\/","og_locale":"lv_LV","og_type":"article","og_title":"Kr\u0101sojams akrila herm\u0113ti\u0137is Gaps & Cracks Acrylic Sealant","og_description":"PENOSIL Gaps & Cracks Acrylic Sealant kr\u0101sojams akrila herm\u0113ti\u0137is plaisu aizpild\u012b\u0161anai pirms kr\u0101so\u0161anas. Piem\u0113rots virsm\u0101m ar m\u0113renu kust\u012bbu.","og_url":"https:\/\/penosil.com\/lv\/produkt\/gaps-cracks-acrylic-sealant\/","og_site_name":"Penosil Latvia","article_modified_time":"2026-05-07T07:26:38+00:00","og_image":[{"width":767,"height":2102,"url":"https:\/\/penosil.com\/lv\/wp-content\/uploads\/sites\/31\/2020\/04\/PENOSIL_Gaps_Cracks_Acrylic_Sealant_310ml_LV_RU_spatula-2.jpg","type":"image\/jpeg"}],"twitter_card":"summary_large_image","twitter_misc":{"Est. reading time":"3 minutes"},"schema":{"@context":"https:\/\/schema.org","@graph":[{"@type":"WebPage","@id":"https:\/\/penosil.com\/lv\/produkt\/gaps-cracks-acrylic-sealant\/","url":"https:\/\/penosil.com\/lv\/produkt\/gaps-cracks-acrylic-sealant\/","name":"Kr\u0101sojams akrila herm\u0113ti\u0137is Gaps & Cracks Acrylic Sealant","isPartOf":{"@id":"https:\/\/penosil.com\/lv\/#website"},"primaryImageOfPage":{"@id":"https:\/\/penosil.com\/lv\/produkt\/gaps-cracks-acrylic-sealant\/#primaryimage"},"image":{"@id":"https:\/\/penosil.com\/lv\/produkt\/gaps-cracks-acrylic-sealant\/#primaryimage"},"thumbnailUrl":"https:\/\/penosil.com\/lv\/wp-content\/uploads\/sites\/31\/2020\/04\/PENOSIL_Gaps_Cracks_Acrylic_Sealant_310ml_LV_RU_spatula-2.jpg","datePublished":"2020-04-07T11:32:47+00:00","dateModified":"2026-05-07T07:26:38+00:00","description":"PENOSIL Gaps & Cracks Acrylic Sealant kr\u0101sojams akrila herm\u0113ti\u0137is plaisu aizpild\u012b\u0161anai pirms kr\u0101so\u0161anas. Piem\u0113rots virsm\u0101m ar m\u0113renu kust\u012bbu.","breadcrumb":{"@id":"https:\/\/penosil.com\/lv\/produkt\/gaps-cracks-acrylic-sealant\/#breadcrumb"},"inLanguage":"lv-LV","potentialAction":[{"@type":"ReadAction","target":["https:\/\/penosil.com\/lv\/produkt\/gaps-cracks-acrylic-sealant\/"]}]},{"@type":"ImageObject","inLanguage":"lv-LV","@id":"https:\/\/penosil.com\/lv\/produkt\/gaps-cracks-acrylic-sealant\/#primaryimage","url":"https:\/\/penosil.com\/lv\/wp-content\/uploads\/sites\/31\/2020\/04\/PENOSIL_Gaps_Cracks_Acrylic_Sealant_310ml_LV_RU_spatula-2.jpg","contentUrl":"https:\/\/penosil.com\/lv\/wp-content\/uploads\/sites\/31\/2020\/04\/PENOSIL_Gaps_Cracks_Acrylic_Sealant_310ml_LV_RU_spatula-2.jpg","width":767,"height":2102,"caption":"PENOSIL Gaps & Cracks Acrylic herm\u0113ti\u0137is"},{"@type":"BreadcrumbList","@id":"https:\/\/penosil.com\/lv\/produkt\/gaps-cracks-acrylic-sealant\/#breadcrumb","itemListElement":[{"@type":"ListItem","position":1,"name":"S\u0101kums","item":"https:\/\/penosil.com\/lv\/"},{"@type":"ListItem","position":2,"name":"Produkti","item":"https:\/\/penosil.com\/lv\/produkti\/"},{"@type":"ListItem","position":3,"name":"Gaps &#038; Cracks Acrylic Sealant"}]},{"@type":"WebSite","@id":"https:\/\/penosil.com\/lv\/#website","url":"https:\/\/penosil.com\/lv\/","name":"Penosil Latvia","description":"","potentialAction":[{"@type":"SearchAction","target":{"@type":"EntryPoint","urlTemplate":"https:\/\/penosil.com\/lv\/?s={search_term_string}"},"query-input":{"@type":"PropertyValueSpecification","valueRequired":true,"valueName":"search_term_string"}}],"inLanguage":"lv-LV"}]}},"featured_img":"https:\/\/penosil.com\/lv\/wp-content\/uploads\/sites\/31\/2020\/04\/PENOSIL_Gaps_Cracks_Acrylic_Sealant_310ml_LV_RU_spatula-2.jpg","coauthors":[],"author_meta":{"author_link":"https:\/\/penosil.com\/lv\/author\/olga\/","display_name":"Olga Ku\u010dmasova"},"relative_dates":{"created":"Posted 6 years ago","modified":"Updated 14 hours ago"},"absolute_dates":{"created":"Posted on April 7, 2020","modified":"Updated on May 7, 2026"},"absolute_dates_time":{"created":"Posted on April 7, 2020 11:32 am","modified":"Updated on May 7, 2026 7:26 am"},"featured_img_caption":"","tax_additional":{"product_brand":{"linked":[],"unlinked":[],"slug":"product_brand","name":"Brands"},"product_type":{"linked":["<a href=\"https:\/\/penosil.com\/lv\/?taxonomy=product_type&#038;term=simple\" class=\"advgb-post-tax-term\">simple<\/a>"],"unlinked":["<span class=\"advgb-post-tax-term\">simple<\/span>"],"slug":"product_type","name":"Product type"},"product_visibility":{"linked":[],"unlinked":[],"slug":"product_visibility","name":"Product visibility"},"product_cat":{"linked":["<a href=\"https:\/\/penosil.com\/lv\/produkti\/easypro\/\" class=\"advgb-post-tax-term\">EasyPRO<\/a>","<a href=\"https:\/\/penosil.com\/lv\/produkti\/easypro\/apdare-un-aizpildisana\/\" class=\"advgb-post-tax-term\">Apdare un aizpild\u012b\u0161ana<\/a>"],"unlinked":["<span class=\"advgb-post-tax-term\">EasyPRO<\/span>","<span class=\"advgb-post-tax-term\">Apdare un aizpild\u012b\u0161ana<\/span>"],"slug":"product_cat","name":"Product categories"},"product_tag":{"linked":[],"unlinked":[],"slug":"product_tag","name":"Product tags"},"product_shipping_class":{"linked":[],"unlinked":[],"slug":"product_shipping_class","name":"Product shipping classes"},"pos_product_visibility":{"linked":[],"unlinked":[],"slug":"pos_product_visibility","name":"POS Product visibility"},"pa_color":{"linked":["<a href=\"https:\/\/penosil.com\/lv\/?taxonomy=pa_color&#038;term=white-lv-2\" class=\"advgb-post-tax-term\">Balts<\/a>"],"unlinked":["<span class=\"advgb-post-tax-term\">Balts<\/span>"],"slug":"pa_color","name":"Product Colour"},"pa_diameter":{"linked":[],"unlinked":[],"slug":"pa_diameter","name":"Product Diameter"},"pa_package":{"linked":["<a href=\"https:\/\/penosil.com\/lv\/?taxonomy=pa_package&#038;term=310-ml-lv\" class=\"advgb-post-tax-term\">310 ml<\/a>"],"unlinked":["<span class=\"advgb-post-tax-term\">310 ml<\/span>"],"slug":"pa_package","name":"Product Package"},"pa_roll":{"linked":[],"unlinked":[],"slug":"pa_roll","name":"Product Roll"},"pa_widths":{"linked":[],"unlinked":[],"slug":"pa_widths","name":"Product Widths"},"translation_priority":{"linked":["<a href=\"https:\/\/penosil.com\/lv\/?taxonomy=translation_priority&#038;term=optional-lv\" class=\"advgb-post-tax-term\">Optional<\/a>"],"unlinked":["<span class=\"advgb-post-tax-term\">Optional<\/span>"],"slug":"translation_priority","name":"Translation Priorities"}},"series_order":"","_links":{"self":[{"href":"https:\/\/penosil.com\/lv\/wp-json\/wp\/v2\/product\/13402","targetHints":{"allow":["GET"]}}],"collection":[{"href":"https:\/\/penosil.com\/lv\/wp-json\/wp\/v2\/product"}],"about":[{"href":"https:\/\/penosil.com\/lv\/wp-json\/wp\/v2\/types\/product"}],"version-history":[{"count":4,"href":"https:\/\/penosil.com\/lv\/wp-json\/wp\/v2\/product\/13402\/revisions"}],"predecessor-version":[{"id":33389,"href":"https:\/\/penosil.com\/lv\/wp-json\/wp\/v2\/product\/13402\/revisions\/33389"}],"wp:featuredmedia":[{"embeddable":true,"href":"https:\/\/penosil.com\/lv\/wp-json\/wp\/v2\/media\/13427"}],"wp:attachment":[{"href":"https:\/\/penosil.com\/lv\/wp-json\/wp\/v2\/media?parent=13402"}],"wp:term":[{"taxonomy":"product_brand","embeddable":true,"href":"https:\/\/penosil.com\/lv\/wp-json\/wp\/v2\/product_brand?post=13402"},{"taxonomy":"product_cat","embeddable":true,"href":"https:\/\/penosil.com\/lv\/wp-json\/wp\/v2\/product_cat?post=13402"},{"taxonomy":"product_tag","embeddable":true,"href":"https:\/\/penosil.com\/lv\/wp-json\/wp\/v2\/product_tag?post=13402"}],"curies":[{"name":"wp","href":"https:\/\/api.w.org\/{rel}","templated":true}]}}