{"id":15985,"date":"2020-04-23T12:51:55","date_gmt":"2020-04-23T12:51:55","guid":{"rendered":"https:\/\/penosil.com\/lv\/?post_type=product&#038;p=15985"},"modified":"2026-04-29T06:21:40","modified_gmt":"2026-04-29T06:21:40","slug":"stop-fungi","status":"publish","type":"product","link":"https:\/\/penosil.com\/lv\/produkt\/stop-fungi\/","title":{"rendered":"Stop Fungi"},"content":{"rendered":"<p>PENOSIL Stop Fungi Silicone Sealant ir silikona herm\u0113ti\u0137is t\u012brai un vesel\u012bgai vannas istabai.<\/p>\n","protected":false},"excerpt":{"rendered":"Pret pel\u0113jumu iztur\u012bgs silikona herm\u0113ti\u0137is","protected":false},"author":4,"featured_media":15986,"template":"","meta":{"_acf_changed":false,"advgb_blocks_editor_width":"","advgb_blocks_columns_visual_guide":"","footnotes":""},"product_brand":[],"product_cat":[2506,2510],"product_tag":[],"class_list":{"0":"post-15985","1":"product","2":"type-product","3":"status-publish","4":"has-post-thumbnail","6":"product_cat-easypro","7":"product_cat-virtuves-un-vannasistabas","9":"first","10":"instock","11":"taxable","12":"shipping-taxable","13":"purchasable","14":"product-type-variable","15":"has-default-attributes"},"acf":[],"yoast_head":"<!-- This site is optimized with the Yoast SEO plugin v27.4 - https:\/\/yoast.com\/product\/yoast-seo-wordpress\/ -->\n<title>Stop Fungi - Penosil Latvia<\/title>\n<meta name=\"description\" content=\"Piln\u012bga sa\u0137ere ar liel\u0101ko da\u013cu virsmu padara PENOSIL Stop Fungi silikona herm\u0113ti\u0137i \u016bdensiztur\u012bgu jau 30 min\u016btes p\u0113c uzkl\u0101\u0161anas.\" \/>\n<meta name=\"robots\" content=\"index, follow, max-snippet:-1, max-image-preview:large, max-video-preview:-1\" \/>\n<link rel=\"canonical\" href=\"https:\/\/penosil.com\/lv\/produkt\/stop-fungi\/\" \/>\n<meta property=\"og:locale\" content=\"lv_LV\" \/>\n<meta property=\"og:type\" content=\"article\" \/>\n<meta property=\"og:title\" content=\"Stop Fungi - Penosil Latvia\" \/>\n<meta property=\"og:description\" content=\"Piln\u012bga sa\u0137ere ar liel\u0101ko da\u013cu virsmu padara PENOSIL Stop Fungi silikona herm\u0113ti\u0137i \u016bdensiztur\u012bgu jau 30 min\u016btes p\u0113c uzkl\u0101\u0161anas.\" \/>\n<meta property=\"og:url\" content=\"https:\/\/penosil.com\/lv\/produkt\/stop-fungi\/\" \/>\n<meta property=\"og:site_name\" content=\"Penosil Latvia\" \/>\n<meta property=\"article:modified_time\" content=\"2026-04-29T06:21:40+00:00\" \/>\n<meta property=\"og:image\" content=\"https:\/\/penosil.com\/lv\/wp-content\/uploads\/sites\/31\/2020\/04\/PENOSIL_Stop_Fungi_Silicone_310ml_LV_RU_spatula.png\" \/>\n\t<meta property=\"og:image:width\" content=\"424\" \/>\n\t<meta property=\"og:image:height\" content=\"1424\" \/>\n\t<meta property=\"og:image:type\" content=\"image\/png\" \/>\n<meta name=\"twitter:card\" content=\"summary_large_image\" \/>\n<meta name=\"twitter:label1\" content=\"Est. reading time\" \/>\n\t<meta name=\"twitter:data1\" content=\"3 minutes\" \/>\n<script type=\"application\/ld+json\" class=\"yoast-schema-graph\">{\"@context\":\"https:\\\/\\\/schema.org\",\"@graph\":[{\"@type\":\"WebPage\",\"@id\":\"https:\\\/\\\/penosil.com\\\/lv\\\/produkt\\\/stop-fungi\\\/\",\"url\":\"https:\\\/\\\/penosil.com\\\/lv\\\/produkt\\\/stop-fungi\\\/\",\"name\":\"Stop Fungi - Penosil Latvia\",\"isPartOf\":{\"@id\":\"https:\\\/\\\/penosil.com\\\/lv\\\/#website\"},\"primaryImageOfPage\":{\"@id\":\"https:\\\/\\\/penosil.com\\\/lv\\\/produkt\\\/stop-fungi\\\/#primaryimage\"},\"image\":{\"@id\":\"https:\\\/\\\/penosil.com\\\/lv\\\/produkt\\\/stop-fungi\\\/#primaryimage\"},\"thumbnailUrl\":\"https:\\\/\\\/penosil.com\\\/lv\\\/wp-content\\\/uploads\\\/sites\\\/31\\\/2020\\\/04\\\/PENOSIL_Stop_Fungi_Silicone_310ml_LV_RU_spatula.png\",\"datePublished\":\"2020-04-23T12:51:55+00:00\",\"dateModified\":\"2026-04-29T06:21:40+00:00\",\"description\":\"Piln\u012bga sa\u0137ere ar liel\u0101ko da\u013cu virsmu padara PENOSIL Stop Fungi silikona herm\u0113ti\u0137i \u016bdensiztur\u012bgu jau 30 min\u016btes p\u0113c uzkl\u0101\u0161anas.\",\"breadcrumb\":{\"@id\":\"https:\\\/\\\/penosil.com\\\/lv\\\/produkt\\\/stop-fungi\\\/#breadcrumb\"},\"inLanguage\":\"lv-LV\",\"potentialAction\":[{\"@type\":\"ReadAction\",\"target\":[\"https:\\\/\\\/penosil.com\\\/lv\\\/produkt\\\/stop-fungi\\\/\"]}]},{\"@type\":\"ImageObject\",\"inLanguage\":\"lv-LV\",\"@id\":\"https:\\\/\\\/penosil.com\\\/lv\\\/produkt\\\/stop-fungi\\\/#primaryimage\",\"url\":\"https:\\\/\\\/penosil.com\\\/lv\\\/wp-content\\\/uploads\\\/sites\\\/31\\\/2020\\\/04\\\/PENOSIL_Stop_Fungi_Silicone_310ml_LV_RU_spatula.png\",\"contentUrl\":\"https:\\\/\\\/penosil.com\\\/lv\\\/wp-content\\\/uploads\\\/sites\\\/31\\\/2020\\\/04\\\/PENOSIL_Stop_Fungi_Silicone_310ml_LV_RU_spatula.png\",\"width\":424,\"height\":1424,\"caption\":\"PENOSIL Stop Fungi silikona herm\u0113ti\u0137is\"},{\"@type\":\"BreadcrumbList\",\"@id\":\"https:\\\/\\\/penosil.com\\\/lv\\\/produkt\\\/stop-fungi\\\/#breadcrumb\",\"itemListElement\":[{\"@type\":\"ListItem\",\"position\":1,\"name\":\"S\u0101kums\",\"item\":\"https:\\\/\\\/penosil.com\\\/lv\\\/\"},{\"@type\":\"ListItem\",\"position\":2,\"name\":\"Produkti\",\"item\":\"https:\\\/\\\/penosil.com\\\/lv\\\/produkti\\\/\"},{\"@type\":\"ListItem\",\"position\":3,\"name\":\"Stop Fungi\"}]},{\"@type\":\"WebSite\",\"@id\":\"https:\\\/\\\/penosil.com\\\/lv\\\/#website\",\"url\":\"https:\\\/\\\/penosil.com\\\/lv\\\/\",\"name\":\"Penosil Latvia\",\"description\":\"\",\"potentialAction\":[{\"@type\":\"SearchAction\",\"target\":{\"@type\":\"EntryPoint\",\"urlTemplate\":\"https:\\\/\\\/penosil.com\\\/lv\\\/?s={search_term_string}\"},\"query-input\":{\"@type\":\"PropertyValueSpecification\",\"valueRequired\":true,\"valueName\":\"search_term_string\"}}],\"inLanguage\":\"lv-LV\"}]}<\/script>\n<!-- \/ Yoast SEO plugin. -->","yoast_head_json":{"title":"Stop Fungi - Penosil Latvia","description":"Piln\u012bga sa\u0137ere ar liel\u0101ko da\u013cu virsmu padara PENOSIL Stop Fungi silikona herm\u0113ti\u0137i \u016bdensiztur\u012bgu jau 30 min\u016btes p\u0113c uzkl\u0101\u0161anas.","robots":{"index":"index","follow":"follow","max-snippet":"max-snippet:-1","max-image-preview":"max-image-preview:large","max-video-preview":"max-video-preview:-1"},"canonical":"https:\/\/penosil.com\/lv\/produkt\/stop-fungi\/","og_locale":"lv_LV","og_type":"article","og_title":"Stop Fungi - Penosil Latvia","og_description":"Piln\u012bga sa\u0137ere ar liel\u0101ko da\u013cu virsmu padara PENOSIL Stop Fungi silikona herm\u0113ti\u0137i \u016bdensiztur\u012bgu jau 30 min\u016btes p\u0113c uzkl\u0101\u0161anas.","og_url":"https:\/\/penosil.com\/lv\/produkt\/stop-fungi\/","og_site_name":"Penosil Latvia","article_modified_time":"2026-04-29T06:21:40+00:00","og_image":[{"width":424,"height":1424,"url":"https:\/\/penosil.com\/lv\/wp-content\/uploads\/sites\/31\/2020\/04\/PENOSIL_Stop_Fungi_Silicone_310ml_LV_RU_spatula.png","type":"image\/png"}],"twitter_card":"summary_large_image","twitter_misc":{"Est. reading time":"3 minutes"},"schema":{"@context":"https:\/\/schema.org","@graph":[{"@type":"WebPage","@id":"https:\/\/penosil.com\/lv\/produkt\/stop-fungi\/","url":"https:\/\/penosil.com\/lv\/produkt\/stop-fungi\/","name":"Stop Fungi - Penosil Latvia","isPartOf":{"@id":"https:\/\/penosil.com\/lv\/#website"},"primaryImageOfPage":{"@id":"https:\/\/penosil.com\/lv\/produkt\/stop-fungi\/#primaryimage"},"image":{"@id":"https:\/\/penosil.com\/lv\/produkt\/stop-fungi\/#primaryimage"},"thumbnailUrl":"https:\/\/penosil.com\/lv\/wp-content\/uploads\/sites\/31\/2020\/04\/PENOSIL_Stop_Fungi_Silicone_310ml_LV_RU_spatula.png","datePublished":"2020-04-23T12:51:55+00:00","dateModified":"2026-04-29T06:21:40+00:00","description":"Piln\u012bga sa\u0137ere ar liel\u0101ko da\u013cu virsmu padara PENOSIL Stop Fungi silikona herm\u0113ti\u0137i \u016bdensiztur\u012bgu jau 30 min\u016btes p\u0113c uzkl\u0101\u0161anas.","breadcrumb":{"@id":"https:\/\/penosil.com\/lv\/produkt\/stop-fungi\/#breadcrumb"},"inLanguage":"lv-LV","potentialAction":[{"@type":"ReadAction","target":["https:\/\/penosil.com\/lv\/produkt\/stop-fungi\/"]}]},{"@type":"ImageObject","inLanguage":"lv-LV","@id":"https:\/\/penosil.com\/lv\/produkt\/stop-fungi\/#primaryimage","url":"https:\/\/penosil.com\/lv\/wp-content\/uploads\/sites\/31\/2020\/04\/PENOSIL_Stop_Fungi_Silicone_310ml_LV_RU_spatula.png","contentUrl":"https:\/\/penosil.com\/lv\/wp-content\/uploads\/sites\/31\/2020\/04\/PENOSIL_Stop_Fungi_Silicone_310ml_LV_RU_spatula.png","width":424,"height":1424,"caption":"PENOSIL Stop Fungi silikona herm\u0113ti\u0137is"},{"@type":"BreadcrumbList","@id":"https:\/\/penosil.com\/lv\/produkt\/stop-fungi\/#breadcrumb","itemListElement":[{"@type":"ListItem","position":1,"name":"S\u0101kums","item":"https:\/\/penosil.com\/lv\/"},{"@type":"ListItem","position":2,"name":"Produkti","item":"https:\/\/penosil.com\/lv\/produkti\/"},{"@type":"ListItem","position":3,"name":"Stop Fungi"}]},{"@type":"WebSite","@id":"https:\/\/penosil.com\/lv\/#website","url":"https:\/\/penosil.com\/lv\/","name":"Penosil Latvia","description":"","potentialAction":[{"@type":"SearchAction","target":{"@type":"EntryPoint","urlTemplate":"https:\/\/penosil.com\/lv\/?s={search_term_string}"},"query-input":{"@type":"PropertyValueSpecification","valueRequired":true,"valueName":"search_term_string"}}],"inLanguage":"lv-LV"}]}},"featured_img":"https:\/\/penosil.com\/lv\/wp-content\/uploads\/sites\/31\/2020\/04\/PENOSIL_Stop_Fungi_Silicone_310ml_LV_RU_spatula.png","coauthors":[],"author_meta":{"author_link":"https:\/\/penosil.com\/lv\/author\/olga\/","display_name":"Olga Ku\u010dmasova"},"relative_dates":{"created":"Posted 6 years ago","modified":"Updated 7 days ago"},"absolute_dates":{"created":"Posted on April 23, 2020","modified":"Updated on April 29, 2026"},"absolute_dates_time":{"created":"Posted on April 23, 2020 12:51 pm","modified":"Updated on April 29, 2026 6:21 am"},"featured_img_caption":"","tax_additional":{"product_brand":{"linked":[],"unlinked":[],"slug":"product_brand","name":"Brands"},"product_type":{"linked":["<a href=\"https:\/\/penosil.com\/lv\/?taxonomy=product_type&#038;term=variable\" class=\"advgb-post-tax-term\">variable<\/a>"],"unlinked":["<span class=\"advgb-post-tax-term\">variable<\/span>"],"slug":"product_type","name":"Product type"},"product_visibility":{"linked":[],"unlinked":[],"slug":"product_visibility","name":"Product visibility"},"product_cat":{"linked":["<a href=\"https:\/\/penosil.com\/lv\/produkti\/easypro\/\" class=\"advgb-post-tax-term\">EasyPRO<\/a>","<a href=\"https:\/\/penosil.com\/lv\/produkti\/easypro\/virtuves-un-vannasistabas\/\" class=\"advgb-post-tax-term\">Virtuves un vannasistabas<\/a>"],"unlinked":["<span class=\"advgb-post-tax-term\">EasyPRO<\/span>","<span class=\"advgb-post-tax-term\">Virtuves un vannasistabas<\/span>"],"slug":"product_cat","name":"Product categories"},"product_tag":{"linked":[],"unlinked":[],"slug":"product_tag","name":"Product tags"},"product_shipping_class":{"linked":[],"unlinked":[],"slug":"product_shipping_class","name":"Product shipping classes"},"pos_product_visibility":{"linked":[],"unlinked":[],"slug":"pos_product_visibility","name":"POS Product visibility"},"pa_color":{"linked":["<a href=\"https:\/\/penosil.com\/lv\/?taxonomy=pa_color&#038;term=transparent-lv-2\" class=\"advgb-post-tax-term\">Caursp\u012bd\u012bgs<\/a>","<a href=\"https:\/\/penosil.com\/lv\/?taxonomy=pa_color&#038;term=white-lv-2\" class=\"advgb-post-tax-term\">Balts<\/a>"],"unlinked":["<span class=\"advgb-post-tax-term\">Caursp\u012bd\u012bgs<\/span>","<span class=\"advgb-post-tax-term\">Balts<\/span>"],"slug":"pa_color","name":"Product Colour"},"pa_diameter":{"linked":[],"unlinked":[],"slug":"pa_diameter","name":"Product Diameter"},"pa_package":{"linked":["<a href=\"https:\/\/penosil.com\/lv\/?taxonomy=pa_package&#038;term=310-ml-lv\" class=\"advgb-post-tax-term\">310 ml<\/a>"],"unlinked":["<span class=\"advgb-post-tax-term\">310 ml<\/span>"],"slug":"pa_package","name":"Product Package"},"pa_roll":{"linked":[],"unlinked":[],"slug":"pa_roll","name":"Product Roll"},"pa_widths":{"linked":[],"unlinked":[],"slug":"pa_widths","name":"Product Widths"},"translation_priority":{"linked":["<a href=\"https:\/\/penosil.com\/lv\/?taxonomy=translation_priority&#038;term=optional-lv\" class=\"advgb-post-tax-term\">Optional<\/a>"],"unlinked":["<span class=\"advgb-post-tax-term\">Optional<\/span>"],"slug":"translation_priority","name":"Translation Priorities"}},"series_order":"","_links":{"self":[{"href":"https:\/\/penosil.com\/lv\/wp-json\/wp\/v2\/product\/15985","targetHints":{"allow":["GET"]}}],"collection":[{"href":"https:\/\/penosil.com\/lv\/wp-json\/wp\/v2\/product"}],"about":[{"href":"https:\/\/penosil.com\/lv\/wp-json\/wp\/v2\/types\/product"}],"version-history":[{"count":5,"href":"https:\/\/penosil.com\/lv\/wp-json\/wp\/v2\/product\/15985\/revisions"}],"predecessor-version":[{"id":33440,"href":"https:\/\/penosil.com\/lv\/wp-json\/wp\/v2\/product\/15985\/revisions\/33440"}],"wp:featuredmedia":[{"embeddable":true,"href":"https:\/\/penosil.com\/lv\/wp-json\/wp\/v2\/media\/15986"}],"wp:attachment":[{"href":"https:\/\/penosil.com\/lv\/wp-json\/wp\/v2\/media?parent=15985"}],"wp:term":[{"taxonomy":"product_brand","embeddable":true,"href":"https:\/\/penosil.com\/lv\/wp-json\/wp\/v2\/product_brand?post=15985"},{"taxonomy":"product_cat","embeddable":true,"href":"https:\/\/penosil.com\/lv\/wp-json\/wp\/v2\/product_cat?post=15985"},{"taxonomy":"product_tag","embeddable":true,"href":"https:\/\/penosil.com\/lv\/wp-json\/wp\/v2\/product_tag?post=15985"}],"curies":[{"name":"wp","href":"https:\/\/api.w.org\/{rel}","templated":true}]}}