{"id":16185,"date":"2020-04-27T11:21:00","date_gmt":"2020-04-27T11:21:00","guid":{"rendered":"https:\/\/penosil.com\/lv\/?post_type=product&#038;p=16185"},"modified":"2026-04-20T13:42:00","modified_gmt":"2026-04-20T13:42:00","slug":"betclean-464","status":"publish","type":"product","link":"https:\/\/penosil.com\/lv\/produkt\/betclean-464\/","title":{"rendered":"BetClean 464"},"content":{"rendered":"<p>PENOSIL BetClean 464 ir t\u012br\u012bt\u0101js cementu saturo\u0161u traipu no\u0146em\u0161anai no akmens virsm\u0101m, betona un keramiskaj\u0101m fl\u012bz\u0113m. Piem\u0113rots ar\u012b s\u0101ls traipu likvid\u0113\u0161anai.<\/p>\n","protected":false},"excerpt":{"rendered":"Mazg\u0101\u0161anas l\u012bdzeklis cementa mais\u012bjumu traipu t\u012br\u012b\u0161anai","protected":false},"author":4,"featured_media":32368,"template":"","meta":{"_acf_changed":false,"advgb_blocks_editor_width":"","advgb_blocks_columns_visual_guide":"","footnotes":""},"product_brand":[],"product_cat":[2613,1823,2495],"product_tag":[],"class_list":{"0":"post-16185","1":"product","2":"type-product","3":"status-publish","4":"has-post-thumbnail","6":"product_cat-tiritaji","7":"product_cat-tiritaji-un-instrumenti","8":"product_cat-tirisana","10":"first","11":"instock","12":"taxable","13":"shipping-taxable","14":"purchasable","15":"product-type-simple"},"acf":[],"yoast_head":"<!-- This site is optimized with the Yoast SEO plugin v27.4 - https:\/\/yoast.com\/product\/yoast-seo-wordpress\/ -->\n<title>BetClean464 L\u012bdzeklis cementa mais\u012bjumu traipu t\u012br\u012b\u0161anai<\/title>\n<meta name=\"description\" content=\"PENOSIL BetClean 464 ir \u012bpa\u0161s mazg\u0101\u0161anas l\u012bdzeklis cementa mais\u012bjumu traipu t\u012br\u012b\u0161anai no akmens virsm\u0101m, betona un keramikas fl\u012bz\u0113m.\" \/>\n<meta name=\"robots\" content=\"index, follow, max-snippet:-1, max-image-preview:large, max-video-preview:-1\" \/>\n<link rel=\"canonical\" href=\"https:\/\/penosil.com\/lv\/produkt\/betclean-464\/\" \/>\n<meta property=\"og:locale\" content=\"lv_LV\" \/>\n<meta property=\"og:type\" content=\"article\" \/>\n<meta property=\"og:title\" content=\"BetClean464 L\u012bdzeklis cementa mais\u012bjumu traipu t\u012br\u012b\u0161anai\" \/>\n<meta property=\"og:description\" content=\"PENOSIL BetClean 464 ir \u012bpa\u0161s mazg\u0101\u0161anas l\u012bdzeklis cementa mais\u012bjumu traipu t\u012br\u012b\u0161anai no akmens virsm\u0101m, betona un keramikas fl\u012bz\u0113m.\" \/>\n<meta property=\"og:url\" content=\"https:\/\/penosil.com\/lv\/produkt\/betclean-464\/\" \/>\n<meta property=\"og:site_name\" content=\"Penosil Latvia\" \/>\n<meta property=\"article:modified_time\" content=\"2026-04-20T13:42:00+00:00\" \/>\n<meta property=\"og:image\" content=\"https:\/\/penosil.com\/lv\/wp-content\/uploads\/sites\/31\/2020\/04\/464_BetClean_464_1l_EE_LT_LV_RU-Copy.png\" \/>\n\t<meta property=\"og:image:width\" content=\"523\" \/>\n\t<meta property=\"og:image:height\" content=\"1080\" \/>\n\t<meta property=\"og:image:type\" content=\"image\/png\" \/>\n<meta name=\"twitter:card\" content=\"summary_large_image\" \/>\n<meta name=\"twitter:label1\" content=\"Est. reading time\" \/>\n\t<meta name=\"twitter:data1\" content=\"2 minutes\" \/>\n<script type=\"application\/ld+json\" class=\"yoast-schema-graph\">{\"@context\":\"https:\\\/\\\/schema.org\",\"@graph\":[{\"@type\":\"WebPage\",\"@id\":\"https:\\\/\\\/penosil.com\\\/lv\\\/produkt\\\/betclean-464\\\/\",\"url\":\"https:\\\/\\\/penosil.com\\\/lv\\\/produkt\\\/betclean-464\\\/\",\"name\":\"BetClean464 L\u012bdzeklis cementa mais\u012bjumu traipu t\u012br\u012b\u0161anai\",\"isPartOf\":{\"@id\":\"https:\\\/\\\/penosil.com\\\/lv\\\/#website\"},\"primaryImageOfPage\":{\"@id\":\"https:\\\/\\\/penosil.com\\\/lv\\\/produkt\\\/betclean-464\\\/#primaryimage\"},\"image\":{\"@id\":\"https:\\\/\\\/penosil.com\\\/lv\\\/produkt\\\/betclean-464\\\/#primaryimage\"},\"thumbnailUrl\":\"https:\\\/\\\/penosil.com\\\/lv\\\/wp-content\\\/uploads\\\/sites\\\/31\\\/2025\\\/06\\\/464_BetClean_464_5l_EE_LT_LV_RU20-20Copy.png\",\"datePublished\":\"2020-04-27T11:21:00+00:00\",\"dateModified\":\"2026-04-20T13:42:00+00:00\",\"description\":\"PENOSIL BetClean 464 ir \u012bpa\u0161s mazg\u0101\u0161anas l\u012bdzeklis cementa mais\u012bjumu traipu t\u012br\u012b\u0161anai no akmens virsm\u0101m, betona un keramikas fl\u012bz\u0113m.\",\"breadcrumb\":{\"@id\":\"https:\\\/\\\/penosil.com\\\/lv\\\/produkt\\\/betclean-464\\\/#breadcrumb\"},\"inLanguage\":\"lv-LV\",\"potentialAction\":[{\"@type\":\"ReadAction\",\"target\":[\"https:\\\/\\\/penosil.com\\\/lv\\\/produkt\\\/betclean-464\\\/\"]}]},{\"@type\":\"ImageObject\",\"inLanguage\":\"lv-LV\",\"@id\":\"https:\\\/\\\/penosil.com\\\/lv\\\/produkt\\\/betclean-464\\\/#primaryimage\",\"url\":\"https:\\\/\\\/penosil.com\\\/lv\\\/wp-content\\\/uploads\\\/sites\\\/31\\\/2025\\\/06\\\/464_BetClean_464_5l_EE_LT_LV_RU20-20Copy.png\",\"contentUrl\":\"https:\\\/\\\/penosil.com\\\/lv\\\/wp-content\\\/uploads\\\/sites\\\/31\\\/2025\\\/06\\\/464_BetClean_464_5l_EE_LT_LV_RU20-20Copy.png\",\"width\":640,\"height\":864},{\"@type\":\"BreadcrumbList\",\"@id\":\"https:\\\/\\\/penosil.com\\\/lv\\\/produkt\\\/betclean-464\\\/#breadcrumb\",\"itemListElement\":[{\"@type\":\"ListItem\",\"position\":1,\"name\":\"S\u0101kums\",\"item\":\"https:\\\/\\\/penosil.com\\\/lv\\\/\"},{\"@type\":\"ListItem\",\"position\":2,\"name\":\"Produkti\",\"item\":\"https:\\\/\\\/penosil.com\\\/lv\\\/produkti\\\/\"},{\"@type\":\"ListItem\",\"position\":3,\"name\":\"BetClean 464\"}]},{\"@type\":\"WebSite\",\"@id\":\"https:\\\/\\\/penosil.com\\\/lv\\\/#website\",\"url\":\"https:\\\/\\\/penosil.com\\\/lv\\\/\",\"name\":\"Penosil Latvia\",\"description\":\"\",\"potentialAction\":[{\"@type\":\"SearchAction\",\"target\":{\"@type\":\"EntryPoint\",\"urlTemplate\":\"https:\\\/\\\/penosil.com\\\/lv\\\/?s={search_term_string}\"},\"query-input\":{\"@type\":\"PropertyValueSpecification\",\"valueRequired\":true,\"valueName\":\"search_term_string\"}}],\"inLanguage\":\"lv-LV\"}]}<\/script>\n<!-- \/ Yoast SEO plugin. -->","yoast_head_json":{"title":"BetClean464 L\u012bdzeklis cementa mais\u012bjumu traipu t\u012br\u012b\u0161anai","description":"PENOSIL BetClean 464 ir \u012bpa\u0161s mazg\u0101\u0161anas l\u012bdzeklis cementa mais\u012bjumu traipu t\u012br\u012b\u0161anai no akmens virsm\u0101m, betona un keramikas fl\u012bz\u0113m.","robots":{"index":"index","follow":"follow","max-snippet":"max-snippet:-1","max-image-preview":"max-image-preview:large","max-video-preview":"max-video-preview:-1"},"canonical":"https:\/\/penosil.com\/lv\/produkt\/betclean-464\/","og_locale":"lv_LV","og_type":"article","og_title":"BetClean464 L\u012bdzeklis cementa mais\u012bjumu traipu t\u012br\u012b\u0161anai","og_description":"PENOSIL BetClean 464 ir \u012bpa\u0161s mazg\u0101\u0161anas l\u012bdzeklis cementa mais\u012bjumu traipu t\u012br\u012b\u0161anai no akmens virsm\u0101m, betona un keramikas fl\u012bz\u0113m.","og_url":"https:\/\/penosil.com\/lv\/produkt\/betclean-464\/","og_site_name":"Penosil Latvia","article_modified_time":"2026-04-20T13:42:00+00:00","og_image":[{"width":523,"height":1080,"url":"https:\/\/penosil.com\/lv\/wp-content\/uploads\/sites\/31\/2020\/04\/464_BetClean_464_1l_EE_LT_LV_RU-Copy.png","type":"image\/png"}],"twitter_card":"summary_large_image","twitter_misc":{"Est. reading time":"2 minutes"},"schema":{"@context":"https:\/\/schema.org","@graph":[{"@type":"WebPage","@id":"https:\/\/penosil.com\/lv\/produkt\/betclean-464\/","url":"https:\/\/penosil.com\/lv\/produkt\/betclean-464\/","name":"BetClean464 L\u012bdzeklis cementa mais\u012bjumu traipu t\u012br\u012b\u0161anai","isPartOf":{"@id":"https:\/\/penosil.com\/lv\/#website"},"primaryImageOfPage":{"@id":"https:\/\/penosil.com\/lv\/produkt\/betclean-464\/#primaryimage"},"image":{"@id":"https:\/\/penosil.com\/lv\/produkt\/betclean-464\/#primaryimage"},"thumbnailUrl":"https:\/\/penosil.com\/lv\/wp-content\/uploads\/sites\/31\/2025\/06\/464_BetClean_464_5l_EE_LT_LV_RU20-20Copy.png","datePublished":"2020-04-27T11:21:00+00:00","dateModified":"2026-04-20T13:42:00+00:00","description":"PENOSIL BetClean 464 ir \u012bpa\u0161s mazg\u0101\u0161anas l\u012bdzeklis cementa mais\u012bjumu traipu t\u012br\u012b\u0161anai no akmens virsm\u0101m, betona un keramikas fl\u012bz\u0113m.","breadcrumb":{"@id":"https:\/\/penosil.com\/lv\/produkt\/betclean-464\/#breadcrumb"},"inLanguage":"lv-LV","potentialAction":[{"@type":"ReadAction","target":["https:\/\/penosil.com\/lv\/produkt\/betclean-464\/"]}]},{"@type":"ImageObject","inLanguage":"lv-LV","@id":"https:\/\/penosil.com\/lv\/produkt\/betclean-464\/#primaryimage","url":"https:\/\/penosil.com\/lv\/wp-content\/uploads\/sites\/31\/2025\/06\/464_BetClean_464_5l_EE_LT_LV_RU20-20Copy.png","contentUrl":"https:\/\/penosil.com\/lv\/wp-content\/uploads\/sites\/31\/2025\/06\/464_BetClean_464_5l_EE_LT_LV_RU20-20Copy.png","width":640,"height":864},{"@type":"BreadcrumbList","@id":"https:\/\/penosil.com\/lv\/produkt\/betclean-464\/#breadcrumb","itemListElement":[{"@type":"ListItem","position":1,"name":"S\u0101kums","item":"https:\/\/penosil.com\/lv\/"},{"@type":"ListItem","position":2,"name":"Produkti","item":"https:\/\/penosil.com\/lv\/produkti\/"},{"@type":"ListItem","position":3,"name":"BetClean 464"}]},{"@type":"WebSite","@id":"https:\/\/penosil.com\/lv\/#website","url":"https:\/\/penosil.com\/lv\/","name":"Penosil Latvia","description":"","potentialAction":[{"@type":"SearchAction","target":{"@type":"EntryPoint","urlTemplate":"https:\/\/penosil.com\/lv\/?s={search_term_string}"},"query-input":{"@type":"PropertyValueSpecification","valueRequired":true,"valueName":"search_term_string"}}],"inLanguage":"lv-LV"}]}},"featured_img":"https:\/\/penosil.com\/lv\/wp-content\/uploads\/sites\/31\/2025\/06\/464_BetClean_464_5l_EE_LT_LV_RU20-20Copy.png","coauthors":[],"author_meta":{"author_link":"https:\/\/penosil.com\/lv\/author\/olga\/","display_name":"Olga Ku\u010dmasova"},"relative_dates":{"created":"Posted 6 years ago","modified":"Updated 5 days ago"},"absolute_dates":{"created":"Posted on April 27, 2020","modified":"Updated on April 20, 2026"},"absolute_dates_time":{"created":"Posted on April 27, 2020 11:21 am","modified":"Updated on April 20, 2026 1:42 pm"},"featured_img_caption":"","tax_additional":{"product_brand":{"linked":[],"unlinked":[],"slug":"product_brand","name":"Brands"},"product_type":{"linked":["<a href=\"https:\/\/penosil.com\/lv\/?taxonomy=product_type&#038;term=simple\" class=\"advgb-post-tax-term\">simple<\/a>"],"unlinked":["<span class=\"advgb-post-tax-term\">simple<\/span>"],"slug":"product_type","name":"Product type"},"product_visibility":{"linked":[],"unlinked":[],"slug":"product_visibility","name":"Product visibility"},"product_cat":{"linked":["<a href=\"https:\/\/penosil.com\/lv\/produkti\/produktu-grupas\/tiritaji-un-instrumenti\/tiritaji\/\" class=\"advgb-post-tax-term\">T\u012br\u012bt\u0101ji<\/a>","<a href=\"https:\/\/penosil.com\/lv\/produkti\/produktu-grupas\/tiritaji-un-instrumenti\/\" class=\"advgb-post-tax-term\">T\u012br\u012bt\u0101ji un instrumenti<\/a>","<a href=\"https:\/\/penosil.com\/lv\/produkti\/pielietojums\/tirisana\/\" class=\"advgb-post-tax-term\">T\u012br\u012b\u0161ana<\/a>"],"unlinked":["<span class=\"advgb-post-tax-term\">T\u012br\u012bt\u0101ji<\/span>","<span class=\"advgb-post-tax-term\">T\u012br\u012bt\u0101ji un instrumenti<\/span>","<span class=\"advgb-post-tax-term\">T\u012br\u012b\u0161ana<\/span>"],"slug":"product_cat","name":"Product categories"},"product_tag":{"linked":[],"unlinked":[],"slug":"product_tag","name":"Product tags"},"product_shipping_class":{"linked":[],"unlinked":[],"slug":"product_shipping_class","name":"Product shipping classes"},"pos_product_visibility":{"linked":[],"unlinked":[],"slug":"pos_product_visibility","name":"POS Product visibility"},"pa_color":{"linked":["<a href=\"https:\/\/penosil.com\/lv\/?taxonomy=pa_color&#038;term=transparent-lv-2\" class=\"advgb-post-tax-term\">Caursp\u012bd\u012bgs<\/a>"],"unlinked":["<span class=\"advgb-post-tax-term\">Caursp\u012bd\u012bgs<\/span>"],"slug":"pa_color","name":"Product Colour"},"pa_diameter":{"linked":[],"unlinked":[],"slug":"pa_diameter","name":"Product Diameter"},"pa_package":{"linked":["<a href=\"https:\/\/penosil.com\/lv\/?taxonomy=pa_package&#038;term=1-l-lv-2\" class=\"advgb-post-tax-term\">1 L<\/a>","<a href=\"https:\/\/penosil.com\/lv\/?taxonomy=pa_package&#038;term=10-l-lv-2\" class=\"advgb-post-tax-term\">10 L<\/a>","<a href=\"https:\/\/penosil.com\/lv\/?taxonomy=pa_package&#038;term=5-l-lv-2\" class=\"advgb-post-tax-term\">5 L<\/a>"],"unlinked":["<span class=\"advgb-post-tax-term\">1 L<\/span>","<span class=\"advgb-post-tax-term\">10 L<\/span>","<span class=\"advgb-post-tax-term\">5 L<\/span>"],"slug":"pa_package","name":"Product Package"},"pa_roll":{"linked":[],"unlinked":[],"slug":"pa_roll","name":"Product Roll"},"pa_widths":{"linked":[],"unlinked":[],"slug":"pa_widths","name":"Product Widths"},"translation_priority":{"linked":["<a href=\"https:\/\/penosil.com\/lv\/?taxonomy=translation_priority&#038;term=optional-lv\" class=\"advgb-post-tax-term\">Optional<\/a>"],"unlinked":["<span class=\"advgb-post-tax-term\">Optional<\/span>"],"slug":"translation_priority","name":"Translation Priorities"}},"series_order":"","_links":{"self":[{"href":"https:\/\/penosil.com\/lv\/wp-json\/wp\/v2\/product\/16185","targetHints":{"allow":["GET"]}}],"collection":[{"href":"https:\/\/penosil.com\/lv\/wp-json\/wp\/v2\/product"}],"about":[{"href":"https:\/\/penosil.com\/lv\/wp-json\/wp\/v2\/types\/product"}],"version-history":[{"count":3,"href":"https:\/\/penosil.com\/lv\/wp-json\/wp\/v2\/product\/16185\/revisions"}],"predecessor-version":[{"id":32367,"href":"https:\/\/penosil.com\/lv\/wp-json\/wp\/v2\/product\/16185\/revisions\/32367"}],"wp:featuredmedia":[{"embeddable":true,"href":"https:\/\/penosil.com\/lv\/wp-json\/wp\/v2\/media\/32368"}],"wp:attachment":[{"href":"https:\/\/penosil.com\/lv\/wp-json\/wp\/v2\/media?parent=16185"}],"wp:term":[{"taxonomy":"product_brand","embeddable":true,"href":"https:\/\/penosil.com\/lv\/wp-json\/wp\/v2\/product_brand?post=16185"},{"taxonomy":"product_cat","embeddable":true,"href":"https:\/\/penosil.com\/lv\/wp-json\/wp\/v2\/product_cat?post=16185"},{"taxonomy":"product_tag","embeddable":true,"href":"https:\/\/penosil.com\/lv\/wp-json\/wp\/v2\/product_tag?post=16185"}],"curies":[{"name":"wp","href":"https:\/\/api.w.org\/{rel}","templated":true}]}}