{"id":16597,"date":"2020-05-12T13:00:05","date_gmt":"2020-05-12T13:00:05","guid":{"rendered":"https:\/\/penosil.com\/lv\/?post_type=product&#038;p=16597"},"modified":"2026-05-07T07:26:38","modified_gmt":"2026-05-07T07:26:38","slug":"aquarium-silicone-310","status":"publish","type":"product","link":"https:\/\/penosil.com\/lv\/produkt\/aquarium-silicone-310\/","title":{"rendered":"Aquarium Silicone 310"},"content":{"rendered":"<p>PENOSIL Aquarium Silicone 310 ir sk\u0101bs silikona herm\u0113ti\u0137is ar lielisk\u0101m meh\u0101nisk\u0101m \u012bpa\u0161\u012bb\u0101m un lielu saciet\u0113\u0161anas \u0101trumu akv\u0101riju uzst\u0101d\u012b\u0161anai un bl\u012bv\u0113\u0161anai, k\u0101 ar\u012b da\u017e\u0101diem r\u016bpnieciskiem risin\u0101jumiem.<\/p>\n","protected":false},"excerpt":{"rendered":"Sk\u0101bs, \u016bdensiztur\u012bgs silikona herm\u0113ti\u0137is","protected":false},"author":4,"featured_media":32355,"template":"","meta":{"_acf_changed":false,"advgb_blocks_editor_width":"","advgb_blocks_columns_visual_guide":"","footnotes":""},"product_brand":[],"product_cat":[1652,1290,1605],"product_tag":[],"class_list":{"0":"post-16597","1":"product","2":"type-product","3":"status-publish","4":"has-post-thumbnail","6":"product_cat-skabie-silikona-hermetiki","7":"product_cat-logi-un-durvis-1","8":"product_cat-hermetiki-un-mastikas","10":"first","11":"instock","12":"taxable","13":"shipping-taxable","14":"purchasable","15":"product-type-simple"},"acf":[],"yoast_head":"<!-- This site is optimized with the Yoast SEO plugin v27.4 - https:\/\/yoast.com\/product\/yoast-seo-wordpress\/ -->\n<title>Penosil Aquarium Silicone 310 \u016bdensiztur\u012bgs silikona herm\u0113ti\u0137is<\/title>\n<meta name=\"description\" content=\"PENOSIL Aquarium Silicone 310 Sk\u0101bs, \u016bdensiztur\u012bgs silikona herm\u0113ti\u0137is ar lielisk\u0101m meh\u0101nisk\u0101m \u012bpa\u0161\u012bb\u0101m, \u0101tri ciet\u0113. P\u0113rc \u0161eit!\" \/>\n<meta name=\"robots\" content=\"index, follow, max-snippet:-1, max-image-preview:large, max-video-preview:-1\" \/>\n<link rel=\"canonical\" href=\"https:\/\/penosil.com\/lv\/produkt\/aquarium-silicone-310\/\" \/>\n<meta property=\"og:locale\" content=\"lv_LV\" \/>\n<meta property=\"og:type\" content=\"article\" \/>\n<meta property=\"og:title\" content=\"Penosil Aquarium Silicone 310 \u016bdensiztur\u012bgs silikona herm\u0113ti\u0137is\" \/>\n<meta property=\"og:description\" content=\"PENOSIL Aquarium Silicone 310 Sk\u0101bs, \u016bdensiztur\u012bgs silikona herm\u0113ti\u0137is ar lielisk\u0101m meh\u0101nisk\u0101m \u012bpa\u0161\u012bb\u0101m, \u0101tri ciet\u0113. P\u0113rc \u0161eit!\" \/>\n<meta property=\"og:url\" content=\"https:\/\/penosil.com\/lv\/produkt\/aquarium-silicone-310\/\" \/>\n<meta property=\"og:site_name\" content=\"Penosil Latvia\" \/>\n<meta property=\"article:modified_time\" content=\"2026-05-07T07:26:38+00:00\" \/>\n<meta property=\"og:image\" content=\"https:\/\/penosil.com\/lv\/wp-content\/uploads\/sites\/31\/2020\/05\/310_Aquarium_Silicone_310_LT_LV-700x1955.png\" \/>\n\t<meta property=\"og:image:width\" content=\"700\" \/>\n\t<meta property=\"og:image:height\" content=\"1955\" \/>\n\t<meta property=\"og:image:type\" content=\"image\/png\" \/>\n<meta name=\"twitter:card\" content=\"summary_large_image\" \/>\n<meta name=\"twitter:label1\" content=\"Est. reading time\" \/>\n\t<meta name=\"twitter:data1\" content=\"3 minutes\" \/>\n<script type=\"application\/ld+json\" class=\"yoast-schema-graph\">{\"@context\":\"https:\\\/\\\/schema.org\",\"@graph\":[{\"@type\":\"WebPage\",\"@id\":\"https:\\\/\\\/penosil.com\\\/lv\\\/produkt\\\/aquarium-silicone-310\\\/\",\"url\":\"https:\\\/\\\/penosil.com\\\/lv\\\/produkt\\\/aquarium-silicone-310\\\/\",\"name\":\"Penosil Aquarium Silicone 310 \u016bdensiztur\u012bgs silikona herm\u0113ti\u0137is\",\"isPartOf\":{\"@id\":\"https:\\\/\\\/penosil.com\\\/lv\\\/#website\"},\"primaryImageOfPage\":{\"@id\":\"https:\\\/\\\/penosil.com\\\/lv\\\/produkt\\\/aquarium-silicone-310\\\/#primaryimage\"},\"image\":{\"@id\":\"https:\\\/\\\/penosil.com\\\/lv\\\/produkt\\\/aquarium-silicone-310\\\/#primaryimage\"},\"thumbnailUrl\":\"https:\\\/\\\/penosil.com\\\/lv\\\/wp-content\\\/uploads\\\/sites\\\/31\\\/2025\\\/06\\\/310_Aquarium_Silicone_310_LT_LV.png\",\"datePublished\":\"2020-05-12T13:00:05+00:00\",\"dateModified\":\"2026-05-07T07:26:38+00:00\",\"description\":\"PENOSIL Aquarium Silicone 310 Sk\u0101bs, \u016bdensiztur\u012bgs silikona herm\u0113ti\u0137is ar lielisk\u0101m meh\u0101nisk\u0101m \u012bpa\u0161\u012bb\u0101m, \u0101tri ciet\u0113. P\u0113rc \u0161eit!\",\"breadcrumb\":{\"@id\":\"https:\\\/\\\/penosil.com\\\/lv\\\/produkt\\\/aquarium-silicone-310\\\/#breadcrumb\"},\"inLanguage\":\"lv-LV\",\"potentialAction\":[{\"@type\":\"ReadAction\",\"target\":[\"https:\\\/\\\/penosil.com\\\/lv\\\/produkt\\\/aquarium-silicone-310\\\/\"]}]},{\"@type\":\"ImageObject\",\"inLanguage\":\"lv-LV\",\"@id\":\"https:\\\/\\\/penosil.com\\\/lv\\\/produkt\\\/aquarium-silicone-310\\\/#primaryimage\",\"url\":\"https:\\\/\\\/penosil.com\\\/lv\\\/wp-content\\\/uploads\\\/sites\\\/31\\\/2025\\\/06\\\/310_Aquarium_Silicone_310_LT_LV.png\",\"contentUrl\":\"https:\\\/\\\/penosil.com\\\/lv\\\/wp-content\\\/uploads\\\/sites\\\/31\\\/2025\\\/06\\\/310_Aquarium_Silicone_310_LT_LV.png\",\"width\":870,\"height\":2430},{\"@type\":\"BreadcrumbList\",\"@id\":\"https:\\\/\\\/penosil.com\\\/lv\\\/produkt\\\/aquarium-silicone-310\\\/#breadcrumb\",\"itemListElement\":[{\"@type\":\"ListItem\",\"position\":1,\"name\":\"S\u0101kums\",\"item\":\"https:\\\/\\\/penosil.com\\\/lv\\\/\"},{\"@type\":\"ListItem\",\"position\":2,\"name\":\"Produkti\",\"item\":\"https:\\\/\\\/penosil.com\\\/lv\\\/produkti\\\/\"},{\"@type\":\"ListItem\",\"position\":3,\"name\":\"Aquarium Silicone 310\"}]},{\"@type\":\"WebSite\",\"@id\":\"https:\\\/\\\/penosil.com\\\/lv\\\/#website\",\"url\":\"https:\\\/\\\/penosil.com\\\/lv\\\/\",\"name\":\"Penosil Latvia\",\"description\":\"\",\"potentialAction\":[{\"@type\":\"SearchAction\",\"target\":{\"@type\":\"EntryPoint\",\"urlTemplate\":\"https:\\\/\\\/penosil.com\\\/lv\\\/?s={search_term_string}\"},\"query-input\":{\"@type\":\"PropertyValueSpecification\",\"valueRequired\":true,\"valueName\":\"search_term_string\"}}],\"inLanguage\":\"lv-LV\"}]}<\/script>\n<!-- \/ Yoast SEO plugin. -->","yoast_head_json":{"title":"Penosil Aquarium Silicone 310 \u016bdensiztur\u012bgs silikona herm\u0113ti\u0137is","description":"PENOSIL Aquarium Silicone 310 Sk\u0101bs, \u016bdensiztur\u012bgs silikona herm\u0113ti\u0137is ar lielisk\u0101m meh\u0101nisk\u0101m \u012bpa\u0161\u012bb\u0101m, \u0101tri ciet\u0113. P\u0113rc \u0161eit!","robots":{"index":"index","follow":"follow","max-snippet":"max-snippet:-1","max-image-preview":"max-image-preview:large","max-video-preview":"max-video-preview:-1"},"canonical":"https:\/\/penosil.com\/lv\/produkt\/aquarium-silicone-310\/","og_locale":"lv_LV","og_type":"article","og_title":"Penosil Aquarium Silicone 310 \u016bdensiztur\u012bgs silikona herm\u0113ti\u0137is","og_description":"PENOSIL Aquarium Silicone 310 Sk\u0101bs, \u016bdensiztur\u012bgs silikona herm\u0113ti\u0137is ar lielisk\u0101m meh\u0101nisk\u0101m \u012bpa\u0161\u012bb\u0101m, \u0101tri ciet\u0113. P\u0113rc \u0161eit!","og_url":"https:\/\/penosil.com\/lv\/produkt\/aquarium-silicone-310\/","og_site_name":"Penosil Latvia","article_modified_time":"2026-05-07T07:26:38+00:00","og_image":[{"width":700,"height":1955,"url":"https:\/\/penosil.com\/lv\/wp-content\/uploads\/sites\/31\/2020\/05\/310_Aquarium_Silicone_310_LT_LV-700x1955.png","type":"image\/png"}],"twitter_card":"summary_large_image","twitter_misc":{"Est. reading time":"3 minutes"},"schema":{"@context":"https:\/\/schema.org","@graph":[{"@type":"WebPage","@id":"https:\/\/penosil.com\/lv\/produkt\/aquarium-silicone-310\/","url":"https:\/\/penosil.com\/lv\/produkt\/aquarium-silicone-310\/","name":"Penosil Aquarium Silicone 310 \u016bdensiztur\u012bgs silikona herm\u0113ti\u0137is","isPartOf":{"@id":"https:\/\/penosil.com\/lv\/#website"},"primaryImageOfPage":{"@id":"https:\/\/penosil.com\/lv\/produkt\/aquarium-silicone-310\/#primaryimage"},"image":{"@id":"https:\/\/penosil.com\/lv\/produkt\/aquarium-silicone-310\/#primaryimage"},"thumbnailUrl":"https:\/\/penosil.com\/lv\/wp-content\/uploads\/sites\/31\/2025\/06\/310_Aquarium_Silicone_310_LT_LV.png","datePublished":"2020-05-12T13:00:05+00:00","dateModified":"2026-05-07T07:26:38+00:00","description":"PENOSIL Aquarium Silicone 310 Sk\u0101bs, \u016bdensiztur\u012bgs silikona herm\u0113ti\u0137is ar lielisk\u0101m meh\u0101nisk\u0101m \u012bpa\u0161\u012bb\u0101m, \u0101tri ciet\u0113. P\u0113rc \u0161eit!","breadcrumb":{"@id":"https:\/\/penosil.com\/lv\/produkt\/aquarium-silicone-310\/#breadcrumb"},"inLanguage":"lv-LV","potentialAction":[{"@type":"ReadAction","target":["https:\/\/penosil.com\/lv\/produkt\/aquarium-silicone-310\/"]}]},{"@type":"ImageObject","inLanguage":"lv-LV","@id":"https:\/\/penosil.com\/lv\/produkt\/aquarium-silicone-310\/#primaryimage","url":"https:\/\/penosil.com\/lv\/wp-content\/uploads\/sites\/31\/2025\/06\/310_Aquarium_Silicone_310_LT_LV.png","contentUrl":"https:\/\/penosil.com\/lv\/wp-content\/uploads\/sites\/31\/2025\/06\/310_Aquarium_Silicone_310_LT_LV.png","width":870,"height":2430},{"@type":"BreadcrumbList","@id":"https:\/\/penosil.com\/lv\/produkt\/aquarium-silicone-310\/#breadcrumb","itemListElement":[{"@type":"ListItem","position":1,"name":"S\u0101kums","item":"https:\/\/penosil.com\/lv\/"},{"@type":"ListItem","position":2,"name":"Produkti","item":"https:\/\/penosil.com\/lv\/produkti\/"},{"@type":"ListItem","position":3,"name":"Aquarium Silicone 310"}]},{"@type":"WebSite","@id":"https:\/\/penosil.com\/lv\/#website","url":"https:\/\/penosil.com\/lv\/","name":"Penosil Latvia","description":"","potentialAction":[{"@type":"SearchAction","target":{"@type":"EntryPoint","urlTemplate":"https:\/\/penosil.com\/lv\/?s={search_term_string}"},"query-input":{"@type":"PropertyValueSpecification","valueRequired":true,"valueName":"search_term_string"}}],"inLanguage":"lv-LV"}]}},"featured_img":"https:\/\/penosil.com\/lv\/wp-content\/uploads\/sites\/31\/2025\/06\/310_Aquarium_Silicone_310_LT_LV.png","coauthors":[],"author_meta":{"author_link":"https:\/\/penosil.com\/lv\/author\/olga\/","display_name":"Olga Ku\u010dmasova"},"relative_dates":{"created":"Posted 6 years ago","modified":"Updated 6 days ago"},"absolute_dates":{"created":"Posted on May 12, 2020","modified":"Updated on May 7, 2026"},"absolute_dates_time":{"created":"Posted on May 12, 2020 1:00 pm","modified":"Updated on May 7, 2026 7:26 am"},"featured_img_caption":"","tax_additional":{"product_brand":{"linked":[],"unlinked":[],"slug":"product_brand","name":"Brands"},"product_type":{"linked":["<a href=\"https:\/\/penosil.com\/lv\/?taxonomy=product_type&#038;term=simple\" class=\"advgb-post-tax-term\">simple<\/a>"],"unlinked":["<span class=\"advgb-post-tax-term\">simple<\/span>"],"slug":"product_type","name":"Product type"},"product_visibility":{"linked":[],"unlinked":[],"slug":"product_visibility","name":"Product visibility"},"product_cat":{"linked":["<a href=\"https:\/\/penosil.com\/lv\/produkti\/produktu-grupas\/hermetiki-un-mastikas\/skabie-silikona-hermetiki\/\" class=\"advgb-post-tax-term\">Sk\u0101bie silikona herm\u0113ti\u0137i<\/a>","<a href=\"https:\/\/penosil.com\/lv\/produkti\/pielietojums\/logi-un-durvis-1\/\" class=\"advgb-post-tax-term\">Logi un durvis<\/a>","<a href=\"https:\/\/penosil.com\/lv\/produkti\/produktu-grupas\/hermetiki-un-mastikas\/\" class=\"advgb-post-tax-term\">Herm\u0113ti\u0137i un mastikas<\/a>"],"unlinked":["<span class=\"advgb-post-tax-term\">Sk\u0101bie silikona herm\u0113ti\u0137i<\/span>","<span class=\"advgb-post-tax-term\">Logi un durvis<\/span>","<span class=\"advgb-post-tax-term\">Herm\u0113ti\u0137i un mastikas<\/span>"],"slug":"product_cat","name":"Product categories"},"product_tag":{"linked":[],"unlinked":[],"slug":"product_tag","name":"Product tags"},"product_shipping_class":{"linked":[],"unlinked":[],"slug":"product_shipping_class","name":"Product shipping classes"},"pos_product_visibility":{"linked":[],"unlinked":[],"slug":"pos_product_visibility","name":"POS Product visibility"},"pa_color":{"linked":["<a href=\"https:\/\/penosil.com\/lv\/?taxonomy=pa_color&#038;term=transparent-lv-2\" class=\"advgb-post-tax-term\">Caursp\u012bd\u012bgs<\/a>"],"unlinked":["<span class=\"advgb-post-tax-term\">Caursp\u012bd\u012bgs<\/span>"],"slug":"pa_color","name":"Product Colour"},"pa_diameter":{"linked":[],"unlinked":[],"slug":"pa_diameter","name":"Product Diameter"},"pa_package":{"linked":["<a href=\"https:\/\/penosil.com\/lv\/?taxonomy=pa_package&#038;term=300-ml-2\" class=\"advgb-post-tax-term\">300 ml<\/a>"],"unlinked":["<span class=\"advgb-post-tax-term\">300 ml<\/span>"],"slug":"pa_package","name":"Product Package"},"pa_roll":{"linked":[],"unlinked":[],"slug":"pa_roll","name":"Product Roll"},"pa_widths":{"linked":[],"unlinked":[],"slug":"pa_widths","name":"Product Widths"},"translation_priority":{"linked":["<a href=\"https:\/\/penosil.com\/lv\/?taxonomy=translation_priority&#038;term=optional-lv\" class=\"advgb-post-tax-term\">Optional<\/a>"],"unlinked":["<span class=\"advgb-post-tax-term\">Optional<\/span>"],"slug":"translation_priority","name":"Translation Priorities"}},"series_order":"","_links":{"self":[{"href":"https:\/\/penosil.com\/lv\/wp-json\/wp\/v2\/product\/16597","targetHints":{"allow":["GET"]}}],"collection":[{"href":"https:\/\/penosil.com\/lv\/wp-json\/wp\/v2\/product"}],"about":[{"href":"https:\/\/penosil.com\/lv\/wp-json\/wp\/v2\/types\/product"}],"version-history":[{"count":6,"href":"https:\/\/penosil.com\/lv\/wp-json\/wp\/v2\/product\/16597\/revisions"}],"predecessor-version":[{"id":32379,"href":"https:\/\/penosil.com\/lv\/wp-json\/wp\/v2\/product\/16597\/revisions\/32379"}],"wp:featuredmedia":[{"embeddable":true,"href":"https:\/\/penosil.com\/lv\/wp-json\/wp\/v2\/media\/32355"}],"wp:attachment":[{"href":"https:\/\/penosil.com\/lv\/wp-json\/wp\/v2\/media?parent=16597"}],"wp:term":[{"taxonomy":"product_brand","embeddable":true,"href":"https:\/\/penosil.com\/lv\/wp-json\/wp\/v2\/product_brand?post=16597"},{"taxonomy":"product_cat","embeddable":true,"href":"https:\/\/penosil.com\/lv\/wp-json\/wp\/v2\/product_cat?post=16597"},{"taxonomy":"product_tag","embeddable":true,"href":"https:\/\/penosil.com\/lv\/wp-json\/wp\/v2\/product_tag?post=16597"}],"curies":[{"name":"wp","href":"https:\/\/api.w.org\/{rel}","templated":true}]}}