{"id":16634,"date":"2020-05-13T09:37:12","date_gmt":"2020-05-13T09:37:12","guid":{"rendered":"https:\/\/penosil.com\/lv\/?post_type=product&#038;p=16634"},"modified":"2026-04-01T09:57:00","modified_gmt":"2026-04-01T09:57:00","slug":"waterstop-930-sealant","status":"publish","type":"product","link":"https:\/\/penosil.com\/lv\/produkt\/waterstop-930-sealant\/","title":{"rendered":"WaterStop 930"},"content":{"rendered":"<p>PENOSIL WaterStop 930 ir univers\u0101la, \u016bdensnecaurlaid\u012bga, ar \u0161\u0137iedru arm\u0113ta bl\u012bv\u0113\u0161anas masa uz sint\u0113tisk\u0101s gumijas b\u0101zes.\u00a0Paredz\u0113ta caurumu un plaisu bl\u012bv\u0113\u0161anai un remontam uz mitr\u0101m un saus\u0101m virsm\u0101m. Veido elast\u012bgu gumijas bl\u012bvi uz daudz\u0101m porain\u0101m un neporain\u0101m virsm\u0101m.<\/p>\n","protected":false},"excerpt":{"rendered":"\u016adensnecaurlaid\u012bgs, ar \u0161\u0137iedru arm\u0113ts herm\u0113ti\u0137is","protected":false},"author":4,"featured_media":32121,"template":"","meta":{"_acf_changed":false,"advgb_blocks_editor_width":"","advgb_blocks_columns_visual_guide":"","footnotes":""},"product_brand":[],"product_cat":[1755,1082,1605,2597,1711],"product_tag":[],"class_list":{"0":"post-16634","1":"product","2":"type-product","3":"status-publish","4":"has-post-thumbnail","6":"product_cat-parklajumi-un-membranas","7":"product_cat-jumti-un-fasades-1","8":"product_cat-hermetiki-un-mastikas","9":"product_cat-hermetiki-uz-skidinataja-bazes","10":"product_cat-virsmu-apstrade","12":"first","13":"instock","14":"taxable","15":"shipping-taxable","16":"purchasable","17":"product-type-simple"},"acf":[],"yoast_head":"<!-- This site is optimized with the Yoast SEO plugin v27.2 - https:\/\/yoast.com\/product\/yoast-seo-wordpress\/ -->\n<title>Penosil WaterStop 930 Sealant \u016adensnecaurlaid\u012bgs herm\u0113ti\u0137is<\/title>\n<meta name=\"description\" content=\"PENOSIL Penosil WaterStop 930 univers\u0101la ar \u0161\u0137iedru arm\u0113ta bl\u012bv\u0113\u0161anas masa ar \u0101tru sa\u0137eri ar liel\u0101ko da\u013cu celtniec\u012bbas materi\u0101lu.\" \/>\n<meta name=\"robots\" content=\"index, follow, max-snippet:-1, max-image-preview:large, max-video-preview:-1\" \/>\n<link rel=\"canonical\" href=\"https:\/\/penosil.com\/lv\/produkt\/waterstop-930-sealant\/\" \/>\n<meta property=\"og:locale\" content=\"lv_LV\" \/>\n<meta property=\"og:type\" content=\"article\" \/>\n<meta property=\"og:title\" content=\"Penosil WaterStop 930 Sealant \u016adensnecaurlaid\u012bgs herm\u0113ti\u0137is\" \/>\n<meta property=\"og:description\" content=\"PENOSIL Penosil WaterStop 930 univers\u0101la ar \u0161\u0137iedru arm\u0113ta bl\u012bv\u0113\u0161anas masa ar \u0101tru sa\u0137eri ar liel\u0101ko da\u013cu celtniec\u012bbas materi\u0101lu.\" \/>\n<meta property=\"og:url\" content=\"https:\/\/penosil.com\/lv\/produkt\/waterstop-930-sealant\/\" \/>\n<meta property=\"og:site_name\" content=\"Penosil Latvia\" \/>\n<meta property=\"article:modified_time\" content=\"2026-04-01T09:57:00+00:00\" \/>\n<meta property=\"og:image\" content=\"https:\/\/penosil.com\/lv\/wp-content\/uploads\/sites\/31\/2025\/05\/930_WaterStop_930_LT_LV.png\" \/>\n\t<meta property=\"og:image:width\" content=\"828\" \/>\n\t<meta property=\"og:image:height\" content=\"1080\" \/>\n\t<meta property=\"og:image:type\" content=\"image\/png\" \/>\n<meta name=\"twitter:card\" content=\"summary_large_image\" \/>\n<meta name=\"twitter:label1\" content=\"Est. reading time\" \/>\n\t<meta name=\"twitter:data1\" content=\"4 minutes\" \/>\n<script type=\"application\/ld+json\" class=\"yoast-schema-graph\">{\"@context\":\"https:\/\/schema.org\",\"@graph\":[{\"@type\":\"WebPage\",\"@id\":\"https:\/\/penosil.com\/lv\/produkt\/waterstop-930-sealant\/\",\"url\":\"https:\/\/penosil.com\/lv\/produkt\/waterstop-930-sealant\/\",\"name\":\"Penosil WaterStop 930 Sealant \u016adensnecaurlaid\u012bgs herm\u0113ti\u0137is\",\"isPartOf\":{\"@id\":\"https:\/\/penosil.com\/lv\/#website\"},\"primaryImageOfPage\":{\"@id\":\"https:\/\/penosil.com\/lv\/produkt\/waterstop-930-sealant\/#primaryimage\"},\"image\":{\"@id\":\"https:\/\/penosil.com\/lv\/produkt\/waterstop-930-sealant\/#primaryimage\"},\"thumbnailUrl\":\"https:\/\/penosil.com\/lv\/wp-content\/uploads\/sites\/31\/2025\/05\/930_WaterStop_930_LT_LV.png\",\"datePublished\":\"2020-05-13T09:37:12+00:00\",\"dateModified\":\"2026-04-01T09:57:00+00:00\",\"description\":\"PENOSIL Penosil WaterStop 930 univers\u0101la ar \u0161\u0137iedru arm\u0113ta bl\u012bv\u0113\u0161anas masa ar \u0101tru sa\u0137eri ar liel\u0101ko da\u013cu celtniec\u012bbas materi\u0101lu.\",\"breadcrumb\":{\"@id\":\"https:\/\/penosil.com\/lv\/produkt\/waterstop-930-sealant\/#breadcrumb\"},\"inLanguage\":\"lv-LV\",\"potentialAction\":[{\"@type\":\"ReadAction\",\"target\":[\"https:\/\/penosil.com\/lv\/produkt\/waterstop-930-sealant\/\"]}]},{\"@type\":\"ImageObject\",\"inLanguage\":\"lv-LV\",\"@id\":\"https:\/\/penosil.com\/lv\/produkt\/waterstop-930-sealant\/#primaryimage\",\"url\":\"https:\/\/penosil.com\/lv\/wp-content\/uploads\/sites\/31\/2025\/05\/930_WaterStop_930_LT_LV.png\",\"contentUrl\":\"https:\/\/penosil.com\/lv\/wp-content\/uploads\/sites\/31\/2025\/05\/930_WaterStop_930_LT_LV.png\",\"width\":828,\"height\":1080},{\"@type\":\"BreadcrumbList\",\"@id\":\"https:\/\/penosil.com\/lv\/produkt\/waterstop-930-sealant\/#breadcrumb\",\"itemListElement\":[{\"@type\":\"ListItem\",\"position\":1,\"name\":\"S\u0101kums\",\"item\":\"https:\/\/penosil.com\/lv\/\"},{\"@type\":\"ListItem\",\"position\":2,\"name\":\"Produkti\",\"item\":\"https:\/\/penosil.com\/lv\/produkti\/\"},{\"@type\":\"ListItem\",\"position\":3,\"name\":\"WaterStop 930\"}]},{\"@type\":\"WebSite\",\"@id\":\"https:\/\/penosil.com\/lv\/#website\",\"url\":\"https:\/\/penosil.com\/lv\/\",\"name\":\"Penosil Latvia\",\"description\":\"\",\"potentialAction\":[{\"@type\":\"SearchAction\",\"target\":{\"@type\":\"EntryPoint\",\"urlTemplate\":\"https:\/\/penosil.com\/lv\/?s={search_term_string}\"},\"query-input\":{\"@type\":\"PropertyValueSpecification\",\"valueRequired\":true,\"valueName\":\"search_term_string\"}}],\"inLanguage\":\"lv-LV\"}]}<\/script>\n<!-- \/ Yoast SEO plugin. -->","yoast_head_json":{"title":"Penosil WaterStop 930 Sealant \u016adensnecaurlaid\u012bgs herm\u0113ti\u0137is","description":"PENOSIL Penosil WaterStop 930 univers\u0101la ar \u0161\u0137iedru arm\u0113ta bl\u012bv\u0113\u0161anas masa ar \u0101tru sa\u0137eri ar liel\u0101ko da\u013cu celtniec\u012bbas materi\u0101lu.","robots":{"index":"index","follow":"follow","max-snippet":"max-snippet:-1","max-image-preview":"max-image-preview:large","max-video-preview":"max-video-preview:-1"},"canonical":"https:\/\/penosil.com\/lv\/produkt\/waterstop-930-sealant\/","og_locale":"lv_LV","og_type":"article","og_title":"Penosil WaterStop 930 Sealant \u016adensnecaurlaid\u012bgs herm\u0113ti\u0137is","og_description":"PENOSIL Penosil WaterStop 930 univers\u0101la ar \u0161\u0137iedru arm\u0113ta bl\u012bv\u0113\u0161anas masa ar \u0101tru sa\u0137eri ar liel\u0101ko da\u013cu celtniec\u012bbas materi\u0101lu.","og_url":"https:\/\/penosil.com\/lv\/produkt\/waterstop-930-sealant\/","og_site_name":"Penosil Latvia","article_modified_time":"2026-04-01T09:57:00+00:00","og_image":[{"width":828,"height":1080,"url":"https:\/\/penosil.com\/lv\/wp-content\/uploads\/sites\/31\/2025\/05\/930_WaterStop_930_LT_LV.png","type":"image\/png"}],"twitter_card":"summary_large_image","twitter_misc":{"Est. reading time":"4 minutes"},"schema":{"@context":"https:\/\/schema.org","@graph":[{"@type":"WebPage","@id":"https:\/\/penosil.com\/lv\/produkt\/waterstop-930-sealant\/","url":"https:\/\/penosil.com\/lv\/produkt\/waterstop-930-sealant\/","name":"Penosil WaterStop 930 Sealant \u016adensnecaurlaid\u012bgs herm\u0113ti\u0137is","isPartOf":{"@id":"https:\/\/penosil.com\/lv\/#website"},"primaryImageOfPage":{"@id":"https:\/\/penosil.com\/lv\/produkt\/waterstop-930-sealant\/#primaryimage"},"image":{"@id":"https:\/\/penosil.com\/lv\/produkt\/waterstop-930-sealant\/#primaryimage"},"thumbnailUrl":"https:\/\/penosil.com\/lv\/wp-content\/uploads\/sites\/31\/2025\/05\/930_WaterStop_930_LT_LV.png","datePublished":"2020-05-13T09:37:12+00:00","dateModified":"2026-04-01T09:57:00+00:00","description":"PENOSIL Penosil WaterStop 930 univers\u0101la ar \u0161\u0137iedru arm\u0113ta bl\u012bv\u0113\u0161anas masa ar \u0101tru sa\u0137eri ar liel\u0101ko da\u013cu celtniec\u012bbas materi\u0101lu.","breadcrumb":{"@id":"https:\/\/penosil.com\/lv\/produkt\/waterstop-930-sealant\/#breadcrumb"},"inLanguage":"lv-LV","potentialAction":[{"@type":"ReadAction","target":["https:\/\/penosil.com\/lv\/produkt\/waterstop-930-sealant\/"]}]},{"@type":"ImageObject","inLanguage":"lv-LV","@id":"https:\/\/penosil.com\/lv\/produkt\/waterstop-930-sealant\/#primaryimage","url":"https:\/\/penosil.com\/lv\/wp-content\/uploads\/sites\/31\/2025\/05\/930_WaterStop_930_LT_LV.png","contentUrl":"https:\/\/penosil.com\/lv\/wp-content\/uploads\/sites\/31\/2025\/05\/930_WaterStop_930_LT_LV.png","width":828,"height":1080},{"@type":"BreadcrumbList","@id":"https:\/\/penosil.com\/lv\/produkt\/waterstop-930-sealant\/#breadcrumb","itemListElement":[{"@type":"ListItem","position":1,"name":"S\u0101kums","item":"https:\/\/penosil.com\/lv\/"},{"@type":"ListItem","position":2,"name":"Produkti","item":"https:\/\/penosil.com\/lv\/produkti\/"},{"@type":"ListItem","position":3,"name":"WaterStop 930"}]},{"@type":"WebSite","@id":"https:\/\/penosil.com\/lv\/#website","url":"https:\/\/penosil.com\/lv\/","name":"Penosil Latvia","description":"","potentialAction":[{"@type":"SearchAction","target":{"@type":"EntryPoint","urlTemplate":"https:\/\/penosil.com\/lv\/?s={search_term_string}"},"query-input":{"@type":"PropertyValueSpecification","valueRequired":true,"valueName":"search_term_string"}}],"inLanguage":"lv-LV"}]}},"featured_img":"https:\/\/penosil.com\/lv\/wp-content\/uploads\/sites\/31\/2025\/05\/930_WaterStop_930_LT_LV.png","coauthors":[],"author_meta":{"author_link":"https:\/\/penosil.com\/lv\/author\/olga\/","display_name":"Olga Ku\u010dmasova"},"relative_dates":{"created":"Posted 6 years ago","modified":"Updated 2 weeks ago"},"absolute_dates":{"created":"Posted on May 13, 2020","modified":"Updated on April 1, 2026"},"absolute_dates_time":{"created":"Posted on May 13, 2020 9:37 am","modified":"Updated on April 1, 2026 9:57 am"},"featured_img_caption":"","tax_additional":{"product_brand":{"linked":[],"unlinked":[],"slug":"product_brand","name":"Brands"},"product_type":{"linked":["<a href=\"https:\/\/penosil.com\/lv\/?taxonomy=product_type&#038;term=simple\" class=\"advgb-post-tax-term\">simple<\/a>"],"unlinked":["<span class=\"advgb-post-tax-term\">simple<\/span>"],"slug":"product_type","name":"Product type"},"product_visibility":{"linked":[],"unlinked":[],"slug":"product_visibility","name":"Product visibility"},"product_cat":{"linked":["<a href=\"https:\/\/penosil.com\/lv\/produkti\/produktu-grupas\/virsmu-apstrade\/parklajumi-un-membranas\/\" class=\"advgb-post-tax-term\">P\u0101rkl\u0101jumi un membr\u0101nas<\/a>","<a href=\"https:\/\/penosil.com\/lv\/produkti\/pielietojums\/jumti-un-fasades-1\/\" class=\"advgb-post-tax-term\">Jumti un fas\u0101des<\/a>","<a href=\"https:\/\/penosil.com\/lv\/produkti\/produktu-grupas\/hermetiki-un-mastikas\/\" class=\"advgb-post-tax-term\">Herm\u0113ti\u0137i un mastikas<\/a>","<a href=\"https:\/\/penosil.com\/lv\/produkti\/produktu-grupas\/hermetiki-un-mastikas\/hermetiki-uz-skidinataja-bazes\/\" class=\"advgb-post-tax-term\">Herm\u0113ti\u0137i uz \u0161\u0137\u012bdin\u0101t\u0101ja b\u0101zes<\/a>","<a href=\"https:\/\/penosil.com\/lv\/produkti\/produktu-grupas\/virsmu-apstrade\/\" class=\"advgb-post-tax-term\">Virsmu apstr\u0101de<\/a>"],"unlinked":["<span class=\"advgb-post-tax-term\">P\u0101rkl\u0101jumi un membr\u0101nas<\/span>","<span class=\"advgb-post-tax-term\">Jumti un fas\u0101des<\/span>","<span class=\"advgb-post-tax-term\">Herm\u0113ti\u0137i un mastikas<\/span>","<span class=\"advgb-post-tax-term\">Herm\u0113ti\u0137i uz \u0161\u0137\u012bdin\u0101t\u0101ja b\u0101zes<\/span>","<span class=\"advgb-post-tax-term\">Virsmu apstr\u0101de<\/span>"],"slug":"product_cat","name":"Product categories"},"product_tag":{"linked":[],"unlinked":[],"slug":"product_tag","name":"Product tags"},"product_shipping_class":{"linked":[],"unlinked":[],"slug":"product_shipping_class","name":"Product shipping classes"},"pos_product_visibility":{"linked":[],"unlinked":[],"slug":"pos_product_visibility","name":"POS Product visibility"},"pa_color":{"linked":["<a href=\"https:\/\/penosil.com\/lv\/?taxonomy=pa_color&#038;term=grey-lv-2\" class=\"advgb-post-tax-term\">Pel\u0113ks<\/a>"],"unlinked":["<span class=\"advgb-post-tax-term\">Pel\u0113ks<\/span>"],"slug":"pa_color","name":"Product Colour"},"pa_diameter":{"linked":[],"unlinked":[],"slug":"pa_diameter","name":"Product Diameter"},"pa_package":{"linked":["<a href=\"https:\/\/penosil.com\/lv\/?taxonomy=pa_package&#038;term=1-l-lv-2\" class=\"advgb-post-tax-term\">1 L<\/a>"],"unlinked":["<span class=\"advgb-post-tax-term\">1 L<\/span>"],"slug":"pa_package","name":"Product Package"},"pa_roll":{"linked":[],"unlinked":[],"slug":"pa_roll","name":"Product Roll"},"pa_widths":{"linked":[],"unlinked":[],"slug":"pa_widths","name":"Product Widths"},"translation_priority":{"linked":["<a href=\"https:\/\/penosil.com\/lv\/?taxonomy=translation_priority&#038;term=optional-lv\" class=\"advgb-post-tax-term\">Optional<\/a>"],"unlinked":["<span class=\"advgb-post-tax-term\">Optional<\/span>"],"slug":"translation_priority","name":"Translation Priorities"}},"series_order":"","_links":{"self":[{"href":"https:\/\/penosil.com\/lv\/wp-json\/wp\/v2\/product\/16634","targetHints":{"allow":["GET"]}}],"collection":[{"href":"https:\/\/penosil.com\/lv\/wp-json\/wp\/v2\/product"}],"about":[{"href":"https:\/\/penosil.com\/lv\/wp-json\/wp\/v2\/types\/product"}],"version-history":[{"count":6,"href":"https:\/\/penosil.com\/lv\/wp-json\/wp\/v2\/product\/16634\/revisions"}],"predecessor-version":[{"id":32865,"href":"https:\/\/penosil.com\/lv\/wp-json\/wp\/v2\/product\/16634\/revisions\/32865"}],"wp:featuredmedia":[{"embeddable":true,"href":"https:\/\/penosil.com\/lv\/wp-json\/wp\/v2\/media\/32121"}],"wp:attachment":[{"href":"https:\/\/penosil.com\/lv\/wp-json\/wp\/v2\/media?parent=16634"}],"wp:term":[{"taxonomy":"product_brand","embeddable":true,"href":"https:\/\/penosil.com\/lv\/wp-json\/wp\/v2\/product_brand?post=16634"},{"taxonomy":"product_cat","embeddable":true,"href":"https:\/\/penosil.com\/lv\/wp-json\/wp\/v2\/product_cat?post=16634"},{"taxonomy":"product_tag","embeddable":true,"href":"https:\/\/penosil.com\/lv\/wp-json\/wp\/v2\/product_tag?post=16634"}],"curies":[{"name":"wp","href":"https:\/\/api.w.org\/{rel}","templated":true}]}}