{"id":18325,"date":"2020-05-25T13:11:45","date_gmt":"2020-05-25T13:11:45","guid":{"rendered":"https:\/\/penosil.com\/lv\/?post_type=product&#038;p=18325"},"modified":"2026-04-29T06:21:36","modified_gmt":"2026-04-29T06:21:36","slug":"easypro-all-purpose","status":"publish","type":"product","link":"https:\/\/penosil.com\/lv\/produkt\/easypro-all-purpose\/","title":{"rendered":"EasyPRO All Purpose"},"content":{"rendered":"<p>PENOSIL EasyPRO All Purpose ir hermetiz\u0113jo\u0161as putas ar unik\u0101lu pl\u0101nu aplikatoru visu veidu \u0161uvju bl\u012bv\u0113\u0161anai.<\/p>\n","protected":false},"excerpt":{"rendered":"Poliuret\u0101na putas ar unik\u0101lu aplikatoru","protected":false},"author":4,"featured_media":18326,"template":"","meta":{"_acf_changed":false,"advgb_blocks_editor_width":"","advgb_blocks_columns_visual_guide":"","footnotes":""},"product_brand":[],"product_cat":[2507,2506],"product_tag":[],"class_list":{"0":"post-18325","1":"product","2":"type-product","3":"status-publish","4":"has-post-thumbnail","6":"product_cat-daudzpusigs-pielietojums","7":"product_cat-easypro","9":"first","10":"instock","11":"taxable","12":"shipping-taxable","13":"purchasable","14":"product-type-simple"},"acf":[],"yoast_head":"<!-- This site is optimized with the Yoast SEO plugin v27.4 - https:\/\/yoast.com\/product\/yoast-seo-wordpress\/ -->\n<title>EasyPRO All Purpose Poliuret\u0101na putas ar unik\u0101lu aplikatoru<\/title>\n<meta name=\"description\" content=\"PENOSIL EasyPRO All Purpose putu herm\u0113ti\u0137is ar unik\u0101lu aplikatoru - divreiz liel\u0101ks izp\u016bsto putu apjoms un 1,5 reizes lab\u0101ka izol\u0101cija.\" \/>\n<meta name=\"robots\" content=\"index, follow, max-snippet:-1, max-image-preview:large, max-video-preview:-1\" \/>\n<link rel=\"canonical\" href=\"https:\/\/penosil.com\/lv\/produkt\/easypro-all-purpose\/\" \/>\n<meta property=\"og:locale\" content=\"lv_LV\" \/>\n<meta property=\"og:type\" content=\"article\" \/>\n<meta property=\"og:title\" content=\"EasyPRO All Purpose Poliuret\u0101na putas ar unik\u0101lu aplikatoru\" \/>\n<meta property=\"og:description\" content=\"PENOSIL EasyPRO All Purpose putu herm\u0113ti\u0137is ar unik\u0101lu aplikatoru - divreiz liel\u0101ks izp\u016bsto putu apjoms un 1,5 reizes lab\u0101ka izol\u0101cija.\" \/>\n<meta property=\"og:url\" content=\"https:\/\/penosil.com\/lv\/produkt\/easypro-all-purpose\/\" \/>\n<meta property=\"og:site_name\" content=\"Penosil Latvia\" \/>\n<meta property=\"article:modified_time\" content=\"2026-04-29T06:21:36+00:00\" \/>\n<meta property=\"og:image\" content=\"https:\/\/penosil.com\/lv\/wp-content\/uploads\/sites\/31\/2020\/05\/MKR_2792_PENOSIL_EasyPRO_All_Purpose_Foam_Sealant_750ml_LV_RU-scaled.jpg\" \/>\n\t<meta property=\"og:image:width\" content=\"1025\" \/>\n\t<meta property=\"og:image:height\" content=\"2560\" \/>\n\t<meta property=\"og:image:type\" content=\"image\/jpeg\" \/>\n<meta name=\"twitter:card\" content=\"summary_large_image\" \/>\n<meta name=\"twitter:label1\" content=\"Est. reading time\" \/>\n\t<meta name=\"twitter:data1\" content=\"5 minutes\" \/>\n<script type=\"application\/ld+json\" class=\"yoast-schema-graph\">{\"@context\":\"https:\\\/\\\/schema.org\",\"@graph\":[{\"@type\":\"WebPage\",\"@id\":\"https:\\\/\\\/penosil.com\\\/lv\\\/produkt\\\/easypro-all-purpose\\\/\",\"url\":\"https:\\\/\\\/penosil.com\\\/lv\\\/produkt\\\/easypro-all-purpose\\\/\",\"name\":\"EasyPRO All Purpose Poliuret\u0101na putas ar unik\u0101lu aplikatoru\",\"isPartOf\":{\"@id\":\"https:\\\/\\\/penosil.com\\\/lv\\\/#website\"},\"primaryImageOfPage\":{\"@id\":\"https:\\\/\\\/penosil.com\\\/lv\\\/produkt\\\/easypro-all-purpose\\\/#primaryimage\"},\"image\":{\"@id\":\"https:\\\/\\\/penosil.com\\\/lv\\\/produkt\\\/easypro-all-purpose\\\/#primaryimage\"},\"thumbnailUrl\":\"https:\\\/\\\/penosil.com\\\/lv\\\/wp-content\\\/uploads\\\/sites\\\/31\\\/2020\\\/05\\\/MKR_2792_PENOSIL_EasyPRO_All_Purpose_Foam_Sealant_750ml_LV_RU-scaled.jpg\",\"datePublished\":\"2020-05-25T13:11:45+00:00\",\"dateModified\":\"2026-04-29T06:21:36+00:00\",\"description\":\"PENOSIL EasyPRO All Purpose putu herm\u0113ti\u0137is ar unik\u0101lu aplikatoru - divreiz liel\u0101ks izp\u016bsto putu apjoms un 1,5 reizes lab\u0101ka izol\u0101cija.\",\"breadcrumb\":{\"@id\":\"https:\\\/\\\/penosil.com\\\/lv\\\/produkt\\\/easypro-all-purpose\\\/#breadcrumb\"},\"inLanguage\":\"lv-LV\",\"potentialAction\":[{\"@type\":\"ReadAction\",\"target\":[\"https:\\\/\\\/penosil.com\\\/lv\\\/produkt\\\/easypro-all-purpose\\\/\"]}]},{\"@type\":\"ImageObject\",\"inLanguage\":\"lv-LV\",\"@id\":\"https:\\\/\\\/penosil.com\\\/lv\\\/produkt\\\/easypro-all-purpose\\\/#primaryimage\",\"url\":\"https:\\\/\\\/penosil.com\\\/lv\\\/wp-content\\\/uploads\\\/sites\\\/31\\\/2020\\\/05\\\/MKR_2792_PENOSIL_EasyPRO_All_Purpose_Foam_Sealant_750ml_LV_RU-scaled.jpg\",\"contentUrl\":\"https:\\\/\\\/penosil.com\\\/lv\\\/wp-content\\\/uploads\\\/sites\\\/31\\\/2020\\\/05\\\/MKR_2792_PENOSIL_EasyPRO_All_Purpose_Foam_Sealant_750ml_LV_RU-scaled.jpg\",\"width\":1025,\"height\":2560,\"caption\":\"PENOSIL EasyPRO All Purpose putu herm\u0113ti\u0137is ar unik\u0101lu EasyGun aplikatoru\"},{\"@type\":\"BreadcrumbList\",\"@id\":\"https:\\\/\\\/penosil.com\\\/lv\\\/produkt\\\/easypro-all-purpose\\\/#breadcrumb\",\"itemListElement\":[{\"@type\":\"ListItem\",\"position\":1,\"name\":\"S\u0101kums\",\"item\":\"https:\\\/\\\/penosil.com\\\/lv\\\/\"},{\"@type\":\"ListItem\",\"position\":2,\"name\":\"Produkti\",\"item\":\"https:\\\/\\\/penosil.com\\\/lv\\\/produkti\\\/\"},{\"@type\":\"ListItem\",\"position\":3,\"name\":\"EasyPRO All Purpose\"}]},{\"@type\":\"WebSite\",\"@id\":\"https:\\\/\\\/penosil.com\\\/lv\\\/#website\",\"url\":\"https:\\\/\\\/penosil.com\\\/lv\\\/\",\"name\":\"Penosil Latvia\",\"description\":\"\",\"potentialAction\":[{\"@type\":\"SearchAction\",\"target\":{\"@type\":\"EntryPoint\",\"urlTemplate\":\"https:\\\/\\\/penosil.com\\\/lv\\\/?s={search_term_string}\"},\"query-input\":{\"@type\":\"PropertyValueSpecification\",\"valueRequired\":true,\"valueName\":\"search_term_string\"}}],\"inLanguage\":\"lv-LV\"}]}<\/script>\n<!-- \/ Yoast SEO plugin. -->","yoast_head_json":{"title":"EasyPRO All Purpose Poliuret\u0101na putas ar unik\u0101lu aplikatoru","description":"PENOSIL EasyPRO All Purpose putu herm\u0113ti\u0137is ar unik\u0101lu aplikatoru - divreiz liel\u0101ks izp\u016bsto putu apjoms un 1,5 reizes lab\u0101ka izol\u0101cija.","robots":{"index":"index","follow":"follow","max-snippet":"max-snippet:-1","max-image-preview":"max-image-preview:large","max-video-preview":"max-video-preview:-1"},"canonical":"https:\/\/penosil.com\/lv\/produkt\/easypro-all-purpose\/","og_locale":"lv_LV","og_type":"article","og_title":"EasyPRO All Purpose Poliuret\u0101na putas ar unik\u0101lu aplikatoru","og_description":"PENOSIL EasyPRO All Purpose putu herm\u0113ti\u0137is ar unik\u0101lu aplikatoru - divreiz liel\u0101ks izp\u016bsto putu apjoms un 1,5 reizes lab\u0101ka izol\u0101cija.","og_url":"https:\/\/penosil.com\/lv\/produkt\/easypro-all-purpose\/","og_site_name":"Penosil Latvia","article_modified_time":"2026-04-29T06:21:36+00:00","og_image":[{"width":1025,"height":2560,"url":"https:\/\/penosil.com\/lv\/wp-content\/uploads\/sites\/31\/2020\/05\/MKR_2792_PENOSIL_EasyPRO_All_Purpose_Foam_Sealant_750ml_LV_RU-scaled.jpg","type":"image\/jpeg"}],"twitter_card":"summary_large_image","twitter_misc":{"Est. reading time":"5 minutes"},"schema":{"@context":"https:\/\/schema.org","@graph":[{"@type":"WebPage","@id":"https:\/\/penosil.com\/lv\/produkt\/easypro-all-purpose\/","url":"https:\/\/penosil.com\/lv\/produkt\/easypro-all-purpose\/","name":"EasyPRO All Purpose Poliuret\u0101na putas ar unik\u0101lu aplikatoru","isPartOf":{"@id":"https:\/\/penosil.com\/lv\/#website"},"primaryImageOfPage":{"@id":"https:\/\/penosil.com\/lv\/produkt\/easypro-all-purpose\/#primaryimage"},"image":{"@id":"https:\/\/penosil.com\/lv\/produkt\/easypro-all-purpose\/#primaryimage"},"thumbnailUrl":"https:\/\/penosil.com\/lv\/wp-content\/uploads\/sites\/31\/2020\/05\/MKR_2792_PENOSIL_EasyPRO_All_Purpose_Foam_Sealant_750ml_LV_RU-scaled.jpg","datePublished":"2020-05-25T13:11:45+00:00","dateModified":"2026-04-29T06:21:36+00:00","description":"PENOSIL EasyPRO All Purpose putu herm\u0113ti\u0137is ar unik\u0101lu aplikatoru - divreiz liel\u0101ks izp\u016bsto putu apjoms un 1,5 reizes lab\u0101ka izol\u0101cija.","breadcrumb":{"@id":"https:\/\/penosil.com\/lv\/produkt\/easypro-all-purpose\/#breadcrumb"},"inLanguage":"lv-LV","potentialAction":[{"@type":"ReadAction","target":["https:\/\/penosil.com\/lv\/produkt\/easypro-all-purpose\/"]}]},{"@type":"ImageObject","inLanguage":"lv-LV","@id":"https:\/\/penosil.com\/lv\/produkt\/easypro-all-purpose\/#primaryimage","url":"https:\/\/penosil.com\/lv\/wp-content\/uploads\/sites\/31\/2020\/05\/MKR_2792_PENOSIL_EasyPRO_All_Purpose_Foam_Sealant_750ml_LV_RU-scaled.jpg","contentUrl":"https:\/\/penosil.com\/lv\/wp-content\/uploads\/sites\/31\/2020\/05\/MKR_2792_PENOSIL_EasyPRO_All_Purpose_Foam_Sealant_750ml_LV_RU-scaled.jpg","width":1025,"height":2560,"caption":"PENOSIL EasyPRO All Purpose putu herm\u0113ti\u0137is ar unik\u0101lu EasyGun aplikatoru"},{"@type":"BreadcrumbList","@id":"https:\/\/penosil.com\/lv\/produkt\/easypro-all-purpose\/#breadcrumb","itemListElement":[{"@type":"ListItem","position":1,"name":"S\u0101kums","item":"https:\/\/penosil.com\/lv\/"},{"@type":"ListItem","position":2,"name":"Produkti","item":"https:\/\/penosil.com\/lv\/produkti\/"},{"@type":"ListItem","position":3,"name":"EasyPRO All Purpose"}]},{"@type":"WebSite","@id":"https:\/\/penosil.com\/lv\/#website","url":"https:\/\/penosil.com\/lv\/","name":"Penosil Latvia","description":"","potentialAction":[{"@type":"SearchAction","target":{"@type":"EntryPoint","urlTemplate":"https:\/\/penosil.com\/lv\/?s={search_term_string}"},"query-input":{"@type":"PropertyValueSpecification","valueRequired":true,"valueName":"search_term_string"}}],"inLanguage":"lv-LV"}]}},"featured_img":"https:\/\/penosil.com\/lv\/wp-content\/uploads\/sites\/31\/2020\/05\/MKR_2792_PENOSIL_EasyPRO_All_Purpose_Foam_Sealant_750ml_LV_RU-scaled.jpg","coauthors":[],"author_meta":{"author_link":"https:\/\/penosil.com\/lv\/author\/olga\/","display_name":"Olga Ku\u010dmasova"},"relative_dates":{"created":"Posted 6 years ago","modified":"Updated 3 days ago"},"absolute_dates":{"created":"Posted on May 25, 2020","modified":"Updated on April 29, 2026"},"absolute_dates_time":{"created":"Posted on May 25, 2020 1:11 pm","modified":"Updated on April 29, 2026 6:21 am"},"featured_img_caption":"","tax_additional":{"product_brand":{"linked":[],"unlinked":[],"slug":"product_brand","name":"Brands"},"product_type":{"linked":["<a href=\"https:\/\/penosil.com\/lv\/?taxonomy=product_type&#038;term=simple\" class=\"advgb-post-tax-term\">simple<\/a>"],"unlinked":["<span class=\"advgb-post-tax-term\">simple<\/span>"],"slug":"product_type","name":"Product type"},"product_visibility":{"linked":[],"unlinked":[],"slug":"product_visibility","name":"Product visibility"},"product_cat":{"linked":["<a href=\"https:\/\/penosil.com\/lv\/produkti\/easypro\/daudzpusigs-pielietojums\/\" class=\"advgb-post-tax-term\">Daudzpus\u012bgs pielietojums<\/a>","<a href=\"https:\/\/penosil.com\/lv\/produkti\/easypro\/\" class=\"advgb-post-tax-term\">EasyPRO<\/a>"],"unlinked":["<span class=\"advgb-post-tax-term\">Daudzpus\u012bgs pielietojums<\/span>","<span class=\"advgb-post-tax-term\">EasyPRO<\/span>"],"slug":"product_cat","name":"Product categories"},"product_tag":{"linked":[],"unlinked":[],"slug":"product_tag","name":"Product tags"},"product_shipping_class":{"linked":[],"unlinked":[],"slug":"product_shipping_class","name":"Product shipping classes"},"pos_product_visibility":{"linked":[],"unlinked":[],"slug":"pos_product_visibility","name":"POS Product visibility"},"pa_color":{"linked":["<a href=\"https:\/\/penosil.com\/lv\/?taxonomy=pa_color&#038;term=light-yellow-lv\" class=\"advgb-post-tax-term\">Gai\u0161i dzeltens<\/a>"],"unlinked":["<span class=\"advgb-post-tax-term\">Gai\u0161i dzeltens<\/span>"],"slug":"pa_color","name":"Product Colour"},"pa_diameter":{"linked":[],"unlinked":[],"slug":"pa_diameter","name":"Product Diameter"},"pa_package":{"linked":["<a href=\"https:\/\/penosil.com\/lv\/?taxonomy=pa_package&#038;term=1000-ml-lv-2\" class=\"advgb-post-tax-term\">1000 ml<\/a>"],"unlinked":["<span class=\"advgb-post-tax-term\">1000 ml<\/span>"],"slug":"pa_package","name":"Product Package"},"pa_roll":{"linked":[],"unlinked":[],"slug":"pa_roll","name":"Product Roll"},"pa_widths":{"linked":[],"unlinked":[],"slug":"pa_widths","name":"Product Widths"},"translation_priority":{"linked":["<a href=\"https:\/\/penosil.com\/lv\/?taxonomy=translation_priority&#038;term=optional-lv\" class=\"advgb-post-tax-term\">Optional<\/a>"],"unlinked":["<span class=\"advgb-post-tax-term\">Optional<\/span>"],"slug":"translation_priority","name":"Translation Priorities"}},"series_order":"","_links":{"self":[{"href":"https:\/\/penosil.com\/lv\/wp-json\/wp\/v2\/product\/18325","targetHints":{"allow":["GET"]}}],"collection":[{"href":"https:\/\/penosil.com\/lv\/wp-json\/wp\/v2\/product"}],"about":[{"href":"https:\/\/penosil.com\/lv\/wp-json\/wp\/v2\/types\/product"}],"version-history":[{"count":5,"href":"https:\/\/penosil.com\/lv\/wp-json\/wp\/v2\/product\/18325\/revisions"}],"predecessor-version":[{"id":33435,"href":"https:\/\/penosil.com\/lv\/wp-json\/wp\/v2\/product\/18325\/revisions\/33435"}],"wp:featuredmedia":[{"embeddable":true,"href":"https:\/\/penosil.com\/lv\/wp-json\/wp\/v2\/media\/18326"}],"wp:attachment":[{"href":"https:\/\/penosil.com\/lv\/wp-json\/wp\/v2\/media?parent=18325"}],"wp:term":[{"taxonomy":"product_brand","embeddable":true,"href":"https:\/\/penosil.com\/lv\/wp-json\/wp\/v2\/product_brand?post=18325"},{"taxonomy":"product_cat","embeddable":true,"href":"https:\/\/penosil.com\/lv\/wp-json\/wp\/v2\/product_cat?post=18325"},{"taxonomy":"product_tag","embeddable":true,"href":"https:\/\/penosil.com\/lv\/wp-json\/wp\/v2\/product_tag?post=18325"}],"curies":[{"name":"wp","href":"https:\/\/api.w.org\/{rel}","templated":true}]}}