{"id":18365,"date":"2020-05-25T18:00:28","date_gmt":"2020-05-25T18:00:28","guid":{"rendered":"https:\/\/penosil.com\/lv\/?post_type=product&#038;p=18365"},"modified":"2026-04-01T09:56:58","modified_gmt":"2026-04-01T09:56:58","slug":"easyspray","status":"publish","type":"product","link":"https:\/\/penosil.com\/lv\/produkt\/easyspray\/","title":{"rendered":"EasySpray"},"content":{"rendered":"<p>PENOSIL EasySpray ir izsmidzin\u0101mas siltumizol\u0101cijas putas ar speci\u0101lu izsmidzin\u0101\u0161anas sprauslu pistoles galam. Izsmidzin\u0101\u0161ana dod iesp\u0113ju izol\u0113t nel\u012bdzenas vai izliektas pamatnes un gr\u016bti sasniedzamas vietas ar gludu, vienm\u0113r\u012bgu putu sl\u0101ni. Pal\u012bdz samazin\u0101t aukstuma tiltus un nov\u0113rst kondens\u0101ta veido\u0161anos.<\/p>\n","protected":false},"excerpt":{"rendered":"PENOSIL EasySpray ir izsmidzin\u0101mas siltumizol\u0101cijas putas ar speci\u0101lu izsmidzin\u0101\u0161anas sprauslu pistoles galam. Izsmidzin\u0101\u0161ana dod iesp\u0113ju izol\u0113t nel\u012bdzenas vai izliektas pamatnes un gr\u016bti sasniedzamas vietas ar gludu, vienm\u0113r\u012bgu putu sl\u0101ni. Pal\u012bdz samazin\u0101t aukstuma tiltus un nov\u0113rst kondens\u0101ta veido\u0161anos.","protected":false},"author":4,"featured_media":33316,"template":"","meta":{"_acf_changed":false,"advgb_blocks_editor_width":"","advgb_blocks_columns_visual_guide":"","footnotes":""},"product_brand":[],"product_cat":[2507,1500,2506,2595],"product_tag":[],"class_list":{"0":"post-18365","1":"product","2":"type-product","3":"status-publish","4":"has-post-thumbnail","6":"product_cat-daudzpusigs-pielietojums","7":"product_cat-celtniecibas-putas","8":"product_cat-easypro","9":"product_cat-easyspray-putas","11":"first","12":"instock","13":"taxable","14":"shipping-taxable","15":"purchasable","16":"product-type-simple"},"acf":[],"yoast_head":"<!-- This site is optimized with the Yoast SEO plugin v27.2 - https:\/\/yoast.com\/product\/yoast-seo-wordpress\/ -->\n<title>Penosil EasySpray Izsmidzin\u0101mas siltumizol\u0101cijas putas<\/title>\n<meta name=\"description\" content=\"Penosil EasySpray ir putu herm\u0113ti\u0137is - izsmidzin\u0101mas siltumizol\u0101cijas putas - ar unik\u0101lu sprauslu. Samazina aukstuma tiltus.\" \/>\n<meta name=\"robots\" content=\"index, follow, max-snippet:-1, max-image-preview:large, max-video-preview:-1\" \/>\n<link rel=\"canonical\" href=\"https:\/\/penosil.com\/lv\/produkt\/easyspray\/\" \/>\n<meta property=\"og:locale\" content=\"lv_LV\" \/>\n<meta property=\"og:type\" content=\"article\" \/>\n<meta property=\"og:title\" content=\"Penosil EasySpray Izsmidzin\u0101mas siltumizol\u0101cijas putas\" \/>\n<meta property=\"og:description\" content=\"Penosil EasySpray ir putu herm\u0113ti\u0137is - izsmidzin\u0101mas siltumizol\u0101cijas putas - ar unik\u0101lu sprauslu. Samazina aukstuma tiltus.\" \/>\n<meta property=\"og:url\" content=\"https:\/\/penosil.com\/lv\/produkt\/easyspray\/\" \/>\n<meta property=\"og:site_name\" content=\"Penosil Latvia\" \/>\n<meta property=\"article:modified_time\" content=\"2026-04-01T09:56:58+00:00\" \/>\n<meta property=\"og:image\" content=\"https:\/\/penosil.com\/lv\/wp-content\/uploads\/sites\/31\/2020\/05\/MEP_2827-Penosil-EasySpray-Sprayable-Foam-700-ml-LVlvru_EDIT.png\" \/>\n\t<meta property=\"og:image:width\" content=\"424\" \/>\n\t<meta property=\"og:image:height\" content=\"1424\" \/>\n\t<meta property=\"og:image:type\" content=\"image\/png\" \/>\n<meta name=\"twitter:card\" content=\"summary_large_image\" \/>\n<meta name=\"twitter:label1\" content=\"Est. reading time\" \/>\n\t<meta name=\"twitter:data1\" content=\"5 minutes\" \/>\n<script type=\"application\/ld+json\" class=\"yoast-schema-graph\">{\"@context\":\"https:\/\/schema.org\",\"@graph\":[{\"@type\":\"WebPage\",\"@id\":\"https:\/\/penosil.com\/lv\/produkt\/easyspray\/\",\"url\":\"https:\/\/penosil.com\/lv\/produkt\/easyspray\/\",\"name\":\"Penosil EasySpray Izsmidzin\u0101mas siltumizol\u0101cijas putas\",\"isPartOf\":{\"@id\":\"https:\/\/penosil.com\/lv\/#website\"},\"primaryImageOfPage\":{\"@id\":\"https:\/\/penosil.com\/lv\/produkt\/easyspray\/#primaryimage\"},\"image\":{\"@id\":\"https:\/\/penosil.com\/lv\/produkt\/easyspray\/#primaryimage\"},\"thumbnailUrl\":\"https:\/\/penosil.com\/lv\/wp-content\/uploads\/sites\/31\/2026\/03\/MEP_2827-Penosil-EasySpray-Sprayable-Foam-700-ml-LV2Clv2Cru_EDIT.png\",\"datePublished\":\"2020-05-25T18:00:28+00:00\",\"dateModified\":\"2026-04-01T09:56:58+00:00\",\"description\":\"Penosil EasySpray ir putu herm\u0113ti\u0137is - izsmidzin\u0101mas siltumizol\u0101cijas putas - ar unik\u0101lu sprauslu. Samazina aukstuma tiltus.\",\"breadcrumb\":{\"@id\":\"https:\/\/penosil.com\/lv\/produkt\/easyspray\/#breadcrumb\"},\"inLanguage\":\"lv-LV\",\"potentialAction\":[{\"@type\":\"ReadAction\",\"target\":[\"https:\/\/penosil.com\/lv\/produkt\/easyspray\/\"]}]},{\"@type\":\"ImageObject\",\"inLanguage\":\"lv-LV\",\"@id\":\"https:\/\/penosil.com\/lv\/produkt\/easyspray\/#primaryimage\",\"url\":\"https:\/\/penosil.com\/lv\/wp-content\/uploads\/sites\/31\/2026\/03\/MEP_2827-Penosil-EasySpray-Sprayable-Foam-700-ml-LV2Clv2Cru_EDIT.png\",\"contentUrl\":\"https:\/\/penosil.com\/lv\/wp-content\/uploads\/sites\/31\/2026\/03\/MEP_2827-Penosil-EasySpray-Sprayable-Foam-700-ml-LV2Clv2Cru_EDIT.png\",\"width\":424,\"height\":1424},{\"@type\":\"BreadcrumbList\",\"@id\":\"https:\/\/penosil.com\/lv\/produkt\/easyspray\/#breadcrumb\",\"itemListElement\":[{\"@type\":\"ListItem\",\"position\":1,\"name\":\"S\u0101kums\",\"item\":\"https:\/\/penosil.com\/lv\/\"},{\"@type\":\"ListItem\",\"position\":2,\"name\":\"Produkti\",\"item\":\"https:\/\/penosil.com\/lv\/produkti\/\"},{\"@type\":\"ListItem\",\"position\":3,\"name\":\"EasySpray\"}]},{\"@type\":\"WebSite\",\"@id\":\"https:\/\/penosil.com\/lv\/#website\",\"url\":\"https:\/\/penosil.com\/lv\/\",\"name\":\"Penosil Latvia\",\"description\":\"\",\"potentialAction\":[{\"@type\":\"SearchAction\",\"target\":{\"@type\":\"EntryPoint\",\"urlTemplate\":\"https:\/\/penosil.com\/lv\/?s={search_term_string}\"},\"query-input\":{\"@type\":\"PropertyValueSpecification\",\"valueRequired\":true,\"valueName\":\"search_term_string\"}}],\"inLanguage\":\"lv-LV\"}]}<\/script>\n<!-- \/ Yoast SEO plugin. -->","yoast_head_json":{"title":"Penosil EasySpray Izsmidzin\u0101mas siltumizol\u0101cijas putas","description":"Penosil EasySpray ir putu herm\u0113ti\u0137is - izsmidzin\u0101mas siltumizol\u0101cijas putas - ar unik\u0101lu sprauslu. Samazina aukstuma tiltus.","robots":{"index":"index","follow":"follow","max-snippet":"max-snippet:-1","max-image-preview":"max-image-preview:large","max-video-preview":"max-video-preview:-1"},"canonical":"https:\/\/penosil.com\/lv\/produkt\/easyspray\/","og_locale":"lv_LV","og_type":"article","og_title":"Penosil EasySpray Izsmidzin\u0101mas siltumizol\u0101cijas putas","og_description":"Penosil EasySpray ir putu herm\u0113ti\u0137is - izsmidzin\u0101mas siltumizol\u0101cijas putas - ar unik\u0101lu sprauslu. Samazina aukstuma tiltus.","og_url":"https:\/\/penosil.com\/lv\/produkt\/easyspray\/","og_site_name":"Penosil Latvia","article_modified_time":"2026-04-01T09:56:58+00:00","og_image":[{"width":424,"height":1424,"url":"https:\/\/penosil.com\/lv\/wp-content\/uploads\/sites\/31\/2020\/05\/MEP_2827-Penosil-EasySpray-Sprayable-Foam-700-ml-LVlvru_EDIT.png","type":"image\/png"}],"twitter_card":"summary_large_image","twitter_misc":{"Est. reading time":"5 minutes"},"schema":{"@context":"https:\/\/schema.org","@graph":[{"@type":"WebPage","@id":"https:\/\/penosil.com\/lv\/produkt\/easyspray\/","url":"https:\/\/penosil.com\/lv\/produkt\/easyspray\/","name":"Penosil EasySpray Izsmidzin\u0101mas siltumizol\u0101cijas putas","isPartOf":{"@id":"https:\/\/penosil.com\/lv\/#website"},"primaryImageOfPage":{"@id":"https:\/\/penosil.com\/lv\/produkt\/easyspray\/#primaryimage"},"image":{"@id":"https:\/\/penosil.com\/lv\/produkt\/easyspray\/#primaryimage"},"thumbnailUrl":"https:\/\/penosil.com\/lv\/wp-content\/uploads\/sites\/31\/2026\/03\/MEP_2827-Penosil-EasySpray-Sprayable-Foam-700-ml-LV2Clv2Cru_EDIT.png","datePublished":"2020-05-25T18:00:28+00:00","dateModified":"2026-04-01T09:56:58+00:00","description":"Penosil EasySpray ir putu herm\u0113ti\u0137is - izsmidzin\u0101mas siltumizol\u0101cijas putas - ar unik\u0101lu sprauslu. Samazina aukstuma tiltus.","breadcrumb":{"@id":"https:\/\/penosil.com\/lv\/produkt\/easyspray\/#breadcrumb"},"inLanguage":"lv-LV","potentialAction":[{"@type":"ReadAction","target":["https:\/\/penosil.com\/lv\/produkt\/easyspray\/"]}]},{"@type":"ImageObject","inLanguage":"lv-LV","@id":"https:\/\/penosil.com\/lv\/produkt\/easyspray\/#primaryimage","url":"https:\/\/penosil.com\/lv\/wp-content\/uploads\/sites\/31\/2026\/03\/MEP_2827-Penosil-EasySpray-Sprayable-Foam-700-ml-LV2Clv2Cru_EDIT.png","contentUrl":"https:\/\/penosil.com\/lv\/wp-content\/uploads\/sites\/31\/2026\/03\/MEP_2827-Penosil-EasySpray-Sprayable-Foam-700-ml-LV2Clv2Cru_EDIT.png","width":424,"height":1424},{"@type":"BreadcrumbList","@id":"https:\/\/penosil.com\/lv\/produkt\/easyspray\/#breadcrumb","itemListElement":[{"@type":"ListItem","position":1,"name":"S\u0101kums","item":"https:\/\/penosil.com\/lv\/"},{"@type":"ListItem","position":2,"name":"Produkti","item":"https:\/\/penosil.com\/lv\/produkti\/"},{"@type":"ListItem","position":3,"name":"EasySpray"}]},{"@type":"WebSite","@id":"https:\/\/penosil.com\/lv\/#website","url":"https:\/\/penosil.com\/lv\/","name":"Penosil Latvia","description":"","potentialAction":[{"@type":"SearchAction","target":{"@type":"EntryPoint","urlTemplate":"https:\/\/penosil.com\/lv\/?s={search_term_string}"},"query-input":{"@type":"PropertyValueSpecification","valueRequired":true,"valueName":"search_term_string"}}],"inLanguage":"lv-LV"}]}},"featured_img":"https:\/\/penosil.com\/lv\/wp-content\/uploads\/sites\/31\/2026\/03\/MEP_2827-Penosil-EasySpray-Sprayable-Foam-700-ml-LV2Clv2Cru_EDIT.png","coauthors":[],"author_meta":{"author_link":"https:\/\/penosil.com\/lv\/author\/olga\/","display_name":"Olga Ku\u010dmasova"},"relative_dates":{"created":"Posted 6 years ago","modified":"Updated 2 weeks ago"},"absolute_dates":{"created":"Posted on May 25, 2020","modified":"Updated on April 1, 2026"},"absolute_dates_time":{"created":"Posted on May 25, 2020 6:00 pm","modified":"Updated on April 1, 2026 9:56 am"},"featured_img_caption":"","tax_additional":{"product_brand":{"linked":[],"unlinked":[],"slug":"product_brand","name":"Brands"},"product_type":{"linked":["<a href=\"https:\/\/penosil.com\/lv\/?taxonomy=product_type&#038;term=simple\" class=\"advgb-post-tax-term\">simple<\/a>"],"unlinked":["<span class=\"advgb-post-tax-term\">simple<\/span>"],"slug":"product_type","name":"Product type"},"product_visibility":{"linked":[],"unlinked":[],"slug":"product_visibility","name":"Product visibility"},"product_cat":{"linked":["<a href=\"https:\/\/penosil.com\/lv\/produkti\/easypro\/daudzpusigs-pielietojums\/\" class=\"advgb-post-tax-term\">Daudzpus\u012bgs pielietojums<\/a>","<a href=\"https:\/\/penosil.com\/lv\/produkti\/produktu-grupas\/celtniecibas-putas\/\" class=\"advgb-post-tax-term\">Celtniec\u012bbas putas<\/a>","<a href=\"https:\/\/penosil.com\/lv\/produkti\/easypro\/\" class=\"advgb-post-tax-term\">EasyPRO<\/a>","<a href=\"https:\/\/penosil.com\/lv\/produkti\/produktu-grupas\/celtniecibas-putas\/easyspray-putas\/\" class=\"advgb-post-tax-term\">EasySpray putas<\/a>"],"unlinked":["<span class=\"advgb-post-tax-term\">Daudzpus\u012bgs pielietojums<\/span>","<span class=\"advgb-post-tax-term\">Celtniec\u012bbas putas<\/span>","<span class=\"advgb-post-tax-term\">EasyPRO<\/span>","<span class=\"advgb-post-tax-term\">EasySpray putas<\/span>"],"slug":"product_cat","name":"Product categories"},"product_tag":{"linked":[],"unlinked":[],"slug":"product_tag","name":"Product tags"},"product_shipping_class":{"linked":[],"unlinked":[],"slug":"product_shipping_class","name":"Product shipping classes"},"pos_product_visibility":{"linked":[],"unlinked":[],"slug":"pos_product_visibility","name":"POS Product visibility"},"pa_color":{"linked":["<a href=\"https:\/\/penosil.com\/lv\/?taxonomy=pa_color&#038;term=white-lv-2\" class=\"advgb-post-tax-term\">Balts<\/a>"],"unlinked":["<span class=\"advgb-post-tax-term\">Balts<\/span>"],"slug":"pa_color","name":"Product Colour"},"pa_diameter":{"linked":[],"unlinked":[],"slug":"pa_diameter","name":"Product Diameter"},"pa_package":{"linked":["<a href=\"https:\/\/penosil.com\/lv\/?taxonomy=pa_package&#038;term=1000-ml-lv-2\" class=\"advgb-post-tax-term\">1000 ml<\/a>"],"unlinked":["<span class=\"advgb-post-tax-term\">1000 ml<\/span>"],"slug":"pa_package","name":"Product Package"},"pa_roll":{"linked":[],"unlinked":[],"slug":"pa_roll","name":"Product Roll"},"pa_widths":{"linked":[],"unlinked":[],"slug":"pa_widths","name":"Product Widths"},"translation_priority":{"linked":["<a href=\"https:\/\/penosil.com\/lv\/?taxonomy=translation_priority&#038;term=optional-lv\" class=\"advgb-post-tax-term\">Optional<\/a>"],"unlinked":["<span class=\"advgb-post-tax-term\">Optional<\/span>"],"slug":"translation_priority","name":"Translation Priorities"}},"series_order":"","_links":{"self":[{"href":"https:\/\/penosil.com\/lv\/wp-json\/wp\/v2\/product\/18365","targetHints":{"allow":["GET"]}}],"collection":[{"href":"https:\/\/penosil.com\/lv\/wp-json\/wp\/v2\/product"}],"about":[{"href":"https:\/\/penosil.com\/lv\/wp-json\/wp\/v2\/types\/product"}],"version-history":[{"count":5,"href":"https:\/\/penosil.com\/lv\/wp-json\/wp\/v2\/product\/18365\/revisions"}],"predecessor-version":[{"id":33315,"href":"https:\/\/penosil.com\/lv\/wp-json\/wp\/v2\/product\/18365\/revisions\/33315"}],"wp:featuredmedia":[{"embeddable":true,"href":"https:\/\/penosil.com\/lv\/wp-json\/wp\/v2\/media\/33316"}],"wp:attachment":[{"href":"https:\/\/penosil.com\/lv\/wp-json\/wp\/v2\/media?parent=18365"}],"wp:term":[{"taxonomy":"product_brand","embeddable":true,"href":"https:\/\/penosil.com\/lv\/wp-json\/wp\/v2\/product_brand?post=18365"},{"taxonomy":"product_cat","embeddable":true,"href":"https:\/\/penosil.com\/lv\/wp-json\/wp\/v2\/product_cat?post=18365"},{"taxonomy":"product_tag","embeddable":true,"href":"https:\/\/penosil.com\/lv\/wp-json\/wp\/v2\/product_tag?post=18365"}],"curies":[{"name":"wp","href":"https:\/\/api.w.org\/{rel}","templated":true}]}}