{"id":18391,"date":"2020-05-25T18:25:46","date_gmt":"2020-05-25T18:25:46","guid":{"rendered":"https:\/\/penosil.com\/lv\/?post_type=product&#038;p=18391"},"modified":"2026-04-01T09:56:58","modified_gmt":"2026-04-01T09:56:58","slug":"fire-rated-gunfoam-b1-187","status":"publish","type":"product","link":"https:\/\/penosil.com\/lv\/produkt\/fire-rated-gunfoam-b1-187\/","title":{"rendered":"Fire Rated Gunfoam B1 187"},"content":{"rendered":"<p>PENOSIL Fire Rated Gunfoam B1 187 ir profesion\u0101las ugunsdro\u0161as putas ar zemu otrreiz\u0113jo izple\u0161anos pras\u012bgiem lietot\u0101jiem. Ugunsiztur\u012bba p\u0101rbaud\u012bta saska\u0146\u0101 ar Eiropas standartu EN 1366-4 un uguns reakcija saska\u0146\u0101 ar standartu DIN 4102-1. Ugunsiztur\u012bba ir nov\u0113rt\u0113ta saska\u0146\u0101 ar EN 13501-2.<\/p>\n","protected":false},"excerpt":{"rendered":"Profesion\u0101las ugunsdro\u0161as putas","protected":false},"author":4,"featured_media":32178,"template":"","meta":{"_acf_changed":false,"advgb_blocks_editor_width":"","advgb_blocks_columns_visual_guide":"","footnotes":""},"product_brand":[],"product_cat":[1539,1500,661],"product_tag":[],"class_list":{"0":"post-18391","1":"product","2":"type-product","3":"status-publish","4":"has-post-thumbnail","6":"product_cat-pistolu-putas","7":"product_cat-celtniecibas-putas","8":"product_cat-ugunsdrosiba-augsta-temperatura","10":"first","11":"instock","12":"taxable","13":"shipping-taxable","14":"purchasable","15":"product-type-simple"},"acf":[],"yoast_head":"<!-- This site is optimized with the Yoast SEO plugin v27.2 - https:\/\/yoast.com\/product\/yoast-seo-wordpress\/ -->\n<title>Fire Rated Gunfoam B1 187 Profesion\u0101las ugunsdro\u0161as putas<\/title>\n<meta name=\"description\" content=\"Penosil Fire Rated Gunfoam B1 187 ir profesion\u0101las ugunsdro\u0161as putas ar zemu izple\u0161anos. P\u0101rbaud\u012btas atbilsto\u0161i Eiropas standartam.\" \/>\n<meta name=\"robots\" content=\"index, follow, max-snippet:-1, max-image-preview:large, max-video-preview:-1\" \/>\n<link rel=\"canonical\" href=\"https:\/\/penosil.com\/lv\/produkt\/fire-rated-gunfoam-b1-187\/\" \/>\n<meta property=\"og:locale\" content=\"lv_LV\" \/>\n<meta property=\"og:type\" content=\"article\" \/>\n<meta property=\"og:title\" content=\"Fire Rated Gunfoam B1 187 Profesion\u0101las ugunsdro\u0161as putas\" \/>\n<meta property=\"og:description\" content=\"Penosil Fire Rated Gunfoam B1 187 ir profesion\u0101las ugunsdro\u0161as putas ar zemu izple\u0161anos. P\u0101rbaud\u012btas atbilsto\u0161i Eiropas standartam.\" \/>\n<meta property=\"og:url\" content=\"https:\/\/penosil.com\/lv\/produkt\/fire-rated-gunfoam-b1-187\/\" \/>\n<meta property=\"og:site_name\" content=\"Penosil Latvia\" \/>\n<meta property=\"article:modified_time\" content=\"2026-04-01T09:56:58+00:00\" \/>\n<meta property=\"og:image\" content=\"https:\/\/penosil.com\/lv\/wp-content\/uploads\/sites\/31\/2020\/05\/187_Fire_Rated_Gunfoam_B1_187_LT_LV.png\" \/>\n\t<meta property=\"og:image:width\" content=\"523\" \/>\n\t<meta property=\"og:image:height\" content=\"1080\" \/>\n\t<meta property=\"og:image:type\" content=\"image\/png\" \/>\n<meta name=\"twitter:card\" content=\"summary_large_image\" \/>\n<meta name=\"twitter:label1\" content=\"Est. reading time\" \/>\n\t<meta name=\"twitter:data1\" content=\"5 minutes\" \/>\n<script type=\"application\/ld+json\" class=\"yoast-schema-graph\">{\"@context\":\"https:\/\/schema.org\",\"@graph\":[{\"@type\":\"WebPage\",\"@id\":\"https:\/\/penosil.com\/lv\/produkt\/fire-rated-gunfoam-b1-187\/\",\"url\":\"https:\/\/penosil.com\/lv\/produkt\/fire-rated-gunfoam-b1-187\/\",\"name\":\"Fire Rated Gunfoam B1 187 Profesion\u0101las ugunsdro\u0161as putas\",\"isPartOf\":{\"@id\":\"https:\/\/penosil.com\/lv\/#website\"},\"primaryImageOfPage\":{\"@id\":\"https:\/\/penosil.com\/lv\/produkt\/fire-rated-gunfoam-b1-187\/#primaryimage\"},\"image\":{\"@id\":\"https:\/\/penosil.com\/lv\/produkt\/fire-rated-gunfoam-b1-187\/#primaryimage\"},\"thumbnailUrl\":\"https:\/\/penosil.com\/lv\/wp-content\/uploads\/sites\/31\/2025\/06\/187_Fire_Rated_Gunfoam_B1_187_LT_LV.png\",\"datePublished\":\"2020-05-25T18:25:46+00:00\",\"dateModified\":\"2026-04-01T09:56:58+00:00\",\"description\":\"Penosil Fire Rated Gunfoam B1 187 ir profesion\u0101las ugunsdro\u0161as putas ar zemu izple\u0161anos. P\u0101rbaud\u012btas atbilsto\u0161i Eiropas standartam.\",\"breadcrumb\":{\"@id\":\"https:\/\/penosil.com\/lv\/produkt\/fire-rated-gunfoam-b1-187\/#breadcrumb\"},\"inLanguage\":\"lv-LV\",\"potentialAction\":[{\"@type\":\"ReadAction\",\"target\":[\"https:\/\/penosil.com\/lv\/produkt\/fire-rated-gunfoam-b1-187\/\"]}]},{\"@type\":\"ImageObject\",\"inLanguage\":\"lv-LV\",\"@id\":\"https:\/\/penosil.com\/lv\/produkt\/fire-rated-gunfoam-b1-187\/#primaryimage\",\"url\":\"https:\/\/penosil.com\/lv\/wp-content\/uploads\/sites\/31\/2025\/06\/187_Fire_Rated_Gunfoam_B1_187_LT_LV.png\",\"contentUrl\":\"https:\/\/penosil.com\/lv\/wp-content\/uploads\/sites\/31\/2025\/06\/187_Fire_Rated_Gunfoam_B1_187_LT_LV.png\",\"width\":523,\"height\":1080,\"caption\":\"Fire Rated Gunfoam B1 187 ugunsdro\u0161as putas\"},{\"@type\":\"BreadcrumbList\",\"@id\":\"https:\/\/penosil.com\/lv\/produkt\/fire-rated-gunfoam-b1-187\/#breadcrumb\",\"itemListElement\":[{\"@type\":\"ListItem\",\"position\":1,\"name\":\"S\u0101kums\",\"item\":\"https:\/\/penosil.com\/lv\/\"},{\"@type\":\"ListItem\",\"position\":2,\"name\":\"Produkti\",\"item\":\"https:\/\/penosil.com\/lv\/produkti\/\"},{\"@type\":\"ListItem\",\"position\":3,\"name\":\"Fire Rated Gunfoam B1 187\"}]},{\"@type\":\"WebSite\",\"@id\":\"https:\/\/penosil.com\/lv\/#website\",\"url\":\"https:\/\/penosil.com\/lv\/\",\"name\":\"Penosil Latvia\",\"description\":\"\",\"potentialAction\":[{\"@type\":\"SearchAction\",\"target\":{\"@type\":\"EntryPoint\",\"urlTemplate\":\"https:\/\/penosil.com\/lv\/?s={search_term_string}\"},\"query-input\":{\"@type\":\"PropertyValueSpecification\",\"valueRequired\":true,\"valueName\":\"search_term_string\"}}],\"inLanguage\":\"lv-LV\"}]}<\/script>\n<!-- \/ Yoast SEO plugin. -->","yoast_head_json":{"title":"Fire Rated Gunfoam B1 187 Profesion\u0101las ugunsdro\u0161as putas","description":"Penosil Fire Rated Gunfoam B1 187 ir profesion\u0101las ugunsdro\u0161as putas ar zemu izple\u0161anos. P\u0101rbaud\u012btas atbilsto\u0161i Eiropas standartam.","robots":{"index":"index","follow":"follow","max-snippet":"max-snippet:-1","max-image-preview":"max-image-preview:large","max-video-preview":"max-video-preview:-1"},"canonical":"https:\/\/penosil.com\/lv\/produkt\/fire-rated-gunfoam-b1-187\/","og_locale":"lv_LV","og_type":"article","og_title":"Fire Rated Gunfoam B1 187 Profesion\u0101las ugunsdro\u0161as putas","og_description":"Penosil Fire Rated Gunfoam B1 187 ir profesion\u0101las ugunsdro\u0161as putas ar zemu izple\u0161anos. P\u0101rbaud\u012btas atbilsto\u0161i Eiropas standartam.","og_url":"https:\/\/penosil.com\/lv\/produkt\/fire-rated-gunfoam-b1-187\/","og_site_name":"Penosil Latvia","article_modified_time":"2026-04-01T09:56:58+00:00","og_image":[{"width":523,"height":1080,"url":"https:\/\/penosil.com\/lv\/wp-content\/uploads\/sites\/31\/2020\/05\/187_Fire_Rated_Gunfoam_B1_187_LT_LV.png","type":"image\/png"}],"twitter_card":"summary_large_image","twitter_misc":{"Est. reading time":"5 minutes"},"schema":{"@context":"https:\/\/schema.org","@graph":[{"@type":"WebPage","@id":"https:\/\/penosil.com\/lv\/produkt\/fire-rated-gunfoam-b1-187\/","url":"https:\/\/penosil.com\/lv\/produkt\/fire-rated-gunfoam-b1-187\/","name":"Fire Rated Gunfoam B1 187 Profesion\u0101las ugunsdro\u0161as putas","isPartOf":{"@id":"https:\/\/penosil.com\/lv\/#website"},"primaryImageOfPage":{"@id":"https:\/\/penosil.com\/lv\/produkt\/fire-rated-gunfoam-b1-187\/#primaryimage"},"image":{"@id":"https:\/\/penosil.com\/lv\/produkt\/fire-rated-gunfoam-b1-187\/#primaryimage"},"thumbnailUrl":"https:\/\/penosil.com\/lv\/wp-content\/uploads\/sites\/31\/2025\/06\/187_Fire_Rated_Gunfoam_B1_187_LT_LV.png","datePublished":"2020-05-25T18:25:46+00:00","dateModified":"2026-04-01T09:56:58+00:00","description":"Penosil Fire Rated Gunfoam B1 187 ir profesion\u0101las ugunsdro\u0161as putas ar zemu izple\u0161anos. P\u0101rbaud\u012btas atbilsto\u0161i Eiropas standartam.","breadcrumb":{"@id":"https:\/\/penosil.com\/lv\/produkt\/fire-rated-gunfoam-b1-187\/#breadcrumb"},"inLanguage":"lv-LV","potentialAction":[{"@type":"ReadAction","target":["https:\/\/penosil.com\/lv\/produkt\/fire-rated-gunfoam-b1-187\/"]}]},{"@type":"ImageObject","inLanguage":"lv-LV","@id":"https:\/\/penosil.com\/lv\/produkt\/fire-rated-gunfoam-b1-187\/#primaryimage","url":"https:\/\/penosil.com\/lv\/wp-content\/uploads\/sites\/31\/2025\/06\/187_Fire_Rated_Gunfoam_B1_187_LT_LV.png","contentUrl":"https:\/\/penosil.com\/lv\/wp-content\/uploads\/sites\/31\/2025\/06\/187_Fire_Rated_Gunfoam_B1_187_LT_LV.png","width":523,"height":1080,"caption":"Fire Rated Gunfoam B1 187 ugunsdro\u0161as putas"},{"@type":"BreadcrumbList","@id":"https:\/\/penosil.com\/lv\/produkt\/fire-rated-gunfoam-b1-187\/#breadcrumb","itemListElement":[{"@type":"ListItem","position":1,"name":"S\u0101kums","item":"https:\/\/penosil.com\/lv\/"},{"@type":"ListItem","position":2,"name":"Produkti","item":"https:\/\/penosil.com\/lv\/produkti\/"},{"@type":"ListItem","position":3,"name":"Fire Rated Gunfoam B1 187"}]},{"@type":"WebSite","@id":"https:\/\/penosil.com\/lv\/#website","url":"https:\/\/penosil.com\/lv\/","name":"Penosil Latvia","description":"","potentialAction":[{"@type":"SearchAction","target":{"@type":"EntryPoint","urlTemplate":"https:\/\/penosil.com\/lv\/?s={search_term_string}"},"query-input":{"@type":"PropertyValueSpecification","valueRequired":true,"valueName":"search_term_string"}}],"inLanguage":"lv-LV"}]}},"featured_img":"https:\/\/penosil.com\/lv\/wp-content\/uploads\/sites\/31\/2025\/06\/187_Fire_Rated_Gunfoam_B1_187_LT_LV.png","coauthors":[],"author_meta":{"author_link":"https:\/\/penosil.com\/lv\/author\/olga\/","display_name":"Olga Ku\u010dmasova"},"relative_dates":{"created":"Posted 6 years ago","modified":"Updated 2 weeks ago"},"absolute_dates":{"created":"Posted on May 25, 2020","modified":"Updated on April 1, 2026"},"absolute_dates_time":{"created":"Posted on May 25, 2020 6:25 pm","modified":"Updated on April 1, 2026 9:56 am"},"featured_img_caption":"","tax_additional":{"product_brand":{"linked":[],"unlinked":[],"slug":"product_brand","name":"Brands"},"product_type":{"linked":["<a href=\"https:\/\/penosil.com\/lv\/?taxonomy=product_type&#038;term=simple\" class=\"advgb-post-tax-term\">simple<\/a>"],"unlinked":["<span class=\"advgb-post-tax-term\">simple<\/span>"],"slug":"product_type","name":"Product type"},"product_visibility":{"linked":[],"unlinked":[],"slug":"product_visibility","name":"Product visibility"},"product_cat":{"linked":["<a href=\"https:\/\/penosil.com\/lv\/produkti\/produktu-grupas\/celtniecibas-putas\/pistolu-putas\/\" class=\"advgb-post-tax-term\">Pisto\u013cputas<\/a>","<a href=\"https:\/\/penosil.com\/lv\/produkti\/produktu-grupas\/celtniecibas-putas\/\" class=\"advgb-post-tax-term\">Celtniec\u012bbas putas<\/a>","<a href=\"https:\/\/penosil.com\/lv\/produkti\/pielietojums\/ugunsdrosiba-augsta-temperatura\/\" class=\"advgb-post-tax-term\">Ugunsdro\u0161\u012bba \/ Augsta temperat\u016bra<\/a>"],"unlinked":["<span class=\"advgb-post-tax-term\">Pisto\u013cputas<\/span>","<span class=\"advgb-post-tax-term\">Celtniec\u012bbas putas<\/span>","<span class=\"advgb-post-tax-term\">Ugunsdro\u0161\u012bba \/ Augsta temperat\u016bra<\/span>"],"slug":"product_cat","name":"Product categories"},"product_tag":{"linked":[],"unlinked":[],"slug":"product_tag","name":"Product tags"},"product_shipping_class":{"linked":[],"unlinked":[],"slug":"product_shipping_class","name":"Product shipping classes"},"pos_product_visibility":{"linked":[],"unlinked":[],"slug":"pos_product_visibility","name":"POS Product visibility"},"pa_color":{"linked":["<a href=\"https:\/\/penosil.com\/lv\/?taxonomy=pa_color&#038;term=pink-lv-2\" class=\"advgb-post-tax-term\">Roz\u0101<\/a>"],"unlinked":["<span class=\"advgb-post-tax-term\">Roz\u0101<\/span>"],"slug":"pa_color","name":"Product Colour"},"pa_diameter":{"linked":[],"unlinked":[],"slug":"pa_diameter","name":"Product Diameter"},"pa_package":{"linked":["<a href=\"https:\/\/penosil.com\/lv\/?taxonomy=pa_package&#038;term=1000-ml-lv-2\" class=\"advgb-post-tax-term\">1000 ml<\/a>"],"unlinked":["<span class=\"advgb-post-tax-term\">1000 ml<\/span>"],"slug":"pa_package","name":"Product Package"},"pa_roll":{"linked":[],"unlinked":[],"slug":"pa_roll","name":"Product Roll"},"pa_widths":{"linked":[],"unlinked":[],"slug":"pa_widths","name":"Product Widths"},"translation_priority":{"linked":["<a href=\"https:\/\/penosil.com\/lv\/?taxonomy=translation_priority&#038;term=optional-lv\" class=\"advgb-post-tax-term\">Optional<\/a>"],"unlinked":["<span class=\"advgb-post-tax-term\">Optional<\/span>"],"slug":"translation_priority","name":"Translation Priorities"}},"series_order":"","_links":{"self":[{"href":"https:\/\/penosil.com\/lv\/wp-json\/wp\/v2\/product\/18391","targetHints":{"allow":["GET"]}}],"collection":[{"href":"https:\/\/penosil.com\/lv\/wp-json\/wp\/v2\/product"}],"about":[{"href":"https:\/\/penosil.com\/lv\/wp-json\/wp\/v2\/types\/product"}],"version-history":[{"count":8,"href":"https:\/\/penosil.com\/lv\/wp-json\/wp\/v2\/product\/18391\/revisions"}],"predecessor-version":[{"id":32177,"href":"https:\/\/penosil.com\/lv\/wp-json\/wp\/v2\/product\/18391\/revisions\/32177"}],"wp:featuredmedia":[{"embeddable":true,"href":"https:\/\/penosil.com\/lv\/wp-json\/wp\/v2\/media\/32178"}],"wp:attachment":[{"href":"https:\/\/penosil.com\/lv\/wp-json\/wp\/v2\/media?parent=18391"}],"wp:term":[{"taxonomy":"product_brand","embeddable":true,"href":"https:\/\/penosil.com\/lv\/wp-json\/wp\/v2\/product_brand?post=18391"},{"taxonomy":"product_cat","embeddable":true,"href":"https:\/\/penosil.com\/lv\/wp-json\/wp\/v2\/product_cat?post=18391"},{"taxonomy":"product_tag","embeddable":true,"href":"https:\/\/penosil.com\/lv\/wp-json\/wp\/v2\/product_tag?post=18391"}],"curies":[{"name":"wp","href":"https:\/\/api.w.org\/{rel}","templated":true}]}}