{"id":18444,"date":"2020-05-25T19:40:30","date_gmt":"2020-05-25T19:40:30","guid":{"rendered":"https:\/\/penosil.com\/lv\/?post_type=product&#038;p=18444"},"modified":"2026-01-08T01:16:38","modified_gmt":"2026-01-08T01:16:38","slug":"2k-foam-b2-202","status":"publish","type":"product","link":"https:\/\/penosil.com\/lv\/produkt\/2k-foam-b2-202\/","title":{"rendered":"2K Foam B2 202"},"content":{"rendered":"<p>PENOSIL 2K Foam B2 202 ir \u0101tri ciet\u0113jo\u0161as divkomponentu putas ar salmi\u0146aplikatoru\u00a0\u0101trai un meh\u0101niski sp\u0113c\u012bgai izol\u0101cijas, mont\u0101\u017eas un aizpild\u012b\u0161anas darbiem.<\/p>\n","protected":false},"excerpt":{"rendered":"\u0100tri ciet\u0113jo\u0161as divkomponentu putas","protected":false},"author":4,"featured_media":32400,"template":"","meta":{"_acf_changed":false,"advgb_blocks_editor_width":"","advgb_blocks_columns_visual_guide":"","footnotes":""},"product_brand":[],"product_cat":[832,1500,1571],"product_tag":[],"class_list":{"0":"post-18444","1":"product","2":"type-product","3":"status-publish","4":"has-post-thumbnail","6":"product_cat-vispareja-buvnieciba","7":"product_cat-celtniecibas-putas","8":"product_cat-putas-ar-salminaplikatoru","10":"first","11":"outofstock","12":"taxable","13":"shipping-taxable","14":"purchasable","15":"product-type-simple"},"acf":[],"yoast_head":"<!-- This site is optimized with the Yoast SEO plugin v27.2 - https:\/\/yoast.com\/product\/yoast-seo-wordpress\/ -->\n<title>PENOSIL 2K Foam B2 202 \u0100tri ciet\u0113jo\u0161as divkomponentu putas<\/title>\n<meta name=\"description\" content=\"PENOSIL 2K Foam B2 202 \u0100tri ciet\u0113jo\u0161as divkomponentu putas \u0101trai un meh\u0101niski sp\u0113c\u012bgai izol\u0101cijas, mont\u0101\u017eas un aizpild\u012b\u0161anas darbiem. Uzzin\u0101t vair\u0101k!\" \/>\n<meta name=\"robots\" content=\"index, follow, max-snippet:-1, max-image-preview:large, max-video-preview:-1\" \/>\n<link rel=\"canonical\" href=\"https:\/\/penosil.com\/lv\/produkt\/2k-foam-b2-202\/\" \/>\n<meta property=\"og:locale\" content=\"lv_LV\" \/>\n<meta property=\"og:type\" content=\"article\" \/>\n<meta property=\"og:title\" content=\"PENOSIL 2K Foam B2 202 \u0100tri ciet\u0113jo\u0161as divkomponentu putas\" \/>\n<meta property=\"og:description\" content=\"PENOSIL 2K Foam B2 202 \u0100tri ciet\u0113jo\u0161as divkomponentu putas \u0101trai un meh\u0101niski sp\u0113c\u012bgai izol\u0101cijas, mont\u0101\u017eas un aizpild\u012b\u0161anas darbiem. Uzzin\u0101t vair\u0101k!\" \/>\n<meta property=\"og:url\" content=\"https:\/\/penosil.com\/lv\/produkt\/2k-foam-b2-202\/\" \/>\n<meta property=\"og:site_name\" content=\"Penosil Latvia\" \/>\n<meta property=\"article:modified_time\" content=\"2026-01-08T01:16:38+00:00\" \/>\n<meta property=\"og:image\" content=\"https:\/\/penosil.com\/lv\/wp-content\/uploads\/sites\/31\/2025\/06\/202_2K_Foam_B2_202_LV_RU.png\" \/>\n\t<meta property=\"og:image:width\" content=\"523\" \/>\n\t<meta property=\"og:image:height\" content=\"1080\" \/>\n\t<meta property=\"og:image:type\" content=\"image\/png\" \/>\n<meta name=\"twitter:card\" content=\"summary_large_image\" \/>\n<meta name=\"twitter:label1\" content=\"Est. reading time\" \/>\n\t<meta name=\"twitter:data1\" content=\"6 minutes\" \/>\n<script type=\"application\/ld+json\" class=\"yoast-schema-graph\">{\"@context\":\"https:\/\/schema.org\",\"@graph\":[{\"@type\":\"WebPage\",\"@id\":\"https:\/\/penosil.com\/lv\/produkt\/2k-foam-b2-202\/\",\"url\":\"https:\/\/penosil.com\/lv\/produkt\/2k-foam-b2-202\/\",\"name\":\"PENOSIL 2K Foam B2 202 \u0100tri ciet\u0113jo\u0161as divkomponentu putas\",\"isPartOf\":{\"@id\":\"https:\/\/penosil.com\/lv\/#website\"},\"primaryImageOfPage\":{\"@id\":\"https:\/\/penosil.com\/lv\/produkt\/2k-foam-b2-202\/#primaryimage\"},\"image\":{\"@id\":\"https:\/\/penosil.com\/lv\/produkt\/2k-foam-b2-202\/#primaryimage\"},\"thumbnailUrl\":\"https:\/\/penosil.com\/lv\/wp-content\/uploads\/sites\/31\/2025\/06\/202_2K_Foam_B2_202_LV_RU.png\",\"datePublished\":\"2020-05-25T19:40:30+00:00\",\"dateModified\":\"2026-01-08T01:16:38+00:00\",\"description\":\"PENOSIL 2K Foam B2 202 \u0100tri ciet\u0113jo\u0161as divkomponentu putas \u0101trai un meh\u0101niski sp\u0113c\u012bgai izol\u0101cijas, mont\u0101\u017eas un aizpild\u012b\u0161anas darbiem. Uzzin\u0101t vair\u0101k!\",\"breadcrumb\":{\"@id\":\"https:\/\/penosil.com\/lv\/produkt\/2k-foam-b2-202\/#breadcrumb\"},\"inLanguage\":\"lv-LV\",\"potentialAction\":[{\"@type\":\"ReadAction\",\"target\":[\"https:\/\/penosil.com\/lv\/produkt\/2k-foam-b2-202\/\"]}]},{\"@type\":\"ImageObject\",\"inLanguage\":\"lv-LV\",\"@id\":\"https:\/\/penosil.com\/lv\/produkt\/2k-foam-b2-202\/#primaryimage\",\"url\":\"https:\/\/penosil.com\/lv\/wp-content\/uploads\/sites\/31\/2025\/06\/202_2K_Foam_B2_202_LV_RU.png\",\"contentUrl\":\"https:\/\/penosil.com\/lv\/wp-content\/uploads\/sites\/31\/2025\/06\/202_2K_Foam_B2_202_LV_RU.png\",\"width\":523,\"height\":1080},{\"@type\":\"BreadcrumbList\",\"@id\":\"https:\/\/penosil.com\/lv\/produkt\/2k-foam-b2-202\/#breadcrumb\",\"itemListElement\":[{\"@type\":\"ListItem\",\"position\":1,\"name\":\"S\u0101kums\",\"item\":\"https:\/\/penosil.com\/lv\/\"},{\"@type\":\"ListItem\",\"position\":2,\"name\":\"Produkti\",\"item\":\"https:\/\/penosil.com\/lv\/produkti\/\"},{\"@type\":\"ListItem\",\"position\":3,\"name\":\"2K Foam B2 202\"}]},{\"@type\":\"WebSite\",\"@id\":\"https:\/\/penosil.com\/lv\/#website\",\"url\":\"https:\/\/penosil.com\/lv\/\",\"name\":\"Penosil Latvia\",\"description\":\"\",\"potentialAction\":[{\"@type\":\"SearchAction\",\"target\":{\"@type\":\"EntryPoint\",\"urlTemplate\":\"https:\/\/penosil.com\/lv\/?s={search_term_string}\"},\"query-input\":{\"@type\":\"PropertyValueSpecification\",\"valueRequired\":true,\"valueName\":\"search_term_string\"}}],\"inLanguage\":\"lv-LV\"}]}<\/script>\n<!-- \/ Yoast SEO plugin. -->","yoast_head_json":{"title":"PENOSIL 2K Foam B2 202 \u0100tri ciet\u0113jo\u0161as divkomponentu putas","description":"PENOSIL 2K Foam B2 202 \u0100tri ciet\u0113jo\u0161as divkomponentu putas \u0101trai un meh\u0101niski sp\u0113c\u012bgai izol\u0101cijas, mont\u0101\u017eas un aizpild\u012b\u0161anas darbiem. Uzzin\u0101t vair\u0101k!","robots":{"index":"index","follow":"follow","max-snippet":"max-snippet:-1","max-image-preview":"max-image-preview:large","max-video-preview":"max-video-preview:-1"},"canonical":"https:\/\/penosil.com\/lv\/produkt\/2k-foam-b2-202\/","og_locale":"lv_LV","og_type":"article","og_title":"PENOSIL 2K Foam B2 202 \u0100tri ciet\u0113jo\u0161as divkomponentu putas","og_description":"PENOSIL 2K Foam B2 202 \u0100tri ciet\u0113jo\u0161as divkomponentu putas \u0101trai un meh\u0101niski sp\u0113c\u012bgai izol\u0101cijas, mont\u0101\u017eas un aizpild\u012b\u0161anas darbiem. Uzzin\u0101t vair\u0101k!","og_url":"https:\/\/penosil.com\/lv\/produkt\/2k-foam-b2-202\/","og_site_name":"Penosil Latvia","article_modified_time":"2026-01-08T01:16:38+00:00","og_image":[{"width":523,"height":1080,"url":"https:\/\/penosil.com\/lv\/wp-content\/uploads\/sites\/31\/2025\/06\/202_2K_Foam_B2_202_LV_RU.png","type":"image\/png"}],"twitter_card":"summary_large_image","twitter_misc":{"Est. reading time":"6 minutes"},"schema":{"@context":"https:\/\/schema.org","@graph":[{"@type":"WebPage","@id":"https:\/\/penosil.com\/lv\/produkt\/2k-foam-b2-202\/","url":"https:\/\/penosil.com\/lv\/produkt\/2k-foam-b2-202\/","name":"PENOSIL 2K Foam B2 202 \u0100tri ciet\u0113jo\u0161as divkomponentu putas","isPartOf":{"@id":"https:\/\/penosil.com\/lv\/#website"},"primaryImageOfPage":{"@id":"https:\/\/penosil.com\/lv\/produkt\/2k-foam-b2-202\/#primaryimage"},"image":{"@id":"https:\/\/penosil.com\/lv\/produkt\/2k-foam-b2-202\/#primaryimage"},"thumbnailUrl":"https:\/\/penosil.com\/lv\/wp-content\/uploads\/sites\/31\/2025\/06\/202_2K_Foam_B2_202_LV_RU.png","datePublished":"2020-05-25T19:40:30+00:00","dateModified":"2026-01-08T01:16:38+00:00","description":"PENOSIL 2K Foam B2 202 \u0100tri ciet\u0113jo\u0161as divkomponentu putas \u0101trai un meh\u0101niski sp\u0113c\u012bgai izol\u0101cijas, mont\u0101\u017eas un aizpild\u012b\u0161anas darbiem. Uzzin\u0101t vair\u0101k!","breadcrumb":{"@id":"https:\/\/penosil.com\/lv\/produkt\/2k-foam-b2-202\/#breadcrumb"},"inLanguage":"lv-LV","potentialAction":[{"@type":"ReadAction","target":["https:\/\/penosil.com\/lv\/produkt\/2k-foam-b2-202\/"]}]},{"@type":"ImageObject","inLanguage":"lv-LV","@id":"https:\/\/penosil.com\/lv\/produkt\/2k-foam-b2-202\/#primaryimage","url":"https:\/\/penosil.com\/lv\/wp-content\/uploads\/sites\/31\/2025\/06\/202_2K_Foam_B2_202_LV_RU.png","contentUrl":"https:\/\/penosil.com\/lv\/wp-content\/uploads\/sites\/31\/2025\/06\/202_2K_Foam_B2_202_LV_RU.png","width":523,"height":1080},{"@type":"BreadcrumbList","@id":"https:\/\/penosil.com\/lv\/produkt\/2k-foam-b2-202\/#breadcrumb","itemListElement":[{"@type":"ListItem","position":1,"name":"S\u0101kums","item":"https:\/\/penosil.com\/lv\/"},{"@type":"ListItem","position":2,"name":"Produkti","item":"https:\/\/penosil.com\/lv\/produkti\/"},{"@type":"ListItem","position":3,"name":"2K Foam B2 202"}]},{"@type":"WebSite","@id":"https:\/\/penosil.com\/lv\/#website","url":"https:\/\/penosil.com\/lv\/","name":"Penosil Latvia","description":"","potentialAction":[{"@type":"SearchAction","target":{"@type":"EntryPoint","urlTemplate":"https:\/\/penosil.com\/lv\/?s={search_term_string}"},"query-input":{"@type":"PropertyValueSpecification","valueRequired":true,"valueName":"search_term_string"}}],"inLanguage":"lv-LV"}]}},"featured_img":"https:\/\/penosil.com\/lv\/wp-content\/uploads\/sites\/31\/2025\/06\/202_2K_Foam_B2_202_LV_RU.png","coauthors":[],"author_meta":{"author_link":"https:\/\/penosil.com\/lv\/author\/olga\/","display_name":"Olga Ku\u010dmasova"},"relative_dates":{"created":"Posted 6 years ago","modified":"Updated 3 months ago"},"absolute_dates":{"created":"Posted on May 25, 2020","modified":"Updated on January 8, 2026"},"absolute_dates_time":{"created":"Posted on May 25, 2020 7:40 pm","modified":"Updated on January 8, 2026 1:16 am"},"featured_img_caption":"","tax_additional":{"product_brand":{"linked":[],"unlinked":[],"slug":"product_brand","name":"Brands"},"product_type":{"linked":["<a href=\"https:\/\/penosil.com\/lv\/?taxonomy=product_type&#038;term=simple\" class=\"advgb-post-tax-term\">simple<\/a>"],"unlinked":["<span class=\"advgb-post-tax-term\">simple<\/span>"],"slug":"product_type","name":"Product type"},"product_visibility":{"linked":["<a href=\"https:\/\/penosil.com\/lv\/en\/?taxonomy=product_visibility&#038;term=outofstock\" class=\"advgb-post-tax-term\">outofstock<\/a>"],"unlinked":["<span class=\"advgb-post-tax-term\">outofstock<\/span>"],"slug":"product_visibility","name":"Product visibility"},"product_cat":{"linked":["<a href=\"https:\/\/penosil.com\/lv\/produkti\/pielietojums\/vispareja-buvnieciba\/\" class=\"advgb-post-tax-term\">Visp\u0101r\u0113j\u0101 b\u016bvniec\u012bba<\/a>","<a href=\"https:\/\/penosil.com\/lv\/produkti\/produktu-grupas\/celtniecibas-putas\/\" class=\"advgb-post-tax-term\">Celtniec\u012bbas putas<\/a>","<a href=\"https:\/\/penosil.com\/lv\/produkti\/produktu-grupas\/celtniecibas-putas\/putas-ar-salminaplikatoru\/\" class=\"advgb-post-tax-term\">Putas ar salmi\u0146aplikatoru<\/a>"],"unlinked":["<span class=\"advgb-post-tax-term\">Visp\u0101r\u0113j\u0101 b\u016bvniec\u012bba<\/span>","<span class=\"advgb-post-tax-term\">Celtniec\u012bbas putas<\/span>","<span class=\"advgb-post-tax-term\">Putas ar salmi\u0146aplikatoru<\/span>"],"slug":"product_cat","name":"Product categories"},"product_tag":{"linked":[],"unlinked":[],"slug":"product_tag","name":"Product tags"},"product_shipping_class":{"linked":[],"unlinked":[],"slug":"product_shipping_class","name":"Product shipping classes"},"pos_product_visibility":{"linked":[],"unlinked":[],"slug":"pos_product_visibility","name":"POS Product visibility"},"pa_color":{"linked":["<a href=\"https:\/\/penosil.com\/lv\/?taxonomy=pa_color&#038;term=green-lv-2\" class=\"advgb-post-tax-term\">Za\u013c\u0161<\/a>"],"unlinked":["<span class=\"advgb-post-tax-term\">Za\u013c\u0161<\/span>"],"slug":"pa_color","name":"Product Colour"},"pa_diameter":{"linked":[],"unlinked":[],"slug":"pa_diameter","name":"Product Diameter"},"pa_package":{"linked":["<a href=\"https:\/\/penosil.com\/lv\/?taxonomy=pa_package&#038;term=650-ml-lv-2\" class=\"advgb-post-tax-term\">650 ml<\/a>"],"unlinked":["<span class=\"advgb-post-tax-term\">650 ml<\/span>"],"slug":"pa_package","name":"Product Package"},"pa_roll":{"linked":[],"unlinked":[],"slug":"pa_roll","name":"Product Roll"},"pa_widths":{"linked":[],"unlinked":[],"slug":"pa_widths","name":"Product Widths"},"translation_priority":{"linked":["<a href=\"https:\/\/penosil.com\/lv\/?taxonomy=translation_priority&#038;term=optional-lv\" class=\"advgb-post-tax-term\">Optional<\/a>"],"unlinked":["<span class=\"advgb-post-tax-term\">Optional<\/span>"],"slug":"translation_priority","name":"Translation Priorities"}},"series_order":"","_links":{"self":[{"href":"https:\/\/penosil.com\/lv\/wp-json\/wp\/v2\/product\/18444","targetHints":{"allow":["GET"]}}],"collection":[{"href":"https:\/\/penosil.com\/lv\/wp-json\/wp\/v2\/product"}],"about":[{"href":"https:\/\/penosil.com\/lv\/wp-json\/wp\/v2\/types\/product"}],"version-history":[{"count":6,"href":"https:\/\/penosil.com\/lv\/wp-json\/wp\/v2\/product\/18444\/revisions"}],"predecessor-version":[{"id":32823,"href":"https:\/\/penosil.com\/lv\/wp-json\/wp\/v2\/product\/18444\/revisions\/32823"}],"wp:featuredmedia":[{"embeddable":true,"href":"https:\/\/penosil.com\/lv\/wp-json\/wp\/v2\/media\/32400"}],"wp:attachment":[{"href":"https:\/\/penosil.com\/lv\/wp-json\/wp\/v2\/media?parent=18444"}],"wp:term":[{"taxonomy":"product_brand","embeddable":true,"href":"https:\/\/penosil.com\/lv\/wp-json\/wp\/v2\/product_brand?post=18444"},{"taxonomy":"product_cat","embeddable":true,"href":"https:\/\/penosil.com\/lv\/wp-json\/wp\/v2\/product_cat?post=18444"},{"taxonomy":"product_tag","embeddable":true,"href":"https:\/\/penosil.com\/lv\/wp-json\/wp\/v2\/product_tag?post=18444"}],"curies":[{"name":"wp","href":"https:\/\/api.w.org\/{rel}","templated":true}]}}