{"id":18448,"date":"2020-05-25T20:07:18","date_gmt":"2020-05-25T20:07:18","guid":{"rendered":"https:\/\/penosil.com\/lv\/?post_type=product&#038;p=18448"},"modified":"2026-04-12T00:05:43","modified_gmt":"2026-04-12T00:05:43","slug":"window-door-elastic-straw","status":"publish","type":"product","link":"https:\/\/penosil.com\/lv\/produkt\/window-door-elastic-straw\/","title":{"rendered":"Window &#038; Door Elastic"},"content":{"rendered":"<p>Viegli saspie\u017eamas, elast\u012bgas izol\u0101cijas putas logu un durvju uzst\u0101d\u012b\u0161anai un bl\u012bv\u0113\u0161anai. Piem\u0113rots spiedienjut\u012bgiem un kust\u012bgiem savienojumiem.<\/p>\n","protected":false},"excerpt":{"rendered":"Elast\u012bg\u0101s logu un durvju mont\u0101\u017eas putas ar salmi\u0146aplikatoru","protected":false},"author":4,"featured_media":27806,"template":"","meta":{"_acf_changed":false,"advgb_blocks_editor_width":"","advgb_blocks_columns_visual_guide":"","footnotes":""},"product_brand":[],"product_cat":[2508,2506],"product_tag":[],"class_list":{"0":"post-18448","1":"product","2":"type-product","3":"status-publish","4":"has-post-thumbnail","6":"product_cat-durvis-un-logi","7":"product_cat-easypro","9":"first","10":"instock","11":"taxable","12":"shipping-taxable","13":"purchasable","14":"product-type-simple"},"acf":[],"yoast_head":"<!-- This site is optimized with the Yoast SEO plugin v27.2 - https:\/\/yoast.com\/product\/yoast-seo-wordpress\/ -->\n<title>PENOSIL Window &amp; Door putu herm\u0113ti\u0137is ar salmi\u0146aplikatoru<\/title>\n<meta name=\"description\" content=\"PENOSIL Window &amp; Door Elastic putu herm\u0113ti\u0137im ir \u013coti efekt\u012bvas ska\u0146as un siltumizol\u0101cijas \u012bpa\u0161\u012bbas - l\u012bdz 50% lab\u0101kas nek\u0101 standarta put\u0101m.\" \/>\n<meta name=\"robots\" content=\"index, follow, max-snippet:-1, max-image-preview:large, max-video-preview:-1\" \/>\n<link rel=\"canonical\" href=\"https:\/\/penosil.com\/lv\/produkt\/window-door-elastic-straw\/\" \/>\n<meta property=\"og:locale\" content=\"lv_LV\" \/>\n<meta property=\"og:type\" content=\"article\" \/>\n<meta property=\"og:title\" content=\"PENOSIL Window &amp; Door putu herm\u0113ti\u0137is ar salmi\u0146aplikatoru\" \/>\n<meta property=\"og:description\" content=\"PENOSIL Window &amp; Door Elastic putu herm\u0113ti\u0137im ir \u013coti efekt\u012bvas ska\u0146as un siltumizol\u0101cijas \u012bpa\u0161\u012bbas - l\u012bdz 50% lab\u0101kas nek\u0101 standarta put\u0101m.\" \/>\n<meta property=\"og:url\" content=\"https:\/\/penosil.com\/lv\/produkt\/window-door-elastic-straw\/\" \/>\n<meta property=\"og:site_name\" content=\"Penosil Latvia\" \/>\n<meta property=\"article:modified_time\" content=\"2026-04-12T00:05:43+00:00\" \/>\n<meta property=\"og:image\" content=\"https:\/\/penosil.com\/lv\/wp-content\/uploads\/sites\/31\/2020\/05\/Penosil_Window_Door_750ml_LV.jpg\" \/>\n\t<meta property=\"og:image:width\" content=\"396\" \/>\n\t<meta property=\"og:image:height\" content=\"1080\" \/>\n\t<meta property=\"og:image:type\" content=\"image\/jpeg\" \/>\n<meta name=\"twitter:card\" content=\"summary_large_image\" \/>\n<meta name=\"twitter:label1\" content=\"Est. reading time\" \/>\n\t<meta name=\"twitter:data1\" content=\"4 minutes\" \/>\n<script type=\"application\/ld+json\" class=\"yoast-schema-graph\">{\"@context\":\"https:\/\/schema.org\",\"@graph\":[{\"@type\":\"WebPage\",\"@id\":\"https:\/\/penosil.com\/lv\/produkt\/window-door-elastic-straw\/\",\"url\":\"https:\/\/penosil.com\/lv\/produkt\/window-door-elastic-straw\/\",\"name\":\"PENOSIL Window & Door putu herm\u0113ti\u0137is ar salmi\u0146aplikatoru\",\"isPartOf\":{\"@id\":\"https:\/\/penosil.com\/lv\/#website\"},\"primaryImageOfPage\":{\"@id\":\"https:\/\/penosil.com\/lv\/produkt\/window-door-elastic-straw\/#primaryimage\"},\"image\":{\"@id\":\"https:\/\/penosil.com\/lv\/produkt\/window-door-elastic-straw\/#primaryimage\"},\"thumbnailUrl\":\"https:\/\/penosil.com\/lv\/wp-content\/uploads\/sites\/31\/2020\/05\/Penosil_Window_Door_750ml_LV.jpg\",\"datePublished\":\"2020-05-25T20:07:18+00:00\",\"dateModified\":\"2026-04-12T00:05:43+00:00\",\"description\":\"PENOSIL Window & Door Elastic putu herm\u0113ti\u0137im ir \u013coti efekt\u012bvas ska\u0146as un siltumizol\u0101cijas \u012bpa\u0161\u012bbas - l\u012bdz 50% lab\u0101kas nek\u0101 standarta put\u0101m.\",\"breadcrumb\":{\"@id\":\"https:\/\/penosil.com\/lv\/produkt\/window-door-elastic-straw\/#breadcrumb\"},\"inLanguage\":\"lv-LV\",\"potentialAction\":[{\"@type\":\"ReadAction\",\"target\":[\"https:\/\/penosil.com\/lv\/produkt\/window-door-elastic-straw\/\"]}]},{\"@type\":\"ImageObject\",\"inLanguage\":\"lv-LV\",\"@id\":\"https:\/\/penosil.com\/lv\/produkt\/window-door-elastic-straw\/#primaryimage\",\"url\":\"https:\/\/penosil.com\/lv\/wp-content\/uploads\/sites\/31\/2020\/05\/Penosil_Window_Door_750ml_LV.jpg\",\"contentUrl\":\"https:\/\/penosil.com\/lv\/wp-content\/uploads\/sites\/31\/2020\/05\/Penosil_Window_Door_750ml_LV.jpg\",\"width\":396,\"height\":1080,\"caption\":\"PENOSIL Window & Door Elastic Elast\u012bg\u0101s logu un durvju mont\u0101\u017eas putas ar salmi\u0146aplikatoru\"},{\"@type\":\"BreadcrumbList\",\"@id\":\"https:\/\/penosil.com\/lv\/produkt\/window-door-elastic-straw\/#breadcrumb\",\"itemListElement\":[{\"@type\":\"ListItem\",\"position\":1,\"name\":\"S\u0101kums\",\"item\":\"https:\/\/penosil.com\/lv\/\"},{\"@type\":\"ListItem\",\"position\":2,\"name\":\"Produkti\",\"item\":\"https:\/\/penosil.com\/lv\/produkti\/\"},{\"@type\":\"ListItem\",\"position\":3,\"name\":\"Window &#038; Door Elastic\"}]},{\"@type\":\"WebSite\",\"@id\":\"https:\/\/penosil.com\/lv\/#website\",\"url\":\"https:\/\/penosil.com\/lv\/\",\"name\":\"Penosil Latvia\",\"description\":\"\",\"potentialAction\":[{\"@type\":\"SearchAction\",\"target\":{\"@type\":\"EntryPoint\",\"urlTemplate\":\"https:\/\/penosil.com\/lv\/?s={search_term_string}\"},\"query-input\":{\"@type\":\"PropertyValueSpecification\",\"valueRequired\":true,\"valueName\":\"search_term_string\"}}],\"inLanguage\":\"lv-LV\"}]}<\/script>\n<!-- \/ Yoast SEO plugin. -->","yoast_head_json":{"title":"PENOSIL Window & Door putu herm\u0113ti\u0137is ar salmi\u0146aplikatoru","description":"PENOSIL Window & Door Elastic putu herm\u0113ti\u0137im ir \u013coti efekt\u012bvas ska\u0146as un siltumizol\u0101cijas \u012bpa\u0161\u012bbas - l\u012bdz 50% lab\u0101kas nek\u0101 standarta put\u0101m.","robots":{"index":"index","follow":"follow","max-snippet":"max-snippet:-1","max-image-preview":"max-image-preview:large","max-video-preview":"max-video-preview:-1"},"canonical":"https:\/\/penosil.com\/lv\/produkt\/window-door-elastic-straw\/","og_locale":"lv_LV","og_type":"article","og_title":"PENOSIL Window & Door putu herm\u0113ti\u0137is ar salmi\u0146aplikatoru","og_description":"PENOSIL Window & Door Elastic putu herm\u0113ti\u0137im ir \u013coti efekt\u012bvas ska\u0146as un siltumizol\u0101cijas \u012bpa\u0161\u012bbas - l\u012bdz 50% lab\u0101kas nek\u0101 standarta put\u0101m.","og_url":"https:\/\/penosil.com\/lv\/produkt\/window-door-elastic-straw\/","og_site_name":"Penosil Latvia","article_modified_time":"2026-04-12T00:05:43+00:00","og_image":[{"width":396,"height":1080,"url":"https:\/\/penosil.com\/lv\/wp-content\/uploads\/sites\/31\/2020\/05\/Penosil_Window_Door_750ml_LV.jpg","type":"image\/jpeg"}],"twitter_card":"summary_large_image","twitter_misc":{"Est. reading time":"4 minutes"},"schema":{"@context":"https:\/\/schema.org","@graph":[{"@type":"WebPage","@id":"https:\/\/penosil.com\/lv\/produkt\/window-door-elastic-straw\/","url":"https:\/\/penosil.com\/lv\/produkt\/window-door-elastic-straw\/","name":"PENOSIL Window & Door putu herm\u0113ti\u0137is ar salmi\u0146aplikatoru","isPartOf":{"@id":"https:\/\/penosil.com\/lv\/#website"},"primaryImageOfPage":{"@id":"https:\/\/penosil.com\/lv\/produkt\/window-door-elastic-straw\/#primaryimage"},"image":{"@id":"https:\/\/penosil.com\/lv\/produkt\/window-door-elastic-straw\/#primaryimage"},"thumbnailUrl":"https:\/\/penosil.com\/lv\/wp-content\/uploads\/sites\/31\/2020\/05\/Penosil_Window_Door_750ml_LV.jpg","datePublished":"2020-05-25T20:07:18+00:00","dateModified":"2026-04-12T00:05:43+00:00","description":"PENOSIL Window & Door Elastic putu herm\u0113ti\u0137im ir \u013coti efekt\u012bvas ska\u0146as un siltumizol\u0101cijas \u012bpa\u0161\u012bbas - l\u012bdz 50% lab\u0101kas nek\u0101 standarta put\u0101m.","breadcrumb":{"@id":"https:\/\/penosil.com\/lv\/produkt\/window-door-elastic-straw\/#breadcrumb"},"inLanguage":"lv-LV","potentialAction":[{"@type":"ReadAction","target":["https:\/\/penosil.com\/lv\/produkt\/window-door-elastic-straw\/"]}]},{"@type":"ImageObject","inLanguage":"lv-LV","@id":"https:\/\/penosil.com\/lv\/produkt\/window-door-elastic-straw\/#primaryimage","url":"https:\/\/penosil.com\/lv\/wp-content\/uploads\/sites\/31\/2020\/05\/Penosil_Window_Door_750ml_LV.jpg","contentUrl":"https:\/\/penosil.com\/lv\/wp-content\/uploads\/sites\/31\/2020\/05\/Penosil_Window_Door_750ml_LV.jpg","width":396,"height":1080,"caption":"PENOSIL Window & Door Elastic Elast\u012bg\u0101s logu un durvju mont\u0101\u017eas putas ar salmi\u0146aplikatoru"},{"@type":"BreadcrumbList","@id":"https:\/\/penosil.com\/lv\/produkt\/window-door-elastic-straw\/#breadcrumb","itemListElement":[{"@type":"ListItem","position":1,"name":"S\u0101kums","item":"https:\/\/penosil.com\/lv\/"},{"@type":"ListItem","position":2,"name":"Produkti","item":"https:\/\/penosil.com\/lv\/produkti\/"},{"@type":"ListItem","position":3,"name":"Window &#038; Door Elastic"}]},{"@type":"WebSite","@id":"https:\/\/penosil.com\/lv\/#website","url":"https:\/\/penosil.com\/lv\/","name":"Penosil Latvia","description":"","potentialAction":[{"@type":"SearchAction","target":{"@type":"EntryPoint","urlTemplate":"https:\/\/penosil.com\/lv\/?s={search_term_string}"},"query-input":{"@type":"PropertyValueSpecification","valueRequired":true,"valueName":"search_term_string"}}],"inLanguage":"lv-LV"}]}},"featured_img":"https:\/\/penosil.com\/lv\/wp-content\/uploads\/sites\/31\/2020\/05\/Penosil_Window_Door_750ml_LV.jpg","coauthors":[],"author_meta":{"author_link":"https:\/\/penosil.com\/lv\/author\/olga\/","display_name":"Olga Ku\u010dmasova"},"relative_dates":{"created":"Posted 6 years ago","modified":"Updated 4 days ago"},"absolute_dates":{"created":"Posted on May 25, 2020","modified":"Updated on April 12, 2026"},"absolute_dates_time":{"created":"Posted on May 25, 2020 8:07 pm","modified":"Updated on April 12, 2026 12:05 am"},"featured_img_caption":"","tax_additional":{"product_brand":{"linked":[],"unlinked":[],"slug":"product_brand","name":"Brands"},"product_type":{"linked":["<a href=\"https:\/\/penosil.com\/lv\/?taxonomy=product_type&#038;term=simple\" class=\"advgb-post-tax-term\">simple<\/a>"],"unlinked":["<span class=\"advgb-post-tax-term\">simple<\/span>"],"slug":"product_type","name":"Product type"},"product_visibility":{"linked":[],"unlinked":[],"slug":"product_visibility","name":"Product visibility"},"product_cat":{"linked":["<a href=\"https:\/\/penosil.com\/lv\/produkti\/easypro\/durvis-un-logi\/\" class=\"advgb-post-tax-term\">Durvis un logi<\/a>","<a href=\"https:\/\/penosil.com\/lv\/produkti\/easypro\/\" class=\"advgb-post-tax-term\">EasyPRO<\/a>"],"unlinked":["<span class=\"advgb-post-tax-term\">Durvis un logi<\/span>","<span class=\"advgb-post-tax-term\">EasyPRO<\/span>"],"slug":"product_cat","name":"Product categories"},"product_tag":{"linked":[],"unlinked":[],"slug":"product_tag","name":"Product tags"},"product_shipping_class":{"linked":[],"unlinked":[],"slug":"product_shipping_class","name":"Product shipping classes"},"pos_product_visibility":{"linked":[],"unlinked":[],"slug":"pos_product_visibility","name":"POS Product visibility"},"pa_color":{"linked":["<a href=\"https:\/\/penosil.com\/lv\/?taxonomy=pa_color&#038;term=green-lv-2\" class=\"advgb-post-tax-term\">Za\u013c\u0161<\/a>"],"unlinked":["<span class=\"advgb-post-tax-term\">Za\u013c\u0161<\/span>"],"slug":"pa_color","name":"Product Colour"},"pa_diameter":{"linked":[],"unlinked":[],"slug":"pa_diameter","name":"Product Diameter"},"pa_package":{"linked":["<a href=\"https:\/\/penosil.com\/lv\/?taxonomy=pa_package&#038;term=1000-ml-lv-2\" class=\"advgb-post-tax-term\">1000 ml<\/a>"],"unlinked":["<span class=\"advgb-post-tax-term\">1000 ml<\/span>"],"slug":"pa_package","name":"Product Package"},"pa_roll":{"linked":[],"unlinked":[],"slug":"pa_roll","name":"Product Roll"},"pa_widths":{"linked":[],"unlinked":[],"slug":"pa_widths","name":"Product Widths"},"translation_priority":{"linked":["<a href=\"https:\/\/penosil.com\/lv\/?taxonomy=translation_priority&#038;term=optional-lv\" class=\"advgb-post-tax-term\">Optional<\/a>"],"unlinked":["<span class=\"advgb-post-tax-term\">Optional<\/span>"],"slug":"translation_priority","name":"Translation Priorities"}},"series_order":"","_links":{"self":[{"href":"https:\/\/penosil.com\/lv\/wp-json\/wp\/v2\/product\/18448","targetHints":{"allow":["GET"]}}],"collection":[{"href":"https:\/\/penosil.com\/lv\/wp-json\/wp\/v2\/product"}],"about":[{"href":"https:\/\/penosil.com\/lv\/wp-json\/wp\/v2\/types\/product"}],"version-history":[{"count":5,"href":"https:\/\/penosil.com\/lv\/wp-json\/wp\/v2\/product\/18448\/revisions"}],"predecessor-version":[{"id":33400,"href":"https:\/\/penosil.com\/lv\/wp-json\/wp\/v2\/product\/18448\/revisions\/33400"}],"wp:featuredmedia":[{"embeddable":true,"href":"https:\/\/penosil.com\/lv\/wp-json\/wp\/v2\/media\/27806"}],"wp:attachment":[{"href":"https:\/\/penosil.com\/lv\/wp-json\/wp\/v2\/media?parent=18448"}],"wp:term":[{"taxonomy":"product_brand","embeddable":true,"href":"https:\/\/penosil.com\/lv\/wp-json\/wp\/v2\/product_brand?post=18448"},{"taxonomy":"product_cat","embeddable":true,"href":"https:\/\/penosil.com\/lv\/wp-json\/wp\/v2\/product_cat?post=18448"},{"taxonomy":"product_tag","embeddable":true,"href":"https:\/\/penosil.com\/lv\/wp-json\/wp\/v2\/product_tag?post=18448"}],"curies":[{"name":"wp","href":"https:\/\/api.w.org\/{rel}","templated":true}]}}