{"id":18479,"date":"2020-05-26T09:54:35","date_gmt":"2020-05-26T09:54:35","guid":{"rendered":"https:\/\/penosil.com\/lv\/?post_type=product&#038;p=18479"},"modified":"2026-04-21T00:04:49","modified_gmt":"2026-04-21T00:04:49","slug":"max-gap-filler","status":"publish","type":"product","link":"https:\/\/penosil.com\/lv\/produkt\/max-gap-filler\/","title":{"rendered":"Max Gap Filler"},"content":{"rendered":"<p>PENOSIL Max Gap Filler Foam Sealant ir izol\u0101cijas putas ar salmi\u0146aplikatoru liel\u0101ku caurumu un spraugu aizpild\u012b\u0161anai un bl\u012bv\u0113\u0161anai.<\/p>\n","protected":false},"excerpt":{"rendered":"Putas spraugu aizpild\u012b\u0161anai","protected":false},"author":4,"featured_media":18480,"template":"","meta":{"_acf_changed":false,"advgb_blocks_editor_width":"","advgb_blocks_columns_visual_guide":"","footnotes":""},"product_brand":[],"product_cat":[2506,2511],"product_tag":[],"class_list":{"0":"post-18479","1":"product","2":"type-product","3":"status-publish","4":"has-post-thumbnail","6":"product_cat-easypro","7":"product_cat-apdare-un-aizpildisana","9":"first","10":"instock","11":"taxable","12":"shipping-taxable","13":"purchasable","14":"product-type-variable","15":"has-default-attributes"},"acf":[],"yoast_head":"<!-- This site is optimized with the Yoast SEO plugin v27.4 - https:\/\/yoast.com\/product\/yoast-seo-wordpress\/ -->\n<title>Penosil Max Gap Filler Putas spraugu aizpild\u012b\u0161anai<\/title>\n<meta name=\"description\" content=\"PENOSIL Max Gap Filler ir augstas kvalit\u0101tes vissezonu celtniec\u012bbas putu herm\u0113ti\u0137is lielu caurumu un spraugu aizpild\u012b\u0161anai un bl\u012bv\u0113\u0161anai.\" \/>\n<meta name=\"robots\" content=\"index, follow, max-snippet:-1, max-image-preview:large, max-video-preview:-1\" \/>\n<link rel=\"canonical\" href=\"https:\/\/penosil.com\/lv\/produkt\/max-gap-filler\/\" \/>\n<meta property=\"og:locale\" content=\"lv_LV\" \/>\n<meta property=\"og:type\" content=\"article\" \/>\n<meta property=\"og:title\" content=\"Penosil Max Gap Filler Putas spraugu aizpild\u012b\u0161anai\" \/>\n<meta property=\"og:description\" content=\"PENOSIL Max Gap Filler ir augstas kvalit\u0101tes vissezonu celtniec\u012bbas putu herm\u0113ti\u0137is lielu caurumu un spraugu aizpild\u012b\u0161anai un bl\u012bv\u0113\u0161anai.\" \/>\n<meta property=\"og:url\" content=\"https:\/\/penosil.com\/lv\/produkt\/max-gap-filler\/\" \/>\n<meta property=\"og:site_name\" content=\"Penosil Latvia\" \/>\n<meta property=\"article:modified_time\" content=\"2026-04-21T00:04:49+00:00\" \/>\n<meta property=\"og:image\" content=\"https:\/\/penosil.com\/lv\/wp-content\/uploads\/sites\/31\/2020\/05\/MKR_2793_PENOSIL_Max_Gap_Filler_Foam_Sealant_750ml_LV_RU-scaled.jpg\" \/>\n\t<meta property=\"og:image:width\" content=\"1013\" \/>\n\t<meta property=\"og:image:height\" content=\"2560\" \/>\n\t<meta property=\"og:image:type\" content=\"image\/jpeg\" \/>\n<meta name=\"twitter:card\" content=\"summary_large_image\" \/>\n<meta name=\"twitter:label1\" content=\"Est. reading time\" \/>\n\t<meta name=\"twitter:data1\" content=\"4 minutes\" \/>\n<script type=\"application\/ld+json\" class=\"yoast-schema-graph\">{\"@context\":\"https:\\\/\\\/schema.org\",\"@graph\":[{\"@type\":\"WebPage\",\"@id\":\"https:\\\/\\\/penosil.com\\\/lv\\\/produkt\\\/max-gap-filler\\\/\",\"url\":\"https:\\\/\\\/penosil.com\\\/lv\\\/produkt\\\/max-gap-filler\\\/\",\"name\":\"Penosil Max Gap Filler Putas spraugu aizpild\u012b\u0161anai\",\"isPartOf\":{\"@id\":\"https:\\\/\\\/penosil.com\\\/lv\\\/#website\"},\"primaryImageOfPage\":{\"@id\":\"https:\\\/\\\/penosil.com\\\/lv\\\/produkt\\\/max-gap-filler\\\/#primaryimage\"},\"image\":{\"@id\":\"https:\\\/\\\/penosil.com\\\/lv\\\/produkt\\\/max-gap-filler\\\/#primaryimage\"},\"thumbnailUrl\":\"https:\\\/\\\/penosil.com\\\/lv\\\/wp-content\\\/uploads\\\/sites\\\/31\\\/2020\\\/05\\\/MKR_2793_PENOSIL_Max_Gap_Filler_Foam_Sealant_750ml_LV_RU-scaled.jpg\",\"datePublished\":\"2020-05-26T09:54:35+00:00\",\"dateModified\":\"2026-04-21T00:04:49+00:00\",\"description\":\"PENOSIL Max Gap Filler ir augstas kvalit\u0101tes vissezonu celtniec\u012bbas putu herm\u0113ti\u0137is lielu caurumu un spraugu aizpild\u012b\u0161anai un bl\u012bv\u0113\u0161anai.\",\"breadcrumb\":{\"@id\":\"https:\\\/\\\/penosil.com\\\/lv\\\/produkt\\\/max-gap-filler\\\/#breadcrumb\"},\"inLanguage\":\"lv-LV\",\"potentialAction\":[{\"@type\":\"ReadAction\",\"target\":[\"https:\\\/\\\/penosil.com\\\/lv\\\/produkt\\\/max-gap-filler\\\/\"]}]},{\"@type\":\"ImageObject\",\"inLanguage\":\"lv-LV\",\"@id\":\"https:\\\/\\\/penosil.com\\\/lv\\\/produkt\\\/max-gap-filler\\\/#primaryimage\",\"url\":\"https:\\\/\\\/penosil.com\\\/lv\\\/wp-content\\\/uploads\\\/sites\\\/31\\\/2020\\\/05\\\/MKR_2793_PENOSIL_Max_Gap_Filler_Foam_Sealant_750ml_LV_RU-scaled.jpg\",\"contentUrl\":\"https:\\\/\\\/penosil.com\\\/lv\\\/wp-content\\\/uploads\\\/sites\\\/31\\\/2020\\\/05\\\/MKR_2793_PENOSIL_Max_Gap_Filler_Foam_Sealant_750ml_LV_RU-scaled.jpg\",\"width\":1013,\"height\":2560,\"caption\":\"PENOSIL Max Gap Filler putu herm\u0113ti\u0137is\"},{\"@type\":\"BreadcrumbList\",\"@id\":\"https:\\\/\\\/penosil.com\\\/lv\\\/produkt\\\/max-gap-filler\\\/#breadcrumb\",\"itemListElement\":[{\"@type\":\"ListItem\",\"position\":1,\"name\":\"S\u0101kums\",\"item\":\"https:\\\/\\\/penosil.com\\\/lv\\\/\"},{\"@type\":\"ListItem\",\"position\":2,\"name\":\"Produkti\",\"item\":\"https:\\\/\\\/penosil.com\\\/lv\\\/produkti\\\/\"},{\"@type\":\"ListItem\",\"position\":3,\"name\":\"Max Gap Filler\"}]},{\"@type\":\"WebSite\",\"@id\":\"https:\\\/\\\/penosil.com\\\/lv\\\/#website\",\"url\":\"https:\\\/\\\/penosil.com\\\/lv\\\/\",\"name\":\"Penosil Latvia\",\"description\":\"\",\"potentialAction\":[{\"@type\":\"SearchAction\",\"target\":{\"@type\":\"EntryPoint\",\"urlTemplate\":\"https:\\\/\\\/penosil.com\\\/lv\\\/?s={search_term_string}\"},\"query-input\":{\"@type\":\"PropertyValueSpecification\",\"valueRequired\":true,\"valueName\":\"search_term_string\"}}],\"inLanguage\":\"lv-LV\"}]}<\/script>\n<!-- \/ Yoast SEO plugin. -->","yoast_head_json":{"title":"Penosil Max Gap Filler Putas spraugu aizpild\u012b\u0161anai","description":"PENOSIL Max Gap Filler ir augstas kvalit\u0101tes vissezonu celtniec\u012bbas putu herm\u0113ti\u0137is lielu caurumu un spraugu aizpild\u012b\u0161anai un bl\u012bv\u0113\u0161anai.","robots":{"index":"index","follow":"follow","max-snippet":"max-snippet:-1","max-image-preview":"max-image-preview:large","max-video-preview":"max-video-preview:-1"},"canonical":"https:\/\/penosil.com\/lv\/produkt\/max-gap-filler\/","og_locale":"lv_LV","og_type":"article","og_title":"Penosil Max Gap Filler Putas spraugu aizpild\u012b\u0161anai","og_description":"PENOSIL Max Gap Filler ir augstas kvalit\u0101tes vissezonu celtniec\u012bbas putu herm\u0113ti\u0137is lielu caurumu un spraugu aizpild\u012b\u0161anai un bl\u012bv\u0113\u0161anai.","og_url":"https:\/\/penosil.com\/lv\/produkt\/max-gap-filler\/","og_site_name":"Penosil Latvia","article_modified_time":"2026-04-21T00:04:49+00:00","og_image":[{"width":1013,"height":2560,"url":"https:\/\/penosil.com\/lv\/wp-content\/uploads\/sites\/31\/2020\/05\/MKR_2793_PENOSIL_Max_Gap_Filler_Foam_Sealant_750ml_LV_RU-scaled.jpg","type":"image\/jpeg"}],"twitter_card":"summary_large_image","twitter_misc":{"Est. reading time":"4 minutes"},"schema":{"@context":"https:\/\/schema.org","@graph":[{"@type":"WebPage","@id":"https:\/\/penosil.com\/lv\/produkt\/max-gap-filler\/","url":"https:\/\/penosil.com\/lv\/produkt\/max-gap-filler\/","name":"Penosil Max Gap Filler Putas spraugu aizpild\u012b\u0161anai","isPartOf":{"@id":"https:\/\/penosil.com\/lv\/#website"},"primaryImageOfPage":{"@id":"https:\/\/penosil.com\/lv\/produkt\/max-gap-filler\/#primaryimage"},"image":{"@id":"https:\/\/penosil.com\/lv\/produkt\/max-gap-filler\/#primaryimage"},"thumbnailUrl":"https:\/\/penosil.com\/lv\/wp-content\/uploads\/sites\/31\/2020\/05\/MKR_2793_PENOSIL_Max_Gap_Filler_Foam_Sealant_750ml_LV_RU-scaled.jpg","datePublished":"2020-05-26T09:54:35+00:00","dateModified":"2026-04-21T00:04:49+00:00","description":"PENOSIL Max Gap Filler ir augstas kvalit\u0101tes vissezonu celtniec\u012bbas putu herm\u0113ti\u0137is lielu caurumu un spraugu aizpild\u012b\u0161anai un bl\u012bv\u0113\u0161anai.","breadcrumb":{"@id":"https:\/\/penosil.com\/lv\/produkt\/max-gap-filler\/#breadcrumb"},"inLanguage":"lv-LV","potentialAction":[{"@type":"ReadAction","target":["https:\/\/penosil.com\/lv\/produkt\/max-gap-filler\/"]}]},{"@type":"ImageObject","inLanguage":"lv-LV","@id":"https:\/\/penosil.com\/lv\/produkt\/max-gap-filler\/#primaryimage","url":"https:\/\/penosil.com\/lv\/wp-content\/uploads\/sites\/31\/2020\/05\/MKR_2793_PENOSIL_Max_Gap_Filler_Foam_Sealant_750ml_LV_RU-scaled.jpg","contentUrl":"https:\/\/penosil.com\/lv\/wp-content\/uploads\/sites\/31\/2020\/05\/MKR_2793_PENOSIL_Max_Gap_Filler_Foam_Sealant_750ml_LV_RU-scaled.jpg","width":1013,"height":2560,"caption":"PENOSIL Max Gap Filler putu herm\u0113ti\u0137is"},{"@type":"BreadcrumbList","@id":"https:\/\/penosil.com\/lv\/produkt\/max-gap-filler\/#breadcrumb","itemListElement":[{"@type":"ListItem","position":1,"name":"S\u0101kums","item":"https:\/\/penosil.com\/lv\/"},{"@type":"ListItem","position":2,"name":"Produkti","item":"https:\/\/penosil.com\/lv\/produkti\/"},{"@type":"ListItem","position":3,"name":"Max Gap Filler"}]},{"@type":"WebSite","@id":"https:\/\/penosil.com\/lv\/#website","url":"https:\/\/penosil.com\/lv\/","name":"Penosil Latvia","description":"","potentialAction":[{"@type":"SearchAction","target":{"@type":"EntryPoint","urlTemplate":"https:\/\/penosil.com\/lv\/?s={search_term_string}"},"query-input":{"@type":"PropertyValueSpecification","valueRequired":true,"valueName":"search_term_string"}}],"inLanguage":"lv-LV"}]}},"featured_img":"https:\/\/penosil.com\/lv\/wp-content\/uploads\/sites\/31\/2020\/05\/MKR_2793_PENOSIL_Max_Gap_Filler_Foam_Sealant_750ml_LV_RU-scaled.jpg","coauthors":[],"author_meta":{"author_link":"https:\/\/penosil.com\/lv\/author\/olga\/","display_name":"Olga Ku\u010dmasova"},"relative_dates":{"created":"Posted 6 years ago","modified":"Updated 5 hours ago"},"absolute_dates":{"created":"Posted on May 26, 2020","modified":"Updated on April 21, 2026"},"absolute_dates_time":{"created":"Posted on May 26, 2020 9:54 am","modified":"Updated on April 21, 2026 12:04 am"},"featured_img_caption":"","tax_additional":{"product_brand":{"linked":[],"unlinked":[],"slug":"product_brand","name":"Brands"},"product_type":{"linked":["<a href=\"https:\/\/penosil.com\/lv\/?taxonomy=product_type&#038;term=variable\" class=\"advgb-post-tax-term\">variable<\/a>"],"unlinked":["<span class=\"advgb-post-tax-term\">variable<\/span>"],"slug":"product_type","name":"Product type"},"product_visibility":{"linked":[],"unlinked":[],"slug":"product_visibility","name":"Product visibility"},"product_cat":{"linked":["<a href=\"https:\/\/penosil.com\/lv\/produkti\/easypro\/\" class=\"advgb-post-tax-term\">EasyPRO<\/a>","<a href=\"https:\/\/penosil.com\/lv\/produkti\/easypro\/apdare-un-aizpildisana\/\" class=\"advgb-post-tax-term\">Apdare un aizpild\u012b\u0161ana<\/a>"],"unlinked":["<span class=\"advgb-post-tax-term\">EasyPRO<\/span>","<span class=\"advgb-post-tax-term\">Apdare un aizpild\u012b\u0161ana<\/span>"],"slug":"product_cat","name":"Product categories"},"product_tag":{"linked":[],"unlinked":[],"slug":"product_tag","name":"Product tags"},"product_shipping_class":{"linked":[],"unlinked":[],"slug":"product_shipping_class","name":"Product shipping classes"},"pos_product_visibility":{"linked":[],"unlinked":[],"slug":"pos_product_visibility","name":"POS Product visibility"},"pa_color":{"linked":["<a href=\"https:\/\/penosil.com\/lv\/?taxonomy=pa_color&#038;term=light-yellow-lv\" class=\"advgb-post-tax-term\">Gai\u0161i dzeltens<\/a>"],"unlinked":["<span class=\"advgb-post-tax-term\">Gai\u0161i dzeltens<\/span>"],"slug":"pa_color","name":"Product Colour"},"pa_diameter":{"linked":[],"unlinked":[],"slug":"pa_diameter","name":"Product Diameter"},"pa_package":{"linked":["<a href=\"https:\/\/penosil.com\/lv\/?taxonomy=pa_package&#038;term=453-ml-lv-2\" class=\"advgb-post-tax-term\">435 ml<\/a>","<a href=\"https:\/\/penosil.com\/lv\/?taxonomy=pa_package&#038;term=750-ml-lv-2\" class=\"advgb-post-tax-term\">750 ml<\/a>"],"unlinked":["<span class=\"advgb-post-tax-term\">435 ml<\/span>","<span class=\"advgb-post-tax-term\">750 ml<\/span>"],"slug":"pa_package","name":"Product Package"},"pa_roll":{"linked":[],"unlinked":[],"slug":"pa_roll","name":"Product Roll"},"pa_widths":{"linked":[],"unlinked":[],"slug":"pa_widths","name":"Product Widths"},"translation_priority":{"linked":["<a href=\"https:\/\/penosil.com\/lv\/?taxonomy=translation_priority&#038;term=optional-lv\" class=\"advgb-post-tax-term\">Optional<\/a>"],"unlinked":["<span class=\"advgb-post-tax-term\">Optional<\/span>"],"slug":"translation_priority","name":"Translation Priorities"}},"series_order":"","_links":{"self":[{"href":"https:\/\/penosil.com\/lv\/wp-json\/wp\/v2\/product\/18479","targetHints":{"allow":["GET"]}}],"collection":[{"href":"https:\/\/penosil.com\/lv\/wp-json\/wp\/v2\/product"}],"about":[{"href":"https:\/\/penosil.com\/lv\/wp-json\/wp\/v2\/types\/product"}],"version-history":[{"count":7,"href":"https:\/\/penosil.com\/lv\/wp-json\/wp\/v2\/product\/18479\/revisions"}],"predecessor-version":[{"id":33437,"href":"https:\/\/penosil.com\/lv\/wp-json\/wp\/v2\/product\/18479\/revisions\/33437"}],"wp:featuredmedia":[{"embeddable":true,"href":"https:\/\/penosil.com\/lv\/wp-json\/wp\/v2\/media\/18480"}],"wp:attachment":[{"href":"https:\/\/penosil.com\/lv\/wp-json\/wp\/v2\/media?parent=18479"}],"wp:term":[{"taxonomy":"product_brand","embeddable":true,"href":"https:\/\/penosil.com\/lv\/wp-json\/wp\/v2\/product_brand?post=18479"},{"taxonomy":"product_cat","embeddable":true,"href":"https:\/\/penosil.com\/lv\/wp-json\/wp\/v2\/product_cat?post=18479"},{"taxonomy":"product_tag","embeddable":true,"href":"https:\/\/penosil.com\/lv\/wp-json\/wp\/v2\/product_tag?post=18479"}],"curies":[{"name":"wp","href":"https:\/\/api.w.org\/{rel}","templated":true}]}}