{"id":23341,"date":"2020-07-03T06:27:26","date_gmt":"2020-07-03T06:27:26","guid":{"rendered":"https:\/\/penosil.com\/lv\/?post_type=product&#038;p=23341"},"modified":"2026-04-01T09:57:02","modified_gmt":"2026-04-01T09:57:02","slug":"backer-rod-pe-450","status":"publish","type":"product","link":"https:\/\/penosil.com\/lv\/produkt\/backer-rod-pe-450\/","title":{"rendered":"Backer Rod PE 450"},"content":{"rendered":"<p>PENOSIL Backer Rod PE 450 ir Polietil\u0113na putu aukla aukst\u0101s bl\u012bv\u0113\u0161anas darbiem. \u013boti elast\u012bga un saspie\u017eama viegl\u0101kai uzst\u0101d\u012b\u0161anai. Savietojama ar poliuret\u0101nu, hibr\u012bdu polim\u0113ru, silikonu un liel\u0101ko da\u013cu citu auksto herm\u0113ti\u0137u.<\/p>\n","protected":false},"excerpt":{"rendered":"Apa\u013ca polietil\u0113na aukla \u0161uvju bl\u012bv\u0113\u0161anai","protected":false},"author":4,"featured_media":32527,"template":"","meta":{"_acf_changed":false,"advgb_blocks_editor_width":"","advgb_blocks_columns_visual_guide":"","footnotes":""},"product_brand":[],"product_cat":[832,2604,1690],"product_tag":[],"class_list":{"0":"post-23341","1":"product","2":"type-product","3":"status-publish","4":"has-post-thumbnail","6":"product_cat-vispareja-buvnieciba","7":"product_cat-blivesanas-auklas","8":"product_cat-lentes-un-membranas","10":"first","11":"instock","12":"taxable","13":"shipping-taxable","14":"purchasable","15":"product-type-variable","16":"has-default-attributes"},"acf":[],"yoast_head":"<!-- This site is optimized with the Yoast SEO plugin v27.2 - https:\/\/yoast.com\/product\/yoast-seo-wordpress\/ -->\n<title>Penosil Backer Rod PE 450 polietel\u0113na aukla \u0161uvju bl\u012bv\u0113\u0161anai<\/title>\n<meta name=\"description\" content=\"PENOSIL Backer Rod PE 450 apa\u013ca polietil\u0113na aukla \u0161uvju bl\u012bv\u0113\u0161anai aukla nov\u0113r\u0161 mitruma un gaisa uzs\u016bk\u0161anos. \u013boti elast\u012bga, saspie\u017eama un viegli uzst\u0101d\u0101ma.\" \/>\n<meta name=\"robots\" content=\"index, follow, max-snippet:-1, max-image-preview:large, max-video-preview:-1\" \/>\n<link rel=\"canonical\" href=\"https:\/\/penosil.com\/lv\/produkt\/backer-rod-pe-450\/\" \/>\n<meta property=\"og:locale\" content=\"lv_LV\" \/>\n<meta property=\"og:type\" content=\"article\" \/>\n<meta property=\"og:title\" content=\"Penosil Backer Rod PE 450 polietel\u0113na aukla \u0161uvju bl\u012bv\u0113\u0161anai\" \/>\n<meta property=\"og:description\" content=\"PENOSIL Backer Rod PE 450 apa\u013ca polietil\u0113na aukla \u0161uvju bl\u012bv\u0113\u0161anai aukla nov\u0113r\u0161 mitruma un gaisa uzs\u016bk\u0161anos. \u013boti elast\u012bga, saspie\u017eama un viegli uzst\u0101d\u0101ma.\" \/>\n<meta property=\"og:url\" content=\"https:\/\/penosil.com\/lv\/produkt\/backer-rod-pe-450\/\" \/>\n<meta property=\"og:site_name\" content=\"Penosil Latvia\" \/>\n<meta property=\"article:modified_time\" content=\"2026-04-01T09:57:02+00:00\" \/>\n<meta property=\"og:image\" content=\"https:\/\/penosil.com\/lv\/wp-content\/uploads\/sites\/31\/2020\/05\/Backer_Rod_web.png\" \/>\n\t<meta property=\"og:image:width\" content=\"1434\" \/>\n\t<meta property=\"og:image:height\" content=\"1424\" \/>\n\t<meta property=\"og:image:type\" content=\"image\/png\" \/>\n<meta name=\"twitter:card\" content=\"summary_large_image\" \/>\n<meta name=\"twitter:label1\" content=\"Est. reading time\" \/>\n\t<meta name=\"twitter:data1\" content=\"2 minutes\" \/>\n<script type=\"application\/ld+json\" class=\"yoast-schema-graph\">{\"@context\":\"https:\/\/schema.org\",\"@graph\":[{\"@type\":\"WebPage\",\"@id\":\"https:\/\/penosil.com\/lv\/produkt\/backer-rod-pe-450\/\",\"url\":\"https:\/\/penosil.com\/lv\/produkt\/backer-rod-pe-450\/\",\"name\":\"Penosil Backer Rod PE 450 polietel\u0113na aukla \u0161uvju bl\u012bv\u0113\u0161anai\",\"isPartOf\":{\"@id\":\"https:\/\/penosil.com\/lv\/#website\"},\"primaryImageOfPage\":{\"@id\":\"https:\/\/penosil.com\/lv\/produkt\/backer-rod-pe-450\/#primaryimage\"},\"image\":{\"@id\":\"https:\/\/penosil.com\/lv\/produkt\/backer-rod-pe-450\/#primaryimage\"},\"thumbnailUrl\":\"https:\/\/penosil.com\/lv\/wp-content\/uploads\/sites\/31\/2025\/07\/Backer_Rod.png\",\"datePublished\":\"2020-07-03T06:27:26+00:00\",\"dateModified\":\"2026-04-01T09:57:02+00:00\",\"description\":\"PENOSIL Backer Rod PE 450 apa\u013ca polietil\u0113na aukla \u0161uvju bl\u012bv\u0113\u0161anai aukla nov\u0113r\u0161 mitruma un gaisa uzs\u016bk\u0161anos. \u013boti elast\u012bga, saspie\u017eama un viegli uzst\u0101d\u0101ma.\",\"breadcrumb\":{\"@id\":\"https:\/\/penosil.com\/lv\/produkt\/backer-rod-pe-450\/#breadcrumb\"},\"inLanguage\":\"lv-LV\",\"potentialAction\":[{\"@type\":\"ReadAction\",\"target\":[\"https:\/\/penosil.com\/lv\/produkt\/backer-rod-pe-450\/\"]}]},{\"@type\":\"ImageObject\",\"inLanguage\":\"lv-LV\",\"@id\":\"https:\/\/penosil.com\/lv\/produkt\/backer-rod-pe-450\/#primaryimage\",\"url\":\"https:\/\/penosil.com\/lv\/wp-content\/uploads\/sites\/31\/2025\/07\/Backer_Rod.png\",\"contentUrl\":\"https:\/\/penosil.com\/lv\/wp-content\/uploads\/sites\/31\/2025\/07\/Backer_Rod.png\",\"width\":2930,\"height\":2909},{\"@type\":\"BreadcrumbList\",\"@id\":\"https:\/\/penosil.com\/lv\/produkt\/backer-rod-pe-450\/#breadcrumb\",\"itemListElement\":[{\"@type\":\"ListItem\",\"position\":1,\"name\":\"S\u0101kums\",\"item\":\"https:\/\/penosil.com\/lv\/\"},{\"@type\":\"ListItem\",\"position\":2,\"name\":\"Produkti\",\"item\":\"https:\/\/penosil.com\/lv\/produkti\/\"},{\"@type\":\"ListItem\",\"position\":3,\"name\":\"Backer Rod PE 450\"}]},{\"@type\":\"WebSite\",\"@id\":\"https:\/\/penosil.com\/lv\/#website\",\"url\":\"https:\/\/penosil.com\/lv\/\",\"name\":\"Penosil Latvia\",\"description\":\"\",\"potentialAction\":[{\"@type\":\"SearchAction\",\"target\":{\"@type\":\"EntryPoint\",\"urlTemplate\":\"https:\/\/penosil.com\/lv\/?s={search_term_string}\"},\"query-input\":{\"@type\":\"PropertyValueSpecification\",\"valueRequired\":true,\"valueName\":\"search_term_string\"}}],\"inLanguage\":\"lv-LV\"}]}<\/script>\n<!-- \/ Yoast SEO plugin. -->","yoast_head_json":{"title":"Penosil Backer Rod PE 450 polietel\u0113na aukla \u0161uvju bl\u012bv\u0113\u0161anai","description":"PENOSIL Backer Rod PE 450 apa\u013ca polietil\u0113na aukla \u0161uvju bl\u012bv\u0113\u0161anai aukla nov\u0113r\u0161 mitruma un gaisa uzs\u016bk\u0161anos. \u013boti elast\u012bga, saspie\u017eama un viegli uzst\u0101d\u0101ma.","robots":{"index":"index","follow":"follow","max-snippet":"max-snippet:-1","max-image-preview":"max-image-preview:large","max-video-preview":"max-video-preview:-1"},"canonical":"https:\/\/penosil.com\/lv\/produkt\/backer-rod-pe-450\/","og_locale":"lv_LV","og_type":"article","og_title":"Penosil Backer Rod PE 450 polietel\u0113na aukla \u0161uvju bl\u012bv\u0113\u0161anai","og_description":"PENOSIL Backer Rod PE 450 apa\u013ca polietil\u0113na aukla \u0161uvju bl\u012bv\u0113\u0161anai aukla nov\u0113r\u0161 mitruma un gaisa uzs\u016bk\u0161anos. \u013boti elast\u012bga, saspie\u017eama un viegli uzst\u0101d\u0101ma.","og_url":"https:\/\/penosil.com\/lv\/produkt\/backer-rod-pe-450\/","og_site_name":"Penosil Latvia","article_modified_time":"2026-04-01T09:57:02+00:00","og_image":[{"width":1434,"height":1424,"url":"https:\/\/penosil.com\/lv\/wp-content\/uploads\/sites\/31\/2020\/05\/Backer_Rod_web.png","type":"image\/png"}],"twitter_card":"summary_large_image","twitter_misc":{"Est. reading time":"2 minutes"},"schema":{"@context":"https:\/\/schema.org","@graph":[{"@type":"WebPage","@id":"https:\/\/penosil.com\/lv\/produkt\/backer-rod-pe-450\/","url":"https:\/\/penosil.com\/lv\/produkt\/backer-rod-pe-450\/","name":"Penosil Backer Rod PE 450 polietel\u0113na aukla \u0161uvju bl\u012bv\u0113\u0161anai","isPartOf":{"@id":"https:\/\/penosil.com\/lv\/#website"},"primaryImageOfPage":{"@id":"https:\/\/penosil.com\/lv\/produkt\/backer-rod-pe-450\/#primaryimage"},"image":{"@id":"https:\/\/penosil.com\/lv\/produkt\/backer-rod-pe-450\/#primaryimage"},"thumbnailUrl":"https:\/\/penosil.com\/lv\/wp-content\/uploads\/sites\/31\/2025\/07\/Backer_Rod.png","datePublished":"2020-07-03T06:27:26+00:00","dateModified":"2026-04-01T09:57:02+00:00","description":"PENOSIL Backer Rod PE 450 apa\u013ca polietil\u0113na aukla \u0161uvju bl\u012bv\u0113\u0161anai aukla nov\u0113r\u0161 mitruma un gaisa uzs\u016bk\u0161anos. \u013boti elast\u012bga, saspie\u017eama un viegli uzst\u0101d\u0101ma.","breadcrumb":{"@id":"https:\/\/penosil.com\/lv\/produkt\/backer-rod-pe-450\/#breadcrumb"},"inLanguage":"lv-LV","potentialAction":[{"@type":"ReadAction","target":["https:\/\/penosil.com\/lv\/produkt\/backer-rod-pe-450\/"]}]},{"@type":"ImageObject","inLanguage":"lv-LV","@id":"https:\/\/penosil.com\/lv\/produkt\/backer-rod-pe-450\/#primaryimage","url":"https:\/\/penosil.com\/lv\/wp-content\/uploads\/sites\/31\/2025\/07\/Backer_Rod.png","contentUrl":"https:\/\/penosil.com\/lv\/wp-content\/uploads\/sites\/31\/2025\/07\/Backer_Rod.png","width":2930,"height":2909},{"@type":"BreadcrumbList","@id":"https:\/\/penosil.com\/lv\/produkt\/backer-rod-pe-450\/#breadcrumb","itemListElement":[{"@type":"ListItem","position":1,"name":"S\u0101kums","item":"https:\/\/penosil.com\/lv\/"},{"@type":"ListItem","position":2,"name":"Produkti","item":"https:\/\/penosil.com\/lv\/produkti\/"},{"@type":"ListItem","position":3,"name":"Backer Rod PE 450"}]},{"@type":"WebSite","@id":"https:\/\/penosil.com\/lv\/#website","url":"https:\/\/penosil.com\/lv\/","name":"Penosil Latvia","description":"","potentialAction":[{"@type":"SearchAction","target":{"@type":"EntryPoint","urlTemplate":"https:\/\/penosil.com\/lv\/?s={search_term_string}"},"query-input":{"@type":"PropertyValueSpecification","valueRequired":true,"valueName":"search_term_string"}}],"inLanguage":"lv-LV"}]}},"featured_img":"https:\/\/penosil.com\/lv\/wp-content\/uploads\/sites\/31\/2025\/07\/Backer_Rod.png","coauthors":[],"author_meta":{"author_link":"https:\/\/penosil.com\/lv\/author\/olga\/","display_name":"Olga Ku\u010dmasova"},"relative_dates":{"created":"Posted 6 years ago","modified":"Updated 2 weeks ago"},"absolute_dates":{"created":"Posted on July 3, 2020","modified":"Updated on April 1, 2026"},"absolute_dates_time":{"created":"Posted on July 3, 2020 6:27 am","modified":"Updated on April 1, 2026 9:57 am"},"featured_img_caption":"","tax_additional":{"product_brand":{"linked":[],"unlinked":[],"slug":"product_brand","name":"Brands"},"product_type":{"linked":["<a href=\"https:\/\/penosil.com\/lv\/?taxonomy=product_type&#038;term=variable\" class=\"advgb-post-tax-term\">variable<\/a>"],"unlinked":["<span class=\"advgb-post-tax-term\">variable<\/span>"],"slug":"product_type","name":"Product type"},"product_visibility":{"linked":[],"unlinked":[],"slug":"product_visibility","name":"Product visibility"},"product_cat":{"linked":["<a href=\"https:\/\/penosil.com\/lv\/produkti\/pielietojums\/vispareja-buvnieciba\/\" class=\"advgb-post-tax-term\">Visp\u0101r\u0113j\u0101 b\u016bvniec\u012bba<\/a>","<a href=\"https:\/\/penosil.com\/lv\/produkti\/produktu-grupas\/lentes-un-membranas\/blivesanas-auklas\/\" class=\"advgb-post-tax-term\">Bl\u012bv\u0113\u0161anas auklas<\/a>","<a href=\"https:\/\/penosil.com\/lv\/produkti\/produktu-grupas\/lentes-un-membranas\/\" class=\"advgb-post-tax-term\">Lentes un membr\u0101nas<\/a>"],"unlinked":["<span class=\"advgb-post-tax-term\">Visp\u0101r\u0113j\u0101 b\u016bvniec\u012bba<\/span>","<span class=\"advgb-post-tax-term\">Bl\u012bv\u0113\u0161anas auklas<\/span>","<span class=\"advgb-post-tax-term\">Lentes un membr\u0101nas<\/span>"],"slug":"product_cat","name":"Product categories"},"product_tag":{"linked":[],"unlinked":[],"slug":"product_tag","name":"Product tags"},"product_shipping_class":{"linked":[],"unlinked":[],"slug":"product_shipping_class","name":"Product shipping classes"},"pos_product_visibility":{"linked":[],"unlinked":[],"slug":"pos_product_visibility","name":"POS Product visibility"},"pa_color":{"linked":["<a href=\"https:\/\/penosil.com\/lv\/?taxonomy=pa_color&#038;term=grey-lv-2\" class=\"advgb-post-tax-term\">Pel\u0113ks<\/a>"],"unlinked":["<span class=\"advgb-post-tax-term\">Pel\u0113ks<\/span>"],"slug":"pa_color","name":"Product Colour"},"pa_diameter":{"linked":[],"unlinked":[],"slug":"pa_diameter","name":"Product Diameter"},"pa_package":{"linked":["<a href=\"https:\/\/penosil.com\/lv\/?taxonomy=pa_package&#038;term=30mm-160m\" class=\"advgb-post-tax-term\">30mm\/160m<\/a>","<a href=\"https:\/\/penosil.com\/lv\/?taxonomy=pa_package&#038;term=40mm-270m-lv-2\" class=\"advgb-post-tax-term\">40mm\/270m<\/a>","<a href=\"https:\/\/penosil.com\/lv\/?taxonomy=pa_package&#038;term=10mm-550m-lv-2\" class=\"advgb-post-tax-term\">10mm\/550m<\/a>","<a href=\"https:\/\/penosil.com\/lv\/?taxonomy=pa_package&#038;term=6mm-2500m-lv-2\" class=\"advgb-post-tax-term\">6mm\/2500m<\/a>","<a href=\"https:\/\/penosil.com\/lv\/?taxonomy=pa_package&#038;term=10mm-1150m-lv-2\" class=\"advgb-post-tax-term\">10mm\/1150m<\/a>","<a href=\"https:\/\/penosil.com\/lv\/?taxonomy=pa_package&#038;term=15mm-550m-lv-2\" class=\"advgb-post-tax-term\">15mm\/550m<\/a>","<a href=\"https:\/\/penosil.com\/lv\/?taxonomy=pa_package&#038;term=20mm-350m-lv-2\" class=\"advgb-post-tax-term\">20mm\/350m<\/a>","<a href=\"https:\/\/penosil.com\/lv\/?taxonomy=pa_package&#038;term=25mm-200m-lv-2\" class=\"advgb-post-tax-term\">25mm\/200m<\/a>"],"unlinked":["<span class=\"advgb-post-tax-term\">30mm\/160m<\/span>","<span class=\"advgb-post-tax-term\">40mm\/270m<\/span>","<span class=\"advgb-post-tax-term\">10mm\/550m<\/span>","<span class=\"advgb-post-tax-term\">6mm\/2500m<\/span>","<span class=\"advgb-post-tax-term\">10mm\/1150m<\/span>","<span class=\"advgb-post-tax-term\">15mm\/550m<\/span>","<span class=\"advgb-post-tax-term\">20mm\/350m<\/span>","<span class=\"advgb-post-tax-term\">25mm\/200m<\/span>"],"slug":"pa_package","name":"Product Package"},"pa_roll":{"linked":[],"unlinked":[],"slug":"pa_roll","name":"Product Roll"},"pa_widths":{"linked":[],"unlinked":[],"slug":"pa_widths","name":"Product Widths"},"translation_priority":{"linked":["<a href=\"https:\/\/penosil.com\/lv\/?taxonomy=translation_priority&#038;term=optional-lv\" class=\"advgb-post-tax-term\">Optional<\/a>"],"unlinked":["<span class=\"advgb-post-tax-term\">Optional<\/span>"],"slug":"translation_priority","name":"Translation Priorities"}},"series_order":"","_links":{"self":[{"href":"https:\/\/penosil.com\/lv\/wp-json\/wp\/v2\/product\/23341","targetHints":{"allow":["GET"]}}],"collection":[{"href":"https:\/\/penosil.com\/lv\/wp-json\/wp\/v2\/product"}],"about":[{"href":"https:\/\/penosil.com\/lv\/wp-json\/wp\/v2\/types\/product"}],"version-history":[{"count":5,"href":"https:\/\/penosil.com\/lv\/wp-json\/wp\/v2\/product\/23341\/revisions"}],"predecessor-version":[{"id":32526,"href":"https:\/\/penosil.com\/lv\/wp-json\/wp\/v2\/product\/23341\/revisions\/32526"}],"wp:featuredmedia":[{"embeddable":true,"href":"https:\/\/penosil.com\/lv\/wp-json\/wp\/v2\/media\/32527"}],"wp:attachment":[{"href":"https:\/\/penosil.com\/lv\/wp-json\/wp\/v2\/media?parent=23341"}],"wp:term":[{"taxonomy":"product_brand","embeddable":true,"href":"https:\/\/penosil.com\/lv\/wp-json\/wp\/v2\/product_brand?post=23341"},{"taxonomy":"product_cat","embeddable":true,"href":"https:\/\/penosil.com\/lv\/wp-json\/wp\/v2\/product_cat?post=23341"},{"taxonomy":"product_tag","embeddable":true,"href":"https:\/\/penosil.com\/lv\/wp-json\/wp\/v2\/product_tag?post=23341"}],"curies":[{"name":"wp","href":"https:\/\/api.w.org\/{rel}","templated":true}]}}