{"id":23342,"date":"2020-07-03T06:46:01","date_gmt":"2020-07-03T06:46:01","guid":{"rendered":"https:\/\/penosil.com\/lv\/?post_type=product&#038;p=23342"},"modified":"2026-04-01T09:57:02","modified_gmt":"2026-04-01T09:57:02","slug":"window-tape-internal-420","status":"publish","type":"product","link":"https:\/\/penosil.com\/lv\/produkt\/window-tape-internal-420\/","title":{"rendered":"Window Tape Internal 420"},"content":{"rendered":"<p>PENOSIL Window Tape Internal 420 ir tvaiku izol\u0101cijas lente logu un durvju savienojumu p\u0101rkl\u0101\u0161anai no iek\u0161puses. Nodro\u0161ina herm\u0113tiskumu, aizsarg\u0101 logu un durvju savienojumus un nov\u0113r\u0161 mitruma iek\u013c\u016b\u0161anu celtniec\u012bbas put\u0101s un sienu konstrukcij\u0101s.<\/p>\n","protected":false},"excerpt":{"rendered":"Iek\u0161\u0113j\u0101 tvaiku izol\u0101cijas lente","protected":false},"author":4,"featured_media":32324,"template":"","meta":{"_acf_changed":false,"advgb_blocks_editor_width":"","advgb_blocks_columns_visual_guide":"","footnotes":""},"product_brand":[],"product_cat":[2600,1290,1690],"product_tag":[],"class_list":{"0":"post-23342","1":"product","2":"type-product","3":"status-publish","4":"has-post-thumbnail","6":"product_cat-logu-lentes-un-membranas","7":"product_cat-logi-un-durvis-1","8":"product_cat-lentes-un-membranas","10":"first","11":"instock","12":"taxable","13":"shipping-taxable","14":"purchasable","15":"product-type-variable","16":"has-default-attributes"},"acf":[],"yoast_head":"<!-- This site is optimized with the Yoast SEO plugin v27.2 - https:\/\/yoast.com\/product\/yoast-seo-wordpress\/ -->\n<title>Penosil Window Sealing Tape Internal 420 tvaiku izol\u0101cijas lente<\/title>\n<meta name=\"description\" content=\"Penosil Window Sealing Tape Internal 420 logu un durvju iek\u0161\u0113jo savienojumu p\u0101rkl\u0101\u0161anai. Nodro\u0161ina herm\u0113tiskumu un aizsarg\u0101 \u0161uves.\" \/>\n<meta name=\"robots\" content=\"index, follow, max-snippet:-1, max-image-preview:large, max-video-preview:-1\" \/>\n<link rel=\"canonical\" href=\"https:\/\/penosil.com\/lv\/produkt\/window-tape-internal-420\/\" \/>\n<meta property=\"og:locale\" content=\"lv_LV\" \/>\n<meta property=\"og:type\" content=\"article\" \/>\n<meta property=\"og:title\" content=\"Penosil Window Sealing Tape Internal 420 tvaiku izol\u0101cijas lente\" \/>\n<meta property=\"og:description\" content=\"Penosil Window Sealing Tape Internal 420 logu un durvju iek\u0161\u0113jo savienojumu p\u0101rkl\u0101\u0161anai. Nodro\u0161ina herm\u0113tiskumu un aizsarg\u0101 \u0161uves.\" \/>\n<meta property=\"og:url\" content=\"https:\/\/penosil.com\/lv\/produkt\/window-tape-internal-420\/\" \/>\n<meta property=\"og:site_name\" content=\"Penosil Latvia\" \/>\n<meta property=\"article:modified_time\" content=\"2026-04-01T09:57:02+00:00\" \/>\n<meta property=\"og:image\" content=\"https:\/\/penosil.com\/lv\/wp-content\/uploads\/sites\/31\/2020\/07\/420_Window_Tape_Internal_420_LT_LV_RO_RU.png\" \/>\n\t<meta property=\"og:image:width\" content=\"800\" \/>\n\t<meta property=\"og:image:height\" content=\"428\" \/>\n\t<meta property=\"og:image:type\" content=\"image\/png\" \/>\n<meta name=\"twitter:card\" content=\"summary_large_image\" \/>\n<meta name=\"twitter:label1\" content=\"Est. reading time\" \/>\n\t<meta name=\"twitter:data1\" content=\"3 minutes\" \/>\n<script type=\"application\/ld+json\" class=\"yoast-schema-graph\">{\"@context\":\"https:\/\/schema.org\",\"@graph\":[{\"@type\":\"WebPage\",\"@id\":\"https:\/\/penosil.com\/lv\/produkt\/window-tape-internal-420\/\",\"url\":\"https:\/\/penosil.com\/lv\/produkt\/window-tape-internal-420\/\",\"name\":\"Penosil Window Sealing Tape Internal 420 tvaiku izol\u0101cijas lente\",\"isPartOf\":{\"@id\":\"https:\/\/penosil.com\/lv\/#website\"},\"primaryImageOfPage\":{\"@id\":\"https:\/\/penosil.com\/lv\/produkt\/window-tape-internal-420\/#primaryimage\"},\"image\":{\"@id\":\"https:\/\/penosil.com\/lv\/produkt\/window-tape-internal-420\/#primaryimage\"},\"thumbnailUrl\":\"https:\/\/penosil.com\/lv\/wp-content\/uploads\/sites\/31\/2025\/06\/420_Window_Tape_Internal_420_LT_LV_RO_RU.png\",\"datePublished\":\"2020-07-03T06:46:01+00:00\",\"dateModified\":\"2026-04-01T09:57:02+00:00\",\"description\":\"Penosil Window Sealing Tape Internal 420 logu un durvju iek\u0161\u0113jo savienojumu p\u0101rkl\u0101\u0161anai. Nodro\u0161ina herm\u0113tiskumu un aizsarg\u0101 \u0161uves.\",\"breadcrumb\":{\"@id\":\"https:\/\/penosil.com\/lv\/produkt\/window-tape-internal-420\/#breadcrumb\"},\"inLanguage\":\"lv-LV\",\"potentialAction\":[{\"@type\":\"ReadAction\",\"target\":[\"https:\/\/penosil.com\/lv\/produkt\/window-tape-internal-420\/\"]}]},{\"@type\":\"ImageObject\",\"inLanguage\":\"lv-LV\",\"@id\":\"https:\/\/penosil.com\/lv\/produkt\/window-tape-internal-420\/#primaryimage\",\"url\":\"https:\/\/penosil.com\/lv\/wp-content\/uploads\/sites\/31\/2025\/06\/420_Window_Tape_Internal_420_LT_LV_RO_RU.png\",\"contentUrl\":\"https:\/\/penosil.com\/lv\/wp-content\/uploads\/sites\/31\/2025\/06\/420_Window_Tape_Internal_420_LT_LV_RO_RU.png\",\"width\":800,\"height\":428},{\"@type\":\"BreadcrumbList\",\"@id\":\"https:\/\/penosil.com\/lv\/produkt\/window-tape-internal-420\/#breadcrumb\",\"itemListElement\":[{\"@type\":\"ListItem\",\"position\":1,\"name\":\"S\u0101kums\",\"item\":\"https:\/\/penosil.com\/lv\/\"},{\"@type\":\"ListItem\",\"position\":2,\"name\":\"Produkti\",\"item\":\"https:\/\/penosil.com\/lv\/produkti\/\"},{\"@type\":\"ListItem\",\"position\":3,\"name\":\"Window Tape Internal 420\"}]},{\"@type\":\"WebSite\",\"@id\":\"https:\/\/penosil.com\/lv\/#website\",\"url\":\"https:\/\/penosil.com\/lv\/\",\"name\":\"Penosil Latvia\",\"description\":\"\",\"potentialAction\":[{\"@type\":\"SearchAction\",\"target\":{\"@type\":\"EntryPoint\",\"urlTemplate\":\"https:\/\/penosil.com\/lv\/?s={search_term_string}\"},\"query-input\":{\"@type\":\"PropertyValueSpecification\",\"valueRequired\":true,\"valueName\":\"search_term_string\"}}],\"inLanguage\":\"lv-LV\"}]}<\/script>\n<!-- \/ Yoast SEO plugin. -->","yoast_head_json":{"title":"Penosil Window Sealing Tape Internal 420 tvaiku izol\u0101cijas lente","description":"Penosil Window Sealing Tape Internal 420 logu un durvju iek\u0161\u0113jo savienojumu p\u0101rkl\u0101\u0161anai. Nodro\u0161ina herm\u0113tiskumu un aizsarg\u0101 \u0161uves.","robots":{"index":"index","follow":"follow","max-snippet":"max-snippet:-1","max-image-preview":"max-image-preview:large","max-video-preview":"max-video-preview:-1"},"canonical":"https:\/\/penosil.com\/lv\/produkt\/window-tape-internal-420\/","og_locale":"lv_LV","og_type":"article","og_title":"Penosil Window Sealing Tape Internal 420 tvaiku izol\u0101cijas lente","og_description":"Penosil Window Sealing Tape Internal 420 logu un durvju iek\u0161\u0113jo savienojumu p\u0101rkl\u0101\u0161anai. Nodro\u0161ina herm\u0113tiskumu un aizsarg\u0101 \u0161uves.","og_url":"https:\/\/penosil.com\/lv\/produkt\/window-tape-internal-420\/","og_site_name":"Penosil Latvia","article_modified_time":"2026-04-01T09:57:02+00:00","og_image":[{"width":800,"height":428,"url":"https:\/\/penosil.com\/lv\/wp-content\/uploads\/sites\/31\/2020\/07\/420_Window_Tape_Internal_420_LT_LV_RO_RU.png","type":"image\/png"}],"twitter_card":"summary_large_image","twitter_misc":{"Est. reading time":"3 minutes"},"schema":{"@context":"https:\/\/schema.org","@graph":[{"@type":"WebPage","@id":"https:\/\/penosil.com\/lv\/produkt\/window-tape-internal-420\/","url":"https:\/\/penosil.com\/lv\/produkt\/window-tape-internal-420\/","name":"Penosil Window Sealing Tape Internal 420 tvaiku izol\u0101cijas lente","isPartOf":{"@id":"https:\/\/penosil.com\/lv\/#website"},"primaryImageOfPage":{"@id":"https:\/\/penosil.com\/lv\/produkt\/window-tape-internal-420\/#primaryimage"},"image":{"@id":"https:\/\/penosil.com\/lv\/produkt\/window-tape-internal-420\/#primaryimage"},"thumbnailUrl":"https:\/\/penosil.com\/lv\/wp-content\/uploads\/sites\/31\/2025\/06\/420_Window_Tape_Internal_420_LT_LV_RO_RU.png","datePublished":"2020-07-03T06:46:01+00:00","dateModified":"2026-04-01T09:57:02+00:00","description":"Penosil Window Sealing Tape Internal 420 logu un durvju iek\u0161\u0113jo savienojumu p\u0101rkl\u0101\u0161anai. Nodro\u0161ina herm\u0113tiskumu un aizsarg\u0101 \u0161uves.","breadcrumb":{"@id":"https:\/\/penosil.com\/lv\/produkt\/window-tape-internal-420\/#breadcrumb"},"inLanguage":"lv-LV","potentialAction":[{"@type":"ReadAction","target":["https:\/\/penosil.com\/lv\/produkt\/window-tape-internal-420\/"]}]},{"@type":"ImageObject","inLanguage":"lv-LV","@id":"https:\/\/penosil.com\/lv\/produkt\/window-tape-internal-420\/#primaryimage","url":"https:\/\/penosil.com\/lv\/wp-content\/uploads\/sites\/31\/2025\/06\/420_Window_Tape_Internal_420_LT_LV_RO_RU.png","contentUrl":"https:\/\/penosil.com\/lv\/wp-content\/uploads\/sites\/31\/2025\/06\/420_Window_Tape_Internal_420_LT_LV_RO_RU.png","width":800,"height":428},{"@type":"BreadcrumbList","@id":"https:\/\/penosil.com\/lv\/produkt\/window-tape-internal-420\/#breadcrumb","itemListElement":[{"@type":"ListItem","position":1,"name":"S\u0101kums","item":"https:\/\/penosil.com\/lv\/"},{"@type":"ListItem","position":2,"name":"Produkti","item":"https:\/\/penosil.com\/lv\/produkti\/"},{"@type":"ListItem","position":3,"name":"Window Tape Internal 420"}]},{"@type":"WebSite","@id":"https:\/\/penosil.com\/lv\/#website","url":"https:\/\/penosil.com\/lv\/","name":"Penosil Latvia","description":"","potentialAction":[{"@type":"SearchAction","target":{"@type":"EntryPoint","urlTemplate":"https:\/\/penosil.com\/lv\/?s={search_term_string}"},"query-input":{"@type":"PropertyValueSpecification","valueRequired":true,"valueName":"search_term_string"}}],"inLanguage":"lv-LV"}]}},"featured_img":"https:\/\/penosil.com\/lv\/wp-content\/uploads\/sites\/31\/2025\/06\/420_Window_Tape_Internal_420_LT_LV_RO_RU.png","coauthors":[],"author_meta":{"author_link":"https:\/\/penosil.com\/lv\/author\/olga\/","display_name":"Olga Ku\u010dmasova"},"relative_dates":{"created":"Posted 6 years ago","modified":"Updated 2 weeks ago"},"absolute_dates":{"created":"Posted on July 3, 2020","modified":"Updated on April 1, 2026"},"absolute_dates_time":{"created":"Posted on July 3, 2020 6:46 am","modified":"Updated on April 1, 2026 9:57 am"},"featured_img_caption":"","tax_additional":{"product_brand":{"linked":[],"unlinked":[],"slug":"product_brand","name":"Brands"},"product_type":{"linked":["<a href=\"https:\/\/penosil.com\/lv\/?taxonomy=product_type&#038;term=variable\" class=\"advgb-post-tax-term\">variable<\/a>"],"unlinked":["<span class=\"advgb-post-tax-term\">variable<\/span>"],"slug":"product_type","name":"Product type"},"product_visibility":{"linked":[],"unlinked":[],"slug":"product_visibility","name":"Product visibility"},"product_cat":{"linked":["<a href=\"https:\/\/penosil.com\/lv\/produkti\/produktu-grupas\/lentes-un-membranas\/logu-lentes-un-membranas\/\" class=\"advgb-post-tax-term\">Logu lentes un membr\u0101nas<\/a>","<a href=\"https:\/\/penosil.com\/lv\/produkti\/pielietojums\/logi-un-durvis-1\/\" class=\"advgb-post-tax-term\">Logi un durvis<\/a>","<a href=\"https:\/\/penosil.com\/lv\/produkti\/produktu-grupas\/lentes-un-membranas\/\" class=\"advgb-post-tax-term\">Lentes un membr\u0101nas<\/a>"],"unlinked":["<span class=\"advgb-post-tax-term\">Logu lentes un membr\u0101nas<\/span>","<span class=\"advgb-post-tax-term\">Logi un durvis<\/span>","<span class=\"advgb-post-tax-term\">Lentes un membr\u0101nas<\/span>"],"slug":"product_cat","name":"Product categories"},"product_tag":{"linked":[],"unlinked":[],"slug":"product_tag","name":"Product tags"},"product_shipping_class":{"linked":[],"unlinked":[],"slug":"product_shipping_class","name":"Product shipping classes"},"pos_product_visibility":{"linked":[],"unlinked":[],"slug":"pos_product_visibility","name":"POS Product visibility"},"pa_color":{"linked":["<a href=\"https:\/\/penosil.com\/lv\/?taxonomy=pa_color&#038;term=light-yellow-lv\" class=\"advgb-post-tax-term\">Gai\u0161i dzeltens<\/a>"],"unlinked":["<span class=\"advgb-post-tax-term\">Gai\u0161i dzeltens<\/span>"],"slug":"pa_color","name":"Product Colour"},"pa_diameter":{"linked":[],"unlinked":[],"slug":"pa_diameter","name":"Product Diameter"},"pa_package":{"linked":["<a href=\"https:\/\/penosil.com\/lv\/?taxonomy=pa_package&#038;term=150-mm-lv-2\" class=\"advgb-post-tax-term\">150 mm<\/a>","<a href=\"https:\/\/penosil.com\/lv\/?taxonomy=pa_package&#038;term=70-mm-lv-2\" class=\"advgb-post-tax-term\">70 mm<\/a>","<a href=\"https:\/\/penosil.com\/lv\/?taxonomy=pa_package&#038;term=100-mm-lv-2\" class=\"advgb-post-tax-term\">100 mm<\/a>"],"unlinked":["<span class=\"advgb-post-tax-term\">150 mm<\/span>","<span class=\"advgb-post-tax-term\">70 mm<\/span>","<span class=\"advgb-post-tax-term\">100 mm<\/span>"],"slug":"pa_package","name":"Product Package"},"pa_roll":{"linked":[],"unlinked":[],"slug":"pa_roll","name":"Product Roll"},"pa_widths":{"linked":[],"unlinked":[],"slug":"pa_widths","name":"Product Widths"},"translation_priority":{"linked":["<a href=\"https:\/\/penosil.com\/lv\/?taxonomy=translation_priority&#038;term=optional-lv\" class=\"advgb-post-tax-term\">Optional<\/a>"],"unlinked":["<span class=\"advgb-post-tax-term\">Optional<\/span>"],"slug":"translation_priority","name":"Translation Priorities"}},"series_order":"","_links":{"self":[{"href":"https:\/\/penosil.com\/lv\/wp-json\/wp\/v2\/product\/23342","targetHints":{"allow":["GET"]}}],"collection":[{"href":"https:\/\/penosil.com\/lv\/wp-json\/wp\/v2\/product"}],"about":[{"href":"https:\/\/penosil.com\/lv\/wp-json\/wp\/v2\/types\/product"}],"version-history":[{"count":4,"href":"https:\/\/penosil.com\/lv\/wp-json\/wp\/v2\/product\/23342\/revisions"}],"predecessor-version":[{"id":32323,"href":"https:\/\/penosil.com\/lv\/wp-json\/wp\/v2\/product\/23342\/revisions\/32323"}],"wp:featuredmedia":[{"embeddable":true,"href":"https:\/\/penosil.com\/lv\/wp-json\/wp\/v2\/media\/32324"}],"wp:attachment":[{"href":"https:\/\/penosil.com\/lv\/wp-json\/wp\/v2\/media?parent=23342"}],"wp:term":[{"taxonomy":"product_brand","embeddable":true,"href":"https:\/\/penosil.com\/lv\/wp-json\/wp\/v2\/product_brand?post=23342"},{"taxonomy":"product_cat","embeddable":true,"href":"https:\/\/penosil.com\/lv\/wp-json\/wp\/v2\/product_cat?post=23342"},{"taxonomy":"product_tag","embeddable":true,"href":"https:\/\/penosil.com\/lv\/wp-json\/wp\/v2\/product_tag?post=23342"}],"curies":[{"name":"wp","href":"https:\/\/api.w.org\/{rel}","templated":true}]}}