{"id":23345,"date":"2020-07-03T07:06:34","date_gmt":"2020-07-03T07:06:34","guid":{"rendered":"https:\/\/penosil.com\/lv\/?post_type=product&#038;p=23345"},"modified":"2026-04-01T09:57:02","modified_gmt":"2026-04-01T09:57:02","slug":"window-tape-external-424","status":"publish","type":"product","link":"https:\/\/penosil.com\/lv\/produkt\/window-tape-external-424\/","title":{"rendered":"Window Tape External 424"},"content":{"rendered":"<p>PENOSIL Window Tape External 424 lente logu un durvju savienojumu p\u0101rkl\u0101\u0161anai no \u0101rpuses. Nodro\u0161ina \u016bdens tvaiku dif\u016bziju no iek\u0161puses uz \u0101ru. Aizsarg\u0101 savienojumus un b\u016bvkonstrukcijas no mitruma un v\u0113ja.<\/p>\n","protected":false},"excerpt":{"rendered":"\u0100r\u0113j\u0101 logu lente","protected":false},"author":4,"featured_media":32329,"template":"","meta":{"_acf_changed":false,"advgb_blocks_editor_width":"","advgb_blocks_columns_visual_guide":"","footnotes":""},"product_brand":[],"product_cat":[2600,1290,1690],"product_tag":[],"class_list":{"0":"post-23345","1":"product","2":"type-product","3":"status-publish","4":"has-post-thumbnail","6":"product_cat-logu-lentes-un-membranas","7":"product_cat-logi-un-durvis-1","8":"product_cat-lentes-un-membranas","10":"first","11":"instock","12":"taxable","13":"shipping-taxable","14":"purchasable","15":"product-type-variable","16":"has-default-attributes"},"acf":[],"yoast_head":"<!-- This site is optimized with the Yoast SEO plugin v27.2 - https:\/\/yoast.com\/product\/yoast-seo-wordpress\/ -->\n<title>Penosil Window Tape External 424 \u0101r\u0113j\u0101 logu lente<\/title>\n<meta name=\"description\" content=\"Penosil Window Tape External 424l \u0101r\u0113j\u0101 logu lente. Nodro\u0161ina \u016bdens tvaiku dif\u016bziju. Aizsarg\u0101 \u0161uves un b\u016bvkonstrukcijas no mitruma, v\u0113ja.\" \/>\n<meta name=\"robots\" content=\"index, follow, max-snippet:-1, max-image-preview:large, max-video-preview:-1\" \/>\n<link rel=\"canonical\" href=\"https:\/\/penosil.com\/lv\/produkt\/window-tape-external-424\/\" \/>\n<meta property=\"og:locale\" content=\"lv_LV\" \/>\n<meta property=\"og:type\" content=\"article\" \/>\n<meta property=\"og:title\" content=\"Penosil Window Tape External 424 \u0101r\u0113j\u0101 logu lente\" \/>\n<meta property=\"og:description\" content=\"Penosil Window Tape External 424l \u0101r\u0113j\u0101 logu lente. Nodro\u0161ina \u016bdens tvaiku dif\u016bziju. Aizsarg\u0101 \u0161uves un b\u016bvkonstrukcijas no mitruma, v\u0113ja.\" \/>\n<meta property=\"og:url\" content=\"https:\/\/penosil.com\/lv\/produkt\/window-tape-external-424\/\" \/>\n<meta property=\"og:site_name\" content=\"Penosil Latvia\" \/>\n<meta property=\"article:modified_time\" content=\"2026-04-01T09:57:02+00:00\" \/>\n<meta property=\"og:image\" content=\"https:\/\/penosil.com\/lv\/wp-content\/uploads\/sites\/31\/2025\/06\/424_Window_Tape_External_424_LT_LV_RO_RU.png\" \/>\n\t<meta property=\"og:image:width\" content=\"800\" \/>\n\t<meta property=\"og:image:height\" content=\"428\" \/>\n\t<meta property=\"og:image:type\" content=\"image\/png\" \/>\n<meta name=\"twitter:card\" content=\"summary_large_image\" \/>\n<meta name=\"twitter:label1\" content=\"Est. reading time\" \/>\n\t<meta name=\"twitter:data1\" content=\"3 minutes\" \/>\n<script type=\"application\/ld+json\" class=\"yoast-schema-graph\">{\"@context\":\"https:\/\/schema.org\",\"@graph\":[{\"@type\":\"WebPage\",\"@id\":\"https:\/\/penosil.com\/lv\/produkt\/window-tape-external-424\/\",\"url\":\"https:\/\/penosil.com\/lv\/produkt\/window-tape-external-424\/\",\"name\":\"Penosil Window Tape External 424 \u0101r\u0113j\u0101 logu lente\",\"isPartOf\":{\"@id\":\"https:\/\/penosil.com\/lv\/#website\"},\"primaryImageOfPage\":{\"@id\":\"https:\/\/penosil.com\/lv\/produkt\/window-tape-external-424\/#primaryimage\"},\"image\":{\"@id\":\"https:\/\/penosil.com\/lv\/produkt\/window-tape-external-424\/#primaryimage\"},\"thumbnailUrl\":\"https:\/\/penosil.com\/lv\/wp-content\/uploads\/sites\/31\/2025\/06\/424_Window_Tape_External_424_LT_LV_RO_RU.png\",\"datePublished\":\"2020-07-03T07:06:34+00:00\",\"dateModified\":\"2026-04-01T09:57:02+00:00\",\"description\":\"Penosil Window Tape External 424l \u0101r\u0113j\u0101 logu lente. Nodro\u0161ina \u016bdens tvaiku dif\u016bziju. Aizsarg\u0101 \u0161uves un b\u016bvkonstrukcijas no mitruma, v\u0113ja.\",\"breadcrumb\":{\"@id\":\"https:\/\/penosil.com\/lv\/produkt\/window-tape-external-424\/#breadcrumb\"},\"inLanguage\":\"lv-LV\",\"potentialAction\":[{\"@type\":\"ReadAction\",\"target\":[\"https:\/\/penosil.com\/lv\/produkt\/window-tape-external-424\/\"]}]},{\"@type\":\"ImageObject\",\"inLanguage\":\"lv-LV\",\"@id\":\"https:\/\/penosil.com\/lv\/produkt\/window-tape-external-424\/#primaryimage\",\"url\":\"https:\/\/penosil.com\/lv\/wp-content\/uploads\/sites\/31\/2025\/06\/424_Window_Tape_External_424_LT_LV_RO_RU.png\",\"contentUrl\":\"https:\/\/penosil.com\/lv\/wp-content\/uploads\/sites\/31\/2025\/06\/424_Window_Tape_External_424_LT_LV_RO_RU.png\",\"width\":800,\"height\":428},{\"@type\":\"BreadcrumbList\",\"@id\":\"https:\/\/penosil.com\/lv\/produkt\/window-tape-external-424\/#breadcrumb\",\"itemListElement\":[{\"@type\":\"ListItem\",\"position\":1,\"name\":\"S\u0101kums\",\"item\":\"https:\/\/penosil.com\/lv\/\"},{\"@type\":\"ListItem\",\"position\":2,\"name\":\"Produkti\",\"item\":\"https:\/\/penosil.com\/lv\/produkti\/\"},{\"@type\":\"ListItem\",\"position\":3,\"name\":\"Window Tape External 424\"}]},{\"@type\":\"WebSite\",\"@id\":\"https:\/\/penosil.com\/lv\/#website\",\"url\":\"https:\/\/penosil.com\/lv\/\",\"name\":\"Penosil Latvia\",\"description\":\"\",\"potentialAction\":[{\"@type\":\"SearchAction\",\"target\":{\"@type\":\"EntryPoint\",\"urlTemplate\":\"https:\/\/penosil.com\/lv\/?s={search_term_string}\"},\"query-input\":{\"@type\":\"PropertyValueSpecification\",\"valueRequired\":true,\"valueName\":\"search_term_string\"}}],\"inLanguage\":\"lv-LV\"}]}<\/script>\n<!-- \/ Yoast SEO plugin. -->","yoast_head_json":{"title":"Penosil Window Tape External 424 \u0101r\u0113j\u0101 logu lente","description":"Penosil Window Tape External 424l \u0101r\u0113j\u0101 logu lente. Nodro\u0161ina \u016bdens tvaiku dif\u016bziju. Aizsarg\u0101 \u0161uves un b\u016bvkonstrukcijas no mitruma, v\u0113ja.","robots":{"index":"index","follow":"follow","max-snippet":"max-snippet:-1","max-image-preview":"max-image-preview:large","max-video-preview":"max-video-preview:-1"},"canonical":"https:\/\/penosil.com\/lv\/produkt\/window-tape-external-424\/","og_locale":"lv_LV","og_type":"article","og_title":"Penosil Window Tape External 424 \u0101r\u0113j\u0101 logu lente","og_description":"Penosil Window Tape External 424l \u0101r\u0113j\u0101 logu lente. Nodro\u0161ina \u016bdens tvaiku dif\u016bziju. Aizsarg\u0101 \u0161uves un b\u016bvkonstrukcijas no mitruma, v\u0113ja.","og_url":"https:\/\/penosil.com\/lv\/produkt\/window-tape-external-424\/","og_site_name":"Penosil Latvia","article_modified_time":"2026-04-01T09:57:02+00:00","og_image":[{"width":800,"height":428,"url":"https:\/\/penosil.com\/lv\/wp-content\/uploads\/sites\/31\/2025\/06\/424_Window_Tape_External_424_LT_LV_RO_RU.png","type":"image\/png"}],"twitter_card":"summary_large_image","twitter_misc":{"Est. reading time":"3 minutes"},"schema":{"@context":"https:\/\/schema.org","@graph":[{"@type":"WebPage","@id":"https:\/\/penosil.com\/lv\/produkt\/window-tape-external-424\/","url":"https:\/\/penosil.com\/lv\/produkt\/window-tape-external-424\/","name":"Penosil Window Tape External 424 \u0101r\u0113j\u0101 logu lente","isPartOf":{"@id":"https:\/\/penosil.com\/lv\/#website"},"primaryImageOfPage":{"@id":"https:\/\/penosil.com\/lv\/produkt\/window-tape-external-424\/#primaryimage"},"image":{"@id":"https:\/\/penosil.com\/lv\/produkt\/window-tape-external-424\/#primaryimage"},"thumbnailUrl":"https:\/\/penosil.com\/lv\/wp-content\/uploads\/sites\/31\/2025\/06\/424_Window_Tape_External_424_LT_LV_RO_RU.png","datePublished":"2020-07-03T07:06:34+00:00","dateModified":"2026-04-01T09:57:02+00:00","description":"Penosil Window Tape External 424l \u0101r\u0113j\u0101 logu lente. Nodro\u0161ina \u016bdens tvaiku dif\u016bziju. Aizsarg\u0101 \u0161uves un b\u016bvkonstrukcijas no mitruma, v\u0113ja.","breadcrumb":{"@id":"https:\/\/penosil.com\/lv\/produkt\/window-tape-external-424\/#breadcrumb"},"inLanguage":"lv-LV","potentialAction":[{"@type":"ReadAction","target":["https:\/\/penosil.com\/lv\/produkt\/window-tape-external-424\/"]}]},{"@type":"ImageObject","inLanguage":"lv-LV","@id":"https:\/\/penosil.com\/lv\/produkt\/window-tape-external-424\/#primaryimage","url":"https:\/\/penosil.com\/lv\/wp-content\/uploads\/sites\/31\/2025\/06\/424_Window_Tape_External_424_LT_LV_RO_RU.png","contentUrl":"https:\/\/penosil.com\/lv\/wp-content\/uploads\/sites\/31\/2025\/06\/424_Window_Tape_External_424_LT_LV_RO_RU.png","width":800,"height":428},{"@type":"BreadcrumbList","@id":"https:\/\/penosil.com\/lv\/produkt\/window-tape-external-424\/#breadcrumb","itemListElement":[{"@type":"ListItem","position":1,"name":"S\u0101kums","item":"https:\/\/penosil.com\/lv\/"},{"@type":"ListItem","position":2,"name":"Produkti","item":"https:\/\/penosil.com\/lv\/produkti\/"},{"@type":"ListItem","position":3,"name":"Window Tape External 424"}]},{"@type":"WebSite","@id":"https:\/\/penosil.com\/lv\/#website","url":"https:\/\/penosil.com\/lv\/","name":"Penosil Latvia","description":"","potentialAction":[{"@type":"SearchAction","target":{"@type":"EntryPoint","urlTemplate":"https:\/\/penosil.com\/lv\/?s={search_term_string}"},"query-input":{"@type":"PropertyValueSpecification","valueRequired":true,"valueName":"search_term_string"}}],"inLanguage":"lv-LV"}]}},"featured_img":"https:\/\/penosil.com\/lv\/wp-content\/uploads\/sites\/31\/2025\/06\/424_Window_Tape_External_424_LT_LV_RO_RU.png","coauthors":[],"author_meta":{"author_link":"https:\/\/penosil.com\/lv\/author\/olga\/","display_name":"Olga Ku\u010dmasova"},"relative_dates":{"created":"Posted 6 years ago","modified":"Updated 2 weeks ago"},"absolute_dates":{"created":"Posted on July 3, 2020","modified":"Updated on April 1, 2026"},"absolute_dates_time":{"created":"Posted on July 3, 2020 7:06 am","modified":"Updated on April 1, 2026 9:57 am"},"featured_img_caption":"","tax_additional":{"product_brand":{"linked":[],"unlinked":[],"slug":"product_brand","name":"Brands"},"product_type":{"linked":["<a href=\"https:\/\/penosil.com\/lv\/?taxonomy=product_type&#038;term=variable\" class=\"advgb-post-tax-term\">variable<\/a>"],"unlinked":["<span class=\"advgb-post-tax-term\">variable<\/span>"],"slug":"product_type","name":"Product type"},"product_visibility":{"linked":[],"unlinked":[],"slug":"product_visibility","name":"Product visibility"},"product_cat":{"linked":["<a href=\"https:\/\/penosil.com\/lv\/produkti\/produktu-grupas\/lentes-un-membranas\/logu-lentes-un-membranas\/\" class=\"advgb-post-tax-term\">Logu lentes un membr\u0101nas<\/a>","<a href=\"https:\/\/penosil.com\/lv\/produkti\/pielietojums\/logi-un-durvis-1\/\" class=\"advgb-post-tax-term\">Logi un durvis<\/a>","<a href=\"https:\/\/penosil.com\/lv\/produkti\/produktu-grupas\/lentes-un-membranas\/\" class=\"advgb-post-tax-term\">Lentes un membr\u0101nas<\/a>"],"unlinked":["<span class=\"advgb-post-tax-term\">Logu lentes un membr\u0101nas<\/span>","<span class=\"advgb-post-tax-term\">Logi un durvis<\/span>","<span class=\"advgb-post-tax-term\">Lentes un membr\u0101nas<\/span>"],"slug":"product_cat","name":"Product categories"},"product_tag":{"linked":[],"unlinked":[],"slug":"product_tag","name":"Product tags"},"product_shipping_class":{"linked":[],"unlinked":[],"slug":"product_shipping_class","name":"Product shipping classes"},"pos_product_visibility":{"linked":[],"unlinked":[],"slug":"pos_product_visibility","name":"POS Product visibility"},"pa_color":{"linked":["<a href=\"https:\/\/penosil.com\/lv\/?taxonomy=pa_color&#038;term=white-lv-2\" class=\"advgb-post-tax-term\">Balts<\/a>"],"unlinked":["<span class=\"advgb-post-tax-term\">Balts<\/span>"],"slug":"pa_color","name":"Product Colour"},"pa_diameter":{"linked":[],"unlinked":[],"slug":"pa_diameter","name":"Product Diameter"},"pa_package":{"linked":["<a href=\"https:\/\/penosil.com\/lv\/?taxonomy=pa_package&#038;term=70-mm-lv-2\" class=\"advgb-post-tax-term\">70 mm<\/a>","<a href=\"https:\/\/penosil.com\/lv\/?taxonomy=pa_package&#038;term=100-mm-lv-2\" class=\"advgb-post-tax-term\">100 mm<\/a>","<a href=\"https:\/\/penosil.com\/lv\/?taxonomy=pa_package&#038;term=150-mm-lv-2\" class=\"advgb-post-tax-term\">150 mm<\/a>"],"unlinked":["<span class=\"advgb-post-tax-term\">70 mm<\/span>","<span class=\"advgb-post-tax-term\">100 mm<\/span>","<span class=\"advgb-post-tax-term\">150 mm<\/span>"],"slug":"pa_package","name":"Product Package"},"pa_roll":{"linked":[],"unlinked":[],"slug":"pa_roll","name":"Product Roll"},"pa_widths":{"linked":[],"unlinked":[],"slug":"pa_widths","name":"Product Widths"},"translation_priority":{"linked":["<a href=\"https:\/\/penosil.com\/lv\/?taxonomy=translation_priority&#038;term=optional-lv\" class=\"advgb-post-tax-term\">Optional<\/a>"],"unlinked":["<span class=\"advgb-post-tax-term\">Optional<\/span>"],"slug":"translation_priority","name":"Translation Priorities"}},"series_order":"","_links":{"self":[{"href":"https:\/\/penosil.com\/lv\/wp-json\/wp\/v2\/product\/23345","targetHints":{"allow":["GET"]}}],"collection":[{"href":"https:\/\/penosil.com\/lv\/wp-json\/wp\/v2\/product"}],"about":[{"href":"https:\/\/penosil.com\/lv\/wp-json\/wp\/v2\/types\/product"}],"version-history":[{"count":5,"href":"https:\/\/penosil.com\/lv\/wp-json\/wp\/v2\/product\/23345\/revisions"}],"predecessor-version":[{"id":32328,"href":"https:\/\/penosil.com\/lv\/wp-json\/wp\/v2\/product\/23345\/revisions\/32328"}],"wp:featuredmedia":[{"embeddable":true,"href":"https:\/\/penosil.com\/lv\/wp-json\/wp\/v2\/media\/32329"}],"wp:attachment":[{"href":"https:\/\/penosil.com\/lv\/wp-json\/wp\/v2\/media?parent=23345"}],"wp:term":[{"taxonomy":"product_brand","embeddable":true,"href":"https:\/\/penosil.com\/lv\/wp-json\/wp\/v2\/product_brand?post=23345"},{"taxonomy":"product_cat","embeddable":true,"href":"https:\/\/penosil.com\/lv\/wp-json\/wp\/v2\/product_cat?post=23345"},{"taxonomy":"product_tag","embeddable":true,"href":"https:\/\/penosil.com\/lv\/wp-json\/wp\/v2\/product_tag?post=23345"}],"curies":[{"name":"wp","href":"https:\/\/api.w.org\/{rel}","templated":true}]}}