{"id":23346,"date":"2020-07-03T07:22:31","date_gmt":"2020-07-03T07:22:31","guid":{"rendered":"https:\/\/penosil.com\/lv\/?post_type=product&#038;p=23346"},"modified":"2026-04-01T09:57:01","modified_gmt":"2026-04-01T09:57:01","slug":"window-tape-full-glue1-internal-400","status":"publish","type":"product","link":"https:\/\/penosil.com\/lv\/produkt\/window-tape-full-glue1-internal-400\/","title":{"rendered":"Window Tape Full Glue +1 Internal 400"},"content":{"rendered":"<p>PENOSIL Window Tape Full Glue +1 Internal 400 ir tvaiku izol\u0101cijas lente ar pilno l\u012bmi logu un durvju savienojumu p\u0101rkl\u0101\u0161anai no iek\u0161puses. Aizsarg\u0101 logu un durvju savienojumus un nov\u0113r\u0161 mitruma iek\u013c\u016b\u0161anu celtniec\u012bbas put\u0101s un sienu konstrukcij\u0101s. Viena lentes puse ir piln\u012bb\u0101 p\u0101rkl\u0101ta ar sp\u0113c\u012bgu l\u012bmes sl\u0101ni, bet otra puse ir ar akrila l\u012bmes str\u0113meli. L\u012bme lentes ab\u0101s pus\u0113s garant\u0113 \u012bpa\u0161i stipru sa\u0137eri ar visizplat\u012bt\u0101kajiem b\u016bvmateri\u0101liem.<\/p>\n","protected":false},"excerpt":{"rendered":"Iek\u0161\u0113j\u0101 logu lente ar pilno l\u012bmi","protected":false},"author":4,"featured_media":32316,"template":"","meta":{"_acf_changed":false,"advgb_blocks_editor_width":"","advgb_blocks_columns_visual_guide":"","footnotes":""},"product_brand":[],"product_cat":[2600,1290,1690],"product_tag":[],"class_list":{"0":"post-23346","1":"product","2":"type-product","3":"status-publish","4":"has-post-thumbnail","6":"product_cat-logu-lentes-un-membranas","7":"product_cat-logi-un-durvis-1","8":"product_cat-lentes-un-membranas","10":"first","11":"instock","12":"taxable","13":"shipping-taxable","14":"purchasable","15":"product-type-variable","16":"has-default-attributes"},"acf":[],"yoast_head":"<!-- This site is optimized with the Yoast SEO plugin v27.2 - https:\/\/yoast.com\/product\/yoast-seo-wordpress\/ -->\n<title>Penosil Window Tape Full Glue +1 Internal 400 Iek\u0161\u0113j\u0101 logu lente<\/title>\n<meta name=\"description\" content=\"PENOSIL Window Tape Full Glue +1 Internal 400 tvaiku izol\u0101cijas lente ar pilno l\u012bmi logu un durvju \u0161uvju p\u0101rkl\u0101\u0161anai no iek\u0161puses. Nodro\u0161ina herm\u0113tiskumu.\" \/>\n<meta name=\"robots\" content=\"index, follow, max-snippet:-1, max-image-preview:large, max-video-preview:-1\" \/>\n<link rel=\"canonical\" href=\"https:\/\/penosil.com\/lv\/produkt\/window-tape-full-glue1-internal-400\/\" \/>\n<meta property=\"og:locale\" content=\"lv_LV\" \/>\n<meta property=\"og:type\" content=\"article\" \/>\n<meta property=\"og:title\" content=\"Penosil Window Tape Full Glue +1 Internal 400 Iek\u0161\u0113j\u0101 logu lente\" \/>\n<meta property=\"og:description\" content=\"PENOSIL Window Tape Full Glue +1 Internal 400 tvaiku izol\u0101cijas lente ar pilno l\u012bmi logu un durvju \u0161uvju p\u0101rkl\u0101\u0161anai no iek\u0161puses. Nodro\u0161ina herm\u0113tiskumu.\" \/>\n<meta property=\"og:url\" content=\"https:\/\/penosil.com\/lv\/produkt\/window-tape-full-glue1-internal-400\/\" \/>\n<meta property=\"og:site_name\" content=\"Penosil Latvia\" \/>\n<meta property=\"article:modified_time\" content=\"2026-04-01T09:57:01+00:00\" \/>\n<meta property=\"og:image\" content=\"https:\/\/penosil.com\/lv\/wp-content\/uploads\/sites\/31\/2025\/06\/400_Window_Tape_Full_Glue_Internal_400_100mm_LT_LV_RU.png\" \/>\n\t<meta property=\"og:image:width\" content=\"800\" \/>\n\t<meta property=\"og:image:height\" content=\"428\" \/>\n\t<meta property=\"og:image:type\" content=\"image\/png\" \/>\n<meta name=\"twitter:card\" content=\"summary_large_image\" \/>\n<meta name=\"twitter:label1\" content=\"Est. reading time\" \/>\n\t<meta name=\"twitter:data1\" content=\"3 minutes\" \/>\n<script type=\"application\/ld+json\" class=\"yoast-schema-graph\">{\"@context\":\"https:\/\/schema.org\",\"@graph\":[{\"@type\":\"WebPage\",\"@id\":\"https:\/\/penosil.com\/lv\/produkt\/window-tape-full-glue1-internal-400\/\",\"url\":\"https:\/\/penosil.com\/lv\/produkt\/window-tape-full-glue1-internal-400\/\",\"name\":\"Penosil Window Tape Full Glue +1 Internal 400 Iek\u0161\u0113j\u0101 logu lente\",\"isPartOf\":{\"@id\":\"https:\/\/penosil.com\/lv\/#website\"},\"primaryImageOfPage\":{\"@id\":\"https:\/\/penosil.com\/lv\/produkt\/window-tape-full-glue1-internal-400\/#primaryimage\"},\"image\":{\"@id\":\"https:\/\/penosil.com\/lv\/produkt\/window-tape-full-glue1-internal-400\/#primaryimage\"},\"thumbnailUrl\":\"https:\/\/penosil.com\/lv\/wp-content\/uploads\/sites\/31\/2025\/06\/400_Window_Tape_Full_Glue_Internal_400_100mm_LT_LV_RU.png\",\"datePublished\":\"2020-07-03T07:22:31+00:00\",\"dateModified\":\"2026-04-01T09:57:01+00:00\",\"description\":\"PENOSIL Window Tape Full Glue +1 Internal 400 tvaiku izol\u0101cijas lente ar pilno l\u012bmi logu un durvju \u0161uvju p\u0101rkl\u0101\u0161anai no iek\u0161puses. Nodro\u0161ina herm\u0113tiskumu.\",\"breadcrumb\":{\"@id\":\"https:\/\/penosil.com\/lv\/produkt\/window-tape-full-glue1-internal-400\/#breadcrumb\"},\"inLanguage\":\"lv-LV\",\"potentialAction\":[{\"@type\":\"ReadAction\",\"target\":[\"https:\/\/penosil.com\/lv\/produkt\/window-tape-full-glue1-internal-400\/\"]}]},{\"@type\":\"ImageObject\",\"inLanguage\":\"lv-LV\",\"@id\":\"https:\/\/penosil.com\/lv\/produkt\/window-tape-full-glue1-internal-400\/#primaryimage\",\"url\":\"https:\/\/penosil.com\/lv\/wp-content\/uploads\/sites\/31\/2025\/06\/400_Window_Tape_Full_Glue_Internal_400_100mm_LT_LV_RU.png\",\"contentUrl\":\"https:\/\/penosil.com\/lv\/wp-content\/uploads\/sites\/31\/2025\/06\/400_Window_Tape_Full_Glue_Internal_400_100mm_LT_LV_RU.png\",\"width\":800,\"height\":428},{\"@type\":\"BreadcrumbList\",\"@id\":\"https:\/\/penosil.com\/lv\/produkt\/window-tape-full-glue1-internal-400\/#breadcrumb\",\"itemListElement\":[{\"@type\":\"ListItem\",\"position\":1,\"name\":\"S\u0101kums\",\"item\":\"https:\/\/penosil.com\/lv\/\"},{\"@type\":\"ListItem\",\"position\":2,\"name\":\"Produkti\",\"item\":\"https:\/\/penosil.com\/lv\/produkti\/\"},{\"@type\":\"ListItem\",\"position\":3,\"name\":\"Window Tape Full Glue +1 Internal 400\"}]},{\"@type\":\"WebSite\",\"@id\":\"https:\/\/penosil.com\/lv\/#website\",\"url\":\"https:\/\/penosil.com\/lv\/\",\"name\":\"Penosil Latvia\",\"description\":\"\",\"potentialAction\":[{\"@type\":\"SearchAction\",\"target\":{\"@type\":\"EntryPoint\",\"urlTemplate\":\"https:\/\/penosil.com\/lv\/?s={search_term_string}\"},\"query-input\":{\"@type\":\"PropertyValueSpecification\",\"valueRequired\":true,\"valueName\":\"search_term_string\"}}],\"inLanguage\":\"lv-LV\"}]}<\/script>\n<!-- \/ Yoast SEO plugin. -->","yoast_head_json":{"title":"Penosil Window Tape Full Glue +1 Internal 400 Iek\u0161\u0113j\u0101 logu lente","description":"PENOSIL Window Tape Full Glue +1 Internal 400 tvaiku izol\u0101cijas lente ar pilno l\u012bmi logu un durvju \u0161uvju p\u0101rkl\u0101\u0161anai no iek\u0161puses. Nodro\u0161ina herm\u0113tiskumu.","robots":{"index":"index","follow":"follow","max-snippet":"max-snippet:-1","max-image-preview":"max-image-preview:large","max-video-preview":"max-video-preview:-1"},"canonical":"https:\/\/penosil.com\/lv\/produkt\/window-tape-full-glue1-internal-400\/","og_locale":"lv_LV","og_type":"article","og_title":"Penosil Window Tape Full Glue +1 Internal 400 Iek\u0161\u0113j\u0101 logu lente","og_description":"PENOSIL Window Tape Full Glue +1 Internal 400 tvaiku izol\u0101cijas lente ar pilno l\u012bmi logu un durvju \u0161uvju p\u0101rkl\u0101\u0161anai no iek\u0161puses. Nodro\u0161ina herm\u0113tiskumu.","og_url":"https:\/\/penosil.com\/lv\/produkt\/window-tape-full-glue1-internal-400\/","og_site_name":"Penosil Latvia","article_modified_time":"2026-04-01T09:57:01+00:00","og_image":[{"width":800,"height":428,"url":"https:\/\/penosil.com\/lv\/wp-content\/uploads\/sites\/31\/2025\/06\/400_Window_Tape_Full_Glue_Internal_400_100mm_LT_LV_RU.png","type":"image\/png"}],"twitter_card":"summary_large_image","twitter_misc":{"Est. reading time":"3 minutes"},"schema":{"@context":"https:\/\/schema.org","@graph":[{"@type":"WebPage","@id":"https:\/\/penosil.com\/lv\/produkt\/window-tape-full-glue1-internal-400\/","url":"https:\/\/penosil.com\/lv\/produkt\/window-tape-full-glue1-internal-400\/","name":"Penosil Window Tape Full Glue +1 Internal 400 Iek\u0161\u0113j\u0101 logu lente","isPartOf":{"@id":"https:\/\/penosil.com\/lv\/#website"},"primaryImageOfPage":{"@id":"https:\/\/penosil.com\/lv\/produkt\/window-tape-full-glue1-internal-400\/#primaryimage"},"image":{"@id":"https:\/\/penosil.com\/lv\/produkt\/window-tape-full-glue1-internal-400\/#primaryimage"},"thumbnailUrl":"https:\/\/penosil.com\/lv\/wp-content\/uploads\/sites\/31\/2025\/06\/400_Window_Tape_Full_Glue_Internal_400_100mm_LT_LV_RU.png","datePublished":"2020-07-03T07:22:31+00:00","dateModified":"2026-04-01T09:57:01+00:00","description":"PENOSIL Window Tape Full Glue +1 Internal 400 tvaiku izol\u0101cijas lente ar pilno l\u012bmi logu un durvju \u0161uvju p\u0101rkl\u0101\u0161anai no iek\u0161puses. Nodro\u0161ina herm\u0113tiskumu.","breadcrumb":{"@id":"https:\/\/penosil.com\/lv\/produkt\/window-tape-full-glue1-internal-400\/#breadcrumb"},"inLanguage":"lv-LV","potentialAction":[{"@type":"ReadAction","target":["https:\/\/penosil.com\/lv\/produkt\/window-tape-full-glue1-internal-400\/"]}]},{"@type":"ImageObject","inLanguage":"lv-LV","@id":"https:\/\/penosil.com\/lv\/produkt\/window-tape-full-glue1-internal-400\/#primaryimage","url":"https:\/\/penosil.com\/lv\/wp-content\/uploads\/sites\/31\/2025\/06\/400_Window_Tape_Full_Glue_Internal_400_100mm_LT_LV_RU.png","contentUrl":"https:\/\/penosil.com\/lv\/wp-content\/uploads\/sites\/31\/2025\/06\/400_Window_Tape_Full_Glue_Internal_400_100mm_LT_LV_RU.png","width":800,"height":428},{"@type":"BreadcrumbList","@id":"https:\/\/penosil.com\/lv\/produkt\/window-tape-full-glue1-internal-400\/#breadcrumb","itemListElement":[{"@type":"ListItem","position":1,"name":"S\u0101kums","item":"https:\/\/penosil.com\/lv\/"},{"@type":"ListItem","position":2,"name":"Produkti","item":"https:\/\/penosil.com\/lv\/produkti\/"},{"@type":"ListItem","position":3,"name":"Window Tape Full Glue +1 Internal 400"}]},{"@type":"WebSite","@id":"https:\/\/penosil.com\/lv\/#website","url":"https:\/\/penosil.com\/lv\/","name":"Penosil Latvia","description":"","potentialAction":[{"@type":"SearchAction","target":{"@type":"EntryPoint","urlTemplate":"https:\/\/penosil.com\/lv\/?s={search_term_string}"},"query-input":{"@type":"PropertyValueSpecification","valueRequired":true,"valueName":"search_term_string"}}],"inLanguage":"lv-LV"}]}},"featured_img":"https:\/\/penosil.com\/lv\/wp-content\/uploads\/sites\/31\/2025\/06\/400_Window_Tape_Full_Glue_Internal_400_100mm_LT_LV_RU.png","coauthors":[],"author_meta":{"author_link":"https:\/\/penosil.com\/lv\/author\/olga\/","display_name":"Olga Ku\u010dmasova"},"relative_dates":{"created":"Posted 6 years ago","modified":"Updated 2 weeks ago"},"absolute_dates":{"created":"Posted on July 3, 2020","modified":"Updated on April 1, 2026"},"absolute_dates_time":{"created":"Posted on July 3, 2020 7:22 am","modified":"Updated on April 1, 2026 9:57 am"},"featured_img_caption":"","tax_additional":{"product_brand":{"linked":[],"unlinked":[],"slug":"product_brand","name":"Brands"},"product_type":{"linked":["<a href=\"https:\/\/penosil.com\/lv\/?taxonomy=product_type&#038;term=variable\" class=\"advgb-post-tax-term\">variable<\/a>"],"unlinked":["<span class=\"advgb-post-tax-term\">variable<\/span>"],"slug":"product_type","name":"Product type"},"product_visibility":{"linked":[],"unlinked":[],"slug":"product_visibility","name":"Product visibility"},"product_cat":{"linked":["<a href=\"https:\/\/penosil.com\/lv\/produkti\/produktu-grupas\/lentes-un-membranas\/logu-lentes-un-membranas\/\" class=\"advgb-post-tax-term\">Logu lentes un membr\u0101nas<\/a>","<a href=\"https:\/\/penosil.com\/lv\/produkti\/pielietojums\/logi-un-durvis-1\/\" class=\"advgb-post-tax-term\">Logi un durvis<\/a>","<a href=\"https:\/\/penosil.com\/lv\/produkti\/produktu-grupas\/lentes-un-membranas\/\" class=\"advgb-post-tax-term\">Lentes un membr\u0101nas<\/a>"],"unlinked":["<span class=\"advgb-post-tax-term\">Logu lentes un membr\u0101nas<\/span>","<span class=\"advgb-post-tax-term\">Logi un durvis<\/span>","<span class=\"advgb-post-tax-term\">Lentes un membr\u0101nas<\/span>"],"slug":"product_cat","name":"Product categories"},"product_tag":{"linked":[],"unlinked":[],"slug":"product_tag","name":"Product tags"},"product_shipping_class":{"linked":[],"unlinked":[],"slug":"product_shipping_class","name":"Product shipping classes"},"pos_product_visibility":{"linked":[],"unlinked":[],"slug":"pos_product_visibility","name":"POS Product visibility"},"pa_color":{"linked":["<a href=\"https:\/\/penosil.com\/lv\/?taxonomy=pa_color&#038;term=pink-lv-2\" class=\"advgb-post-tax-term\">Roz\u0101<\/a>"],"unlinked":["<span class=\"advgb-post-tax-term\">Roz\u0101<\/span>"],"slug":"pa_color","name":"Product Colour"},"pa_diameter":{"linked":[],"unlinked":[],"slug":"pa_diameter","name":"Product Diameter"},"pa_package":{"linked":["<a href=\"https:\/\/penosil.com\/lv\/?taxonomy=pa_package&#038;term=25-m-lv-2\" class=\"advgb-post-tax-term\">25 m<\/a>","<a href=\"https:\/\/penosil.com\/lv\/?taxonomy=pa_package&#038;term=25-m-platums-70-mm\" class=\"advgb-post-tax-term\">25 m (platums 70 mm)<\/a>","<a href=\"https:\/\/penosil.com\/lv\/?taxonomy=pa_package&#038;term=25-m-platums-100-mm\" class=\"advgb-post-tax-term\">25 m (platums 100 mm)<\/a>","<a href=\"https:\/\/penosil.com\/lv\/?taxonomy=pa_package&#038;term=25-m-platums-150-mm\" class=\"advgb-post-tax-term\">25 m (platums 150 mm)<\/a>"],"unlinked":["<span class=\"advgb-post-tax-term\">25 m<\/span>","<span class=\"advgb-post-tax-term\">25 m (platums 70 mm)<\/span>","<span class=\"advgb-post-tax-term\">25 m (platums 100 mm)<\/span>","<span class=\"advgb-post-tax-term\">25 m (platums 150 mm)<\/span>"],"slug":"pa_package","name":"Product Package"},"pa_roll":{"linked":[],"unlinked":[],"slug":"pa_roll","name":"Product Roll"},"pa_widths":{"linked":["<a href=\"https:\/\/penosil.com\/lv\/?taxonomy=pa_widths&#038;term=70-mm-lv-2\" class=\"advgb-post-tax-term\">70 mm<\/a>","<a href=\"https:\/\/penosil.com\/lv\/?taxonomy=pa_widths&#038;term=100-mm-lv-2\" class=\"advgb-post-tax-term\">100 mm<\/a>","<a href=\"https:\/\/penosil.com\/lv\/?taxonomy=pa_widths&#038;term=150-mm-lv-2\" class=\"advgb-post-tax-term\">150 mm<\/a>"],"unlinked":["<span class=\"advgb-post-tax-term\">70 mm<\/span>","<span class=\"advgb-post-tax-term\">100 mm<\/span>","<span class=\"advgb-post-tax-term\">150 mm<\/span>"],"slug":"pa_widths","name":"Product Widths"},"translation_priority":{"linked":["<a href=\"https:\/\/penosil.com\/lv\/?taxonomy=translation_priority&#038;term=optional-lv\" class=\"advgb-post-tax-term\">Optional<\/a>"],"unlinked":["<span class=\"advgb-post-tax-term\">Optional<\/span>"],"slug":"translation_priority","name":"Translation Priorities"}},"series_order":"","_links":{"self":[{"href":"https:\/\/penosil.com\/lv\/wp-json\/wp\/v2\/product\/23346","targetHints":{"allow":["GET"]}}],"collection":[{"href":"https:\/\/penosil.com\/lv\/wp-json\/wp\/v2\/product"}],"about":[{"href":"https:\/\/penosil.com\/lv\/wp-json\/wp\/v2\/types\/product"}],"version-history":[{"count":7,"href":"https:\/\/penosil.com\/lv\/wp-json\/wp\/v2\/product\/23346\/revisions"}],"predecessor-version":[{"id":32871,"href":"https:\/\/penosil.com\/lv\/wp-json\/wp\/v2\/product\/23346\/revisions\/32871"}],"wp:featuredmedia":[{"embeddable":true,"href":"https:\/\/penosil.com\/lv\/wp-json\/wp\/v2\/media\/32316"}],"wp:attachment":[{"href":"https:\/\/penosil.com\/lv\/wp-json\/wp\/v2\/media?parent=23346"}],"wp:term":[{"taxonomy":"product_brand","embeddable":true,"href":"https:\/\/penosil.com\/lv\/wp-json\/wp\/v2\/product_brand?post=23346"},{"taxonomy":"product_cat","embeddable":true,"href":"https:\/\/penosil.com\/lv\/wp-json\/wp\/v2\/product_cat?post=23346"},{"taxonomy":"product_tag","embeddable":true,"href":"https:\/\/penosil.com\/lv\/wp-json\/wp\/v2\/product_tag?post=23346"}],"curies":[{"name":"wp","href":"https:\/\/api.w.org\/{rel}","templated":true}]}}