{"id":23351,"date":"2020-07-03T08:06:58","date_gmt":"2020-07-03T08:06:58","guid":{"rendered":"https:\/\/penosil.com\/lv\/?post_type=product&#038;p=23351"},"modified":"2026-01-28T01:19:24","modified_gmt":"2026-01-28T01:19:24","slug":"aquabrake-tape-431","status":"publish","type":"product","link":"https:\/\/penosil.com\/lv\/produkt\/aquabrake-tape-431\/","title":{"rendered":"AquaBrake Tape 431"},"content":{"rendered":"<p>PENOSIL AquaBrake Tape 431 ir \u016bdensnecaurlaid\u012bga bl\u012bv\u0113\u0161anas lente st\u016bru, gr\u012bdas un sienu savienojumu stiprin\u0101\u0161anai kop\u0101 ar hidroizol\u0101cijas mastiku, piem., <a href=\"https:\/\/penosil.com\/lv\/produkt\/aquabrake-fiber-640-hidroizolacijas-mastika-pastiprinata-ar-skiedru\/\">Penosil AquaBrake 640<\/a>. Lieto\u0161anai iek\u0161telp\u0101s un \u0101rpus t\u0101m.<\/p>\n","protected":false},"excerpt":{"rendered":"\u016adensnecaurlaid\u012bga bl\u012bv\u0113\u0161anas lente izmanto\u0161anai ar hidroizol\u0101cijas mastiku","protected":false},"author":4,"featured_media":32043,"template":"","meta":{"_acf_changed":false,"advgb_blocks_editor_width":"","advgb_blocks_columns_visual_guide":"","footnotes":""},"product_brand":[],"product_cat":[2602,1690,1146],"product_tag":[],"class_list":{"0":"post-23351","1":"product","2":"type-product","3":"status-publish","4":"has-post-thumbnail","6":"product_cat-hidroizolacijas-lentes-un-membranas","7":"product_cat-lentes-un-membranas","8":"product_cat-sanitaras-telpas","10":"first","11":"outofstock","12":"taxable","13":"shipping-taxable","14":"purchasable","15":"product-type-variable","16":"has-default-attributes"},"acf":[],"yoast_head":"<!-- This site is optimized with the Yoast SEO plugin v27.2 - https:\/\/yoast.com\/product\/yoast-seo-wordpress\/ -->\n<title>Penosil AquaBrake Tape 431 \u016adensnecaurlaid\u012bga bl\u012bv\u0113\u0161anas lente<\/title>\n<meta name=\"description\" content=\"PENOSIL AquaBrake Tape 431 \u016adensnecaurlaid\u012bga bl\u012bv\u0113\u0161anas lente izmanto\u0161anai ar hidroizol\u0101cijas mastiku. Uzzini vair\u0101k un p\u0113rc \u0161eit!\" \/>\n<meta name=\"robots\" content=\"index, follow, max-snippet:-1, max-image-preview:large, max-video-preview:-1\" \/>\n<link rel=\"canonical\" href=\"https:\/\/penosil.com\/lv\/produkt\/aquabrake-tape-431\/\" \/>\n<meta property=\"og:locale\" content=\"lv_LV\" \/>\n<meta property=\"og:type\" content=\"article\" \/>\n<meta property=\"og:title\" content=\"Penosil AquaBrake Tape 431 \u016adensnecaurlaid\u012bga bl\u012bv\u0113\u0161anas lente\" \/>\n<meta property=\"og:description\" content=\"PENOSIL AquaBrake Tape 431 \u016adensnecaurlaid\u012bga bl\u012bv\u0113\u0161anas lente izmanto\u0161anai ar hidroizol\u0101cijas mastiku. Uzzini vair\u0101k un p\u0113rc \u0161eit!\" \/>\n<meta property=\"og:url\" content=\"https:\/\/penosil.com\/lv\/produkt\/aquabrake-tape-431\/\" \/>\n<meta property=\"og:site_name\" content=\"Penosil Latvia\" \/>\n<meta property=\"article:modified_time\" content=\"2026-01-28T01:19:24+00:00\" \/>\n<meta property=\"og:image\" content=\"https:\/\/penosil.com\/lv\/wp-content\/uploads\/sites\/31\/2025\/05\/431_AquaBrake_Tape_431_LT_LV_EE_RU2028129.png\" \/>\n\t<meta property=\"og:image:width\" content=\"523\" \/>\n\t<meta property=\"og:image:height\" content=\"685\" \/>\n\t<meta property=\"og:image:type\" content=\"image\/png\" \/>\n<meta name=\"twitter:card\" content=\"summary_large_image\" \/>\n<meta name=\"twitter:label1\" content=\"Est. reading time\" \/>\n\t<meta name=\"twitter:data1\" content=\"2 minutes\" \/>\n<script type=\"application\/ld+json\" class=\"yoast-schema-graph\">{\"@context\":\"https:\/\/schema.org\",\"@graph\":[{\"@type\":\"WebPage\",\"@id\":\"https:\/\/penosil.com\/lv\/produkt\/aquabrake-tape-431\/\",\"url\":\"https:\/\/penosil.com\/lv\/produkt\/aquabrake-tape-431\/\",\"name\":\"Penosil AquaBrake Tape 431 \u016adensnecaurlaid\u012bga bl\u012bv\u0113\u0161anas lente\",\"isPartOf\":{\"@id\":\"https:\/\/penosil.com\/lv\/#website\"},\"primaryImageOfPage\":{\"@id\":\"https:\/\/penosil.com\/lv\/produkt\/aquabrake-tape-431\/#primaryimage\"},\"image\":{\"@id\":\"https:\/\/penosil.com\/lv\/produkt\/aquabrake-tape-431\/#primaryimage\"},\"thumbnailUrl\":\"https:\/\/penosil.com\/lv\/wp-content\/uploads\/sites\/31\/2025\/05\/431_AquaBrake_Tape_431_LT_LV_EE_RU2028129.png\",\"datePublished\":\"2020-07-03T08:06:58+00:00\",\"dateModified\":\"2026-01-28T01:19:24+00:00\",\"description\":\"PENOSIL AquaBrake Tape 431 \u016adensnecaurlaid\u012bga bl\u012bv\u0113\u0161anas lente izmanto\u0161anai ar hidroizol\u0101cijas mastiku. Uzzini vair\u0101k un p\u0113rc \u0161eit!\",\"breadcrumb\":{\"@id\":\"https:\/\/penosil.com\/lv\/produkt\/aquabrake-tape-431\/#breadcrumb\"},\"inLanguage\":\"lv-LV\",\"potentialAction\":[{\"@type\":\"ReadAction\",\"target\":[\"https:\/\/penosil.com\/lv\/produkt\/aquabrake-tape-431\/\"]}]},{\"@type\":\"ImageObject\",\"inLanguage\":\"lv-LV\",\"@id\":\"https:\/\/penosil.com\/lv\/produkt\/aquabrake-tape-431\/#primaryimage\",\"url\":\"https:\/\/penosil.com\/lv\/wp-content\/uploads\/sites\/31\/2025\/05\/431_AquaBrake_Tape_431_LT_LV_EE_RU2028129.png\",\"contentUrl\":\"https:\/\/penosil.com\/lv\/wp-content\/uploads\/sites\/31\/2025\/05\/431_AquaBrake_Tape_431_LT_LV_EE_RU2028129.png\",\"width\":523,\"height\":685},{\"@type\":\"BreadcrumbList\",\"@id\":\"https:\/\/penosil.com\/lv\/produkt\/aquabrake-tape-431\/#breadcrumb\",\"itemListElement\":[{\"@type\":\"ListItem\",\"position\":1,\"name\":\"S\u0101kums\",\"item\":\"https:\/\/penosil.com\/lv\/\"},{\"@type\":\"ListItem\",\"position\":2,\"name\":\"Produkti\",\"item\":\"https:\/\/penosil.com\/lv\/produkti\/\"},{\"@type\":\"ListItem\",\"position\":3,\"name\":\"AquaBrake Tape 431\"}]},{\"@type\":\"WebSite\",\"@id\":\"https:\/\/penosil.com\/lv\/#website\",\"url\":\"https:\/\/penosil.com\/lv\/\",\"name\":\"Penosil Latvia\",\"description\":\"\",\"potentialAction\":[{\"@type\":\"SearchAction\",\"target\":{\"@type\":\"EntryPoint\",\"urlTemplate\":\"https:\/\/penosil.com\/lv\/?s={search_term_string}\"},\"query-input\":{\"@type\":\"PropertyValueSpecification\",\"valueRequired\":true,\"valueName\":\"search_term_string\"}}],\"inLanguage\":\"lv-LV\"}]}<\/script>\n<!-- \/ Yoast SEO plugin. -->","yoast_head_json":{"title":"Penosil AquaBrake Tape 431 \u016adensnecaurlaid\u012bga bl\u012bv\u0113\u0161anas lente","description":"PENOSIL AquaBrake Tape 431 \u016adensnecaurlaid\u012bga bl\u012bv\u0113\u0161anas lente izmanto\u0161anai ar hidroizol\u0101cijas mastiku. Uzzini vair\u0101k un p\u0113rc \u0161eit!","robots":{"index":"index","follow":"follow","max-snippet":"max-snippet:-1","max-image-preview":"max-image-preview:large","max-video-preview":"max-video-preview:-1"},"canonical":"https:\/\/penosil.com\/lv\/produkt\/aquabrake-tape-431\/","og_locale":"lv_LV","og_type":"article","og_title":"Penosil AquaBrake Tape 431 \u016adensnecaurlaid\u012bga bl\u012bv\u0113\u0161anas lente","og_description":"PENOSIL AquaBrake Tape 431 \u016adensnecaurlaid\u012bga bl\u012bv\u0113\u0161anas lente izmanto\u0161anai ar hidroizol\u0101cijas mastiku. Uzzini vair\u0101k un p\u0113rc \u0161eit!","og_url":"https:\/\/penosil.com\/lv\/produkt\/aquabrake-tape-431\/","og_site_name":"Penosil Latvia","article_modified_time":"2026-01-28T01:19:24+00:00","og_image":[{"width":523,"height":685,"url":"https:\/\/penosil.com\/lv\/wp-content\/uploads\/sites\/31\/2025\/05\/431_AquaBrake_Tape_431_LT_LV_EE_RU2028129.png","type":"image\/png"}],"twitter_card":"summary_large_image","twitter_misc":{"Est. reading time":"2 minutes"},"schema":{"@context":"https:\/\/schema.org","@graph":[{"@type":"WebPage","@id":"https:\/\/penosil.com\/lv\/produkt\/aquabrake-tape-431\/","url":"https:\/\/penosil.com\/lv\/produkt\/aquabrake-tape-431\/","name":"Penosil AquaBrake Tape 431 \u016adensnecaurlaid\u012bga bl\u012bv\u0113\u0161anas lente","isPartOf":{"@id":"https:\/\/penosil.com\/lv\/#website"},"primaryImageOfPage":{"@id":"https:\/\/penosil.com\/lv\/produkt\/aquabrake-tape-431\/#primaryimage"},"image":{"@id":"https:\/\/penosil.com\/lv\/produkt\/aquabrake-tape-431\/#primaryimage"},"thumbnailUrl":"https:\/\/penosil.com\/lv\/wp-content\/uploads\/sites\/31\/2025\/05\/431_AquaBrake_Tape_431_LT_LV_EE_RU2028129.png","datePublished":"2020-07-03T08:06:58+00:00","dateModified":"2026-01-28T01:19:24+00:00","description":"PENOSIL AquaBrake Tape 431 \u016adensnecaurlaid\u012bga bl\u012bv\u0113\u0161anas lente izmanto\u0161anai ar hidroizol\u0101cijas mastiku. Uzzini vair\u0101k un p\u0113rc \u0161eit!","breadcrumb":{"@id":"https:\/\/penosil.com\/lv\/produkt\/aquabrake-tape-431\/#breadcrumb"},"inLanguage":"lv-LV","potentialAction":[{"@type":"ReadAction","target":["https:\/\/penosil.com\/lv\/produkt\/aquabrake-tape-431\/"]}]},{"@type":"ImageObject","inLanguage":"lv-LV","@id":"https:\/\/penosil.com\/lv\/produkt\/aquabrake-tape-431\/#primaryimage","url":"https:\/\/penosil.com\/lv\/wp-content\/uploads\/sites\/31\/2025\/05\/431_AquaBrake_Tape_431_LT_LV_EE_RU2028129.png","contentUrl":"https:\/\/penosil.com\/lv\/wp-content\/uploads\/sites\/31\/2025\/05\/431_AquaBrake_Tape_431_LT_LV_EE_RU2028129.png","width":523,"height":685},{"@type":"BreadcrumbList","@id":"https:\/\/penosil.com\/lv\/produkt\/aquabrake-tape-431\/#breadcrumb","itemListElement":[{"@type":"ListItem","position":1,"name":"S\u0101kums","item":"https:\/\/penosil.com\/lv\/"},{"@type":"ListItem","position":2,"name":"Produkti","item":"https:\/\/penosil.com\/lv\/produkti\/"},{"@type":"ListItem","position":3,"name":"AquaBrake Tape 431"}]},{"@type":"WebSite","@id":"https:\/\/penosil.com\/lv\/#website","url":"https:\/\/penosil.com\/lv\/","name":"Penosil Latvia","description":"","potentialAction":[{"@type":"SearchAction","target":{"@type":"EntryPoint","urlTemplate":"https:\/\/penosil.com\/lv\/?s={search_term_string}"},"query-input":{"@type":"PropertyValueSpecification","valueRequired":true,"valueName":"search_term_string"}}],"inLanguage":"lv-LV"}]}},"featured_img":"https:\/\/penosil.com\/lv\/wp-content\/uploads\/sites\/31\/2025\/05\/431_AquaBrake_Tape_431_LT_LV_EE_RU2028129.png","coauthors":[],"author_meta":{"author_link":"https:\/\/penosil.com\/lv\/author\/olga\/","display_name":"Olga Ku\u010dmasova"},"relative_dates":{"created":"Posted 6 years ago","modified":"Updated 3 months ago"},"absolute_dates":{"created":"Posted on July 3, 2020","modified":"Updated on January 28, 2026"},"absolute_dates_time":{"created":"Posted on July 3, 2020 8:06 am","modified":"Updated on January 28, 2026 1:19 am"},"featured_img_caption":"","tax_additional":{"product_brand":{"linked":[],"unlinked":[],"slug":"product_brand","name":"Brands"},"product_type":{"linked":["<a href=\"https:\/\/penosil.com\/lv\/?taxonomy=product_type&#038;term=variable\" class=\"advgb-post-tax-term\">variable<\/a>"],"unlinked":["<span class=\"advgb-post-tax-term\">variable<\/span>"],"slug":"product_type","name":"Product type"},"product_visibility":{"linked":["<a href=\"https:\/\/penosil.com\/lv\/en\/?taxonomy=product_visibility&#038;term=outofstock\" class=\"advgb-post-tax-term\">outofstock<\/a>"],"unlinked":["<span class=\"advgb-post-tax-term\">outofstock<\/span>"],"slug":"product_visibility","name":"Product visibility"},"product_cat":{"linked":["<a href=\"https:\/\/penosil.com\/lv\/produkti\/produktu-grupas\/lentes-un-membranas\/hidroizolacijas-lentes-un-membranas\/\" class=\"advgb-post-tax-term\">Hidroizol\u0101cijas lentes un membr\u0101nas<\/a>","<a href=\"https:\/\/penosil.com\/lv\/produkti\/produktu-grupas\/lentes-un-membranas\/\" class=\"advgb-post-tax-term\">Lentes un membr\u0101nas<\/a>","<a href=\"https:\/\/penosil.com\/lv\/produkti\/pielietojums\/sanitaras-telpas\/\" class=\"advgb-post-tax-term\">Sanit\u0101r\u0101s telpas<\/a>"],"unlinked":["<span class=\"advgb-post-tax-term\">Hidroizol\u0101cijas lentes un membr\u0101nas<\/span>","<span class=\"advgb-post-tax-term\">Lentes un membr\u0101nas<\/span>","<span class=\"advgb-post-tax-term\">Sanit\u0101r\u0101s telpas<\/span>"],"slug":"product_cat","name":"Product categories"},"product_tag":{"linked":[],"unlinked":[],"slug":"product_tag","name":"Product tags"},"product_shipping_class":{"linked":[],"unlinked":[],"slug":"product_shipping_class","name":"Product shipping classes"},"pos_product_visibility":{"linked":[],"unlinked":[],"slug":"pos_product_visibility","name":"POS Product visibility"},"pa_color":{"linked":["<a href=\"https:\/\/penosil.com\/lv\/?taxonomy=pa_color&#038;term=red-lv-2\" class=\"advgb-post-tax-term\">Sarkans<\/a>"],"unlinked":["<span class=\"advgb-post-tax-term\">Sarkans<\/span>"],"slug":"pa_color","name":"Product Colour"},"pa_diameter":{"linked":[],"unlinked":[],"slug":"pa_diameter","name":"Product Diameter"},"pa_package":{"linked":["<a href=\"https:\/\/penosil.com\/lv\/?taxonomy=pa_package&#038;term=10-m-lv-2\" class=\"advgb-post-tax-term\">10 m<\/a>","<a href=\"https:\/\/penosil.com\/lv\/?taxonomy=pa_package&#038;term=50-m-lv-2\" class=\"advgb-post-tax-term\">50 m<\/a>"],"unlinked":["<span class=\"advgb-post-tax-term\">10 m<\/span>","<span class=\"advgb-post-tax-term\">50 m<\/span>"],"slug":"pa_package","name":"Product Package"},"pa_roll":{"linked":[],"unlinked":[],"slug":"pa_roll","name":"Product Roll"},"pa_widths":{"linked":[],"unlinked":[],"slug":"pa_widths","name":"Product Widths"},"translation_priority":{"linked":["<a href=\"https:\/\/penosil.com\/lv\/?taxonomy=translation_priority&#038;term=optional-lv\" class=\"advgb-post-tax-term\">Optional<\/a>"],"unlinked":["<span class=\"advgb-post-tax-term\">Optional<\/span>"],"slug":"translation_priority","name":"Translation Priorities"}},"series_order":"","_links":{"self":[{"href":"https:\/\/penosil.com\/lv\/wp-json\/wp\/v2\/product\/23351","targetHints":{"allow":["GET"]}}],"collection":[{"href":"https:\/\/penosil.com\/lv\/wp-json\/wp\/v2\/product"}],"about":[{"href":"https:\/\/penosil.com\/lv\/wp-json\/wp\/v2\/types\/product"}],"version-history":[{"count":7,"href":"https:\/\/penosil.com\/lv\/wp-json\/wp\/v2\/product\/23351\/revisions"}],"predecessor-version":[{"id":32866,"href":"https:\/\/penosil.com\/lv\/wp-json\/wp\/v2\/product\/23351\/revisions\/32866"}],"wp:featuredmedia":[{"embeddable":true,"href":"https:\/\/penosil.com\/lv\/wp-json\/wp\/v2\/media\/32043"}],"wp:attachment":[{"href":"https:\/\/penosil.com\/lv\/wp-json\/wp\/v2\/media?parent=23351"}],"wp:term":[{"taxonomy":"product_brand","embeddable":true,"href":"https:\/\/penosil.com\/lv\/wp-json\/wp\/v2\/product_brand?post=23351"},{"taxonomy":"product_cat","embeddable":true,"href":"https:\/\/penosil.com\/lv\/wp-json\/wp\/v2\/product_cat?post=23351"},{"taxonomy":"product_tag","embeddable":true,"href":"https:\/\/penosil.com\/lv\/wp-json\/wp\/v2\/product_tag?post=23351"}],"curies":[{"name":"wp","href":"https:\/\/api.w.org\/{rel}","templated":true}]}}