{"id":23355,"date":"2020-07-03T08:46:41","date_gmt":"2020-07-03T08:46:41","guid":{"rendered":"https:\/\/penosil.com\/lv\/?post_type=product&#038;p=23355"},"modified":"2026-04-01T09:57:02","modified_gmt":"2026-04-01T09:57:02","slug":"airvapour-membrane-600","status":"publish","type":"product","link":"https:\/\/penosil.com\/lv\/produkt\/airvapour-membrane-600\/","title":{"rendered":"Air&#038;Vapour Membrane 660"},"content":{"rendered":"<p>PENOSIL Air&amp;Vapour Membrane 660 ir ar \u0161\u0137iedru pastiprin\u0101ta, lieto\u0161anai gatava tvaiku barjeras mastika logu un durvju savienojumu hermetiz\u0113\u0161anai no iek\u0161puses. Iz\u017euvusi, t\u0101 veido elast\u012bgu, gaisa necaurlaid\u012bgu un \u016bdens tvaiku iztur\u012bgu sl\u0101ni. Uzkl\u0101jiet divus sl\u0101\u0146us.<\/p>\n","protected":false},"excerpt":{"rendered":"Tvaiku barjeras mastika logu bl\u012bv\u0113\u0161anai no iek\u0161puses","protected":false},"author":4,"featured_media":32295,"template":"","meta":{"_acf_changed":false,"advgb_blocks_editor_width":"","advgb_blocks_columns_visual_guide":"","footnotes":""},"product_brand":[],"product_cat":[1755,2600,1290,1690,1711],"product_tag":[],"class_list":{"0":"post-23355","1":"product","2":"type-product","3":"status-publish","4":"has-post-thumbnail","6":"product_cat-parklajumi-un-membranas","7":"product_cat-logu-lentes-un-membranas","8":"product_cat-logi-un-durvis-1","9":"product_cat-lentes-un-membranas","10":"product_cat-virsmu-apstrade","12":"first","13":"outofstock","14":"taxable","15":"shipping-taxable","16":"purchasable","17":"product-type-variable","18":"has-default-attributes"},"acf":[],"yoast_head":"<!-- This site is optimized with the Yoast SEO plugin v27.2 - https:\/\/yoast.com\/product\/yoast-seo-wordpress\/ -->\n<title>PENOSIL Air&amp;Vapour Membrane 660 mastika logu bl\u012bv\u0113\u0161anai<\/title>\n<meta name=\"description\" content=\"PENOSIL Air&amp;Vapour Membrane 600 Ar \u0161\u0137iedru pastiprin\u0101ta, gatava tvaiku barjeras mastika logu un durvju \u0161uvju bl\u012bv\u0113\u0161anai no iek\u0161puses.\" \/>\n<meta name=\"robots\" content=\"index, follow, max-snippet:-1, max-image-preview:large, max-video-preview:-1\" \/>\n<link rel=\"canonical\" href=\"https:\/\/penosil.com\/lv\/produkt\/airvapour-membrane-600\/\" \/>\n<meta property=\"og:locale\" content=\"lv_LV\" \/>\n<meta property=\"og:type\" content=\"article\" \/>\n<meta property=\"og:title\" content=\"PENOSIL Air&amp;Vapour Membrane 660 mastika logu bl\u012bv\u0113\u0161anai\" \/>\n<meta property=\"og:description\" content=\"PENOSIL Air&amp;Vapour Membrane 600 Ar \u0161\u0137iedru pastiprin\u0101ta, gatava tvaiku barjeras mastika logu un durvju \u0161uvju bl\u012bv\u0113\u0161anai no iek\u0161puses.\" \/>\n<meta property=\"og:url\" content=\"https:\/\/penosil.com\/lv\/produkt\/airvapour-membrane-600\/\" \/>\n<meta property=\"og:site_name\" content=\"Penosil Latvia\" \/>\n<meta property=\"article:modified_time\" content=\"2026-04-01T09:57:02+00:00\" \/>\n<meta property=\"og:image\" content=\"https:\/\/penosil.com\/lv\/wp-content\/uploads\/sites\/31\/2025\/06\/660_Air26Vapour_Membrane_660_LT_LV.png\" \/>\n\t<meta property=\"og:image:width\" content=\"1178\" \/>\n\t<meta property=\"og:image:height\" content=\"1080\" \/>\n\t<meta property=\"og:image:type\" content=\"image\/png\" \/>\n<meta name=\"twitter:card\" content=\"summary_large_image\" \/>\n<meta name=\"twitter:label1\" content=\"Est. reading time\" \/>\n\t<meta name=\"twitter:data1\" content=\"3 minutes\" \/>\n<script type=\"application\/ld+json\" class=\"yoast-schema-graph\">{\"@context\":\"https:\/\/schema.org\",\"@graph\":[{\"@type\":\"WebPage\",\"@id\":\"https:\/\/penosil.com\/lv\/produkt\/airvapour-membrane-600\/\",\"url\":\"https:\/\/penosil.com\/lv\/produkt\/airvapour-membrane-600\/\",\"name\":\"PENOSIL Air&Vapour Membrane 660 mastika logu bl\u012bv\u0113\u0161anai\",\"isPartOf\":{\"@id\":\"https:\/\/penosil.com\/lv\/#website\"},\"primaryImageOfPage\":{\"@id\":\"https:\/\/penosil.com\/lv\/produkt\/airvapour-membrane-600\/#primaryimage\"},\"image\":{\"@id\":\"https:\/\/penosil.com\/lv\/produkt\/airvapour-membrane-600\/#primaryimage\"},\"thumbnailUrl\":\"https:\/\/penosil.com\/lv\/wp-content\/uploads\/sites\/31\/2025\/06\/660_Air26Vapour_Membrane_660_LT_LV.png\",\"datePublished\":\"2020-07-03T08:46:41+00:00\",\"dateModified\":\"2026-04-01T09:57:02+00:00\",\"description\":\"PENOSIL Air&Vapour Membrane 600 Ar \u0161\u0137iedru pastiprin\u0101ta, gatava tvaiku barjeras mastika logu un durvju \u0161uvju bl\u012bv\u0113\u0161anai no iek\u0161puses.\",\"breadcrumb\":{\"@id\":\"https:\/\/penosil.com\/lv\/produkt\/airvapour-membrane-600\/#breadcrumb\"},\"inLanguage\":\"lv-LV\",\"potentialAction\":[{\"@type\":\"ReadAction\",\"target\":[\"https:\/\/penosil.com\/lv\/produkt\/airvapour-membrane-600\/\"]}]},{\"@type\":\"ImageObject\",\"inLanguage\":\"lv-LV\",\"@id\":\"https:\/\/penosil.com\/lv\/produkt\/airvapour-membrane-600\/#primaryimage\",\"url\":\"https:\/\/penosil.com\/lv\/wp-content\/uploads\/sites\/31\/2025\/06\/660_Air26Vapour_Membrane_660_LT_LV.png\",\"contentUrl\":\"https:\/\/penosil.com\/lv\/wp-content\/uploads\/sites\/31\/2025\/06\/660_Air26Vapour_Membrane_660_LT_LV.png\",\"width\":1178,\"height\":1080},{\"@type\":\"BreadcrumbList\",\"@id\":\"https:\/\/penosil.com\/lv\/produkt\/airvapour-membrane-600\/#breadcrumb\",\"itemListElement\":[{\"@type\":\"ListItem\",\"position\":1,\"name\":\"S\u0101kums\",\"item\":\"https:\/\/penosil.com\/lv\/\"},{\"@type\":\"ListItem\",\"position\":2,\"name\":\"Produkti\",\"item\":\"https:\/\/penosil.com\/lv\/produkti\/\"},{\"@type\":\"ListItem\",\"position\":3,\"name\":\"Air&#038;Vapour Membrane 660\"}]},{\"@type\":\"WebSite\",\"@id\":\"https:\/\/penosil.com\/lv\/#website\",\"url\":\"https:\/\/penosil.com\/lv\/\",\"name\":\"Penosil Latvia\",\"description\":\"\",\"potentialAction\":[{\"@type\":\"SearchAction\",\"target\":{\"@type\":\"EntryPoint\",\"urlTemplate\":\"https:\/\/penosil.com\/lv\/?s={search_term_string}\"},\"query-input\":{\"@type\":\"PropertyValueSpecification\",\"valueRequired\":true,\"valueName\":\"search_term_string\"}}],\"inLanguage\":\"lv-LV\"}]}<\/script>\n<!-- \/ Yoast SEO plugin. -->","yoast_head_json":{"title":"PENOSIL Air&Vapour Membrane 660 mastika logu bl\u012bv\u0113\u0161anai","description":"PENOSIL Air&Vapour Membrane 600 Ar \u0161\u0137iedru pastiprin\u0101ta, gatava tvaiku barjeras mastika logu un durvju \u0161uvju bl\u012bv\u0113\u0161anai no iek\u0161puses.","robots":{"index":"index","follow":"follow","max-snippet":"max-snippet:-1","max-image-preview":"max-image-preview:large","max-video-preview":"max-video-preview:-1"},"canonical":"https:\/\/penosil.com\/lv\/produkt\/airvapour-membrane-600\/","og_locale":"lv_LV","og_type":"article","og_title":"PENOSIL Air&Vapour Membrane 660 mastika logu bl\u012bv\u0113\u0161anai","og_description":"PENOSIL Air&Vapour Membrane 600 Ar \u0161\u0137iedru pastiprin\u0101ta, gatava tvaiku barjeras mastika logu un durvju \u0161uvju bl\u012bv\u0113\u0161anai no iek\u0161puses.","og_url":"https:\/\/penosil.com\/lv\/produkt\/airvapour-membrane-600\/","og_site_name":"Penosil Latvia","article_modified_time":"2026-04-01T09:57:02+00:00","og_image":[{"width":1178,"height":1080,"url":"https:\/\/penosil.com\/lv\/wp-content\/uploads\/sites\/31\/2025\/06\/660_Air26Vapour_Membrane_660_LT_LV.png","type":"image\/png"}],"twitter_card":"summary_large_image","twitter_misc":{"Est. reading time":"3 minutes"},"schema":{"@context":"https:\/\/schema.org","@graph":[{"@type":"WebPage","@id":"https:\/\/penosil.com\/lv\/produkt\/airvapour-membrane-600\/","url":"https:\/\/penosil.com\/lv\/produkt\/airvapour-membrane-600\/","name":"PENOSIL Air&Vapour Membrane 660 mastika logu bl\u012bv\u0113\u0161anai","isPartOf":{"@id":"https:\/\/penosil.com\/lv\/#website"},"primaryImageOfPage":{"@id":"https:\/\/penosil.com\/lv\/produkt\/airvapour-membrane-600\/#primaryimage"},"image":{"@id":"https:\/\/penosil.com\/lv\/produkt\/airvapour-membrane-600\/#primaryimage"},"thumbnailUrl":"https:\/\/penosil.com\/lv\/wp-content\/uploads\/sites\/31\/2025\/06\/660_Air26Vapour_Membrane_660_LT_LV.png","datePublished":"2020-07-03T08:46:41+00:00","dateModified":"2026-04-01T09:57:02+00:00","description":"PENOSIL Air&Vapour Membrane 600 Ar \u0161\u0137iedru pastiprin\u0101ta, gatava tvaiku barjeras mastika logu un durvju \u0161uvju bl\u012bv\u0113\u0161anai no iek\u0161puses.","breadcrumb":{"@id":"https:\/\/penosil.com\/lv\/produkt\/airvapour-membrane-600\/#breadcrumb"},"inLanguage":"lv-LV","potentialAction":[{"@type":"ReadAction","target":["https:\/\/penosil.com\/lv\/produkt\/airvapour-membrane-600\/"]}]},{"@type":"ImageObject","inLanguage":"lv-LV","@id":"https:\/\/penosil.com\/lv\/produkt\/airvapour-membrane-600\/#primaryimage","url":"https:\/\/penosil.com\/lv\/wp-content\/uploads\/sites\/31\/2025\/06\/660_Air26Vapour_Membrane_660_LT_LV.png","contentUrl":"https:\/\/penosil.com\/lv\/wp-content\/uploads\/sites\/31\/2025\/06\/660_Air26Vapour_Membrane_660_LT_LV.png","width":1178,"height":1080},{"@type":"BreadcrumbList","@id":"https:\/\/penosil.com\/lv\/produkt\/airvapour-membrane-600\/#breadcrumb","itemListElement":[{"@type":"ListItem","position":1,"name":"S\u0101kums","item":"https:\/\/penosil.com\/lv\/"},{"@type":"ListItem","position":2,"name":"Produkti","item":"https:\/\/penosil.com\/lv\/produkti\/"},{"@type":"ListItem","position":3,"name":"Air&#038;Vapour Membrane 660"}]},{"@type":"WebSite","@id":"https:\/\/penosil.com\/lv\/#website","url":"https:\/\/penosil.com\/lv\/","name":"Penosil Latvia","description":"","potentialAction":[{"@type":"SearchAction","target":{"@type":"EntryPoint","urlTemplate":"https:\/\/penosil.com\/lv\/?s={search_term_string}"},"query-input":{"@type":"PropertyValueSpecification","valueRequired":true,"valueName":"search_term_string"}}],"inLanguage":"lv-LV"}]}},"featured_img":"https:\/\/penosil.com\/lv\/wp-content\/uploads\/sites\/31\/2025\/06\/660_Air26Vapour_Membrane_660_LT_LV.png","coauthors":[],"author_meta":{"author_link":"https:\/\/penosil.com\/lv\/author\/olga\/","display_name":"Olga Ku\u010dmasova"},"relative_dates":{"created":"Posted 6 years ago","modified":"Updated 2 weeks ago"},"absolute_dates":{"created":"Posted on July 3, 2020","modified":"Updated on April 1, 2026"},"absolute_dates_time":{"created":"Posted on July 3, 2020 8:46 am","modified":"Updated on April 1, 2026 9:57 am"},"featured_img_caption":"","tax_additional":{"product_brand":{"linked":[],"unlinked":[],"slug":"product_brand","name":"Brands"},"product_type":{"linked":["<a href=\"https:\/\/penosil.com\/lv\/?taxonomy=product_type&#038;term=variable\" class=\"advgb-post-tax-term\">variable<\/a>"],"unlinked":["<span class=\"advgb-post-tax-term\">variable<\/span>"],"slug":"product_type","name":"Product type"},"product_visibility":{"linked":["<a href=\"https:\/\/penosil.com\/lv\/en\/?taxonomy=product_visibility&#038;term=outofstock\" class=\"advgb-post-tax-term\">outofstock<\/a>"],"unlinked":["<span class=\"advgb-post-tax-term\">outofstock<\/span>"],"slug":"product_visibility","name":"Product visibility"},"product_cat":{"linked":["<a href=\"https:\/\/penosil.com\/lv\/produkti\/produktu-grupas\/virsmu-apstrade\/parklajumi-un-membranas\/\" class=\"advgb-post-tax-term\">P\u0101rkl\u0101jumi un membr\u0101nas<\/a>","<a href=\"https:\/\/penosil.com\/lv\/produkti\/produktu-grupas\/lentes-un-membranas\/logu-lentes-un-membranas\/\" class=\"advgb-post-tax-term\">Logu lentes un membr\u0101nas<\/a>","<a href=\"https:\/\/penosil.com\/lv\/produkti\/pielietojums\/logi-un-durvis-1\/\" class=\"advgb-post-tax-term\">Logi un durvis<\/a>","<a href=\"https:\/\/penosil.com\/lv\/produkti\/produktu-grupas\/lentes-un-membranas\/\" class=\"advgb-post-tax-term\">Lentes un membr\u0101nas<\/a>","<a href=\"https:\/\/penosil.com\/lv\/produkti\/produktu-grupas\/virsmu-apstrade\/\" class=\"advgb-post-tax-term\">Virsmu apstr\u0101de<\/a>"],"unlinked":["<span class=\"advgb-post-tax-term\">P\u0101rkl\u0101jumi un membr\u0101nas<\/span>","<span class=\"advgb-post-tax-term\">Logu lentes un membr\u0101nas<\/span>","<span class=\"advgb-post-tax-term\">Logi un durvis<\/span>","<span class=\"advgb-post-tax-term\">Lentes un membr\u0101nas<\/span>","<span class=\"advgb-post-tax-term\">Virsmu apstr\u0101de<\/span>"],"slug":"product_cat","name":"Product categories"},"product_tag":{"linked":[],"unlinked":[],"slug":"product_tag","name":"Product tags"},"product_shipping_class":{"linked":[],"unlinked":[],"slug":"product_shipping_class","name":"Product shipping classes"},"pos_product_visibility":{"linked":[],"unlinked":[],"slug":"pos_product_visibility","name":"POS Product visibility"},"pa_color":{"linked":["<a href=\"https:\/\/penosil.com\/lv\/?taxonomy=pa_color&#038;term=white-lv-2\" class=\"advgb-post-tax-term\">Balts<\/a>"],"unlinked":["<span class=\"advgb-post-tax-term\">Balts<\/span>"],"slug":"pa_color","name":"Product Colour"},"pa_diameter":{"linked":[],"unlinked":[],"slug":"pa_diameter","name":"Product Diameter"},"pa_package":{"linked":["<a href=\"https:\/\/penosil.com\/lv\/?taxonomy=pa_package&#038;term=1-kg-lv-2\" class=\"advgb-post-tax-term\">1 kg<\/a>"],"unlinked":["<span class=\"advgb-post-tax-term\">1 kg<\/span>"],"slug":"pa_package","name":"Product Package"},"pa_roll":{"linked":[],"unlinked":[],"slug":"pa_roll","name":"Product Roll"},"pa_widths":{"linked":[],"unlinked":[],"slug":"pa_widths","name":"Product Widths"},"translation_priority":{"linked":["<a href=\"https:\/\/penosil.com\/lv\/?taxonomy=translation_priority&#038;term=optional-lv\" class=\"advgb-post-tax-term\">Optional<\/a>"],"unlinked":["<span class=\"advgb-post-tax-term\">Optional<\/span>"],"slug":"translation_priority","name":"Translation Priorities"}},"series_order":"","_links":{"self":[{"href":"https:\/\/penosil.com\/lv\/wp-json\/wp\/v2\/product\/23355","targetHints":{"allow":["GET"]}}],"collection":[{"href":"https:\/\/penosil.com\/lv\/wp-json\/wp\/v2\/product"}],"about":[{"href":"https:\/\/penosil.com\/lv\/wp-json\/wp\/v2\/types\/product"}],"version-history":[{"count":12,"href":"https:\/\/penosil.com\/lv\/wp-json\/wp\/v2\/product\/23355\/revisions"}],"predecessor-version":[{"id":33162,"href":"https:\/\/penosil.com\/lv\/wp-json\/wp\/v2\/product\/23355\/revisions\/33162"}],"wp:featuredmedia":[{"embeddable":true,"href":"https:\/\/penosil.com\/lv\/wp-json\/wp\/v2\/media\/32295"}],"wp:attachment":[{"href":"https:\/\/penosil.com\/lv\/wp-json\/wp\/v2\/media?parent=23355"}],"wp:term":[{"taxonomy":"product_brand","embeddable":true,"href":"https:\/\/penosil.com\/lv\/wp-json\/wp\/v2\/product_brand?post=23355"},{"taxonomy":"product_cat","embeddable":true,"href":"https:\/\/penosil.com\/lv\/wp-json\/wp\/v2\/product_cat?post=23355"},{"taxonomy":"product_tag","embeddable":true,"href":"https:\/\/penosil.com\/lv\/wp-json\/wp\/v2\/product_tag?post=23355"}],"curies":[{"name":"wp","href":"https:\/\/api.w.org\/{rel}","templated":true}]}}