{"id":24996,"date":"2020-07-09T11:16:11","date_gmt":"2020-07-09T11:16:11","guid":{"rendered":"https:\/\/penosil.com\/lv\/?post_type=product&#038;p=24996"},"modified":"2026-01-30T01:23:46","modified_gmt":"2026-01-30T01:23:46","slug":"glazing-silicone-330","status":"publish","type":"product","link":"https:\/\/penosil.com\/lv\/produkt\/glazing-silicone-330\/","title":{"rendered":"Glazing Silicone 330"},"content":{"rendered":"<p>PENOSIL Glazing Silicone 330 ir augstas kvalit\u0101tes neitr\u0101ls alkoksi silikona herm\u0113ti\u0137is stiklo\u0161anas darbiem ar izcil\u0101m l\u012bm\u0113jo\u0161\u0101m\u00a0 \u012bpa\u0161\u012bb\u0101m un zemu elast\u012bbas moduli. Veido elast\u012bgu gumijas bl\u012bv\u0113jumu ar daudziem porainiem un neporainiem materi\u0101liem. <em>!Produkts pieejams p\u0113c piepras\u012bjuma.<\/em><\/p>\n","protected":false},"excerpt":{"rendered":"Neitr\u0101ls silikona herm\u0113ti\u0137is","protected":false},"author":4,"featured_media":32284,"template":"","meta":{"_acf_changed":false,"advgb_blocks_editor_width":"","advgb_blocks_columns_visual_guide":"","footnotes":""},"product_brand":[],"product_cat":[2596,1290,1605],"product_tag":[],"class_list":{"0":"post-24996","1":"product","2":"type-product","3":"status-publish","4":"has-post-thumbnail","6":"product_cat-neitralie-silikona-hermetki","7":"product_cat-logi-un-durvis-1","8":"product_cat-hermetiki-un-mastikas","10":"first","11":"outofstock","12":"taxable","13":"shipping-taxable","14":"product-type-simple"},"acf":[],"yoast_head":"<!-- This site is optimized with the Yoast SEO plugin v27.2 - https:\/\/yoast.com\/product\/yoast-seo-wordpress\/ -->\n<title>Glazing Silicone 330 - Penosil Latvia<\/title>\n<meta name=\"description\" content=\"PENOSIL Glazing Silicone 330 Neitr\u0101ls silikona herm\u0113ti\u0137is ar zemu elast\u012bbas moduli, iztur\u012bgs pret UV, laikapst\u0101k\u013ciem, noveco\u0161anos.\" \/>\n<meta name=\"robots\" content=\"index, follow, max-snippet:-1, max-image-preview:large, max-video-preview:-1\" \/>\n<link rel=\"canonical\" href=\"https:\/\/penosil.com\/lv\/produkt\/glazing-silicone-330\/\" \/>\n<meta property=\"og:locale\" content=\"lv_LV\" \/>\n<meta property=\"og:type\" content=\"article\" \/>\n<meta property=\"og:title\" content=\"Glazing Silicone 330 - Penosil Latvia\" \/>\n<meta property=\"og:description\" content=\"PENOSIL Glazing Silicone 330 Neitr\u0101ls silikona herm\u0113ti\u0137is ar zemu elast\u012bbas moduli, iztur\u012bgs pret UV, laikapst\u0101k\u013ciem, noveco\u0161anos.\" \/>\n<meta property=\"og:url\" content=\"https:\/\/penosil.com\/lv\/produkt\/glazing-silicone-330\/\" \/>\n<meta property=\"og:site_name\" content=\"Penosil Latvia\" \/>\n<meta property=\"article:modified_time\" content=\"2026-01-30T01:23:46+00:00\" \/>\n<meta property=\"og:image\" content=\"https:\/\/penosil.com\/lv\/wp-content\/uploads\/sites\/31\/2025\/06\/330_Glazing_Silicone_330_LT-LV.png\" \/>\n\t<meta property=\"og:image:width\" content=\"870\" \/>\n\t<meta property=\"og:image:height\" content=\"2430\" \/>\n\t<meta property=\"og:image:type\" content=\"image\/png\" \/>\n<meta name=\"twitter:card\" content=\"summary_large_image\" \/>\n<meta name=\"twitter:label1\" content=\"Est. reading time\" \/>\n\t<meta name=\"twitter:data1\" content=\"3 minutes\" \/>\n<script type=\"application\/ld+json\" class=\"yoast-schema-graph\">{\"@context\":\"https:\/\/schema.org\",\"@graph\":[{\"@type\":\"WebPage\",\"@id\":\"https:\/\/penosil.com\/lv\/produkt\/glazing-silicone-330\/\",\"url\":\"https:\/\/penosil.com\/lv\/produkt\/glazing-silicone-330\/\",\"name\":\"Glazing Silicone 330 - Penosil Latvia\",\"isPartOf\":{\"@id\":\"https:\/\/penosil.com\/lv\/#website\"},\"primaryImageOfPage\":{\"@id\":\"https:\/\/penosil.com\/lv\/produkt\/glazing-silicone-330\/#primaryimage\"},\"image\":{\"@id\":\"https:\/\/penosil.com\/lv\/produkt\/glazing-silicone-330\/#primaryimage\"},\"thumbnailUrl\":\"https:\/\/penosil.com\/lv\/wp-content\/uploads\/sites\/31\/2025\/06\/330_Glazing_Silicone_330_LT-LV.png\",\"datePublished\":\"2020-07-09T11:16:11+00:00\",\"dateModified\":\"2026-01-30T01:23:46+00:00\",\"description\":\"PENOSIL Glazing Silicone 330 Neitr\u0101ls silikona herm\u0113ti\u0137is ar zemu elast\u012bbas moduli, iztur\u012bgs pret UV, laikapst\u0101k\u013ciem, noveco\u0161anos.\",\"breadcrumb\":{\"@id\":\"https:\/\/penosil.com\/lv\/produkt\/glazing-silicone-330\/#breadcrumb\"},\"inLanguage\":\"lv-LV\",\"potentialAction\":[{\"@type\":\"ReadAction\",\"target\":[\"https:\/\/penosil.com\/lv\/produkt\/glazing-silicone-330\/\"]}]},{\"@type\":\"ImageObject\",\"inLanguage\":\"lv-LV\",\"@id\":\"https:\/\/penosil.com\/lv\/produkt\/glazing-silicone-330\/#primaryimage\",\"url\":\"https:\/\/penosil.com\/lv\/wp-content\/uploads\/sites\/31\/2025\/06\/330_Glazing_Silicone_330_LT-LV.png\",\"contentUrl\":\"https:\/\/penosil.com\/lv\/wp-content\/uploads\/sites\/31\/2025\/06\/330_Glazing_Silicone_330_LT-LV.png\",\"width\":870,\"height\":2430},{\"@type\":\"BreadcrumbList\",\"@id\":\"https:\/\/penosil.com\/lv\/produkt\/glazing-silicone-330\/#breadcrumb\",\"itemListElement\":[{\"@type\":\"ListItem\",\"position\":1,\"name\":\"S\u0101kums\",\"item\":\"https:\/\/penosil.com\/lv\/\"},{\"@type\":\"ListItem\",\"position\":2,\"name\":\"Produkti\",\"item\":\"https:\/\/penosil.com\/lv\/produkti\/\"},{\"@type\":\"ListItem\",\"position\":3,\"name\":\"Glazing Silicone 330\"}]},{\"@type\":\"WebSite\",\"@id\":\"https:\/\/penosil.com\/lv\/#website\",\"url\":\"https:\/\/penosil.com\/lv\/\",\"name\":\"Penosil Latvia\",\"description\":\"\",\"potentialAction\":[{\"@type\":\"SearchAction\",\"target\":{\"@type\":\"EntryPoint\",\"urlTemplate\":\"https:\/\/penosil.com\/lv\/?s={search_term_string}\"},\"query-input\":{\"@type\":\"PropertyValueSpecification\",\"valueRequired\":true,\"valueName\":\"search_term_string\"}}],\"inLanguage\":\"lv-LV\"}]}<\/script>\n<!-- \/ Yoast SEO plugin. -->","yoast_head_json":{"title":"Glazing Silicone 330 - Penosil Latvia","description":"PENOSIL Glazing Silicone 330 Neitr\u0101ls silikona herm\u0113ti\u0137is ar zemu elast\u012bbas moduli, iztur\u012bgs pret UV, laikapst\u0101k\u013ciem, noveco\u0161anos.","robots":{"index":"index","follow":"follow","max-snippet":"max-snippet:-1","max-image-preview":"max-image-preview:large","max-video-preview":"max-video-preview:-1"},"canonical":"https:\/\/penosil.com\/lv\/produkt\/glazing-silicone-330\/","og_locale":"lv_LV","og_type":"article","og_title":"Glazing Silicone 330 - Penosil Latvia","og_description":"PENOSIL Glazing Silicone 330 Neitr\u0101ls silikona herm\u0113ti\u0137is ar zemu elast\u012bbas moduli, iztur\u012bgs pret UV, laikapst\u0101k\u013ciem, noveco\u0161anos.","og_url":"https:\/\/penosil.com\/lv\/produkt\/glazing-silicone-330\/","og_site_name":"Penosil Latvia","article_modified_time":"2026-01-30T01:23:46+00:00","og_image":[{"width":870,"height":2430,"url":"https:\/\/penosil.com\/lv\/wp-content\/uploads\/sites\/31\/2025\/06\/330_Glazing_Silicone_330_LT-LV.png","type":"image\/png"}],"twitter_card":"summary_large_image","twitter_misc":{"Est. reading time":"3 minutes"},"schema":{"@context":"https:\/\/schema.org","@graph":[{"@type":"WebPage","@id":"https:\/\/penosil.com\/lv\/produkt\/glazing-silicone-330\/","url":"https:\/\/penosil.com\/lv\/produkt\/glazing-silicone-330\/","name":"Glazing Silicone 330 - Penosil Latvia","isPartOf":{"@id":"https:\/\/penosil.com\/lv\/#website"},"primaryImageOfPage":{"@id":"https:\/\/penosil.com\/lv\/produkt\/glazing-silicone-330\/#primaryimage"},"image":{"@id":"https:\/\/penosil.com\/lv\/produkt\/glazing-silicone-330\/#primaryimage"},"thumbnailUrl":"https:\/\/penosil.com\/lv\/wp-content\/uploads\/sites\/31\/2025\/06\/330_Glazing_Silicone_330_LT-LV.png","datePublished":"2020-07-09T11:16:11+00:00","dateModified":"2026-01-30T01:23:46+00:00","description":"PENOSIL Glazing Silicone 330 Neitr\u0101ls silikona herm\u0113ti\u0137is ar zemu elast\u012bbas moduli, iztur\u012bgs pret UV, laikapst\u0101k\u013ciem, noveco\u0161anos.","breadcrumb":{"@id":"https:\/\/penosil.com\/lv\/produkt\/glazing-silicone-330\/#breadcrumb"},"inLanguage":"lv-LV","potentialAction":[{"@type":"ReadAction","target":["https:\/\/penosil.com\/lv\/produkt\/glazing-silicone-330\/"]}]},{"@type":"ImageObject","inLanguage":"lv-LV","@id":"https:\/\/penosil.com\/lv\/produkt\/glazing-silicone-330\/#primaryimage","url":"https:\/\/penosil.com\/lv\/wp-content\/uploads\/sites\/31\/2025\/06\/330_Glazing_Silicone_330_LT-LV.png","contentUrl":"https:\/\/penosil.com\/lv\/wp-content\/uploads\/sites\/31\/2025\/06\/330_Glazing_Silicone_330_LT-LV.png","width":870,"height":2430},{"@type":"BreadcrumbList","@id":"https:\/\/penosil.com\/lv\/produkt\/glazing-silicone-330\/#breadcrumb","itemListElement":[{"@type":"ListItem","position":1,"name":"S\u0101kums","item":"https:\/\/penosil.com\/lv\/"},{"@type":"ListItem","position":2,"name":"Produkti","item":"https:\/\/penosil.com\/lv\/produkti\/"},{"@type":"ListItem","position":3,"name":"Glazing Silicone 330"}]},{"@type":"WebSite","@id":"https:\/\/penosil.com\/lv\/#website","url":"https:\/\/penosil.com\/lv\/","name":"Penosil Latvia","description":"","potentialAction":[{"@type":"SearchAction","target":{"@type":"EntryPoint","urlTemplate":"https:\/\/penosil.com\/lv\/?s={search_term_string}"},"query-input":{"@type":"PropertyValueSpecification","valueRequired":true,"valueName":"search_term_string"}}],"inLanguage":"lv-LV"}]}},"featured_img":"https:\/\/penosil.com\/lv\/wp-content\/uploads\/sites\/31\/2025\/06\/330_Glazing_Silicone_330_LT-LV.png","coauthors":[],"author_meta":{"author_link":"https:\/\/penosil.com\/lv\/author\/olga\/","display_name":"Olga Ku\u010dmasova"},"relative_dates":{"created":"Posted 6 years ago","modified":"Updated 3 months ago"},"absolute_dates":{"created":"Posted on July 9, 2020","modified":"Updated on January 30, 2026"},"absolute_dates_time":{"created":"Posted on July 9, 2020 11:16 am","modified":"Updated on January 30, 2026 1:23 am"},"featured_img_caption":"","tax_additional":{"product_brand":{"linked":[],"unlinked":[],"slug":"product_brand","name":"Brands"},"product_type":{"linked":["<a href=\"https:\/\/penosil.com\/lv\/?taxonomy=product_type&#038;term=simple\" class=\"advgb-post-tax-term\">simple<\/a>"],"unlinked":["<span class=\"advgb-post-tax-term\">simple<\/span>"],"slug":"product_type","name":"Product type"},"product_visibility":{"linked":["<a href=\"https:\/\/penosil.com\/lv\/en\/?taxonomy=product_visibility&#038;term=outofstock\" class=\"advgb-post-tax-term\">outofstock<\/a>"],"unlinked":["<span class=\"advgb-post-tax-term\">outofstock<\/span>"],"slug":"product_visibility","name":"Product visibility"},"product_cat":{"linked":["<a href=\"https:\/\/penosil.com\/lv\/produkti\/produktu-grupas\/hermetiki-un-mastikas\/neitralie-silikona-hermetki\/\" class=\"advgb-post-tax-term\">Neitr\u0101lie silikona herm\u0113ti\u0137i<\/a>","<a href=\"https:\/\/penosil.com\/lv\/produkti\/pielietojums\/logi-un-durvis-1\/\" class=\"advgb-post-tax-term\">Logi un durvis<\/a>","<a href=\"https:\/\/penosil.com\/lv\/produkti\/produktu-grupas\/hermetiki-un-mastikas\/\" class=\"advgb-post-tax-term\">Herm\u0113ti\u0137i un mastikas<\/a>"],"unlinked":["<span class=\"advgb-post-tax-term\">Neitr\u0101lie silikona herm\u0113ti\u0137i<\/span>","<span class=\"advgb-post-tax-term\">Logi un durvis<\/span>","<span class=\"advgb-post-tax-term\">Herm\u0113ti\u0137i un mastikas<\/span>"],"slug":"product_cat","name":"Product categories"},"product_tag":{"linked":[],"unlinked":[],"slug":"product_tag","name":"Product tags"},"product_shipping_class":{"linked":[],"unlinked":[],"slug":"product_shipping_class","name":"Product shipping classes"},"pos_product_visibility":{"linked":[],"unlinked":[],"slug":"pos_product_visibility","name":"POS Product visibility"},"pa_color":{"linked":["<a href=\"https:\/\/penosil.com\/lv\/?taxonomy=pa_color&#038;term=transparent-lv-2\" class=\"advgb-post-tax-term\">Caursp\u012bd\u012bgs<\/a>"],"unlinked":["<span class=\"advgb-post-tax-term\">Caursp\u012bd\u012bgs<\/span>"],"slug":"pa_color","name":"Product Colour"},"pa_diameter":{"linked":[],"unlinked":[],"slug":"pa_diameter","name":"Product Diameter"},"pa_package":{"linked":["<a href=\"https:\/\/penosil.com\/lv\/?taxonomy=pa_package&#038;term=300-ml-2\" class=\"advgb-post-tax-term\">300 ml<\/a>"],"unlinked":["<span class=\"advgb-post-tax-term\">300 ml<\/span>"],"slug":"pa_package","name":"Product Package"},"pa_roll":{"linked":[],"unlinked":[],"slug":"pa_roll","name":"Product Roll"},"pa_widths":{"linked":[],"unlinked":[],"slug":"pa_widths","name":"Product Widths"},"translation_priority":{"linked":["<a href=\"https:\/\/penosil.com\/lv\/?taxonomy=translation_priority&#038;term=optional-lv\" class=\"advgb-post-tax-term\">Optional<\/a>"],"unlinked":["<span class=\"advgb-post-tax-term\">Optional<\/span>"],"slug":"translation_priority","name":"Translation Priorities"}},"series_order":"","_links":{"self":[{"href":"https:\/\/penosil.com\/lv\/wp-json\/wp\/v2\/product\/24996","targetHints":{"allow":["GET"]}}],"collection":[{"href":"https:\/\/penosil.com\/lv\/wp-json\/wp\/v2\/product"}],"about":[{"href":"https:\/\/penosil.com\/lv\/wp-json\/wp\/v2\/types\/product"}],"version-history":[{"count":7,"href":"https:\/\/penosil.com\/lv\/wp-json\/wp\/v2\/product\/24996\/revisions"}],"predecessor-version":[{"id":32861,"href":"https:\/\/penosil.com\/lv\/wp-json\/wp\/v2\/product\/24996\/revisions\/32861"}],"wp:featuredmedia":[{"embeddable":true,"href":"https:\/\/penosil.com\/lv\/wp-json\/wp\/v2\/media\/32284"}],"wp:attachment":[{"href":"https:\/\/penosil.com\/lv\/wp-json\/wp\/v2\/media?parent=24996"}],"wp:term":[{"taxonomy":"product_brand","embeddable":true,"href":"https:\/\/penosil.com\/lv\/wp-json\/wp\/v2\/product_brand?post=24996"},{"taxonomy":"product_cat","embeddable":true,"href":"https:\/\/penosil.com\/lv\/wp-json\/wp\/v2\/product_cat?post=24996"},{"taxonomy":"product_tag","embeddable":true,"href":"https:\/\/penosil.com\/lv\/wp-json\/wp\/v2\/product_tag?post=24996"}],"curies":[{"name":"wp","href":"https:\/\/api.w.org\/{rel}","templated":true}]}}