{"id":25111,"date":"2020-07-10T09:46:15","date_gmt":"2020-07-10T09:46:15","guid":{"rendered":"https:\/\/penosil.com\/lv\/?post_type=product&#038;p=25111"},"modified":"2026-04-01T09:57:01","modified_gmt":"2026-04-01T09:57:01","slug":"pu-sealant-lm-825","status":"publish","type":"product","link":"https:\/\/penosil.com\/lv\/produkt\/pu-sealant-lm-825\/","title":{"rendered":"PU-Sealant LM 825"},"content":{"rendered":"<p>PENOSIL PU-Sealant LM 825 ir augstas kvalit\u0101tes mitruma iedarb\u012bb\u0101 ciet\u0113jo\u0161s, poliuret\u0101na herm\u0113ti\u0137is ar augstu kust\u012bbas sp\u0113ju un zemu elast\u012bbas moduli fas\u0101\u017eu \u0161uvju bl\u012bv\u0113\u0161anai.<\/p>\n","protected":false},"excerpt":{"rendered":"Poliuret\u0101na herm\u0113ti\u0137is fas\u0101\u017eu \u0161uv\u0113m","protected":false},"author":4,"featured_media":32587,"template":"","meta":{"_acf_changed":false,"advgb_blocks_editor_width":"","advgb_blocks_columns_visual_guide":"","footnotes":""},"product_brand":[],"product_cat":[1605,1082,2598],"product_tag":[],"class_list":{"0":"post-25111","1":"product","2":"type-product","3":"status-publish","4":"has-post-thumbnail","6":"product_cat-hermetiki-un-mastikas","7":"product_cat-jumti-un-fasades-1","8":"product_cat-pu-hermetiki","10":"first","11":"instock","12":"taxable","13":"shipping-taxable","14":"purchasable","15":"product-type-variable","16":"has-default-attributes"},"acf":[],"yoast_head":"<!-- This site is optimized with the Yoast SEO plugin v27.2 - https:\/\/yoast.com\/product\/yoast-seo-wordpress\/ -->\n<title>PENOSIL PU-Sealant LM 825 herm\u0113ti\u0137is fas\u0101\u017eu \u0161uv\u0113m<\/title>\n<meta name=\"description\" content=\"PENOSIL PU-Sealant LM 825 herm\u0113ti\u0137is fas\u0101\u017eu \u0161uv\u0113m - ar augstu kust\u012bbas sp\u0113ju un zemu elast\u012bbas moduli. Uzzini vair\u0101k un p\u0113rc \u0161eit!\" \/>\n<meta name=\"robots\" content=\"index, follow, max-snippet:-1, max-image-preview:large, max-video-preview:-1\" \/>\n<link rel=\"canonical\" href=\"https:\/\/penosil.com\/lv\/produkt\/pu-sealant-lm-825\/\" \/>\n<meta property=\"og:locale\" content=\"lv_LV\" \/>\n<meta property=\"og:type\" content=\"article\" \/>\n<meta property=\"og:title\" content=\"PENOSIL PU-Sealant LM 825 herm\u0113ti\u0137is fas\u0101\u017eu \u0161uv\u0113m\" \/>\n<meta property=\"og:description\" content=\"PENOSIL PU-Sealant LM 825 herm\u0113ti\u0137is fas\u0101\u017eu \u0161uv\u0113m - ar augstu kust\u012bbas sp\u0113ju un zemu elast\u012bbas moduli. Uzzini vair\u0101k un p\u0113rc \u0161eit!\" \/>\n<meta property=\"og:url\" content=\"https:\/\/penosil.com\/lv\/produkt\/pu-sealant-lm-825\/\" \/>\n<meta property=\"og:site_name\" content=\"Penosil Latvia\" \/>\n<meta property=\"article:modified_time\" content=\"2026-04-01T09:57:01+00:00\" \/>\n<meta property=\"og:image\" content=\"https:\/\/penosil.com\/lv\/wp-content\/uploads\/sites\/31\/2020\/07\/825_PU_Sealant_LM_600ml_825_LT_RU.png\" \/>\n\t<meta property=\"og:image:width\" content=\"387\" \/>\n\t<meta property=\"og:image:height\" content=\"1080\" \/>\n\t<meta property=\"og:image:type\" content=\"image\/png\" \/>\n<meta name=\"twitter:card\" content=\"summary_large_image\" \/>\n<meta name=\"twitter:label1\" content=\"Est. reading time\" \/>\n\t<meta name=\"twitter:data1\" content=\"4 minutes\" \/>\n<script type=\"application\/ld+json\" class=\"yoast-schema-graph\">{\"@context\":\"https:\/\/schema.org\",\"@graph\":[{\"@type\":\"WebPage\",\"@id\":\"https:\/\/penosil.com\/lv\/produkt\/pu-sealant-lm-825\/\",\"url\":\"https:\/\/penosil.com\/lv\/produkt\/pu-sealant-lm-825\/\",\"name\":\"PENOSIL PU-Sealant LM 825 herm\u0113ti\u0137is fas\u0101\u017eu \u0161uv\u0113m\",\"isPartOf\":{\"@id\":\"https:\/\/penosil.com\/lv\/#website\"},\"primaryImageOfPage\":{\"@id\":\"https:\/\/penosil.com\/lv\/produkt\/pu-sealant-lm-825\/#primaryimage\"},\"image\":{\"@id\":\"https:\/\/penosil.com\/lv\/produkt\/pu-sealant-lm-825\/#primaryimage\"},\"thumbnailUrl\":\"https:\/\/penosil.com\/lv\/wp-content\/uploads\/sites\/31\/2025\/07\/825_PU_Sealant_LM_600ml_825_LT.png\",\"datePublished\":\"2020-07-10T09:46:15+00:00\",\"dateModified\":\"2026-04-01T09:57:01+00:00\",\"description\":\"PENOSIL PU-Sealant LM 825 herm\u0113ti\u0137is fas\u0101\u017eu \u0161uv\u0113m - ar augstu kust\u012bbas sp\u0113ju un zemu elast\u012bbas moduli. Uzzini vair\u0101k un p\u0113rc \u0161eit!\",\"breadcrumb\":{\"@id\":\"https:\/\/penosil.com\/lv\/produkt\/pu-sealant-lm-825\/#breadcrumb\"},\"inLanguage\":\"lv-LV\",\"potentialAction\":[{\"@type\":\"ReadAction\",\"target\":[\"https:\/\/penosil.com\/lv\/produkt\/pu-sealant-lm-825\/\"]}]},{\"@type\":\"ImageObject\",\"inLanguage\":\"lv-LV\",\"@id\":\"https:\/\/penosil.com\/lv\/produkt\/pu-sealant-lm-825\/#primaryimage\",\"url\":\"https:\/\/penosil.com\/lv\/wp-content\/uploads\/sites\/31\/2025\/07\/825_PU_Sealant_LM_600ml_825_LT.png\",\"contentUrl\":\"https:\/\/penosil.com\/lv\/wp-content\/uploads\/sites\/31\/2025\/07\/825_PU_Sealant_LM_600ml_825_LT.png\",\"width\":387,\"height\":1080,\"caption\":\"PU-Sealant LM 825 Herm\u0113ti\u0137is fas\u0101\u017eu \u0161uv\u0113m 600 ml folijas iepakojum\u0101\"},{\"@type\":\"BreadcrumbList\",\"@id\":\"https:\/\/penosil.com\/lv\/produkt\/pu-sealant-lm-825\/#breadcrumb\",\"itemListElement\":[{\"@type\":\"ListItem\",\"position\":1,\"name\":\"S\u0101kums\",\"item\":\"https:\/\/penosil.com\/lv\/\"},{\"@type\":\"ListItem\",\"position\":2,\"name\":\"Produkti\",\"item\":\"https:\/\/penosil.com\/lv\/produkti\/\"},{\"@type\":\"ListItem\",\"position\":3,\"name\":\"PU-Sealant LM 825\"}]},{\"@type\":\"WebSite\",\"@id\":\"https:\/\/penosil.com\/lv\/#website\",\"url\":\"https:\/\/penosil.com\/lv\/\",\"name\":\"Penosil Latvia\",\"description\":\"\",\"potentialAction\":[{\"@type\":\"SearchAction\",\"target\":{\"@type\":\"EntryPoint\",\"urlTemplate\":\"https:\/\/penosil.com\/lv\/?s={search_term_string}\"},\"query-input\":{\"@type\":\"PropertyValueSpecification\",\"valueRequired\":true,\"valueName\":\"search_term_string\"}}],\"inLanguage\":\"lv-LV\"}]}<\/script>\n<!-- \/ Yoast SEO plugin. -->","yoast_head_json":{"title":"PENOSIL PU-Sealant LM 825 herm\u0113ti\u0137is fas\u0101\u017eu \u0161uv\u0113m","description":"PENOSIL PU-Sealant LM 825 herm\u0113ti\u0137is fas\u0101\u017eu \u0161uv\u0113m - ar augstu kust\u012bbas sp\u0113ju un zemu elast\u012bbas moduli. Uzzini vair\u0101k un p\u0113rc \u0161eit!","robots":{"index":"index","follow":"follow","max-snippet":"max-snippet:-1","max-image-preview":"max-image-preview:large","max-video-preview":"max-video-preview:-1"},"canonical":"https:\/\/penosil.com\/lv\/produkt\/pu-sealant-lm-825\/","og_locale":"lv_LV","og_type":"article","og_title":"PENOSIL PU-Sealant LM 825 herm\u0113ti\u0137is fas\u0101\u017eu \u0161uv\u0113m","og_description":"PENOSIL PU-Sealant LM 825 herm\u0113ti\u0137is fas\u0101\u017eu \u0161uv\u0113m - ar augstu kust\u012bbas sp\u0113ju un zemu elast\u012bbas moduli. Uzzini vair\u0101k un p\u0113rc \u0161eit!","og_url":"https:\/\/penosil.com\/lv\/produkt\/pu-sealant-lm-825\/","og_site_name":"Penosil Latvia","article_modified_time":"2026-04-01T09:57:01+00:00","og_image":[{"width":387,"height":1080,"url":"https:\/\/penosil.com\/lv\/wp-content\/uploads\/sites\/31\/2020\/07\/825_PU_Sealant_LM_600ml_825_LT_RU.png","type":"image\/png"}],"twitter_card":"summary_large_image","twitter_misc":{"Est. reading time":"4 minutes"},"schema":{"@context":"https:\/\/schema.org","@graph":[{"@type":"WebPage","@id":"https:\/\/penosil.com\/lv\/produkt\/pu-sealant-lm-825\/","url":"https:\/\/penosil.com\/lv\/produkt\/pu-sealant-lm-825\/","name":"PENOSIL PU-Sealant LM 825 herm\u0113ti\u0137is fas\u0101\u017eu \u0161uv\u0113m","isPartOf":{"@id":"https:\/\/penosil.com\/lv\/#website"},"primaryImageOfPage":{"@id":"https:\/\/penosil.com\/lv\/produkt\/pu-sealant-lm-825\/#primaryimage"},"image":{"@id":"https:\/\/penosil.com\/lv\/produkt\/pu-sealant-lm-825\/#primaryimage"},"thumbnailUrl":"https:\/\/penosil.com\/lv\/wp-content\/uploads\/sites\/31\/2025\/07\/825_PU_Sealant_LM_600ml_825_LT.png","datePublished":"2020-07-10T09:46:15+00:00","dateModified":"2026-04-01T09:57:01+00:00","description":"PENOSIL PU-Sealant LM 825 herm\u0113ti\u0137is fas\u0101\u017eu \u0161uv\u0113m - ar augstu kust\u012bbas sp\u0113ju un zemu elast\u012bbas moduli. Uzzini vair\u0101k un p\u0113rc \u0161eit!","breadcrumb":{"@id":"https:\/\/penosil.com\/lv\/produkt\/pu-sealant-lm-825\/#breadcrumb"},"inLanguage":"lv-LV","potentialAction":[{"@type":"ReadAction","target":["https:\/\/penosil.com\/lv\/produkt\/pu-sealant-lm-825\/"]}]},{"@type":"ImageObject","inLanguage":"lv-LV","@id":"https:\/\/penosil.com\/lv\/produkt\/pu-sealant-lm-825\/#primaryimage","url":"https:\/\/penosil.com\/lv\/wp-content\/uploads\/sites\/31\/2025\/07\/825_PU_Sealant_LM_600ml_825_LT.png","contentUrl":"https:\/\/penosil.com\/lv\/wp-content\/uploads\/sites\/31\/2025\/07\/825_PU_Sealant_LM_600ml_825_LT.png","width":387,"height":1080,"caption":"PU-Sealant LM 825 Herm\u0113ti\u0137is fas\u0101\u017eu \u0161uv\u0113m 600 ml folijas iepakojum\u0101"},{"@type":"BreadcrumbList","@id":"https:\/\/penosil.com\/lv\/produkt\/pu-sealant-lm-825\/#breadcrumb","itemListElement":[{"@type":"ListItem","position":1,"name":"S\u0101kums","item":"https:\/\/penosil.com\/lv\/"},{"@type":"ListItem","position":2,"name":"Produkti","item":"https:\/\/penosil.com\/lv\/produkti\/"},{"@type":"ListItem","position":3,"name":"PU-Sealant LM 825"}]},{"@type":"WebSite","@id":"https:\/\/penosil.com\/lv\/#website","url":"https:\/\/penosil.com\/lv\/","name":"Penosil Latvia","description":"","potentialAction":[{"@type":"SearchAction","target":{"@type":"EntryPoint","urlTemplate":"https:\/\/penosil.com\/lv\/?s={search_term_string}"},"query-input":{"@type":"PropertyValueSpecification","valueRequired":true,"valueName":"search_term_string"}}],"inLanguage":"lv-LV"}]}},"featured_img":"https:\/\/penosil.com\/lv\/wp-content\/uploads\/sites\/31\/2025\/07\/825_PU_Sealant_LM_600ml_825_LT.png","coauthors":[],"author_meta":{"author_link":"https:\/\/penosil.com\/lv\/author\/olga\/","display_name":"Olga Ku\u010dmasova"},"relative_dates":{"created":"Posted 6 years ago","modified":"Updated 2 weeks ago"},"absolute_dates":{"created":"Posted on July 10, 2020","modified":"Updated on April 1, 2026"},"absolute_dates_time":{"created":"Posted on July 10, 2020 9:46 am","modified":"Updated on April 1, 2026 9:57 am"},"featured_img_caption":"","tax_additional":{"product_brand":{"linked":[],"unlinked":[],"slug":"product_brand","name":"Brands"},"product_type":{"linked":["<a href=\"https:\/\/penosil.com\/lv\/?taxonomy=product_type&#038;term=variable\" class=\"advgb-post-tax-term\">variable<\/a>"],"unlinked":["<span class=\"advgb-post-tax-term\">variable<\/span>"],"slug":"product_type","name":"Product type"},"product_visibility":{"linked":[],"unlinked":[],"slug":"product_visibility","name":"Product visibility"},"product_cat":{"linked":["<a href=\"https:\/\/penosil.com\/lv\/produkti\/produktu-grupas\/hermetiki-un-mastikas\/\" class=\"advgb-post-tax-term\">Herm\u0113ti\u0137i un mastikas<\/a>","<a href=\"https:\/\/penosil.com\/lv\/produkti\/pielietojums\/jumti-un-fasades-1\/\" class=\"advgb-post-tax-term\">Jumti un fas\u0101des<\/a>","<a href=\"https:\/\/penosil.com\/lv\/produkti\/produktu-grupas\/hermetiki-un-mastikas\/pu-hermetiki\/\" class=\"advgb-post-tax-term\">PU herm\u0113ti\u0137i<\/a>"],"unlinked":["<span class=\"advgb-post-tax-term\">Herm\u0113ti\u0137i un mastikas<\/span>","<span class=\"advgb-post-tax-term\">Jumti un fas\u0101des<\/span>","<span class=\"advgb-post-tax-term\">PU herm\u0113ti\u0137i<\/span>"],"slug":"product_cat","name":"Product categories"},"product_tag":{"linked":[],"unlinked":[],"slug":"product_tag","name":"Product tags"},"product_shipping_class":{"linked":[],"unlinked":[],"slug":"product_shipping_class","name":"Product shipping classes"},"pos_product_visibility":{"linked":[],"unlinked":[],"slug":"pos_product_visibility","name":"POS Product visibility"},"pa_color":{"linked":["<a href=\"https:\/\/penosil.com\/lv\/?taxonomy=pa_color&#038;term=antracits-lv-2\" class=\"advgb-post-tax-term\">Antrac\u012bts<\/a>","<a href=\"https:\/\/penosil.com\/lv\/?taxonomy=pa_color&#038;term=grey-lv-2\" class=\"advgb-post-tax-term\">Pel\u0113ks<\/a>","<a href=\"https:\/\/penosil.com\/lv\/?taxonomy=pa_color&#038;term=white-lv-2\" class=\"advgb-post-tax-term\">Balts<\/a>"],"unlinked":["<span class=\"advgb-post-tax-term\">Antrac\u012bts<\/span>","<span class=\"advgb-post-tax-term\">Pel\u0113ks<\/span>","<span class=\"advgb-post-tax-term\">Balts<\/span>"],"slug":"pa_color","name":"Product Colour"},"pa_diameter":{"linked":[],"unlinked":[],"slug":"pa_diameter","name":"Product Diameter"},"pa_package":{"linked":["<a href=\"https:\/\/penosil.com\/lv\/?taxonomy=pa_package&#038;term=600-ml-lv-2\" class=\"advgb-post-tax-term\">600 ml<\/a>"],"unlinked":["<span class=\"advgb-post-tax-term\">600 ml<\/span>"],"slug":"pa_package","name":"Product Package"},"pa_roll":{"linked":[],"unlinked":[],"slug":"pa_roll","name":"Product Roll"},"pa_widths":{"linked":[],"unlinked":[],"slug":"pa_widths","name":"Product Widths"},"translation_priority":{"linked":["<a href=\"https:\/\/penosil.com\/lv\/?taxonomy=translation_priority&#038;term=optional-lv\" class=\"advgb-post-tax-term\">Optional<\/a>"],"unlinked":["<span class=\"advgb-post-tax-term\">Optional<\/span>"],"slug":"translation_priority","name":"Translation Priorities"}},"series_order":"","_links":{"self":[{"href":"https:\/\/penosil.com\/lv\/wp-json\/wp\/v2\/product\/25111","targetHints":{"allow":["GET"]}}],"collection":[{"href":"https:\/\/penosil.com\/lv\/wp-json\/wp\/v2\/product"}],"about":[{"href":"https:\/\/penosil.com\/lv\/wp-json\/wp\/v2\/types\/product"}],"version-history":[{"count":5,"href":"https:\/\/penosil.com\/lv\/wp-json\/wp\/v2\/product\/25111\/revisions"}],"predecessor-version":[{"id":32138,"href":"https:\/\/penosil.com\/lv\/wp-json\/wp\/v2\/product\/25111\/revisions\/32138"}],"wp:featuredmedia":[{"embeddable":true,"href":"https:\/\/penosil.com\/lv\/wp-json\/wp\/v2\/media\/32587"}],"wp:attachment":[{"href":"https:\/\/penosil.com\/lv\/wp-json\/wp\/v2\/media?parent=25111"}],"wp:term":[{"taxonomy":"product_brand","embeddable":true,"href":"https:\/\/penosil.com\/lv\/wp-json\/wp\/v2\/product_brand?post=25111"},{"taxonomy":"product_cat","embeddable":true,"href":"https:\/\/penosil.com\/lv\/wp-json\/wp\/v2\/product_cat?post=25111"},{"taxonomy":"product_tag","embeddable":true,"href":"https:\/\/penosil.com\/lv\/wp-json\/wp\/v2\/product_tag?post=25111"}],"curies":[{"name":"wp","href":"https:\/\/api.w.org\/{rel}","templated":true}]}}