{"id":25126,"date":"2020-07-10T11:25:09","date_gmt":"2020-07-10T11:25:09","guid":{"rendered":"https:\/\/penosil.com\/lv\/?post_type=product&#038;p=25126"},"modified":"2026-04-15T20:38:03","modified_gmt":"2026-04-15T20:38:03","slug":"facade-joint-hybrid-25lm","status":"publish","type":"product","link":"https:\/\/penosil.com\/lv\/produkt\/facade-joint-hybrid-25lm\/","title":{"rendered":"Facade Joint Hybrid 25LM"},"content":{"rendered":"<p>PENOSIL Facade Joint Hybrid 25LM augstas kvalit\u0101tes hibr\u012bdpolim\u0113ru b\u0101zes fas\u0101\u017eu herm\u0113ti\u0137is ar zemu elast\u012bbas moduli\u00a0da\u017e\u0101du \u0101r\u0113jo un iek\u0161\u0113jo \u0161uvju bl\u012bv\u0113\u0161anai un aizpild\u012b\u0161anai.Ide\u0101li piem\u0113rots savienojumiem, kam nepiecie\u0161ama augsta elast\u012bba un iztur\u012bba pret atmosf\u0113ras iedarb\u012bbu.<\/p>\n","protected":false},"excerpt":{"rendered":"Fas\u0101\u017eu herm\u0113ti\u0137is","protected":false},"author":4,"featured_media":33384,"template":"","meta":{"_acf_changed":false,"advgb_blocks_editor_width":"","advgb_blocks_columns_visual_guide":"","footnotes":""},"product_brand":[],"product_cat":[1605,1082,1671],"product_tag":[],"class_list":{"0":"post-25126","1":"product","2":"type-product","3":"status-publish","4":"has-post-thumbnail","6":"product_cat-hermetiki-un-mastikas","7":"product_cat-jumti-un-fasades-1","8":"product_cat-hibridhermetiki","10":"first","11":"instock","12":"taxable","13":"shipping-taxable","14":"purchasable","15":"product-type-variable","16":"has-default-attributes"},"acf":[],"yoast_head":"<!-- This site is optimized with the Yoast SEO plugin v27.2 - https:\/\/yoast.com\/product\/yoast-seo-wordpress\/ -->\n<title>PENOSIL Facade Joint Hybrid 25LM fas\u0101\u017eu herm\u0113ti\u0137is<\/title>\n<meta name=\"description\" content=\"PENOSIL Facade Joint Hybrid 25LM augstas kvalit\u0101tes hibr\u012bda polim\u0113ru b\u0101zes fas\u0101\u017eu herm\u0113ti\u0137is ar zemu elast\u012bbas moduli. P\u0113rc \u0161eit!\" \/>\n<meta name=\"robots\" content=\"index, follow, max-snippet:-1, max-image-preview:large, max-video-preview:-1\" \/>\n<link rel=\"canonical\" href=\"https:\/\/penosil.com\/lv\/produkt\/facade-joint-hybrid-25lm\/\" \/>\n<meta property=\"og:locale\" content=\"lv_LV\" \/>\n<meta property=\"og:type\" content=\"article\" \/>\n<meta property=\"og:title\" content=\"PENOSIL Facade Joint Hybrid 25LM fas\u0101\u017eu herm\u0113ti\u0137is\" \/>\n<meta property=\"og:description\" content=\"PENOSIL Facade Joint Hybrid 25LM augstas kvalit\u0101tes hibr\u012bda polim\u0113ru b\u0101zes fas\u0101\u017eu herm\u0113ti\u0137is ar zemu elast\u012bbas moduli. P\u0113rc \u0161eit!\" \/>\n<meta property=\"og:url\" content=\"https:\/\/penosil.com\/lv\/produkt\/facade-joint-hybrid-25lm\/\" \/>\n<meta property=\"og:site_name\" content=\"Penosil Latvia\" \/>\n<meta property=\"article:modified_time\" content=\"2026-04-15T20:38:03+00:00\" \/>\n<meta property=\"og:image\" content=\"https:\/\/penosil.com\/lv\/wp-content\/uploads\/sites\/31\/2025\/05\/25LM_Facade-Joint-Hybrid-25LM.png\" \/>\n\t<meta property=\"og:image:width\" content=\"164\" \/>\n\t<meta property=\"og:image:height\" content=\"1080\" \/>\n\t<meta property=\"og:image:type\" content=\"image\/png\" \/>\n<meta name=\"twitter:card\" content=\"summary_large_image\" \/>\n<meta name=\"twitter:label1\" content=\"Est. reading time\" \/>\n\t<meta name=\"twitter:data1\" content=\"4 minutes\" \/>\n<script type=\"application\/ld+json\" class=\"yoast-schema-graph\">{\"@context\":\"https:\/\/schema.org\",\"@graph\":[{\"@type\":\"WebPage\",\"@id\":\"https:\/\/penosil.com\/lv\/produkt\/facade-joint-hybrid-25lm\/\",\"url\":\"https:\/\/penosil.com\/lv\/produkt\/facade-joint-hybrid-25lm\/\",\"name\":\"PENOSIL Facade Joint Hybrid 25LM fas\u0101\u017eu herm\u0113ti\u0137is\",\"isPartOf\":{\"@id\":\"https:\/\/penosil.com\/lv\/#website\"},\"primaryImageOfPage\":{\"@id\":\"https:\/\/penosil.com\/lv\/produkt\/facade-joint-hybrid-25lm\/#primaryimage\"},\"image\":{\"@id\":\"https:\/\/penosil.com\/lv\/produkt\/facade-joint-hybrid-25lm\/#primaryimage\"},\"thumbnailUrl\":\"https:\/\/penosil.com\/lv\/wp-content\/uploads\/sites\/31\/2026\/04\/25LM_EE-FI-LT_LV_new.png\",\"datePublished\":\"2020-07-10T11:25:09+00:00\",\"dateModified\":\"2026-04-15T20:38:03+00:00\",\"description\":\"PENOSIL Facade Joint Hybrid 25LM augstas kvalit\u0101tes hibr\u012bda polim\u0113ru b\u0101zes fas\u0101\u017eu herm\u0113ti\u0137is ar zemu elast\u012bbas moduli. P\u0113rc \u0161eit!\",\"breadcrumb\":{\"@id\":\"https:\/\/penosil.com\/lv\/produkt\/facade-joint-hybrid-25lm\/#breadcrumb\"},\"inLanguage\":\"lv-LV\",\"potentialAction\":[{\"@type\":\"ReadAction\",\"target\":[\"https:\/\/penosil.com\/lv\/produkt\/facade-joint-hybrid-25lm\/\"]}]},{\"@type\":\"ImageObject\",\"inLanguage\":\"lv-LV\",\"@id\":\"https:\/\/penosil.com\/lv\/produkt\/facade-joint-hybrid-25lm\/#primaryimage\",\"url\":\"https:\/\/penosil.com\/lv\/wp-content\/uploads\/sites\/31\/2026\/04\/25LM_EE-FI-LT_LV_new.png\",\"contentUrl\":\"https:\/\/penosil.com\/lv\/wp-content\/uploads\/sites\/31\/2026\/04\/25LM_EE-FI-LT_LV_new.png\",\"width\":523,\"height\":1080},{\"@type\":\"BreadcrumbList\",\"@id\":\"https:\/\/penosil.com\/lv\/produkt\/facade-joint-hybrid-25lm\/#breadcrumb\",\"itemListElement\":[{\"@type\":\"ListItem\",\"position\":1,\"name\":\"S\u0101kums\",\"item\":\"https:\/\/penosil.com\/lv\/\"},{\"@type\":\"ListItem\",\"position\":2,\"name\":\"Produkti\",\"item\":\"https:\/\/penosil.com\/lv\/produkti\/\"},{\"@type\":\"ListItem\",\"position\":3,\"name\":\"Facade Joint Hybrid 25LM\"}]},{\"@type\":\"WebSite\",\"@id\":\"https:\/\/penosil.com\/lv\/#website\",\"url\":\"https:\/\/penosil.com\/lv\/\",\"name\":\"Penosil Latvia\",\"description\":\"\",\"potentialAction\":[{\"@type\":\"SearchAction\",\"target\":{\"@type\":\"EntryPoint\",\"urlTemplate\":\"https:\/\/penosil.com\/lv\/?s={search_term_string}\"},\"query-input\":{\"@type\":\"PropertyValueSpecification\",\"valueRequired\":true,\"valueName\":\"search_term_string\"}}],\"inLanguage\":\"lv-LV\"}]}<\/script>\n<!-- \/ Yoast SEO plugin. -->","yoast_head_json":{"title":"PENOSIL Facade Joint Hybrid 25LM fas\u0101\u017eu herm\u0113ti\u0137is","description":"PENOSIL Facade Joint Hybrid 25LM augstas kvalit\u0101tes hibr\u012bda polim\u0113ru b\u0101zes fas\u0101\u017eu herm\u0113ti\u0137is ar zemu elast\u012bbas moduli. P\u0113rc \u0161eit!","robots":{"index":"index","follow":"follow","max-snippet":"max-snippet:-1","max-image-preview":"max-image-preview:large","max-video-preview":"max-video-preview:-1"},"canonical":"https:\/\/penosil.com\/lv\/produkt\/facade-joint-hybrid-25lm\/","og_locale":"lv_LV","og_type":"article","og_title":"PENOSIL Facade Joint Hybrid 25LM fas\u0101\u017eu herm\u0113ti\u0137is","og_description":"PENOSIL Facade Joint Hybrid 25LM augstas kvalit\u0101tes hibr\u012bda polim\u0113ru b\u0101zes fas\u0101\u017eu herm\u0113ti\u0137is ar zemu elast\u012bbas moduli. P\u0113rc \u0161eit!","og_url":"https:\/\/penosil.com\/lv\/produkt\/facade-joint-hybrid-25lm\/","og_site_name":"Penosil Latvia","article_modified_time":"2026-04-15T20:38:03+00:00","og_image":[{"width":164,"height":1080,"url":"https:\/\/penosil.com\/lv\/wp-content\/uploads\/sites\/31\/2025\/05\/25LM_Facade-Joint-Hybrid-25LM.png","type":"image\/png"}],"twitter_card":"summary_large_image","twitter_misc":{"Est. reading time":"4 minutes"},"schema":{"@context":"https:\/\/schema.org","@graph":[{"@type":"WebPage","@id":"https:\/\/penosil.com\/lv\/produkt\/facade-joint-hybrid-25lm\/","url":"https:\/\/penosil.com\/lv\/produkt\/facade-joint-hybrid-25lm\/","name":"PENOSIL Facade Joint Hybrid 25LM fas\u0101\u017eu herm\u0113ti\u0137is","isPartOf":{"@id":"https:\/\/penosil.com\/lv\/#website"},"primaryImageOfPage":{"@id":"https:\/\/penosil.com\/lv\/produkt\/facade-joint-hybrid-25lm\/#primaryimage"},"image":{"@id":"https:\/\/penosil.com\/lv\/produkt\/facade-joint-hybrid-25lm\/#primaryimage"},"thumbnailUrl":"https:\/\/penosil.com\/lv\/wp-content\/uploads\/sites\/31\/2026\/04\/25LM_EE-FI-LT_LV_new.png","datePublished":"2020-07-10T11:25:09+00:00","dateModified":"2026-04-15T20:38:03+00:00","description":"PENOSIL Facade Joint Hybrid 25LM augstas kvalit\u0101tes hibr\u012bda polim\u0113ru b\u0101zes fas\u0101\u017eu herm\u0113ti\u0137is ar zemu elast\u012bbas moduli. P\u0113rc \u0161eit!","breadcrumb":{"@id":"https:\/\/penosil.com\/lv\/produkt\/facade-joint-hybrid-25lm\/#breadcrumb"},"inLanguage":"lv-LV","potentialAction":[{"@type":"ReadAction","target":["https:\/\/penosil.com\/lv\/produkt\/facade-joint-hybrid-25lm\/"]}]},{"@type":"ImageObject","inLanguage":"lv-LV","@id":"https:\/\/penosil.com\/lv\/produkt\/facade-joint-hybrid-25lm\/#primaryimage","url":"https:\/\/penosil.com\/lv\/wp-content\/uploads\/sites\/31\/2026\/04\/25LM_EE-FI-LT_LV_new.png","contentUrl":"https:\/\/penosil.com\/lv\/wp-content\/uploads\/sites\/31\/2026\/04\/25LM_EE-FI-LT_LV_new.png","width":523,"height":1080},{"@type":"BreadcrumbList","@id":"https:\/\/penosil.com\/lv\/produkt\/facade-joint-hybrid-25lm\/#breadcrumb","itemListElement":[{"@type":"ListItem","position":1,"name":"S\u0101kums","item":"https:\/\/penosil.com\/lv\/"},{"@type":"ListItem","position":2,"name":"Produkti","item":"https:\/\/penosil.com\/lv\/produkti\/"},{"@type":"ListItem","position":3,"name":"Facade Joint Hybrid 25LM"}]},{"@type":"WebSite","@id":"https:\/\/penosil.com\/lv\/#website","url":"https:\/\/penosil.com\/lv\/","name":"Penosil Latvia","description":"","potentialAction":[{"@type":"SearchAction","target":{"@type":"EntryPoint","urlTemplate":"https:\/\/penosil.com\/lv\/?s={search_term_string}"},"query-input":{"@type":"PropertyValueSpecification","valueRequired":true,"valueName":"search_term_string"}}],"inLanguage":"lv-LV"}]}},"featured_img":"https:\/\/penosil.com\/lv\/wp-content\/uploads\/sites\/31\/2026\/04\/25LM_EE-FI-LT_LV_new.png","coauthors":[],"author_meta":{"author_link":"https:\/\/penosil.com\/lv\/author\/olga\/","display_name":"Olga Ku\u010dmasova"},"relative_dates":{"created":"Posted 6 years ago","modified":"Updated 14 hours ago"},"absolute_dates":{"created":"Posted on July 10, 2020","modified":"Updated on April 15, 2026"},"absolute_dates_time":{"created":"Posted on July 10, 2020 11:25 am","modified":"Updated on April 15, 2026 8:38 pm"},"featured_img_caption":"","tax_additional":{"product_brand":{"linked":[],"unlinked":[],"slug":"product_brand","name":"Brands"},"product_type":{"linked":["<a href=\"https:\/\/penosil.com\/lv\/?taxonomy=product_type&#038;term=variable\" class=\"advgb-post-tax-term\">variable<\/a>"],"unlinked":["<span class=\"advgb-post-tax-term\">variable<\/span>"],"slug":"product_type","name":"Product type"},"product_visibility":{"linked":[],"unlinked":[],"slug":"product_visibility","name":"Product visibility"},"product_cat":{"linked":["<a href=\"https:\/\/penosil.com\/lv\/produkti\/produktu-grupas\/hermetiki-un-mastikas\/\" class=\"advgb-post-tax-term\">Herm\u0113ti\u0137i un mastikas<\/a>","<a href=\"https:\/\/penosil.com\/lv\/produkti\/pielietojums\/jumti-un-fasades-1\/\" class=\"advgb-post-tax-term\">Jumti un fas\u0101des<\/a>","<a href=\"https:\/\/penosil.com\/lv\/produkti\/produktu-grupas\/hermetiki-un-mastikas\/hibridhermetiki\/\" class=\"advgb-post-tax-term\">Hibr\u012bdherm\u0113ti\u0137i<\/a>"],"unlinked":["<span class=\"advgb-post-tax-term\">Herm\u0113ti\u0137i un mastikas<\/span>","<span class=\"advgb-post-tax-term\">Jumti un fas\u0101des<\/span>","<span class=\"advgb-post-tax-term\">Hibr\u012bdherm\u0113ti\u0137i<\/span>"],"slug":"product_cat","name":"Product categories"},"product_tag":{"linked":[],"unlinked":[],"slug":"product_tag","name":"Product tags"},"product_shipping_class":{"linked":[],"unlinked":[],"slug":"product_shipping_class","name":"Product shipping classes"},"pos_product_visibility":{"linked":[],"unlinked":[],"slug":"pos_product_visibility","name":"POS Product visibility"},"pa_color":{"linked":["<a href=\"https:\/\/penosil.com\/lv\/?taxonomy=pa_color&#038;term=antracits-lv-2\" class=\"advgb-post-tax-term\">Antrac\u012bts<\/a>","<a href=\"https:\/\/penosil.com\/lv\/?taxonomy=pa_color&#038;term=grey-lv-2\" class=\"advgb-post-tax-term\">Pel\u0113ks<\/a>","<a href=\"https:\/\/penosil.com\/lv\/?taxonomy=pa_color&#038;term=black-lv-2\" class=\"advgb-post-tax-term\">Melns<\/a>","<a href=\"https:\/\/penosil.com\/lv\/?taxonomy=pa_color&#038;term=white-lv-2\" class=\"advgb-post-tax-term\">Balts<\/a>"],"unlinked":["<span class=\"advgb-post-tax-term\">Antrac\u012bts<\/span>","<span class=\"advgb-post-tax-term\">Pel\u0113ks<\/span>","<span class=\"advgb-post-tax-term\">Melns<\/span>","<span class=\"advgb-post-tax-term\">Balts<\/span>"],"slug":"pa_color","name":"Product Colour"},"pa_diameter":{"linked":[],"unlinked":[],"slug":"pa_diameter","name":"Product Diameter"},"pa_package":{"linked":["<a href=\"https:\/\/penosil.com\/lv\/?taxonomy=pa_package&#038;term=600-ml-lv-2\" class=\"advgb-post-tax-term\">600 ml<\/a>"],"unlinked":["<span class=\"advgb-post-tax-term\">600 ml<\/span>"],"slug":"pa_package","name":"Product Package"},"pa_roll":{"linked":[],"unlinked":[],"slug":"pa_roll","name":"Product Roll"},"pa_widths":{"linked":[],"unlinked":[],"slug":"pa_widths","name":"Product Widths"},"translation_priority":{"linked":["<a href=\"https:\/\/penosil.com\/lv\/?taxonomy=translation_priority&#038;term=optional-lv\" class=\"advgb-post-tax-term\">Optional<\/a>"],"unlinked":["<span class=\"advgb-post-tax-term\">Optional<\/span>"],"slug":"translation_priority","name":"Translation Priorities"}},"series_order":"","_links":{"self":[{"href":"https:\/\/penosil.com\/lv\/wp-json\/wp\/v2\/product\/25126","targetHints":{"allow":["GET"]}}],"collection":[{"href":"https:\/\/penosil.com\/lv\/wp-json\/wp\/v2\/product"}],"about":[{"href":"https:\/\/penosil.com\/lv\/wp-json\/wp\/v2\/types\/product"}],"version-history":[{"count":25,"href":"https:\/\/penosil.com\/lv\/wp-json\/wp\/v2\/product\/25126\/revisions"}],"predecessor-version":[{"id":33383,"href":"https:\/\/penosil.com\/lv\/wp-json\/wp\/v2\/product\/25126\/revisions\/33383"}],"wp:featuredmedia":[{"embeddable":true,"href":"https:\/\/penosil.com\/lv\/wp-json\/wp\/v2\/media\/33384"}],"wp:attachment":[{"href":"https:\/\/penosil.com\/lv\/wp-json\/wp\/v2\/media?parent=25126"}],"wp:term":[{"taxonomy":"product_brand","embeddable":true,"href":"https:\/\/penosil.com\/lv\/wp-json\/wp\/v2\/product_brand?post=25126"},{"taxonomy":"product_cat","embeddable":true,"href":"https:\/\/penosil.com\/lv\/wp-json\/wp\/v2\/product_cat?post=25126"},{"taxonomy":"product_tag","embeddable":true,"href":"https:\/\/penosil.com\/lv\/wp-json\/wp\/v2\/product_tag?post=25126"}],"curies":[{"name":"wp","href":"https:\/\/api.w.org\/{rel}","templated":true}]}}