{"id":25320,"date":"2020-07-13T13:38:27","date_gmt":"2020-07-13T13:38:27","guid":{"rendered":"https:\/\/penosil.com\/lv\/?post_type=product&#038;p=25320"},"modified":"2026-04-01T09:57:02","modified_gmt":"2026-04-01T09:57:02","slug":"hydrostop-644","status":"publish","type":"product","link":"https:\/\/penosil.com\/lv\/produkt\/hydrostop-644\/","title":{"rendered":"HydroStop 644"},"content":{"rendered":"<p>PENOSIL HydroStop 644 ir \u0161\u0137idrs, hidroizol\u0113jo\u0161s \u00a0bl\u012bv\u0113jums (p\u0101rkl\u0101jums) sien\u0101m un griestiem telp\u0101s ar paaugstin\u0101tu mitrumu, lai nov\u0113rstu mitruma iek\u013c\u016b\u0161anu \u0113kas konstrukcij\u0101s. Viegli uzkl\u0101jams uz virsmas ar otu.<\/p>\n","protected":false},"excerpt":{"rendered":"Mitruma barjera telp\u0101m ar paaugstin\u0101tu mitrumu","protected":false},"author":4,"featured_media":32306,"template":"","meta":{"_acf_changed":false,"advgb_blocks_editor_width":"","advgb_blocks_columns_visual_guide":"","footnotes":""},"product_brand":[],"product_cat":[1755,1146,1711],"product_tag":[],"class_list":{"0":"post-25320","1":"product","2":"type-product","3":"status-publish","4":"has-post-thumbnail","6":"product_cat-parklajumi-un-membranas","7":"product_cat-sanitaras-telpas","8":"product_cat-virsmu-apstrade","10":"first","11":"instock","12":"taxable","13":"shipping-taxable","14":"purchasable","15":"product-type-variable","16":"has-default-attributes"},"acf":[],"yoast_head":"<!-- This site is optimized with the Yoast SEO plugin v27.2 - https:\/\/yoast.com\/product\/yoast-seo-wordpress\/ -->\n<title>Penosil HydroStop 644 Mitruma barjera - hidroizol\u0113jo\u0161s p\u0101rkl\u0101jums<\/title>\n<meta name=\"description\" content=\"PENOSIL HydroStop 644 hidroizol\u0113jo\u0161s p\u0101rkl\u0101jums sien\u0101m, griestiem telp\u0101s ar paaugstin\u0101tu mitrumu, lai nov\u0113rstu mitruma iek\u013c\u016b\u0161anu \u0113kas konstrukcij\u0101s.\" \/>\n<meta name=\"robots\" content=\"index, follow, max-snippet:-1, max-image-preview:large, max-video-preview:-1\" \/>\n<link rel=\"canonical\" href=\"https:\/\/penosil.com\/lv\/produkt\/hydrostop-644\/\" \/>\n<meta property=\"og:locale\" content=\"lv_LV\" \/>\n<meta property=\"og:type\" content=\"article\" \/>\n<meta property=\"og:title\" content=\"Penosil HydroStop 644 Mitruma barjera - hidroizol\u0113jo\u0161s p\u0101rkl\u0101jums\" \/>\n<meta property=\"og:description\" content=\"PENOSIL HydroStop 644 hidroizol\u0113jo\u0161s p\u0101rkl\u0101jums sien\u0101m, griestiem telp\u0101s ar paaugstin\u0101tu mitrumu, lai nov\u0113rstu mitruma iek\u013c\u016b\u0161anu \u0113kas konstrukcij\u0101s.\" \/>\n<meta property=\"og:url\" content=\"https:\/\/penosil.com\/lv\/produkt\/hydrostop-644\/\" \/>\n<meta property=\"og:site_name\" content=\"Penosil Latvia\" \/>\n<meta property=\"article:modified_time\" content=\"2026-04-01T09:57:02+00:00\" \/>\n<meta property=\"og:image\" content=\"https:\/\/penosil.com\/lv\/wp-content\/uploads\/sites\/31\/2025\/06\/644_HydroStop_644_3l_LT_LV.png\" \/>\n\t<meta property=\"og:image:width\" content=\"1178\" \/>\n\t<meta property=\"og:image:height\" content=\"1080\" \/>\n\t<meta property=\"og:image:type\" content=\"image\/png\" \/>\n<meta name=\"twitter:card\" content=\"summary_large_image\" \/>\n<meta name=\"twitter:label1\" content=\"Est. reading time\" \/>\n\t<meta name=\"twitter:data1\" content=\"3 minutes\" \/>\n<script type=\"application\/ld+json\" class=\"yoast-schema-graph\">{\"@context\":\"https:\/\/schema.org\",\"@graph\":[{\"@type\":\"WebPage\",\"@id\":\"https:\/\/penosil.com\/lv\/produkt\/hydrostop-644\/\",\"url\":\"https:\/\/penosil.com\/lv\/produkt\/hydrostop-644\/\",\"name\":\"Penosil HydroStop 644 Mitruma barjera - hidroizol\u0113jo\u0161s p\u0101rkl\u0101jums\",\"isPartOf\":{\"@id\":\"https:\/\/penosil.com\/lv\/#website\"},\"primaryImageOfPage\":{\"@id\":\"https:\/\/penosil.com\/lv\/produkt\/hydrostop-644\/#primaryimage\"},\"image\":{\"@id\":\"https:\/\/penosil.com\/lv\/produkt\/hydrostop-644\/#primaryimage\"},\"thumbnailUrl\":\"https:\/\/penosil.com\/lv\/wp-content\/uploads\/sites\/31\/2025\/06\/644_HydroStop_644_3l_LT_LV.png\",\"datePublished\":\"2020-07-13T13:38:27+00:00\",\"dateModified\":\"2026-04-01T09:57:02+00:00\",\"description\":\"PENOSIL HydroStop 644 hidroizol\u0113jo\u0161s p\u0101rkl\u0101jums sien\u0101m, griestiem telp\u0101s ar paaugstin\u0101tu mitrumu, lai nov\u0113rstu mitruma iek\u013c\u016b\u0161anu \u0113kas konstrukcij\u0101s.\",\"breadcrumb\":{\"@id\":\"https:\/\/penosil.com\/lv\/produkt\/hydrostop-644\/#breadcrumb\"},\"inLanguage\":\"lv-LV\",\"potentialAction\":[{\"@type\":\"ReadAction\",\"target\":[\"https:\/\/penosil.com\/lv\/produkt\/hydrostop-644\/\"]}]},{\"@type\":\"ImageObject\",\"inLanguage\":\"lv-LV\",\"@id\":\"https:\/\/penosil.com\/lv\/produkt\/hydrostop-644\/#primaryimage\",\"url\":\"https:\/\/penosil.com\/lv\/wp-content\/uploads\/sites\/31\/2025\/06\/644_HydroStop_644_3l_LT_LV.png\",\"contentUrl\":\"https:\/\/penosil.com\/lv\/wp-content\/uploads\/sites\/31\/2025\/06\/644_HydroStop_644_3l_LT_LV.png\",\"width\":1178,\"height\":1080},{\"@type\":\"BreadcrumbList\",\"@id\":\"https:\/\/penosil.com\/lv\/produkt\/hydrostop-644\/#breadcrumb\",\"itemListElement\":[{\"@type\":\"ListItem\",\"position\":1,\"name\":\"S\u0101kums\",\"item\":\"https:\/\/penosil.com\/lv\/\"},{\"@type\":\"ListItem\",\"position\":2,\"name\":\"Produkti\",\"item\":\"https:\/\/penosil.com\/lv\/produkti\/\"},{\"@type\":\"ListItem\",\"position\":3,\"name\":\"HydroStop 644\"}]},{\"@type\":\"WebSite\",\"@id\":\"https:\/\/penosil.com\/lv\/#website\",\"url\":\"https:\/\/penosil.com\/lv\/\",\"name\":\"Penosil Latvia\",\"description\":\"\",\"potentialAction\":[{\"@type\":\"SearchAction\",\"target\":{\"@type\":\"EntryPoint\",\"urlTemplate\":\"https:\/\/penosil.com\/lv\/?s={search_term_string}\"},\"query-input\":{\"@type\":\"PropertyValueSpecification\",\"valueRequired\":true,\"valueName\":\"search_term_string\"}}],\"inLanguage\":\"lv-LV\"}]}<\/script>\n<!-- \/ Yoast SEO plugin. -->","yoast_head_json":{"title":"Penosil HydroStop 644 Mitruma barjera - hidroizol\u0113jo\u0161s p\u0101rkl\u0101jums","description":"PENOSIL HydroStop 644 hidroizol\u0113jo\u0161s p\u0101rkl\u0101jums sien\u0101m, griestiem telp\u0101s ar paaugstin\u0101tu mitrumu, lai nov\u0113rstu mitruma iek\u013c\u016b\u0161anu \u0113kas konstrukcij\u0101s.","robots":{"index":"index","follow":"follow","max-snippet":"max-snippet:-1","max-image-preview":"max-image-preview:large","max-video-preview":"max-video-preview:-1"},"canonical":"https:\/\/penosil.com\/lv\/produkt\/hydrostop-644\/","og_locale":"lv_LV","og_type":"article","og_title":"Penosil HydroStop 644 Mitruma barjera - hidroizol\u0113jo\u0161s p\u0101rkl\u0101jums","og_description":"PENOSIL HydroStop 644 hidroizol\u0113jo\u0161s p\u0101rkl\u0101jums sien\u0101m, griestiem telp\u0101s ar paaugstin\u0101tu mitrumu, lai nov\u0113rstu mitruma iek\u013c\u016b\u0161anu \u0113kas konstrukcij\u0101s.","og_url":"https:\/\/penosil.com\/lv\/produkt\/hydrostop-644\/","og_site_name":"Penosil Latvia","article_modified_time":"2026-04-01T09:57:02+00:00","og_image":[{"width":1178,"height":1080,"url":"https:\/\/penosil.com\/lv\/wp-content\/uploads\/sites\/31\/2025\/06\/644_HydroStop_644_3l_LT_LV.png","type":"image\/png"}],"twitter_card":"summary_large_image","twitter_misc":{"Est. reading time":"3 minutes"},"schema":{"@context":"https:\/\/schema.org","@graph":[{"@type":"WebPage","@id":"https:\/\/penosil.com\/lv\/produkt\/hydrostop-644\/","url":"https:\/\/penosil.com\/lv\/produkt\/hydrostop-644\/","name":"Penosil HydroStop 644 Mitruma barjera - hidroizol\u0113jo\u0161s p\u0101rkl\u0101jums","isPartOf":{"@id":"https:\/\/penosil.com\/lv\/#website"},"primaryImageOfPage":{"@id":"https:\/\/penosil.com\/lv\/produkt\/hydrostop-644\/#primaryimage"},"image":{"@id":"https:\/\/penosil.com\/lv\/produkt\/hydrostop-644\/#primaryimage"},"thumbnailUrl":"https:\/\/penosil.com\/lv\/wp-content\/uploads\/sites\/31\/2025\/06\/644_HydroStop_644_3l_LT_LV.png","datePublished":"2020-07-13T13:38:27+00:00","dateModified":"2026-04-01T09:57:02+00:00","description":"PENOSIL HydroStop 644 hidroizol\u0113jo\u0161s p\u0101rkl\u0101jums sien\u0101m, griestiem telp\u0101s ar paaugstin\u0101tu mitrumu, lai nov\u0113rstu mitruma iek\u013c\u016b\u0161anu \u0113kas konstrukcij\u0101s.","breadcrumb":{"@id":"https:\/\/penosil.com\/lv\/produkt\/hydrostop-644\/#breadcrumb"},"inLanguage":"lv-LV","potentialAction":[{"@type":"ReadAction","target":["https:\/\/penosil.com\/lv\/produkt\/hydrostop-644\/"]}]},{"@type":"ImageObject","inLanguage":"lv-LV","@id":"https:\/\/penosil.com\/lv\/produkt\/hydrostop-644\/#primaryimage","url":"https:\/\/penosil.com\/lv\/wp-content\/uploads\/sites\/31\/2025\/06\/644_HydroStop_644_3l_LT_LV.png","contentUrl":"https:\/\/penosil.com\/lv\/wp-content\/uploads\/sites\/31\/2025\/06\/644_HydroStop_644_3l_LT_LV.png","width":1178,"height":1080},{"@type":"BreadcrumbList","@id":"https:\/\/penosil.com\/lv\/produkt\/hydrostop-644\/#breadcrumb","itemListElement":[{"@type":"ListItem","position":1,"name":"S\u0101kums","item":"https:\/\/penosil.com\/lv\/"},{"@type":"ListItem","position":2,"name":"Produkti","item":"https:\/\/penosil.com\/lv\/produkti\/"},{"@type":"ListItem","position":3,"name":"HydroStop 644"}]},{"@type":"WebSite","@id":"https:\/\/penosil.com\/lv\/#website","url":"https:\/\/penosil.com\/lv\/","name":"Penosil Latvia","description":"","potentialAction":[{"@type":"SearchAction","target":{"@type":"EntryPoint","urlTemplate":"https:\/\/penosil.com\/lv\/?s={search_term_string}"},"query-input":{"@type":"PropertyValueSpecification","valueRequired":true,"valueName":"search_term_string"}}],"inLanguage":"lv-LV"}]}},"featured_img":"https:\/\/penosil.com\/lv\/wp-content\/uploads\/sites\/31\/2025\/06\/644_HydroStop_644_3l_LT_LV.png","coauthors":[],"author_meta":{"author_link":"https:\/\/penosil.com\/lv\/author\/olga\/","display_name":"Olga Ku\u010dmasova"},"relative_dates":{"created":"Posted 6 years ago","modified":"Updated 2 weeks ago"},"absolute_dates":{"created":"Posted on July 13, 2020","modified":"Updated on April 1, 2026"},"absolute_dates_time":{"created":"Posted on July 13, 2020 1:38 pm","modified":"Updated on April 1, 2026 9:57 am"},"featured_img_caption":"","tax_additional":{"product_brand":{"linked":[],"unlinked":[],"slug":"product_brand","name":"Brands"},"product_type":{"linked":["<a href=\"https:\/\/penosil.com\/lv\/?taxonomy=product_type&#038;term=variable\" class=\"advgb-post-tax-term\">variable<\/a>"],"unlinked":["<span class=\"advgb-post-tax-term\">variable<\/span>"],"slug":"product_type","name":"Product type"},"product_visibility":{"linked":[],"unlinked":[],"slug":"product_visibility","name":"Product visibility"},"product_cat":{"linked":["<a href=\"https:\/\/penosil.com\/lv\/produkti\/produktu-grupas\/virsmu-apstrade\/parklajumi-un-membranas\/\" class=\"advgb-post-tax-term\">P\u0101rkl\u0101jumi un membr\u0101nas<\/a>","<a href=\"https:\/\/penosil.com\/lv\/produkti\/pielietojums\/sanitaras-telpas\/\" class=\"advgb-post-tax-term\">Sanit\u0101r\u0101s telpas<\/a>","<a href=\"https:\/\/penosil.com\/lv\/produkti\/produktu-grupas\/virsmu-apstrade\/\" class=\"advgb-post-tax-term\">Virsmu apstr\u0101de<\/a>"],"unlinked":["<span class=\"advgb-post-tax-term\">P\u0101rkl\u0101jumi un membr\u0101nas<\/span>","<span class=\"advgb-post-tax-term\">Sanit\u0101r\u0101s telpas<\/span>","<span class=\"advgb-post-tax-term\">Virsmu apstr\u0101de<\/span>"],"slug":"product_cat","name":"Product categories"},"product_tag":{"linked":[],"unlinked":[],"slug":"product_tag","name":"Product tags"},"product_shipping_class":{"linked":[],"unlinked":[],"slug":"product_shipping_class","name":"Product shipping classes"},"pos_product_visibility":{"linked":[],"unlinked":[],"slug":"pos_product_visibility","name":"POS Product visibility"},"pa_color":{"linked":["<a href=\"https:\/\/penosil.com\/lv\/?taxonomy=pa_color&#038;term=pink-lv-2\" class=\"advgb-post-tax-term\">Roz\u0101<\/a>"],"unlinked":["<span class=\"advgb-post-tax-term\">Roz\u0101<\/span>"],"slug":"pa_color","name":"Product Colour"},"pa_diameter":{"linked":[],"unlinked":[],"slug":"pa_diameter","name":"Product Diameter"},"pa_package":{"linked":["<a href=\"https:\/\/penosil.com\/lv\/?taxonomy=pa_package&#038;term=1-l-lv-2\" class=\"advgb-post-tax-term\">1 L<\/a>","<a href=\"https:\/\/penosil.com\/lv\/?taxonomy=pa_package&#038;term=10-l-lv-2\" class=\"advgb-post-tax-term\">10 L<\/a>","<a href=\"https:\/\/penosil.com\/lv\/?taxonomy=pa_package&#038;term=3-l-lv-2\" class=\"advgb-post-tax-term\">3 L<\/a>"],"unlinked":["<span class=\"advgb-post-tax-term\">1 L<\/span>","<span class=\"advgb-post-tax-term\">10 L<\/span>","<span class=\"advgb-post-tax-term\">3 L<\/span>"],"slug":"pa_package","name":"Product Package"},"pa_roll":{"linked":[],"unlinked":[],"slug":"pa_roll","name":"Product Roll"},"pa_widths":{"linked":[],"unlinked":[],"slug":"pa_widths","name":"Product Widths"},"translation_priority":{"linked":["<a href=\"https:\/\/penosil.com\/lv\/?taxonomy=translation_priority&#038;term=optional-lv\" class=\"advgb-post-tax-term\">Optional<\/a>"],"unlinked":["<span class=\"advgb-post-tax-term\">Optional<\/span>"],"slug":"translation_priority","name":"Translation Priorities"}},"series_order":"","_links":{"self":[{"href":"https:\/\/penosil.com\/lv\/wp-json\/wp\/v2\/product\/25320","targetHints":{"allow":["GET"]}}],"collection":[{"href":"https:\/\/penosil.com\/lv\/wp-json\/wp\/v2\/product"}],"about":[{"href":"https:\/\/penosil.com\/lv\/wp-json\/wp\/v2\/types\/product"}],"version-history":[{"count":6,"href":"https:\/\/penosil.com\/lv\/wp-json\/wp\/v2\/product\/25320\/revisions"}],"predecessor-version":[{"id":32792,"href":"https:\/\/penosil.com\/lv\/wp-json\/wp\/v2\/product\/25320\/revisions\/32792"}],"wp:featuredmedia":[{"embeddable":true,"href":"https:\/\/penosil.com\/lv\/wp-json\/wp\/v2\/media\/32306"}],"wp:attachment":[{"href":"https:\/\/penosil.com\/lv\/wp-json\/wp\/v2\/media?parent=25320"}],"wp:term":[{"taxonomy":"product_brand","embeddable":true,"href":"https:\/\/penosil.com\/lv\/wp-json\/wp\/v2\/product_brand?post=25320"},{"taxonomy":"product_cat","embeddable":true,"href":"https:\/\/penosil.com\/lv\/wp-json\/wp\/v2\/product_cat?post=25320"},{"taxonomy":"product_tag","embeddable":true,"href":"https:\/\/penosil.com\/lv\/wp-json\/wp\/v2\/product_tag?post=25320"}],"curies":[{"name":"wp","href":"https:\/\/api.w.org\/{rel}","templated":true}]}}