{"id":25628,"date":"2020-07-16T13:30:03","date_gmt":"2020-07-16T13:30:03","guid":{"rendered":"https:\/\/penosil.com\/lv\/?post_type=product&#038;p=25628"},"modified":"2026-04-01T09:57:01","modified_gmt":"2026-04-01T09:57:01","slug":"expanding-tape-600","status":"publish","type":"product","link":"https:\/\/penosil.com\/lv\/produkt\/expanding-tape-600\/","title":{"rendered":"Expanding Tape 600Pa"},"content":{"rendered":"<p>PENOSIL Expanding Tape 600Pa ir iepriek\u0161 saspiests, pa\u0161uzbriesto\u0161s, elast\u012bgu savienojumu bl\u012bv\u0113jums, kas izveidots \u0101r\u0113jo fas\u0101\u017eu un logu r\u0101mju savienojumu aizsardz\u012bbai pret v\u0113ju, lietu un putek\u013ciem. P\u0113c uzst\u0101d\u012b\u0161anas materi\u0101ls izple\u0161as, aizpildot spraugas un izveidojot past\u0101v\u012bgi elast\u012bgu un pret laika apst\u0101k\u013ciem iztur\u012bgu bl\u012bv\u0113jumu.<\/p>\n","protected":false},"excerpt":{"rendered":"Pa\u0161uzbriesto\u0161a bl\u012bv\u0113\u0161anas lente","protected":false},"author":4,"featured_media":32502,"template":"","meta":{"_acf_changed":false,"advgb_blocks_editor_width":"","advgb_blocks_columns_visual_guide":"","footnotes":""},"product_brand":[],"product_cat":[832,2601,1690],"product_tag":[],"class_list":{"0":"post-25628","1":"product","2":"type-product","3":"status-publish","4":"has-post-thumbnail","6":"product_cat-vispareja-buvnieciba","7":"product_cat-pasuzbriestosas-lentes","8":"product_cat-lentes-un-membranas","10":"first","11":"instock","12":"taxable","13":"shipping-taxable","14":"purchasable","15":"product-type-variable"},"acf":[],"yoast_head":"<!-- This site is optimized with the Yoast SEO plugin v27.2 - https:\/\/yoast.com\/product\/yoast-seo-wordpress\/ -->\n<title>Penosil Expanding Tape 600Pa Pa\u0161uzbriesto\u0161a bl\u012bv\u0113\u0161anas lente<\/title>\n<meta name=\"description\" content=\"PENOSIL Expanding Tape 600Pa fas\u0101\u017eu un logu savienojumu bl\u012bv\u0113\u0161anai. \u016adensnecaurlaid\u012bgs bl\u012bv\u0113jums pret v\u0113ju, lietu, putek\u013ciem.\" \/>\n<meta name=\"robots\" content=\"index, follow, max-snippet:-1, max-image-preview:large, max-video-preview:-1\" \/>\n<link rel=\"canonical\" href=\"https:\/\/penosil.com\/lv\/produkt\/expanding-tape-600\/\" \/>\n<meta property=\"og:locale\" content=\"lv_LV\" \/>\n<meta property=\"og:type\" content=\"article\" \/>\n<meta property=\"og:title\" content=\"Penosil Expanding Tape 600Pa Pa\u0161uzbriesto\u0161a bl\u012bv\u0113\u0161anas lente\" \/>\n<meta property=\"og:description\" content=\"PENOSIL Expanding Tape 600Pa fas\u0101\u017eu un logu savienojumu bl\u012bv\u0113\u0161anai. \u016adensnecaurlaid\u012bgs bl\u012bv\u0113jums pret v\u0113ju, lietu, putek\u013ciem.\" \/>\n<meta property=\"og:url\" content=\"https:\/\/penosil.com\/lv\/produkt\/expanding-tape-600\/\" \/>\n<meta property=\"og:site_name\" content=\"Penosil Latvia\" \/>\n<meta property=\"article:modified_time\" content=\"2026-04-01T09:57:01+00:00\" \/>\n<meta property=\"og:image\" content=\"https:\/\/penosil.com\/lv\/wp-content\/uploads\/sites\/31\/2025\/07\/600_Expanding-Tape-600Pa_EE_LV_LT.png\" \/>\n\t<meta property=\"og:image:width\" content=\"824\" \/>\n\t<meta property=\"og:image:height\" content=\"1080\" \/>\n\t<meta property=\"og:image:type\" content=\"image\/png\" \/>\n<meta name=\"twitter:card\" content=\"summary_large_image\" \/>\n<meta name=\"twitter:label1\" content=\"Est. reading time\" \/>\n\t<meta name=\"twitter:data1\" content=\"3 minutes\" \/>\n<script type=\"application\/ld+json\" class=\"yoast-schema-graph\">{\"@context\":\"https:\/\/schema.org\",\"@graph\":[{\"@type\":\"WebPage\",\"@id\":\"https:\/\/penosil.com\/lv\/produkt\/expanding-tape-600\/\",\"url\":\"https:\/\/penosil.com\/lv\/produkt\/expanding-tape-600\/\",\"name\":\"Penosil Expanding Tape 600Pa Pa\u0161uzbriesto\u0161a bl\u012bv\u0113\u0161anas lente\",\"isPartOf\":{\"@id\":\"https:\/\/penosil.com\/lv\/#website\"},\"primaryImageOfPage\":{\"@id\":\"https:\/\/penosil.com\/lv\/produkt\/expanding-tape-600\/#primaryimage\"},\"image\":{\"@id\":\"https:\/\/penosil.com\/lv\/produkt\/expanding-tape-600\/#primaryimage\"},\"thumbnailUrl\":\"https:\/\/penosil.com\/lv\/wp-content\/uploads\/sites\/31\/2025\/07\/600_Expanding-Tape-600Pa_EE_LV_LT.png\",\"datePublished\":\"2020-07-16T13:30:03+00:00\",\"dateModified\":\"2026-04-01T09:57:01+00:00\",\"description\":\"PENOSIL Expanding Tape 600Pa fas\u0101\u017eu un logu savienojumu bl\u012bv\u0113\u0161anai. \u016adensnecaurlaid\u012bgs bl\u012bv\u0113jums pret v\u0113ju, lietu, putek\u013ciem.\",\"breadcrumb\":{\"@id\":\"https:\/\/penosil.com\/lv\/produkt\/expanding-tape-600\/#breadcrumb\"},\"inLanguage\":\"lv-LV\",\"potentialAction\":[{\"@type\":\"ReadAction\",\"target\":[\"https:\/\/penosil.com\/lv\/produkt\/expanding-tape-600\/\"]}]},{\"@type\":\"ImageObject\",\"inLanguage\":\"lv-LV\",\"@id\":\"https:\/\/penosil.com\/lv\/produkt\/expanding-tape-600\/#primaryimage\",\"url\":\"https:\/\/penosil.com\/lv\/wp-content\/uploads\/sites\/31\/2025\/07\/600_Expanding-Tape-600Pa_EE_LV_LT.png\",\"contentUrl\":\"https:\/\/penosil.com\/lv\/wp-content\/uploads\/sites\/31\/2025\/07\/600_Expanding-Tape-600Pa_EE_LV_LT.png\",\"width\":824,\"height\":1080},{\"@type\":\"BreadcrumbList\",\"@id\":\"https:\/\/penosil.com\/lv\/produkt\/expanding-tape-600\/#breadcrumb\",\"itemListElement\":[{\"@type\":\"ListItem\",\"position\":1,\"name\":\"S\u0101kums\",\"item\":\"https:\/\/penosil.com\/lv\/\"},{\"@type\":\"ListItem\",\"position\":2,\"name\":\"Produkti\",\"item\":\"https:\/\/penosil.com\/lv\/produkti\/\"},{\"@type\":\"ListItem\",\"position\":3,\"name\":\"Expanding Tape 600Pa\"}]},{\"@type\":\"WebSite\",\"@id\":\"https:\/\/penosil.com\/lv\/#website\",\"url\":\"https:\/\/penosil.com\/lv\/\",\"name\":\"Penosil Latvia\",\"description\":\"\",\"potentialAction\":[{\"@type\":\"SearchAction\",\"target\":{\"@type\":\"EntryPoint\",\"urlTemplate\":\"https:\/\/penosil.com\/lv\/?s={search_term_string}\"},\"query-input\":{\"@type\":\"PropertyValueSpecification\",\"valueRequired\":true,\"valueName\":\"search_term_string\"}}],\"inLanguage\":\"lv-LV\"}]}<\/script>\n<!-- \/ Yoast SEO plugin. -->","yoast_head_json":{"title":"Penosil Expanding Tape 600Pa Pa\u0161uzbriesto\u0161a bl\u012bv\u0113\u0161anas lente","description":"PENOSIL Expanding Tape 600Pa fas\u0101\u017eu un logu savienojumu bl\u012bv\u0113\u0161anai. \u016adensnecaurlaid\u012bgs bl\u012bv\u0113jums pret v\u0113ju, lietu, putek\u013ciem.","robots":{"index":"index","follow":"follow","max-snippet":"max-snippet:-1","max-image-preview":"max-image-preview:large","max-video-preview":"max-video-preview:-1"},"canonical":"https:\/\/penosil.com\/lv\/produkt\/expanding-tape-600\/","og_locale":"lv_LV","og_type":"article","og_title":"Penosil Expanding Tape 600Pa Pa\u0161uzbriesto\u0161a bl\u012bv\u0113\u0161anas lente","og_description":"PENOSIL Expanding Tape 600Pa fas\u0101\u017eu un logu savienojumu bl\u012bv\u0113\u0161anai. \u016adensnecaurlaid\u012bgs bl\u012bv\u0113jums pret v\u0113ju, lietu, putek\u013ciem.","og_url":"https:\/\/penosil.com\/lv\/produkt\/expanding-tape-600\/","og_site_name":"Penosil Latvia","article_modified_time":"2026-04-01T09:57:01+00:00","og_image":[{"width":824,"height":1080,"url":"https:\/\/penosil.com\/lv\/wp-content\/uploads\/sites\/31\/2025\/07\/600_Expanding-Tape-600Pa_EE_LV_LT.png","type":"image\/png"}],"twitter_card":"summary_large_image","twitter_misc":{"Est. reading time":"3 minutes"},"schema":{"@context":"https:\/\/schema.org","@graph":[{"@type":"WebPage","@id":"https:\/\/penosil.com\/lv\/produkt\/expanding-tape-600\/","url":"https:\/\/penosil.com\/lv\/produkt\/expanding-tape-600\/","name":"Penosil Expanding Tape 600Pa Pa\u0161uzbriesto\u0161a bl\u012bv\u0113\u0161anas lente","isPartOf":{"@id":"https:\/\/penosil.com\/lv\/#website"},"primaryImageOfPage":{"@id":"https:\/\/penosil.com\/lv\/produkt\/expanding-tape-600\/#primaryimage"},"image":{"@id":"https:\/\/penosil.com\/lv\/produkt\/expanding-tape-600\/#primaryimage"},"thumbnailUrl":"https:\/\/penosil.com\/lv\/wp-content\/uploads\/sites\/31\/2025\/07\/600_Expanding-Tape-600Pa_EE_LV_LT.png","datePublished":"2020-07-16T13:30:03+00:00","dateModified":"2026-04-01T09:57:01+00:00","description":"PENOSIL Expanding Tape 600Pa fas\u0101\u017eu un logu savienojumu bl\u012bv\u0113\u0161anai. \u016adensnecaurlaid\u012bgs bl\u012bv\u0113jums pret v\u0113ju, lietu, putek\u013ciem.","breadcrumb":{"@id":"https:\/\/penosil.com\/lv\/produkt\/expanding-tape-600\/#breadcrumb"},"inLanguage":"lv-LV","potentialAction":[{"@type":"ReadAction","target":["https:\/\/penosil.com\/lv\/produkt\/expanding-tape-600\/"]}]},{"@type":"ImageObject","inLanguage":"lv-LV","@id":"https:\/\/penosil.com\/lv\/produkt\/expanding-tape-600\/#primaryimage","url":"https:\/\/penosil.com\/lv\/wp-content\/uploads\/sites\/31\/2025\/07\/600_Expanding-Tape-600Pa_EE_LV_LT.png","contentUrl":"https:\/\/penosil.com\/lv\/wp-content\/uploads\/sites\/31\/2025\/07\/600_Expanding-Tape-600Pa_EE_LV_LT.png","width":824,"height":1080},{"@type":"BreadcrumbList","@id":"https:\/\/penosil.com\/lv\/produkt\/expanding-tape-600\/#breadcrumb","itemListElement":[{"@type":"ListItem","position":1,"name":"S\u0101kums","item":"https:\/\/penosil.com\/lv\/"},{"@type":"ListItem","position":2,"name":"Produkti","item":"https:\/\/penosil.com\/lv\/produkti\/"},{"@type":"ListItem","position":3,"name":"Expanding Tape 600Pa"}]},{"@type":"WebSite","@id":"https:\/\/penosil.com\/lv\/#website","url":"https:\/\/penosil.com\/lv\/","name":"Penosil Latvia","description":"","potentialAction":[{"@type":"SearchAction","target":{"@type":"EntryPoint","urlTemplate":"https:\/\/penosil.com\/lv\/?s={search_term_string}"},"query-input":{"@type":"PropertyValueSpecification","valueRequired":true,"valueName":"search_term_string"}}],"inLanguage":"lv-LV"}]}},"featured_img":"https:\/\/penosil.com\/lv\/wp-content\/uploads\/sites\/31\/2025\/07\/600_Expanding-Tape-600Pa_EE_LV_LT.png","coauthors":[],"author_meta":{"author_link":"https:\/\/penosil.com\/lv\/author\/olga\/","display_name":"Olga Ku\u010dmasova"},"relative_dates":{"created":"Posted 6 years ago","modified":"Updated 2 weeks ago"},"absolute_dates":{"created":"Posted on July 16, 2020","modified":"Updated on April 1, 2026"},"absolute_dates_time":{"created":"Posted on July 16, 2020 1:30 pm","modified":"Updated on April 1, 2026 9:57 am"},"featured_img_caption":"","tax_additional":{"product_brand":{"linked":[],"unlinked":[],"slug":"product_brand","name":"Brands"},"product_type":{"linked":["<a href=\"https:\/\/penosil.com\/lv\/?taxonomy=product_type&#038;term=variable\" class=\"advgb-post-tax-term\">variable<\/a>"],"unlinked":["<span class=\"advgb-post-tax-term\">variable<\/span>"],"slug":"product_type","name":"Product type"},"product_visibility":{"linked":[],"unlinked":[],"slug":"product_visibility","name":"Product visibility"},"product_cat":{"linked":["<a href=\"https:\/\/penosil.com\/lv\/produkti\/pielietojums\/vispareja-buvnieciba\/\" class=\"advgb-post-tax-term\">Visp\u0101r\u0113j\u0101 b\u016bvniec\u012bba<\/a>","<a href=\"https:\/\/penosil.com\/lv\/produkti\/produktu-grupas\/lentes-un-membranas\/pasuzbriestosas-lentes\/\" class=\"advgb-post-tax-term\">Pa\u0161uzbriesto\u0161\u0101s lentes<\/a>","<a href=\"https:\/\/penosil.com\/lv\/produkti\/produktu-grupas\/lentes-un-membranas\/\" class=\"advgb-post-tax-term\">Lentes un membr\u0101nas<\/a>"],"unlinked":["<span class=\"advgb-post-tax-term\">Visp\u0101r\u0113j\u0101 b\u016bvniec\u012bba<\/span>","<span class=\"advgb-post-tax-term\">Pa\u0161uzbriesto\u0161\u0101s lentes<\/span>","<span class=\"advgb-post-tax-term\">Lentes un membr\u0101nas<\/span>"],"slug":"product_cat","name":"Product categories"},"product_tag":{"linked":[],"unlinked":[],"slug":"product_tag","name":"Product tags"},"product_shipping_class":{"linked":[],"unlinked":[],"slug":"product_shipping_class","name":"Product shipping classes"},"pos_product_visibility":{"linked":[],"unlinked":[],"slug":"pos_product_visibility","name":"POS Product visibility"},"pa_color":{"linked":["<a href=\"https:\/\/penosil.com\/lv\/?taxonomy=pa_color&#038;term=grey-lv-2\" class=\"advgb-post-tax-term\">Pel\u0113ks<\/a>","<a href=\"https:\/\/penosil.com\/lv\/?taxonomy=pa_color&#038;term=black-lv-2\" class=\"advgb-post-tax-term\">Melns<\/a>"],"unlinked":["<span class=\"advgb-post-tax-term\">Pel\u0113ks<\/span>","<span class=\"advgb-post-tax-term\">Melns<\/span>"],"slug":"pa_color","name":"Product Colour"},"pa_diameter":{"linked":[],"unlinked":[],"slug":"pa_diameter","name":"Product Diameter"},"pa_package":{"linked":["<a href=\"https:\/\/penosil.com\/lv\/?taxonomy=pa_package&#038;term=15-3-5-mm-10m-rulli\" class=\"advgb-post-tax-term\">15\/3-5mm, 10m\/rull\u012b<\/a>","<a href=\"https:\/\/penosil.com\/lv\/?taxonomy=pa_package&#038;term=15-8-12mm-4-3m-rulli\" class=\"advgb-post-tax-term\">15\/8-12mm, 4.3m\/rull\u012b<\/a>","<a href=\"https:\/\/penosil.com\/lv\/?taxonomy=pa_package&#038;term=20-10-15mm-3-3m-rulli\" class=\"advgb-post-tax-term\">20\/10-15mm, 3.3m\/rull\u012b<\/a>"],"unlinked":["<span class=\"advgb-post-tax-term\">15\/3-5mm, 10m\/rull\u012b<\/span>","<span class=\"advgb-post-tax-term\">15\/8-12mm, 4.3m\/rull\u012b<\/span>","<span class=\"advgb-post-tax-term\">20\/10-15mm, 3.3m\/rull\u012b<\/span>"],"slug":"pa_package","name":"Product Package"},"pa_roll":{"linked":[],"unlinked":[],"slug":"pa_roll","name":"Product Roll"},"pa_widths":{"linked":[],"unlinked":[],"slug":"pa_widths","name":"Product Widths"},"translation_priority":{"linked":["<a href=\"https:\/\/penosil.com\/lv\/?taxonomy=translation_priority&#038;term=optional-lv\" class=\"advgb-post-tax-term\">Optional<\/a>"],"unlinked":["<span class=\"advgb-post-tax-term\">Optional<\/span>"],"slug":"translation_priority","name":"Translation Priorities"}},"series_order":"","_links":{"self":[{"href":"https:\/\/penosil.com\/lv\/wp-json\/wp\/v2\/product\/25628","targetHints":{"allow":["GET"]}}],"collection":[{"href":"https:\/\/penosil.com\/lv\/wp-json\/wp\/v2\/product"}],"about":[{"href":"https:\/\/penosil.com\/lv\/wp-json\/wp\/v2\/types\/product"}],"version-history":[{"count":8,"href":"https:\/\/penosil.com\/lv\/wp-json\/wp\/v2\/product\/25628\/revisions"}],"predecessor-version":[{"id":32787,"href":"https:\/\/penosil.com\/lv\/wp-json\/wp\/v2\/product\/25628\/revisions\/32787"}],"wp:featuredmedia":[{"embeddable":true,"href":"https:\/\/penosil.com\/lv\/wp-json\/wp\/v2\/media\/32502"}],"wp:attachment":[{"href":"https:\/\/penosil.com\/lv\/wp-json\/wp\/v2\/media?parent=25628"}],"wp:term":[{"taxonomy":"product_brand","embeddable":true,"href":"https:\/\/penosil.com\/lv\/wp-json\/wp\/v2\/product_brand?post=25628"},{"taxonomy":"product_cat","embeddable":true,"href":"https:\/\/penosil.com\/lv\/wp-json\/wp\/v2\/product_cat?post=25628"},{"taxonomy":"product_tag","embeddable":true,"href":"https:\/\/penosil.com\/lv\/wp-json\/wp\/v2\/product_tag?post=25628"}],"curies":[{"name":"wp","href":"https:\/\/api.w.org\/{rel}","templated":true}]}}