{"id":26564,"date":"2020-08-02T16:46:47","date_gmt":"2020-08-02T16:46:47","guid":{"rendered":"https:\/\/penosil.com\/lv\/?post_type=product&#038;p=26564"},"modified":"2026-03-25T08:21:39","modified_gmt":"2026-03-25T08:21:39","slug":"foamgun-g1","status":"publish","type":"product","link":"https:\/\/penosil.com\/lv\/produkt\/foamgun-g1\/","title":{"rendered":"FoamGun G1"},"content":{"rendered":"<p>PENOSIL FoamGun G1 ir viegla profesion\u0101la putu pistole ar asin\u0101tu ner\u016bs\u0113jo\u0161\u0101 t\u0113rauda adatu un garu stobra galu, kas der pat \u0161auriem atv\u0113rumiem. Ekonomiska lieto\u0161ana, jo putas iesp\u0113jams doz\u0113t \u013coti prec\u012bzi.<\/p>\n","protected":false},"excerpt":{"rendered":"Viegla profesion\u0101la putu pistole","protected":false},"author":4,"featured_media":32507,"template":"","meta":{"_acf_changed":false,"advgb_blocks_editor_width":"","advgb_blocks_columns_visual_guide":"","footnotes":""},"product_brand":[],"product_cat":[2612,832,1500,2610,1823],"product_tag":[],"class_list":{"0":"post-26564","1":"product","2":"type-product","3":"status-publish","4":"has-post-thumbnail","6":"product_cat-celtniecibas-putu-pistoles","7":"product_cat-vispareja-buvnieciba","8":"product_cat-celtniecibas-putas","9":"product_cat-putu-pistoles-un-tiritaji","10":"product_cat-tiritaji-un-instrumenti","12":"first","13":"outofstock","14":"taxable","15":"shipping-taxable","16":"purchasable","17":"product-type-simple"},"acf":[],"yoast_head":"<!-- This site is optimized with the Yoast SEO plugin v27.2 - https:\/\/yoast.com\/product\/yoast-seo-wordpress\/ -->\n<title>Penosil FoamGun G1<\/title>\n<meta name=\"description\" content=\"PENOSIL FoamGun G1 Viegla profesion\u0101la putu pistole ar asin\u0101tu ner\u016bs\u0113jo\u0161\u0101 t\u0113rauda adatu un garu stobra galu, kas der pat \u0161auriem atv\u0113rumiem.\" \/>\n<meta name=\"robots\" content=\"index, follow, max-snippet:-1, max-image-preview:large, max-video-preview:-1\" \/>\n<link rel=\"canonical\" href=\"https:\/\/penosil.com\/lv\/produkt\/foamgun-g1\/\" \/>\n<meta property=\"og:locale\" content=\"lv_LV\" \/>\n<meta property=\"og:type\" content=\"article\" \/>\n<meta property=\"og:title\" content=\"Penosil FoamGun G1\" \/>\n<meta property=\"og:description\" content=\"PENOSIL FoamGun G1 Viegla profesion\u0101la putu pistole ar asin\u0101tu ner\u016bs\u0113jo\u0161\u0101 t\u0113rauda adatu un garu stobra galu, kas der pat \u0161auriem atv\u0113rumiem.\" \/>\n<meta property=\"og:url\" content=\"https:\/\/penosil.com\/lv\/produkt\/foamgun-g1\/\" \/>\n<meta property=\"og:site_name\" content=\"Penosil Latvia\" \/>\n<meta property=\"article:modified_time\" content=\"2026-03-25T08:21:39+00:00\" \/>\n<meta property=\"og:image\" content=\"https:\/\/penosil.com\/lv\/wp-content\/uploads\/sites\/31\/2020\/04\/FoamGun_G1_correct.png\" \/>\n\t<meta property=\"og:image:width\" content=\"2632\" \/>\n\t<meta property=\"og:image:height\" content=\"1440\" \/>\n\t<meta property=\"og:image:type\" content=\"image\/png\" \/>\n<meta name=\"twitter:card\" content=\"summary_large_image\" \/>\n<meta name=\"twitter:label1\" content=\"Est. reading time\" \/>\n\t<meta name=\"twitter:data1\" content=\"2 minutes\" \/>\n<script type=\"application\/ld+json\" class=\"yoast-schema-graph\">{\"@context\":\"https:\/\/schema.org\",\"@graph\":[{\"@type\":\"WebPage\",\"@id\":\"https:\/\/penosil.com\/lv\/produkt\/foamgun-g1\/\",\"url\":\"https:\/\/penosil.com\/lv\/produkt\/foamgun-g1\/\",\"name\":\"Penosil FoamGun G1\",\"isPartOf\":{\"@id\":\"https:\/\/penosil.com\/lv\/#website\"},\"primaryImageOfPage\":{\"@id\":\"https:\/\/penosil.com\/lv\/produkt\/foamgun-g1\/#primaryimage\"},\"image\":{\"@id\":\"https:\/\/penosil.com\/lv\/produkt\/foamgun-g1\/#primaryimage\"},\"thumbnailUrl\":\"https:\/\/penosil.com\/lv\/wp-content\/uploads\/sites\/31\/2025\/07\/FoamGun_G1.png\",\"datePublished\":\"2020-08-02T16:46:47+00:00\",\"dateModified\":\"2026-03-25T08:21:39+00:00\",\"description\":\"PENOSIL FoamGun G1 Viegla profesion\u0101la putu pistole ar asin\u0101tu ner\u016bs\u0113jo\u0161\u0101 t\u0113rauda adatu un garu stobra galu, kas der pat \u0161auriem atv\u0113rumiem.\",\"breadcrumb\":{\"@id\":\"https:\/\/penosil.com\/lv\/produkt\/foamgun-g1\/#breadcrumb\"},\"inLanguage\":\"lv-LV\",\"potentialAction\":[{\"@type\":\"ReadAction\",\"target\":[\"https:\/\/penosil.com\/lv\/produkt\/foamgun-g1\/\"]}]},{\"@type\":\"ImageObject\",\"inLanguage\":\"lv-LV\",\"@id\":\"https:\/\/penosil.com\/lv\/produkt\/foamgun-g1\/#primaryimage\",\"url\":\"https:\/\/penosil.com\/lv\/wp-content\/uploads\/sites\/31\/2025\/07\/FoamGun_G1.png\",\"contentUrl\":\"https:\/\/penosil.com\/lv\/wp-content\/uploads\/sites\/31\/2025\/07\/FoamGun_G1.png\",\"width\":2632,\"height\":1440},{\"@type\":\"BreadcrumbList\",\"@id\":\"https:\/\/penosil.com\/lv\/produkt\/foamgun-g1\/#breadcrumb\",\"itemListElement\":[{\"@type\":\"ListItem\",\"position\":1,\"name\":\"S\u0101kums\",\"item\":\"https:\/\/penosil.com\/lv\/\"},{\"@type\":\"ListItem\",\"position\":2,\"name\":\"Produkti\",\"item\":\"https:\/\/penosil.com\/lv\/produkti\/\"},{\"@type\":\"ListItem\",\"position\":3,\"name\":\"FoamGun G1\"}]},{\"@type\":\"WebSite\",\"@id\":\"https:\/\/penosil.com\/lv\/#website\",\"url\":\"https:\/\/penosil.com\/lv\/\",\"name\":\"Penosil Latvia\",\"description\":\"\",\"potentialAction\":[{\"@type\":\"SearchAction\",\"target\":{\"@type\":\"EntryPoint\",\"urlTemplate\":\"https:\/\/penosil.com\/lv\/?s={search_term_string}\"},\"query-input\":{\"@type\":\"PropertyValueSpecification\",\"valueRequired\":true,\"valueName\":\"search_term_string\"}}],\"inLanguage\":\"lv-LV\"}]}<\/script>\n<!-- \/ Yoast SEO plugin. -->","yoast_head_json":{"title":"Penosil FoamGun G1","description":"PENOSIL FoamGun G1 Viegla profesion\u0101la putu pistole ar asin\u0101tu ner\u016bs\u0113jo\u0161\u0101 t\u0113rauda adatu un garu stobra galu, kas der pat \u0161auriem atv\u0113rumiem.","robots":{"index":"index","follow":"follow","max-snippet":"max-snippet:-1","max-image-preview":"max-image-preview:large","max-video-preview":"max-video-preview:-1"},"canonical":"https:\/\/penosil.com\/lv\/produkt\/foamgun-g1\/","og_locale":"lv_LV","og_type":"article","og_title":"Penosil FoamGun G1","og_description":"PENOSIL FoamGun G1 Viegla profesion\u0101la putu pistole ar asin\u0101tu ner\u016bs\u0113jo\u0161\u0101 t\u0113rauda adatu un garu stobra galu, kas der pat \u0161auriem atv\u0113rumiem.","og_url":"https:\/\/penosil.com\/lv\/produkt\/foamgun-g1\/","og_site_name":"Penosil Latvia","article_modified_time":"2026-03-25T08:21:39+00:00","og_image":[{"width":2632,"height":1440,"url":"https:\/\/penosil.com\/lv\/wp-content\/uploads\/sites\/31\/2020\/04\/FoamGun_G1_correct.png","type":"image\/png"}],"twitter_card":"summary_large_image","twitter_misc":{"Est. reading time":"2 minutes"},"schema":{"@context":"https:\/\/schema.org","@graph":[{"@type":"WebPage","@id":"https:\/\/penosil.com\/lv\/produkt\/foamgun-g1\/","url":"https:\/\/penosil.com\/lv\/produkt\/foamgun-g1\/","name":"Penosil FoamGun G1","isPartOf":{"@id":"https:\/\/penosil.com\/lv\/#website"},"primaryImageOfPage":{"@id":"https:\/\/penosil.com\/lv\/produkt\/foamgun-g1\/#primaryimage"},"image":{"@id":"https:\/\/penosil.com\/lv\/produkt\/foamgun-g1\/#primaryimage"},"thumbnailUrl":"https:\/\/penosil.com\/lv\/wp-content\/uploads\/sites\/31\/2025\/07\/FoamGun_G1.png","datePublished":"2020-08-02T16:46:47+00:00","dateModified":"2026-03-25T08:21:39+00:00","description":"PENOSIL FoamGun G1 Viegla profesion\u0101la putu pistole ar asin\u0101tu ner\u016bs\u0113jo\u0161\u0101 t\u0113rauda adatu un garu stobra galu, kas der pat \u0161auriem atv\u0113rumiem.","breadcrumb":{"@id":"https:\/\/penosil.com\/lv\/produkt\/foamgun-g1\/#breadcrumb"},"inLanguage":"lv-LV","potentialAction":[{"@type":"ReadAction","target":["https:\/\/penosil.com\/lv\/produkt\/foamgun-g1\/"]}]},{"@type":"ImageObject","inLanguage":"lv-LV","@id":"https:\/\/penosil.com\/lv\/produkt\/foamgun-g1\/#primaryimage","url":"https:\/\/penosil.com\/lv\/wp-content\/uploads\/sites\/31\/2025\/07\/FoamGun_G1.png","contentUrl":"https:\/\/penosil.com\/lv\/wp-content\/uploads\/sites\/31\/2025\/07\/FoamGun_G1.png","width":2632,"height":1440},{"@type":"BreadcrumbList","@id":"https:\/\/penosil.com\/lv\/produkt\/foamgun-g1\/#breadcrumb","itemListElement":[{"@type":"ListItem","position":1,"name":"S\u0101kums","item":"https:\/\/penosil.com\/lv\/"},{"@type":"ListItem","position":2,"name":"Produkti","item":"https:\/\/penosil.com\/lv\/produkti\/"},{"@type":"ListItem","position":3,"name":"FoamGun G1"}]},{"@type":"WebSite","@id":"https:\/\/penosil.com\/lv\/#website","url":"https:\/\/penosil.com\/lv\/","name":"Penosil Latvia","description":"","potentialAction":[{"@type":"SearchAction","target":{"@type":"EntryPoint","urlTemplate":"https:\/\/penosil.com\/lv\/?s={search_term_string}"},"query-input":{"@type":"PropertyValueSpecification","valueRequired":true,"valueName":"search_term_string"}}],"inLanguage":"lv-LV"}]}},"featured_img":"https:\/\/penosil.com\/lv\/wp-content\/uploads\/sites\/31\/2025\/07\/FoamGun_G1.png","coauthors":[],"author_meta":{"author_link":"https:\/\/penosil.com\/lv\/author\/olga\/","display_name":"Olga Ku\u010dmasova"},"relative_dates":{"created":"Posted 6 years ago","modified":"Updated 3 weeks ago"},"absolute_dates":{"created":"Posted on August 2, 2020","modified":"Updated on March 25, 2026"},"absolute_dates_time":{"created":"Posted on August 2, 2020 4:46 pm","modified":"Updated on March 25, 2026 8:21 am"},"featured_img_caption":"","tax_additional":{"product_brand":{"linked":[],"unlinked":[],"slug":"product_brand","name":"Brands"},"product_type":{"linked":["<a href=\"https:\/\/penosil.com\/lv\/?taxonomy=product_type&#038;term=simple\" class=\"advgb-post-tax-term\">simple<\/a>"],"unlinked":["<span class=\"advgb-post-tax-term\">simple<\/span>"],"slug":"product_type","name":"Product type"},"product_visibility":{"linked":["<a href=\"https:\/\/penosil.com\/lv\/en\/?taxonomy=product_visibility&#038;term=outofstock\" class=\"advgb-post-tax-term\">outofstock<\/a>"],"unlinked":["<span class=\"advgb-post-tax-term\">outofstock<\/span>"],"slug":"product_visibility","name":"Product visibility"},"product_cat":{"linked":["<a href=\"https:\/\/penosil.com\/lv\/produkti\/produktu-grupas\/tiritaji-un-instrumenti\/celtniecibas-putu-pistoles\/\" class=\"advgb-post-tax-term\">Celtniec\u012bbas putu pistoles<\/a>","<a href=\"https:\/\/penosil.com\/lv\/produkti\/pielietojums\/vispareja-buvnieciba\/\" class=\"advgb-post-tax-term\">Visp\u0101r\u0113j\u0101 b\u016bvniec\u012bba<\/a>","<a href=\"https:\/\/penosil.com\/lv\/produkti\/produktu-grupas\/celtniecibas-putas\/\" class=\"advgb-post-tax-term\">Celtniec\u012bbas putas<\/a>","<a href=\"https:\/\/penosil.com\/lv\/produkti\/produktu-grupas\/celtniecibas-putas\/putu-pistoles-un-tiritaji\/\" class=\"advgb-post-tax-term\">Putu pistoles un t\u012br\u012bt\u0101ji<\/a>","<a href=\"https:\/\/penosil.com\/lv\/produkti\/produktu-grupas\/tiritaji-un-instrumenti\/\" class=\"advgb-post-tax-term\">T\u012br\u012bt\u0101ji un instrumenti<\/a>"],"unlinked":["<span class=\"advgb-post-tax-term\">Celtniec\u012bbas putu pistoles<\/span>","<span class=\"advgb-post-tax-term\">Visp\u0101r\u0113j\u0101 b\u016bvniec\u012bba<\/span>","<span class=\"advgb-post-tax-term\">Celtniec\u012bbas putas<\/span>","<span class=\"advgb-post-tax-term\">Putu pistoles un t\u012br\u012bt\u0101ji<\/span>","<span class=\"advgb-post-tax-term\">T\u012br\u012bt\u0101ji un instrumenti<\/span>"],"slug":"product_cat","name":"Product categories"},"product_tag":{"linked":[],"unlinked":[],"slug":"product_tag","name":"Product tags"},"product_shipping_class":{"linked":[],"unlinked":[],"slug":"product_shipping_class","name":"Product shipping classes"},"pos_product_visibility":{"linked":[],"unlinked":[],"slug":"pos_product_visibility","name":"POS Product visibility"},"pa_color":{"linked":[],"unlinked":[],"slug":"pa_color","name":"Product Colour"},"pa_diameter":{"linked":[],"unlinked":[],"slug":"pa_diameter","name":"Product Diameter"},"pa_package":{"linked":[],"unlinked":[],"slug":"pa_package","name":"Product Package"},"pa_roll":{"linked":[],"unlinked":[],"slug":"pa_roll","name":"Product Roll"},"pa_widths":{"linked":[],"unlinked":[],"slug":"pa_widths","name":"Product Widths"},"translation_priority":{"linked":["<a href=\"https:\/\/penosil.com\/lv\/?taxonomy=translation_priority&#038;term=optional-lv\" class=\"advgb-post-tax-term\">Optional<\/a>"],"unlinked":["<span class=\"advgb-post-tax-term\">Optional<\/span>"],"slug":"translation_priority","name":"Translation Priorities"}},"series_order":"","_links":{"self":[{"href":"https:\/\/penosil.com\/lv\/wp-json\/wp\/v2\/product\/26564","targetHints":{"allow":["GET"]}}],"collection":[{"href":"https:\/\/penosil.com\/lv\/wp-json\/wp\/v2\/product"}],"about":[{"href":"https:\/\/penosil.com\/lv\/wp-json\/wp\/v2\/types\/product"}],"version-history":[{"count":5,"href":"https:\/\/penosil.com\/lv\/wp-json\/wp\/v2\/product\/26564\/revisions"}],"predecessor-version":[{"id":32506,"href":"https:\/\/penosil.com\/lv\/wp-json\/wp\/v2\/product\/26564\/revisions\/32506"}],"wp:featuredmedia":[{"embeddable":true,"href":"https:\/\/penosil.com\/lv\/wp-json\/wp\/v2\/media\/32507"}],"wp:attachment":[{"href":"https:\/\/penosil.com\/lv\/wp-json\/wp\/v2\/media?parent=26564"}],"wp:term":[{"taxonomy":"product_brand","embeddable":true,"href":"https:\/\/penosil.com\/lv\/wp-json\/wp\/v2\/product_brand?post=26564"},{"taxonomy":"product_cat","embeddable":true,"href":"https:\/\/penosil.com\/lv\/wp-json\/wp\/v2\/product_cat?post=26564"},{"taxonomy":"product_tag","embeddable":true,"href":"https:\/\/penosil.com\/lv\/wp-json\/wp\/v2\/product_tag?post=26564"}],"curies":[{"name":"wp","href":"https:\/\/api.w.org\/{rel}","templated":true}]}}