{"id":26566,"date":"2020-08-02T17:01:37","date_gmt":"2020-08-02T17:01:37","guid":{"rendered":"https:\/\/penosil.com\/lv\/?post_type=product&#038;p=26566"},"modified":"2025-12-16T01:04:57","modified_gmt":"2025-12-16T01:04:57","slug":"penosil-foamgun-p1","status":"publish","type":"product","link":"https:\/\/penosil.com\/lv\/produkt\/penosil-foamgun-p1\/","title":{"rendered":"FoamGun P1"},"content":{"rendered":"<p>PENOSIL FoamGun P1 ir profesion\u0101la putu pistole ar \u012bpa\u0161i garu stobru dzi\u013cu \u0161uvju aizpild\u012b\u0161anai. Prec\u012bzi doz\u0113 putas un veido labu putu strukt\u016bru.<\/p>\n","protected":false},"excerpt":{"rendered":"Profesion\u0101la putu pistole ar garu stobru","protected":false},"author":4,"featured_media":13756,"template":"","meta":{"_acf_changed":false,"advgb_blocks_editor_width":"","advgb_blocks_columns_visual_guide":"","footnotes":""},"product_brand":[],"product_cat":[1500,2506,2610],"product_tag":[],"class_list":{"0":"post-26566","1":"product","2":"type-product","3":"status-publish","4":"has-post-thumbnail","6":"product_cat-celtniecibas-putas","7":"product_cat-easypro","8":"product_cat-putu-pistoles-un-tiritaji","10":"first","11":"outofstock","12":"taxable","13":"shipping-taxable","14":"purchasable","15":"product-type-simple"},"acf":[],"yoast_head":"<!-- This site is optimized with the Yoast SEO plugin v27.2 - https:\/\/yoast.com\/product\/yoast-seo-wordpress\/ -->\n<title>FoamGun P1<\/title>\n<meta name=\"description\" content=\"Profesion\u0101la putu pistole ar \u012bpa\u0161i garu stobru dzi\u013cu \u0161uvju aizpild\u012b\u0161anai. Prec\u012bzi doz\u0113 putas un veido labu putu strukt\u016bru. Uzzin\u0101t vair\u0101k!\" \/>\n<meta name=\"robots\" content=\"index, follow, max-snippet:-1, max-image-preview:large, max-video-preview:-1\" \/>\n<link rel=\"canonical\" href=\"https:\/\/penosil.com\/lv\/produkt\/penosil-foamgun-p1\/\" \/>\n<meta property=\"og:locale\" content=\"lv_LV\" \/>\n<meta property=\"og:type\" content=\"article\" \/>\n<meta property=\"og:title\" content=\"FoamGun P1\" \/>\n<meta property=\"og:description\" content=\"Profesion\u0101la putu pistole ar \u012bpa\u0161i garu stobru dzi\u013cu \u0161uvju aizpild\u012b\u0161anai. Prec\u012bzi doz\u0113 putas un veido labu putu strukt\u016bru. Uzzin\u0101t vair\u0101k!\" \/>\n<meta property=\"og:url\" content=\"https:\/\/penosil.com\/lv\/produkt\/penosil-foamgun-p1\/\" \/>\n<meta property=\"og:site_name\" content=\"Penosil Latvia\" \/>\n<meta property=\"article:modified_time\" content=\"2025-12-16T01:04:57+00:00\" \/>\n<meta property=\"og:image\" content=\"https:\/\/penosil.com\/lv\/wp-content\/uploads\/sites\/31\/2020\/06\/PENOSIL_FoamGun_P1_2017.png\" \/>\n\t<meta property=\"og:image:width\" content=\"4253\" \/>\n\t<meta property=\"og:image:height\" content=\"2005\" \/>\n\t<meta property=\"og:image:type\" content=\"image\/png\" \/>\n<meta name=\"twitter:card\" content=\"summary_large_image\" \/>\n<meta name=\"twitter:label1\" content=\"Est. reading time\" \/>\n\t<meta name=\"twitter:data1\" content=\"2 minutes\" \/>\n<script type=\"application\/ld+json\" class=\"yoast-schema-graph\">{\"@context\":\"https:\/\/schema.org\",\"@graph\":[{\"@type\":\"WebPage\",\"@id\":\"https:\/\/penosil.com\/lv\/produkt\/penosil-foamgun-p1\/\",\"url\":\"https:\/\/penosil.com\/lv\/produkt\/penosil-foamgun-p1\/\",\"name\":\"FoamGun P1\",\"isPartOf\":{\"@id\":\"https:\/\/penosil.com\/lv\/#website\"},\"primaryImageOfPage\":{\"@id\":\"https:\/\/penosil.com\/lv\/produkt\/penosil-foamgun-p1\/#primaryimage\"},\"image\":{\"@id\":\"https:\/\/penosil.com\/lv\/produkt\/penosil-foamgun-p1\/#primaryimage\"},\"thumbnailUrl\":\"https:\/\/penosil.com\/lv\/wp-content\/uploads\/sites\/31\/2020\/04\/PENOSIL_FoamGun_P1_2017-scaled.jpg\",\"datePublished\":\"2020-08-02T17:01:37+00:00\",\"dateModified\":\"2025-12-16T01:04:57+00:00\",\"description\":\"Profesion\u0101la putu pistole ar \u012bpa\u0161i garu stobru dzi\u013cu \u0161uvju aizpild\u012b\u0161anai. Prec\u012bzi doz\u0113 putas un veido labu putu strukt\u016bru. Uzzin\u0101t vair\u0101k!\",\"breadcrumb\":{\"@id\":\"https:\/\/penosil.com\/lv\/produkt\/penosil-foamgun-p1\/#breadcrumb\"},\"inLanguage\":\"lv-LV\",\"potentialAction\":[{\"@type\":\"ReadAction\",\"target\":[\"https:\/\/penosil.com\/lv\/produkt\/penosil-foamgun-p1\/\"]}]},{\"@type\":\"ImageObject\",\"inLanguage\":\"lv-LV\",\"@id\":\"https:\/\/penosil.com\/lv\/produkt\/penosil-foamgun-p1\/#primaryimage\",\"url\":\"https:\/\/penosil.com\/lv\/wp-content\/uploads\/sites\/31\/2020\/04\/PENOSIL_FoamGun_P1_2017-scaled.jpg\",\"contentUrl\":\"https:\/\/penosil.com\/lv\/wp-content\/uploads\/sites\/31\/2020\/04\/PENOSIL_FoamGun_P1_2017-scaled.jpg\",\"width\":2560,\"height\":1207},{\"@type\":\"BreadcrumbList\",\"@id\":\"https:\/\/penosil.com\/lv\/produkt\/penosil-foamgun-p1\/#breadcrumb\",\"itemListElement\":[{\"@type\":\"ListItem\",\"position\":1,\"name\":\"S\u0101kums\",\"item\":\"https:\/\/penosil.com\/lv\/\"},{\"@type\":\"ListItem\",\"position\":2,\"name\":\"Produkti\",\"item\":\"https:\/\/penosil.com\/lv\/produkti\/\"},{\"@type\":\"ListItem\",\"position\":3,\"name\":\"FoamGun P1\"}]},{\"@type\":\"WebSite\",\"@id\":\"https:\/\/penosil.com\/lv\/#website\",\"url\":\"https:\/\/penosil.com\/lv\/\",\"name\":\"Penosil Latvia\",\"description\":\"\",\"potentialAction\":[{\"@type\":\"SearchAction\",\"target\":{\"@type\":\"EntryPoint\",\"urlTemplate\":\"https:\/\/penosil.com\/lv\/?s={search_term_string}\"},\"query-input\":{\"@type\":\"PropertyValueSpecification\",\"valueRequired\":true,\"valueName\":\"search_term_string\"}}],\"inLanguage\":\"lv-LV\"}]}<\/script>\n<!-- \/ Yoast SEO plugin. -->","yoast_head_json":{"title":"FoamGun P1","description":"Profesion\u0101la putu pistole ar \u012bpa\u0161i garu stobru dzi\u013cu \u0161uvju aizpild\u012b\u0161anai. Prec\u012bzi doz\u0113 putas un veido labu putu strukt\u016bru. Uzzin\u0101t vair\u0101k!","robots":{"index":"index","follow":"follow","max-snippet":"max-snippet:-1","max-image-preview":"max-image-preview:large","max-video-preview":"max-video-preview:-1"},"canonical":"https:\/\/penosil.com\/lv\/produkt\/penosil-foamgun-p1\/","og_locale":"lv_LV","og_type":"article","og_title":"FoamGun P1","og_description":"Profesion\u0101la putu pistole ar \u012bpa\u0161i garu stobru dzi\u013cu \u0161uvju aizpild\u012b\u0161anai. Prec\u012bzi doz\u0113 putas un veido labu putu strukt\u016bru. Uzzin\u0101t vair\u0101k!","og_url":"https:\/\/penosil.com\/lv\/produkt\/penosil-foamgun-p1\/","og_site_name":"Penosil Latvia","article_modified_time":"2025-12-16T01:04:57+00:00","og_image":[{"width":4253,"height":2005,"url":"https:\/\/penosil.com\/lv\/wp-content\/uploads\/sites\/31\/2020\/06\/PENOSIL_FoamGun_P1_2017.png","type":"image\/png"}],"twitter_card":"summary_large_image","twitter_misc":{"Est. reading time":"2 minutes"},"schema":{"@context":"https:\/\/schema.org","@graph":[{"@type":"WebPage","@id":"https:\/\/penosil.com\/lv\/produkt\/penosil-foamgun-p1\/","url":"https:\/\/penosil.com\/lv\/produkt\/penosil-foamgun-p1\/","name":"FoamGun P1","isPartOf":{"@id":"https:\/\/penosil.com\/lv\/#website"},"primaryImageOfPage":{"@id":"https:\/\/penosil.com\/lv\/produkt\/penosil-foamgun-p1\/#primaryimage"},"image":{"@id":"https:\/\/penosil.com\/lv\/produkt\/penosil-foamgun-p1\/#primaryimage"},"thumbnailUrl":"https:\/\/penosil.com\/lv\/wp-content\/uploads\/sites\/31\/2020\/04\/PENOSIL_FoamGun_P1_2017-scaled.jpg","datePublished":"2020-08-02T17:01:37+00:00","dateModified":"2025-12-16T01:04:57+00:00","description":"Profesion\u0101la putu pistole ar \u012bpa\u0161i garu stobru dzi\u013cu \u0161uvju aizpild\u012b\u0161anai. Prec\u012bzi doz\u0113 putas un veido labu putu strukt\u016bru. Uzzin\u0101t vair\u0101k!","breadcrumb":{"@id":"https:\/\/penosil.com\/lv\/produkt\/penosil-foamgun-p1\/#breadcrumb"},"inLanguage":"lv-LV","potentialAction":[{"@type":"ReadAction","target":["https:\/\/penosil.com\/lv\/produkt\/penosil-foamgun-p1\/"]}]},{"@type":"ImageObject","inLanguage":"lv-LV","@id":"https:\/\/penosil.com\/lv\/produkt\/penosil-foamgun-p1\/#primaryimage","url":"https:\/\/penosil.com\/lv\/wp-content\/uploads\/sites\/31\/2020\/04\/PENOSIL_FoamGun_P1_2017-scaled.jpg","contentUrl":"https:\/\/penosil.com\/lv\/wp-content\/uploads\/sites\/31\/2020\/04\/PENOSIL_FoamGun_P1_2017-scaled.jpg","width":2560,"height":1207},{"@type":"BreadcrumbList","@id":"https:\/\/penosil.com\/lv\/produkt\/penosil-foamgun-p1\/#breadcrumb","itemListElement":[{"@type":"ListItem","position":1,"name":"S\u0101kums","item":"https:\/\/penosil.com\/lv\/"},{"@type":"ListItem","position":2,"name":"Produkti","item":"https:\/\/penosil.com\/lv\/produkti\/"},{"@type":"ListItem","position":3,"name":"FoamGun P1"}]},{"@type":"WebSite","@id":"https:\/\/penosil.com\/lv\/#website","url":"https:\/\/penosil.com\/lv\/","name":"Penosil Latvia","description":"","potentialAction":[{"@type":"SearchAction","target":{"@type":"EntryPoint","urlTemplate":"https:\/\/penosil.com\/lv\/?s={search_term_string}"},"query-input":{"@type":"PropertyValueSpecification","valueRequired":true,"valueName":"search_term_string"}}],"inLanguage":"lv-LV"}]}},"featured_img":"https:\/\/penosil.com\/lv\/wp-content\/uploads\/sites\/31\/2020\/04\/PENOSIL_FoamGun_P1_2017-scaled.jpg","coauthors":[],"author_meta":{"author_link":"https:\/\/penosil.com\/lv\/author\/olga\/","display_name":"Olga Ku\u010dmasova"},"relative_dates":{"created":"Posted 6 years ago","modified":"Updated 4 months ago"},"absolute_dates":{"created":"Posted on August 2, 2020","modified":"Updated on December 16, 2025"},"absolute_dates_time":{"created":"Posted on August 2, 2020 5:01 pm","modified":"Updated on December 16, 2025 1:04 am"},"featured_img_caption":"","tax_additional":{"product_brand":{"linked":[],"unlinked":[],"slug":"product_brand","name":"Brands"},"product_type":{"linked":["<a href=\"https:\/\/penosil.com\/lv\/?taxonomy=product_type&#038;term=simple\" class=\"advgb-post-tax-term\">simple<\/a>"],"unlinked":["<span class=\"advgb-post-tax-term\">simple<\/span>"],"slug":"product_type","name":"Product type"},"product_visibility":{"linked":["<a href=\"https:\/\/penosil.com\/lv\/en\/?taxonomy=product_visibility&#038;term=outofstock\" class=\"advgb-post-tax-term\">outofstock<\/a>"],"unlinked":["<span class=\"advgb-post-tax-term\">outofstock<\/span>"],"slug":"product_visibility","name":"Product visibility"},"product_cat":{"linked":["<a href=\"https:\/\/penosil.com\/lv\/produkti\/produktu-grupas\/celtniecibas-putas\/\" class=\"advgb-post-tax-term\">Celtniec\u012bbas putas<\/a>","<a href=\"https:\/\/penosil.com\/lv\/produkti\/easypro\/\" class=\"advgb-post-tax-term\">EasyPRO<\/a>","<a href=\"https:\/\/penosil.com\/lv\/produkti\/produktu-grupas\/celtniecibas-putas\/putu-pistoles-un-tiritaji\/\" class=\"advgb-post-tax-term\">Putu pistoles un t\u012br\u012bt\u0101ji<\/a>"],"unlinked":["<span class=\"advgb-post-tax-term\">Celtniec\u012bbas putas<\/span>","<span class=\"advgb-post-tax-term\">EasyPRO<\/span>","<span class=\"advgb-post-tax-term\">Putu pistoles un t\u012br\u012bt\u0101ji<\/span>"],"slug":"product_cat","name":"Product categories"},"product_tag":{"linked":[],"unlinked":[],"slug":"product_tag","name":"Product tags"},"product_shipping_class":{"linked":[],"unlinked":[],"slug":"product_shipping_class","name":"Product shipping classes"},"pos_product_visibility":{"linked":[],"unlinked":[],"slug":"pos_product_visibility","name":"POS Product visibility"},"pa_color":{"linked":[],"unlinked":[],"slug":"pa_color","name":"Product Colour"},"pa_diameter":{"linked":[],"unlinked":[],"slug":"pa_diameter","name":"Product Diameter"},"pa_package":{"linked":[],"unlinked":[],"slug":"pa_package","name":"Product Package"},"pa_roll":{"linked":[],"unlinked":[],"slug":"pa_roll","name":"Product Roll"},"pa_widths":{"linked":[],"unlinked":[],"slug":"pa_widths","name":"Product Widths"},"translation_priority":{"linked":["<a href=\"https:\/\/penosil.com\/lv\/?taxonomy=translation_priority&#038;term=optional-lv\" class=\"advgb-post-tax-term\">Optional<\/a>"],"unlinked":["<span class=\"advgb-post-tax-term\">Optional<\/span>"],"slug":"translation_priority","name":"Translation Priorities"}},"series_order":"","_links":{"self":[{"href":"https:\/\/penosil.com\/lv\/wp-json\/wp\/v2\/product\/26566","targetHints":{"allow":["GET"]}}],"collection":[{"href":"https:\/\/penosil.com\/lv\/wp-json\/wp\/v2\/product"}],"about":[{"href":"https:\/\/penosil.com\/lv\/wp-json\/wp\/v2\/types\/product"}],"version-history":[{"count":4,"href":"https:\/\/penosil.com\/lv\/wp-json\/wp\/v2\/product\/26566\/revisions"}],"predecessor-version":[{"id":32509,"href":"https:\/\/penosil.com\/lv\/wp-json\/wp\/v2\/product\/26566\/revisions\/32509"}],"wp:featuredmedia":[{"embeddable":true,"href":"https:\/\/penosil.com\/lv\/wp-json\/wp\/v2\/media\/13756"}],"wp:attachment":[{"href":"https:\/\/penosil.com\/lv\/wp-json\/wp\/v2\/media?parent=26566"}],"wp:term":[{"taxonomy":"product_brand","embeddable":true,"href":"https:\/\/penosil.com\/lv\/wp-json\/wp\/v2\/product_brand?post=26566"},{"taxonomy":"product_cat","embeddable":true,"href":"https:\/\/penosil.com\/lv\/wp-json\/wp\/v2\/product_cat?post=26566"},{"taxonomy":"product_tag","embeddable":true,"href":"https:\/\/penosil.com\/lv\/wp-json\/wp\/v2\/product_tag?post=26566"}],"curies":[{"name":"wp","href":"https:\/\/api.w.org\/{rel}","templated":true}]}}