{"id":26596,"date":"2020-08-03T06:49:11","date_gmt":"2020-08-03T06:49:11","guid":{"rendered":"https:\/\/penosil.com\/lv\/?post_type=product&#038;p=26596"},"modified":"2026-04-01T09:56:59","modified_gmt":"2026-04-01T09:56:59","slug":"cartridge-gun-ph1","status":"publish","type":"product","link":"https:\/\/penosil.com\/lv\/produkt\/cartridge-gun-ph1\/","title":{"rendered":"Cartridge Gun PH1"},"content":{"rendered":"<p>PENOSIL Cartridge Gun PH1 ir \u012bpa\u0161i iztur\u012bga profesion\u0101la pistole 310 ml k\u0101rtrid\u017eiem (herm\u0113ti\u0137i, l\u012bmes un mastikas). Var izmantot gan ar plastik\u0101ta, gan ar alum\u012bnija k\u0101rtrid\u017eiem.<\/p>\n","protected":false},"excerpt":{"rendered":"Profesion\u0101la rokas pistole k\u0101rtrid\u017eiem","protected":false},"author":4,"featured_media":32493,"template":"","meta":{"_acf_changed":false,"advgb_blocks_editor_width":"","advgb_blocks_columns_visual_guide":"","footnotes":""},"product_brand":[],"product_cat":[832,1605,214,1823,2599],"product_tag":[],"class_list":{"0":"post-26596","1":"product","2":"type-product","3":"status-publish","4":"has-post-thumbnail","6":"product_cat-vispareja-buvnieciba","7":"product_cat-hermetiki-un-mastikas","8":"product_cat-hermetiku-pistoles","9":"product_cat-tiritaji-un-instrumenti","10":"product_cat-hermetiku-pistoles-un-tiritaji","12":"first","13":"instock","14":"taxable","15":"shipping-taxable","16":"purchasable","17":"product-type-simple"},"acf":[],"yoast_head":"<!-- This site is optimized with the Yoast SEO plugin v27.2 - https:\/\/yoast.com\/product\/yoast-seo-wordpress\/ -->\n<title>Penosil Cartridge Gun PH1<\/title>\n<meta name=\"description\" content=\"PENOSIL Cartridge Gun PH1\u012apa\u0161i iztur\u012bga profesion\u0101la rokas pistole 310 ml k\u0101rtrid\u017eiem (herm\u0113ti\u0137i, l\u012bmes un mastikas). Uzzin\u0101t vair\u0101k!\" \/>\n<meta name=\"robots\" content=\"index, follow, max-snippet:-1, max-image-preview:large, max-video-preview:-1\" \/>\n<link rel=\"canonical\" href=\"https:\/\/penosil.com\/lv\/produkt\/cartridge-gun-ph1\/\" \/>\n<meta property=\"og:locale\" content=\"lv_LV\" \/>\n<meta property=\"og:type\" content=\"article\" \/>\n<meta property=\"og:title\" content=\"Penosil Cartridge Gun PH1\" \/>\n<meta property=\"og:description\" content=\"PENOSIL Cartridge Gun PH1\u012apa\u0161i iztur\u012bga profesion\u0101la rokas pistole 310 ml k\u0101rtrid\u017eiem (herm\u0113ti\u0137i, l\u012bmes un mastikas). Uzzin\u0101t vair\u0101k!\" \/>\n<meta property=\"og:url\" content=\"https:\/\/penosil.com\/lv\/produkt\/cartridge-gun-ph1\/\" \/>\n<meta property=\"og:site_name\" content=\"Penosil Latvia\" \/>\n<meta property=\"article:modified_time\" content=\"2026-04-01T09:56:59+00:00\" \/>\n<meta property=\"og:image\" content=\"https:\/\/penosil.com\/lv\/wp-content\/uploads\/sites\/31\/2020\/06\/PENOSIL_Sealant_Manual_Gun_300_web-1.png\" \/>\n\t<meta property=\"og:image:width\" content=\"1500\" \/>\n\t<meta property=\"og:image:height\" content=\"882\" \/>\n\t<meta property=\"og:image:type\" content=\"image\/png\" \/>\n<meta name=\"twitter:card\" content=\"summary_large_image\" \/>\n<meta name=\"twitter:label1\" content=\"Est. reading time\" \/>\n\t<meta name=\"twitter:data1\" content=\"2 minutes\" \/>\n<script type=\"application\/ld+json\" class=\"yoast-schema-graph\">{\"@context\":\"https:\/\/schema.org\",\"@graph\":[{\"@type\":\"WebPage\",\"@id\":\"https:\/\/penosil.com\/lv\/produkt\/cartridge-gun-ph1\/\",\"url\":\"https:\/\/penosil.com\/lv\/produkt\/cartridge-gun-ph1\/\",\"name\":\"Penosil Cartridge Gun PH1\",\"isPartOf\":{\"@id\":\"https:\/\/penosil.com\/lv\/#website\"},\"primaryImageOfPage\":{\"@id\":\"https:\/\/penosil.com\/lv\/produkt\/cartridge-gun-ph1\/#primaryimage\"},\"image\":{\"@id\":\"https:\/\/penosil.com\/lv\/produkt\/cartridge-gun-ph1\/#primaryimage\"},\"thumbnailUrl\":\"https:\/\/penosil.com\/lv\/wp-content\/uploads\/sites\/31\/2025\/07\/PENOSIL_Cartridge_Gun_PH1_web.png\",\"datePublished\":\"2020-08-03T06:49:11+00:00\",\"dateModified\":\"2026-04-01T09:56:59+00:00\",\"description\":\"PENOSIL Cartridge Gun PH1\u012apa\u0161i iztur\u012bga profesion\u0101la rokas pistole 310 ml k\u0101rtrid\u017eiem (herm\u0113ti\u0137i, l\u012bmes un mastikas). Uzzin\u0101t vair\u0101k!\",\"breadcrumb\":{\"@id\":\"https:\/\/penosil.com\/lv\/produkt\/cartridge-gun-ph1\/#breadcrumb\"},\"inLanguage\":\"lv-LV\",\"potentialAction\":[{\"@type\":\"ReadAction\",\"target\":[\"https:\/\/penosil.com\/lv\/produkt\/cartridge-gun-ph1\/\"]}]},{\"@type\":\"ImageObject\",\"inLanguage\":\"lv-LV\",\"@id\":\"https:\/\/penosil.com\/lv\/produkt\/cartridge-gun-ph1\/#primaryimage\",\"url\":\"https:\/\/penosil.com\/lv\/wp-content\/uploads\/sites\/31\/2025\/07\/PENOSIL_Cartridge_Gun_PH1_web.png\",\"contentUrl\":\"https:\/\/penosil.com\/lv\/wp-content\/uploads\/sites\/31\/2025\/07\/PENOSIL_Cartridge_Gun_PH1_web.png\",\"width\":1500,\"height\":882},{\"@type\":\"BreadcrumbList\",\"@id\":\"https:\/\/penosil.com\/lv\/produkt\/cartridge-gun-ph1\/#breadcrumb\",\"itemListElement\":[{\"@type\":\"ListItem\",\"position\":1,\"name\":\"S\u0101kums\",\"item\":\"https:\/\/penosil.com\/lv\/\"},{\"@type\":\"ListItem\",\"position\":2,\"name\":\"Produkti\",\"item\":\"https:\/\/penosil.com\/lv\/produkti\/\"},{\"@type\":\"ListItem\",\"position\":3,\"name\":\"Cartridge Gun PH1\"}]},{\"@type\":\"WebSite\",\"@id\":\"https:\/\/penosil.com\/lv\/#website\",\"url\":\"https:\/\/penosil.com\/lv\/\",\"name\":\"Penosil Latvia\",\"description\":\"\",\"potentialAction\":[{\"@type\":\"SearchAction\",\"target\":{\"@type\":\"EntryPoint\",\"urlTemplate\":\"https:\/\/penosil.com\/lv\/?s={search_term_string}\"},\"query-input\":{\"@type\":\"PropertyValueSpecification\",\"valueRequired\":true,\"valueName\":\"search_term_string\"}}],\"inLanguage\":\"lv-LV\"}]}<\/script>\n<!-- \/ Yoast SEO plugin. -->","yoast_head_json":{"title":"Penosil Cartridge Gun PH1","description":"PENOSIL Cartridge Gun PH1\u012apa\u0161i iztur\u012bga profesion\u0101la rokas pistole 310 ml k\u0101rtrid\u017eiem (herm\u0113ti\u0137i, l\u012bmes un mastikas). Uzzin\u0101t vair\u0101k!","robots":{"index":"index","follow":"follow","max-snippet":"max-snippet:-1","max-image-preview":"max-image-preview:large","max-video-preview":"max-video-preview:-1"},"canonical":"https:\/\/penosil.com\/lv\/produkt\/cartridge-gun-ph1\/","og_locale":"lv_LV","og_type":"article","og_title":"Penosil Cartridge Gun PH1","og_description":"PENOSIL Cartridge Gun PH1\u012apa\u0161i iztur\u012bga profesion\u0101la rokas pistole 310 ml k\u0101rtrid\u017eiem (herm\u0113ti\u0137i, l\u012bmes un mastikas). Uzzin\u0101t vair\u0101k!","og_url":"https:\/\/penosil.com\/lv\/produkt\/cartridge-gun-ph1\/","og_site_name":"Penosil Latvia","article_modified_time":"2026-04-01T09:56:59+00:00","og_image":[{"width":1500,"height":882,"url":"https:\/\/penosil.com\/lv\/wp-content\/uploads\/sites\/31\/2020\/06\/PENOSIL_Sealant_Manual_Gun_300_web-1.png","type":"image\/png"}],"twitter_card":"summary_large_image","twitter_misc":{"Est. reading time":"2 minutes"},"schema":{"@context":"https:\/\/schema.org","@graph":[{"@type":"WebPage","@id":"https:\/\/penosil.com\/lv\/produkt\/cartridge-gun-ph1\/","url":"https:\/\/penosil.com\/lv\/produkt\/cartridge-gun-ph1\/","name":"Penosil Cartridge Gun PH1","isPartOf":{"@id":"https:\/\/penosil.com\/lv\/#website"},"primaryImageOfPage":{"@id":"https:\/\/penosil.com\/lv\/produkt\/cartridge-gun-ph1\/#primaryimage"},"image":{"@id":"https:\/\/penosil.com\/lv\/produkt\/cartridge-gun-ph1\/#primaryimage"},"thumbnailUrl":"https:\/\/penosil.com\/lv\/wp-content\/uploads\/sites\/31\/2025\/07\/PENOSIL_Cartridge_Gun_PH1_web.png","datePublished":"2020-08-03T06:49:11+00:00","dateModified":"2026-04-01T09:56:59+00:00","description":"PENOSIL Cartridge Gun PH1\u012apa\u0161i iztur\u012bga profesion\u0101la rokas pistole 310 ml k\u0101rtrid\u017eiem (herm\u0113ti\u0137i, l\u012bmes un mastikas). Uzzin\u0101t vair\u0101k!","breadcrumb":{"@id":"https:\/\/penosil.com\/lv\/produkt\/cartridge-gun-ph1\/#breadcrumb"},"inLanguage":"lv-LV","potentialAction":[{"@type":"ReadAction","target":["https:\/\/penosil.com\/lv\/produkt\/cartridge-gun-ph1\/"]}]},{"@type":"ImageObject","inLanguage":"lv-LV","@id":"https:\/\/penosil.com\/lv\/produkt\/cartridge-gun-ph1\/#primaryimage","url":"https:\/\/penosil.com\/lv\/wp-content\/uploads\/sites\/31\/2025\/07\/PENOSIL_Cartridge_Gun_PH1_web.png","contentUrl":"https:\/\/penosil.com\/lv\/wp-content\/uploads\/sites\/31\/2025\/07\/PENOSIL_Cartridge_Gun_PH1_web.png","width":1500,"height":882},{"@type":"BreadcrumbList","@id":"https:\/\/penosil.com\/lv\/produkt\/cartridge-gun-ph1\/#breadcrumb","itemListElement":[{"@type":"ListItem","position":1,"name":"S\u0101kums","item":"https:\/\/penosil.com\/lv\/"},{"@type":"ListItem","position":2,"name":"Produkti","item":"https:\/\/penosil.com\/lv\/produkti\/"},{"@type":"ListItem","position":3,"name":"Cartridge Gun PH1"}]},{"@type":"WebSite","@id":"https:\/\/penosil.com\/lv\/#website","url":"https:\/\/penosil.com\/lv\/","name":"Penosil Latvia","description":"","potentialAction":[{"@type":"SearchAction","target":{"@type":"EntryPoint","urlTemplate":"https:\/\/penosil.com\/lv\/?s={search_term_string}"},"query-input":{"@type":"PropertyValueSpecification","valueRequired":true,"valueName":"search_term_string"}}],"inLanguage":"lv-LV"}]}},"featured_img":"https:\/\/penosil.com\/lv\/wp-content\/uploads\/sites\/31\/2025\/07\/PENOSIL_Cartridge_Gun_PH1_web.png","coauthors":[],"author_meta":{"author_link":"https:\/\/penosil.com\/lv\/author\/olga\/","display_name":"Olga Ku\u010dmasova"},"relative_dates":{"created":"Posted 6 years ago","modified":"Updated 2 weeks ago"},"absolute_dates":{"created":"Posted on August 3, 2020","modified":"Updated on April 1, 2026"},"absolute_dates_time":{"created":"Posted on August 3, 2020 6:49 am","modified":"Updated on April 1, 2026 9:56 am"},"featured_img_caption":"","tax_additional":{"product_brand":{"linked":[],"unlinked":[],"slug":"product_brand","name":"Brands"},"product_type":{"linked":["<a href=\"https:\/\/penosil.com\/lv\/?taxonomy=product_type&#038;term=simple\" class=\"advgb-post-tax-term\">simple<\/a>"],"unlinked":["<span class=\"advgb-post-tax-term\">simple<\/span>"],"slug":"product_type","name":"Product type"},"product_visibility":{"linked":[],"unlinked":[],"slug":"product_visibility","name":"Product visibility"},"product_cat":{"linked":["<a href=\"https:\/\/penosil.com\/lv\/produkti\/pielietojums\/vispareja-buvnieciba\/\" class=\"advgb-post-tax-term\">Visp\u0101r\u0113j\u0101 b\u016bvniec\u012bba<\/a>","<a href=\"https:\/\/penosil.com\/lv\/produkti\/produktu-grupas\/hermetiki-un-mastikas\/\" class=\"advgb-post-tax-term\">Herm\u0113ti\u0137i un mastikas<\/a>","<a href=\"https:\/\/penosil.com\/lv\/produkti\/produktu-grupas\/tiritaji-un-instrumenti\/hermetiku-pistoles\/\" class=\"advgb-post-tax-term\">Herm\u0113ti\u0137u pistoles<\/a>","<a href=\"https:\/\/penosil.com\/lv\/produkti\/produktu-grupas\/tiritaji-un-instrumenti\/\" class=\"advgb-post-tax-term\">T\u012br\u012bt\u0101ji un instrumenti<\/a>","<a href=\"https:\/\/penosil.com\/lv\/produkti\/produktu-grupas\/hermetiki-un-mastikas\/hermetiku-pistoles-un-tiritaji\/\" class=\"advgb-post-tax-term\">Herm\u0113ti\u0137u pistoles un t\u012br\u012bt\u0101ji<\/a>"],"unlinked":["<span class=\"advgb-post-tax-term\">Visp\u0101r\u0113j\u0101 b\u016bvniec\u012bba<\/span>","<span class=\"advgb-post-tax-term\">Herm\u0113ti\u0137i un mastikas<\/span>","<span class=\"advgb-post-tax-term\">Herm\u0113ti\u0137u pistoles<\/span>","<span class=\"advgb-post-tax-term\">T\u012br\u012bt\u0101ji un instrumenti<\/span>","<span class=\"advgb-post-tax-term\">Herm\u0113ti\u0137u pistoles un t\u012br\u012bt\u0101ji<\/span>"],"slug":"product_cat","name":"Product categories"},"product_tag":{"linked":[],"unlinked":[],"slug":"product_tag","name":"Product tags"},"product_shipping_class":{"linked":[],"unlinked":[],"slug":"product_shipping_class","name":"Product shipping classes"},"pos_product_visibility":{"linked":[],"unlinked":[],"slug":"pos_product_visibility","name":"POS Product visibility"},"pa_color":{"linked":[],"unlinked":[],"slug":"pa_color","name":"Product Colour"},"pa_diameter":{"linked":[],"unlinked":[],"slug":"pa_diameter","name":"Product Diameter"},"pa_package":{"linked":[],"unlinked":[],"slug":"pa_package","name":"Product Package"},"pa_roll":{"linked":[],"unlinked":[],"slug":"pa_roll","name":"Product Roll"},"pa_widths":{"linked":[],"unlinked":[],"slug":"pa_widths","name":"Product Widths"},"translation_priority":{"linked":["<a href=\"https:\/\/penosil.com\/lv\/?taxonomy=translation_priority&#038;term=optional-lv\" class=\"advgb-post-tax-term\">Optional<\/a>"],"unlinked":["<span class=\"advgb-post-tax-term\">Optional<\/span>"],"slug":"translation_priority","name":"Translation Priorities"}},"series_order":"","_links":{"self":[{"href":"https:\/\/penosil.com\/lv\/wp-json\/wp\/v2\/product\/26596","targetHints":{"allow":["GET"]}}],"collection":[{"href":"https:\/\/penosil.com\/lv\/wp-json\/wp\/v2\/product"}],"about":[{"href":"https:\/\/penosil.com\/lv\/wp-json\/wp\/v2\/types\/product"}],"version-history":[{"count":5,"href":"https:\/\/penosil.com\/lv\/wp-json\/wp\/v2\/product\/26596\/revisions"}],"predecessor-version":[{"id":32492,"href":"https:\/\/penosil.com\/lv\/wp-json\/wp\/v2\/product\/26596\/revisions\/32492"}],"wp:featuredmedia":[{"embeddable":true,"href":"https:\/\/penosil.com\/lv\/wp-json\/wp\/v2\/media\/32493"}],"wp:attachment":[{"href":"https:\/\/penosil.com\/lv\/wp-json\/wp\/v2\/media?parent=26596"}],"wp:term":[{"taxonomy":"product_brand","embeddable":true,"href":"https:\/\/penosil.com\/lv\/wp-json\/wp\/v2\/product_brand?post=26596"},{"taxonomy":"product_cat","embeddable":true,"href":"https:\/\/penosil.com\/lv\/wp-json\/wp\/v2\/product_cat?post=26596"},{"taxonomy":"product_tag","embeddable":true,"href":"https:\/\/penosil.com\/lv\/wp-json\/wp\/v2\/product_tag?post=26596"}],"curies":[{"name":"wp","href":"https:\/\/api.w.org\/{rel}","templated":true}]}}